{"id":105420,"date":"2025-10-24T13:09:27","date_gmt":"2025-10-24T11:09:27","guid":{"rendered":"https:\/\/www.spolchemie.cz\/?page_id=105420"},"modified":"2025-10-24T14:14:00","modified_gmt":"2025-10-24T12:14:00","slug":"spolchemie-watertreat","status":"publish","type":"page","link":"https:\/\/www.spolchemie.cz\/cs\/vyrobky\/spolchemie-watertreat\/","title":{"rendered":"SPOLCHEMIE WaterTreat\u00ae"},"content":{"rendered":"\t\t<div data-elementor-type=\"wp-page\" data-elementor-id=\"105420\" class=\"elementor elementor-105420\" data-elementor-post-type=\"page\">\n\t\t\t\t<div class=\"elementor-element elementor-element-ef62ef4 e-flex e-con-boxed e-con e-parent\" data-id=\"ef62ef4\" data-element_type=\"container\">\n\t\t\t\t\t<div class=\"e-con-inner\">\n\t\t\t\t\t<\/div>\n\t\t\t\t<\/div>\n\t\t<div class=\"elementor-element elementor-element-e62a818 e-flex e-con-boxed e-con e-parent\" data-id=\"e62a818\" data-element_type=\"container\">\n\t\t\t\t\t<div class=\"e-con-inner\">\n\t\t\t\t<div class=\"elementor-element elementor-element-95a7ec7 elementor-widget elementor-widget-text-editor\" data-id=\"95a7ec7\" data-element_type=\"widget\" data-widget_type=\"text-editor.default\">\n\t\t\t\t\t\t\t\t\t<h5>Univerz\u00e1ln\u00ed technologie SPOLCHEMIE WaterTreat\u00ae p\u0159in\u00e1\u0161\u00ed inovativn\u00ed \u0159e\u0161en\u00ed \u010di\u0161t\u011bn\u00ed odpadn\u00edch a pr\u016fmyslov\u00fdch vod.<\/h5>\t\t\t\t\t\t\t\t<\/div>\n\t\t\t\t\t<\/div>\n\t\t\t\t<\/div>\n\t\t<div class=\"elementor-element elementor-element-6baa39e e-flex e-con-boxed e-con e-parent\" data-id=\"6baa39e\" data-element_type=\"container\">\n\t\t\t\t\t<div class=\"e-con-inner\">\n\t\t\t\t<div class=\"elementor-element elementor-element-3f1b5a4 elementor-widget elementor-widget-heading\" data-id=\"3f1b5a4\" data-element_type=\"widget\" data-widget_type=\"heading.default\">\n\t\t\t\t\t<h3 class=\"elementor-heading-title elementor-size-default\">CO je technologie SPOLCHEMIE WaterTreat\u00ae:<\/h3>\t\t\t\t<\/div>\n\t\t\t\t<div class=\"elementor-element elementor-element-9f7dcdc elementor-widget elementor-widget-text-editor\" data-id=\"9f7dcdc\" data-element_type=\"widget\" data-widget_type=\"text-editor.default\">\n\t\t\t\t\t\t\t\t\t<ul><li>unik\u00e1tn\u00ed technologie pro sni\u017eov\u00e1n\u00ed organick\u00e9ho zne\u010di\u0161t\u011bn\u00ed odpadn\u00edch vod vyu\u017e\u00edvaj\u00edc\u00ed pokro\u010dil\u00fdch oxida\u010dn\u00edch proces\u016f<\/li><li><span style=\"color: inherit; font-family: inherit; font-size: 1rem; background-color: transparent;\">ov\u011b\u0159en\u00e1 technologie \u2013 od roku 2021 funguje v are\u00e1lu SPOLCHEMIE\u00a0referen\u010dn\u00ed jednotka<\/span><\/li><\/ul>\t\t\t\t\t\t\t\t<\/div>\n\t\t\t\t\t<\/div>\n\t\t\t\t<\/div>\n\t\t<div class=\"elementor-element elementor-element-29fc5a4 e-flex e-con-boxed e-con e-parent\" data-id=\"29fc5a4\" data-element_type=\"container\">\n\t\t\t\t\t<div class=\"e-con-inner\">\n\t\t\t\t<div class=\"elementor-element elementor-element-b1d9375 elementor-widget elementor-widget-heading\" data-id=\"b1d9375\" data-element_type=\"widget\" data-widget_type=\"heading.default\">\n\t\t\t\t\t<h3 class=\"elementor-heading-title elementor-size-default\">V\u00ddHODY technologie SPOLCHEMIE WaterTreat\u00ae:<\/h3>\t\t\t\t<\/div>\n\t\t\t\t<div class=\"elementor-element elementor-element-95e4267 elementor-widget elementor-widget-text-editor\" data-id=\"95e4267\" data-element_type=\"widget\" data-widget_type=\"text-editor.default\">\n\t\t\t\t\t\t\t\t\t<ul><li>efektivn\u00ed pro obt\u00ed\u017en\u011b biologicky rozlo\u017eiteln\u00e9 vody<\/li><li>\u00fa\u010dinn\u011b odstra\u0148uje organick\u00e9 zne\u010di\u0161t\u011bn\u00ed<\/li><li>spl\u0148uje p\u0159\u00edsn\u00e9 limity pro vypou\u0161t\u011bn\u00ed odpadn\u00edch vod<\/li><li>flexibiln\u00ed \u0159e\u0161en\u00ed na m\u00edru pot\u0159eb\u00e1m z\u00e1kazn\u00edka<\/li><\/ul>\t\t\t\t\t\t\t\t<\/div>\n\t\t\t\t\t<\/div>\n\t\t\t\t<\/div>\n\t\t<div class=\"elementor-element elementor-element-cfbcae4 e-flex e-con-boxed e-con e-parent\" data-id=\"cfbcae4\" data-element_type=\"container\">\n\t\t\t\t\t<div class=\"e-con-inner\">\n\t\t\t\t<div class=\"elementor-element elementor-element-96f9be4 elementor-widget elementor-widget-heading\" data-id=\"96f9be4\" data-element_type=\"widget\" data-widget_type=\"heading.default\">\n\t\t\t\t\t<h3 class=\"elementor-heading-title elementor-size-default\">VYU\u017dIT\u00cd technologie SPOLCHEMIE WaterTreat\u00ae:<\/h3>\t\t\t\t<\/div>\n\t\t\t\t<div class=\"elementor-element elementor-element-280508e elementor-widget elementor-widget-text-editor\" data-id=\"280508e\" data-element_type=\"widget\" data-widget_type=\"text-editor.default\">\n\t\t\t\t\t\t\t\t\t<ul><li>chemick\u00fd, pap\u00edrensk\u00fd, farmaceutick\u00fd, stroj\u00edrensk\u00fd nebo textiln\u00ed pr\u016fmysl<\/li><li>skl\u00e1dkov\u00e9 a nemocni\u010dn\u00ed odpadn\u00ed vody<\/li><li>oplachov\u00e9 vody a dal\u0161\u00ed<\/li><\/ul>\t\t\t\t\t\t\t\t<\/div>\n\t\t\t\t\t<\/div>\n\t\t\t\t<\/div>\n\t\t\t\t<\/div>\n\t\t","protected":false},"excerpt":{"rendered":"<p>Univerz\u00e1ln\u00ed technologie SPOLCHEMIE WaterTreat\u00ae p\u0159in\u00e1\u0161\u00ed inovativn\u00ed \u0159e\u0161en\u00ed \u010di\u0161t\u011bn\u00ed odpadn\u00edch a pr\u016fmyslov\u00fdch vod. CO je technologie SPOLCHEMIE WaterTreat\u00ae: unik\u00e1tn\u00ed technologie pro sni\u017eov\u00e1n\u00ed organick\u00e9ho zne\u010di\u0161t\u011bn\u00ed odpadn\u00edch vod vyu\u017e\u00edvaj\u00edc\u00ed pokro\u010dil\u00fdch oxida\u010dn\u00edch proces\u016f ov\u011b\u0159en\u00e1 technologie \u2013 od roku 2021 funguje v are\u00e1lu SPOLCHEMIE\u00a0referen\u010dn\u00ed jednotka V\u00ddHODY technologie SPOLCHEMIE WaterTreat\u00ae: efektivn\u00ed pro obt\u00ed\u017en\u011b biologicky rozlo\u017eiteln\u00e9 vody \u00fa\u010dinn\u011b odstra\u0148uje organick\u00e9 zne\u010di\u0161t\u011bn\u00ed spl\u0148uje [&hellip;]<\/p>\n","protected":false},"author":5,"featured_media":0,"parent":311,"menu_order":4,"comment_status":"closed","ping_status":"closed","template":"","meta":{"_acf_changed":false,"_seopress_robots_primary_cat":"","_seopress_titles_title":"","_seopress_titles_desc":"","_seopress_robots_index":"","footnotes":"","_links_to":"","_links_to_target":""},"class_list":["post-105420","page","type-page","status-publish","hentry"],"acf":[],"_links":{"self":[{"href":"https:\/\/www.spolchemie.cz\/cs\/wp-json\/wp\/v2\/pages\/105420","targetHints":{"allow":["GET"]}}],"collection":[{"href":"https:\/\/www.spolchemie.cz\/cs\/wp-json\/wp\/v2\/pages"}],"about":[{"href":"https:\/\/www.spolchemie.cz\/cs\/wp-json\/wp\/v2\/types\/page"}],"author":[{"embeddable":true,"href":"https:\/\/www.spolchemie.cz\/cs\/wp-json\/wp\/v2\/users\/5"}],"replies":[{"embeddable":true,"href":"https:\/\/www.spolchemie.cz\/cs\/wp-json\/wp\/v2\/comments?post=105420"}],"version-history":[{"count":22,"href":"https:\/\/www.spolchemie.cz\/cs\/wp-json\/wp\/v2\/pages\/105420\/revisions"}],"predecessor-version":[{"id":105450,"href":"https:\/\/www.spolchemie.cz\/cs\/wp-json\/wp\/v2\/pages\/105420\/revisions\/105450"}],"up":[{"embeddable":true,"href":"https:\/\/www.spolchemie.cz\/cs\/wp-json\/wp\/v2\/pages\/311"}],"wp:attachment":[{"href":"https:\/\/www.spolchemie.cz\/cs\/wp-json\/wp\/v2\/media?parent=105420"}],"curies":[{"name":"wp","href":"https:\/\/api.w.org\/{rel}","templated":true}]}}