{"id":2219,"date":"2023-06-26T12:51:49","date_gmt":"2023-06-26T10:51:49","guid":{"rendered":"https:\/\/www.spolchemie.cz\/?page_id=2219"},"modified":"2024-07-31T15:05:27","modified_gmt":"2024-07-31T13:05:27","slug":"benefity","status":"publish","type":"page","link":"https:\/\/www.spolchemie.cz\/cs\/kariera\/benefity\/","title":{"rendered":"Benefity"},"content":{"rendered":"\t\t<div data-elementor-type=\"wp-page\" data-elementor-id=\"2219\" class=\"elementor elementor-2219\" data-elementor-post-type=\"page\">\n\t\t\t\t<div data-dce-background-image-url=\"https:\/\/www.spolchemie.cz\/wp-content\/uploads\/2023\/08\/Minigranty_foto-scaled.jpg\" class=\"elementor-element elementor-element-1ad942d e-con-full e-flex e-con e-parent\" data-id=\"1ad942d\" data-element_type=\"container\" data-settings=\"{&quot;background_background&quot;:&quot;classic&quot;}\">\n\t\t\t\t<\/div>\n\t\t<div class=\"elementor-element elementor-element-302254b7 e-flex e-con-boxed e-con e-parent\" data-id=\"302254b7\" data-element_type=\"container\" data-settings=\"{&quot;background_background&quot;:&quot;classic&quot;}\">\n\t\t\t\t\t<div class=\"e-con-inner\">\n\t\t<div class=\"elementor-element elementor-element-77ef8887 e-flex e-con-boxed e-con e-child\" data-id=\"77ef8887\" data-element_type=\"container\">\n\t\t\t\t\t<div class=\"e-con-inner\">\n\t\t\t\t<div class=\"elementor-element elementor-element-66dd80ee elementor-widget elementor-widget-sp-breadcrumbs\" data-id=\"66dd80ee\" data-element_type=\"widget\" data-widget_type=\"sp-breadcrumbs.default\">\n\t\t\t\t<div class=\"elementor-widget-container\">\n\t\t\t\t\t<nav  aria-label=\"breadcrumb\"><ol class=\"breadcrumb\" itemscope itemtype=\"https:\/\/schema.org\/BreadcrumbList\"><li class=\"breadcrumb-item active\" aria-current=\"page\" itemprop=\"itemListElement\" itemscope itemtype=\"https:\/\/schema.org\/ListItem\"><span itemprop=\"name\">Spolchemie<\/span><meta itemprop=\"position\" content=\"1\"><\/li><\/ol><\/nav>\t\t\t\t<\/div>\n\t\t\t\t<\/div>\n\t\t\t\t<div class=\"elementor-element elementor-element-419368d2 elementor-widget elementor-widget-heading\" data-id=\"419368d2\" data-element_type=\"widget\" data-widget_type=\"heading.default\">\n\t\t\t\t\t<h1 class=\"elementor-heading-title elementor-size-default\">Benefity<\/h1>\t\t\t\t<\/div>\n\t\t\t\t\t<\/div>\n\t\t\t\t<\/div>\n\t\t\t\t\t<\/div>\n\t\t\t\t<\/div>\n\t\t<div class=\"elementor-element elementor-element-68c707a9 e-flex e-con-boxed e-con e-parent\" data-id=\"68c707a9\" data-element_type=\"container\" data-settings=\"{&quot;background_background&quot;:&quot;gradient&quot;}\">\n\t\t\t\t\t<div class=\"e-con-inner\">\n\t\t<div class=\"elementor-element elementor-element-ec2bd5e e-flex e-con-boxed e-con e-child\" data-id=\"ec2bd5e\" data-element_type=\"container\">\n\t\t\t\t\t<div class=\"e-con-inner\">\n\t\t\t\t<div class=\"elementor-element elementor-element-6d0c7837 elementor-widget elementor-widget-text-editor\" data-id=\"6d0c7837\" data-element_type=\"widget\" data-widget_type=\"text-editor.default\">\n\t\t\t\t\t\t\t\t\t<p>Uv\u011bdomujeme si, \u017ee\u00a0<strong>lidsk\u00fd kapit\u00e1l je jedn\u00edm<br \/><\/strong><strong>z nejd\u016fle\u017eit\u011bj\u0161\u00edch faktor\u016f, kter\u00fd ovliv\u0148uje \u00fasp\u011bch cel\u00e9 firmy<\/strong>. Na\u0161\u00edm c\u00edlem je poskytovat zam\u011bstnanc\u016fm nadstandardn\u00ed p\u00e9\u010di, je\u017e odpov\u00edd\u00e1 sou\u010dasn\u00fdm po\u017eadavk\u016fm na modern\u00ed pracovn\u00ed prost\u0159ed\u00ed.<\/p>\t\t\t\t\t\t\t\t<\/div>\n\t\t\t\t\t<\/div>\n\t\t\t\t<\/div>\n\t\t<div class=\"elementor-element elementor-element-32dcba8d e-flex e-con-boxed e-con e-child\" data-id=\"32dcba8d\" data-element_type=\"container\">\n\t\t\t\t\t<div class=\"e-con-inner\">\n\t\t\t\t<div class=\"elementor-element elementor-element-5616bca5 elementor-widget elementor-widget-image\" data-id=\"5616bca5\" data-element_type=\"widget\" id=\"add-mask-left\" data-widget_type=\"image.default\">\n\t\t\t\t\t\t\t\t\t\t\t\t\t\t\t<img fetchpriority=\"high\" decoding=\"async\" width=\"800\" height=\"448\" src=\"https:\/\/www.spolchemie.cz\/wp-content\/uploads\/2023\/07\/benefity-2-1024x574.jpeg\" class=\"attachment-large size-large wp-image-2610\" alt=\"\" srcset=\"https:\/\/www.spolchemie.cz\/wp-content\/uploads\/2023\/07\/benefity-2-1024x574.jpeg 1024w, https:\/\/www.spolchemie.cz\/wp-content\/uploads\/2023\/07\/benefity-2-300x168.jpeg 300w, https:\/\/www.spolchemie.cz\/wp-content\/uploads\/2023\/07\/benefity-2-768x431.jpeg 768w, https:\/\/www.spolchemie.cz\/wp-content\/uploads\/2023\/07\/benefity-2.jpeg 1200w\" sizes=\"(max-width: 800px) 100vw, 800px\" \/>\t\t\t\t\t\t\t\t\t\t\t\t\t\t\t<\/div>\n\t\t\t\t\t<\/div>\n\t\t\t\t<\/div>\n\t\t\t\t\t<\/div>\n\t\t\t\t<\/div>\n\t\t<div class=\"elementor-element elementor-element-f2db8e0 e-grid e-con-boxed e-con e-parent\" data-id=\"f2db8e0\" data-element_type=\"container\">\n\t\t\t\t\t<div class=\"e-con-inner\">\n\t\t\t\t<div class=\"elementor-element elementor-element-c9edac2 elementor-widget elementor-widget-heading\" data-id=\"c9edac2\" data-element_type=\"widget\" data-widget_type=\"heading.default\">\n\t\t\t\t\t<h2 class=\"elementor-heading-title elementor-size-default\"><ul style=\"font-size: 16px;font-weight: 400\"><li style=\"font-size: 16px\">Zkr\u00e1cen\u00e1 pracovn\u00ed doba \u2013 37,5 hodiny t\u00fddn\u011b<\/li><\/ul><\/h2>\t\t\t\t<\/div>\n\t\t\t\t<div class=\"elementor-element elementor-element-b78e69d elementor-widget elementor-widget-heading\" data-id=\"b78e69d\" data-element_type=\"widget\" data-widget_type=\"heading.default\">\n\t\t\t\t\t<h2 class=\"elementor-heading-title elementor-size-default\"><ul style=\"font-size: 16px;font-weight: 400\"><li style=\"font-size: 16px\">Pru\u017en\u00e1 pracovn\u00ed doba<\/li><\/ul><\/h2>\t\t\t\t<\/div>\n\t\t\t\t<div class=\"elementor-element elementor-element-61fa119 elementor-widget elementor-widget-heading\" data-id=\"61fa119\" data-element_type=\"widget\" data-widget_type=\"heading.default\">\n\t\t\t\t\t<h2 class=\"elementor-heading-title elementor-size-default\"><ul style=\"font-size: 16px;font-weight: 400\"><li style=\"font-size: 16px\">T\u00fdden dovolen\u00e9 nav\u00edc \u2013 5 t\u00fddn\u016f<\/li><\/ul><\/h2>\t\t\t\t<\/div>\n\t\t\t\t<div class=\"elementor-element elementor-element-c715621 elementor-widget elementor-widget-heading\" data-id=\"c715621\" data-element_type=\"widget\" data-widget_type=\"heading.default\">\n\t\t\t\t\t<h2 class=\"elementor-heading-title elementor-size-default\"><ul style=\"font-size: 16px;font-weight: 400\"><li style=\"font-size: 16px\">Benefitn\u00ed Home Office<\/li><\/ul><\/h2>\t\t\t\t<\/div>\n\t\t\t\t<div class=\"elementor-element elementor-element-9c1065d elementor-widget elementor-widget-heading\" data-id=\"9c1065d\" data-element_type=\"widget\" data-widget_type=\"heading.default\">\n\t\t\t\t\t<h2 class=\"elementor-heading-title elementor-size-default\"><ul style=\"font-size: 16px;font-weight: 400\"><li style=\"font-size: 16px\">Cafeterie SPOLCHEMIE \u2013 v\u00fdb\u011br benefit\u016f dle vlastn\u00edho uv\u00e1\u017een\u00ed&nbsp;<\/li><\/ul><\/h2>\t\t\t\t<\/div>\n\t\t\t\t<div class=\"elementor-element elementor-element-5e447ef elementor-widget elementor-widget-heading\" data-id=\"5e447ef\" data-element_type=\"widget\" data-widget_type=\"heading.default\">\n\t\t\t\t\t<h2 class=\"elementor-heading-title elementor-size-default\"><ul style=\"font-size: 16px;font-weight: 400\"><li style=\"font-size: 16px\">Teambuilding SPOLCHEMIE \u2013 finan\u010dn\u00ed podpora nepracovn\u00edch t\u00fdmov\u00fdch aktivit&nbsp;<\/li><\/ul><\/h2>\t\t\t\t<\/div>\n\t\t\t\t\t<\/div>\n\t\t\t\t<\/div>\n\t\t<div class=\"elementor-element elementor-element-b7dcfd8 e-grid e-con-boxed e-con e-parent\" data-id=\"b7dcfd8\" data-element_type=\"container\">\n\t\t\t\t\t<div class=\"e-con-inner\">\n\t\t\t\t<div class=\"elementor-element elementor-element-cb74f80 elementor-widget elementor-widget-heading\" data-id=\"cb74f80\" data-element_type=\"widget\" data-widget_type=\"heading.default\">\n\t\t\t\t\t<h2 class=\"elementor-heading-title elementor-size-default\"><ul style=\"font-size: 16px;font-weight: 400\"><li style=\"font-size: 16px\">P\u0159\u00edsp\u011bvek na penzijn\u00ed p\u0159ipoji\u0161t\u011bn\u00ed<br>\u2013&nbsp;<span style=\"font-weight: bolder\">1 000<\/span>&nbsp;<span style=\"font-weight: bolder\">K\u010d<\/span>&nbsp;m\u011bs\u00ed\u010dn\u011b&nbsp;<\/li><\/ul><\/h2>\t\t\t\t<\/div>\n\t\t\t\t<div class=\"elementor-element elementor-element-fca6484 elementor-widget elementor-widget-heading\" data-id=\"fca6484\" data-element_type=\"widget\" data-widget_type=\"heading.default\">\n\t\t\t\t\t<h2 class=\"elementor-heading-title elementor-size-default\"><ul style=\"font-size: 16px;font-weight: 400\"><li style=\"font-size: 16px\">Hodnoty v akci \u2013 odm\u011bna zam\u011bstnanc\u016fm, kte\u0159\u00ed sv\u00fdm jedn\u00e1n\u00edm podporuj\u00ed napl\u0148ov\u00e1n\u00ed firemn\u00edch hodnot<\/li><\/ul><\/h2>\t\t\t\t<\/div>\n\t\t\t\t<div class=\"elementor-element elementor-element-7332bcb elementor-widget elementor-widget-heading\" data-id=\"7332bcb\" data-element_type=\"widget\" data-widget_type=\"heading.default\">\n\t\t\t\t\t<h2 class=\"elementor-heading-title elementor-size-default\"><ul style=\"font-size: 16px;font-weight: 400\"><li style=\"font-size: 16px\">Finan\u010dn\u00ed odm\u011bna za \u00fasp\u011b\u0161n\u00e9 doporu\u010den\u00ed nov\u00e9ho zam\u011bstnance \u2013 a\u017e&nbsp;<span style=\"font-weight: bolder\">60 000 K\u010d<\/span><\/li><\/ul><\/h2>\t\t\t\t<\/div>\n\t\t\t\t<div class=\"elementor-element elementor-element-6d91fb2 elementor-widget elementor-widget-heading\" data-id=\"6d91fb2\" data-element_type=\"widget\" data-widget_type=\"heading.default\">\n\t\t\t\t\t<h2 class=\"elementor-heading-title elementor-size-default\"><ul style=\"font-size: 16px;font-weight: 400\"><li style=\"font-size: 16px\">V\u011brnostn\u00ed bonus za odpracovan\u00e9 roky<br>\u2013 a\u017e&nbsp;<span style=\"font-weight: bolder\">8 000 K\u010d<\/span>&nbsp;ro\u010dn\u011b<\/li><\/ul><\/h2>\t\t\t\t<\/div>\n\t\t\t\t<div class=\"elementor-element elementor-element-c6d3b89 elementor-widget elementor-widget-heading\" data-id=\"c6d3b89\" data-element_type=\"widget\" data-widget_type=\"heading.default\">\n\t\t\t\t\t<h2 class=\"elementor-heading-title elementor-size-default\"><ul style=\"font-size: 16px;font-weight: 400\"><li style=\"font-size: 16px\">Z\u00e1kaznick\u00e1 karta do Makra<\/li><\/ul><\/h2>\t\t\t\t<\/div>\n\t\t\t\t<div class=\"elementor-element elementor-element-7f1895d elementor-widget elementor-widget-heading\" data-id=\"7f1895d\" data-element_type=\"widget\" data-widget_type=\"heading.default\">\n\t\t\t\t\t<h2 class=\"elementor-heading-title elementor-size-default\"><ul style=\"font-size: 16px;font-weight: 400\"><li style=\"font-size: 16px\">Finan\u010dn\u00ed odm\u011bna d\u00e1rc\u016fm krve<\/li><\/ul><\/h2>\t\t\t\t<\/div>\n\t\t\t\t\t<\/div>\n\t\t\t\t<\/div>\n\t\t<div class=\"elementor-element elementor-element-b82287b e-grid e-con-boxed e-con e-parent\" data-id=\"b82287b\" data-element_type=\"container\">\n\t\t\t\t\t<div class=\"e-con-inner\">\n\t\t\t\t<div class=\"elementor-element elementor-element-182e21a elementor-widget elementor-widget-heading\" data-id=\"182e21a\" data-element_type=\"widget\" data-widget_type=\"heading.default\">\n\t\t\t\t\t<h2 class=\"elementor-heading-title elementor-size-default\"><ul style=\"font-size: 16px;font-weight: 400\"><li style=\"font-size: 16px\">Z\u00e1vodn\u00ed stravov\u00e1n\u00ed \u2013 ob\u011bdy ji\u017e od<span style=\"font-weight: bolder\">&nbsp;38 K\u010d<\/span>, v\u00fdb\u011br ze 4 j\u00eddel<\/li><\/ul><\/h2>\t\t\t\t<\/div>\n\t\t\t\t<div class=\"elementor-element elementor-element-5a43cd7 elementor-widget elementor-widget-heading\" data-id=\"5a43cd7\" data-element_type=\"widget\" data-widget_type=\"heading.default\">\n\t\t\t\t\t<h2 class=\"elementor-heading-title elementor-size-default\"><ul style=\"font-size: 16px;font-weight: 400\"><li style=\"font-size: 16px\">Mo\u017enost vyu\u017e\u00edt rekrea\u010dn\u00ed za\u0159\u00edzen\u00ed na horsk\u00fdch chat\u00e1ch v Rokytnici nad Jizerou \u010di \u0160pindlerov\u011b Ml\u00fdn\u011b za v\u00fdhodn\u00e9 ceny&nbsp;<\/li><\/ul><\/h2>\t\t\t\t<\/div>\n\t\t\t\t<div class=\"elementor-element elementor-element-e606a92 elementor-widget elementor-widget-heading\" data-id=\"e606a92\" data-element_type=\"widget\" data-widget_type=\"heading.default\">\n\t\t\t\t\t<h2 class=\"elementor-heading-title elementor-size-default\"><ul style=\"font-size: 16px;font-weight: 400\"><li style=\"font-size: 16px\">Skv\u011bl\u00e1 dostupnost pracovi\u0161t\u011b (v centru m\u011bsta, bl\u00edzkost MHD a n\u00e1dra\u017e\u00ed \u010cD, vlastn\u00ed parkovi\u0161t\u011b pro osobn\u00ed automobily)<\/li><\/ul><\/h2>\t\t\t\t<\/div>\n\t\t\t\t<div class=\"elementor-element elementor-element-873505d elementor-widget elementor-widget-heading\" data-id=\"873505d\" data-element_type=\"widget\" data-widget_type=\"heading.default\">\n\t\t\t\t\t<h2 class=\"elementor-heading-title elementor-size-default\"><h2 data-elementor-setting-key=\"title\" data-pen-placeholder=\"Pi\u0161te zde...\" style=\"font-family: var( --e-global-typography-primary-font-family ), Sans-serif;font-weight: var( --e-global-typography-primary-font-weight )\"><ul style=\"font-size: 16px;font-weight: 400\"><li style=\"font-size: 16px\">Zam\u011bstnaneck\u00e9 SIM karty<\/li><\/ul><\/h2><\/h2>\t\t\t\t<\/div>\n\t\t\t\t\t<\/div>\n\t\t\t\t<\/div>\n\t\t\t\t<\/div>\n\t\t","protected":false},"excerpt":{"rendered":"<p>Spolchemie Uv\u011bdomujeme si, \u017ee\u00a0lidsk\u00fd kapit\u00e1l je jedn\u00edmz nejd\u016fle\u017eit\u011bj\u0161\u00edch faktor\u016f, kter\u00fd ovliv\u0148uje \u00fasp\u011bch cel\u00e9 firmy. Na\u0161\u00edm c\u00edlem je poskytovat zam\u011bstnanc\u016fm nadstandardn\u00ed p\u00e9\u010di, je\u017e odpov\u00edd\u00e1 sou\u010dasn\u00fdm po\u017eadavk\u016fm na modern\u00ed pracovn\u00ed prost\u0159ed\u00ed. Zkr\u00e1cen\u00e1 pracovn\u00ed doba \u2013 37,5 hodiny t\u00fddn\u011b Pru\u017en\u00e1 pracovn\u00ed doba T\u00fdden dovolen\u00e9 nav\u00edc \u2013 5 t\u00fddn\u016f Benefitn\u00ed Home Office Cafeterie SPOLCHEMIE \u2013 v\u00fdb\u011br benefit\u016f dle vlastn\u00edho [&hellip;]<\/p>\n","protected":false},"author":1,"featured_media":0,"parent":438,"menu_order":0,"comment_status":"closed","ping_status":"closed","template":"","meta":{"_acf_changed":false,"_seopress_robots_primary_cat":"","_seopress_titles_title":"","_seopress_titles_desc":"","_seopress_robots_index":"","footnotes":"","_links_to":"","_links_to_target":""},"class_list":["post-2219","page","type-page","status-publish","hentry"],"acf":[],"_links":{"self":[{"href":"https:\/\/www.spolchemie.cz\/cs\/wp-json\/wp\/v2\/pages\/2219","targetHints":{"allow":["GET"]}}],"collection":[{"href":"https:\/\/www.spolchemie.cz\/cs\/wp-json\/wp\/v2\/pages"}],"about":[{"href":"https:\/\/www.spolchemie.cz\/cs\/wp-json\/wp\/v2\/types\/page"}],"author":[{"embeddable":true,"href":"https:\/\/www.spolchemie.cz\/cs\/wp-json\/wp\/v2\/users\/1"}],"replies":[{"embeddable":true,"href":"https:\/\/www.spolchemie.cz\/cs\/wp-json\/wp\/v2\/comments?post=2219"}],"version-history":[{"count":16,"href":"https:\/\/www.spolchemie.cz\/cs\/wp-json\/wp\/v2\/pages\/2219\/revisions"}],"predecessor-version":[{"id":74079,"href":"https:\/\/www.spolchemie.cz\/cs\/wp-json\/wp\/v2\/pages\/2219\/revisions\/74079"}],"up":[{"embeddable":true,"href":"https:\/\/www.spolchemie.cz\/cs\/wp-json\/wp\/v2\/pages\/438"}],"wp:attachment":[{"href":"https:\/\/www.spolchemie.cz\/cs\/wp-json\/wp\/v2\/media?parent=2219"}],"curies":[{"name":"wp","href":"https:\/\/api.w.org\/{rel}","templated":true}]}}