{"id":2221,"date":"2023-06-26T12:52:12","date_gmt":"2023-06-26T10:52:12","guid":{"rendered":"https:\/\/www.spolchemie.cz\/?page_id=2221"},"modified":"2023-10-17T14:23:38","modified_gmt":"2023-10-17T12:23:38","slug":"trainee-program","status":"publish","type":"page","link":"https:\/\/www.spolchemie.cz\/cs\/kariera\/vysoke-skoly\/trainee-program\/","title":{"rendered":"Trainee program"},"content":{"rendered":"\t\t<div data-elementor-type=\"wp-page\" data-elementor-id=\"2221\" class=\"elementor elementor-2221\" data-elementor-post-type=\"page\">\n\t\t\t\t<div data-dce-background-image-url=\"https:\/\/www.spolchemie.cz\/wp-content\/uploads\/2023\/10\/VHA9017-kopie-1.jpg\" class=\"elementor-element elementor-element-3ca73cba e-con-full e-flex e-con e-parent\" data-id=\"3ca73cba\" data-element_type=\"container\" data-settings=\"{&quot;background_background&quot;:&quot;classic&quot;}\">\n\t\t\t\t<\/div>\n\t\t<div class=\"elementor-element elementor-element-1f589d5b e-flex e-con-boxed e-con e-parent\" data-id=\"1f589d5b\" data-element_type=\"container\" data-settings=\"{&quot;background_background&quot;:&quot;classic&quot;}\">\n\t\t\t\t\t<div class=\"e-con-inner\">\n\t\t<div class=\"elementor-element elementor-element-53d6c1f4 e-flex e-con-boxed e-con e-child\" data-id=\"53d6c1f4\" data-element_type=\"container\">\n\t\t\t\t\t<div class=\"e-con-inner\">\n\t\t\t\t<div class=\"elementor-element elementor-element-4c890665 elementor-widget elementor-widget-sp-breadcrumbs\" data-id=\"4c890665\" data-element_type=\"widget\" data-widget_type=\"sp-breadcrumbs.default\">\n\t\t\t\t<div class=\"elementor-widget-container\">\n\t\t\t\t\t<nav  aria-label=\"breadcrumb\"><ol class=\"breadcrumb\" itemscope itemtype=\"https:\/\/schema.org\/BreadcrumbList\"><li class=\"breadcrumb-item active\" aria-current=\"page\" itemprop=\"itemListElement\" itemscope itemtype=\"https:\/\/schema.org\/ListItem\"><span itemprop=\"name\">Spolchemie<\/span><meta itemprop=\"position\" content=\"1\"><\/li><\/ol><\/nav>\t\t\t\t<\/div>\n\t\t\t\t<\/div>\n\t\t\t\t<div class=\"elementor-element elementor-element-348f9dff elementor-widget elementor-widget-heading\" data-id=\"348f9dff\" data-element_type=\"widget\" data-widget_type=\"heading.default\">\n\t\t\t\t\t<h1 class=\"elementor-heading-title elementor-size-default\">Trainee program<\/h1>\t\t\t\t<\/div>\n\t\t\t\t\t<\/div>\n\t\t\t\t<\/div>\n\t\t\t\t\t<\/div>\n\t\t\t\t<\/div>\n\t\t<div class=\"elementor-element elementor-element-77d8d0f1 e-flex e-con-boxed e-con e-parent\" data-id=\"77d8d0f1\" data-element_type=\"container\" data-settings=\"{&quot;background_background&quot;:&quot;gradient&quot;}\">\n\t\t\t\t\t<div class=\"e-con-inner\">\n\t\t<div class=\"elementor-element elementor-element-7acd3f6 e-flex e-con-boxed e-con e-child\" data-id=\"7acd3f6\" data-element_type=\"container\">\n\t\t\t\t\t<div class=\"e-con-inner\">\n\t\t\t\t<div class=\"elementor-element elementor-element-4061e8 elementor-widget elementor-widget-text-editor\" data-id=\"4061e8\" data-element_type=\"widget\" data-widget_type=\"text-editor.default\">\n\t\t\t\t\t\t\t\t\t<p><strong>Pro absolventy vysok\u00fdch \u0161kol nab\u00edz\u00edme trainee program<\/strong>,\u00a0<strong>kter\u00fd usnad\u0148uje p\u0159echod ze studentsk\u00e9ho do pracovn\u00edho \u017eivota.\u00a0<\/strong>Program prob\u00edh\u00e1 velmi efektivn\u00ed formou, kdy nov\u00fd zam\u011bstnanec absolvuje \u201ekole\u010dko&#8220; po vybran\u00fdch odd\u011blen\u00edch,<br \/>a z\u00edsk\u00e1 tak lep\u0161\u00ed p\u0159edstavu o sv\u00e9m budouc\u00edm profesn\u00edm sm\u011b\u0159ov\u00e1n\u00ed.\u00a0<\/p>\t\t\t\t\t\t\t\t<\/div>\n\t\t\t\t\t<\/div>\n\t\t\t\t<\/div>\n\t\t<div class=\"elementor-element elementor-element-5fa2130 e-flex e-con-boxed e-con e-child\" data-id=\"5fa2130\" data-element_type=\"container\">\n\t\t\t\t\t<div class=\"e-con-inner\">\n\t\t\t\t<div class=\"elementor-element elementor-element-1b096a20 elementor-widget elementor-widget-image\" data-id=\"1b096a20\" data-element_type=\"widget\" id=\"add-mask-left\" data-widget_type=\"image.default\">\n\t\t\t\t\t\t\t\t\t\t\t\t\t\t\t<img fetchpriority=\"high\" decoding=\"async\" width=\"800\" height=\"449\" src=\"https:\/\/www.spolchemie.cz\/wp-content\/uploads\/2023\/07\/trainee-1-1024x575.jpeg\" class=\"attachment-large size-large wp-image-2618\" alt=\"\" srcset=\"https:\/\/www.spolchemie.cz\/wp-content\/uploads\/2023\/07\/trainee-1-1024x575.jpeg 1024w, https:\/\/www.spolchemie.cz\/wp-content\/uploads\/2023\/07\/trainee-1-300x168.jpeg 300w, https:\/\/www.spolchemie.cz\/wp-content\/uploads\/2023\/07\/trainee-1-768x431.jpeg 768w, https:\/\/www.spolchemie.cz\/wp-content\/uploads\/2023\/07\/trainee-1-1536x862.jpeg 1536w, https:\/\/www.spolchemie.cz\/wp-content\/uploads\/2023\/07\/trainee-1.jpeg 1600w\" sizes=\"(max-width: 800px) 100vw, 800px\" \/>\t\t\t\t\t\t\t\t\t\t\t\t\t\t\t<\/div>\n\t\t\t\t\t<\/div>\n\t\t\t\t<\/div>\n\t\t\t\t\t<\/div>\n\t\t\t\t<\/div>\n\t\t<div class=\"elementor-element elementor-element-1b0e11db e-flex e-con-boxed e-con e-parent\" data-id=\"1b0e11db\" data-element_type=\"container\" data-settings=\"{&quot;background_background&quot;:&quot;classic&quot;}\">\n\t\t\t\t\t<div class=\"e-con-inner\">\n\t\t<div class=\"elementor-element elementor-element-154e0811 e-flex e-con-boxed e-con e-child\" data-id=\"154e0811\" data-element_type=\"container\">\n\t\t\t\t\t<div class=\"e-con-inner\">\n\t\t\t\t<div class=\"elementor-element elementor-element-1d19cc4f elementor-widget elementor-widget-text-editor\" data-id=\"1d19cc4f\" data-element_type=\"widget\" data-widget_type=\"text-editor.default\">\n\t\t\t\t\t\t\t\t\t<h2>Pro koho je program ur\u010den?<\/h2><ul><li>Pokud jste absolventem\/absolventkou ekonomick\u00e9ho oboru, \u010dek\u00e1 V\u00e1s pr\u00e1ce na finan\u010dn\u00edm odd\u011blen\u00ed, controllingu, obchodu\/marketingu a pr\u00e1ce v provozu na ekonomick\u00e9 pozici.<\/li><li>Pokud jste absolventem\/absolventkou chemick\u00e9ho oboru, \u010dek\u00e1 V\u00e1s pr\u00e1ce v analytick\u00fdch laborato\u0159\u00edch, v\u00fdzkumu\/technick\u00e9m servisu, v\u00fdrobn\u00edm provozu a obchodu\/marketingu.<\/li><\/ul><h2>Po\u017eadujeme:<\/h2><ul><li>abyste byl\/a absolventem\/absolventkou max. dva roky od ukon\u010den\u00ed studia<\/li><li>um\u011bl\/a alespo\u0148 jeden ciz\u00ed jazyk (AJ\/NJ)<\/li><\/ul>\t\t\t\t\t\t\t\t<\/div>\n\t\t\t\t\t<\/div>\n\t\t\t\t<\/div>\n\t\t\t\t\t<\/div>\n\t\t\t\t<\/div>\n\t\t<div class=\"elementor-element elementor-element-d908530 e-flex e-con-boxed e-con e-parent\" data-id=\"d908530\" data-element_type=\"container\" data-settings=\"{&quot;background_background&quot;:&quot;classic&quot;}\">\n\t\t\t\t\t<div class=\"e-con-inner\">\n\t\t<div class=\"elementor-element elementor-element-9b655dc e-flex e-con-boxed e-con e-child\" data-id=\"9b655dc\" data-element_type=\"container\">\n\t\t\t\t\t<div class=\"e-con-inner\">\n\t\t\t\t<div class=\"elementor-element elementor-element-42c8aa0 elementor-widget elementor-widget-heading\" data-id=\"42c8aa0\" data-element_type=\"widget\" data-widget_type=\"heading.default\">\n\t\t\t\t\t<div class=\"elementor-heading-title elementor-size-default\">Na konci programu v d\u00e9lce 6\u201312 m\u011bs\u00edc\u016f z\u00edsk\u00e1 trainee zaj\u00edmavou a stabiln\u00ed pracovn\u00ed pozici.<\/div>\t\t\t\t<\/div>\n\t\t\t\t\t<\/div>\n\t\t\t\t<\/div>\n\t\t\t\t\t<\/div>\n\t\t\t\t<\/div>\n\t\t<div data-dce-background-color=\"#FFFFFF\" class=\"elementor-element elementor-element-aa7cbcc e-flex e-con-boxed e-con e-parent\" data-id=\"aa7cbcc\" data-element_type=\"container\" data-settings=\"{&quot;background_background&quot;:&quot;gradient&quot;}\">\n\t\t\t\t\t<div class=\"e-con-inner\">\n\t\t<div class=\"elementor-element elementor-element-ab31da0 e-flex e-con-boxed e-con e-child\" data-id=\"ab31da0\" data-element_type=\"container\">\n\t\t\t\t\t<div class=\"e-con-inner\">\n\t\t\t\t<div class=\"elementor-element elementor-element-c5b2b78 elementor-widget elementor-widget-heading\" data-id=\"c5b2b78\" data-element_type=\"widget\" data-widget_type=\"heading.default\">\n\t\t\t\t\t<div class=\"elementor-heading-title elementor-size-default\">V p\u0159\u00edpad\u011b Va\u0161eho z\u00e1jmu o Trainee program v na\u0161\u00ed Spole\u010dnosti, vypl\u0148te a ode\u0161lete tento formul\u00e1\u0159.<\/div>\t\t\t\t<\/div>\n\t\t\t\t<div class=\"elementor-element elementor-element-dcb0576 elementor-widget elementor-widget-text-editor\" data-id=\"dcb0576\" data-element_type=\"widget\" data-widget_type=\"text-editor.default\">\n\t\t\t\t\t\t\t\t\t<p>Odesl\u00e1n\u00edm formul\u00e1\u0159e souhlas\u00edte s\u00a0<a href=\"https:\/\/www.spolchemie.cz\/gdpr_cs\/\">podm\u00ednkami ochrany osobn\u00edch \u00fadaj\u016f<\/a>\u00a0a ud\u011blujete n\u00e1m souhlas s jejich zpracov\u00e1n\u00edm.<\/p>\t\t\t\t\t\t\t\t<\/div>\n\t\t\t\t<div class=\"elementor-element elementor-element-142dac1 elementor-button-align-end elementor-widget elementor-widget-form\" data-id=\"142dac1\" data-element_type=\"widget\" data-settings=\"{&quot;step_next_label&quot;:&quot;Dal\\u0161\\u00ed&quot;,&quot;step_previous_label&quot;:&quot;P\\u0159edchoz\\u00ed&quot;,&quot;button_width&quot;:&quot;100&quot;,&quot;step_type&quot;:&quot;number_text&quot;,&quot;step_icon_shape&quot;:&quot;circle&quot;}\" data-widget_type=\"form.default\">\n\t\t\t\t<div class=\"elementor-widget-container\">\n\t\t\t\t\t\t\t<form class=\"elementor-form\" method=\"post\" name=\"Formul\u00e1\u0159 pozice\">\n\t\t\t<input type=\"hidden\" name=\"post_id\" value=\"2221\"\/>\n\t\t\t<input type=\"hidden\" name=\"form_id\" value=\"142dac1\"\/>\n\t\t\t<input type=\"hidden\" name=\"referer_title\" value=\"\" \/>\n\n\t\t\t\n\t\t\t<div class=\"elementor-form-fields-wrapper elementor-labels-above\">\n\t\t\t\t\t\t\t\t<div class=\"elementor-field-type-text elementor-field-group elementor-column elementor-field-group-jmeno elementor-col-100 elementor-field-required elementor-mark-required\">\n\t\t\t\t\t\t\t\t\t\t\t\t<label for=\"form-field-jmeno\" class=\"elementor-field-label\">\n\t\t\t\t\t\t\t\tJm\u00e9no a p\u0159ijmen\u00ed\t\t\t\t\t\t\t<\/label>\n\t\t\t\t\t\t\t\t\t\t\t\t\t\t<input size=\"1\" type=\"text\" name=\"form_fields[jmeno]\" id=\"form-field-jmeno\" class=\"elementor-field elementor-size-sm  elementor-field-textual\" required=\"required\" aria-required=\"true\">\n\t\t\t\t\t\t\t\t\t\t\t<\/div>\n\t\t\t\t\t\t\t\t<div class=\"elementor-field-type-text elementor-field-group elementor-column elementor-field-group-field_8408e66 elementor-col-100 elementor-field-required elementor-mark-required\">\n\t\t\t\t\t\t\t\t\t\t\t\t<label for=\"form-field-field_8408e66\" class=\"elementor-field-label\">\n\t\t\t\t\t\t\t\tVysok\u00e1 \u0161kola\t\t\t\t\t\t\t<\/label>\n\t\t\t\t\t\t\t\t\t\t\t\t\t\t<input size=\"1\" type=\"text\" name=\"form_fields[field_8408e66]\" id=\"form-field-field_8408e66\" class=\"elementor-field elementor-size-sm  elementor-field-textual\" placeholder=\"Jakou vysokou \u0161kolu studujete?\" required=\"required\" aria-required=\"true\">\n\t\t\t\t\t\t\t\t\t\t\t<\/div>\n\t\t\t\t\t\t\t\t<div class=\"elementor-field-type-text elementor-field-group elementor-column elementor-field-group-field_aa1aa1d elementor-col-100 elementor-field-required elementor-mark-required\">\n\t\t\t\t\t\t\t\t\t\t\t\t<label for=\"form-field-field_aa1aa1d\" class=\"elementor-field-label\">\n\t\t\t\t\t\t\t\tStudijn\u00ed obor\t\t\t\t\t\t\t<\/label>\n\t\t\t\t\t\t\t\t\t\t\t\t\t\t<input size=\"1\" type=\"text\" name=\"form_fields[field_aa1aa1d]\" id=\"form-field-field_aa1aa1d\" class=\"elementor-field elementor-size-sm  elementor-field-textual\" placeholder=\"Jak\u00fd obor studujete?\" required=\"required\" aria-required=\"true\">\n\t\t\t\t\t\t\t\t\t\t\t<\/div>\n\t\t\t\t\t\t\t\t<div class=\"elementor-field-type-email elementor-field-group elementor-column elementor-field-group-email elementor-col-100 elementor-field-required elementor-mark-required\">\n\t\t\t\t\t\t\t\t\t\t\t\t<label for=\"form-field-email\" class=\"elementor-field-label\">\n\t\t\t\t\t\t\t\tEmail\t\t\t\t\t\t\t<\/label>\n\t\t\t\t\t\t\t\t\t\t\t\t\t\t<input size=\"1\" type=\"email\" name=\"form_fields[email]\" id=\"form-field-email\" class=\"elementor-field elementor-size-sm  elementor-field-textual\" required=\"required\" aria-required=\"true\">\n\t\t\t\t\t\t\t\t\t\t\t<\/div>\n\t\t\t\t\t\t\t\t<div class=\"elementor-field-type-text elementor-field-group elementor-column elementor-field-group-telefon elementor-col-100 elementor-field-required elementor-mark-required\">\n\t\t\t\t\t\t\t\t\t\t\t\t<label for=\"form-field-telefon\" class=\"elementor-field-label\">\n\t\t\t\t\t\t\t\tJak\u00e1 je Va\u0161e p\u0159edstava o mzd\u011b? \t\t\t\t\t\t\t<\/label>\n\t\t\t\t\t\t\t\t\t\t\t\t\t\t<input size=\"1\" type=\"text\" name=\"form_fields[telefon]\" id=\"form-field-telefon\" class=\"elementor-field elementor-size-sm  elementor-field-textual\" required=\"required\" aria-required=\"true\">\n\t\t\t\t\t\t\t\t\t\t\t<\/div>\n\t\t\t\t\t\t\t\t<div class=\"elementor-field-type-upload elementor-field-group elementor-column elementor-field-group-dokument elementor-col-100 elementor-field-required elementor-mark-required\">\n\t\t\t\t\t\t\t\t\t\t\t\t<label for=\"form-field-dokument\" class=\"elementor-field-label\">\n\t\t\t\t\t\t\t\tVlo\u017eit \u017eivotopis (pouze PDF nebo ZIP)\t\t\t\t\t\t\t<\/label>\n\t\t\t\t\t\t\t\t<input type=\"file\" name=\"form_fields[dokument]\" id=\"form-field-dokument\" class=\"elementor-field elementor-size-sm  elementor-upload-field\" required=\"required\" aria-required=\"true\">\n\n\t\t\t\t\t\t<\/div>\n\t\t\t\t\t\t\t\t<div class=\"elementor-field-type-upload elementor-field-group elementor-column elementor-field-group-field_c2706a1 elementor-col-100\">\n\t\t\t\t\t\t\t\t\t\t\t\t<label for=\"form-field-field_c2706a1\" class=\"elementor-field-label\">\n\t\t\t\t\t\t\t\tVlo\u017eit motiva\u010dn\u00ed dopis (pouze PDF nebo ZIP)\t\t\t\t\t\t\t<\/label>\n\t\t\t\t\t\t\t\t<input type=\"file\" name=\"form_fields[field_c2706a1]\" id=\"form-field-field_c2706a1\" class=\"elementor-field elementor-size-sm  elementor-upload-field\">\n\n\t\t\t\t\t\t<\/div>\n\t\t\t\t\t\t\t\t<div class=\"elementor-field-type-acceptance elementor-field-group elementor-column elementor-field-group-GDPR elementor-col-100 elementor-field-required elementor-mark-required\">\n\t\t\t\t\t\t\t<div class=\"elementor-field-subgroup\">\n\t\t\t<span class=\"elementor-field-option\">\n\t\t\t\t<input type=\"checkbox\" name=\"form_fields[GDPR]\" id=\"form-field-GDPR\" class=\"elementor-field elementor-size-sm  elementor-acceptance-field\" required=\"required\" aria-required=\"true\">\n\t\t\t\t<label for=\"form-field-GDPR\">Za\u0161krtnut\u00edm tohoto pol\u00ed\u010dka ud\u011bluji souhlas se zpracov\u00e1n\u00edm osobn\u00edch \u00fadaj\u016f, kter\u00e9 jsem vyplnil\/a v tomto formul\u00e1\u0159i, v souladu s Na\u0159\u00edzen\u00edm Evropsk\u00e9ho parlamentu a Rady (EU) 2016\/679 ze dne 27. dubna 2016 o ochran\u011b fyzick\u00fdch osob v souvislosti se zpracov\u00e1n\u00edm osobn\u00edch \u00fadaj\u016f.<\/label>\t\t\t<\/span>\n\t\t<\/div>\n\t\t\t\t\t\t<\/div>\n\t\t\t\t\t\t\t\t<div class=\"elementor-field-type-hidden elementor-field-group elementor-column elementor-field-group-profese elementor-col-100\">\n\t\t\t\t\t\t\t\t\t\t\t\t\t<input size=\"1\" type=\"hidden\" name=\"form_fields[profese]\" id=\"form-field-profese\" class=\"elementor-field elementor-size-sm  elementor-field-textual\">\n\t\t\t\t\t\t\t\t\t\t\t<\/div>\n\t\t\t\t\t\t\t\t<div class=\"elementor-field-type-hidden elementor-field-group elementor-column elementor-field-group-pozice elementor-col-100\">\n\t\t\t\t\t\t\t\t\t\t\t\t\t<input size=\"1\" type=\"hidden\" name=\"form_fields[pozice]\" id=\"form-field-pozice\" class=\"elementor-field elementor-size-sm  elementor-field-textual\">\n\t\t\t\t\t\t\t\t\t\t\t<\/div>\n\t\t\t\t\t\t\t\t<div class=\"elementor-field-group elementor-column elementor-field-type-submit elementor-col-100 e-form__buttons\">\n\t\t\t\t\t<button class=\"elementor-button elementor-size-md\" type=\"submit\">\n\t\t\t\t\t\t<span class=\"elementor-button-content-wrapper\">\n\t\t\t\t\t\t\t\t\t\t\t\t\t\t\t\t\t\t\t\t\t\t<span class=\"elementor-button-text\">ODESLAT<\/span>\n\t\t\t\t\t\t\t\t\t\t\t\t\t<\/span>\n\t\t\t\t\t<\/button>\n\t\t\t\t<\/div>\n\t\t\t<\/div>\n\t\t<\/form>\n\t\t\t\t\t\t<\/div>\n\t\t\t\t<\/div>\n\t\t\t\t\t<\/div>\n\t\t\t\t<\/div>\n\t\t\t\t\t<\/div>\n\t\t\t\t<\/div>\n\t\t\t\t<\/div>\n\t\t","protected":false},"excerpt":{"rendered":"<p>Spolchemie Pro absolventy vysok\u00fdch \u0161kol nab\u00edz\u00edme trainee program,\u00a0kter\u00fd usnad\u0148uje p\u0159echod ze studentsk\u00e9ho do pracovn\u00edho \u017eivota.\u00a0Program prob\u00edh\u00e1 velmi efektivn\u00ed formou, kdy nov\u00fd zam\u011bstnanec absolvuje \u201ekole\u010dko&#8220; po vybran\u00fdch odd\u011blen\u00edch,a z\u00edsk\u00e1 tak lep\u0161\u00ed p\u0159edstavu o sv\u00e9m budouc\u00edm profesn\u00edm sm\u011b\u0159ov\u00e1n\u00ed.\u00a0 Pro koho je program ur\u010den? Pokud jste absolventem\/absolventkou ekonomick\u00e9ho oboru, \u010dek\u00e1 V\u00e1s pr\u00e1ce na finan\u010dn\u00edm odd\u011blen\u00ed, controllingu, obchodu\/marketingu a [&hellip;]<\/p>\n","protected":false},"author":1,"featured_media":0,"parent":6133,"menu_order":0,"comment_status":"closed","ping_status":"closed","template":"","meta":{"_acf_changed":false,"_seopress_robots_primary_cat":"","_seopress_titles_title":"","_seopress_titles_desc":"","_seopress_robots_index":"","footnotes":"","_links_to":"","_links_to_target":""},"class_list":["post-2221","page","type-page","status-publish","hentry"],"acf":[],"_links":{"self":[{"href":"https:\/\/www.spolchemie.cz\/cs\/wp-json\/wp\/v2\/pages\/2221","targetHints":{"allow":["GET"]}}],"collection":[{"href":"https:\/\/www.spolchemie.cz\/cs\/wp-json\/wp\/v2\/pages"}],"about":[{"href":"https:\/\/www.spolchemie.cz\/cs\/wp-json\/wp\/v2\/types\/page"}],"author":[{"embeddable":true,"href":"https:\/\/www.spolchemie.cz\/cs\/wp-json\/wp\/v2\/users\/1"}],"replies":[{"embeddable":true,"href":"https:\/\/www.spolchemie.cz\/cs\/wp-json\/wp\/v2\/comments?post=2221"}],"version-history":[{"count":41,"href":"https:\/\/www.spolchemie.cz\/cs\/wp-json\/wp\/v2\/pages\/2221\/revisions"}],"predecessor-version":[{"id":10247,"href":"https:\/\/www.spolchemie.cz\/cs\/wp-json\/wp\/v2\/pages\/2221\/revisions\/10247"}],"up":[{"embeddable":true,"href":"https:\/\/www.spolchemie.cz\/cs\/wp-json\/wp\/v2\/pages\/6133"}],"wp:attachment":[{"href":"https:\/\/www.spolchemie.cz\/cs\/wp-json\/wp\/v2\/media?parent=2221"}],"curies":[{"name":"wp","href":"https:\/\/api.w.org\/{rel}","templated":true}]}}