{"id":2311,"date":"2023-07-10T17:48:29","date_gmt":"2023-07-10T15:48:29","guid":{"rendered":"https:\/\/www.spolchemie.cz\/?page_id=2311"},"modified":"2026-01-26T10:12:43","modified_gmt":"2026-01-26T09:12:43","slug":"jak-pozadat","status":"publish","type":"page","link":"https:\/\/www.spolchemie.cz\/cs\/odpovedna-firma\/sponzoring\/jak-pozadat\/","title":{"rendered":"Jak po\u017e\u00e1dat"},"content":{"rendered":"\t\t<div data-elementor-type=\"wp-page\" data-elementor-id=\"2311\" class=\"elementor elementor-2311\" data-elementor-post-type=\"page\">\n\t\t\t\t<div data-dce-background-image-url=\"https:\/\/www.spolchemie.cz\/wp-content\/uploads\/2023\/08\/Minigranty_foto-scaled.jpg\" class=\"elementor-element elementor-element-6c678bd8 e-con-full e-flex e-con e-parent\" data-id=\"6c678bd8\" data-element_type=\"container\" data-settings=\"{&quot;background_background&quot;:&quot;classic&quot;}\">\n\t\t\t\t<\/div>\n\t\t<div class=\"elementor-element elementor-element-1183ad76 e-flex e-con-boxed e-con e-parent\" data-id=\"1183ad76\" data-element_type=\"container\" data-settings=\"{&quot;background_background&quot;:&quot;classic&quot;}\">\n\t\t\t\t\t<div class=\"e-con-inner\">\n\t\t<div class=\"elementor-element elementor-element-1f453605 e-flex e-con-boxed e-con e-child\" data-id=\"1f453605\" data-element_type=\"container\">\n\t\t\t\t\t<div class=\"e-con-inner\">\n\t\t\t\t<div class=\"elementor-element elementor-element-79bb7617 elementor-widget elementor-widget-sp-breadcrumbs\" data-id=\"79bb7617\" data-element_type=\"widget\" data-widget_type=\"sp-breadcrumbs.default\">\n\t\t\t\t<div class=\"elementor-widget-container\">\n\t\t\t\t\t<nav  aria-label=\"breadcrumb\"><ol class=\"breadcrumb\" itemscope itemtype=\"https:\/\/schema.org\/BreadcrumbList\"><li class=\"breadcrumb-item active\" aria-current=\"page\" itemprop=\"itemListElement\" itemscope itemtype=\"https:\/\/schema.org\/ListItem\"><span itemprop=\"name\">Spolchemie<\/span><meta itemprop=\"position\" content=\"1\"><\/li><\/ol><\/nav>\t\t\t\t<\/div>\n\t\t\t\t<\/div>\n\t\t\t\t<div class=\"elementor-element elementor-element-263d38c elementor-widget elementor-widget-heading\" data-id=\"263d38c\" data-element_type=\"widget\" data-widget_type=\"heading.default\">\n\t\t\t\t\t<h1 class=\"elementor-heading-title elementor-size-default\">Jak po\u017e\u00e1dat<\/h1>\t\t\t\t<\/div>\n\t\t\t\t\t<\/div>\n\t\t\t\t<\/div>\n\t\t\t\t\t<\/div>\n\t\t\t\t<\/div>\n\t\t<div class=\"elementor-element elementor-element-169deb5 e-flex e-con-boxed e-con e-parent\" data-id=\"169deb5\" data-element_type=\"container\" data-settings=\"{&quot;background_background&quot;:&quot;classic&quot;}\">\n\t\t\t\t\t<div class=\"e-con-inner\">\n\t\t<div class=\"elementor-element elementor-element-1c0e6b02 e-flex e-con-boxed e-con e-child\" data-id=\"1c0e6b02\" data-element_type=\"container\">\n\t\t\t\t\t<div class=\"e-con-inner\">\n\t\t\t\t<div class=\"elementor-element elementor-element-be18228 elementor-widget elementor-widget-heading\" data-id=\"be18228\" data-element_type=\"widget\" data-widget_type=\"heading.default\">\n\t\t\t\t\t<div class=\"elementor-heading-title elementor-size-default\">Jak po\u017e\u00e1dat o finan\u010dn\u00ed podporu<\/div>\t\t\t\t<\/div>\n\t\t\t\t<div class=\"elementor-element elementor-element-537e48c elementor-widget elementor-widget-text-editor\" data-id=\"537e48c\" data-element_type=\"widget\" data-widget_type=\"text-editor.default\">\n\t\t\t\t\t\t\t\t\t<p>Pro za\u0159azen\u00ed Va\u0161\u00ed akce do Projektu vypl\u0148te \u017d\u00e1dost na t\u00e9to str\u00e1nce. Odesl\u00e1n\u00edm \u017d\u00e1dosti z\u00e1rove\u0148 potvrzujete souhlas s Pravidly projektu a souhlas se\u00a0<a href=\"\/ostatni\/ochrana-osobnich-udaju\/\"><span style=\"text-decoration: underline;\">zpracov\u00e1n\u00edm osobn\u00edch \u00fadaj\u016f<\/span><\/a>.<\/p><p><strong>Podm\u00ednky pro za\u0159azen\u00ed akce:<\/strong><\/p><ul><li>akce se mus\u00ed konat na\u00a0<strong>\u00fazem\u00ed \u00dasteck\u00e9ho kraje<\/strong><\/li><li>akce mus\u00ed b\u00fdt p\u0159\u00edstupn\u00e1 komunit\u011b (ve\u0159ejnosti \u010di organizovan\u00fdm skupin\u00e1m, nikoli jednotlivc\u016fm neorganizovan\u00fdm v z\u00e1jmov\u00e9 skupin\u011b)<\/li><li>\u017e\u00e1dost o minigrant mus\u00ed b\u00fdt odesl\u00e1na do p\u0159edem stanoven\u00e9ho data (<strong><a href=\"https:\/\/www.spolchemie.cz\/odpovedna-firma\/sponzoring\/terminy-a-komise\/\">viz zde<\/a><\/strong>)\u00a0<\/li><li>akce se mus\u00ed uskute\u010dnit\u00a0<strong>a\u017e po term\u00ednu jedn\u00e1n\u00ed komise v dan\u00e9m kole<\/strong><\/li><li>p\u0159ihla\u0161ovatel m\u016f\u017ee podat \u017e\u00e1dost o finan\u010dn\u00ed p\u0159\u00edsp\u011bvek\u00a0<strong>v ka\u017ed\u00e9m kole pouze na jeden projekt<\/strong><\/li><\/ul><p>\u00a0<\/p><p><strong>Kompletn\u00ed pravidla<\/strong> (ke sta\u017een\u00ed\u00a0<span style=\"text-decoration: underline;\"><a href=\"https:\/\/www.spolchemie.cz\/wp-content\/uploads\/2024\/08\/Minigranty_pravidla_2022_.pdf\">zde<\/a><\/span>)<\/p>\t\t\t\t\t\t\t\t<\/div>\n\t\t\t\t\t<\/div>\n\t\t\t\t<\/div>\n\t\t\t\t\t<\/div>\n\t\t\t\t<\/div>\n\t\t<div data-dce-background-color=\"#FFFFFF\" class=\"elementor-element elementor-element-597bc4aa e-flex e-con-boxed e-con e-parent\" data-id=\"597bc4aa\" data-element_type=\"container\" data-settings=\"{&quot;background_background&quot;:&quot;gradient&quot;}\">\n\t\t\t\t\t<div class=\"e-con-inner\">\n\t\t<div class=\"elementor-element elementor-element-76eba615 e-flex e-con-boxed e-con e-child\" data-id=\"76eba615\" data-element_type=\"container\">\n\t\t\t\t\t<div class=\"e-con-inner\">\n\t\t\t\t<div class=\"elementor-element elementor-element-f93757d elementor-widget elementor-widget-heading\" data-id=\"f93757d\" data-element_type=\"widget\" data-widget_type=\"heading.default\">\n\t\t\t\t\t<div class=\"elementor-heading-title elementor-size-default\">Pokud chcete po\u017e\u00e1dat o minigrant, vypl\u0148te a ode\u0161lete tento formul\u00e1\u0159.<\/div>\t\t\t\t<\/div>\n\t\t\t\t<div class=\"elementor-element elementor-element-d1e67c8 elementor-widget elementor-widget-text-editor\" data-id=\"d1e67c8\" data-element_type=\"widget\" data-widget_type=\"text-editor.default\">\n\t\t\t\t\t\t\t\t\t<p>Odesl\u00e1n\u00edm formul\u00e1\u0159e souhlas\u00edte s\u00a0<a href=\"https:\/\/www.spolchemie.cz\/gdpr_cs\/\">podm\u00ednkami ochrany osobn\u00edch \u00fadaj\u016f<\/a>\u00a0a ud\u011blujete n\u00e1m souhlas s jejich zpracov\u00e1n\u00edm.<\/p>\t\t\t\t\t\t\t\t<\/div>\n\t\t\t\t<div class=\"elementor-element elementor-element-6c9d6c76 elementor-button-align-end elementor-widget elementor-widget-form\" data-id=\"6c9d6c76\" data-element_type=\"widget\" data-settings=\"{&quot;step_next_label&quot;:&quot;Dal\\u0161\\u00ed&quot;,&quot;step_previous_label&quot;:&quot;P\\u0159edchoz\\u00ed&quot;,&quot;button_width&quot;:&quot;100&quot;,&quot;step_type&quot;:&quot;number_text&quot;,&quot;step_icon_shape&quot;:&quot;circle&quot;}\" data-widget_type=\"form.default\">\n\t\t\t\t<div class=\"elementor-widget-container\">\n\t\t\t\t\t\t\t<form class=\"elementor-form\" method=\"post\" name=\"Minigranty\">\n\t\t\t<input type=\"hidden\" name=\"post_id\" value=\"2311\"\/>\n\t\t\t<input type=\"hidden\" name=\"form_id\" value=\"6c9d6c76\"\/>\n\t\t\t<input type=\"hidden\" name=\"referer_title\" value=\"\" \/>\n\n\t\t\t\n\t\t\t<div class=\"elementor-form-fields-wrapper elementor-labels-above\">\n\t\t\t\t\t\t\t\t<div class=\"elementor-field-type-text elementor-field-group elementor-column elementor-field-group-field_8408e66 elementor-col-100 elementor-field-required elementor-mark-required\">\n\t\t\t\t\t\t\t\t\t\t\t\t<label for=\"form-field-field_8408e66\" class=\"elementor-field-label\">\n\t\t\t\t\t\t\t\tN\u00e1zev akce\t\t\t\t\t\t\t<\/label>\n\t\t\t\t\t\t\t\t\t\t\t\t\t\t<input size=\"1\" type=\"text\" name=\"form_fields[field_8408e66]\" id=\"form-field-field_8408e66\" class=\"elementor-field elementor-size-sm  elementor-field-textual\" placeholder=\" N\u00e1zev akce, pro kterou \u017e\u00e1d\u00e1te o p\u0159\u00edsp\u011bvek\" required=\"required\" aria-required=\"true\">\n\t\t\t\t\t\t\t\t\t\t\t<\/div>\n\t\t\t\t\t\t\t\t<div class=\"elementor-field-type-select elementor-field-group elementor-column elementor-field-group-field_8e86228 elementor-col-100 elementor-field-required elementor-mark-required\">\n\t\t\t\t\t\t\t\t\t\t\t\t<label for=\"form-field-field_8e86228\" class=\"elementor-field-label\">\n\t\t\t\t\t\t\t\tKategorie\t\t\t\t\t\t\t<\/label>\n\t\t\t\t\t\t\t\t<div class=\"elementor-field elementor-select-wrapper remove-before \">\n\t\t\t<div class=\"select-caret-down-wrapper\">\n\t\t\t\t<svg aria-hidden=\"true\" class=\"e-font-icon-svg e-eicon-caret-down\" viewBox=\"0 0 571.4 571.4\" xmlns=\"http:\/\/www.w3.org\/2000\/svg\"><path d=\"M571 393Q571 407 561 418L311 668Q300 679 286 679T261 668L11 418Q0 407 0 393T11 368 36 357H536Q550 357 561 368T571 393Z\"><\/path><\/svg>\t\t\t<\/div>\n\t\t\t<select name=\"form_fields[field_8e86228]\" id=\"form-field-field_8e86228\" class=\"elementor-field-textual elementor-size-sm\" required=\"required\" aria-required=\"true\">\n\t\t\t\t\t\t\t\t\t<option value=\"Zdrav\u00e9 t\u011blo\">Zdrav\u00e9 t\u011blo<\/option>\n\t\t\t\t\t\t\t\t\t<option value=\"Bystr\u00fd rozum\">Bystr\u00fd rozum<\/option>\n\t\t\t\t\t\t\t\t\t<option value=\"\u010cist\u00e1 p\u0159\u00edroda\">\u010cist\u00e1 p\u0159\u00edroda<\/option>\n\t\t\t\t\t\t\t<\/select>\n\t\t<\/div>\n\t\t\t\t\t\t<\/div>\n\t\t\t\t\t\t\t\t<div class=\"elementor-field-type-date elementor-field-group elementor-column elementor-field-group-field_a9830ef elementor-col-100\">\n\t\t\t\t\t\t\t\t\t\t\t\t<label for=\"form-field-field_a9830ef\" class=\"elementor-field-label\">\n\t\t\t\t\t\t\t\tP\u0159esn\u00e9 datum kon\u00e1n\u00ed akce\t\t\t\t\t\t\t<\/label>\n\t\t\t\t\t\t\n\t\t<input type=\"date\" name=\"form_fields[field_a9830ef]\" id=\"form-field-field_a9830ef\" class=\"elementor-field elementor-size-sm  elementor-field-textual elementor-date-field\" placeholder=\" Datum kon\u00e1n\u00ed akce, pro kterou \u017e\u00e1d\u00e1te o p\u0159\u00edsp\u011bvek\" pattern=\"[0-9]{4}-[0-9]{2}-[0-9]{2}\" min=\"2026-01-01\" max=\"2026-12-31\">\n\t\t\t\t\t\t<\/div>\n\t\t\t\t\t\t\t\t<div class=\"elementor-field-type-text elementor-field-group elementor-column elementor-field-group-field_f04b412 elementor-col-100\">\n\t\t\t\t\t\t\t\t\t\t\t\t<label for=\"form-field-field_f04b412\" class=\"elementor-field-label\">\n\t\t\t\t\t\t\t\t\u010casov\u00e9 obdob\u00ed kon\u00e1n\u00ed akce (pokud se nejedn\u00e1 o ur\u010dit\u00fd term\u00edn)\t\t\t\t\t\t\t<\/label>\n\t\t\t\t\t\t\t\t\t\t\t\t\t\t<input size=\"1\" type=\"text\" name=\"form_fields[field_f04b412]\" id=\"form-field-field_f04b412\" class=\"elementor-field elementor-size-sm  elementor-field-textual\" placeholder=\"Pokud se akce nekon\u00e1 v ur\u010dit\u00fd den, specifikujte obdob\u00ed po kter\u00e9 bude akce prob\u00edhat\" value=\"jSJKsJKA\">\n\t\t\t\t\t\t\t\t\t\t\t<\/div>\n\t\t\t\t\t\t\t\t<div class=\"elementor-field-type-text elementor-field-group elementor-column elementor-field-group-field_9e4f4c9 elementor-col-100 elementor-field-required elementor-mark-required\">\n\t\t\t\t\t\t\t\t\t\t\t\t<label for=\"form-field-field_9e4f4c9\" class=\"elementor-field-label\">\n\t\t\t\t\t\t\t\t\u017dadatel \t\t\t\t\t\t\t<\/label>\n\t\t\t\t\t\t\t\t\t\t\t\t\t\t<input size=\"1\" type=\"text\" name=\"form_fields[field_9e4f4c9]\" id=\"form-field-field_9e4f4c9\" class=\"elementor-field elementor-size-sm  elementor-field-textual\" placeholder=\"Jm\u00e9no a p\u0159\u00edjmen\u00ed nebo n\u00e1zev \u017eadatele \" required=\"required\" aria-required=\"true\">\n\t\t\t\t\t\t\t\t\t\t\t<\/div>\n\t\t\t\t\t\t\t\t<div class=\"elementor-field-type-text elementor-field-group elementor-column elementor-field-group-jmeno elementor-col-100 elementor-field-required elementor-mark-required\">\n\t\t\t\t\t\t\t\t\t\t\t\t<label for=\"form-field-jmeno\" class=\"elementor-field-label\">\n\t\t\t\t\t\t\t\tP\u0159\u00edjemce minigrantu\t\t\t\t\t\t\t<\/label>\n\t\t\t\t\t\t\t\t\t\t\t\t\t\t<input size=\"1\" type=\"text\" name=\"form_fields[jmeno]\" id=\"form-field-jmeno\" class=\"elementor-field elementor-size-sm  elementor-field-textual\" placeholder=\"Jm\u00e9no a p\u0159\u00edjmen\u00ed, datum narozen\u00ed a bydli\u0161t\u011b pro fyzick\u00e9 osoby, n\u00e1zev organizace, I\u010c a s\u00eddlo pro pr\u00e1vnick\u00e9 osoby \" required=\"required\" aria-required=\"true\">\n\t\t\t\t\t\t\t\t\t\t\t<\/div>\n\t\t\t\t\t\t\t\t<div class=\"elementor-field-type-textarea elementor-field-group elementor-column elementor-field-group-field_0beaac6 elementor-col-100 elementor-field-required elementor-mark-required\">\n\t\t\t\t\t\t\t\t\t\t\t\t<label for=\"form-field-field_0beaac6\" class=\"elementor-field-label\">\n\t\t\t\t\t\t\t\tPopis akce\t\t\t\t\t\t\t<\/label>\n\t\t\t\t\t\t<textarea class=\"elementor-field-textual elementor-field  elementor-size-sm\" name=\"form_fields[field_0beaac6]\" id=\"form-field-field_0beaac6\" rows=\"4\" placeholder=\"Stru\u010dn\u011b popi\u0161te, \u010deho se akce t\u00fdk\u00e1, a napi\u0161te z\u00e1kladn\u00ed informace o ud\u00e1losti: datum, \u010das a m\u00edsto kon\u00e1n\u00ed; program akce; jak bude akce vyhl\u00e1\u0161ena; kdo se bude \u00fa\u010dastnit; kolik osob v\u010d. po\u0159adatel\u016f a div\u00e1k\u016f pl\u00e1nujete.\" required=\"required\" aria-required=\"true\"><\/textarea>\t\t\t\t<\/div>\n\t\t\t\t\t\t\t\t<div class=\"elementor-field-type-textarea elementor-field-group elementor-column elementor-field-group-field_eace681 elementor-col-100 elementor-field-required elementor-mark-required\">\n\t\t\t\t\t\t\t\t\t\t\t\t<label for=\"form-field-field_eace681\" class=\"elementor-field-label\">\n\t\t\t\t\t\t\t\tP\u0159\u00ednos akce\t\t\t\t\t\t\t<\/label>\n\t\t\t\t\t\t<textarea class=\"elementor-field-textual elementor-field  elementor-size-sm\" name=\"form_fields[field_eace681]\" id=\"form-field-field_eace681\" rows=\"4\" placeholder=\"Popi\u0161te jak akce prosp\u011bje lidem na \u00dastecku\" required=\"required\" aria-required=\"true\"><\/textarea>\t\t\t\t<\/div>\n\t\t\t\t\t\t\t\t<div class=\"elementor-field-type-textarea elementor-field-group elementor-column elementor-field-group-field_96fa58e elementor-col-100 elementor-field-required elementor-mark-required\">\n\t\t\t\t\t\t\t\t\t\t\t\t<label for=\"form-field-field_96fa58e\" class=\"elementor-field-label\">\n\t\t\t\t\t\t\t\tNa co bude p\u0159\u00edsp\u011bvek pou\u017eit\t\t\t\t\t\t\t<\/label>\n\t\t\t\t\t\t<textarea class=\"elementor-field-textual elementor-field  elementor-size-sm\" name=\"form_fields[field_96fa58e]\" id=\"form-field-field_96fa58e\" rows=\"4\" placeholder=\"Popi\u0161te k \u010demu bude p\u0159\u00edpadn\u00fd minigrant pou\u017eit.\" required=\"required\" aria-required=\"true\"><\/textarea>\t\t\t\t<\/div>\n\t\t\t\t\t\t\t\t<div class=\"elementor-field-type-select elementor-field-group elementor-column elementor-field-group-field_bd27638 elementor-col-100 elementor-field-required elementor-mark-required\">\n\t\t\t\t\t\t\t\t\t\t\t\t<label for=\"form-field-field_bd27638\" class=\"elementor-field-label\">\n\t\t\t\t\t\t\t\t\u010c\u00e1stka (max. 10 000 K\u010d)\t\t\t\t\t\t\t<\/label>\n\t\t\t\t\t\t\t\t<div class=\"elementor-field elementor-select-wrapper remove-before \">\n\t\t\t<div class=\"select-caret-down-wrapper\">\n\t\t\t\t<svg aria-hidden=\"true\" class=\"e-font-icon-svg e-eicon-caret-down\" viewBox=\"0 0 571.4 571.4\" xmlns=\"http:\/\/www.w3.org\/2000\/svg\"><path d=\"M571 393Q571 407 561 418L311 668Q300 679 286 679T261 668L11 418Q0 407 0 393T11 368 36 357H536Q550 357 561 368T571 393Z\"><\/path><\/svg>\t\t\t<\/div>\n\t\t\t<select name=\"form_fields[field_bd27638]\" id=\"form-field-field_bd27638\" class=\"elementor-field-textual elementor-size-sm\" required=\"required\" aria-required=\"true\">\n\t\t\t\t\t\t\t\t\t<option value=\"1 000 K\u010d\">1 000 K\u010d<\/option>\n\t\t\t\t\t\t\t\t\t<option value=\"2 000 K\u010d\">2 000 K\u010d<\/option>\n\t\t\t\t\t\t\t\t\t<option value=\"3 000 K\u010d\">3 000 K\u010d<\/option>\n\t\t\t\t\t\t\t\t\t<option value=\"4 000 K\u010d\">4 000 K\u010d<\/option>\n\t\t\t\t\t\t\t\t\t<option value=\"5 000 K\u010d\">5 000 K\u010d<\/option>\n\t\t\t\t\t\t\t\t\t<option value=\"6 000 K\u010d\">6 000 K\u010d<\/option>\n\t\t\t\t\t\t\t\t\t<option value=\"7 000 K\u010d\">7 000 K\u010d<\/option>\n\t\t\t\t\t\t\t\t\t<option value=\"8 000 K\u010d\">8 000 K\u010d<\/option>\n\t\t\t\t\t\t\t\t\t<option value=\"9 000 K\u010d\">9 000 K\u010d<\/option>\n\t\t\t\t\t\t\t\t\t<option value=\"10 000 K\u010d\">10 000 K\u010d<\/option>\n\t\t\t\t\t\t\t<\/select>\n\t\t<\/div>\n\t\t\t\t\t\t<\/div>\n\t\t\t\t\t\t\t\t<div class=\"elementor-field-type-text elementor-field-group elementor-column elementor-field-group-field_73cf530 elementor-col-100\">\n\t\t\t\t\t\t\t\t\t\t\t\t<label for=\"form-field-field_73cf530\" class=\"elementor-field-label\">\n\t\t\t\t\t\t\t\tWebov\u00e9 str\u00e1nky akce\t\t\t\t\t\t\t<\/label>\n\t\t\t\t\t\t\t\t\t\t\t\t\t\t<input size=\"1\" type=\"text\" name=\"form_fields[field_73cf530]\" id=\"form-field-field_73cf530\" class=\"elementor-field elementor-size-sm  elementor-field-textual\" placeholder=\"Internetov\u00e1 adresa str\u00e1nek akce, pokud existuj\u00ed\">\n\t\t\t\t\t\t\t\t\t\t\t<\/div>\n\t\t\t\t\t\t\t\t<div class=\"elementor-field-type-select elementor-field-group elementor-column elementor-field-group-field_c5351c5 elementor-col-100 elementor-field-required elementor-mark-required\">\n\t\t\t\t\t\t\t\t\t\t\t\t<label for=\"form-field-field_c5351c5\" class=\"elementor-field-label\">\n\t\t\t\t\t\t\t\t\u017dadatel je zam\u011bstn\u00e1n ve SPOLCHEMII\t\t\t\t\t\t\t<\/label>\n\t\t\t\t\t\t\t\t<div class=\"elementor-field elementor-select-wrapper remove-before \">\n\t\t\t<div class=\"select-caret-down-wrapper\">\n\t\t\t\t<svg aria-hidden=\"true\" class=\"e-font-icon-svg e-eicon-caret-down\" viewBox=\"0 0 571.4 571.4\" xmlns=\"http:\/\/www.w3.org\/2000\/svg\"><path d=\"M571 393Q571 407 561 418L311 668Q300 679 286 679T261 668L11 418Q0 407 0 393T11 368 36 357H536Q550 357 561 368T571 393Z\"><\/path><\/svg>\t\t\t<\/div>\n\t\t\t<select name=\"form_fields[field_c5351c5]\" id=\"form-field-field_c5351c5\" class=\"elementor-field-textual elementor-size-sm\" required=\"required\" aria-required=\"true\">\n\t\t\t\t\t\t\t\t\t<option value=\"Ano\">Ano<\/option>\n\t\t\t\t\t\t\t\t\t<option value=\"Ne\">Ne<\/option>\n\t\t\t\t\t\t\t<\/select>\n\t\t<\/div>\n\t\t\t\t\t\t<\/div>\n\t\t\t\t\t\t\t\t<div class=\"elementor-field-type-text elementor-field-group elementor-column elementor-field-group-email elementor-col-100 elementor-field-required elementor-mark-required\">\n\t\t\t\t\t\t\t\t\t\t\t\t<label for=\"form-field-email\" class=\"elementor-field-label\">\n\t\t\t\t\t\t\t\tEmail\t\t\t\t\t\t\t<\/label>\n\t\t\t\t\t\t\t\t\t\t\t\t\t\t<input size=\"1\" type=\"text\" name=\"form_fields[email]\" id=\"form-field-email\" class=\"elementor-field elementor-size-sm  elementor-field-textual\" required=\"required\" aria-required=\"true\">\n\t\t\t\t\t\t\t\t\t\t\t<\/div>\n\t\t\t\t\t\t\t\t<div class=\"elementor-field-type-text elementor-field-group elementor-column elementor-field-group-telefon elementor-col-100 elementor-field-required elementor-mark-required\">\n\t\t\t\t\t\t\t\t\t\t\t\t<label for=\"form-field-telefon\" class=\"elementor-field-label\">\n\t\t\t\t\t\t\t\tTelefon\t\t\t\t\t\t\t<\/label>\n\t\t\t\t\t\t\t\t\t\t\t\t\t\t<input size=\"1\" type=\"text\" name=\"form_fields[telefon]\" id=\"form-field-telefon\" class=\"elementor-field elementor-size-sm  elementor-field-textual\" required=\"required\" aria-required=\"true\">\n\t\t\t\t\t\t\t\t\t\t\t<\/div>\n\t\t\t\t\t\t\t\t<div class=\"elementor-field-type-textarea elementor-field-group elementor-column elementor-field-group-field_de80030 elementor-col-100 elementor-field-required elementor-mark-required\">\n\t\t\t\t\t\t\t\t\t\t\t\t<label for=\"form-field-field_de80030\" class=\"elementor-field-label\">\n\t\t\t\t\t\t\t\tAdresa\t\t\t\t\t\t\t<\/label>\n\t\t\t\t\t\t<textarea class=\"elementor-field-textual elementor-field  elementor-size-sm\" name=\"form_fields[field_de80030]\" id=\"form-field-field_de80030\" rows=\"4\" placeholder=\"Kontaktn\u00ed adresa \u017eadatele\" required=\"required\" aria-required=\"true\"><\/textarea>\t\t\t\t<\/div>\n\t\t\t\t\t\t\t\t<div class=\"elementor-field-type-upload elementor-field-group elementor-column elementor-field-group-dokument elementor-col-100\">\n\t\t\t\t\t\t\t\t\t\t\t\t<label for=\"form-field-dokument\" class=\"elementor-field-label\">\n\t\t\t\t\t\t\t\tSoubor ve form\u00e1tru PDF nebo ZIP\t\t\t\t\t\t\t<\/label>\n\t\t\t\t\t\t\t\t<input type=\"file\" name=\"form_fields[dokument]\" id=\"form-field-dokument\" class=\"elementor-field elementor-size-sm  elementor-upload-field\">\n\n\t\t\t\t\t\t<\/div>\n\t\t\t\t\t\t\t\t<div class=\"elementor-field-type-acceptance elementor-field-group elementor-column elementor-field-group-GDPR elementor-col-100 elementor-field-required elementor-mark-required\">\n\t\t\t\t\t\t\t<div class=\"elementor-field-subgroup\">\n\t\t\t<span class=\"elementor-field-option\">\n\t\t\t\t<input type=\"checkbox\" name=\"form_fields[GDPR]\" id=\"form-field-GDPR\" class=\"elementor-field elementor-size-sm  elementor-acceptance-field\" required=\"required\" aria-required=\"true\">\n\t\t\t\t<label for=\"form-field-GDPR\">Za\u0161krtnut\u00edm tohoto pol\u00ed\u010dka ud\u011bluji souhlas se zpracov\u00e1n\u00edm osobn\u00edch \u00fadaj\u016f, kter\u00e9 jsem vyplnil\/a v tomto formul\u00e1\u0159i, v souladu s Na\u0159\u00edzen\u00edm Evropsk\u00e9ho parlamentu a Rady (EU) 2016\/679 ze dne 27. dubna 2016 o ochran\u011b fyzick\u00fdch osob v souvislosti se zpracov\u00e1n\u00edm osobn\u00edch \u00fadaj\u016f.<\/label>\t\t\t<\/span>\n\t\t<\/div>\n\t\t\t\t\t\t<\/div>\n\t\t\t\t\t\t\t\t<div class=\"elementor-field-type-hidden elementor-field-group elementor-column elementor-field-group-profese elementor-col-100\">\n\t\t\t\t\t\t\t\t\t\t\t\t\t<input size=\"1\" type=\"hidden\" name=\"form_fields[profese]\" id=\"form-field-profese\" class=\"elementor-field elementor-size-sm  elementor-field-textual\">\n\t\t\t\t\t\t\t\t\t\t\t<\/div>\n\t\t\t\t\t\t\t\t<div class=\"elementor-field-type-hidden elementor-field-group elementor-column elementor-field-group-pozice elementor-col-100\">\n\t\t\t\t\t\t\t\t\t\t\t\t\t<input size=\"1\" type=\"hidden\" name=\"form_fields[pozice]\" id=\"form-field-pozice\" class=\"elementor-field elementor-size-sm  elementor-field-textual\">\n\t\t\t\t\t\t\t\t\t\t\t<\/div>\n\t\t\t\t\t\t\t\t<div class=\"elementor-field-group elementor-column elementor-field-type-submit elementor-col-100 e-form__buttons\">\n\t\t\t\t\t<button class=\"elementor-button elementor-size-md\" type=\"submit\">\n\t\t\t\t\t\t<span class=\"elementor-button-content-wrapper\">\n\t\t\t\t\t\t\t\t\t\t\t\t\t\t\t\t\t\t\t\t\t\t<span class=\"elementor-button-text\">ODESLAT<\/span>\n\t\t\t\t\t\t\t\t\t\t\t\t\t<\/span>\n\t\t\t\t\t<\/button>\n\t\t\t\t<\/div>\n\t\t\t<\/div>\n\t\t<\/form>\n\t\t\t\t\t\t<\/div>\n\t\t\t\t<\/div>\n\t\t\t\t\t<\/div>\n\t\t\t\t<\/div>\n\t\t\t\t\t<\/div>\n\t\t\t\t<\/div>\n\t\t\t\t<\/div>\n\t\t","protected":false},"excerpt":{"rendered":"<p>Spolchemie Jak po\u017e\u00e1dat o finan\u010dn\u00ed podporu Pro za\u0159azen\u00ed Va\u0161\u00ed akce do Projektu vypl\u0148te \u017d\u00e1dost na t\u00e9to str\u00e1nce. Odesl\u00e1n\u00edm \u017d\u00e1dosti z\u00e1rove\u0148 potvrzujete souhlas s Pravidly projektu a souhlas se\u00a0zpracov\u00e1n\u00edm osobn\u00edch \u00fadaj\u016f. Podm\u00ednky pro za\u0159azen\u00ed akce: akce se mus\u00ed konat na\u00a0\u00fazem\u00ed \u00dasteck\u00e9ho kraje akce mus\u00ed b\u00fdt p\u0159\u00edstupn\u00e1 komunit\u011b (ve\u0159ejnosti \u010di organizovan\u00fdm skupin\u00e1m, nikoli jednotlivc\u016fm neorganizovan\u00fdm v z\u00e1jmov\u00e9 [&hellip;]<\/p>\n","protected":false},"author":1,"featured_media":0,"parent":2309,"menu_order":0,"comment_status":"closed","ping_status":"closed","template":"","meta":{"_acf_changed":false,"_seopress_robots_primary_cat":"","_seopress_titles_title":"","_seopress_titles_desc":"","_seopress_robots_index":"","footnotes":"","_links_to":"","_links_to_target":""},"class_list":["post-2311","page","type-page","status-publish","hentry"],"acf":[],"_links":{"self":[{"href":"https:\/\/www.spolchemie.cz\/cs\/wp-json\/wp\/v2\/pages\/2311","targetHints":{"allow":["GET"]}}],"collection":[{"href":"https:\/\/www.spolchemie.cz\/cs\/wp-json\/wp\/v2\/pages"}],"about":[{"href":"https:\/\/www.spolchemie.cz\/cs\/wp-json\/wp\/v2\/types\/page"}],"author":[{"embeddable":true,"href":"https:\/\/www.spolchemie.cz\/cs\/wp-json\/wp\/v2\/users\/1"}],"replies":[{"embeddable":true,"href":"https:\/\/www.spolchemie.cz\/cs\/wp-json\/wp\/v2\/comments?post=2311"}],"version-history":[{"count":70,"href":"https:\/\/www.spolchemie.cz\/cs\/wp-json\/wp\/v2\/pages\/2311\/revisions"}],"predecessor-version":[{"id":116278,"href":"https:\/\/www.spolchemie.cz\/cs\/wp-json\/wp\/v2\/pages\/2311\/revisions\/116278"}],"up":[{"embeddable":true,"href":"https:\/\/www.spolchemie.cz\/cs\/wp-json\/wp\/v2\/pages\/2309"}],"wp:attachment":[{"href":"https:\/\/www.spolchemie.cz\/cs\/wp-json\/wp\/v2\/media?parent=2311"}],"curies":[{"name":"wp","href":"https:\/\/api.w.org\/{rel}","templated":true}]}}