{"id":2327,"date":"2023-07-10T20:00:49","date_gmt":"2023-07-10T18:00:49","guid":{"rendered":"https:\/\/www.spolchemie.cz\/?page_id=2327"},"modified":"2025-12-16T17:30:26","modified_gmt":"2025-12-16T16:30:26","slug":"vyzkum-inovace","status":"publish","type":"page","link":"https:\/\/www.spolchemie.cz\/cs\/o-nas\/vyzkum-inovace\/","title":{"rendered":"V\u00fdzkum &#038; Inovace"},"content":{"rendered":"\t\t<div data-elementor-type=\"wp-page\" data-elementor-id=\"2327\" class=\"elementor elementor-2327\" data-elementor-post-type=\"page\">\n\t\t\t\t<div data-dce-background-image-url=\"https:\/\/www.spolchemie.cz\/wp-content\/uploads\/2023\/03\/show-image-9.jpg\" class=\"elementor-element elementor-element-4ee691ee e-con-full e-flex e-con e-parent\" data-id=\"4ee691ee\" data-element_type=\"container\" data-settings=\"{&quot;background_background&quot;:&quot;classic&quot;}\">\n\t\t\t\t<\/div>\n\t\t<div class=\"elementor-element elementor-element-343e52f9 e-flex e-con-boxed e-con e-parent\" data-id=\"343e52f9\" data-element_type=\"container\" data-settings=\"{&quot;background_background&quot;:&quot;classic&quot;}\">\n\t\t\t\t\t<div class=\"e-con-inner\">\n\t\t<div class=\"elementor-element elementor-element-73100f4e e-flex e-con-boxed e-con e-child\" data-id=\"73100f4e\" data-element_type=\"container\">\n\t\t\t\t\t<div class=\"e-con-inner\">\n\t\t\t\t<div class=\"elementor-element elementor-element-4179e50a elementor-widget elementor-widget-sp-breadcrumbs\" data-id=\"4179e50a\" data-element_type=\"widget\" data-widget_type=\"sp-breadcrumbs.default\">\n\t\t\t\t<div class=\"elementor-widget-container\">\n\t\t\t\t\t<nav  aria-label=\"breadcrumb\"><ol class=\"breadcrumb\" itemscope itemtype=\"https:\/\/schema.org\/BreadcrumbList\"><li class=\"breadcrumb-item active\" aria-current=\"page\" itemprop=\"itemListElement\" itemscope itemtype=\"https:\/\/schema.org\/ListItem\"><span itemprop=\"name\">Spolchemie<\/span><meta itemprop=\"position\" content=\"1\"><\/li><\/ol><\/nav>\t\t\t\t<\/div>\n\t\t\t\t<\/div>\n\t\t\t\t<div class=\"elementor-element elementor-element-16d6be4a elementor-widget elementor-widget-heading\" data-id=\"16d6be4a\" data-element_type=\"widget\" data-widget_type=\"heading.default\">\n\t\t\t\t\t<h1 class=\"elementor-heading-title elementor-size-default\">V\u00fdzkum &#038; Inovace<\/h1>\t\t\t\t<\/div>\n\t\t\t\t\t<\/div>\n\t\t\t\t<\/div>\n\t\t\t\t\t<\/div>\n\t\t\t\t<\/div>\n\t\t<div class=\"elementor-element elementor-element-1bf9a8aa e-flex e-con-boxed e-con e-parent\" data-id=\"1bf9a8aa\" data-element_type=\"container\" data-settings=\"{&quot;background_background&quot;:&quot;gradient&quot;}\">\n\t\t\t\t\t<div class=\"e-con-inner\">\n\t\t<div class=\"elementor-element elementor-element-52a1e05b e-flex e-con-boxed e-con e-child\" data-id=\"52a1e05b\" data-element_type=\"container\">\n\t\t\t\t\t<div class=\"e-con-inner\">\n\t\t\t\t<div class=\"elementor-element elementor-element-39f173be elementor-widget elementor-widget-heading\" data-id=\"39f173be\" data-element_type=\"widget\" data-widget_type=\"heading.default\">\n\t\t\t\t\t<h2 class=\"elementor-heading-title elementor-size-default\">Oblasti v\u00fdzkumu a v\u00fdvoje<\/h2>\t\t\t\t<\/div>\n\t\t\t\t<div class=\"elementor-element elementor-element-3ab9e762 elementor-widget elementor-widget-text-editor\" data-id=\"3ab9e762\" data-element_type=\"widget\" data-widget_type=\"text-editor.default\">\n\t\t\t\t\t\t\t\t\t<p>Inovace jsou pro n\u00e1s samoz\u0159ejmost\u00ed, vyv\u00edj\u00edme nov\u00e1 \u0159e\u0161en\u00ed pro na\u0161e z\u00e1kazn\u00edky a optimalizujeme na\u0161e technologick\u00e9 procesy.<\/p>\t\t\t\t\t\t\t\t<\/div>\n\t\t\t\t\t<\/div>\n\t\t\t\t<\/div>\n\t\t<div class=\"elementor-element elementor-element-5f16d71 e-flex e-con-boxed e-con e-child\" data-id=\"5f16d71\" data-element_type=\"container\" id=\"add-mask\">\n\t\t\t\t\t<div class=\"e-con-inner\">\n\t\t\t\t<div class=\"elementor-element elementor-element-56056699 elementor-widget elementor-widget-image\" data-id=\"56056699\" data-element_type=\"widget\" data-widget_type=\"image.default\">\n\t\t\t\t\t\t\t\t\t\t\t\t\t\t\t<img fetchpriority=\"high\" decoding=\"async\" width=\"800\" height=\"447\" src=\"https:\/\/www.spolchemie.cz\/wp-content\/uploads\/2023\/07\/vyzkum-1.jpeg\" class=\"attachment-large size-large wp-image-2444\" alt=\"\" srcset=\"https:\/\/www.spolchemie.cz\/wp-content\/uploads\/2023\/07\/vyzkum-1.jpeg 999w, https:\/\/www.spolchemie.cz\/wp-content\/uploads\/2023\/07\/vyzkum-1-300x168.jpeg 300w, https:\/\/www.spolchemie.cz\/wp-content\/uploads\/2023\/07\/vyzkum-1-768x429.jpeg 768w\" sizes=\"(max-width: 800px) 100vw, 800px\" \/>\t\t\t\t\t\t\t\t\t\t\t\t\t\t\t<\/div>\n\t\t\t\t\t<\/div>\n\t\t\t\t<\/div>\n\t\t\t\t\t<\/div>\n\t\t\t\t<\/div>\n\t\t<div class=\"elementor-element elementor-element-b3cb3da e-flex e-con-boxed e-con e-parent\" data-id=\"b3cb3da\" data-element_type=\"container\" data-settings=\"{&quot;background_background&quot;:&quot;classic&quot;}\">\n\t\t\t\t\t<div class=\"e-con-inner\">\n\t\t<div class=\"elementor-element elementor-element-e112b66 e-flex e-con-boxed e-con e-child\" data-id=\"e112b66\" data-element_type=\"container\">\n\t\t\t\t\t<div class=\"e-con-inner\">\n\t\t\t\t<div class=\"elementor-element elementor-element-ea85d66 elementor-widget__width-initial elementor-widget elementor-widget-text-editor\" data-id=\"ea85d66\" data-element_type=\"widget\" data-widget_type=\"text-editor.default\">\n\t\t\t\t\t\t\t\t\t<h2>V\u00fdzkum se odehr\u00e1v\u00e1 ve t\u0159ech R&amp;D centrech<\/h2><ul><li><strong>V\u00fdzkum oboru anorganiky\u00a0<\/strong>(\u00dast\u00ed nad Labem) &#8211; pro v\u00edce info:\u00a0<a href=\"mailto:inorganics@spolchemie.cz\">inorganics@spolchemie.cz<\/a><\/li><li><strong>V\u00fdzkum a technick\u00fd servis oboru syntetick\u00fdch prysky\u0159ic<\/strong>\u00a0(\u00dast\u00ed nad Labem) &#8211; pro v\u00edce info:\u00a0<a href=\"mailto:resins@spolchemie.cz\">resins@spolchemie.cz<\/a><\/li><li><strong>V\u00fdzkum a akreditovan\u00e9 laborato\u0159e<\/strong>\u00a0<span style=\"text-decoration: underline;\"><strong><a href=\"http:\/\/www.synpo.cz\/\">SYNPO Pardubice<\/a><\/strong><\/span><\/li><\/ul>\t\t\t\t\t\t\t\t<\/div>\n\t\t\t\t\t<\/div>\n\t\t\t\t<\/div>\n\t\t\t\t\t<\/div>\n\t\t\t\t<\/div>\n\t\t<div class=\"elementor-element elementor-element-50106ab4 e-flex e-con-boxed e-con e-parent\" data-id=\"50106ab4\" data-element_type=\"container\" data-settings=\"{&quot;background_background&quot;:&quot;gradient&quot;}\">\n\t\t\t\t\t<div class=\"e-con-inner\">\n\t\t<div class=\"elementor-element elementor-element-235cb553 e-flex e-con-boxed e-con e-child\" data-id=\"235cb553\" data-element_type=\"container\">\n\t\t\t\t\t<div class=\"e-con-inner\">\n\t\t\t\t<div class=\"elementor-element elementor-element-17c4f0d1 elementor-widget elementor-widget-heading\" data-id=\"17c4f0d1\" data-element_type=\"widget\" data-widget_type=\"heading.default\">\n\t\t\t\t\t<h2 class=\"elementor-heading-title elementor-size-default\">150 expert\u016f ve v\u00fdzkumu a v\u00fdvoji<\/h2>\t\t\t\t<\/div>\n\t\t\t\t<div class=\"elementor-element elementor-element-73f16f20 elementor-widget elementor-widget-text-editor\" data-id=\"73f16f20\" data-element_type=\"widget\" data-widget_type=\"text-editor.default\">\n\t\t\t\t\t\t\t\t\t<p>Na\u0161i odborn\u00edci ze t\u0159\u00ed v\u00fdzkumn\u00fdch t\u00fdm\u016f spolupracuj\u00ed na v\u00fdvoji\u00a0<strong>inovativn\u00edch \u0159e\u0161en\u00ed\u00a0<\/strong>v souladu s nejnov\u011bj\u0161\u00edmi trendy na trhu a po\u017eadavky z\u00e1kazn\u00edk\u016f. Sledujeme environment\u00e1ln\u00ed trendy i legislativn\u00ed po\u017eadavky. Zab\u00fdv\u00e1me se aplikovan\u00fdm i experiment\u00e1ln\u00edm v\u00fdvojem.<\/p>\t\t\t\t\t\t\t\t<\/div>\n\t\t\t\t\t<\/div>\n\t\t\t\t<\/div>\n\t\t<div class=\"elementor-element elementor-element-103f5720 e-flex e-con-boxed e-con e-child\" data-id=\"103f5720\" data-element_type=\"container\">\n\t\t\t\t\t<div class=\"e-con-inner\">\n\t\t\t\t<div class=\"elementor-element elementor-element-2a82f4cd elementor-widget elementor-widget-image\" data-id=\"2a82f4cd\" data-element_type=\"widget\" id=\"add-mask-left\" data-widget_type=\"image.default\">\n\t\t\t\t\t\t\t\t\t\t\t\t\t\t\t<img decoding=\"async\" width=\"800\" height=\"447\" src=\"https:\/\/www.spolchemie.cz\/wp-content\/uploads\/2023\/07\/vyzkum-2.jpeg\" class=\"attachment-large size-large wp-image-2445\" alt=\"\" srcset=\"https:\/\/www.spolchemie.cz\/wp-content\/uploads\/2023\/07\/vyzkum-2.jpeg 999w, https:\/\/www.spolchemie.cz\/wp-content\/uploads\/2023\/07\/vyzkum-2-300x168.jpeg 300w, https:\/\/www.spolchemie.cz\/wp-content\/uploads\/2023\/07\/vyzkum-2-768x429.jpeg 768w\" sizes=\"(max-width: 800px) 100vw, 800px\" \/>\t\t\t\t\t\t\t\t\t\t\t\t\t\t\t<\/div>\n\t\t\t\t\t<\/div>\n\t\t\t\t<\/div>\n\t\t\t\t\t<\/div>\n\t\t\t\t<\/div>\n\t\t<div class=\"elementor-element elementor-element-8e31ed2 e-flex e-con-boxed e-con e-parent\" data-id=\"8e31ed2\" data-element_type=\"container\" data-settings=\"{&quot;background_background&quot;:&quot;classic&quot;}\">\n\t\t\t\t\t<div class=\"e-con-inner\">\n\t\t<div class=\"elementor-element elementor-element-7bbd809 e-flex e-con-boxed e-con e-child\" data-id=\"7bbd809\" data-element_type=\"container\">\n\t\t\t\t\t<div class=\"e-con-inner\">\n\t\t\t\t<div class=\"elementor-element elementor-element-d74c544 elementor-widget__width-initial elementor-widget elementor-widget-text-editor\" data-id=\"d74c544\" data-element_type=\"widget\" data-widget_type=\"text-editor.default\">\n\t\t\t\t\t\t\t\t\t<h2>V\u00edce ne\u017e 140 patent\u016f a \u0159ada aktivn\u00edch p\u0159ihl\u00e1\u0161ek<\/h2><p>Aplikovan\u00fd v\u00fdzkum je zam\u011b\u0159en nap\u0159\u00edklad na n\u00e1hradu bisfenol\u016f, v\u00fdvoj halogenov\u00fdch retard\u00e9r\u016f ho\u0159en\u00ed v epoxidov\u00fdch \u00a0prysky\u0159ic\u00edch nebo na zv\u00fd\u0161en\u00ed pod\u00edlu ekologicky \u0161etrn\u00fdch a obnoviteln\u00fdch zdroj\u016f. SPOLCHEMIE se m\u016f\u017ee chlubit v\u00edce ne\u017e 70 platn\u00fdmi patenty a \u0159adou aktivn\u00edch patentov\u00fdch p\u0159ihl\u00e1\u0161ek.<\/p>\t\t\t\t\t\t\t\t<\/div>\n\t\t\t\t\t<\/div>\n\t\t\t\t<\/div>\n\t\t\t\t\t<\/div>\n\t\t\t\t<\/div>\n\t\t<div class=\"elementor-element elementor-element-e8a8139 e-flex e-con-boxed e-con e-parent\" data-id=\"e8a8139\" data-element_type=\"container\" data-settings=\"{&quot;background_background&quot;:&quot;gradient&quot;}\">\n\t\t\t\t\t<div class=\"e-con-inner\">\n\t\t<div class=\"elementor-element elementor-element-faa97dc e-flex e-con-boxed e-con e-child\" data-id=\"faa97dc\" data-element_type=\"container\">\n\t\t\t\t\t<div class=\"e-con-inner\">\n\t\t\t\t<div class=\"elementor-element elementor-element-f93be7d elementor-widget elementor-widget-heading\" data-id=\"f93be7d\" data-element_type=\"widget\" data-widget_type=\"heading.default\">\n\t\t\t\t\t<h2 class=\"elementor-heading-title elementor-size-default\">V\u00fdzkumn\u00e9 centrum SYNPO<\/h2>\t\t\t\t<\/div>\n\t\t\t\t<div class=\"elementor-element elementor-element-3d03fc7 elementor-widget elementor-widget-text-editor\" data-id=\"3d03fc7\" data-element_type=\"widget\" data-widget_type=\"text-editor.default\">\n\t\t\t\t\t\t\t\t\t<p>Na\u0161e modern\u00ed v\u00fdzkumn\u00e9 centrum\u00a0<span style=\"text-decoration: underline;\"><strong><a href=\"https:\/\/www.synpo.cz\/\">SYNPO Pardubice<\/a>\u00a0<\/strong><\/span>se ji\u017e p\u0159es 70 let orientuje na v\u00fdzkum a v\u00fdvoj syntetick\u00fdch prysky\u0159ic. M\u00e1 v\u00edce ne\u017e 120 zam\u011bstnanc\u016f a je akreditovanou laborato\u0159\u00ed.\u00a0<\/p>\t\t\t\t\t\t\t\t<\/div>\n\t\t\t\t\t<\/div>\n\t\t\t\t<\/div>\n\t\t<div class=\"elementor-element elementor-element-4a5b0f1 e-flex e-con-boxed e-con e-child\" data-id=\"4a5b0f1\" data-element_type=\"container\">\n\t\t\t\t\t<div class=\"e-con-inner\">\n\t\t\t\t<div class=\"elementor-element elementor-element-90b2cfc elementor-widget elementor-widget-image\" data-id=\"90b2cfc\" data-element_type=\"widget\" data-widget_type=\"image.default\">\n\t\t\t\t\t\t\t\t\t\t\t\t\t\t\t<img decoding=\"async\" width=\"800\" height=\"800\" src=\"https:\/\/www.spolchemie.cz\/wp-content\/uploads\/2023\/07\/vyzkum-synpo-1024x1024.png\" class=\"attachment-large size-large wp-image-2446\" alt=\"\" srcset=\"https:\/\/www.spolchemie.cz\/wp-content\/uploads\/2023\/07\/vyzkum-synpo-1024x1024.png 1024w, https:\/\/www.spolchemie.cz\/wp-content\/uploads\/2023\/07\/vyzkum-synpo-300x300.png 300w, https:\/\/www.spolchemie.cz\/wp-content\/uploads\/2023\/07\/vyzkum-synpo-150x150.png 150w, https:\/\/www.spolchemie.cz\/wp-content\/uploads\/2023\/07\/vyzkum-synpo-768x768.png 768w, https:\/\/www.spolchemie.cz\/wp-content\/uploads\/2023\/07\/vyzkum-synpo-1536x1536.png 1536w, https:\/\/www.spolchemie.cz\/wp-content\/uploads\/2023\/07\/vyzkum-synpo.png 1600w\" sizes=\"(max-width: 800px) 100vw, 800px\" \/>\t\t\t\t\t\t\t\t\t\t\t\t\t\t\t<\/div>\n\t\t\t\t\t<\/div>\n\t\t\t\t<\/div>\n\t\t\t\t\t<\/div>\n\t\t\t\t<\/div>\n\t\t<div class=\"elementor-element elementor-element-903a87c e-flex e-con-boxed e-con e-parent\" data-id=\"903a87c\" data-element_type=\"container\" data-settings=\"{&quot;background_background&quot;:&quot;classic&quot;}\">\n\t\t\t\t\t<div class=\"e-con-inner\">\n\t\t<div class=\"elementor-element elementor-element-55c1198 e-flex e-con-boxed e-con e-child\" data-id=\"55c1198\" data-element_type=\"container\">\n\t\t\t\t\t<div class=\"e-con-inner\">\n\t\t\t\t<div class=\"elementor-element elementor-element-f20cca6 elementor-widget__width-initial elementor-widget elementor-widget-text-editor\" data-id=\"f20cca6\" data-element_type=\"widget\" data-widget_type=\"text-editor.default\">\n\t\t\t\t\t\t\t\t\t<h2>Nez\u00e1visl\u00e9 certifikace a analytick\u00e1 m\u011b\u0159en\u00ed<\/h2><p>Na\u0161e dce\u0159in\u00e1 spole\u010dnost SYNPO disponuje\u00a0<a href=\"https:\/\/www.synpo.cz\/sluzby\/\">akreditovan\u00fdmi laborato\u0159emi<\/a>, kter\u00e9 na\u0161im z\u00e1kazn\u00edk\u016fm poskytuj\u00ed nez\u00e1visl\u00e9 certifikace a analytick\u00e1 m\u011b\u0159en\u00ed. V r\u00e1mci experiment\u00e1ln\u00edho v\u00fdvoje zaji\u0161\u0165uje tak\u00e9 zav\u00e1d\u011bc\u00ed, maloton\u00e1\u017en\u00ed \u010di speci\u00e1ln\u00ed v\u00fdroby. Nez\u00e1visl\u00e9 v\u00fdzkumn\u00e9 \u010dinnosti poskytuje i t\u0159et\u00edm stran\u00e1m. V\u0161echny t\u00fdmy pracuj\u00ed ka\u017edoro\u010dn\u011b na v\u00edce ne\u017e pades\u00e1ti projektech technick\u00e9ho rozvoje a z\u00e1rove\u0148 flexibiln\u011b reaguj\u00ed na konkr\u00e9tn\u00ed z\u00e1kaznick\u00e9 po\u017eadavky.<\/p>\t\t\t\t\t\t\t\t<\/div>\n\t\t\t\t\t<\/div>\n\t\t\t\t<\/div>\n\t\t\t\t\t<\/div>\n\t\t\t\t<\/div>\n\t\t<div data-dce-background-color=\"#FFFFFF\" class=\"elementor-element elementor-element-22fdd3e e-flex e-con-boxed e-con e-parent\" data-id=\"22fdd3e\" data-element_type=\"container\" data-settings=\"{&quot;background_background&quot;:&quot;gradient&quot;}\">\n\t\t\t\t\t<div class=\"e-con-inner\">\n\t\t<div class=\"elementor-element elementor-element-dd3a328 e-flex e-con-boxed e-con e-child\" data-id=\"dd3a328\" data-element_type=\"container\">\n\t\t\t\t\t<div class=\"e-con-inner\">\n\t\t\t\t<div class=\"elementor-element elementor-element-d5557b5 elementor-widget elementor-widget-heading\" data-id=\"d5557b5\" data-element_type=\"widget\" data-widget_type=\"heading.default\">\n\t\t\t\t\t<h2 class=\"elementor-heading-title elementor-size-default\">M\u00e1te dotaz nebo z\u00e1jem o spolupr\u00e1ci?<\/h2>\t\t\t\t<\/div>\n\t\t\t\t<div class=\"elementor-element elementor-element-662c446 elementor-widget elementor-widget-text-editor\" data-id=\"662c446\" data-element_type=\"widget\" data-widget_type=\"text-editor.default\">\n\t\t\t\t\t\t\t\t\t<p>Odesl\u00e1n\u00edm formul\u00e1\u0159e souhlas\u00edte s\u00a0<a href=\"https:\/\/www.spolchemie.cz\/gdpr_cs\/\">podm\u00ednkami ochrany osobn\u00edch \u00fadaj\u016f<\/a>\u00a0a ud\u011blujete n\u00e1m souhlas s jejich zpracov\u00e1n\u00edm.<\/p>\t\t\t\t\t\t\t\t<\/div>\n\t\t\t\t<div class=\"elementor-element elementor-element-bfbd9a1 elementor-button-align-end elementor-widget elementor-widget-form\" data-id=\"bfbd9a1\" data-element_type=\"widget\" data-settings=\"{&quot;step_next_label&quot;:&quot;Dal\\u0161\\u00ed&quot;,&quot;step_previous_label&quot;:&quot;P\\u0159edchoz\\u00ed&quot;,&quot;button_width&quot;:&quot;100&quot;,&quot;step_type&quot;:&quot;number_text&quot;,&quot;step_icon_shape&quot;:&quot;circle&quot;}\" data-widget_type=\"form.default\">\n\t\t\t\t<div class=\"elementor-widget-container\">\n\t\t\t\t\t\t\t<form class=\"elementor-form\" method=\"post\" name=\"Formul\u00e1\u0159 pozice\">\n\t\t\t<input type=\"hidden\" name=\"post_id\" value=\"2327\"\/>\n\t\t\t<input type=\"hidden\" name=\"form_id\" value=\"bfbd9a1\"\/>\n\t\t\t<input type=\"hidden\" name=\"referer_title\" value=\"\" \/>\n\n\t\t\t\n\t\t\t<div class=\"elementor-form-fields-wrapper elementor-labels-above\">\n\t\t\t\t\t\t\t\t<div class=\"elementor-field-type-text elementor-field-group elementor-column elementor-field-group-jmeno elementor-col-100 elementor-field-required elementor-mark-required\">\n\t\t\t\t\t\t\t\t\t\t\t\t<label for=\"form-field-jmeno\" class=\"elementor-field-label\">\n\t\t\t\t\t\t\t\tN\u00e1zev spole\u010dnosti\t\t\t\t\t\t\t<\/label>\n\t\t\t\t\t\t\t\t\t\t\t\t\t\t<input size=\"1\" type=\"text\" name=\"form_fields[jmeno]\" id=\"form-field-jmeno\" class=\"elementor-field elementor-size-sm  elementor-field-textual\" required=\"required\" aria-required=\"true\">\n\t\t\t\t\t\t\t\t\t\t\t<\/div>\n\t\t\t\t\t\t\t\t<div class=\"elementor-field-type-text elementor-field-group elementor-column elementor-field-group-field_9e4f4c9 elementor-col-100 elementor-field-required elementor-mark-required\">\n\t\t\t\t\t\t\t\t\t\t\t\t<label for=\"form-field-field_9e4f4c9\" class=\"elementor-field-label\">\n\t\t\t\t\t\t\t\tKontaktn\u00ed osoba\t\t\t\t\t\t\t<\/label>\n\t\t\t\t\t\t\t\t\t\t\t\t\t\t<input size=\"1\" type=\"text\" name=\"form_fields[field_9e4f4c9]\" id=\"form-field-field_9e4f4c9\" class=\"elementor-field elementor-size-sm  elementor-field-textual\" required=\"required\" aria-required=\"true\">\n\t\t\t\t\t\t\t\t\t\t\t<\/div>\n\t\t\t\t\t\t\t\t<div class=\"elementor-field-type-email elementor-field-group elementor-column elementor-field-group-email elementor-col-100 elementor-field-required elementor-mark-required\">\n\t\t\t\t\t\t\t\t\t\t\t\t<label for=\"form-field-email\" class=\"elementor-field-label\">\n\t\t\t\t\t\t\t\tEmail\t\t\t\t\t\t\t<\/label>\n\t\t\t\t\t\t\t\t\t\t\t\t\t\t<input size=\"1\" type=\"email\" name=\"form_fields[email]\" id=\"form-field-email\" class=\"elementor-field elementor-size-sm  elementor-field-textual\" required=\"required\" aria-required=\"true\">\n\t\t\t\t\t\t\t\t\t\t\t<\/div>\n\t\t\t\t\t\t\t\t<div class=\"elementor-field-type-tel elementor-field-group elementor-column elementor-field-group-telefon elementor-col-100 elementor-field-required elementor-mark-required\">\n\t\t\t\t\t\t\t\t\t\t\t\t<label for=\"form-field-telefon\" class=\"elementor-field-label\">\n\t\t\t\t\t\t\t\tTelefon\t\t\t\t\t\t\t<\/label>\n\t\t\t\t\t\t\t\t<input size=\"1\" type=\"tel\" name=\"form_fields[telefon]\" id=\"form-field-telefon\" class=\"elementor-field elementor-size-sm  elementor-field-textual\" required=\"required\" aria-required=\"true\" pattern=\"[0-9()#&amp;+*-=.]+\" title=\"Only numbers and phone characters (#, -, *, etc) are accepted.\">\n\n\t\t\t\t\t\t<\/div>\n\t\t\t\t\t\t\t\t<div class=\"elementor-field-type-select elementor-field-group elementor-column elementor-field-group-field_7097175 elementor-col-100 elementor-field-required elementor-mark-required\">\n\t\t\t\t\t\t\t\t\t\t\t\t<label for=\"form-field-field_7097175\" class=\"elementor-field-label\">\n\t\t\t\t\t\t\t\tOblast z\u00e1jmu\t\t\t\t\t\t\t<\/label>\n\t\t\t\t\t\t\t\t<div class=\"elementor-field elementor-select-wrapper remove-before \">\n\t\t\t<div class=\"select-caret-down-wrapper\">\n\t\t\t\t<svg aria-hidden=\"true\" class=\"e-font-icon-svg e-eicon-caret-down\" viewBox=\"0 0 571.4 571.4\" xmlns=\"http:\/\/www.w3.org\/2000\/svg\"><path d=\"M571 393Q571 407 561 418L311 668Q300 679 286 679T261 668L11 418Q0 407 0 393T11 368 36 357H536Q550 357 561 368T571 393Z\"><\/path><\/svg>\t\t\t<\/div>\n\t\t\t<select name=\"form_fields[field_7097175]\" id=\"form-field-field_7097175\" class=\"elementor-field-textual elementor-size-sm\" required=\"required\" aria-required=\"true\">\n\t\t\t\t\t\t\t\t\t<option value=\"V\u00fdvoj individu\u00e1ln\u00edho produktu\">V\u00fdvoj individu\u00e1ln\u00edho produktu<\/option>\n\t\t\t\t\t\t\t\t\t<option value=\"Informace ke st\u00e1vaj\u00edc\u00edm produkt\u016fm\">Informace ke st\u00e1vaj\u00edc\u00edm produkt\u016fm<\/option>\n\t\t\t\t\t\t\t\t\t<option value=\"Z\u00e1jem o slu\u017eby\">Z\u00e1jem o slu\u017eby<\/option>\n\t\t\t\t\t\t\t\t\t<option value=\"Jin\u00e9\">Jin\u00e9<\/option>\n\t\t\t\t\t\t\t<\/select>\n\t\t<\/div>\n\t\t\t\t\t\t<\/div>\n\t\t\t\t\t\t\t\t<div class=\"elementor-field-type-textarea elementor-field-group elementor-column elementor-field-group-field_de80030 elementor-col-100 elementor-field-required elementor-mark-required\">\n\t\t\t\t\t\t\t\t\t\t\t\t<label for=\"form-field-field_de80030\" class=\"elementor-field-label\">\n\t\t\t\t\t\t\t\tPopis po\u017eadavku\t\t\t\t\t\t\t<\/label>\n\t\t\t\t\t\t<textarea class=\"elementor-field-textual elementor-field  elementor-size-sm\" name=\"form_fields[field_de80030]\" id=\"form-field-field_de80030\" rows=\"4\" required=\"required\" aria-required=\"true\"><\/textarea>\t\t\t\t<\/div>\n\t\t\t\t\t\t\t\t<div class=\"elementor-field-type-acceptance elementor-field-group elementor-column elementor-field-group-GDPR elementor-col-100 elementor-field-required elementor-mark-required\">\n\t\t\t\t\t\t\t<div class=\"elementor-field-subgroup\">\n\t\t\t<span class=\"elementor-field-option\">\n\t\t\t\t<input type=\"checkbox\" name=\"form_fields[GDPR]\" id=\"form-field-GDPR\" class=\"elementor-field elementor-size-sm  elementor-acceptance-field\" required=\"required\" aria-required=\"true\">\n\t\t\t\t<label for=\"form-field-GDPR\">Za\u0161krtnut\u00edm tohoto pol\u00ed\u010dka ud\u011bluji souhlas se zpracov\u00e1n\u00edm osobn\u00edch \u00fadaj\u016f, kter\u00e9 jsem vyplnil\/a v tomto formul\u00e1\u0159i, v souladu s Na\u0159\u00edzen\u00edm Evropsk\u00e9ho parlamentu a Rady (EU) 2016\/679 ze dne 27. dubna 2016 o ochran\u011b fyzick\u00fdch osob v souvislosti se zpracov\u00e1n\u00edm osobn\u00edch \u00fadaj\u016f.<\/label>\t\t\t<\/span>\n\t\t<\/div>\n\t\t\t\t\t\t<\/div>\n\t\t\t\t\t\t\t\t<div class=\"elementor-field-type-hidden elementor-field-group elementor-column elementor-field-group-profese elementor-col-100\">\n\t\t\t\t\t\t\t\t\t\t\t\t\t<input size=\"1\" type=\"hidden\" name=\"form_fields[profese]\" id=\"form-field-profese\" class=\"elementor-field elementor-size-sm  elementor-field-textual\">\n\t\t\t\t\t\t\t\t\t\t\t<\/div>\n\t\t\t\t\t\t\t\t<div class=\"elementor-field-type-hidden elementor-field-group elementor-column elementor-field-group-pozice elementor-col-100\">\n\t\t\t\t\t\t\t\t\t\t\t\t\t<input size=\"1\" type=\"hidden\" name=\"form_fields[pozice]\" id=\"form-field-pozice\" class=\"elementor-field elementor-size-sm  elementor-field-textual\">\n\t\t\t\t\t\t\t\t\t\t\t<\/div>\n\t\t\t\t\t\t\t\t<div class=\"elementor-field-type-text\">\n\t\t\t\t\t<input size=\"1\" type=\"text\" name=\"form_fields[field_f8aad56]\" id=\"form-field-field_f8aad56\" class=\"elementor-field elementor-size-sm \" style=\"display:none !important;\">\t\t\t\t<\/div>\n\t\t\t\t\t\t\t\t<div class=\"elementor-field-type-recaptcha_v3 elementor-field-group elementor-column elementor-field-group-field_69db6a7 elementor-col-100 recaptcha_v3-bottomright\">\n\t\t\t\t\t<div class=\"elementor-field\" id=\"form-field-field_69db6a7\"><div class=\"elementor-g-recaptcha\" data-sitekey=\"6LeSli0sAAAAAHGKEhHWKW3jwZRsWnCZmxgchp77\" data-type=\"v3\" data-action=\"Form\" data-badge=\"bottomright\" data-size=\"invisible\"><\/div><\/div>\t\t\t\t<\/div>\n\t\t\t\t\t\t\t\t<div class=\"elementor-field-group elementor-column elementor-field-type-submit elementor-col-100 e-form__buttons\">\n\t\t\t\t\t<button class=\"elementor-button elementor-size-md\" type=\"submit\">\n\t\t\t\t\t\t<span class=\"elementor-button-content-wrapper\">\n\t\t\t\t\t\t\t\t\t\t\t\t\t\t\t\t\t\t\t\t\t\t<span class=\"elementor-button-text\">ODESLAT<\/span>\n\t\t\t\t\t\t\t\t\t\t\t\t\t<\/span>\n\t\t\t\t\t<\/button>\n\t\t\t\t<\/div>\n\t\t\t<\/div>\n\t\t<\/form>\n\t\t\t\t\t\t<\/div>\n\t\t\t\t<\/div>\n\t\t\t\t\t<\/div>\n\t\t\t\t<\/div>\n\t\t\t\t\t<\/div>\n\t\t\t\t<\/div>\n\t\t\t\t<\/div>\n\t\t","protected":false},"excerpt":{"rendered":"<p>Spolchemie Oblasti v\u00fdzkumu a v\u00fdvoje Inovace jsou pro n\u00e1s samoz\u0159ejmost\u00ed, vyv\u00edj\u00edme nov\u00e1 \u0159e\u0161en\u00ed pro na\u0161e z\u00e1kazn\u00edky a optimalizujeme na\u0161e technologick\u00e9 procesy. V\u00fdzkum se odehr\u00e1v\u00e1 ve t\u0159ech R&amp;D centrech V\u00fdzkum oboru anorganiky\u00a0(\u00dast\u00ed nad Labem) &#8211; pro v\u00edce info:\u00a0inorganics@spolchemie.cz V\u00fdzkum a technick\u00fd servis oboru syntetick\u00fdch prysky\u0159ic\u00a0(\u00dast\u00ed nad Labem) &#8211; pro v\u00edce info:\u00a0resins@spolchemie.cz V\u00fdzkum a akreditovan\u00e9 laborato\u0159e\u00a0SYNPO Pardubice [&hellip;]<\/p>\n","protected":false},"author":1,"featured_media":0,"parent":204,"menu_order":0,"comment_status":"closed","ping_status":"closed","template":"","meta":{"_acf_changed":false,"_seopress_robots_primary_cat":"","_seopress_titles_title":"","_seopress_titles_desc":"","_seopress_robots_index":"","footnotes":"","_links_to":"","_links_to_target":""},"class_list":["post-2327","page","type-page","status-publish","hentry"],"acf":[],"_links":{"self":[{"href":"https:\/\/www.spolchemie.cz\/cs\/wp-json\/wp\/v2\/pages\/2327","targetHints":{"allow":["GET"]}}],"collection":[{"href":"https:\/\/www.spolchemie.cz\/cs\/wp-json\/wp\/v2\/pages"}],"about":[{"href":"https:\/\/www.spolchemie.cz\/cs\/wp-json\/wp\/v2\/types\/page"}],"author":[{"embeddable":true,"href":"https:\/\/www.spolchemie.cz\/cs\/wp-json\/wp\/v2\/users\/1"}],"replies":[{"embeddable":true,"href":"https:\/\/www.spolchemie.cz\/cs\/wp-json\/wp\/v2\/comments?post=2327"}],"version-history":[{"count":34,"href":"https:\/\/www.spolchemie.cz\/cs\/wp-json\/wp\/v2\/pages\/2327\/revisions"}],"predecessor-version":[{"id":109904,"href":"https:\/\/www.spolchemie.cz\/cs\/wp-json\/wp\/v2\/pages\/2327\/revisions\/109904"}],"up":[{"embeddable":true,"href":"https:\/\/www.spolchemie.cz\/cs\/wp-json\/wp\/v2\/pages\/204"}],"wp:attachment":[{"href":"https:\/\/www.spolchemie.cz\/cs\/wp-json\/wp\/v2\/media?parent=2327"}],"curies":[{"name":"wp","href":"https:\/\/api.w.org\/{rel}","templated":true}]}}