{"id":2337,"date":"2023-07-11T16:44:37","date_gmt":"2023-07-11T14:44:37","guid":{"rendered":"https:\/\/www.spolchemie.cz\/?page_id=2337"},"modified":"2026-02-23T14:16:56","modified_gmt":"2026-02-23T13:16:56","slug":"zivotni-prostredi-zelena-spolchemie","status":"publish","type":"page","link":"https:\/\/www.spolchemie.cz\/cs\/odpovedna-firma\/udrzitelny-rozvoj\/zivotni-prostredi-zelena-spolchemie\/","title":{"rendered":"\u017divotn\u00ed prost\u0159ed\u00ed &#038; Zelen\u00e1 Spolchemie"},"content":{"rendered":"\t\t<div data-elementor-type=\"wp-page\" data-elementor-id=\"2337\" class=\"elementor elementor-2337\" data-elementor-post-type=\"page\">\n\t\t\t\t<div data-dce-background-image-url=\"https:\/\/www.spolchemie.cz\/wp-content\/uploads\/2023\/07\/skupina-1.jpeg\" class=\"elementor-element elementor-element-48ec021 e-con-full e-flex e-con e-parent\" data-id=\"48ec021\" data-element_type=\"container\" data-settings=\"{&quot;background_background&quot;:&quot;classic&quot;}\">\n\t\t\t\t<\/div>\n\t\t<div class=\"elementor-element elementor-element-333ac3a0 e-flex e-con-boxed e-con e-parent\" data-id=\"333ac3a0\" data-element_type=\"container\" data-settings=\"{&quot;background_background&quot;:&quot;classic&quot;}\">\n\t\t\t\t\t<div class=\"e-con-inner\">\n\t\t<div class=\"elementor-element elementor-element-75796933 e-flex e-con-boxed e-con e-child\" data-id=\"75796933\" data-element_type=\"container\">\n\t\t\t\t\t<div class=\"e-con-inner\">\n\t\t\t\t<div class=\"elementor-element elementor-element-309c9d27 elementor-widget elementor-widget-sp-breadcrumbs\" data-id=\"309c9d27\" data-element_type=\"widget\" data-widget_type=\"sp-breadcrumbs.default\">\n\t\t\t\t<div class=\"elementor-widget-container\">\n\t\t\t\t\t<nav  aria-label=\"breadcrumb\"><ol class=\"breadcrumb\" itemscope itemtype=\"https:\/\/schema.org\/BreadcrumbList\"><li class=\"breadcrumb-item active\" aria-current=\"page\" itemprop=\"itemListElement\" itemscope itemtype=\"https:\/\/schema.org\/ListItem\"><span itemprop=\"name\">Spolchemie<\/span><meta itemprop=\"position\" content=\"1\"><\/li><\/ol><\/nav>\t\t\t\t<\/div>\n\t\t\t\t<\/div>\n\t\t\t\t<div class=\"elementor-element elementor-element-1ca66291 elementor-widget elementor-widget-heading\" data-id=\"1ca66291\" data-element_type=\"widget\" data-widget_type=\"heading.default\">\n\t\t\t\t\t<h1 class=\"elementor-heading-title elementor-size-default\">\u017divotn\u00ed prost\u0159ed\u00ed &#038; Zelen\u00e1 Spolchemie<\/h1>\t\t\t\t<\/div>\n\t\t\t\t\t<\/div>\n\t\t\t\t<\/div>\n\t\t\t\t\t<\/div>\n\t\t\t\t<\/div>\n\t\t<div class=\"elementor-element elementor-element-70bc069b e-flex e-con-boxed e-con e-parent\" data-id=\"70bc069b\" data-element_type=\"container\" data-settings=\"{&quot;background_background&quot;:&quot;classic&quot;}\">\n\t\t\t\t\t<div class=\"e-con-inner\">\n\t\t<div class=\"elementor-element elementor-element-1c424838 e-flex e-con-boxed e-con e-child\" data-id=\"1c424838\" data-element_type=\"container\">\n\t\t\t\t\t<div class=\"e-con-inner\">\n\t\t\t\t<div class=\"elementor-element elementor-element-21f814f1 elementor-widget elementor-widget-text-editor\" data-id=\"21f814f1\" data-element_type=\"widget\" data-widget_type=\"text-editor.default\">\n\t\t\t\t\t\t\t\t\t<div id=\"block_9739\" class=\"page_block individual_font_size_1 text_align_left vertical_align_top special_image_vertical_align_top block_template_100\"><article class=\"block_template_100\"><div class=\"html\"><p><strong>Ochrana \u017eivotn\u00edho prost\u0159ed\u00ed je sou\u010d\u00e1st\u00ed v\u0161ech na\u0161ich ka\u017edodenn\u00edch aktivit. Jsme si pln\u011b v\u011bdomi odpov\u011bdnosti v\u016f\u010di na\u0161emu okol\u00ed a jeho obyvatel\u016fm, v\u016f\u010di p\u0159\u00edrod\u011b a krajin\u011b kolem n\u00e1s i v\u016f\u010di klimatu.\u00a0<\/strong><\/p><p>\u0158\u00edzen\u011b minimalizujeme negativn\u00ed vliv na\u0161\u00ed \u010dinnosti a sni\u017eujeme svou uhl\u00edkovou stopu s c\u00edlem zachovat kvalitn\u00ed \u017eivotn\u00ed prost\u0159ed\u00ed a p\u0159\u00edrodn\u00ed zdroje pro budouc\u00ed generace. Zav\u00e1d\u00edme nejmodern\u011bj\u0161\u00ed technologie a postupy a vyv\u00edj\u00edme produkty, kter\u00e9 jsou \u0161etrn\u00e9 v\u016f\u010di p\u0159\u00edrod\u011b i lidem. Vyu\u017e\u00edv\u00e1me obnoviteln\u00e9 suroviny a zdroje a usilujeme o efektivn\u00ed vyu\u017eit\u00ed energi\u00ed. Prov\u00e1d\u00edme d\u016fkladn\u00fd monitoring emis\u00ed, odpadn\u00edch vod a odpad\u016f. V maxim\u00e1ln\u00ed m\u00ed\u0159e separujeme odpady v\u010detn\u011b elektroza\u0159\u00edzen\u00ed ve v\u00fdrob\u011b, skladech i kancel\u00e1\u0159\u00edch.<\/p><p>Na\u0161e aktivity v oblasti \u017eivotn\u00edho prost\u0159ed\u00ed jsou sou\u010d\u00e1st\u00ed programu Zelen\u00e1 SPOLCHEMIE.<\/p><p>\u00a0<\/p><\/div><\/article><\/div><div id=\"block_9741\" class=\"page_block individual_font_size_1 text_align_left vertical_align_top special_image_vertical_align_top block_template_100\"><article class=\"block_template_100\"><div class=\"html\"><h3>HLAVN\u00cd C\u00cdLE KONCEPTU ZELEN\u00c1 SPOLCHEMIE<\/h3><ul><li>Minimalizace negativn\u00edch vliv\u016f na \u017eivotn\u00ed prost\u0159ed\u00ed<\/li><li>Aktivn\u00ed p\u0159\u00edstup k dosa\u017een\u00ed Zelen\u00e9 dohody pro Evropu (Green Deal)\u00a0<\/li><li>Bezpe\u010dnost okol\u00ed na\u0161eho are\u00e1lu, m\u011bsta a \u0161ir\u0161\u00edho okol\u00ed\u00a0<\/li><li>Poskytov\u00e1n\u00ed produkt\u016f a slu\u017eeb, kter\u00e9 pln\u011b respektuj\u00ed vysok\u00e9 standardy bezpe\u010dnosti a udr\u017eitelnosti\u00a0<\/li><li>Po\u017eadov\u00e1n\u00ed vysok\u00fdch standard\u016f udr\u017eiteln\u00e9ho rozvoje po na\u0161ich dodavatel\u00edch<\/li><\/ul><\/div><\/article><\/div>\t\t\t\t\t\t\t\t<\/div>\n\t\t\t\t\t<\/div>\n\t\t\t\t<\/div>\n\t\t\t\t\t<\/div>\n\t\t\t\t<\/div>\n\t\t<div class=\"elementor-element elementor-element-35c0981 e-flex e-con-boxed e-con e-parent\" data-id=\"35c0981\" data-element_type=\"container\" data-settings=\"{&quot;background_background&quot;:&quot;classic&quot;}\">\n\t\t\t\t\t<div class=\"e-con-inner\">\n\t\t<div class=\"elementor-element elementor-element-df90f7d e-flex e-con-boxed e-con e-child\" data-id=\"df90f7d\" data-element_type=\"container\">\n\t\t\t\t\t<div class=\"e-con-inner\">\n\t\t\t\t<div class=\"elementor-element elementor-element-26a1d19 elementor-widget elementor-widget-text-editor\" data-id=\"26a1d19\" data-element_type=\"widget\" data-widget_type=\"text-editor.default\">\n\t\t\t\t\t\t\t\t\t<p>Na\u0161e z\u00e1kladn\u00ed hodnoty, c\u00edle a postupy v environment\u00e1ln\u00ed oblasti definuje <strong><a href=\"https:\/\/www.spolchemie.cz\/wp-content\/uploads\/2024\/04\/Politika-Spolchemie_2024_04.pdf\">Politika SPOLCHEMIE<\/a><\/strong>\u00a0a na\u0161e v\u00fdsledky shrnujeme ka\u017edoro\u010dn\u011b ve\u00a0<strong><a href=\"https:\/\/www.spolchemie.cz\/wp-content\/uploads\/2025\/10\/SPOLCHEMIE_ZZP_2024_final.pdf\">Zpr\u00e1v\u011b o ochran\u011b \u017eivotn\u00edho prost\u0159ed\u00ed.\u00a0<\/a><\/strong><\/p>\t\t\t\t\t\t\t\t<\/div>\n\t\t\t\t\t<\/div>\n\t\t\t\t<\/div>\n\t\t\t\t\t<\/div>\n\t\t\t\t<\/div>\n\t\t<div data-dce-background-color=\"#EAEAEA\" class=\"elementor-element elementor-element-3d01ec1a e-flex e-con-boxed e-con e-parent\" data-id=\"3d01ec1a\" data-element_type=\"container\" data-settings=\"{&quot;background_background&quot;:&quot;classic&quot;}\">\n\t\t\t\t\t<div class=\"e-con-inner\">\n\t\t<div class=\"elementor-element elementor-element-5256283a e-flex e-con-boxed e-con e-child\" data-id=\"5256283a\" data-element_type=\"container\">\n\t\t\t\t\t<div class=\"e-con-inner\">\n\t\t\t\t<div class=\"elementor-element elementor-element-292c9603 elementor-widget elementor-widget-text-editor\" data-id=\"292c9603\" data-element_type=\"widget\" data-widget_type=\"text-editor.default\">\n\t\t\t\t\t\t\t\t\t<h3>INTENZIVN\u011a MODERNIZUJEME A SNI\u017dUJEME SPOT\u0158EBU ENERGIE\u00a0<\/h3><p>Od roku 2004 do roku 2021 jsme sn\u00ed\u017eili m\u011brnou spot\u0159ebu energi\u00ed o 40%.\u00a0Zav\u00e1d\u00edme nejmodern\u011bj\u0161\u00ed technologie a postupy, kter\u00e9 jsou \u0161etrn\u00e9 v\u016f\u010di p\u0159\u00edrod\u011b i lidem. Za posledn\u00edch 15 let jsme investovali do nov\u00fdch technologi\u00ed v\u00edce jak 5 miliard K\u010d. Aktu\u00e1ln\u011b v\u00edce jak 90 % na\u0161\u00ed v\u00fdroby prob\u00edh\u00e1 na za\u0159\u00edzen\u00edch uveden\u00fdch do provozu po roce 2000. Tyto nejmodern\u011bj\u0161\u00ed technologie spl\u0148uj\u00ed vysok\u00e9 standardy jak z hlediska ochrany \u017eivotn\u00edho prost\u0159ed\u00ed, tak i z hlediska surovinov\u00e9 a energetick\u00e9 n\u00e1ro\u010dnosti a provozn\u00ed bezpe\u010dnosti.<br \/><strong>Jednodu\u0161e \u0159e\u010deno: pom\u00e1haj\u00ed n\u00e1m vyr\u00e1b\u011bt efektivn\u011b, \u0161etrn\u011b a bezpe\u010dn\u011b.<\/strong><\/p>\t\t\t\t\t\t\t\t<\/div>\n\t\t\t\t\t<\/div>\n\t\t\t\t<\/div>\n\t\t\t\t\t<\/div>\n\t\t\t\t<\/div>\n\t\t<div class=\"elementor-element elementor-element-c6d56ce e-flex e-con-boxed e-con e-parent\" data-id=\"c6d56ce\" data-element_type=\"container\" data-settings=\"{&quot;background_background&quot;:&quot;classic&quot;}\">\n\t\t\t\t\t<div class=\"e-con-inner\">\n\t\t<div class=\"elementor-element elementor-element-a973feb e-con-full e-flex e-con e-child\" data-id=\"a973feb\" data-element_type=\"container\">\n\t\t\t\t<div class=\"elementor-element elementor-element-e5a4bb1 elementor-widget elementor-widget-text-editor\" data-id=\"e5a4bb1\" data-element_type=\"widget\" data-widget_type=\"text-editor.default\">\n\t\t\t\t\t\t\t\t\t<h3>MEMBR\u00c1NOV\u00c1 ELEKTROL\u00ddZA &#8211; V\u00ddROBA BEZ RTUTI<\/h3><p>V roce 2017 jsme spustili novou membr\u00e1novou elektrol\u00fdzu, \u010d\u00edm\u017e jsme vylou\u010dili rtu\u0165 z v\u00fdroby hydroxid\u016f a chloru, v\u00fdznamn\u011b sn\u00ed\u017eili m\u011brnou spot\u0159ebu energie a z\u00e1rove\u0148 umo\u017enili v\u011bt\u0161\u00ed produkce vod\u00edku, kter\u00fd lze vyu\u017e\u00edt jako bezemisn\u00ed energetick\u00fd zdroj, nap\u0159. jako palivo dopravn\u00edch prost\u0159edk\u016f<\/p>\t\t\t\t\t\t\t\t<\/div>\n\t\t\t\t<\/div>\n\t\t<div class=\"elementor-element elementor-element-2a2674c e-con-full e-flex e-con e-child\" data-id=\"2a2674c\" data-element_type=\"container\">\n\t\t\t\t<div class=\"elementor-element elementor-element-093fab8 elementor-widget elementor-widget-image\" data-id=\"093fab8\" data-element_type=\"widget\" data-widget_type=\"image.default\">\n\t\t\t\t\t\t\t\t\t\t\t\t\t\t\t<img fetchpriority=\"high\" decoding=\"async\" width=\"800\" height=\"533\" src=\"https:\/\/www.spolchemie.cz\/wp-content\/uploads\/2023\/07\/zelena-2.jpeg\" class=\"attachment-large size-large wp-image-2516\" alt=\"\" srcset=\"https:\/\/www.spolchemie.cz\/wp-content\/uploads\/2023\/07\/zelena-2.jpeg 901w, https:\/\/www.spolchemie.cz\/wp-content\/uploads\/2023\/07\/zelena-2-300x200.jpeg 300w, https:\/\/www.spolchemie.cz\/wp-content\/uploads\/2023\/07\/zelena-2-768x511.jpeg 768w\" sizes=\"(max-width: 800px) 100vw, 800px\" \/>\t\t\t\t\t\t\t\t\t\t\t\t\t\t\t<\/div>\n\t\t\t\t<\/div>\n\t\t\t\t\t<\/div>\n\t\t\t\t<\/div>\n\t\t<div class=\"elementor-element elementor-element-33f438c e-flex e-con-boxed e-con e-parent\" data-id=\"33f438c\" data-element_type=\"container\" data-settings=\"{&quot;background_background&quot;:&quot;classic&quot;}\">\n\t\t\t\t\t<div class=\"e-con-inner\">\n\t\t<div class=\"elementor-element elementor-element-99114e5 e-con-full e-flex e-con e-child\" data-id=\"99114e5\" data-element_type=\"container\">\n\t\t\t\t<div class=\"elementor-element elementor-element-dafae2e elementor-widget elementor-widget-text-editor\" data-id=\"dafae2e\" data-element_type=\"widget\" data-widget_type=\"text-editor.default\">\n\t\t\t\t\t\t\t\t\t<h3>VOD\u00cdK<\/h3><p>Vod\u00edk vznik\u00e1 v na\u0161\u00ed elektrolytick\u00e9 v\u00fdrob\u011b jako vedlej\u0161\u00ed produkt. V sou\u010dasn\u00e9 dob\u011b spolupracujeme na n\u011bkolika projektech jeho vyu\u017eit\u00ed pro pohon dopravn\u00edch prost\u0159edk\u016f. S Dopravn\u00edm podnikem m\u011bsta \u00dast\u00ed nad Labem pracujeme na tom, aby na okraji na\u0161eho are\u00e1lu vyrostla vod\u00edkov\u00e1 \u010derpac\u00ed stanice pro \u00fa\u010dely m\u011bstsk\u00fdch vod\u00edkov\u00fdch autobus\u016f. Spolupracujeme tak\u00e9 se spole\u010dnostmi ARRIVA CZ a \u010cEPRO na\u00a0<a href=\"https:\/\/www.spolchemie.cz\/aktuality\/95-vyuziti-vodiku-v-zeleznicni-doprave\/\">projektu vod\u00edkov\u00fdch vlak\u016f<\/a>, kter\u00e9 by v budoucnu mohly nahradit dieselov\u00e9 lokomotivy na neelektrifikovan\u00fdch trat\u00edch v kraji.\u00a0<\/p>\t\t\t\t\t\t\t\t<\/div>\n\t\t\t\t<\/div>\n\t\t<div class=\"elementor-element elementor-element-a6227bc e-con-full e-flex e-con e-child\" data-id=\"a6227bc\" data-element_type=\"container\">\n\t\t\t\t<div class=\"elementor-element elementor-element-72be441 elementor-widget elementor-widget-image\" data-id=\"72be441\" data-element_type=\"widget\" data-widget_type=\"image.default\">\n\t\t\t\t\t\t\t\t\t\t\t\t\t\t\t<img decoding=\"async\" width=\"461\" height=\"346\" src=\"https:\/\/www.spolchemie.cz\/wp-content\/uploads\/2023\/07\/zelena-3.png\" class=\"attachment-large size-large wp-image-2517\" alt=\"\" srcset=\"https:\/\/www.spolchemie.cz\/wp-content\/uploads\/2023\/07\/zelena-3.png 461w, https:\/\/www.spolchemie.cz\/wp-content\/uploads\/2023\/07\/zelena-3-300x225.png 300w\" sizes=\"(max-width: 461px) 100vw, 461px\" \/>\t\t\t\t\t\t\t\t\t\t\t\t\t\t\t<\/div>\n\t\t\t\t<\/div>\n\t\t\t\t\t<\/div>\n\t\t\t\t<\/div>\n\t\t<div class=\"elementor-element elementor-element-b53b38d e-flex e-con-boxed e-con e-parent\" data-id=\"b53b38d\" data-element_type=\"container\" data-settings=\"{&quot;background_background&quot;:&quot;classic&quot;}\">\n\t\t\t\t\t<div class=\"e-con-inner\">\n\t\t<div class=\"elementor-element elementor-element-e243457 e-con-full e-flex e-con e-child\" data-id=\"e243457\" data-element_type=\"container\">\n\t\t\t\t<div class=\"elementor-element elementor-element-c338d45 elementor-widget elementor-widget-image\" data-id=\"c338d45\" data-element_type=\"widget\" data-widget_type=\"image.default\">\n\t\t\t\t\t\t\t\t\t\t\t\t\t\t\t<img decoding=\"async\" width=\"546\" height=\"410\" src=\"https:\/\/www.spolchemie.cz\/wp-content\/uploads\/2023\/07\/zelena-4.jpeg\" class=\"attachment-large size-large wp-image-2518\" alt=\"\" srcset=\"https:\/\/www.spolchemie.cz\/wp-content\/uploads\/2023\/07\/zelena-4.jpeg 546w, https:\/\/www.spolchemie.cz\/wp-content\/uploads\/2023\/07\/zelena-4-300x225.jpeg 300w\" sizes=\"(max-width: 546px) 100vw, 546px\" \/>\t\t\t\t\t\t\t\t\t\t\t\t\t\t\t<\/div>\n\t\t\t\t<\/div>\n\t\t<div class=\"elementor-element elementor-element-09c8fcd e-con-full e-flex e-con e-child\" data-id=\"09c8fcd\" data-element_type=\"container\">\n\t\t\t\t<div class=\"elementor-element elementor-element-3b09410 elementor-widget elementor-widget-text-editor\" data-id=\"3b09410\" data-element_type=\"widget\" data-widget_type=\"text-editor.default\">\n\t\t\t\t\t\t\t\t\t<h3>OD ROKU 2000 JSME SN\u00cd\u017dILI EMISE O 90 %<\/h3>\nD\u00edky zaveden\u00ed nov\u00fdch technologi\u00ed \u00a0a odstaven\u00ed nebo modernizaci zastaral\u00fdch v\u00fdrob se n\u00e1m poda\u0159ilo od roku 2010 sn\u00ed\u017eit emise do ovzdu\u0161\u00ed o v\u00edce ne\u017e 57 %.\u00a0<strong>Oproti roku 2000 \u010din\u00ed toto sn\u00ed\u017een\u00ed dokonce v\u00edce jak 90%.<\/strong>\t\t\t\t\t\t\t\t<\/div>\n\t\t\t\t<\/div>\n\t\t\t\t\t<\/div>\n\t\t\t\t<\/div>\n\t\t<div class=\"elementor-element elementor-element-cb34678 e-flex e-con-boxed e-con e-parent\" data-id=\"cb34678\" data-element_type=\"container\" data-settings=\"{&quot;background_background&quot;:&quot;classic&quot;}\">\n\t\t\t\t\t<div class=\"e-con-inner\">\n\t\t<div class=\"elementor-element elementor-element-6b1dc66 e-con-full e-flex e-con e-child\" data-id=\"6b1dc66\" data-element_type=\"container\">\n\t\t\t\t<div class=\"elementor-element elementor-element-27ceaf0 elementor-widget elementor-widget-image\" data-id=\"27ceaf0\" data-element_type=\"widget\" data-widget_type=\"image.default\">\n\t\t\t\t\t\t\t\t\t\t\t\t\t\t\t<img loading=\"lazy\" decoding=\"async\" width=\"800\" height=\"600\" src=\"https:\/\/www.spolchemie.cz\/wp-content\/uploads\/2023\/07\/zelena-5.jpeg\" class=\"attachment-large size-large wp-image-2519\" alt=\"\" srcset=\"https:\/\/www.spolchemie.cz\/wp-content\/uploads\/2023\/07\/zelena-5.jpeg 800w, https:\/\/www.spolchemie.cz\/wp-content\/uploads\/2023\/07\/zelena-5-300x225.jpeg 300w, https:\/\/www.spolchemie.cz\/wp-content\/uploads\/2023\/07\/zelena-5-768x576.jpeg 768w\" sizes=\"(max-width: 800px) 100vw, 800px\" \/>\t\t\t\t\t\t\t\t\t\t\t\t\t\t\t<\/div>\n\t\t\t\t<\/div>\n\t\t<div class=\"elementor-element elementor-element-99e399a e-con-full e-flex e-con e-child\" data-id=\"99e399a\" data-element_type=\"container\">\n\t\t\t\t<div class=\"elementor-element elementor-element-673fb7b elementor-widget elementor-widget-text-editor\" data-id=\"673fb7b\" data-element_type=\"widget\" data-widget_type=\"text-editor.default\">\n\t\t\t\t\t\t\t\t\t<h3>SNI\u017dOV\u00c1N\u00cd UHL\u00cdKOV\u00c9 STOPY\u00a0<\/h3><p>Pravideln\u011b vyhodnocujeme dopad na\u0161ich kl\u00ed\u010dov\u00fdch produkt\u016f na \u017eivotn\u00ed prost\u0159ed\u00ed pomoc\u00ed anal\u00fdzy \u017eivotn\u00edho cyklu (LCA). Prvn\u00ed LCA jsme uskute\u010dnili v roce 2010 s c\u00edlem porovnat dopady u na\u0161ich dvou produkt\u016f, epichlorhydrinu a n\u00edzkomolekul\u00e1rn\u00ed prysky\u0159ice, pokud je vyrob\u00edme ze dvou odli\u0161n\u00fdch zdroj\u016f \u2013 z omezen\u00e9ho fosiln\u00edho zdroje (propylen) a ze zdroje obnoviteln\u00e9ho (glycerin). Poda\u0159ilo se n\u00e1m prok\u00e1zat, \u017ee dopady v\u00fdroby epichlorhydrinu z glycerinu a z n\u011bj vyroben\u00e9 prysky\u0159ice jsou v\u00fdznamn\u011b men\u0161\u00ed ne\u017e dopady v\u00fdroby z propylenu. Anal\u00fdzy pro n\u00edzkomolekul\u00e1rn\u00ed prysky\u0159ice jsme pravideln\u011b opakovali. Tak\u00e9 ostatn\u00ed produkty, u kter\u00fdch je to mo\u017en\u00e9, d\u00e1le vyv\u00edj\u00edme a inovujeme tak, abychom sn\u00ed\u017eili jejich dopad na \u017eivotn\u00ed prost\u0159ed\u00ed. V letech 2021-2022 pl\u00e1nujeme LCA, kter\u00e9 zahrne hodnocen\u00ed dopad\u016f jak cel\u00e9 spole\u010dnost, tak i nejd\u016fle\u017eit\u011bj\u0161\u00edch produkt\u016f.\u00a0<\/p>\t\t\t\t\t\t\t\t<\/div>\n\t\t\t\t<\/div>\n\t\t\t\t\t<\/div>\n\t\t\t\t<\/div>\n\t\t<div class=\"elementor-element elementor-element-dd43e53 e-flex e-con-boxed e-con e-parent\" data-id=\"dd43e53\" data-element_type=\"container\" data-settings=\"{&quot;background_background&quot;:&quot;gradient&quot;}\">\n\t\t\t\t\t<div class=\"e-con-inner\">\n\t\t<div class=\"elementor-element elementor-element-fc4cd83 e-flex e-con-boxed e-con e-child\" data-id=\"fc4cd83\" data-element_type=\"container\">\n\t\t\t\t\t<div class=\"e-con-inner\">\n\t\t\t\t<div class=\"elementor-element elementor-element-04c27a4 elementor-widget elementor-widget-heading\" data-id=\"04c27a4\" data-element_type=\"widget\" data-widget_type=\"heading.default\">\n\t\t\t\t\t<h2 class=\"elementor-heading-title elementor-size-default\">Odpov\u011bdn\u00e9 podnik\u00e1n\u00ed v chemii<\/h2>\t\t\t\t<\/div>\n\t\t\t\t<div class=\"elementor-element elementor-element-5d9aab4 elementor-widget elementor-widget-text-editor\" data-id=\"5d9aab4\" data-element_type=\"widget\" data-widget_type=\"text-editor.default\">\n\t\t\t\t\t\t\t\t\t<p>Jako jedna z prvn\u00edch \u010desk\u00fdch chemick\u00fdch spole\u010dnost\u00ed jsme se u\u017e v roce 1994 zav\u00e1zali plnit principy celosv\u011btov\u00e9 dobrovoln\u00e9 iniciativy <strong><a href=\"https:\/\/www.spolchemie.cz\/wp-content\/uploads\/2025\/08\/responsible_care_2024_spolchemie.pdf\">Responsible Care &#8211; <span style=\"text-decoration: underline;\">Odpov\u011bdn\u00e9 podnik\u00e1n\u00ed v chemii<\/span><\/a>.<\/strong><\/p>\t\t\t\t\t\t\t\t<\/div>\n\t\t\t\t\t<\/div>\n\t\t\t\t<\/div>\n\t\t<div class=\"elementor-element elementor-element-2096e4f e-flex e-con-boxed e-con e-child\" data-id=\"2096e4f\" data-element_type=\"container\">\n\t\t\t\t\t<div class=\"e-con-inner\">\n\t\t\t\t<div class=\"elementor-element elementor-element-4408cc7 elementor-widget elementor-widget-image\" data-id=\"4408cc7\" data-element_type=\"widget\" data-widget_type=\"image.default\">\n\t\t\t\t\t\t\t\t\t\t\t\t\t\t\t<img loading=\"lazy\" decoding=\"async\" width=\"793\" height=\"612\" src=\"https:\/\/www.spolchemie.cz\/wp-content\/uploads\/2025\/08\/Responsible_Care_International_Logo_2C_Color-01.png\" class=\"attachment-large size-large wp-image-102217\" alt=\"\" srcset=\"https:\/\/www.spolchemie.cz\/wp-content\/uploads\/2025\/08\/Responsible_Care_International_Logo_2C_Color-01.png 793w, https:\/\/www.spolchemie.cz\/wp-content\/uploads\/2025\/08\/Responsible_Care_International_Logo_2C_Color-01-300x232.png 300w, https:\/\/www.spolchemie.cz\/wp-content\/uploads\/2025\/08\/Responsible_Care_International_Logo_2C_Color-01-768x593.png 768w\" sizes=\"(max-width: 793px) 100vw, 793px\" \/>\t\t\t\t\t\t\t\t\t\t\t\t\t\t\t<\/div>\n\t\t\t\t\t<\/div>\n\t\t\t\t<\/div>\n\t\t\t\t\t<\/div>\n\t\t\t\t<\/div>\n\t\t<div data-dce-background-image-url=\"https:\/\/www.spolchemie.cz\/wp-content\/uploads\/2023\/07\/zelena-topfooter.jpeg\" class=\"elementor-element elementor-element-3e2d88eb e-flex e-con-boxed e-con e-parent\" data-id=\"3e2d88eb\" data-element_type=\"container\" data-settings=\"{&quot;background_background&quot;:&quot;classic&quot;}\">\n\t\t\t\t\t<div class=\"e-con-inner\">\n\t\t<div class=\"elementor-element elementor-element-42c2baf8 e-flex e-con-boxed e-con e-child\" data-id=\"42c2baf8\" data-element_type=\"container\">\n\t\t\t\t\t<div class=\"e-con-inner\">\n\t\t\t\t<div class=\"elementor-element elementor-element-5e11ee58 elementor-widget elementor-widget-text-editor\" data-id=\"5e11ee58\" data-element_type=\"widget\" data-widget_type=\"text-editor.default\">\n\t\t\t\t\t\t\t\t\t<h3><strong>P\u0159ejete-li si z\u00edskat v\u00edce informac\u00ed o na\u0161em konceptu ZELEN\u00c1 SPOLCHEMIE, kontaktujte n\u00e1s pros\u00edm:\u00a0<\/strong><a href=\"mailto:zelena@spolchemie.cz\">zelena@spolchemie.cz<\/a>.<\/h3>\t\t\t\t\t\t\t\t<\/div>\n\t\t\t\t\t<\/div>\n\t\t\t\t<\/div>\n\t\t\t\t\t<\/div>\n\t\t\t\t<\/div>\n\t\t\t\t<\/div>\n\t\t","protected":false},"excerpt":{"rendered":"<p>Spolchemie Ochrana \u017eivotn\u00edho prost\u0159ed\u00ed je sou\u010d\u00e1st\u00ed v\u0161ech na\u0161ich ka\u017edodenn\u00edch aktivit. Jsme si pln\u011b v\u011bdomi odpov\u011bdnosti v\u016f\u010di na\u0161emu okol\u00ed a jeho obyvatel\u016fm, v\u016f\u010di p\u0159\u00edrod\u011b a krajin\u011b kolem n\u00e1s i v\u016f\u010di klimatu.\u00a0 \u0158\u00edzen\u011b minimalizujeme negativn\u00ed vliv na\u0161\u00ed \u010dinnosti a sni\u017eujeme svou uhl\u00edkovou stopu s c\u00edlem zachovat kvalitn\u00ed \u017eivotn\u00ed prost\u0159ed\u00ed a p\u0159\u00edrodn\u00ed zdroje pro budouc\u00ed generace. Zav\u00e1d\u00edme nejmodern\u011bj\u0161\u00ed [&hellip;]<\/p>\n","protected":false},"author":1,"featured_media":0,"parent":421,"menu_order":0,"comment_status":"closed","ping_status":"closed","template":"","meta":{"_acf_changed":false,"_seopress_robots_primary_cat":"","_seopress_titles_title":"","_seopress_titles_desc":"","_seopress_robots_index":"","footnotes":"","_links_to":"","_links_to_target":""},"class_list":["post-2337","page","type-page","status-publish","hentry"],"acf":[],"_links":{"self":[{"href":"https:\/\/www.spolchemie.cz\/cs\/wp-json\/wp\/v2\/pages\/2337","targetHints":{"allow":["GET"]}}],"collection":[{"href":"https:\/\/www.spolchemie.cz\/cs\/wp-json\/wp\/v2\/pages"}],"about":[{"href":"https:\/\/www.spolchemie.cz\/cs\/wp-json\/wp\/v2\/types\/page"}],"author":[{"embeddable":true,"href":"https:\/\/www.spolchemie.cz\/cs\/wp-json\/wp\/v2\/users\/1"}],"replies":[{"embeddable":true,"href":"https:\/\/www.spolchemie.cz\/cs\/wp-json\/wp\/v2\/comments?post=2337"}],"version-history":[{"count":42,"href":"https:\/\/www.spolchemie.cz\/cs\/wp-json\/wp\/v2\/pages\/2337\/revisions"}],"predecessor-version":[{"id":125830,"href":"https:\/\/www.spolchemie.cz\/cs\/wp-json\/wp\/v2\/pages\/2337\/revisions\/125830"}],"up":[{"embeddable":true,"href":"https:\/\/www.spolchemie.cz\/cs\/wp-json\/wp\/v2\/pages\/421"}],"wp:attachment":[{"href":"https:\/\/www.spolchemie.cz\/cs\/wp-json\/wp\/v2\/media?parent=2337"}],"curies":[{"name":"wp","href":"https:\/\/api.w.org\/{rel}","templated":true}]}}