{"id":2339,"date":"2023-07-11T16:44:57","date_gmt":"2023-07-11T14:44:57","guid":{"rendered":"https:\/\/www.spolchemie.cz\/?page_id=2339"},"modified":"2025-08-24T14:32:09","modified_gmt":"2025-08-24T12:32:09","slug":"spolecnost-a-okoli","status":"publish","type":"page","link":"https:\/\/www.spolchemie.cz\/cs\/odpovedna-firma\/udrzitelny-rozvoj\/spolecnost-a-okoli\/","title":{"rendered":"Spole\u010dnost a okol\u00ed"},"content":{"rendered":"\t\t<div data-elementor-type=\"wp-page\" data-elementor-id=\"2339\" class=\"elementor elementor-2339\" data-elementor-post-type=\"page\">\n\t\t\t\t<div data-dce-background-image-url=\"https:\/\/www.spolchemie.cz\/wp-content\/uploads\/2023\/07\/spolecnost-1.jpeg\" class=\"elementor-element elementor-element-c5dbf5f e-con-full e-flex e-con e-parent\" data-id=\"c5dbf5f\" data-element_type=\"container\" data-settings=\"{&quot;background_background&quot;:&quot;classic&quot;}\">\n\t\t\t\t<\/div>\n\t\t<div class=\"elementor-element elementor-element-3d2c651c e-flex e-con-boxed e-con e-parent\" data-id=\"3d2c651c\" data-element_type=\"container\" data-settings=\"{&quot;background_background&quot;:&quot;classic&quot;}\">\n\t\t\t\t\t<div class=\"e-con-inner\">\n\t\t<div class=\"elementor-element elementor-element-12e3cbb0 e-flex e-con-boxed e-con e-child\" data-id=\"12e3cbb0\" data-element_type=\"container\">\n\t\t\t\t\t<div class=\"e-con-inner\">\n\t\t\t\t<div class=\"elementor-element elementor-element-37d0b633 elementor-widget elementor-widget-sp-breadcrumbs\" data-id=\"37d0b633\" data-element_type=\"widget\" data-widget_type=\"sp-breadcrumbs.default\">\n\t\t\t\t<div class=\"elementor-widget-container\">\n\t\t\t\t\t<nav  aria-label=\"breadcrumb\"><ol class=\"breadcrumb\" itemscope itemtype=\"https:\/\/schema.org\/BreadcrumbList\"><li class=\"breadcrumb-item active\" aria-current=\"page\" itemprop=\"itemListElement\" itemscope itemtype=\"https:\/\/schema.org\/ListItem\"><span itemprop=\"name\">Spolchemie<\/span><meta itemprop=\"position\" content=\"1\"><\/li><\/ol><\/nav>\t\t\t\t<\/div>\n\t\t\t\t<\/div>\n\t\t\t\t<div class=\"elementor-element elementor-element-7cd8a94f elementor-widget elementor-widget-heading\" data-id=\"7cd8a94f\" data-element_type=\"widget\" data-widget_type=\"heading.default\">\n\t\t\t\t\t<h1 class=\"elementor-heading-title elementor-size-default\">Spole\u010dnost a okol\u00ed<\/h1>\t\t\t\t<\/div>\n\t\t\t\t\t<\/div>\n\t\t\t\t<\/div>\n\t\t\t\t\t<\/div>\n\t\t\t\t<\/div>\n\t\t<div class=\"elementor-element elementor-element-42313957 e-flex e-con-boxed e-con e-parent\" data-id=\"42313957\" data-element_type=\"container\" data-settings=\"{&quot;background_background&quot;:&quot;gradient&quot;}\">\n\t\t\t\t\t<div class=\"e-con-inner\">\n\t\t<div class=\"elementor-element elementor-element-3d67af19 e-flex e-con-boxed e-con e-child\" data-id=\"3d67af19\" data-element_type=\"container\">\n\t\t\t\t\t<div class=\"e-con-inner\">\n\t\t\t\t<div class=\"elementor-element elementor-element-21daa390 elementor-widget elementor-widget-heading\" data-id=\"21daa390\" data-element_type=\"widget\" data-widget_type=\"heading.default\">\n\t\t\t\t\t<h2 class=\"elementor-heading-title elementor-size-default\">Dlouh\u00e1 tradice chemick\u00e9 v\u00fdroby v \u00dast\u00ed nad Labem<\/h2>\t\t\t\t<\/div>\n\t\t\t\t<div class=\"elementor-element elementor-element-7d6f90f3 elementor-widget elementor-widget-text-editor\" data-id=\"7d6f90f3\" data-element_type=\"widget\" data-widget_type=\"text-editor.default\">\n\t\t\t\t\t\t\t\t\t<p>Chemick\u00e1 v\u00fdroba v \u00dast\u00ed nad Labem zapo\u010dala ji\u017e v roce 1865. M\u011bsto se d\u00edky n\u00ed rozrostlo a prosperovalo. SPOLCHEMIE byla a je d\u016fle\u017eitou sou\u010d\u00e1st\u00ed \u010desk\u00e9ho pr\u016fmyslu a je v\u00fdznamn\u00fdm zam\u011bstnavatelem v regionu.<\/p>\t\t\t\t\t\t\t\t<\/div>\n\t\t\t\t\t<\/div>\n\t\t\t\t<\/div>\n\t\t<div class=\"elementor-element elementor-element-3b1981e5 e-flex e-con-boxed e-con e-child\" data-id=\"3b1981e5\" data-element_type=\"container\">\n\t\t\t\t\t<div class=\"e-con-inner\">\n\t\t\t\t<div class=\"elementor-element elementor-element-6fcfb7f1 elementor-widget elementor-widget-image\" data-id=\"6fcfb7f1\" data-element_type=\"widget\" id=\"add-mask-left\" data-widget_type=\"image.default\">\n\t\t\t\t\t\t\t\t\t\t\t\t\t\t\t<img fetchpriority=\"high\" decoding=\"async\" width=\"518\" height=\"325\" src=\"https:\/\/www.spolchemie.cz\/wp-content\/uploads\/2023\/07\/spolecnost-2.jpeg\" class=\"attachment-large size-large wp-image-2538\" alt=\"\" srcset=\"https:\/\/www.spolchemie.cz\/wp-content\/uploads\/2023\/07\/spolecnost-2.jpeg 518w, https:\/\/www.spolchemie.cz\/wp-content\/uploads\/2023\/07\/spolecnost-2-300x188.jpeg 300w\" sizes=\"(max-width: 518px) 100vw, 518px\" \/>\t\t\t\t\t\t\t\t\t\t\t\t\t\t\t<\/div>\n\t\t\t\t\t<\/div>\n\t\t\t\t<\/div>\n\t\t\t\t\t<\/div>\n\t\t\t\t<\/div>\n\t\t<div class=\"elementor-element elementor-element-2ddc9b61 e-flex e-con-boxed e-con e-parent\" data-id=\"2ddc9b61\" data-element_type=\"container\" data-settings=\"{&quot;background_background&quot;:&quot;classic&quot;}\">\n\t\t\t\t\t<div class=\"e-con-inner\">\n\t\t<div class=\"elementor-element elementor-element-765f018b e-flex e-con-boxed e-con e-child\" data-id=\"765f018b\" data-element_type=\"container\">\n\t\t\t\t\t<div class=\"e-con-inner\">\n\t\t\t\t<div class=\"elementor-element elementor-element-35cf6673 elementor-widget__width-initial elementor-widget elementor-widget-text-editor\" data-id=\"35cf6673\" data-element_type=\"widget\" data-widget_type=\"text-editor.default\">\n\t\t\t\t\t\t\t\t\t<h2>Stabiln\u00ed, perspektivn\u00ed a spolehliv\u00fd zam\u011bstnavatel<\/h2><p>Jsme v\u00fdznamn\u00fdm zam\u011bstnavatelem v \u00dast\u00ed i regionu. Pro zam\u011bstnance a jejich rodiny p\u0159edstavuje na\u0161e firma nejen soci\u00e1ln\u00ed jistotu a materi\u00e1ln\u00ed z\u00e1zem\u00ed, ale tak\u00e9 p\u0159\u00edle\u017eitost pro profesn\u00ed uplatn\u011bn\u00ed a r\u016fst. D\u00edky velikosti a v\u00fdrobn\u00edmu charakteru firmy\u00a0<a href=\"https:\/\/www.spolchemie.cz\/kariera\/\">nab\u00edz\u00edme uplatn\u011bn\u00ed v mnoha r\u016fzn\u00fdch oborech<\/a>, a\u0165 u\u017e jde o management, pr\u00e1ci v administrativ\u011b, ve v\u00fdzkumu a v\u00fdvoji nebo ve v\u00fdrob\u011b.<\/p>\t\t\t\t\t\t\t\t<\/div>\n\t\t\t\t\t<\/div>\n\t\t\t\t<\/div>\n\t\t\t\t\t<\/div>\n\t\t\t\t<\/div>\n\t\t<div class=\"elementor-element elementor-element-2c3a02b e-flex e-con-boxed e-con e-parent\" data-id=\"2c3a02b\" data-element_type=\"container\" data-settings=\"{&quot;background_background&quot;:&quot;classic&quot;}\">\n\t\t\t\t\t<div class=\"e-con-inner\">\n\t\t<div class=\"elementor-element elementor-element-eb168b3 e-flex e-con-boxed e-con e-child\" data-id=\"eb168b3\" data-element_type=\"container\">\n\t\t\t\t\t<div class=\"e-con-inner\">\n\t\t\t\t<div class=\"elementor-element elementor-element-6207f94 elementor-widget__width-initial elementor-widget elementor-widget-text-editor\" data-id=\"6207f94\" data-element_type=\"widget\" data-widget_type=\"text-editor.default\">\n\t\t\t\t\t\t\t\t\t<h2>SPOLUPR\u00c1CE A PODPORA OKOL\u00cd<\/h2><p><strong>Chceme b\u00fdt pro m\u011bsto \u00dast\u00ed i region a jejich obyvatele dobr\u00fdm sousedem. N\u00e1\u0161 management \u00fazce spolupracuje s m\u011bstem \u00dast\u00ed nad Labem i \u00dasteck\u00fdm krajem.\u00a0<\/strong><\/p><p>Podporujeme region\u00e1ln\u00ed aktivity a komunity. Od po\u010d\u00e1tku akce jsme hrd\u00fdm\u00a0<strong>partnerem \u00dasteck\u00e9ho p\u016flmaratonu<\/strong>, jeho\u017e trasa proch\u00e1z\u00ed i na\u0161\u00edm are\u00e1lem, a\u00a0<strong>gener\u00e1ln\u00edm partnerem Z\u00e1vodu v handbike<\/strong>\u00a0pro hendikepovan\u00e9 sportovce. P\u016flmaraton je ji\u017e tradi\u010dn\u00ed akce, kter\u00e9 se \u00fa\u010dastn\u00ed i mnoho na\u0161ich zam\u011bstnanc\u016f.<\/p><p>Jsme d\u016fle\u017eit\u00fdm partnerem ka\u017edoro\u010dn\u00ed kulturn\u00ed a spole\u010densk\u00e9 akce\u00a0<strong>\u00dasteck\u00e9 V\u00e1noce\u00a0<\/strong>a akce <strong>Mikul\u00e1\u0161 se SPOLCHEMI\u00cd<\/strong>, kter\u00e9 jsou ur\u010deny pro \u0161irokou ve\u0159ejnost.\u00a0<\/p><p>N\u00e1\u0161 program\u00a0<strong>Minigranty <\/strong>ji\u017e od roku 2017 finan\u010dn\u011b podporuje sportovn\u00ed, pohybov\u00e9 a vzd\u011bl\u00e1vac\u00ed aktivity, stejn\u011b jako iniciativy zam\u011b\u0159en\u00e9 na ochranu \u017eivotn\u00edho prost\u0159ed\u00ed v na\u0161em regionu.<\/p><p>Spolupracujeme na\u00a0<strong>Dnech evropsk\u00e9ho d\u011bdictv\u00ed<\/strong>, v r\u00e1mci nich\u017e nab\u00edz\u00edme mo\u017enost prohl\u00e9dnout si unik\u00e1tn\u00ed interi\u00e9ry na\u0161\u00ed spr\u00e1vn\u00ed budovy, kter\u00e1 byla postavena ve 30. letech minul\u00e9ho stolet\u00ed.<\/p><p>Podporujeme tak\u00e9 na\u0161e b\u00fdval\u00e9 zam\u011bstnance \u2013 a to jak formou finan\u010dn\u00edch p\u0159\u00edsp\u011bvk\u016f na \u010dinnost jejich klubu, tak i pomoc\u00ed p\u0159i organizaci akc\u00ed.<\/p><p>O na\u0161\u00ed spolupr\u00e1ci se \u0161kolami v\u00edce v sekci <a href=\"https:\/\/www.spolchemie.cz\/odpovedna-firma\/vzdelavani\/\"><strong><span style=\"text-decoration: underline;\">Vzd\u011bl\u00e1v\u00e1n\u00ed<\/span><\/strong><\/a>.<\/p>\t\t\t\t\t\t\t\t<\/div>\n\t\t\t\t\t<\/div>\n\t\t\t\t<\/div>\n\t\t\t\t\t<\/div>\n\t\t\t\t<\/div>\n\t\t<div class=\"elementor-element elementor-element-5f5075b3 e-flex e-con-boxed e-con e-parent\" data-id=\"5f5075b3\" data-element_type=\"container\" data-settings=\"{&quot;background_background&quot;:&quot;gradient&quot;}\">\n\t\t\t\t\t<div class=\"e-con-inner\">\n\t\t<div class=\"elementor-element elementor-element-6d7ce11a e-flex e-con-boxed e-con e-child\" data-id=\"6d7ce11a\" data-element_type=\"container\">\n\t\t\t\t\t<div class=\"e-con-inner\">\n\t\t\t\t<div class=\"elementor-element elementor-element-70f2105d elementor-widget elementor-widget-heading\" data-id=\"70f2105d\" data-element_type=\"widget\" data-widget_type=\"heading.default\">\n\t\t\t\t\t<h2 class=\"elementor-heading-title elementor-size-default\">\u00dasteck\u00fd Running Festival<\/h2>\t\t\t\t<\/div>\n\t\t\t\t<div class=\"elementor-element elementor-element-1ca50f5c elementor-widget elementor-widget-text-editor\" data-id=\"1ca50f5c\" data-element_type=\"widget\" data-widget_type=\"text-editor.default\">\n\t\t\t\t\t\t\t\t\t<p>Jsme hrd\u00fdm partnerem tohoto jedine\u010dn\u00e9ho z\u00e1vodu, kter\u00fd se b\u011b\u017e\u00ed p\u0159\u00edmo skrz are\u00e1l chemi\u010dky \u2013 unik\u00e1t na cel\u00e9m sv\u011bt\u011b. Sou\u010d\u00e1st\u00ed akce je tak\u00e9 <strong>\u010cesk\u00fd poh\u00e1r v paracyklistice<\/strong>, jeho\u017e jsme gener\u00e1ln\u00edm partnerem.<\/p><p>V roce 2025 se uskute\u010dn\u00ed ji\u017e 15. ro\u010dn\u00edk tohoto obl\u00edben\u00e9ho region\u00e1ln\u00edho b\u011b\u017eeck\u00e9ho z\u00e1vodu, kter\u00fd si d\u00edky sv\u00e9 rychl\u00e9, t\u00e9m\u011b\u0159 rovn\u00e9 trati vyslou\u017eil p\u0159ezd\u00edvku <em data-start=\"444\" data-end=\"467\">\u201aFerrari mezi z\u00e1vody\u2018<\/em> \u2013 a nen\u00ed divu, pr\u00e1v\u011b tady toti\u017e pravideln\u011b padaj\u00ed nov\u00e9 rekordy!<\/p>\t\t\t\t\t\t\t\t<\/div>\n\t\t\t\t\t<\/div>\n\t\t\t\t<\/div>\n\t\t<div class=\"elementor-element elementor-element-7bc869e2 e-flex e-con-boxed e-con e-child\" data-id=\"7bc869e2\" data-element_type=\"container\" id=\"add-mask\">\n\t\t\t\t\t<div class=\"e-con-inner\">\n\t\t\t\t<div class=\"elementor-element elementor-element-20008ff elementor-widget elementor-widget-image\" data-id=\"20008ff\" data-element_type=\"widget\" data-widget_type=\"image.default\">\n\t\t\t\t\t\t\t\t\t\t\t\t\t\t\t<img decoding=\"async\" width=\"800\" height=\"533\" src=\"https:\/\/www.spolchemie.cz\/wp-content\/uploads\/2023\/07\/spolecnost-3-1024x682.jpeg\" class=\"attachment-large size-large wp-image-2539\" alt=\"\" srcset=\"https:\/\/www.spolchemie.cz\/wp-content\/uploads\/2023\/07\/spolecnost-3-1024x682.jpeg 1024w, https:\/\/www.spolchemie.cz\/wp-content\/uploads\/2023\/07\/spolecnost-3-300x200.jpeg 300w, https:\/\/www.spolchemie.cz\/wp-content\/uploads\/2023\/07\/spolecnost-3-768x511.jpeg 768w, https:\/\/www.spolchemie.cz\/wp-content\/uploads\/2023\/07\/spolecnost-3-1536x1022.jpeg 1536w, https:\/\/www.spolchemie.cz\/wp-content\/uploads\/2023\/07\/spolecnost-3.jpeg 2048w\" sizes=\"(max-width: 800px) 100vw, 800px\" \/>\t\t\t\t\t\t\t\t\t\t\t\t\t\t\t<\/div>\n\t\t\t\t\t<\/div>\n\t\t\t\t<\/div>\n\t\t\t\t\t<\/div>\n\t\t\t\t<\/div>\n\t\t<div class=\"elementor-element elementor-element-5a76b9d2 e-flex e-con-boxed e-con e-parent\" data-id=\"5a76b9d2\" data-element_type=\"container\" data-settings=\"{&quot;background_background&quot;:&quot;classic&quot;}\">\n\t\t\t\t\t<div class=\"e-con-inner\">\n\t\t<div class=\"elementor-element elementor-element-5d2b4334 e-flex e-con-boxed e-con e-child\" data-id=\"5d2b4334\" data-element_type=\"container\">\n\t\t\t\t\t<div class=\"e-con-inner\">\n\t\t\t\t<div class=\"elementor-element elementor-element-6dc5bc26 elementor-widget__width-initial elementor-widget elementor-widget-text-editor\" data-id=\"6dc5bc26\" data-element_type=\"widget\" data-widget_type=\"text-editor.default\">\n\t\t\t\t\t\t\t\t\t<p>Autor fotografie v hlavi\u010dce: Ladislav Faigl,\u00a0<a href=\"https:\/\/creativecommons.org\/licenses\/by-sa\/3.0\">CC BY-SA 3.0<\/a>, via Wikimedia Commons<\/p>\t\t\t\t\t\t\t\t<\/div>\n\t\t\t\t\t<\/div>\n\t\t\t\t<\/div>\n\t\t\t\t\t<\/div>\n\t\t\t\t<\/div>\n\t\t\t\t<\/div>\n\t\t","protected":false},"excerpt":{"rendered":"<p>Spolchemie Dlouh\u00e1 tradice chemick\u00e9 v\u00fdroby v \u00dast\u00ed nad Labem Chemick\u00e1 v\u00fdroba v \u00dast\u00ed nad Labem zapo\u010dala ji\u017e v roce 1865. M\u011bsto se d\u00edky n\u00ed rozrostlo a prosperovalo. SPOLCHEMIE byla a je d\u016fle\u017eitou sou\u010d\u00e1st\u00ed \u010desk\u00e9ho pr\u016fmyslu a je v\u00fdznamn\u00fdm zam\u011bstnavatelem v regionu. Stabiln\u00ed, perspektivn\u00ed a spolehliv\u00fd zam\u011bstnavatel Jsme v\u00fdznamn\u00fdm zam\u011bstnavatelem v \u00dast\u00ed i regionu. Pro zam\u011bstnance [&hellip;]<\/p>\n","protected":false},"author":1,"featured_media":0,"parent":421,"menu_order":0,"comment_status":"closed","ping_status":"closed","template":"","meta":{"_acf_changed":false,"_seopress_robots_primary_cat":"","_seopress_titles_title":"","_seopress_titles_desc":"","_seopress_robots_index":"","footnotes":"","_links_to":"","_links_to_target":""},"class_list":["post-2339","page","type-page","status-publish","hentry"],"acf":[],"_links":{"self":[{"href":"https:\/\/www.spolchemie.cz\/cs\/wp-json\/wp\/v2\/pages\/2339","targetHints":{"allow":["GET"]}}],"collection":[{"href":"https:\/\/www.spolchemie.cz\/cs\/wp-json\/wp\/v2\/pages"}],"about":[{"href":"https:\/\/www.spolchemie.cz\/cs\/wp-json\/wp\/v2\/types\/page"}],"author":[{"embeddable":true,"href":"https:\/\/www.spolchemie.cz\/cs\/wp-json\/wp\/v2\/users\/1"}],"replies":[{"embeddable":true,"href":"https:\/\/www.spolchemie.cz\/cs\/wp-json\/wp\/v2\/comments?post=2339"}],"version-history":[{"count":13,"href":"https:\/\/www.spolchemie.cz\/cs\/wp-json\/wp\/v2\/pages\/2339\/revisions"}],"predecessor-version":[{"id":102292,"href":"https:\/\/www.spolchemie.cz\/cs\/wp-json\/wp\/v2\/pages\/2339\/revisions\/102292"}],"up":[{"embeddable":true,"href":"https:\/\/www.spolchemie.cz\/cs\/wp-json\/wp\/v2\/pages\/421"}],"wp:attachment":[{"href":"https:\/\/www.spolchemie.cz\/cs\/wp-json\/wp\/v2\/media?parent=2339"}],"curies":[{"name":"wp","href":"https:\/\/api.w.org\/{rel}","templated":true}]}}