{"id":2341,"date":"2023-07-11T16:45:22","date_gmt":"2023-07-11T14:45:22","guid":{"rendered":"https:\/\/www.spolchemie.cz\/?page_id=2341"},"modified":"2024-04-12T22:14:08","modified_gmt":"2024-04-12T20:14:08","slug":"bezpecnost-ochrana-zdravi","status":"publish","type":"page","link":"https:\/\/www.spolchemie.cz\/cs\/odpovedna-firma\/udrzitelny-rozvoj\/bezpecnost-ochrana-zdravi\/","title":{"rendered":"Bezpe\u010dnost &#038; ochrana zdrav\u00ed"},"content":{"rendered":"\t\t<div data-elementor-type=\"wp-page\" data-elementor-id=\"2341\" class=\"elementor elementor-2341\" data-elementor-post-type=\"page\">\n\t\t\t\t<div data-dce-background-image-url=\"https:\/\/www.spolchemie.cz\/wp-content\/uploads\/2023\/07\/spolecnost-1.jpeg\" class=\"elementor-element elementor-element-42a54cd2 e-con-full e-flex e-con e-parent\" data-id=\"42a54cd2\" data-element_type=\"container\" data-settings=\"{&quot;background_background&quot;:&quot;classic&quot;}\">\n\t\t\t\t<\/div>\n\t\t<div class=\"elementor-element elementor-element-1da177d7 e-flex e-con-boxed e-con e-parent\" data-id=\"1da177d7\" data-element_type=\"container\" data-settings=\"{&quot;background_background&quot;:&quot;classic&quot;}\">\n\t\t\t\t\t<div class=\"e-con-inner\">\n\t\t<div class=\"elementor-element elementor-element-56266a82 e-flex e-con-boxed e-con e-child\" data-id=\"56266a82\" data-element_type=\"container\">\n\t\t\t\t\t<div class=\"e-con-inner\">\n\t\t\t\t<div class=\"elementor-element elementor-element-58c6fe09 elementor-widget elementor-widget-sp-breadcrumbs\" data-id=\"58c6fe09\" data-element_type=\"widget\" data-widget_type=\"sp-breadcrumbs.default\">\n\t\t\t\t<div class=\"elementor-widget-container\">\n\t\t\t\t\t<nav  aria-label=\"breadcrumb\"><ol class=\"breadcrumb\" itemscope itemtype=\"https:\/\/schema.org\/BreadcrumbList\"><li class=\"breadcrumb-item active\" aria-current=\"page\" itemprop=\"itemListElement\" itemscope itemtype=\"https:\/\/schema.org\/ListItem\"><span itemprop=\"name\">Spolchemie<\/span><meta itemprop=\"position\" content=\"1\"><\/li><\/ol><\/nav>\t\t\t\t<\/div>\n\t\t\t\t<\/div>\n\t\t\t\t<div class=\"elementor-element elementor-element-29910bf5 elementor-widget elementor-widget-heading\" data-id=\"29910bf5\" data-element_type=\"widget\" data-widget_type=\"heading.default\">\n\t\t\t\t\t<h1 class=\"elementor-heading-title elementor-size-default\">Bezpe\u010dnost &#038; ochrana zdrav\u00ed<\/h1>\t\t\t\t<\/div>\n\t\t\t\t\t<\/div>\n\t\t\t\t<\/div>\n\t\t\t\t\t<\/div>\n\t\t\t\t<\/div>\n\t\t<div class=\"elementor-element elementor-element-120f870b e-flex e-con-boxed e-con e-parent\" data-id=\"120f870b\" data-element_type=\"container\" data-settings=\"{&quot;background_background&quot;:&quot;classic&quot;}\">\n\t\t\t\t\t<div class=\"e-con-inner\">\n\t\t<div class=\"elementor-element elementor-element-54630bf1 e-flex e-con-boxed e-con e-child\" data-id=\"54630bf1\" data-element_type=\"container\">\n\t\t\t\t\t<div class=\"e-con-inner\">\n\t\t\t\t<div class=\"elementor-element elementor-element-6111f891 elementor-widget elementor-widget-text-editor\" data-id=\"6111f891\" data-element_type=\"widget\" data-widget_type=\"text-editor.default\">\n\t\t\t\t\t\t\t\t\t<p><strong>Bezpe\u010dnost a ochrana zdrav\u00ed je jednou z na\u0161ich priorit. Na\u0161\u00edm c\u00edlem je identifikovat, odstranit anebo alespo\u0148 minimalizovat ve\u0161ker\u00e1 rizika jak ve vztahu k na\u0161im zam\u011bstnanc\u016fm, tak i lidem v na\u0161em okol\u00ed.\u00a0<\/strong><\/p><p>Na\u0161e aktivity neust\u00e1le monitorujeme a zlep\u0161ujeme, ale z\u00e1rove\u0148 si uv\u011bdomujeme, \u017ee bezpe\u010dnost a ochranu zdrav\u00ed je ovlivn\u011bna chov\u00e1n\u00edm ka\u017ed\u00e9ho z n\u00e1s. P\u0159\u00e1n\u00edm n\u00e1s v\u0161ech je vr\u00e1tit se z pr\u00e1ce zdrav\u00fd, proto byl v na\u0161\u00ed firm\u011b v roce 2021 spu\u0161t\u011bn program \u201e\u2026proto\u017ee na zdrav\u00ed z\u00e1le\u017e\u00ed\u201c, kter\u00fd m\u00e1 za c\u00edl pos\u00edlit bezpe\u010dnostn\u00ed kulturu ve firm\u011b a zlep\u0161it chov\u00e1n\u00ed a p\u0159\u00edstup k bezpe\u010dnosti a ochran\u011b zdrav\u00ed, a to ve vztahu k sob\u011b sam\u00e9mu i sv\u00fdm koleg\u016fm. Na\u0161\u00edm z\u00e1m\u011btem je vytv\u00e1\u0159et bezpe\u010dn\u011bj\u0161\u00ed pracovn\u00ed prost\u0159ed\u00ed a v budoucnu doc\u00edlit sn\u00ed\u017een\u00ed po\u010dtu pracovn\u00edch \u00faraz\u016f.<\/p><p>Na\u0161e zam\u011bstnance informujeme, \u0161kol\u00edme a motivujeme k zodpov\u011bdn\u00e9mu chov\u00e1n\u00ed tak, aby se n\u00e1m spole\u010dn\u011b da\u0159ilo i nad\u00e1le p\u0159edch\u00e1zet probl\u00e9m\u016fm, p\u0159ij\u00edmat preventivn\u00ed opat\u0159en\u00ed a odstra\u0148ovat rizika.\u00a0<\/p><p>Na\u0161e z\u00e1kladn\u00ed hodnoty, c\u00edle a postupy v oblasti bezpe\u010dnosti a ochrany zdrav\u00ed definuje\u00a0<strong><a href=\"https:\/\/www.spolchemie.cz\/wp-content\/uploads\/2024\/04\/Politika-Spolchemie_2024_04.pdf\">Politika SPOLCHEMIE<\/a><\/strong>. \u00a0Z\u00e1kladn\u00edm n\u00e1strojem jsou pravideln\u00e9 anal\u00fdzy rizik, jejich slad\u011bn\u00ed s pot\u0159ebami spole\u010dnosti a s legislativn\u00edmi po\u017eadavky, n\u00e1sledn\u011b pak stanoven\u00ed a realizace technick\u00fdch, organiza\u010dn\u00edch \u010di investi\u010dn\u00edch opat\u0159en\u00ed ke zlep\u0161en\u00ed.<\/p>\t\t\t\t\t\t\t\t<\/div>\n\t\t\t\t\t<\/div>\n\t\t\t\t<\/div>\n\t\t\t\t\t<\/div>\n\t\t\t\t<\/div>\n\t\t<div class=\"elementor-element elementor-element-5611ac8b e-flex e-con-boxed e-con e-parent\" data-id=\"5611ac8b\" data-element_type=\"container\" data-settings=\"{&quot;background_background&quot;:&quot;gradient&quot;}\">\n\t\t\t\t\t<div class=\"e-con-inner\">\n\t\t<div class=\"elementor-element elementor-element-675abd60 e-flex e-con-boxed e-con e-child\" data-id=\"675abd60\" data-element_type=\"container\">\n\t\t\t\t\t<div class=\"e-con-inner\">\n\t\t\t\t<div class=\"elementor-element elementor-element-1ee87644 elementor-widget elementor-widget-text-editor\" data-id=\"1ee87644\" data-element_type=\"widget\" data-widget_type=\"text-editor.default\">\n\t\t\t\t\t\t\t\t\t<p><strong>Na\u0161e aktivity<\/strong>\u00a0neust\u00e1le monitorujeme a zlep\u0161ujeme.\u00a0<br \/><strong>Na\u0161e zam\u011bstnance<\/strong>\u00a0informujeme, \u0161kol\u00edme a motivujeme k zodpov\u011bdn\u00e9mu a bezpe\u010dn\u00e9mu chov\u00e1n\u00ed.<\/p>\t\t\t\t\t\t\t\t<\/div>\n\t\t\t\t\t<\/div>\n\t\t\t\t<\/div>\n\t\t<div class=\"elementor-element elementor-element-7de2393e e-flex e-con-boxed e-con e-child\" data-id=\"7de2393e\" data-element_type=\"container\" id=\"add-mask\">\n\t\t\t\t\t<div class=\"e-con-inner\">\n\t\t\t\t<div class=\"elementor-element elementor-element-116f22f5 elementor-widget elementor-widget-image\" data-id=\"116f22f5\" data-element_type=\"widget\" data-widget_type=\"image.default\">\n\t\t\t\t\t\t\t\t\t\t\t\t\t\t\t<img fetchpriority=\"high\" decoding=\"async\" width=\"800\" height=\"532\" src=\"https:\/\/www.spolchemie.cz\/wp-content\/uploads\/2023\/07\/bezpecnost-2.jpeg\" class=\"attachment-large size-large wp-image-2548\" alt=\"\" srcset=\"https:\/\/www.spolchemie.cz\/wp-content\/uploads\/2023\/07\/bezpecnost-2.jpeg 1000w, https:\/\/www.spolchemie.cz\/wp-content\/uploads\/2023\/07\/bezpecnost-2-300x200.jpeg 300w, https:\/\/www.spolchemie.cz\/wp-content\/uploads\/2023\/07\/bezpecnost-2-768x511.jpeg 768w\" sizes=\"(max-width: 800px) 100vw, 800px\" \/>\t\t\t\t\t\t\t\t\t\t\t\t\t\t\t<\/div>\n\t\t\t\t\t<\/div>\n\t\t\t\t<\/div>\n\t\t\t\t\t<\/div>\n\t\t\t\t<\/div>\n\t\t<div class=\"elementor-element elementor-element-6d273ad3 e-flex e-con-boxed e-con e-parent\" data-id=\"6d273ad3\" data-element_type=\"container\" data-settings=\"{&quot;background_background&quot;:&quot;gradient&quot;}\">\n\t\t\t\t\t<div class=\"e-con-inner\">\n\t\t<div class=\"elementor-element elementor-element-54adab9f e-flex e-con-boxed e-con e-child\" data-id=\"54adab9f\" data-element_type=\"container\">\n\t\t\t\t\t<div class=\"e-con-inner\">\n\t\t\t\t<div class=\"elementor-element elementor-element-36c3a593 elementor-widget elementor-widget-heading\" data-id=\"36c3a593\" data-element_type=\"widget\" data-widget_type=\"heading.default\">\n\t\t\t\t\t<h2 class=\"elementor-heading-title elementor-size-default\">OCHRANA OKOL\u00cd \u2014 PREVENCE HAV\u00c1RI\u00cd<\/h2>\t\t\t\t<\/div>\n\t\t\t\t<div class=\"elementor-element elementor-element-652a5620 elementor-widget elementor-widget-text-editor\" data-id=\"652a5620\" data-element_type=\"widget\" data-widget_type=\"text-editor.default\">\n\t\t\t\t\t\t\t\t\t<p>Db\u00e1me na to, aby na\u0161e okol\u00ed nebylo ohro\u017eeno na\u0161\u00ed \u010dinnost\u00ed. P\u0159edch\u00e1zen\u00ed z\u00e1va\u017en\u00fdm hav\u00e1ri\u00edm prov\u00e1d\u00edme v souladu s po\u017eadavky z\u00e1kona \u010d. 224\/2015 Sb., o prevenci z\u00e1va\u017en\u00fdch hav\u00e1ri\u00ed, a \u0159adu bezpe\u010dnostn\u00edch opat\u0159en\u00ed p\u0159ij\u00edm\u00e1me i nad z\u00e1konn\u00fd r\u00e1mec.\u00a0<\/p>\t\t\t\t\t\t\t\t<\/div>\n\t\t\t\t\t<\/div>\n\t\t\t\t<\/div>\n\t\t<div class=\"elementor-element elementor-element-4815c782 e-flex e-con-boxed e-con e-child\" data-id=\"4815c782\" data-element_type=\"container\">\n\t\t\t\t\t<div class=\"e-con-inner\">\n\t\t\t\t<div class=\"elementor-element elementor-element-71fb0325 elementor-widget elementor-widget-image\" data-id=\"71fb0325\" data-element_type=\"widget\" id=\"add-mask-left\" data-widget_type=\"image.default\">\n\t\t\t\t\t\t\t\t\t\t\t\t\t\t\t<img decoding=\"async\" width=\"800\" height=\"528\" src=\"https:\/\/www.spolchemie.cz\/wp-content\/uploads\/2023\/07\/bezpecnost-3-1024x676.jpeg\" class=\"attachment-large size-large wp-image-2549\" alt=\"\" srcset=\"https:\/\/www.spolchemie.cz\/wp-content\/uploads\/2023\/07\/bezpecnost-3-1024x676.jpeg 1024w, https:\/\/www.spolchemie.cz\/wp-content\/uploads\/2023\/07\/bezpecnost-3-300x198.jpeg 300w, https:\/\/www.spolchemie.cz\/wp-content\/uploads\/2023\/07\/bezpecnost-3-768x507.jpeg 768w, https:\/\/www.spolchemie.cz\/wp-content\/uploads\/2023\/07\/bezpecnost-3-1536x1014.jpeg 1536w, https:\/\/www.spolchemie.cz\/wp-content\/uploads\/2023\/07\/bezpecnost-3.jpeg 2048w\" sizes=\"(max-width: 800px) 100vw, 800px\" \/>\t\t\t\t\t\t\t\t\t\t\t\t\t\t\t<\/div>\n\t\t\t\t\t<\/div>\n\t\t\t\t<\/div>\n\t\t\t\t\t<\/div>\n\t\t\t\t<\/div>\n\t\t<div class=\"elementor-element elementor-element-acea6c1 e-flex e-con-boxed e-con e-parent\" data-id=\"acea6c1\" data-element_type=\"container\" data-settings=\"{&quot;background_background&quot;:&quot;classic&quot;}\">\n\t\t\t\t\t<div class=\"e-con-inner\">\n\t\t<div class=\"elementor-element elementor-element-74013b13 e-flex e-con-boxed e-con e-child\" data-id=\"74013b13\" data-element_type=\"container\">\n\t\t\t\t\t<div class=\"e-con-inner\">\n\t\t\t\t<div class=\"elementor-element elementor-element-346b9903 elementor-widget__width-initial elementor-widget elementor-widget-text-editor\" data-id=\"346b9903\" data-element_type=\"widget\" data-widget_type=\"text-editor.default\">\n\t\t\t\t\t\t\t\t\t<p>Pravideln\u011b identifikujeme a dokumentujeme p\u0159\u00edpadn\u00e1 rizika a nebezpe\u010d\u00ed. Ta jsou d\u00e1le analyzov\u00e1na a hodnocena a v\u00fdstupy jsou zapracov\u00e1ny v Bezpe\u010dnostn\u00ed zpr\u00e1v\u011b, Vnit\u0159n\u00edm havarijn\u00edm pl\u00e1nu a dal\u0161\u00ed bezpe\u010dnostn\u00ed dokumentaci. P\u0159ijat\u00e1 bezpe\u010dnostn\u00ed opat\u0159en\u00ed jsou pravideln\u011b prov\u011b\u0159ov\u00e1na a kontrolov\u00e1na jak org\u00e1ny st\u00e1tn\u00ed spr\u00e1vy, tak intern\u011b, a to i\u00a0<strong>v r\u00e1mci protihavarijn\u00edho a protipo\u017e\u00e1rn\u00edho v\u00fdcviku<\/strong>. Usilujeme z\u00e1rove\u0148 o v\u010dasnou informovanost a ochranu jak na\u0161ich zam\u011bstnanc\u016f, tak i obyvatel m\u011bsta.\u00a0<\/p>\t\t\t\t\t\t\t\t<\/div>\n\t\t\t\t\t<\/div>\n\t\t\t\t<\/div>\n\t\t\t\t\t<\/div>\n\t\t\t\t<\/div>\n\t\t\t\t<\/div>\n\t\t","protected":false},"excerpt":{"rendered":"<p>Spolchemie Bezpe\u010dnost a ochrana zdrav\u00ed je jednou z na\u0161ich priorit. Na\u0161\u00edm c\u00edlem je identifikovat, odstranit anebo alespo\u0148 minimalizovat ve\u0161ker\u00e1 rizika jak ve vztahu k na\u0161im zam\u011bstnanc\u016fm, tak i lidem v na\u0161em okol\u00ed.\u00a0 Na\u0161e aktivity neust\u00e1le monitorujeme a zlep\u0161ujeme, ale z\u00e1rove\u0148 si uv\u011bdomujeme, \u017ee bezpe\u010dnost a ochranu zdrav\u00ed je ovlivn\u011bna chov\u00e1n\u00edm ka\u017ed\u00e9ho z n\u00e1s. P\u0159\u00e1n\u00edm n\u00e1s [&hellip;]<\/p>\n","protected":false},"author":1,"featured_media":0,"parent":421,"menu_order":0,"comment_status":"closed","ping_status":"closed","template":"","meta":{"_acf_changed":false,"_seopress_robots_primary_cat":"","_seopress_titles_title":"","_seopress_titles_desc":"","_seopress_robots_index":"","footnotes":"","_links_to":"","_links_to_target":""},"class_list":["post-2341","page","type-page","status-publish","hentry"],"acf":[],"_links":{"self":[{"href":"https:\/\/www.spolchemie.cz\/cs\/wp-json\/wp\/v2\/pages\/2341","targetHints":{"allow":["GET"]}}],"collection":[{"href":"https:\/\/www.spolchemie.cz\/cs\/wp-json\/wp\/v2\/pages"}],"about":[{"href":"https:\/\/www.spolchemie.cz\/cs\/wp-json\/wp\/v2\/types\/page"}],"author":[{"embeddable":true,"href":"https:\/\/www.spolchemie.cz\/cs\/wp-json\/wp\/v2\/users\/1"}],"replies":[{"embeddable":true,"href":"https:\/\/www.spolchemie.cz\/cs\/wp-json\/wp\/v2\/comments?post=2341"}],"version-history":[{"count":16,"href":"https:\/\/www.spolchemie.cz\/cs\/wp-json\/wp\/v2\/pages\/2341\/revisions"}],"predecessor-version":[{"id":63950,"href":"https:\/\/www.spolchemie.cz\/cs\/wp-json\/wp\/v2\/pages\/2341\/revisions\/63950"}],"up":[{"embeddable":true,"href":"https:\/\/www.spolchemie.cz\/cs\/wp-json\/wp\/v2\/pages\/421"}],"wp:attachment":[{"href":"https:\/\/www.spolchemie.cz\/cs\/wp-json\/wp\/v2\/media?parent=2341"}],"curies":[{"name":"wp","href":"https:\/\/api.w.org\/{rel}","templated":true}]}}