{"id":2343,"date":"2023-07-11T16:45:39","date_gmt":"2023-07-11T14:45:39","guid":{"rendered":"https:\/\/www.spolchemie.cz\/?page_id=2343"},"modified":"2024-04-12T22:23:58","modified_gmt":"2024-04-12T20:23:58","slug":"ekonomika-kvalita-produktu","status":"publish","type":"page","link":"https:\/\/www.spolchemie.cz\/cs\/odpovedna-firma\/udrzitelny-rozvoj\/ekonomika-kvalita-produktu\/","title":{"rendered":"Kvalita produkt\u016f"},"content":{"rendered":"\t\t<div data-elementor-type=\"wp-page\" data-elementor-id=\"2343\" class=\"elementor elementor-2343\" data-elementor-post-type=\"page\">\n\t\t\t\t<div data-dce-background-image-url=\"https:\/\/www.spolchemie.cz\/wp-content\/uploads\/2023\/07\/skupina-1.jpeg\" class=\"elementor-element elementor-element-7c3e6c13 e-con-full e-flex e-con e-parent\" data-id=\"7c3e6c13\" data-element_type=\"container\" data-settings=\"{&quot;background_background&quot;:&quot;classic&quot;}\">\n\t\t\t\t<\/div>\n\t\t<div class=\"elementor-element elementor-element-2e109e5e e-flex e-con-boxed e-con e-parent\" data-id=\"2e109e5e\" data-element_type=\"container\" data-settings=\"{&quot;background_background&quot;:&quot;classic&quot;}\">\n\t\t\t\t\t<div class=\"e-con-inner\">\n\t\t<div class=\"elementor-element elementor-element-1318be76 e-flex e-con-boxed e-con e-child\" data-id=\"1318be76\" data-element_type=\"container\">\n\t\t\t\t\t<div class=\"e-con-inner\">\n\t\t\t\t<div class=\"elementor-element elementor-element-58341cb9 elementor-widget elementor-widget-sp-breadcrumbs\" data-id=\"58341cb9\" data-element_type=\"widget\" data-widget_type=\"sp-breadcrumbs.default\">\n\t\t\t\t<div class=\"elementor-widget-container\">\n\t\t\t\t\t<nav  aria-label=\"breadcrumb\"><ol class=\"breadcrumb\" itemscope itemtype=\"https:\/\/schema.org\/BreadcrumbList\"><li class=\"breadcrumb-item active\" aria-current=\"page\" itemprop=\"itemListElement\" itemscope itemtype=\"https:\/\/schema.org\/ListItem\"><span itemprop=\"name\">Spolchemie<\/span><meta itemprop=\"position\" content=\"1\"><\/li><\/ol><\/nav>\t\t\t\t<\/div>\n\t\t\t\t<\/div>\n\t\t\t\t<div class=\"elementor-element elementor-element-1243e574 elementor-widget elementor-widget-heading\" data-id=\"1243e574\" data-element_type=\"widget\" data-widget_type=\"heading.default\">\n\t\t\t\t\t<h1 class=\"elementor-heading-title elementor-size-default\">Kvalita produkt\u016f<\/h1>\t\t\t\t<\/div>\n\t\t\t\t\t<\/div>\n\t\t\t\t<\/div>\n\t\t\t\t\t<\/div>\n\t\t\t\t<\/div>\n\t\t<div class=\"elementor-element elementor-element-5aa4132b e-flex e-con-boxed e-con e-parent\" data-id=\"5aa4132b\" data-element_type=\"container\" data-settings=\"{&quot;background_background&quot;:&quot;classic&quot;}\">\n\t\t\t\t\t<div class=\"e-con-inner\">\n\t\t<div class=\"elementor-element elementor-element-3cd5d4c6 e-flex e-con-boxed e-con e-child\" data-id=\"3cd5d4c6\" data-element_type=\"container\">\n\t\t\t\t\t<div class=\"e-con-inner\">\n\t\t\t\t<div class=\"elementor-element elementor-element-2c52bef3 elementor-widget elementor-widget-text-editor\" data-id=\"2c52bef3\" data-element_type=\"widget\" data-widget_type=\"text-editor.default\">\n\t\t\t\t\t\t\t\t\t<p><strong>Vysok\u00e1 kvalita a vynikaj\u00edc\u00ed vlastnosti produkt\u016f jsou kl\u00ed\u010dem ke spokojenosti na\u0161ich z\u00e1kazn\u00edk\u016f.\u00a0<\/strong><\/p><p>Pro zachov\u00e1n\u00ed vysok\u00e9 kvality na\u0161ich produkt\u016f jsou na\u0161e procesy pod neust\u00e1lou kontrolou a jsou d\u00e1le rozv\u00edjeny a zlep\u0161ov\u00e1ny v souladu s po\u017eadavky z\u00e1kazn\u00edk\u016f a platn\u00e9 legislativy. N\u00e1\u0161 syst\u00e9m kontroly kvality je zalo\u017een na kontroln\u00edch bodech ve v\u00fdrob\u011b a dodr\u017eov\u00e1n\u00ed p\u0159edepsan\u00fdch postup\u016f v\u0161emi zam\u011bstnanci a u konkr\u00e9tn\u00edho produktu pak kvalitu zaji\u0161\u0165uje nez\u00e1visl\u00e1 kontrola. Odchylky od po\u017eadovan\u00fdch hodnot jsou analyzov\u00e1ny a zohledn\u011bny p\u0159i dal\u0161\u00ed \u010dinnosti.<\/p><p>D\u00edky na\u0161im v\u00fdvojov\u00fdm t\u00fdm\u016fm, technick\u00e9mu servisu a zku\u0161en\u00fdm pracovn\u00edk\u016fm ve v\u00fdrob\u011b vyv\u00edj\u00edme a vyr\u00e1b\u00edme \u0159adu na\u0161ich produkt\u016f p\u0159\u00edmo podle specifick\u00fdch po\u017eadavk\u016f z\u00e1kazn\u00edka. Na\u0161e produkty spl\u0148uj\u00ed nejen vysok\u00e9 kvalitativn\u00ed standardy, ale tak\u00e9 ve\u0161ker\u00e9 legislativn\u00ed po\u017eadavky evropsk\u00fdch i mimoevropsk\u00fdch zem\u00ed, do kter\u00fdch je vyv\u00e1\u017e\u00edme.<\/p><p>Hlavn\u00ed z\u00e1sady a postupy v oblasti kvality definuje na\u0161e\u00a0<span style=\"text-decoration: underline;\"><strong><a href=\"https:\/\/www.spolchemie.cz\/wp-content\/uploads\/2024\/04\/Politika-Spolchemie_2024_04.pdf\">Politika SPOLCHEMIE<\/a>.<\/strong><\/span><\/p>\t\t\t\t\t\t\t\t<\/div>\n\t\t\t\t\t<\/div>\n\t\t\t\t<\/div>\n\t\t\t\t\t<\/div>\n\t\t\t\t<\/div>\n\t\t<div class=\"elementor-element elementor-element-1f1e5244 e-flex e-con-boxed e-con e-parent\" data-id=\"1f1e5244\" data-element_type=\"container\" data-settings=\"{&quot;background_background&quot;:&quot;gradient&quot;}\">\n\t\t\t\t\t<div class=\"e-con-inner\">\n\t\t<div class=\"elementor-element elementor-element-61dea159 e-flex e-con-boxed e-con e-child\" data-id=\"61dea159\" data-element_type=\"container\">\n\t\t\t\t\t<div class=\"e-con-inner\">\n\t\t\t\t<div class=\"elementor-element elementor-element-3ac9ed2e elementor-widget elementor-widget-heading\" data-id=\"3ac9ed2e\" data-element_type=\"widget\" data-widget_type=\"heading.default\">\n\t\t\t\t\t<h2 class=\"elementor-heading-title elementor-size-default\">Dodavatelsk\u00fd \u0159et\u011bzec<\/h2>\t\t\t\t<\/div>\n\t\t\t\t<div class=\"elementor-element elementor-element-911c9 elementor-widget elementor-widget-text-editor\" data-id=\"911c9\" data-element_type=\"widget\" data-widget_type=\"text-editor.default\">\n\t\t\t\t\t\t\t\t\t<p>Na\u0161i dodavatel\u00e9 surovin a slu\u017eeb jsou motivov\u00e1ni, kontrolov\u00e1ni a hodnoceni ve vztahu k dodr\u017eov\u00e1n\u00ed n\u00e1mi stanoven\u00fdch princip\u016f.<\/p><p>N\u00e1\u0161 p\u0159\u00edstup k udr\u017eiteln\u00e9mu nakupov\u00e1n\u00ed je definov\u00e1n v na\u0161\u00ed <a href=\"https:\/\/www.spolchemie.cz\/wp-content\/uploads\/2024\/04\/Politika-Spolchemie_2024_04.pdf\"><span style=\"text-decoration: underline;\"><strong>Politice SPOLCHEMIE.<\/strong><\/span><\/a><\/p>\t\t\t\t\t\t\t\t<\/div>\n\t\t\t\t\t<\/div>\n\t\t\t\t<\/div>\n\t\t<div class=\"elementor-element elementor-element-2250c8b0 e-flex e-con-boxed e-con e-child\" data-id=\"2250c8b0\" data-element_type=\"container\">\n\t\t\t\t\t<div class=\"e-con-inner\">\n\t\t\t\t<div class=\"elementor-element elementor-element-1f927360 elementor-widget elementor-widget-image\" data-id=\"1f927360\" data-element_type=\"widget\" id=\"add-mask-left\" data-widget_type=\"image.default\">\n\t\t\t\t\t\t\t\t\t\t\t\t\t\t\t<img fetchpriority=\"high\" decoding=\"async\" width=\"800\" height=\"447\" src=\"https:\/\/www.spolchemie.cz\/wp-content\/uploads\/2023\/07\/eko-1.jpeg\" class=\"attachment-large size-large wp-image-2554\" alt=\"\" srcset=\"https:\/\/www.spolchemie.cz\/wp-content\/uploads\/2023\/07\/eko-1.jpeg 999w, https:\/\/www.spolchemie.cz\/wp-content\/uploads\/2023\/07\/eko-1-300x168.jpeg 300w, https:\/\/www.spolchemie.cz\/wp-content\/uploads\/2023\/07\/eko-1-768x429.jpeg 768w\" sizes=\"(max-width: 800px) 100vw, 800px\" \/>\t\t\t\t\t\t\t\t\t\t\t\t\t\t\t<\/div>\n\t\t\t\t\t<\/div>\n\t\t\t\t<\/div>\n\t\t\t\t\t<\/div>\n\t\t\t\t<\/div>\n\t\t<div data-dce-background-image-url=\"https:\/\/www.spolchemie.cz\/wp-content\/uploads\/2023\/03\/show-image-13.jpg\" class=\"elementor-element elementor-element-85bdacf e-flex e-con-boxed e-con e-parent\" data-id=\"85bdacf\" data-element_type=\"container\" data-settings=\"{&quot;background_background&quot;:&quot;classic&quot;}\">\n\t\t\t\t\t<div class=\"e-con-inner\">\n\t\t<div class=\"elementor-element elementor-element-c226001 e-flex e-con-boxed e-con e-child\" data-id=\"c226001\" data-element_type=\"container\">\n\t\t\t\t\t<div class=\"e-con-inner\">\n\t\t\t\t<div class=\"elementor-element elementor-element-57aefe2 elementor-widget elementor-widget-text-editor\" data-id=\"57aefe2\" data-element_type=\"widget\" data-widget_type=\"text-editor.default\">\n\t\t\t\t\t\t\t\t\t<h3>KONTROLA KVALITY<\/h3>\t\t\t\t\t\t\t\t<\/div>\n\t\t\t\t<div class=\"elementor-element elementor-element-0ba8bf3 elementor-widget elementor-widget-text-editor\" data-id=\"0ba8bf3\" data-element_type=\"widget\" data-widget_type=\"text-editor.default\">\n\t\t\t\t\t\t\t\t\t<p><strong>Na\u0161e procesy jsou neust\u00e1le kontrolov\u00e1ny, rozv\u00edjeny a zlep\u0161ov\u00e1ny<\/strong>\u00a0v souladu s po\u017eadavky z\u00e1kazn\u00edk\u016f a platn\u00e9 legislativy. V\u0161ichni zam\u011bstnanci jsou si v\u011bdomi nutnosti dodr\u017eovat a neust\u00e1le zlep\u0161ovat postupy, abychom zachovali vysokou kvalitu na\u0161ich produkt\u016f. Syst\u00e9m na\u0161\u00ed kontroly kvality je zalo\u017een na kontroln\u00edch bodech ve v\u00fdrob\u011b a dodr\u017eov\u00e1n\u00ed p\u0159edepsan\u00fdch postup\u016f. Dosa\u017een\u00ed po\u017eadovan\u00e9 kvality pak u konkr\u00e9tn\u00edho produktu zaji\u0161\u0165uje nez\u00e1visl\u00e1 kontrola a odchylky od po\u017eadovan\u00fdch hodnot jsou analyzov\u00e1ny a zohledn\u011bny v na\u0161\u00ed dal\u0161\u00ed \u010dinnosti.<\/p>\t\t\t\t\t\t\t\t<\/div>\n\t\t\t\t\t<\/div>\n\t\t\t\t<\/div>\n\t\t\t\t\t<\/div>\n\t\t\t\t<\/div>\n\t\t\t\t<\/div>\n\t\t","protected":false},"excerpt":{"rendered":"<p>Spolchemie Vysok\u00e1 kvalita a vynikaj\u00edc\u00ed vlastnosti produkt\u016f jsou kl\u00ed\u010dem ke spokojenosti na\u0161ich z\u00e1kazn\u00edk\u016f.\u00a0 Pro zachov\u00e1n\u00ed vysok\u00e9 kvality na\u0161ich produkt\u016f jsou na\u0161e procesy pod neust\u00e1lou kontrolou a jsou d\u00e1le rozv\u00edjeny a zlep\u0161ov\u00e1ny v souladu s po\u017eadavky z\u00e1kazn\u00edk\u016f a platn\u00e9 legislativy. N\u00e1\u0161 syst\u00e9m kontroly kvality je zalo\u017een na kontroln\u00edch bodech ve v\u00fdrob\u011b a dodr\u017eov\u00e1n\u00ed p\u0159edepsan\u00fdch postup\u016f v\u0161emi [&hellip;]<\/p>\n","protected":false},"author":1,"featured_media":0,"parent":421,"menu_order":0,"comment_status":"closed","ping_status":"closed","template":"","meta":{"_acf_changed":false,"_seopress_robots_primary_cat":"","_seopress_titles_title":"","_seopress_titles_desc":"","_seopress_robots_index":"","footnotes":"","_links_to":"","_links_to_target":""},"class_list":["post-2343","page","type-page","status-publish","hentry"],"acf":[],"_links":{"self":[{"href":"https:\/\/www.spolchemie.cz\/cs\/wp-json\/wp\/v2\/pages\/2343","targetHints":{"allow":["GET"]}}],"collection":[{"href":"https:\/\/www.spolchemie.cz\/cs\/wp-json\/wp\/v2\/pages"}],"about":[{"href":"https:\/\/www.spolchemie.cz\/cs\/wp-json\/wp\/v2\/types\/page"}],"author":[{"embeddable":true,"href":"https:\/\/www.spolchemie.cz\/cs\/wp-json\/wp\/v2\/users\/1"}],"replies":[{"embeddable":true,"href":"https:\/\/www.spolchemie.cz\/cs\/wp-json\/wp\/v2\/comments?post=2343"}],"version-history":[{"count":23,"href":"https:\/\/www.spolchemie.cz\/cs\/wp-json\/wp\/v2\/pages\/2343\/revisions"}],"predecessor-version":[{"id":63978,"href":"https:\/\/www.spolchemie.cz\/cs\/wp-json\/wp\/v2\/pages\/2343\/revisions\/63978"}],"up":[{"embeddable":true,"href":"https:\/\/www.spolchemie.cz\/cs\/wp-json\/wp\/v2\/pages\/421"}],"wp:attachment":[{"href":"https:\/\/www.spolchemie.cz\/cs\/wp-json\/wp\/v2\/media?parent=2343"}],"curies":[{"name":"wp","href":"https:\/\/api.w.org\/{rel}","templated":true}]}}