{"id":2345,"date":"2023-07-11T16:45:55","date_gmt":"2023-07-11T14:45:55","guid":{"rendered":"https:\/\/www.spolchemie.cz\/?page_id=2345"},"modified":"2025-08-24T14:45:41","modified_gmt":"2025-08-24T12:45:41","slug":"system-ims","status":"publish","type":"page","link":"https:\/\/www.spolchemie.cz\/cs\/odpovedna-firma\/udrzitelny-rozvoj\/system-ims\/","title":{"rendered":"Syst\u00e9m IMS"},"content":{"rendered":"\t\t<div data-elementor-type=\"wp-page\" data-elementor-id=\"2345\" class=\"elementor elementor-2345\" data-elementor-post-type=\"page\">\n\t\t\t\t<div data-dce-background-image-url=\"https:\/\/www.spolchemie.cz\/wp-content\/uploads\/2023\/03\/show-image-9.jpg\" class=\"elementor-element elementor-element-28692854 e-con-full e-flex e-con e-parent\" data-id=\"28692854\" data-element_type=\"container\" data-settings=\"{&quot;background_background&quot;:&quot;classic&quot;}\">\n\t\t\t\t<\/div>\n\t\t<div class=\"elementor-element elementor-element-2c8c583e e-flex e-con-boxed e-con e-parent\" data-id=\"2c8c583e\" data-element_type=\"container\" data-settings=\"{&quot;background_background&quot;:&quot;classic&quot;}\">\n\t\t\t\t\t<div class=\"e-con-inner\">\n\t\t<div class=\"elementor-element elementor-element-477dcdf4 e-flex e-con-boxed e-con e-child\" data-id=\"477dcdf4\" data-element_type=\"container\">\n\t\t\t\t\t<div class=\"e-con-inner\">\n\t\t\t\t<div class=\"elementor-element elementor-element-6284a8db elementor-widget elementor-widget-sp-breadcrumbs\" data-id=\"6284a8db\" data-element_type=\"widget\" data-widget_type=\"sp-breadcrumbs.default\">\n\t\t\t\t<div class=\"elementor-widget-container\">\n\t\t\t\t\t<nav  aria-label=\"breadcrumb\"><ol class=\"breadcrumb\" itemscope itemtype=\"https:\/\/schema.org\/BreadcrumbList\"><li class=\"breadcrumb-item active\" aria-current=\"page\" itemprop=\"itemListElement\" itemscope itemtype=\"https:\/\/schema.org\/ListItem\"><span itemprop=\"name\">Spolchemie<\/span><meta itemprop=\"position\" content=\"1\"><\/li><\/ol><\/nav>\t\t\t\t<\/div>\n\t\t\t\t<\/div>\n\t\t\t\t<div class=\"elementor-element elementor-element-aeebf1c elementor-widget elementor-widget-heading\" data-id=\"aeebf1c\" data-element_type=\"widget\" data-widget_type=\"heading.default\">\n\t\t\t\t\t<h1 class=\"elementor-heading-title elementor-size-default\">Syst\u00e9m IMS<\/h1>\t\t\t\t<\/div>\n\t\t\t\t\t<\/div>\n\t\t\t\t<\/div>\n\t\t\t\t\t<\/div>\n\t\t\t\t<\/div>\n\t\t<div class=\"elementor-element elementor-element-435987b6 e-flex e-con-boxed e-con e-parent\" data-id=\"435987b6\" data-element_type=\"container\" data-settings=\"{&quot;background_background&quot;:&quot;classic&quot;}\">\n\t\t\t\t\t<div class=\"e-con-inner\">\n\t\t<div class=\"elementor-element elementor-element-53ed46b2 e-flex e-con-boxed e-con e-child\" data-id=\"53ed46b2\" data-element_type=\"container\">\n\t\t\t\t\t<div class=\"e-con-inner\">\n\t\t\t\t<div class=\"elementor-element elementor-element-3f66c509 elementor-widget elementor-widget-text-editor\" data-id=\"3f66c509\" data-element_type=\"widget\" data-widget_type=\"text-editor.default\">\n\t\t\t\t\t\t\t\t\t<p><strong>V na\u0161\u00ed spole\u010dnosti m\u00e1me zaveden\u00fd efektivn\u00ed integrovan\u00fd syst\u00e9m \u0159\u00edzen\u00ed (IMS), kter\u00fd zahrnuje \u010dty\u0159i subsyst\u00e9my:<\/strong><\/p><ul><li><strong>\u017eivotn\u00ed prost\u0159ed\u00ed\u00a0<\/strong><\/li><li><strong>bezpe\u010dnost a ochrana zdrav\u00ed<\/strong><\/li><li><strong>kvalita<\/strong><\/li><li><strong>hospoda\u0159en\u00ed s energiemi<\/strong><\/li><\/ul><p>\u00a0<\/p><p>Mnoho na\u0161ich aktivit jde nad r\u00e1mec povinn\u00fdch postup\u016f a metod. Na\u0161e procesy a aktivity jsou pravideln\u011b auditovan\u00e9 dle norem:<\/p><p><strong><a href=\"https:\/\/www.spolchemie.cz\/wp-content\/uploads\/2023\/12\/9001-SPOLCHEMIE_cz-1.pdf\">ISO 9001<\/a><\/strong>\u00a0&#8211; pro oblast kvality<br \/><a href=\"https:\/\/www.spolchemie.cz\/wp-content\/uploads\/2023\/12\/14001-SPOLCHEMIE_cz-1.pdf\"><strong>ISO 14001<\/strong><\/a>\u00a0&#8211; pro oblast \u017eivotn\u00edho prost\u0159ed\u00ed<br \/><strong><a href=\"https:\/\/www.spolchemie.cz\/wp-content\/uploads\/2023\/12\/45001-SPOLCHEMIE_cz-1.pdf\">ISO 45001<\/a><\/strong> &#8211; pro oblast bezpe\u010dnosti a ochrany zdrav\u00ed\u00a0<br \/><a href=\"https:\/\/www.spolchemie.cz\/wp-content\/uploads\/2023\/12\/50001-SPOLCHEMIE_cz-1.pdf\"><strong>ISO 50001<\/strong><\/a> &#8211; pro oblast hospoda\u0159en\u00ed s energiemi<\/p>\t\t\t\t\t\t\t\t<\/div>\n\t\t\t\t\t<\/div>\n\t\t\t\t<\/div>\n\t\t\t\t\t<\/div>\n\t\t\t\t<\/div>\n\t\t\t\t<\/div>\n\t\t","protected":false},"excerpt":{"rendered":"<p>Spolchemie V na\u0161\u00ed spole\u010dnosti m\u00e1me zaveden\u00fd efektivn\u00ed integrovan\u00fd syst\u00e9m \u0159\u00edzen\u00ed (IMS), kter\u00fd zahrnuje \u010dty\u0159i subsyst\u00e9my: \u017eivotn\u00ed prost\u0159ed\u00ed\u00a0 bezpe\u010dnost a ochrana zdrav\u00ed kvalita hospoda\u0159en\u00ed s energiemi \u00a0 Mnoho na\u0161ich aktivit jde nad r\u00e1mec povinn\u00fdch postup\u016f a metod. Na\u0161e procesy a aktivity jsou pravideln\u011b auditovan\u00e9 dle norem: ISO 9001\u00a0&#8211; pro oblast kvalityISO 14001\u00a0&#8211; pro oblast \u017eivotn\u00edho prost\u0159ed\u00edISO [&hellip;]<\/p>\n","protected":false},"author":1,"featured_media":0,"parent":421,"menu_order":0,"comment_status":"closed","ping_status":"closed","template":"","meta":{"_acf_changed":false,"_seopress_robots_primary_cat":"","_seopress_titles_title":"","_seopress_titles_desc":"","_seopress_robots_index":"","footnotes":"","_links_to":"","_links_to_target":""},"class_list":["post-2345","page","type-page","status-publish","hentry"],"acf":[],"_links":{"self":[{"href":"https:\/\/www.spolchemie.cz\/cs\/wp-json\/wp\/v2\/pages\/2345","targetHints":{"allow":["GET"]}}],"collection":[{"href":"https:\/\/www.spolchemie.cz\/cs\/wp-json\/wp\/v2\/pages"}],"about":[{"href":"https:\/\/www.spolchemie.cz\/cs\/wp-json\/wp\/v2\/types\/page"}],"author":[{"embeddable":true,"href":"https:\/\/www.spolchemie.cz\/cs\/wp-json\/wp\/v2\/users\/1"}],"replies":[{"embeddable":true,"href":"https:\/\/www.spolchemie.cz\/cs\/wp-json\/wp\/v2\/comments?post=2345"}],"version-history":[{"count":37,"href":"https:\/\/www.spolchemie.cz\/cs\/wp-json\/wp\/v2\/pages\/2345\/revisions"}],"predecessor-version":[{"id":102304,"href":"https:\/\/www.spolchemie.cz\/cs\/wp-json\/wp\/v2\/pages\/2345\/revisions\/102304"}],"up":[{"embeddable":true,"href":"https:\/\/www.spolchemie.cz\/cs\/wp-json\/wp\/v2\/pages\/421"}],"wp:attachment":[{"href":"https:\/\/www.spolchemie.cz\/cs\/wp-json\/wp\/v2\/media?parent=2345"}],"curies":[{"name":"wp","href":"https:\/\/api.w.org\/{rel}","templated":true}]}}