{"id":2351,"date":"2023-07-11T16:47:32","date_gmt":"2023-07-11T14:47:32","guid":{"rendered":"https:\/\/www.spolchemie.cz\/?page_id=2351"},"modified":"2023-07-12T15:20:41","modified_gmt":"2023-07-12T13:20:41","slug":"spoluprace-s-vysokymi-skolami","status":"publish","type":"page","link":"https:\/\/www.spolchemie.cz\/cs\/odpovedna-firma\/vzdelavani\/spoluprace-s-vysokymi-skolami\/","title":{"rendered":"Spolupr\u00e1ce s vysok\u00fdmi \u0161kolami"},"content":{"rendered":"\t\t<div data-elementor-type=\"wp-page\" data-elementor-id=\"2351\" class=\"elementor elementor-2351\" data-elementor-post-type=\"page\">\n\t\t\t\t<div data-dce-background-image-url=\"https:\/\/www.spolchemie.cz\/wp-content\/uploads\/2023\/03\/show-image-9.jpg\" class=\"elementor-element elementor-element-ec1dc4 e-con-full e-flex e-con e-parent\" data-id=\"ec1dc4\" data-element_type=\"container\" data-settings=\"{&quot;background_background&quot;:&quot;classic&quot;}\">\n\t\t\t\t<\/div>\n\t\t<div class=\"elementor-element elementor-element-79586a8a e-flex e-con-boxed e-con e-parent\" data-id=\"79586a8a\" data-element_type=\"container\" data-settings=\"{&quot;background_background&quot;:&quot;classic&quot;}\">\n\t\t\t\t\t<div class=\"e-con-inner\">\n\t\t<div class=\"elementor-element elementor-element-7be5f351 e-flex e-con-boxed e-con e-parent\" data-id=\"7be5f351\" data-element_type=\"container\">\n\t\t\t\t\t<div class=\"e-con-inner\">\n\t\t\t\t<div class=\"elementor-element elementor-element-255adf32 elementor-widget elementor-widget-sp-breadcrumbs\" data-id=\"255adf32\" data-element_type=\"widget\" data-widget_type=\"sp-breadcrumbs.default\">\n\t\t\t\t<div class=\"elementor-widget-container\">\n\t\t\t\t\t<nav  aria-label=\"breadcrumb\"><ol class=\"breadcrumb\" itemscope itemtype=\"https:\/\/schema.org\/BreadcrumbList\"><li class=\"breadcrumb-item active\" aria-current=\"page\" itemprop=\"itemListElement\" itemscope itemtype=\"https:\/\/schema.org\/ListItem\"><span itemprop=\"name\">Spolchemie<\/span><meta itemprop=\"position\" content=\"1\"><\/li><\/ol><\/nav>\t\t\t\t<\/div>\n\t\t\t\t<\/div>\n\t\t\t\t<div class=\"elementor-element elementor-element-319a5288 elementor-widget elementor-widget-heading\" data-id=\"319a5288\" data-element_type=\"widget\" data-widget_type=\"heading.default\">\n\t\t\t\t\t<h1 class=\"elementor-heading-title elementor-size-default\">Spolupr\u00e1ce s vysok\u00fdmi \u0161kolami<\/h1>\t\t\t\t<\/div>\n\t\t\t\t\t<\/div>\n\t\t\t\t<\/div>\n\t\t\t\t\t<\/div>\n\t\t\t\t<\/div>\n\t\t<div class=\"elementor-element elementor-element-3eb4f8af e-flex e-con-boxed e-con e-parent\" data-id=\"3eb4f8af\" data-element_type=\"container\" data-settings=\"{&quot;background_background&quot;:&quot;classic&quot;}\">\n\t\t\t\t\t<div class=\"e-con-inner\">\n\t\t<div class=\"elementor-element elementor-element-457e18af e-flex e-con-boxed e-con e-parent\" data-id=\"457e18af\" data-element_type=\"container\">\n\t\t\t\t\t<div class=\"e-con-inner\">\n\t\t\t\t<div class=\"elementor-element elementor-element-39c33bcb elementor-widget elementor-widget-text-editor\" data-id=\"39c33bcb\" data-element_type=\"widget\" data-widget_type=\"text-editor.default\">\n\t\t\t\t\t\t\t\t\t<h2>Partnersk\u00e9 vysok\u00e9 \u0161koly<\/h2>\t\t\t\t\t\t\t\t<\/div>\n\t\t<div class=\"elementor-element elementor-element-740f3cca e-flex e-con-boxed e-con e-parent\" data-id=\"740f3cca\" data-element_type=\"container\">\n\t\t\t\t\t<div class=\"e-con-inner\">\n\t\t<div class=\"elementor-element elementor-element-5fc6fc9 e-flex e-con-boxed e-con e-parent\" data-id=\"5fc6fc9\" data-element_type=\"container\">\n\t\t\t\t\t<div class=\"e-con-inner\">\n\t\t\t\t<div class=\"elementor-element elementor-element-26d0716b elementor-widget elementor-widget-image\" data-id=\"26d0716b\" data-element_type=\"widget\" data-widget_type=\"image.default\">\n\t\t\t\t\t\t\t\t\t\t\t\t\t\t\t<img fetchpriority=\"high\" decoding=\"async\" width=\"687\" height=\"348\" src=\"https:\/\/www.spolchemie.cz\/wp-content\/uploads\/2023\/07\/vscht.png\" class=\"attachment-large size-large wp-image-2579\" alt=\"\" srcset=\"https:\/\/www.spolchemie.cz\/wp-content\/uploads\/2023\/07\/vscht.png 687w, https:\/\/www.spolchemie.cz\/wp-content\/uploads\/2023\/07\/vscht-300x152.png 300w\" sizes=\"(max-width: 687px) 100vw, 687px\" \/>\t\t\t\t\t\t\t\t\t\t\t\t\t\t\t<\/div>\n\t\t\t\t\t<\/div>\n\t\t\t\t<\/div>\n\t\t<div class=\"elementor-element elementor-element-5a8467da e-flex e-con-boxed e-con e-parent\" data-id=\"5a8467da\" data-element_type=\"container\">\n\t\t\t\t\t<div class=\"e-con-inner\">\n\t\t\t\t<div class=\"elementor-element elementor-element-26962ad1 elementor-widget elementor-widget-image\" data-id=\"26962ad1\" data-element_type=\"widget\" data-widget_type=\"image.default\">\n\t\t\t\t\t\t\t\t\t\t\t\t\t\t\t<img decoding=\"async\" width=\"800\" height=\"357\" src=\"https:\/\/www.spolchemie.cz\/wp-content\/uploads\/2023\/07\/uoft.jpeg\" class=\"attachment-large size-large wp-image-2578\" alt=\"\" \/>\t\t\t\t\t\t\t\t\t\t\t\t\t\t\t<\/div>\n\t\t\t\t\t<\/div>\n\t\t\t\t<\/div>\n\t\t\t\t\t<\/div>\n\t\t\t\t<\/div>\n\t\t\t\t\t<\/div>\n\t\t\t\t<\/div>\n\t\t\t\t\t<\/div>\n\t\t\t\t<\/div>\n\t\t<div class=\"elementor-element elementor-element-fdad432 e-flex e-con-boxed e-con e-parent\" data-id=\"fdad432\" data-element_type=\"container\" data-settings=\"{&quot;background_background&quot;:&quot;classic&quot;}\">\n\t\t\t\t\t<div class=\"e-con-inner\">\n\t\t<div class=\"elementor-element elementor-element-e20a6e1 e-flex e-con-boxed e-con e-parent\" data-id=\"e20a6e1\" data-element_type=\"container\">\n\t\t\t\t\t<div class=\"e-con-inner\">\n\t\t\t\t<div class=\"elementor-element elementor-element-9f5d850 elementor-widget elementor-widget-text-editor\" data-id=\"9f5d850\" data-element_type=\"widget\" data-widget_type=\"text-editor.default\">\n\t\t\t\t\t\t\t\t\t<h2>Spolupracuj\u00edc\u00ed vysok\u00e9 \u0161koly<\/h2>\t\t\t\t\t\t\t\t<\/div>\n\t\t<div class=\"elementor-element elementor-element-3ff59e8 e-flex e-con-boxed e-con e-parent\" data-id=\"3ff59e8\" data-element_type=\"container\">\n\t\t\t\t\t<div class=\"e-con-inner\">\n\t\t<div class=\"elementor-element elementor-element-2c04e31 e-flex e-con-boxed e-con e-parent\" data-id=\"2c04e31\" data-element_type=\"container\">\n\t\t\t\t\t<div class=\"e-con-inner\">\n\t\t\t\t<div class=\"elementor-element elementor-element-0b1bd03 elementor-widget elementor-widget-image\" data-id=\"0b1bd03\" data-element_type=\"widget\" data-widget_type=\"image.default\">\n\t\t\t\t\t\t\t\t\t\t\t\t\t\t\t<img decoding=\"async\" width=\"607\" height=\"196\" src=\"https:\/\/www.spolchemie.cz\/wp-content\/uploads\/2023\/07\/ujep.gif\" class=\"attachment-large size-large wp-image-2587\" alt=\"\" \/>\t\t\t\t\t\t\t\t\t\t\t\t\t\t\t<\/div>\n\t\t\t\t\t<\/div>\n\t\t\t\t<\/div>\n\t\t\t\t\t<\/div>\n\t\t\t\t<\/div>\n\t\t\t\t\t<\/div>\n\t\t\t\t<\/div>\n\t\t\t\t\t<\/div>\n\t\t\t\t<\/div>\n\t\t<div class=\"elementor-element elementor-element-37adae2a e-flex e-con-boxed e-con e-parent\" data-id=\"37adae2a\" data-element_type=\"container\" data-settings=\"{&quot;background_background&quot;:&quot;gradient&quot;}\">\n\t\t\t\t\t<div class=\"e-con-inner\">\n\t\t<div class=\"elementor-element elementor-element-63deaa08 e-flex e-con-boxed e-con e-parent\" data-id=\"63deaa08\" data-element_type=\"container\">\n\t\t\t\t\t<div class=\"e-con-inner\">\n\t\t\t\t<div class=\"elementor-element elementor-element-70e32183 elementor-widget elementor-widget-heading\" data-id=\"70e32183\" data-element_type=\"widget\" data-widget_type=\"heading.default\">\n\t\t\t\t\t<h2 class=\"elementor-heading-title elementor-size-default\">Budoucnost d\u00edky vzd\u011bl\u00e1v\u00e1n\u00ed<\/h2>\t\t\t\t<\/div>\n\t\t\t\t<div class=\"elementor-element elementor-element-483adc32 elementor-widget elementor-widget-text-editor\" data-id=\"483adc32\" data-element_type=\"widget\" data-widget_type=\"text-editor.default\">\n\t\t\t\t\t\t\t\t\t<p>Vzd\u011bl\u00e1v\u00e1n\u00ed vn\u00edm\u00e1me jako d\u016fle\u017eitou sou\u010d\u00e1st na\u0161\u00ed \u010dinnosti, jako\u00a0<strong>podm\u00ednku \u00fasp\u011bchu nejen na\u0161ich zam\u011bstnanc\u016f<\/strong>\u00a0a firmy, ale i spole\u010dnosti jako celku.<\/p>\t\t\t\t\t\t\t\t<\/div>\n\t\t\t\t\t<\/div>\n\t\t\t\t<\/div>\n\t\t<div class=\"elementor-element elementor-element-6d8fda17 e-flex e-con-boxed e-con e-parent\" data-id=\"6d8fda17\" data-element_type=\"container\">\n\t\t\t\t\t<div class=\"e-con-inner\">\n\t\t\t\t<div class=\"elementor-element elementor-element-115a0a57 elementor-widget elementor-widget-image\" data-id=\"115a0a57\" data-element_type=\"widget\" id=\"add-mask-left\" data-widget_type=\"image.default\">\n\t\t\t\t\t\t\t\t\t\t\t\t\t\t\t<img loading=\"lazy\" decoding=\"async\" width=\"800\" height=\"447\" src=\"https:\/\/www.spolchemie.cz\/wp-content\/uploads\/2023\/07\/vzdelavani-1.jpeg\" class=\"attachment-large size-large wp-image-2576\" alt=\"\" srcset=\"https:\/\/www.spolchemie.cz\/wp-content\/uploads\/2023\/07\/vzdelavani-1.jpeg 999w, https:\/\/www.spolchemie.cz\/wp-content\/uploads\/2023\/07\/vzdelavani-1-300x168.jpeg 300w, https:\/\/www.spolchemie.cz\/wp-content\/uploads\/2023\/07\/vzdelavani-1-768x429.jpeg 768w\" sizes=\"(max-width: 800px) 100vw, 800px\" \/>\t\t\t\t\t\t\t\t\t\t\t\t\t\t\t<\/div>\n\t\t\t\t\t<\/div>\n\t\t\t\t<\/div>\n\t\t\t\t\t<\/div>\n\t\t\t\t<\/div>\n\t\t\t\t<\/div>\n\t\t","protected":false},"excerpt":{"rendered":"<p>\u00davodn\u00ed Partnersk\u00e9 vysok\u00e9 \u0161koly Spolupracuj\u00edc\u00ed vysok\u00e9 \u0161koly Budoucnost d\u00edky vzd\u011bl\u00e1v\u00e1n\u00ed Vzd\u011bl\u00e1v\u00e1n\u00ed vn\u00edm\u00e1me jako d\u016fle\u017eitou sou\u010d\u00e1st na\u0161\u00ed \u010dinnosti, jako\u00a0podm\u00ednku \u00fasp\u011bchu nejen na\u0161ich zam\u011bstnanc\u016f\u00a0a firmy, ale i spole\u010dnosti jako celku.<\/p>\n","protected":false},"author":1,"featured_media":0,"parent":2349,"menu_order":0,"comment_status":"closed","ping_status":"closed","template":"","meta":{"_acf_changed":false,"_seopress_robots_primary_cat":"","_seopress_titles_title":"","_seopress_titles_desc":"","_seopress_robots_index":"","footnotes":"","_links_to":"","_links_to_target":""},"class_list":["post-2351","page","type-page","status-publish","hentry"],"acf":[],"_links":{"self":[{"href":"https:\/\/www.spolchemie.cz\/cs\/wp-json\/wp\/v2\/pages\/2351","targetHints":{"allow":["GET"]}}],"collection":[{"href":"https:\/\/www.spolchemie.cz\/cs\/wp-json\/wp\/v2\/pages"}],"about":[{"href":"https:\/\/www.spolchemie.cz\/cs\/wp-json\/wp\/v2\/types\/page"}],"author":[{"embeddable":true,"href":"https:\/\/www.spolchemie.cz\/cs\/wp-json\/wp\/v2\/users\/1"}],"replies":[{"embeddable":true,"href":"https:\/\/www.spolchemie.cz\/cs\/wp-json\/wp\/v2\/comments?post=2351"}],"version-history":[{"count":4,"href":"https:\/\/www.spolchemie.cz\/cs\/wp-json\/wp\/v2\/pages\/2351\/revisions"}],"predecessor-version":[{"id":2591,"href":"https:\/\/www.spolchemie.cz\/cs\/wp-json\/wp\/v2\/pages\/2351\/revisions\/2591"}],"up":[{"embeddable":true,"href":"https:\/\/www.spolchemie.cz\/cs\/wp-json\/wp\/v2\/pages\/2349"}],"wp:attachment":[{"href":"https:\/\/www.spolchemie.cz\/cs\/wp-json\/wp\/v2\/media?parent=2351"}],"curies":[{"name":"wp","href":"https:\/\/api.w.org\/{rel}","templated":true}]}}