{"id":2353,"date":"2023-07-11T16:48:21","date_gmt":"2023-07-11T14:48:21","guid":{"rendered":"https:\/\/www.spolchemie.cz\/?page_id=2353"},"modified":"2024-08-15T12:25:21","modified_gmt":"2024-08-15T10:25:21","slug":"pravidla-akce","status":"publish","type":"page","link":"https:\/\/www.spolchemie.cz\/cs\/odpovedna-firma\/sponzoring\/pravidla-akce\/","title":{"rendered":"Pravidla akce"},"content":{"rendered":"\t\t<div data-elementor-type=\"wp-page\" data-elementor-id=\"2353\" class=\"elementor elementor-2353\" data-elementor-post-type=\"page\">\n\t\t\t\t<div data-dce-background-image-url=\"https:\/\/www.spolchemie.cz\/wp-content\/uploads\/2023\/08\/Minigranty_foto-scaled.jpg\" class=\"elementor-element elementor-element-70d9e328 e-con-full e-flex e-con e-parent\" data-id=\"70d9e328\" data-element_type=\"container\" data-settings=\"{&quot;background_background&quot;:&quot;classic&quot;}\">\n\t\t\t\t<\/div>\n\t\t<div class=\"elementor-element elementor-element-6e7f2b0e e-flex e-con-boxed e-con e-parent\" data-id=\"6e7f2b0e\" data-element_type=\"container\" data-settings=\"{&quot;background_background&quot;:&quot;classic&quot;}\">\n\t\t\t\t\t<div class=\"e-con-inner\">\n\t\t<div class=\"elementor-element elementor-element-46adc3be e-flex e-con-boxed e-con e-child\" data-id=\"46adc3be\" data-element_type=\"container\">\n\t\t\t\t\t<div class=\"e-con-inner\">\n\t\t\t\t<div class=\"elementor-element elementor-element-5b7f9206 elementor-widget elementor-widget-sp-breadcrumbs\" data-id=\"5b7f9206\" data-element_type=\"widget\" data-widget_type=\"sp-breadcrumbs.default\">\n\t\t\t\t<div class=\"elementor-widget-container\">\n\t\t\t\t\t<nav  aria-label=\"breadcrumb\"><ol class=\"breadcrumb\" itemscope itemtype=\"https:\/\/schema.org\/BreadcrumbList\"><li class=\"breadcrumb-item active\" aria-current=\"page\" itemprop=\"itemListElement\" itemscope itemtype=\"https:\/\/schema.org\/ListItem\"><span itemprop=\"name\">Spolchemie<\/span><meta itemprop=\"position\" content=\"1\"><\/li><\/ol><\/nav>\t\t\t\t<\/div>\n\t\t\t\t<\/div>\n\t\t\t\t<div class=\"elementor-element elementor-element-2c080bbc elementor-widget elementor-widget-heading\" data-id=\"2c080bbc\" data-element_type=\"widget\" data-widget_type=\"heading.default\">\n\t\t\t\t\t<h1 class=\"elementor-heading-title elementor-size-default\">Pravidla akce<\/h1>\t\t\t\t<\/div>\n\t\t\t\t\t<\/div>\n\t\t\t\t<\/div>\n\t\t\t\t\t<\/div>\n\t\t\t\t<\/div>\n\t\t<div class=\"elementor-element elementor-element-729a631 e-con-full e-flex e-con e-parent\" data-id=\"729a631\" data-element_type=\"container\" data-settings=\"{&quot;background_background&quot;:&quot;classic&quot;}\">\n\t\t<div class=\"elementor-element elementor-element-58975cd3 e-flex e-con-boxed e-con e-child\" data-id=\"58975cd3\" data-element_type=\"container\">\n\t\t\t\t\t<div class=\"e-con-inner\">\n\t\t\t\t<div class=\"elementor-element elementor-element-6bec39f5 elementor-widget elementor-widget-text-editor\" data-id=\"6bec39f5\" data-element_type=\"widget\" data-widget_type=\"text-editor.default\">\n\t\t\t\t\t\t\t\t\t<h2>Stru\u010dn\u011b z Pravidel<\/h2><p><strong>Kdo se m\u016f\u017ee \u00fa\u010dastnit<\/strong><br \/>\u00da\u010dastn\u00edkem Projektu m\u016f\u017ee b\u00fdt pln\u011b sv\u00e9pr\u00e1vn\u00e1 fyzick\u00e1 osoba nebo pr\u00e1vnick\u00e1 osoba.<\/p><p><strong>Proplacen\u00ed minigrantu<\/strong><br \/>\u010c\u00e1stka bude proplacena po akci, a to po dolo\u017een\u00ed, \u017ee akce prob\u011bhla (ozn\u00e1men\u00ed a fotodokumentace). Nevy\u017eadujeme zp\u011btn\u00e9 vy\u00fa\u010dtov\u00e1n\u00ed ani dolo\u017een\u00ed vy\u010derp\u00e1n\u00ed v\u00fd\u0161e minigrantu.<\/p><p><strong>Jak\u00e9 akce je mo\u017eno p\u0159ihl\u00e1sit<\/strong><br \/>\u017dadatel m\u016f\u017ee p\u0159ihl\u00e1sit akce podporuj\u00edc\u00ed komunity v oblastech:<\/p><ul><li><strong>Zdrav\u00e9 t\u011blo &#8211;\u00a0<\/strong>\u00a0akce podporuj\u00edc\u00ed zdrav\u00fd fyzick\u00fd rozvoj dosp\u011bl\u00fdch \u010di d\u011bt\u00ed, amat\u00e9rsk\u00fd sport, d\u011btsk\u00e9 sportovn\u00ed kluby, turistick\u00e9 akce, sportovn\u00ed aktivity senior\u016f atd.<\/li><li><strong>Bystr\u00fd rozum &#8211;\u00a0<\/strong>akce rozv\u00edjej\u00edc\u00ed du\u0161evn\u00ed zdrav\u00ed a vzd\u011bl\u00e1n\u00ed obyvatel, vzd\u011bl\u00e1vac\u00ed akce, nau\u010dn\u00e9 akce, vybudov\u00e1n\u00ed nau\u010dn\u00fdch stezek, d\u011btsk\u00e9 krou\u017eky, seniorsk\u00e9 p\u0159edn\u00e1\u0161ky, kulturn\u00ed akce a p\u0159edstaven\u00ed, pom\u016fcky pro z\u00e1jmov\u00e9 krou\u017eky d\u011bt\u00ed \u010di senior\u016f atd.<\/li><li><strong>\u010cist\u00e1 p\u0159\u00edroda &#8211;\u00a0<\/strong>akce p\u0159isp\u00edvaj\u00edc\u00ed k ochran\u011b \u017eivotn\u00edho prost\u0159ed\u00ed, edukativn\u00ed \u010dinnost na toto t\u00e9ma atd.<\/li><\/ul><p>Jeden P\u0159ihla\u0161ovatel m\u016f\u017ee v ka\u017ed\u00e9m kole Sout\u011b\u017ee podat \u017e\u00e1dost o finan\u010dn\u00ed p\u0159\u00edsp\u011bvek pouze na jeden Projekt.<\/p><p>Akce mus\u00ed b\u00fdt v\u017edy ur\u010den\u00e9 a p\u0159\u00edstupn\u00e9 pro ve\u0159ejnost, ne pro jednotlivce.<\/p><p><strong>Jak se z\u00fa\u010dastnit<\/strong><br \/>P\u0159e\u010dt\u011bte si Pravidla na\u0161eho Projektu. P\u0159ejd\u011bte na formul\u00e1\u0159 \u201eP\u0159ihl\u00e1\u0161ka\u201c, \u017e\u00e1dost vlo\u017ete do na\u0161eho syst\u00e9mu. Pokud \u017e\u00e1dost spln\u00ed v\u0161echny n\u00e1le\u017eitosti, bude zve\u0159ejn\u011bna do 7 dn\u00ed od vlo\u017een\u00ed. V opa\u010dn\u00e9m p\u0159\u00edpad\u011b s V\u00e1mi budeme komunikovat a vyhrazujeme si pr\u00e1vo nevyhovuj\u00edc\u00ed akce do Projektu neza\u0159adit.<br \/>Vkl\u00e1d\u00e1n\u00ed akc\u00ed je ukon\u010deno v\u017edy 12 dn\u00ed p\u0159ed setk\u00e1n\u00edm komise. Nejd\u00e9le 15 pracovn\u00edch dn\u00ed po hlasov\u00e1n\u00ed komise ozn\u00e1m\u00edme v\u00fdsledek zve\u0159ejn\u011bn\u00edm na na\u0161em webu.<\/p><p><strong>Dopl\u0148uj\u00edc\u00ed body<\/strong><br \/>SPOLCHEMIE je kdykoliv opr\u00e1vn\u011bna zm\u011bnit Pravidla Projektu.\u00a0<br \/>V p\u0159\u00edpad\u011b spor\u016f \u010di nejasnost\u00ed m\u00e1 kone\u010dn\u00e9 slovo v jejich \u0159e\u0161en\u00ed person\u00e1ln\u00ed \u0159editel SPOLCHEMIE.<\/p><p><strong>Kompletn\u00ed pravidla <\/strong><a href=\"https:\/\/www.spolchemie.cz\/wp-content\/uploads\/2024\/08\/Minigranty_pravidla_2022_.pdf\">(<span style=\"text-decoration: underline;\">ke sta\u017een\u00ed zde)<\/span><\/a><\/p><p>\u00a0<\/p>\t\t\t\t\t\t\t\t<\/div>\n\t\t\t\t\t<\/div>\n\t\t\t\t<\/div>\n\t\t\t\t<\/div>\n\t\t\t\t<\/div>\n\t\t","protected":false},"excerpt":{"rendered":"<p>Spolchemie Stru\u010dn\u011b z Pravidel Kdo se m\u016f\u017ee \u00fa\u010dastnit\u00da\u010dastn\u00edkem Projektu m\u016f\u017ee b\u00fdt pln\u011b sv\u00e9pr\u00e1vn\u00e1 fyzick\u00e1 osoba nebo pr\u00e1vnick\u00e1 osoba. Proplacen\u00ed minigrantu\u010c\u00e1stka bude proplacena po akci, a to po dolo\u017een\u00ed, \u017ee akce prob\u011bhla (ozn\u00e1men\u00ed a fotodokumentace). Nevy\u017eadujeme zp\u011btn\u00e9 vy\u00fa\u010dtov\u00e1n\u00ed ani dolo\u017een\u00ed vy\u010derp\u00e1n\u00ed v\u00fd\u0161e minigrantu. Jak\u00e9 akce je mo\u017eno p\u0159ihl\u00e1sit\u017dadatel m\u016f\u017ee p\u0159ihl\u00e1sit akce podporuj\u00edc\u00ed komunity v oblastech: Zdrav\u00e9 [&hellip;]<\/p>\n","protected":false},"author":1,"featured_media":0,"parent":2309,"menu_order":0,"comment_status":"closed","ping_status":"closed","template":"","meta":{"_acf_changed":false,"_seopress_robots_primary_cat":"","_seopress_titles_title":"","_seopress_titles_desc":"","_seopress_robots_index":"","footnotes":"","_links_to":"","_links_to_target":""},"class_list":["post-2353","page","type-page","status-publish","hentry"],"acf":[],"_links":{"self":[{"href":"https:\/\/www.spolchemie.cz\/cs\/wp-json\/wp\/v2\/pages\/2353","targetHints":{"allow":["GET"]}}],"collection":[{"href":"https:\/\/www.spolchemie.cz\/cs\/wp-json\/wp\/v2\/pages"}],"about":[{"href":"https:\/\/www.spolchemie.cz\/cs\/wp-json\/wp\/v2\/types\/page"}],"author":[{"embeddable":true,"href":"https:\/\/www.spolchemie.cz\/cs\/wp-json\/wp\/v2\/users\/1"}],"replies":[{"embeddable":true,"href":"https:\/\/www.spolchemie.cz\/cs\/wp-json\/wp\/v2\/comments?post=2353"}],"version-history":[{"count":28,"href":"https:\/\/www.spolchemie.cz\/cs\/wp-json\/wp\/v2\/pages\/2353\/revisions"}],"predecessor-version":[{"id":75196,"href":"https:\/\/www.spolchemie.cz\/cs\/wp-json\/wp\/v2\/pages\/2353\/revisions\/75196"}],"up":[{"embeddable":true,"href":"https:\/\/www.spolchemie.cz\/cs\/wp-json\/wp\/v2\/pages\/2309"}],"wp:attachment":[{"href":"https:\/\/www.spolchemie.cz\/cs\/wp-json\/wp\/v2\/media?parent=2353"}],"curies":[{"name":"wp","href":"https:\/\/api.w.org\/{rel}","templated":true}]}}