{"id":2355,"date":"2023-07-11T16:48:40","date_gmt":"2023-07-11T14:48:40","guid":{"rendered":"https:\/\/www.spolchemie.cz\/?page_id=2355"},"modified":"2026-03-12T13:15:35","modified_gmt":"2026-03-12T12:15:35","slug":"terminy-a-komise","status":"publish","type":"page","link":"https:\/\/www.spolchemie.cz\/cs\/odpovedna-firma\/sponzoring\/terminy-a-komise\/","title":{"rendered":"Term\u00edny a komise"},"content":{"rendered":"\t\t<div data-elementor-type=\"wp-page\" data-elementor-id=\"2355\" class=\"elementor elementor-2355\" data-elementor-post-type=\"page\">\n\t\t\t\t<div data-dce-background-image-url=\"https:\/\/www.spolchemie.cz\/wp-content\/uploads\/2023\/08\/Minigranty_foto-scaled.jpg\" class=\"elementor-element elementor-element-7f6bde17 e-con-full e-flex e-con e-parent\" data-id=\"7f6bde17\" data-element_type=\"container\" data-settings=\"{&quot;background_background&quot;:&quot;classic&quot;}\">\n\t\t\t\t<\/div>\n\t\t<div class=\"elementor-element elementor-element-2c58ac0b e-flex e-con-boxed e-con e-parent\" data-id=\"2c58ac0b\" data-element_type=\"container\" data-settings=\"{&quot;background_background&quot;:&quot;classic&quot;}\">\n\t\t\t\t\t<div class=\"e-con-inner\">\n\t\t<div class=\"elementor-element elementor-element-12c8aa8 e-flex e-con-boxed e-con e-child\" data-id=\"12c8aa8\" data-element_type=\"container\">\n\t\t\t\t\t<div class=\"e-con-inner\">\n\t\t\t\t<div class=\"elementor-element elementor-element-155d895e elementor-widget elementor-widget-sp-breadcrumbs\" data-id=\"155d895e\" data-element_type=\"widget\" data-widget_type=\"sp-breadcrumbs.default\">\n\t\t\t\t<div class=\"elementor-widget-container\">\n\t\t\t\t\t<nav  aria-label=\"breadcrumb\"><ol class=\"breadcrumb\" itemscope itemtype=\"https:\/\/schema.org\/BreadcrumbList\"><li class=\"breadcrumb-item active\" aria-current=\"page\" itemprop=\"itemListElement\" itemscope itemtype=\"https:\/\/schema.org\/ListItem\"><span itemprop=\"name\">Spolchemie<\/span><meta itemprop=\"position\" content=\"1\"><\/li><\/ol><\/nav>\t\t\t\t<\/div>\n\t\t\t\t<\/div>\n\t\t\t\t<div class=\"elementor-element elementor-element-2f34ffca elementor-widget elementor-widget-heading\" data-id=\"2f34ffca\" data-element_type=\"widget\" data-widget_type=\"heading.default\">\n\t\t\t\t\t<h1 class=\"elementor-heading-title elementor-size-default\">Term\u00edny a komise<\/h1>\t\t\t\t<\/div>\n\t\t\t\t\t<\/div>\n\t\t\t\t<\/div>\n\t\t\t\t\t<\/div>\n\t\t\t\t<\/div>\n\t\t<div class=\"elementor-element elementor-element-6584a8cc e-flex e-con-boxed e-con e-parent\" data-id=\"6584a8cc\" data-element_type=\"container\" data-settings=\"{&quot;background_background&quot;:&quot;classic&quot;}\">\n\t\t\t\t\t<div class=\"e-con-inner\">\n\t\t<div class=\"elementor-element elementor-element-702c347f e-flex e-con-boxed e-con e-child\" data-id=\"702c347f\" data-element_type=\"container\">\n\t\t\t\t\t<div class=\"e-con-inner\">\n\t\t\t\t<div class=\"elementor-element elementor-element-3f1bda21 elementor-widget__width-inherit elementor-widget elementor-widget-text-editor\" data-id=\"3f1bda21\" data-element_type=\"widget\" data-widget_type=\"text-editor.default\">\n\t\t\t\t\t\t\t\t\t<p><strong>Term\u00edny 2026<\/strong><\/p><p>\u00a0<\/p><p><strong>1. KOLO\u00a0<\/strong> (aktivity, kter\u00e9 se budou konat v dubnu-\u010dervnu 2026)<\/p><ul><li>Term\u00edn zased\u00e1n\u00ed komise: <strong>16. 3. 2026. <\/strong><\/li><li>Term\u00edn pro zas\u00edl\u00e1n\u00ed \u017e\u00e1dost\u00ed: <strong>do 18. 2. 2026.<\/strong><\/li><\/ul><p><strong>\u00a0<\/strong><\/p><p><strong>2. KOLO\u00a0<\/strong> (aktivity, kter\u00e9 se budou konat v \u010dervenci-z\u00e1\u0159\u00ed 2026)<\/p><ul><li>Term\u00edn zased\u00e1n\u00ed komise: <strong>27. 5. 2026. <\/strong><\/li><li>Term\u00edn pro zas\u00edl\u00e1n\u00ed \u017e\u00e1dost\u00ed: <strong>do 20. 5. 2026.<\/strong><\/li><\/ul><p>\u00a0<\/p><p><strong>3. KOLO\u00a0<\/strong> (aktivity, kter\u00e9 se budou konat v \u0159\u00edjnu-prosinci 2026)<\/p><ul><li>Term\u00edn zased\u00e1n\u00ed komise: <strong>26. 8. 2026. <\/strong><\/li><li>Term\u00edn pro zas\u00edl\u00e1n\u00ed \u017e\u00e1dost\u00ed: <strong>do 19. 8. 2026.<\/strong><\/li><\/ul><p>\u00a0<\/p><p><strong>4. KOLO\u00a0<\/strong> (aktivity, kter\u00e9 se budou konat v lednu-b\u0159eznu 2027)<\/p><ul><li>Term\u00edn zased\u00e1n\u00ed komise: <strong>25. 11. 2026. <\/strong><\/li><li>Term\u00edn pro zas\u00edl\u00e1n\u00ed \u017e\u00e1dost\u00ed: <strong>do 18. 11. 2026.<\/strong><\/li><\/ul><h2>Komise<\/h2><p><strong>Jan Chudoba,<\/strong> person\u00e1ln\u00ed \u0159editel<br \/><strong>Tom\u00e1\u0161 Loubal,<\/strong> mana\u017eer pro v\u00fdzkum a v\u00fdvoj prysky\u0159ic a business development<br \/><strong>Lenka Posp\u00ed\u0161ilov\u00e1,<\/strong> marketingov\u00e1 mana\u017eerka<\/p>\t\t\t\t\t\t\t\t<\/div>\n\t\t\t\t\t<\/div>\n\t\t\t\t<\/div>\n\t\t\t\t\t<\/div>\n\t\t\t\t<\/div>\n\t\t\t\t<\/div>\n\t\t","protected":false},"excerpt":{"rendered":"<p>Spolchemie Term\u00edny 2026 \u00a0 1. KOLO\u00a0 (aktivity, kter\u00e9 se budou konat v dubnu-\u010dervnu 2026) Term\u00edn zased\u00e1n\u00ed komise: 16. 3. 2026. Term\u00edn pro zas\u00edl\u00e1n\u00ed \u017e\u00e1dost\u00ed: do 18. 2. 2026. \u00a0 2. KOLO\u00a0 (aktivity, kter\u00e9 se budou konat v \u010dervenci-z\u00e1\u0159\u00ed 2026) Term\u00edn zased\u00e1n\u00ed komise: 27. 5. 2026. Term\u00edn pro zas\u00edl\u00e1n\u00ed \u017e\u00e1dost\u00ed: do 20. 5. 2026. \u00a0 3. [&hellip;]<\/p>\n","protected":false},"author":1,"featured_media":0,"parent":2309,"menu_order":0,"comment_status":"closed","ping_status":"closed","template":"","meta":{"_acf_changed":false,"_seopress_robots_primary_cat":"","_seopress_titles_title":"","_seopress_titles_desc":"","_seopress_robots_index":"","footnotes":"","_links_to":"","_links_to_target":""},"class_list":["post-2355","page","type-page","status-publish","hentry"],"acf":[],"_links":{"self":[{"href":"https:\/\/www.spolchemie.cz\/cs\/wp-json\/wp\/v2\/pages\/2355","targetHints":{"allow":["GET"]}}],"collection":[{"href":"https:\/\/www.spolchemie.cz\/cs\/wp-json\/wp\/v2\/pages"}],"about":[{"href":"https:\/\/www.spolchemie.cz\/cs\/wp-json\/wp\/v2\/types\/page"}],"author":[{"embeddable":true,"href":"https:\/\/www.spolchemie.cz\/cs\/wp-json\/wp\/v2\/users\/1"}],"replies":[{"embeddable":true,"href":"https:\/\/www.spolchemie.cz\/cs\/wp-json\/wp\/v2\/comments?post=2355"}],"version-history":[{"count":81,"href":"https:\/\/www.spolchemie.cz\/cs\/wp-json\/wp\/v2\/pages\/2355\/revisions"}],"predecessor-version":[{"id":129376,"href":"https:\/\/www.spolchemie.cz\/cs\/wp-json\/wp\/v2\/pages\/2355\/revisions\/129376"}],"up":[{"embeddable":true,"href":"https:\/\/www.spolchemie.cz\/cs\/wp-json\/wp\/v2\/pages\/2309"}],"wp:attachment":[{"href":"https:\/\/www.spolchemie.cz\/cs\/wp-json\/wp\/v2\/media?parent=2355"}],"curies":[{"name":"wp","href":"https:\/\/api.w.org\/{rel}","templated":true}]}}