{"id":2366,"date":"2023-07-11T17:02:50","date_gmt":"2023-07-11T15:02:50","guid":{"rendered":"https:\/\/www.spolchemie.cz\/?page_id=2366"},"modified":"2026-01-06T12:43:56","modified_gmt":"2026-01-06T11:43:56","slug":"pro-smluvni-partnery-a-najemce","status":"publish","type":"page","link":"https:\/\/www.spolchemie.cz\/cs\/pro-obchodni-partnery-a-najemce\/pro-smluvni-partnery-a-najemce\/","title":{"rendered":"Pro smluvn\u00ed partnery a n\u00e1jemce"},"content":{"rendered":"\t\t<div data-elementor-type=\"wp-page\" data-elementor-id=\"2366\" class=\"elementor elementor-2366\" data-elementor-post-type=\"page\">\n\t\t\t\t<div data-dce-background-image-url=\"https:\/\/www.spolchemie.cz\/wp-content\/uploads\/2023\/03\/show-image-9.jpg\" class=\"elementor-element elementor-element-739b4b48 e-con-full e-flex e-con e-parent\" data-id=\"739b4b48\" data-element_type=\"container\" data-settings=\"{&quot;background_background&quot;:&quot;classic&quot;}\">\n\t\t\t\t<\/div>\n\t\t<div class=\"elementor-element elementor-element-34c677e1 e-flex e-con-boxed e-con e-parent\" data-id=\"34c677e1\" data-element_type=\"container\" data-settings=\"{&quot;background_background&quot;:&quot;classic&quot;}\">\n\t\t\t\t\t<div class=\"e-con-inner\">\n\t\t<div class=\"elementor-element elementor-element-7f6fb5f9 e-flex e-con-boxed e-con e-child\" data-id=\"7f6fb5f9\" data-element_type=\"container\">\n\t\t\t\t\t<div class=\"e-con-inner\">\n\t\t\t\t<div class=\"elementor-element elementor-element-50c03f2b elementor-widget elementor-widget-sp-breadcrumbs\" data-id=\"50c03f2b\" data-element_type=\"widget\" data-widget_type=\"sp-breadcrumbs.default\">\n\t\t\t\t<div class=\"elementor-widget-container\">\n\t\t\t\t\t<nav  aria-label=\"breadcrumb\"><ol class=\"breadcrumb\" itemscope itemtype=\"https:\/\/schema.org\/BreadcrumbList\"><li class=\"breadcrumb-item active\" aria-current=\"page\" itemprop=\"itemListElement\" itemscope itemtype=\"https:\/\/schema.org\/ListItem\"><span itemprop=\"name\">Spolchemie<\/span><meta itemprop=\"position\" content=\"1\"><\/li><\/ol><\/nav>\t\t\t\t<\/div>\n\t\t\t\t<\/div>\n\t\t\t\t<div class=\"elementor-element elementor-element-7f527d05 elementor-widget elementor-widget-heading\" data-id=\"7f527d05\" data-element_type=\"widget\" data-widget_type=\"heading.default\">\n\t\t\t\t\t<h1 class=\"elementor-heading-title elementor-size-default\">Pro smluvn\u00ed partnery a n\u00e1jemce<\/h1>\t\t\t\t<\/div>\n\t\t\t\t\t<\/div>\n\t\t\t\t<\/div>\n\t\t\t\t\t<\/div>\n\t\t\t\t<\/div>\n\t\t<div class=\"elementor-element elementor-element-63e8b654 e-flex e-con-boxed e-con e-parent\" data-id=\"63e8b654\" data-element_type=\"container\">\n\t\t\t\t\t<div class=\"e-con-inner\">\n\t\t<div class=\"elementor-element elementor-element-59afdde4 e-flex e-con-boxed e-con e-child\" data-id=\"59afdde4\" data-element_type=\"container\">\n\t\t\t\t\t<div class=\"e-con-inner\">\n\t\t\t\t<div class=\"elementor-element elementor-element-38979863 elementor-widget elementor-widget-text-editor\" data-id=\"38979863\" data-element_type=\"widget\" data-widget_type=\"text-editor.default\">\n\t\t\t\t\t\t\t\t\t<div id=\"block_7248\" class=\"page_block individual_font_size_1 text_align_left vertical_align_top special_image_vertical_align_top block_template_100\"><article class=\"block_template_100\"><div class=\"html\"><h2>Informace a dokumenty pro extern\u00ed smluvn\u00ed partnery a n\u00e1jemce naleznete\u00a0<a href=\"https:\/\/zakaznik.spolchemie.cz\/menu\/prihlaseni.aspx\"><span style=\"text-decoration: underline;\">zde.<\/span><\/a><\/h2><p>Pohyb a vykon\u00e1van\u00e1 \u010dinnost v\u00a0are\u00e1lu SPOLCHEMIE &#8211; Spolku pro chemickou a hutn\u00ed v\u00fdrobu, akciov\u00e1 spole\u010dnost, se \u0159\u00edd\u00ed pravidly k\u00a0zaji\u0161t\u011bn\u00ed opr\u00e1vn\u011bn\u00fdch z\u00e1jm\u016f firmy, stejn\u011b tak i k\u00a0napojen\u00ed a u\u017e\u00edv\u00e1n\u00ed zdroje energie v\u00a0are\u00e1lu Spolku je pot\u0159eba z\u00edskat dop\u0159edu p\u00edsemn\u00e9 svolen\u00ed.<\/p><p><strong>V\u0161echny dal\u0161\u00ed d\u016fle\u017eit\u00e9 dokumenty<\/strong>, kter\u00fdmi je t\u0159eba se \u0159\u00eddit, jsou ke sta\u017een\u00ed n\u00ed\u017ee.<\/p><\/div><\/article><hr class=\"cleaner\" \/><\/div><div id=\"block_7374\" class=\"page_block individual_font_size_1 text_align_left vertical_align_top special_image_vertical_align_top block_template_201\"><article class=\"block_template_201\"><div class=\"html\"><ul><li><a href=\"https:\/\/www.spolchemie.cz\/pro-obchodni-partnery-a-najemce\/qpb-zavazky-v-oblasti-bezpecnosti-prace\/\">V\u0161eobecn\u00e9 podm\u00ednky a obecn\u00e9 z\u00e1sady chov\u00e1n\u00ed extern\u00edch pr\u00e1vnick\u00fdch i fyzick\u00fdch osob v are\u00e1lu SPOLCHEMIE<\/a><\/li><li><a href=\"https:\/\/www.spolchemie.cz\/wp-content\/uploads\/2025\/01\/HZDS_cenik_2025.pdf\">Cen\u00edk slu\u017eeb a v\u00fdkon\u016f prov\u00e1d\u011bn\u00fdch jednotkou HZSP_2025<\/a><\/li><\/ul><ul><li><a href=\"https:\/\/www.spolchemie.cz\/wp-content\/uploads\/2026\/01\/Cenik-energii-areal-Spolchemie-2026-e-podpis-1.pdf\" download=\"cenik-energii-od-1-1-2023.pdf\">Cen\u00edk energi\u00ed pro extern\u00ed firmy_2026<\/a><\/li><\/ul><ul><li><a href=\"https:\/\/www.spolchemie.cz\/wp-content\/uploads\/2026\/01\/OTP-poskytovani-energii-2026.pdf\" download=\"otp_dodavky_energii_od_1-1-2023.pdf\">Obchodn\u00ed a technick\u00e9 podm\u00ednky pro poskytov\u00e1n\u00ed energi\u00ed_2026<\/a><\/li><li><a href=\"https:\/\/www.spolchemie.cz\/technicke-pozadavky-na-dokumentaci-elektro-a-mar\/\">Technick\u00e9 po\u017eadavky na dokumentaci Elektro a MaR<\/a><\/li><\/ul><\/div><\/article><\/div>\t\t\t\t\t\t\t\t<\/div>\n\t\t\t\t\t<\/div>\n\t\t\t\t<\/div>\n\t\t\t\t\t<\/div>\n\t\t\t\t<\/div>\n\t\t\t\t<\/div>\n\t\t","protected":false},"excerpt":{"rendered":"<p>Spolchemie Informace a dokumenty pro extern\u00ed smluvn\u00ed partnery a n\u00e1jemce naleznete\u00a0zde. Pohyb a vykon\u00e1van\u00e1 \u010dinnost v\u00a0are\u00e1lu SPOLCHEMIE &#8211; Spolku pro chemickou a hutn\u00ed v\u00fdrobu, akciov\u00e1 spole\u010dnost, se \u0159\u00edd\u00ed pravidly k\u00a0zaji\u0161t\u011bn\u00ed opr\u00e1vn\u011bn\u00fdch z\u00e1jm\u016f firmy, stejn\u011b tak i k\u00a0napojen\u00ed a u\u017e\u00edv\u00e1n\u00ed zdroje energie v\u00a0are\u00e1lu Spolku je pot\u0159eba z\u00edskat dop\u0159edu p\u00edsemn\u00e9 svolen\u00ed. V\u0161echny dal\u0161\u00ed d\u016fle\u017eit\u00e9 dokumenty, kter\u00fdmi je [&hellip;]<\/p>\n","protected":false},"author":1,"featured_media":0,"parent":2360,"menu_order":0,"comment_status":"closed","ping_status":"closed","template":"","meta":{"_acf_changed":false,"_seopress_robots_primary_cat":"","_seopress_titles_title":"","_seopress_titles_desc":"","_seopress_robots_index":"","footnotes":"","_links_to":"","_links_to_target":""},"class_list":["post-2366","page","type-page","status-publish","hentry"],"acf":[],"_links":{"self":[{"href":"https:\/\/www.spolchemie.cz\/cs\/wp-json\/wp\/v2\/pages\/2366","targetHints":{"allow":["GET"]}}],"collection":[{"href":"https:\/\/www.spolchemie.cz\/cs\/wp-json\/wp\/v2\/pages"}],"about":[{"href":"https:\/\/www.spolchemie.cz\/cs\/wp-json\/wp\/v2\/types\/page"}],"author":[{"embeddable":true,"href":"https:\/\/www.spolchemie.cz\/cs\/wp-json\/wp\/v2\/users\/1"}],"replies":[{"embeddable":true,"href":"https:\/\/www.spolchemie.cz\/cs\/wp-json\/wp\/v2\/comments?post=2366"}],"version-history":[{"count":55,"href":"https:\/\/www.spolchemie.cz\/cs\/wp-json\/wp\/v2\/pages\/2366\/revisions"}],"predecessor-version":[{"id":113448,"href":"https:\/\/www.spolchemie.cz\/cs\/wp-json\/wp\/v2\/pages\/2366\/revisions\/113448"}],"up":[{"embeddable":true,"href":"https:\/\/www.spolchemie.cz\/cs\/wp-json\/wp\/v2\/pages\/2360"}],"wp:attachment":[{"href":"https:\/\/www.spolchemie.cz\/cs\/wp-json\/wp\/v2\/media?parent=2366"}],"curies":[{"name":"wp","href":"https:\/\/api.w.org\/{rel}","templated":true}]}}