{"id":2372,"date":"2023-07-11T17:12:11","date_gmt":"2023-07-11T15:12:11","guid":{"rendered":"https:\/\/www.spolchemie.cz\/?page_id=2372"},"modified":"2023-10-19T14:31:48","modified_gmt":"2023-10-19T12:31:48","slug":"qpb-zavazky-v-oblasti-bezpecnosti-prace","status":"publish","type":"page","link":"https:\/\/www.spolchemie.cz\/cs\/pro-obchodni-partnery-a-najemce\/qpb-zavazky-v-oblasti-bezpecnosti-prace\/","title":{"rendered":"QPB &#8211; z\u00e1vazky v oblasti bezpe\u010dnosti pr\u00e1ce"},"content":{"rendered":"\t\t<div data-elementor-type=\"wp-page\" data-elementor-id=\"2372\" class=\"elementor elementor-2372\" data-elementor-post-type=\"page\">\n\t\t\t\t<div data-dce-background-image-url=\"https:\/\/www.spolchemie.cz\/wp-content\/uploads\/2023\/03\/show-image-9.jpg\" class=\"elementor-element elementor-element-1e45096a e-con-full e-flex e-con e-parent\" data-id=\"1e45096a\" data-element_type=\"container\" data-settings=\"{&quot;background_background&quot;:&quot;classic&quot;}\">\n\t\t\t\t<\/div>\n\t\t<div class=\"elementor-element elementor-element-71d0b3bb e-flex e-con-boxed e-con e-parent\" data-id=\"71d0b3bb\" data-element_type=\"container\" data-settings=\"{&quot;background_background&quot;:&quot;classic&quot;}\">\n\t\t\t\t\t<div class=\"e-con-inner\">\n\t\t<div class=\"elementor-element elementor-element-6e707ff5 e-flex e-con-boxed e-con e-child\" data-id=\"6e707ff5\" data-element_type=\"container\">\n\t\t\t\t\t<div class=\"e-con-inner\">\n\t\t\t\t<div class=\"elementor-element elementor-element-3b2b5c64 elementor-widget elementor-widget-sp-breadcrumbs\" data-id=\"3b2b5c64\" data-element_type=\"widget\" data-widget_type=\"sp-breadcrumbs.default\">\n\t\t\t\t<div class=\"elementor-widget-container\">\n\t\t\t\t\t<nav  aria-label=\"breadcrumb\"><ol class=\"breadcrumb\" itemscope itemtype=\"https:\/\/schema.org\/BreadcrumbList\"><li class=\"breadcrumb-item active\" aria-current=\"page\" itemprop=\"itemListElement\" itemscope itemtype=\"https:\/\/schema.org\/ListItem\"><span itemprop=\"name\">Spolchemie<\/span><meta itemprop=\"position\" content=\"1\"><\/li><\/ol><\/nav>\t\t\t\t<\/div>\n\t\t\t\t<\/div>\n\t\t\t\t<div class=\"elementor-element elementor-element-3242c522 elementor-widget elementor-widget-heading\" data-id=\"3242c522\" data-element_type=\"widget\" data-widget_type=\"heading.default\">\n\t\t\t\t\t<h1 class=\"elementor-heading-title elementor-size-default\">QPB &#8211; z\u00e1vazky v oblasti bezpe\u010dnosti pr\u00e1ce<\/h1>\t\t\t\t<\/div>\n\t\t\t\t\t<\/div>\n\t\t\t\t<\/div>\n\t\t\t\t\t<\/div>\n\t\t\t\t<\/div>\n\t\t<div class=\"elementor-element elementor-element-22e6fff e-flex e-con-boxed e-con e-parent\" data-id=\"22e6fff\" data-element_type=\"container\">\n\t\t\t\t\t<div class=\"e-con-inner\">\n\t\t<div class=\"elementor-element elementor-element-4619fad8 e-flex e-con-boxed e-con e-child\" data-id=\"4619fad8\" data-element_type=\"container\">\n\t\t\t\t\t<div class=\"e-con-inner\">\n\t\t\t\t<div class=\"elementor-element elementor-element-619c0f43 elementor-widget elementor-widget-text-editor\" data-id=\"619c0f43\" data-element_type=\"widget\" data-widget_type=\"text-editor.default\">\n\t\t\t\t\t\t\t\t\t<ul><li><span style=\"text-decoration: underline;\"><a href=\"https:\/\/www.spolchemie.cz\/wp-content\/uploads\/2023\/09\/QPB2_CS_bez-predani-obj._14092023_clean.pdf\" download=\"qpb_s-povolenim-na-praci_cs_2022.pdf\">QPB &#8211; s povolen\u00edm na pr\u00e1ci<\/a>\u00a0<\/span><\/li><li><a href=\"https:\/\/www.spolchemie.cz\/wp-content\/uploads\/2023\/09\/QPB1_CS_s-predanim-objektu-ci-staveniste_14092023_clean.pdf\" download=\"qpb_s-predani-obj-_cs_17022022.pdf\"><span style=\"text-decoration: underline;\">QPB &#8211; s p\u0159ed\u00e1n\u00edm staveni\u0161t\u011b \u010di objektu<\/span><\/a>\u00a0<\/li><\/ul>\t\t\t\t\t\t\t\t<\/div>\n\t\t\t\t\t<\/div>\n\t\t\t\t<\/div>\n\t\t\t\t\t<\/div>\n\t\t\t\t<\/div>\n\t\t\t\t<\/div>\n\t\t","protected":false},"excerpt":{"rendered":"<p>Spolchemie QPB &#8211; s povolen\u00edm na pr\u00e1ci\u00a0 QPB &#8211; s p\u0159ed\u00e1n\u00edm staveni\u0161t\u011b \u010di objektu\u00a0<\/p>\n","protected":false},"author":1,"featured_media":0,"parent":2360,"menu_order":0,"comment_status":"closed","ping_status":"closed","template":"","meta":{"_acf_changed":false,"_seopress_robots_primary_cat":"","_seopress_titles_title":"","_seopress_titles_desc":"","_seopress_robots_index":"","footnotes":"","_links_to":"","_links_to_target":""},"class_list":["post-2372","page","type-page","status-publish","hentry"],"acf":[],"_links":{"self":[{"href":"https:\/\/www.spolchemie.cz\/cs\/wp-json\/wp\/v2\/pages\/2372","targetHints":{"allow":["GET"]}}],"collection":[{"href":"https:\/\/www.spolchemie.cz\/cs\/wp-json\/wp\/v2\/pages"}],"about":[{"href":"https:\/\/www.spolchemie.cz\/cs\/wp-json\/wp\/v2\/types\/page"}],"author":[{"embeddable":true,"href":"https:\/\/www.spolchemie.cz\/cs\/wp-json\/wp\/v2\/users\/1"}],"replies":[{"embeddable":true,"href":"https:\/\/www.spolchemie.cz\/cs\/wp-json\/wp\/v2\/comments?post=2372"}],"version-history":[{"count":13,"href":"https:\/\/www.spolchemie.cz\/cs\/wp-json\/wp\/v2\/pages\/2372\/revisions"}],"predecessor-version":[{"id":10551,"href":"https:\/\/www.spolchemie.cz\/cs\/wp-json\/wp\/v2\/pages\/2372\/revisions\/10551"}],"up":[{"embeddable":true,"href":"https:\/\/www.spolchemie.cz\/cs\/wp-json\/wp\/v2\/pages\/2360"}],"wp:attachment":[{"href":"https:\/\/www.spolchemie.cz\/cs\/wp-json\/wp\/v2\/media?parent=2372"}],"curies":[{"name":"wp","href":"https:\/\/api.w.org\/{rel}","templated":true}]}}