{"id":2378,"date":"2023-07-11T17:40:00","date_gmt":"2023-07-11T15:40:00","guid":{"rendered":"https:\/\/www.spolchemie.cz\/?page_id=2378"},"modified":"2023-07-14T15:59:57","modified_gmt":"2023-07-14T13:59:57","slug":"pozadavky-na-ridice-nakladnich-vozidel","status":"publish","type":"page","link":"https:\/\/www.spolchemie.cz\/cs\/pro-obchodni-partnery-a-najemce\/pozadavky-na-ridice-nakladnich-vozidel\/","title":{"rendered":"Po\u017eadavky na \u0159idi\u010de n\u00e1kladn\u00edch vozidel"},"content":{"rendered":"\t\t<div data-elementor-type=\"wp-page\" data-elementor-id=\"2378\" class=\"elementor elementor-2378\" data-elementor-post-type=\"page\">\n\t\t\t\t<div data-dce-background-image-url=\"https:\/\/www.spolchemie.cz\/wp-content\/uploads\/2023\/03\/show-image-9.jpg\" class=\"elementor-element elementor-element-4f2b87c6 e-con-full e-flex e-con e-parent\" data-id=\"4f2b87c6\" data-element_type=\"container\" data-settings=\"{&quot;background_background&quot;:&quot;classic&quot;}\">\n\t\t\t\t<\/div>\n\t\t<div class=\"elementor-element elementor-element-45c3e290 e-flex e-con-boxed e-con e-parent\" data-id=\"45c3e290\" data-element_type=\"container\" data-settings=\"{&quot;background_background&quot;:&quot;classic&quot;}\">\n\t\t\t\t\t<div class=\"e-con-inner\">\n\t\t<div class=\"elementor-element elementor-element-4370461e e-flex e-con-boxed e-con e-parent\" data-id=\"4370461e\" data-element_type=\"container\">\n\t\t\t\t\t<div class=\"e-con-inner\">\n\t\t\t\t<div class=\"elementor-element elementor-element-4a589b9a elementor-widget elementor-widget-sp-breadcrumbs\" data-id=\"4a589b9a\" data-element_type=\"widget\" data-widget_type=\"sp-breadcrumbs.default\">\n\t\t\t\t<div class=\"elementor-widget-container\">\n\t\t\t\t\t<nav  aria-label=\"breadcrumb\"><ol class=\"breadcrumb\" itemscope itemtype=\"https:\/\/schema.org\/BreadcrumbList\"><li class=\"breadcrumb-item active\" aria-current=\"page\" itemprop=\"itemListElement\" itemscope itemtype=\"https:\/\/schema.org\/ListItem\"><span itemprop=\"name\">Spolchemie<\/span><meta itemprop=\"position\" content=\"1\"><\/li><\/ol><\/nav>\t\t\t\t<\/div>\n\t\t\t\t<\/div>\n\t\t\t\t<div class=\"elementor-element elementor-element-3a7181b0 elementor-widget elementor-widget-heading\" data-id=\"3a7181b0\" data-element_type=\"widget\" data-widget_type=\"heading.default\">\n\t\t\t\t\t<h1 class=\"elementor-heading-title elementor-size-default\">Po\u017eadavky na \u0159idi\u010de n\u00e1kladn\u00edch vozidel<\/h1>\t\t\t\t<\/div>\n\t\t\t\t\t<\/div>\n\t\t\t\t<\/div>\n\t\t\t\t\t<\/div>\n\t\t\t\t<\/div>\n\t\t<div class=\"elementor-element elementor-element-7a7c3101 e-flex e-con-boxed e-con e-parent\" data-id=\"7a7c3101\" data-element_type=\"container\">\n\t\t\t\t\t<div class=\"e-con-inner\">\n\t\t<div class=\"elementor-element elementor-element-52a91c81 e-flex e-con-boxed e-con e-parent\" data-id=\"52a91c81\" data-element_type=\"container\">\n\t\t\t\t\t<div class=\"e-con-inner\">\n\t\t\t\t<div class=\"elementor-element elementor-element-469af364 elementor-widget elementor-widget-text-editor\" data-id=\"469af364\" data-element_type=\"widget\" data-widget_type=\"text-editor.default\">\n\t\t\t\t\t\t\t\t\t<div id=\"block_7333\" class=\"page_block individual_font_size_1 text_align_left vertical_align_top special_image_vertical_align_top block_template_100\"><article class=\"block_template_100\"><div class=\"html\"><p>Pohyb a vykon\u00e1van\u00e1 \u010dinnost v are\u00e1lu SPOLCHEMIE (Spolku pro chemickou a hutn\u00ed v\u00fdrobu, akciov\u00e1 spole\u010dnost), se \u0159\u00edd\u00ed pravidly k zaji\u0161t\u011bn\u00ed opr\u00e1vn\u011bn\u00fdch z\u00e1jm\u016f firmy.\u00a0<\/p><p><strong>Po\u017eadavky na \u0159idi\u010de n\u00e1kladn\u00edch automobil\u016f\u00a0 jsou ke sta\u017een\u00ed n\u00ed\u017ee<\/strong>.<\/p><p>\u00a0<\/p><\/div><\/article><\/div><div id=\"block_7334\" class=\"page_block individual_font_size_1 text_align_left vertical_align_top special_image_vertical_align_top block_template_201\"><article class=\"block_template_201\"><div class=\"html\"><ul><li><a href=\"\/wp-content\/uploads\/2023\/07\/informace-ridicum_letak_9f_cz.pdf\" download=\"informace-ridicum_letak_9f_cz.pdf\">CZ<\/a>\u00a0(pdf, 885.96 kB)<\/li><\/ul><ul><li><a href=\"\/wp-content\/uploads\/2023\/07\/informace-ridicum_letak_9f_eng.pdf\" download=\"informace-ridicum_letak_9f_eng.pdf\">ENG<\/a>\u00a0(pdf, 835.95 kB)<\/li><\/ul><ul><li><a href=\"\/wp-content\/uploads\/2023\/07\/informace-ridicum_letak_9f_de.pdf\" download=\"informace-ridicum_letak_9f_de.pdf\">DE<\/a>\u00a0(pdf, 863.1 kB)<\/li><\/ul><ul><li><a href=\"\/wp-content\/uploads\/2023\/07\/informace-ridicum_letak_9f_pl.pdf\" download=\"informace-ridicum_letak_9f_pl.pdf\">PL<\/a>\u00a0(pdf, 890.56 kB)<\/li><\/ul><ul><li><a href=\"\/wp-content\/uploads\/2023\/07\/informace-ridicum_letak_9f_ru.pdf\" download=\"informace-ridicum_letak_9f_ru.pdf\">RU<\/a>\u00a0(pdf, 852.35 kB)<\/li><\/ul><\/div><\/article><\/div>\t\t\t\t\t\t\t\t<\/div>\n\t\t\t\t\t<\/div>\n\t\t\t\t<\/div>\n\t\t\t\t\t<\/div>\n\t\t\t\t<\/div>\n\t\t\t\t<\/div>\n\t\t","protected":false},"excerpt":{"rendered":"<p>\u00davodn\u00ed Pohyb a vykon\u00e1van\u00e1 \u010dinnost v are\u00e1lu SPOLCHEMIE (Spolku pro chemickou a hutn\u00ed v\u00fdrobu, akciov\u00e1 spole\u010dnost), se \u0159\u00edd\u00ed pravidly k zaji\u0161t\u011bn\u00ed opr\u00e1vn\u011bn\u00fdch z\u00e1jm\u016f firmy.\u00a0 Po\u017eadavky na \u0159idi\u010de n\u00e1kladn\u00edch automobil\u016f\u00a0 jsou ke sta\u017een\u00ed n\u00ed\u017ee. \u00a0 CZ\u00a0(pdf, 885.96 kB) ENG\u00a0(pdf, 835.95 kB) DE\u00a0(pdf, 863.1 kB) PL\u00a0(pdf, 890.56 kB) RU\u00a0(pdf, 852.35 kB)<\/p>\n","protected":false},"author":1,"featured_media":0,"parent":2360,"menu_order":0,"comment_status":"closed","ping_status":"closed","template":"","meta":{"_acf_changed":false,"_seopress_robots_primary_cat":"","_seopress_titles_title":"","_seopress_titles_desc":"","_seopress_robots_index":"","footnotes":"","_links_to":"","_links_to_target":""},"class_list":["post-2378","page","type-page","status-publish","hentry"],"acf":[],"_links":{"self":[{"href":"https:\/\/www.spolchemie.cz\/cs\/wp-json\/wp\/v2\/pages\/2378","targetHints":{"allow":["GET"]}}],"collection":[{"href":"https:\/\/www.spolchemie.cz\/cs\/wp-json\/wp\/v2\/pages"}],"about":[{"href":"https:\/\/www.spolchemie.cz\/cs\/wp-json\/wp\/v2\/types\/page"}],"author":[{"embeddable":true,"href":"https:\/\/www.spolchemie.cz\/cs\/wp-json\/wp\/v2\/users\/1"}],"replies":[{"embeddable":true,"href":"https:\/\/www.spolchemie.cz\/cs\/wp-json\/wp\/v2\/comments?post=2378"}],"version-history":[{"count":4,"href":"https:\/\/www.spolchemie.cz\/cs\/wp-json\/wp\/v2\/pages\/2378\/revisions"}],"predecessor-version":[{"id":2687,"href":"https:\/\/www.spolchemie.cz\/cs\/wp-json\/wp\/v2\/pages\/2378\/revisions\/2687"}],"up":[{"embeddable":true,"href":"https:\/\/www.spolchemie.cz\/cs\/wp-json\/wp\/v2\/pages\/2360"}],"wp:attachment":[{"href":"https:\/\/www.spolchemie.cz\/cs\/wp-json\/wp\/v2\/media?parent=2378"}],"curies":[{"name":"wp","href":"https:\/\/api.w.org\/{rel}","templated":true}]}}