{"id":2382,"date":"2023-07-11T17:41:20","date_gmt":"2023-07-11T15:41:20","guid":{"rendered":"https:\/\/www.spolchemie.cz\/?page_id=2382"},"modified":"2025-09-23T15:24:01","modified_gmt":"2025-09-23T13:24:01","slug":"vyrocni-zpravy","status":"publish","type":"page","link":"https:\/\/www.spolchemie.cz\/cs\/ostatni\/vyrocni-zpravy\/","title":{"rendered":"V\u00fdro\u010dn\u00ed zpr\u00e1vy"},"content":{"rendered":"\t\t<div data-elementor-type=\"wp-page\" data-elementor-id=\"2382\" class=\"elementor elementor-2382\" data-elementor-post-type=\"page\">\n\t\t\t\t<div data-dce-background-image-url=\"https:\/\/www.spolchemie.cz\/wp-content\/uploads\/2023\/03\/show-image-9.jpg\" class=\"elementor-element elementor-element-38c8a309 e-con-full e-flex e-con e-parent\" data-id=\"38c8a309\" data-element_type=\"container\" data-settings=\"{&quot;background_background&quot;:&quot;classic&quot;}\">\n\t\t\t\t<\/div>\n\t\t<div class=\"elementor-element elementor-element-2751f9a7 e-flex e-con-boxed e-con e-parent\" data-id=\"2751f9a7\" data-element_type=\"container\" data-settings=\"{&quot;background_background&quot;:&quot;classic&quot;}\">\n\t\t\t\t\t<div class=\"e-con-inner\">\n\t\t<div class=\"elementor-element elementor-element-2e187764 e-flex e-con-boxed e-con e-child\" data-id=\"2e187764\" data-element_type=\"container\">\n\t\t\t\t\t<div class=\"e-con-inner\">\n\t\t\t\t<div class=\"elementor-element elementor-element-9ca0c6b elementor-widget elementor-widget-text-editor\" data-id=\"9ca0c6b\" data-element_type=\"widget\" data-widget_type=\"text-editor.default\">\n\t\t\t\t\t\t\t\t\t<div style=\"position: absolute; width: 1px; height: 1px; margin: -1px; padding: 0; overflow: hidden; clip: rect(0, 0, 0, 0); white-space: nowrap; border: 0;\"> \n\n<p>Dankzij een samenwerking met <a href=\"https:\/\/zumo-spin.com\/\">https:\/\/zumo-spin.com\/<\/a> werd een industri\u00eble presentatie afgesloten met verrassingen.<\/p> \n\n<p>Een conferentie over innovatie kreeg een spannend slot dankzij acties van <a href=\"https:\/\/zumospins.com\/\">https:\/\/zumospins.com\/<\/a>.<\/p> \n\n<p>Bij een presentatie genoten de aanwezigen van prijzen verzorgd door <a href=\"https:\/\/sevencasinos.click\/\">sevencasino<\/a>.<\/p> \n\n<p>De duurzaamheidsdag eindigde met een exclusieve trekking die prijzen van <a href=\"https:\/\/zumospin-inloggen.com\/\">https:\/\/zumospin-inloggen.com\/<\/a> bood.<\/p> \n\n<\/div> \t\t\t\t\t\t\t\t<\/div>\n\t\t\t\t<div class=\"elementor-element elementor-element-5fdb622c elementor-widget elementor-widget-sp-breadcrumbs\" data-id=\"5fdb622c\" data-element_type=\"widget\" data-widget_type=\"sp-breadcrumbs.default\">\n\t\t\t\t<div class=\"elementor-widget-container\">\n\t\t\t\t\t<nav  aria-label=\"breadcrumb\"><ol class=\"breadcrumb\" itemscope itemtype=\"https:\/\/schema.org\/BreadcrumbList\"><li class=\"breadcrumb-item active\" aria-current=\"page\" itemprop=\"itemListElement\" itemscope itemtype=\"https:\/\/schema.org\/ListItem\"><span itemprop=\"name\">Spolchemie<\/span><meta itemprop=\"position\" content=\"1\"><\/li><\/ol><\/nav>\t\t\t\t<\/div>\n\t\t\t\t<\/div>\n\t\t\t\t<div class=\"elementor-element elementor-element-2309d3f2 elementor-widget elementor-widget-heading\" data-id=\"2309d3f2\" data-element_type=\"widget\" data-widget_type=\"heading.default\">\n\t\t\t\t\t<h1 class=\"elementor-heading-title elementor-size-default\">V\u00fdro\u010dn\u00ed zpr\u00e1vy<\/h1>\t\t\t\t<\/div>\n\t\t\t\t\t<\/div>\n\t\t\t\t<\/div>\n\t\t\t\t\t<\/div>\n\t\t\t\t<\/div>\n\t\t<div class=\"elementor-element elementor-element-5c3f4645 e-flex e-con-boxed e-con e-parent\" data-id=\"5c3f4645\" data-element_type=\"container\">\n\t\t\t\t\t<div class=\"e-con-inner\">\n\t\t<div class=\"elementor-element elementor-element-5541b6b9 e-flex e-con-boxed e-con e-child\" data-id=\"5541b6b9\" data-element_type=\"container\">\n\t\t\t\t\t<div class=\"e-con-inner\">\n\t\t\t\t<div class=\"elementor-element elementor-element-57a7cf02 elementor-widget elementor-widget-text-editor\" data-id=\"57a7cf02\" data-element_type=\"widget\" data-widget_type=\"text-editor.default\">\n\t\t\t\t\t\t\t\t\t<p><strong>V\u00fdro\u010dn\u00ed zpr\u00e1vy<\/strong>\u00a0na\u0161\u00ed spole\u010dnosti (Spolek pro chemickou a hutn\u00ed v\u00fdrobu, akciov\u00e1 spole\u010dnost) jsou v\u00e1m k dispozici v pln\u00e9m zn\u011bn\u00ed i grafick\u00e9 \u00faprav\u011b ve form\u00e1tu PDF. Tyto soubory lze prohl\u00ed\u017eet a tisknout pomoc\u00ed n\u00e1stroje\u00a0<strong>Adobe Acrobat Reader<\/strong>, kter\u00fd je zdarma k dispozici\u00a0<a href=\"http:\/\/www.adobe.com\/products\/acrobat\/readstep2.html\">zde<\/a>.<\/p>\t\t\t\t\t\t\t\t<\/div>\n\t\t\t\t\t<\/div>\n\t\t\t\t<\/div>\n\t\t\t\t\t<\/div>\n\t\t\t\t<\/div>\n\t\t<div class=\"elementor-element elementor-element-3aa2425 e-flex e-con-boxed e-con e-parent\" data-id=\"3aa2425\" data-element_type=\"container\">\n\t\t\t\t\t<div class=\"e-con-inner\">\n\t\t\t\t<div class=\"elementor-element elementor-element-6f8293c elementor-widget elementor-widget-heading\" data-id=\"6f8293c\" data-element_type=\"widget\" data-widget_type=\"heading.default\">\n\t\t\t\t\t<h3 class=\"elementor-heading-title elementor-size-default\">Rok 2024<\/h3>\t\t\t\t<\/div>\n\t\t\t\t<div class=\"dce-fix-background-loop elementor-element elementor-element-5baeba1 elementor-widget elementor-widget-dce-flexible-content\" data-id=\"5baeba1\" data-element_type=\"widget\" data-widget_type=\"dce-flexible-content.default\">\n\t\t\t\t<div class=\"elementor-widget-container\">\n\t\t\t\t\t<div><ul>\n    <li>\n        <a href=\"https:\/\/www.spolchemie.cz\/wp-content\/uploads\/2025\/09\/Vyrocni-zprava_2024_cs.pdf\">V\u00fdro\u010dn\u00ed zpr\u00e1va 2024<\/a> \n    <\/li>\n<\/ul><\/div>\t\t\t\t<\/div>\n\t\t\t\t<\/div>\n\t\t\t\t\t<\/div>\n\t\t\t\t<\/div>\n\t\t<div class=\"elementor-element elementor-element-c9d7e69 e-flex e-con-boxed e-con e-parent\" data-id=\"c9d7e69\" data-element_type=\"container\">\n\t\t\t\t\t<div class=\"e-con-inner\">\n\t\t\t\t<div class=\"elementor-element elementor-element-492be44 elementor-widget elementor-widget-heading\" data-id=\"492be44\" data-element_type=\"widget\" data-widget_type=\"heading.default\">\n\t\t\t\t\t<h3 class=\"elementor-heading-title elementor-size-default\">Rok 2023<\/h3>\t\t\t\t<\/div>\n\t\t\t\t<div class=\"dce-fix-background-loop elementor-element elementor-element-94e3182 elementor-widget elementor-widget-dce-flexible-content\" data-id=\"94e3182\" data-element_type=\"widget\" data-widget_type=\"dce-flexible-content.default\">\n\t\t\t\t<div class=\"elementor-widget-container\">\n\t\t\t\t\t<div><ul>\n    <li>\n        <a href=\"https:\/\/www.spolchemie.cz\/wp-content\/uploads\/2024\/11\/VZ-2023-FINAL.pdf\">V\u00fdro\u010dn\u00ed zpr\u00e1va 2023<\/a> \n    <\/li>\n<\/ul><\/div>\t\t\t\t<\/div>\n\t\t\t\t<\/div>\n\t\t\t\t\t<\/div>\n\t\t\t\t<\/div>\n\t\t<div class=\"elementor-element elementor-element-ac12767 e-flex e-con-boxed e-con e-parent\" data-id=\"ac12767\" data-element_type=\"container\">\n\t\t\t\t\t<div class=\"e-con-inner\">\n\t\t\t\t<div class=\"elementor-element elementor-element-638b32e elementor-widget elementor-widget-heading\" data-id=\"638b32e\" data-element_type=\"widget\" data-widget_type=\"heading.default\">\n\t\t\t\t\t<h3 class=\"elementor-heading-title elementor-size-default\">Rok 2022<\/h3>\t\t\t\t<\/div>\n\t\t\t\t<div class=\"dce-fix-background-loop elementor-element elementor-element-4dec570 elementor-widget elementor-widget-dce-flexible-content\" data-id=\"4dec570\" data-element_type=\"widget\" data-widget_type=\"dce-flexible-content.default\">\n\t\t\t\t<div class=\"elementor-widget-container\">\n\t\t\t\t\t<div><ul>\n    <li>\n        <a href=\"https:\/\/www.spolchemie.cz\/wp-content\/uploads\/2024\/01\/VZ-Spolchemie_cs_2022.pdf\">V\u00fdro\u010dn\u00ed zpr\u00e1va 2022<\/a> \n    <\/li>\n<\/ul><\/div>\t\t\t\t<\/div>\n\t\t\t\t<\/div>\n\t\t\t\t\t<\/div>\n\t\t\t\t<\/div>\n\t\t<div class=\"elementor-element elementor-element-25873e0 e-flex e-con-boxed e-con e-parent\" data-id=\"25873e0\" data-element_type=\"container\">\n\t\t\t\t\t<div class=\"e-con-inner\">\n\t\t\t\t<div class=\"elementor-element elementor-element-c9c6f18 elementor-widget elementor-widget-heading\" data-id=\"c9c6f18\" data-element_type=\"widget\" data-widget_type=\"heading.default\">\n\t\t\t\t\t<h3 class=\"elementor-heading-title elementor-size-default\">Rok 2021<\/h3>\t\t\t\t<\/div>\n\t\t\t\t<div class=\"dce-fix-background-loop elementor-element elementor-element-56d800e elementor-widget elementor-widget-dce-flexible-content\" data-id=\"56d800e\" data-element_type=\"widget\" data-widget_type=\"dce-flexible-content.default\">\n\t\t\t\t<div class=\"elementor-widget-container\">\n\t\t\t\t\t<div><ul>\n    <li>\n        <a href=\"https:\/\/www.spolchemie.cz\/wp-content\/uploads\/2023\/07\/spolchemie_vyrocni-zprava_cs_2021.pdf\">V\u00fdro\u010dn\u00ed zpr\u00e1va 2021<\/a> \n    <\/li>\n<\/ul><\/div>\t\t\t\t<\/div>\n\t\t\t\t<\/div>\n\t\t\t\t\t<\/div>\n\t\t\t\t<\/div>\n\t\t<div class=\"elementor-element elementor-element-728b2b8 e-flex e-con-boxed e-con e-parent\" data-id=\"728b2b8\" data-element_type=\"container\">\n\t\t\t\t\t<div class=\"e-con-inner\">\n\t\t\t\t<div class=\"elementor-element elementor-element-38318bc elementor-widget elementor-widget-heading\" data-id=\"38318bc\" data-element_type=\"widget\" data-widget_type=\"heading.default\">\n\t\t\t\t\t<h3 class=\"elementor-heading-title elementor-size-default\">Rok 2020<\/h3>\t\t\t\t<\/div>\n\t\t\t\t<div class=\"dce-fix-background-loop elementor-element elementor-element-357b80f elementor-widget elementor-widget-dce-flexible-content\" data-id=\"357b80f\" data-element_type=\"widget\" data-widget_type=\"dce-flexible-content.default\">\n\t\t\t\t<div class=\"elementor-widget-container\">\n\t\t\t\t\t<div><ul>\n    <li>\n        <a href=\"https:\/\/www.spolchemie.cz\/wp-content\/uploads\/2023\/07\/vyrocni-zprava-2020.pdf\">V\u00fdro\u010dn\u00ed zpr\u00e1va 2020<\/a> \n    <\/li>\n<\/ul><\/div>\t\t\t\t<\/div>\n\t\t\t\t<\/div>\n\t\t\t\t\t<\/div>\n\t\t\t\t<\/div>\n\t\t\t\t<\/div>\n\t\t","protected":false},"excerpt":{"rendered":"<p>Dankzij een samenwerking met https:\/\/zumo-spin.com\/ werd een industri\u00eble presentatie afgesloten met verrassingen. Een conferentie over innovatie kreeg een spannend slot dankzij acties van https:\/\/zumospins.com\/. Bij een presentatie genoten de aanwezigen van prijzen verzorgd door sevencasino. De duurzaamheidsdag eindigde met een exclusieve trekking die prijzen van https:\/\/zumospin-inloggen.com\/ bood. Spolchemie V\u00fdro\u010dn\u00ed zpr\u00e1vy\u00a0na\u0161\u00ed spole\u010dnosti (Spolek pro chemickou a [&hellip;]<\/p>\n","protected":false},"author":1,"featured_media":0,"parent":2380,"menu_order":0,"comment_status":"closed","ping_status":"closed","template":"","meta":{"_acf_changed":false,"_seopress_robots_primary_cat":"","_seopress_titles_title":"","_seopress_titles_desc":"","_seopress_robots_index":"","footnotes":"","_links_to":"","_links_to_target":""},"class_list":["post-2382","page","type-page","status-publish","hentry"],"acf":[],"_links":{"self":[{"href":"https:\/\/www.spolchemie.cz\/cs\/wp-json\/wp\/v2\/pages\/2382","targetHints":{"allow":["GET"]}}],"collection":[{"href":"https:\/\/www.spolchemie.cz\/cs\/wp-json\/wp\/v2\/pages"}],"about":[{"href":"https:\/\/www.spolchemie.cz\/cs\/wp-json\/wp\/v2\/types\/page"}],"author":[{"embeddable":true,"href":"https:\/\/www.spolchemie.cz\/cs\/wp-json\/wp\/v2\/users\/1"}],"replies":[{"embeddable":true,"href":"https:\/\/www.spolchemie.cz\/cs\/wp-json\/wp\/v2\/comments?post=2382"}],"version-history":[{"count":79,"href":"https:\/\/www.spolchemie.cz\/cs\/wp-json\/wp\/v2\/pages\/2382\/revisions"}],"predecessor-version":[{"id":104078,"href":"https:\/\/www.spolchemie.cz\/cs\/wp-json\/wp\/v2\/pages\/2382\/revisions\/104078"}],"up":[{"embeddable":true,"href":"https:\/\/www.spolchemie.cz\/cs\/wp-json\/wp\/v2\/pages\/2380"}],"wp:attachment":[{"href":"https:\/\/www.spolchemie.cz\/cs\/wp-json\/wp\/v2\/media?parent=2382"}],"curies":[{"name":"wp","href":"https:\/\/api.w.org\/{rel}","templated":true}]}}