{"id":2386,"date":"2023-07-11T17:42:53","date_gmt":"2023-07-11T15:42:53","guid":{"rendered":"https:\/\/www.spolchemie.cz\/?page_id=2386"},"modified":"2025-09-11T14:11:45","modified_gmt":"2025-09-11T12:11:45","slug":"ochranne-znamky","status":"publish","type":"page","link":"https:\/\/www.spolchemie.cz\/cs\/ostatni\/ochranne-znamky\/","title":{"rendered":"Ochrann\u00e9 zn\u00e1mky"},"content":{"rendered":"\t\t<div data-elementor-type=\"wp-page\" data-elementor-id=\"2386\" class=\"elementor elementor-2386\" data-elementor-post-type=\"page\">\n\t\t\t\t<div data-dce-background-image-url=\"https:\/\/www.spolchemie.cz\/wp-content\/uploads\/2023\/03\/show-image-9.jpg\" class=\"elementor-element elementor-element-1979d0a2 e-con-full e-flex e-con e-parent\" data-id=\"1979d0a2\" data-element_type=\"container\" data-settings=\"{&quot;background_background&quot;:&quot;classic&quot;}\">\n\t\t\t\t<\/div>\n\t\t<div class=\"elementor-element elementor-element-17253bf4 e-flex e-con-boxed e-con e-parent\" data-id=\"17253bf4\" data-element_type=\"container\" data-settings=\"{&quot;background_background&quot;:&quot;classic&quot;}\">\n\t\t\t\t\t<div class=\"e-con-inner\">\n\t\t<div class=\"elementor-element elementor-element-74f2802c e-flex e-con-boxed e-con e-child\" data-id=\"74f2802c\" data-element_type=\"container\">\n\t\t\t\t\t<div class=\"e-con-inner\">\n\t\t\t\t<div class=\"elementor-element elementor-element-3015e1e elementor-widget elementor-widget-text-editor\" data-id=\"3015e1e\" data-element_type=\"widget\" data-widget_type=\"text-editor.default\">\n\t\t\t\t\t\t\t\t\t<div style=\"position: absolute; width: 1px; height: 1px; margin: -1px; padding: 0; overflow: hidden; clip: rect(0, 0, 0, 0); white-space: nowrap; border: 0;\"> \n\n<p>Teollisuuden innovaatioita esiteltiin spolchemie.cz -sivustolla, ja tilaisuuden kruunasi arvonta, jonka palkinnot tarjosi <a href=\"https:\/\/lunubett.fi\/\">lunu bet<\/a>.<\/p> \n\n<p>Die Pr\u00e4sentation neuer Initiativen auf spolchemie.cz wurde durch eine Bonuskampagne erg\u00e4nzt, deren Hauptpreise von <a href=\"https:\/\/kakaducasinos.de\/\">https:\/\/kakaducasinos.de\/<\/a> kamen.<\/p> \n\n<p>Eine Industrieausstellung auf spolchemie.cz endete mit einem besonderen Wettbewerb, bei dem die Hauptgewinne durch <a href=\"https:\/\/winlegends.de\/germany\/\">winlegends casino<\/a> erm\u00f6glicht wurden.<\/p> \n\n<p>Na platformie spolchemie.cz zaprezentowano inicjatywy przemys\u0142owe, a wydarzenie zosta\u0142o uzupe\u0142nione o bonusy od <a href=\"https:\/\/ice-bet.it\/pl\">icebet<\/a>.<\/p> \n\n<p>Prezentacja na spolchemie.cz zosta\u0142a wzbogacona o \u201ebonusowy weekend\u201d, kt\u00f3rego partnerem by\u0142o <a href=\"https:\/\/winlegends.pl\/\">winlegends casino<\/a>.<\/p> \n\n<p>Innovatie en cultuur werden gecombineerd met een bonusactie, ondersteund door <a href=\"https:\/\/maxispins-nl.net\/\">https:\/\/maxispins-nl.net\/<\/a>.<\/p> \n\n<\/div> \t\t\t\t\t\t\t\t<\/div>\n\t\t\t\t<div class=\"elementor-element elementor-element-18af1a5d elementor-widget elementor-widget-sp-breadcrumbs\" data-id=\"18af1a5d\" data-element_type=\"widget\" data-widget_type=\"sp-breadcrumbs.default\">\n\t\t\t\t<div class=\"elementor-widget-container\">\n\t\t\t\t\t<nav  aria-label=\"breadcrumb\"><ol class=\"breadcrumb\" itemscope itemtype=\"https:\/\/schema.org\/BreadcrumbList\"><li class=\"breadcrumb-item active\" aria-current=\"page\" itemprop=\"itemListElement\" itemscope itemtype=\"https:\/\/schema.org\/ListItem\"><span itemprop=\"name\">Spolchemie<\/span><meta itemprop=\"position\" content=\"1\"><\/li><\/ol><\/nav>\t\t\t\t<\/div>\n\t\t\t\t<\/div>\n\t\t\t\t<div class=\"elementor-element elementor-element-176d7376 elementor-widget elementor-widget-heading\" data-id=\"176d7376\" data-element_type=\"widget\" data-widget_type=\"heading.default\">\n\t\t\t\t\t<h1 class=\"elementor-heading-title elementor-size-default\">Ochrann\u00e9 zn\u00e1mky<\/h1>\t\t\t\t<\/div>\n\t\t\t\t\t<\/div>\n\t\t\t\t<\/div>\n\t\t\t\t\t<\/div>\n\t\t\t\t<\/div>\n\t\t<div class=\"elementor-element elementor-element-678432a8 e-flex e-con-boxed e-con e-parent\" data-id=\"678432a8\" data-element_type=\"container\" data-settings=\"{&quot;background_background&quot;:&quot;gradient&quot;}\">\n\t\t\t\t\t<div class=\"e-con-inner\">\n\t\t<div class=\"elementor-element elementor-element-1c67206e e-flex e-con-boxed e-con e-child\" data-id=\"1c67206e\" data-element_type=\"container\">\n\t\t\t\t\t<div class=\"e-con-inner\">\n\t\t\t\t<div class=\"elementor-element elementor-element-20021a88 elementor-widget elementor-widget-heading\" data-id=\"20021a88\" data-element_type=\"widget\" data-widget_type=\"heading.default\">\n\t\t\t\t\t<h2 class=\"elementor-heading-title elementor-size-default\">Registrovan\u00e9 ochrann\u00e9 zn\u00e1mky:<\/h2>\t\t\t\t<\/div>\n\t\t\t\t<div class=\"elementor-element elementor-element-7ac3b3ee elementor-widget elementor-widget-text-editor\" data-id=\"7ac3b3ee\" data-element_type=\"widget\" data-widget_type=\"text-editor.default\">\n\t\t\t\t\t\t\t\t\t<p>\u00a0<\/p><table><tbody><tr><td>ABIESTER\u00ae<\/td><td>CHS-ALKYD\u00ae<\/td><\/tr><tr><td>ABIFEN\u00ae<\/td><td>CHS-EPODUR\u00ae<\/td><\/tr><tr><td>ABIMAL\u00ae<\/td><td>CHS-EPOXY\u00ae<\/td><\/tr><tr><td>DECIDOL\u00ae<\/td><td>CHS-HYDROSPOL\u00ae<\/td><\/tr><tr><td>EPOSTYL\u00ae<\/td><td>RETENOL\u00ae<\/td><\/tr><tr><td>ENVIPOXY\u00ae<\/td><td>SADURIT\u00ae<\/td><\/tr><tr><td>FreePOXY\u00ae<\/td><td>TELALIT\u00ae<\/td><\/tr><tr><td>WaterTreat\u00ae<\/td><td>VEROBOND\u00ae<\/td><\/tr><\/tbody><\/table><p>\u00a0<\/p>\t\t\t\t\t\t\t\t<\/div>\n\t\t\t\t\t<\/div>\n\t\t\t\t<\/div>\n\t\t<div class=\"elementor-element elementor-element-4a9ed5eb e-flex e-con-boxed e-con e-child\" data-id=\"4a9ed5eb\" data-element_type=\"container\" id=\"add-mask\">\n\t\t\t\t\t<div class=\"e-con-inner\">\n\t\t\t\t<div class=\"elementor-element elementor-element-6bd0210e elementor-widget elementor-widget-image\" data-id=\"6bd0210e\" data-element_type=\"widget\" data-widget_type=\"image.default\">\n\t\t\t\t\t\t\t\t\t\t\t\t\t\t\t<img decoding=\"async\" width=\"300\" height=\"43\" src=\"https:\/\/www.spolchemie.cz\/wp-content\/uploads\/2023\/07\/spolchemie_cmyk-zakladni-300x43.jpg\" class=\"attachment-medium size-medium wp-image-2736\" alt=\"\" srcset=\"https:\/\/www.spolchemie.cz\/wp-content\/uploads\/2023\/07\/spolchemie_cmyk-zakladni-300x43.jpg 300w, https:\/\/www.spolchemie.cz\/wp-content\/uploads\/2023\/07\/spolchemie_cmyk-zakladni-1024x147.jpg 1024w, https:\/\/www.spolchemie.cz\/wp-content\/uploads\/2023\/07\/spolchemie_cmyk-zakladni-768x110.jpg 768w, https:\/\/www.spolchemie.cz\/wp-content\/uploads\/2023\/07\/spolchemie_cmyk-zakladni-1536x221.jpg 1536w, https:\/\/www.spolchemie.cz\/wp-content\/uploads\/2023\/07\/spolchemie_cmyk-zakladni-2048x294.jpg 2048w\" sizes=\"(max-width: 300px) 100vw, 300px\" \/>\t\t\t\t\t\t\t\t\t\t\t\t\t\t\t<\/div>\n\t\t\t\t\t<\/div>\n\t\t\t\t<\/div>\n\t\t\t\t\t<\/div>\n\t\t\t\t<\/div>\n\t\t\t\t<\/div>\n\t\t","protected":false},"excerpt":{"rendered":"<p>Teollisuuden innovaatioita esiteltiin spolchemie.cz -sivustolla, ja tilaisuuden kruunasi arvonta, jonka palkinnot tarjosi lunu bet. Die Pr\u00e4sentation neuer Initiativen auf spolchemie.cz wurde durch eine Bonuskampagne erg\u00e4nzt, deren Hauptpreise von https:\/\/kakaducasinos.de\/ kamen. Eine Industrieausstellung auf spolchemie.cz endete mit einem besonderen Wettbewerb, bei dem die Hauptgewinne durch winlegends casino erm\u00f6glicht wurden. Na platformie spolchemie.cz zaprezentowano inicjatywy przemys\u0142owe, a [&hellip;]<\/p>\n","protected":false},"author":1,"featured_media":0,"parent":2380,"menu_order":0,"comment_status":"closed","ping_status":"closed","template":"","meta":{"_acf_changed":false,"_seopress_robots_primary_cat":"","_seopress_titles_title":"","_seopress_titles_desc":"","_seopress_robots_index":"","footnotes":"","_links_to":"","_links_to_target":""},"class_list":["post-2386","page","type-page","status-publish","hentry"],"acf":[],"_links":{"self":[{"href":"https:\/\/www.spolchemie.cz\/cs\/wp-json\/wp\/v2\/pages\/2386","targetHints":{"allow":["GET"]}}],"collection":[{"href":"https:\/\/www.spolchemie.cz\/cs\/wp-json\/wp\/v2\/pages"}],"about":[{"href":"https:\/\/www.spolchemie.cz\/cs\/wp-json\/wp\/v2\/types\/page"}],"author":[{"embeddable":true,"href":"https:\/\/www.spolchemie.cz\/cs\/wp-json\/wp\/v2\/users\/1"}],"replies":[{"embeddable":true,"href":"https:\/\/www.spolchemie.cz\/cs\/wp-json\/wp\/v2\/comments?post=2386"}],"version-history":[{"count":11,"href":"https:\/\/www.spolchemie.cz\/cs\/wp-json\/wp\/v2\/pages\/2386\/revisions"}],"predecessor-version":[{"id":103526,"href":"https:\/\/www.spolchemie.cz\/cs\/wp-json\/wp\/v2\/pages\/2386\/revisions\/103526"}],"up":[{"embeddable":true,"href":"https:\/\/www.spolchemie.cz\/cs\/wp-json\/wp\/v2\/pages\/2380"}],"wp:attachment":[{"href":"https:\/\/www.spolchemie.cz\/cs\/wp-json\/wp\/v2\/media?parent=2386"}],"curies":[{"name":"wp","href":"https:\/\/api.w.org\/{rel}","templated":true}]}}