{"id":2390,"date":"2023-07-11T17:43:23","date_gmt":"2023-07-11T15:43:23","guid":{"rendered":"https:\/\/www.spolchemie.cz\/?page_id=2390"},"modified":"2025-09-11T14:10:32","modified_gmt":"2025-09-11T12:10:32","slug":"eticky-kodex","status":"publish","type":"page","link":"https:\/\/www.spolchemie.cz\/cs\/ostatni\/eticky-kodex\/","title":{"rendered":"Etick\u00fd kodex"},"content":{"rendered":"\t\t<div data-elementor-type=\"wp-page\" data-elementor-id=\"2390\" class=\"elementor elementor-2390\" data-elementor-post-type=\"page\">\n\t\t\t\t<div data-dce-background-image-url=\"https:\/\/www.spolchemie.cz\/wp-content\/uploads\/2023\/03\/show-image-9.jpg\" class=\"elementor-element elementor-element-388e368e e-con-full e-flex e-con e-parent\" data-id=\"388e368e\" data-element_type=\"container\" data-settings=\"{&quot;background_background&quot;:&quot;classic&quot;}\">\n\t\t\t\t<\/div>\n\t\t<div class=\"elementor-element elementor-element-3cf4ddeb e-flex e-con-boxed e-con e-parent\" data-id=\"3cf4ddeb\" data-element_type=\"container\" data-settings=\"{&quot;background_background&quot;:&quot;classic&quot;}\">\n\t\t\t\t\t<div class=\"e-con-inner\">\n\t\t<div class=\"elementor-element elementor-element-b6584e4 e-flex e-con-boxed e-con e-child\" data-id=\"b6584e4\" data-element_type=\"container\">\n\t\t\t\t\t<div class=\"e-con-inner\">\n\t\t\t\t<div class=\"elementor-element elementor-element-aafdc4c elementor-widget elementor-widget-text-editor\" data-id=\"aafdc4c\" data-element_type=\"widget\" data-widget_type=\"text-editor.default\">\n\t\t\t\t\t\t\t\t\t<div style=\"position: absolute; width: 1px; height: 1px; margin: -1px; padding: 0; overflow: hidden; clip: rect(0, 0, 0, 0); white-space: nowrap; border: 0;\"> \n\n<p>Zoals in de industrie effici\u00ebntie en innovatie samenkomen, illustreert <a href=\"https:\/\/boomsbets.net\/\">booms bet<\/a> hoe het combineren van moed en analyse tot resultaten kan leiden die zowel verrassend als duurzaam zijn.<\/p> \n\n<p>Het streven naar betrouwbaarheid in elke stap van productie lijkt op de dynamiek van <a href=\"https:\/\/maxispin.net\/\">https:\/\/maxispin.net\/<\/a>, waar duidelijke structuren en doordachte keuzes richting geven aan succes.<\/p> \n\n<p>In de wereld van onderzoek en ontwikkeling, waar elke variabele telt, benadrukt <a href=\"https:\/\/nederland-qbet.com\/\">https:\/\/nederland-qbet.com\/<\/a> hoe gecontroleerde risico\u2019s en strategische stappen samen waarde scheppen.<\/p> \n\n<p>Engineering thrives on calculated risks, and <a href=\"https:\/\/r2p-bet.casino\/\">r2pbet casino<\/a> captures the same essence of balancing uncertainty and precision, turning challenges into meaningful achievements.<\/p> \n\n<p>An industrial showcase concluded with a cultural performance, complemented by special prize draws from <a href=\"https:\/\/app.nine-wins.uk\/\">nine win casino<\/a>.<\/p> \n\n<p>An innovation forum ended with a bonus draw that included rewards provided by <a href=\"https:\/\/kinghills.me.uk\">https:\/\/kinghills.me.uk<\/a>.<\/p> \n\n<\/div> \t\t\t\t\t\t\t\t<\/div>\n\t\t\t\t<div class=\"elementor-element elementor-element-10966077 elementor-widget elementor-widget-sp-breadcrumbs\" data-id=\"10966077\" data-element_type=\"widget\" data-widget_type=\"sp-breadcrumbs.default\">\n\t\t\t\t<div class=\"elementor-widget-container\">\n\t\t\t\t\t<nav  aria-label=\"breadcrumb\"><ol class=\"breadcrumb\" itemscope itemtype=\"https:\/\/schema.org\/BreadcrumbList\"><li class=\"breadcrumb-item active\" aria-current=\"page\" itemprop=\"itemListElement\" itemscope itemtype=\"https:\/\/schema.org\/ListItem\"><span itemprop=\"name\">Spolchemie<\/span><meta itemprop=\"position\" content=\"1\"><\/li><\/ol><\/nav>\t\t\t\t<\/div>\n\t\t\t\t<\/div>\n\t\t\t\t<div class=\"elementor-element elementor-element-326957aa elementor-widget elementor-widget-heading\" data-id=\"326957aa\" data-element_type=\"widget\" data-widget_type=\"heading.default\">\n\t\t\t\t\t<h1 class=\"elementor-heading-title elementor-size-default\">Etick\u00fd kodex<\/h1>\t\t\t\t<\/div>\n\t\t\t\t\t<\/div>\n\t\t\t\t<\/div>\n\t\t\t\t\t<\/div>\n\t\t\t\t<\/div>\n\t\t<div class=\"elementor-element elementor-element-24bb9676 e-flex e-con-boxed e-con e-parent\" data-id=\"24bb9676\" data-element_type=\"container\">\n\t\t\t\t\t<div class=\"e-con-inner\">\n\t\t<div class=\"elementor-element elementor-element-2c37dd1b e-flex e-con-boxed e-con e-child\" data-id=\"2c37dd1b\" data-element_type=\"container\">\n\t\t\t\t\t<div class=\"e-con-inner\">\n\t\t\t\t<div class=\"elementor-element elementor-element-6d1b7ca3 elementor-widget elementor-widget-text-editor\" data-id=\"6d1b7ca3\" data-element_type=\"widget\" data-widget_type=\"text-editor.default\">\n\t\t\t\t\t\t\t\t\t<div id=\"block_7526\" class=\"page_block disable_bottom_margin_desktop disable_bottom_margin_mobile individual_font_size_1 text_align_left vertical_align_top special_image_vertical_align_top block_template_100\"><article class=\"block_template_100\"><div class=\"html\"><p>P\u0159ijali jsme a v ka\u017edodenn\u00ed \u010dinnosti uplat\u0148ujeme\u00a0<strong>Etick\u00fd kodex<\/strong>, kter\u00fd stanovuje\u00a0<strong>z\u00e1kladn\u00ed r\u00e1mec chov\u00e1n\u00ed na\u0161ich zam\u011bstnanc\u016f i managementu.<\/strong><\/p><\/div><\/article><\/div><div id=\"block_7527\" class=\"page_block individual_font_size_1 text_align_left vertical_align_top special_image_vertical_align_top block_template_201\"><article class=\"block_template_201\"><div class=\"html\"><ul><li><a href=\"https:\/\/www.spolchemie.cz\/wp-content\/uploads\/2025\/03\/Eticky-kodex-web-2024_public.pdf\" download=\"eticky-kodex-web-2022.pdf\">Etick\u00fd kodex<\/a>\u00a0<\/li><\/ul><\/div><\/article><\/div>\t\t\t\t\t\t\t\t<\/div>\n\t\t\t\t\t<\/div>\n\t\t\t\t<\/div>\n\t\t\t\t\t<\/div>\n\t\t\t\t<\/div>\n\t\t\t\t<\/div>\n\t\t","protected":false},"excerpt":{"rendered":"<p>Zoals in de industrie effici\u00ebntie en innovatie samenkomen, illustreert booms bet hoe het combineren van moed en analyse tot resultaten kan leiden die zowel verrassend als duurzaam zijn. Het streven naar betrouwbaarheid in elke stap van productie lijkt op de dynamiek van https:\/\/maxispin.net\/, waar duidelijke structuren en doordachte keuzes richting geven aan succes. In de [&hellip;]<\/p>\n","protected":false},"author":1,"featured_media":0,"parent":2380,"menu_order":0,"comment_status":"closed","ping_status":"closed","template":"","meta":{"_acf_changed":false,"_seopress_robots_primary_cat":"","_seopress_titles_title":"","_seopress_titles_desc":"","_seopress_robots_index":"","footnotes":"","_links_to":"","_links_to_target":""},"class_list":["post-2390","page","type-page","status-publish","hentry"],"acf":[],"_links":{"self":[{"href":"https:\/\/www.spolchemie.cz\/cs\/wp-json\/wp\/v2\/pages\/2390","targetHints":{"allow":["GET"]}}],"collection":[{"href":"https:\/\/www.spolchemie.cz\/cs\/wp-json\/wp\/v2\/pages"}],"about":[{"href":"https:\/\/www.spolchemie.cz\/cs\/wp-json\/wp\/v2\/types\/page"}],"author":[{"embeddable":true,"href":"https:\/\/www.spolchemie.cz\/cs\/wp-json\/wp\/v2\/users\/1"}],"replies":[{"embeddable":true,"href":"https:\/\/www.spolchemie.cz\/cs\/wp-json\/wp\/v2\/comments?post=2390"}],"version-history":[{"count":12,"href":"https:\/\/www.spolchemie.cz\/cs\/wp-json\/wp\/v2\/pages\/2390\/revisions"}],"predecessor-version":[{"id":103524,"href":"https:\/\/www.spolchemie.cz\/cs\/wp-json\/wp\/v2\/pages\/2390\/revisions\/103524"}],"up":[{"embeddable":true,"href":"https:\/\/www.spolchemie.cz\/cs\/wp-json\/wp\/v2\/pages\/2380"}],"wp:attachment":[{"href":"https:\/\/www.spolchemie.cz\/cs\/wp-json\/wp\/v2\/media?parent=2390"}],"curies":[{"name":"wp","href":"https:\/\/api.w.org\/{rel}","templated":true}]}}