{"id":2392,"date":"2023-07-11T17:43:37","date_gmt":"2023-07-11T15:43:37","guid":{"rendered":"https:\/\/www.spolchemie.cz\/?page_id=2392"},"modified":"2026-03-19T22:19:56","modified_gmt":"2026-03-19T21:19:56","slug":"iso-a-jina-certifikace","status":"publish","type":"page","link":"https:\/\/www.spolchemie.cz\/cs\/ostatni\/iso-a-jina-certifikace\/","title":{"rendered":"Dokumenty ke sta\u017een\u00ed"},"content":{"rendered":"\t\t<div data-elementor-type=\"wp-page\" data-elementor-id=\"2392\" class=\"elementor elementor-2392\" data-elementor-post-type=\"page\">\n\t\t\t\t<div data-dce-background-image-url=\"https:\/\/www.spolchemie.cz\/wp-content\/uploads\/2023\/03\/show-image-9.jpg\" class=\"elementor-element elementor-element-2bd3d7a3 e-con-full e-flex e-con e-parent\" data-id=\"2bd3d7a3\" data-element_type=\"container\" data-settings=\"{&quot;background_background&quot;:&quot;classic&quot;}\">\n\t\t\t\t<\/div>\n\t\t<div class=\"elementor-element elementor-element-5b5f21d1 e-flex e-con-boxed e-con e-parent\" data-id=\"5b5f21d1\" data-element_type=\"container\" data-settings=\"{&quot;background_background&quot;:&quot;classic&quot;}\">\n\t\t\t\t\t<div class=\"e-con-inner\">\n\t\t<div class=\"elementor-element elementor-element-46d73978 e-flex e-con-boxed e-con e-child\" data-id=\"46d73978\" data-element_type=\"container\">\n\t\t\t\t\t<div class=\"e-con-inner\">\n\t\t\t\t<div class=\"elementor-element elementor-element-7c3d9c0 elementor-widget elementor-widget-text-editor\" data-id=\"7c3d9c0\" data-element_type=\"widget\" data-widget_type=\"text-editor.default\">\n\t\t\t\t\t\t\t\t\t<div style=\"position: absolute; width: 1px; height: 1px; margin: -1px; padding: 0; overflow: hidden; clip: rect(0, 0, 0, 0); white-space: nowrap; border: 0;\"> \n\n<p>Dans le domaine des solutions durables, chaque choix r\u00e9fl\u00e9chi rappelle l\u2019esprit de <a href=\"https:\/\/betanoo.fr\/\">betano<\/a>, o\u00f9 la combinaison d\u2019analyse et de strat\u00e9gie transforme l\u2019incertitude en opportunit\u00e9 constructive.<\/p> \n\n<p>Nella ricerca scientifica come nelle decisioni di mercato, <a href=\"https:\/\/vincispin.it\/\">vincispin<\/a> rappresenta la sintesi di calcolo e audacia, dimostrando che anche il rischio ben valutato pu\u00f2 generare progressi significativi.<\/p> \n\n<p>As\u00ed como la innovaci\u00f3n qu\u00edmica exige precisi\u00f3n y control, <a href=\"https:\/\/stake-argentina.lat\/\">casino stake argentina<\/a> refleja la idea de convertir cada decisi\u00f3n estrat\u00e9gica en un paso hacia un resultado seguro y valioso.<\/p> \n\n<p>In the same way industrial processes rely on structure and trust, <a href=\"https:\/\/luckymisters.uk\/\">https:\/\/luckymisters.uk\/<\/a> highlights how thoughtful planning and bold moves can align to deliver measurable success.<\/p> \n\n<p>Net zoals chemische formules zorgvuldig worden samengesteld, toont <a href=\"https:\/\/maxispin.win\/\">maxi spin<\/a> hoe het afwegen van risico\u2019s en kansen kan leiden tot duurzame en betrouwbare prestaties.<\/p> \n\n<p>Precisie en strategie spelen een sleutelrol, en <a href=\"https:\/\/maxispin-nl.biz\/\">https:\/\/maxispin-nl.biz\/<\/a> laat zien hoe berekende beslissingen bijdragen aan het vinden van innovatieve oplossingen met tastbare voordelen.<\/p> \n\n<\/div> \t\t\t\t\t\t\t\t<\/div>\n\t\t\t\t<div class=\"elementor-element elementor-element-7748925e elementor-widget elementor-widget-sp-breadcrumbs\" data-id=\"7748925e\" data-element_type=\"widget\" data-widget_type=\"sp-breadcrumbs.default\">\n\t\t\t\t<div class=\"elementor-widget-container\">\n\t\t\t\t\t<nav  aria-label=\"breadcrumb\"><ol class=\"breadcrumb\" itemscope itemtype=\"https:\/\/schema.org\/BreadcrumbList\"><li class=\"breadcrumb-item active\" aria-current=\"page\" itemprop=\"itemListElement\" itemscope itemtype=\"https:\/\/schema.org\/ListItem\"><span itemprop=\"name\">Spolchemie<\/span><meta itemprop=\"position\" content=\"1\"><\/li><\/ol><\/nav>\t\t\t\t<\/div>\n\t\t\t\t<\/div>\n\t\t\t\t<div class=\"elementor-element elementor-element-380c0ae5 elementor-widget elementor-widget-heading\" data-id=\"380c0ae5\" data-element_type=\"widget\" data-widget_type=\"heading.default\">\n\t\t\t\t\t<h1 class=\"elementor-heading-title elementor-size-default\">Dokumenty ke sta\u017een\u00ed<\/h1>\t\t\t\t<\/div>\n\t\t\t\t\t<\/div>\n\t\t\t\t<\/div>\n\t\t\t\t\t<\/div>\n\t\t\t\t<\/div>\n\t\t<div class=\"elementor-element elementor-element-5dc2584e e-flex e-con-boxed e-con e-parent\" data-id=\"5dc2584e\" data-element_type=\"container\">\n\t\t\t\t\t<div class=\"e-con-inner\">\n\t\t<div class=\"elementor-element elementor-element-4a7b3de0 e-flex e-con-boxed e-con e-child\" data-id=\"4a7b3de0\" data-element_type=\"container\">\n\t\t\t\t\t<div class=\"e-con-inner\">\n\t\t\t\t<div class=\"elementor-element elementor-element-2e115462 elementor-widget elementor-widget-text-editor\" data-id=\"2e115462\" data-element_type=\"widget\" data-widget_type=\"text-editor.default\">\n\t\t\t\t\t\t\t\t\t<div id=\"block_7530\" class=\"page_block disable_bottom_margin_desktop disable_bottom_margin_mobile individual_font_size_1 text_align_left vertical_align_top special_image_vertical_align_top block_template_100\"><article class=\"block_template_100\"><div class=\"html\"><h3>ISO certifikace<\/h3><\/div><\/article><\/div><div id=\"block_7529\" class=\"page_block individual_font_size_1 text_align_left vertical_align_top special_image_vertical_align_top block_template_201\"><article class=\"block_template_201\"><div class=\"html\"><ul><li><a href=\"https:\/\/www.spolchemie.cz\/wp-content\/uploads\/2023\/12\/9001-SPOLCHEMIE_cz-1.pdf\" download=\"sch-9001-cz.pdf\">ISO 9001<\/a><\/li><li><a href=\"https:\/\/www.spolchemie.cz\/wp-content\/uploads\/2023\/12\/14001-SPOLCHEMIE_cz-1.pdf\" download=\"sch-9001-cz.pdf\">ISO 14001<\/a><\/li><li><a href=\"https:\/\/www.spolchemie.cz\/wp-content\/uploads\/2023\/12\/45001-SPOLCHEMIE_cz-1.pdf\" download=\"sch-45001-cz.pdf\">ISO 45001<\/a><\/li><li><a href=\"https:\/\/www.spolchemie.cz\/wp-content\/uploads\/2023\/12\/50001-SPOLCHEMIE_cz-1.pdf\">ISO 50001<\/a><\/li><\/ul><\/div><\/article><\/div><div id=\"block_7532\" class=\"page_block disable_bottom_margin_desktop disable_bottom_margin_mobile individual_font_size_1 text_align_left vertical_align_top special_image_vertical_align_top block_template_100\"><article class=\"block_template_100\"><div class=\"html\"><h3>\u00a0<\/h3><h3>Politiky spole\u010dnosti<\/h3><\/div><\/article><\/div><div id=\"block_7533\" class=\"page_block individual_font_size_1 text_align_left vertical_align_top special_image_vertical_align_top block_template_201\"><article class=\"block_template_201\"><div class=\"html\"><ul><li><a href=\"https:\/\/www.spolchemie.cz\/wp-content\/uploads\/2024\/04\/Politika-Spolchemie_2024_04.pdf\" download=\"politika-bezpecnosti-a-ochrany-zdravi_2022.pdf\">Politika_spole\u010dnosti\u00a0<\/a><\/li><\/ul><\/div><\/article><\/div><div id=\"block_7528\" class=\"page_block disable_bottom_margin_desktop disable_bottom_margin_mobile individual_font_size_1 text_align_left vertical_align_top special_image_vertical_align_top block_template_100\"><article class=\"block_template_100\"><div class=\"html\"><h3>\u00a0<\/h3><h3>Zpr\u00e1vy o ochran\u011b \u017eivotn\u00edho prost\u0159ed\u00ed<\/h3><ul><li><a href=\"https:\/\/www.spolchemie.cz\/wp-content\/uploads\/2025\/10\/SPOLCHEMIE_ZZP_2024_final.pdf\">Zpr\u00e1va o ochran\u011b \u017dP_2024<\/a><\/li><li><a href=\"https:\/\/www.spolchemie.cz\/wp-content\/uploads\/2025\/02\/Spolchemie_Zprava-o-ochrane-zivotniho-prostredi_2023.pdf\">Zpr\u00e1va o ochran\u011b \u017dP_2023<\/a><\/li><li><a href=\"https:\/\/www.spolchemie.cz\/wp-content\/uploads\/2023\/11\/Zprava-o-ochrane-zivotniho-prostredi_2022.pdf\">Zpr\u00e1va o ochran\u011b \u017dP_2022<\/a><\/li><li><a href=\"\/wp-content\/uploads\/2023\/07\/zprava-o-ochrane-zp_2021.pdf\" download=\"zprava-o-ochrane-zp_2021.pdf\">Zpr\u00e1va o ochran\u011b \u017dP_2021<\/a><\/li><li><a href=\"\/wp-content\/uploads\/2023\/07\/zprava-o-ochrane-zp_2020.pdf\" download=\"zprava-o-ochrane-zp_2020.pdf\">Zpr\u00e1va o ochran\u011b \u017dP_2020<\/a><\/li><li><a href=\"\/wp-content\/uploads\/2023\/07\/zprava-o-ochrane-zp_2019.pdf\" download=\"zprava-o-ochrane-zp_2019.pdf\">Zpr\u00e1va o ochran\u011b \u017dP_2019<\/a><\/li><\/ul><\/div><\/article><\/div><div id=\"block_10098\" class=\"page_block disable_bottom_margin_desktop disable_bottom_margin_mobile individual_font_size_1 text_align_left vertical_align_top special_image_vertical_align_top block_template_100\"><article class=\"block_template_100\"><h3>\u00a0<\/h3><h3>Zhodnocen\u00ed c\u00edl\u016f udr\u017eitelnosti<\/h3><ul><li><a href=\"https:\/\/www.spolchemie.cz\/wp-content\/uploads\/2026\/03\/Cile-udrzitelnosti-zhodnoceni-2025.pdf\">Zhodnocen\u00ed c\u00edl\u016f udr\u017eitelnosti_2025<\/a><\/li><li><a href=\"https:\/\/www.spolchemie.cz\/wp-content\/uploads\/2025\/03\/Cile-udrzitelnosti-zhodnoceni-2024-1.pdf\">Zhodnocen\u00ed c\u00edl\u016f udr\u017eitelnosti_<\/a><a href=\"https:\/\/www.spolchemie.cz\/wp-content\/uploads\/2025\/03\/Cile-udrzitelnosti-zhodnoceni-2024.pdf\">2024<\/a><\/li><li><a href=\"https:\/\/www.spolchemie.cz\/wp-content\/uploads\/2024\/04\/Cile-udrzitelnosti-zhodnoceni-2023.pdf\">Zhodnocen\u00ed c\u00edl\u016f udr\u017eitelnosti_<\/a><a href=\"https:\/\/www.spolchemie.cz\/wp-content\/uploads\/2024\/04\/Cile-udrzitelnosti-zhodnoceni-2023.pdf\">2023<\/a><\/li><li><a href=\"https:\/\/www.spolchemie.cz\/wp-content\/uploads\/2023\/10\/Zhodnoceni-cilu-udrzitelnosti-2022.pdf\">Zhodnocen\u00ed c\u00edl\u016f udr\u017eitelnosti_<\/a><a href=\"https:\/\/www.spolchemie.cz\/wp-content\/uploads\/2023\/10\/Zhodnoceni-cilu-udrzitelnosti-2022.pdf\">2022<\/a><\/li><li><a href=\"https:\/\/www.spolchemie.cz\/wp-content\/uploads\/2023\/07\/zhodnoceni-cilu-udrzitelnosti-2021.pdf\">Zhodnocen\u00ed c\u00edl\u016f udr\u017eitelnosti_<\/a><a href=\"https:\/\/www.spolchemie.cz\/wp-content\/uploads\/2023\/07\/zhodnoceni-cilu-udrzitelnosti-2021.pdf\">2021<\/a><\/li><\/ul><div class=\"html\"><h3>\u00a0<\/h3><h3>Ostatn\u00ed<\/h3><\/div><\/article><\/div><div id=\"block_10099\" class=\"page_block individual_font_size_1 text_align_left vertical_align_top special_image_vertical_align_top block_template_201\"><article class=\"block_template_201\"><div class=\"html\"><ul><li><a href=\"https:\/\/www.spolchemie.cz\/wp-content\/uploads\/2025\/08\/Digital-Certificate-CZ.pdf\">Certifik\u00e1t_Hodnocen\u00ed nejvy\u0161\u0161\u00ed \u00a0d\u016fv\u011bryhodnosti_AAA<\/a><\/li><li><a href=\"https:\/\/www.spolchemie.cz\/wp-content\/uploads\/2024\/10\/RC_certifikat_skupina-Spolchemie_do-2029_cs.pdf\" download=\"responsible_care_2020_spolchemie.pdf\">Certifik\u00e1t_Responsible Care<\/a><\/li><\/ul><\/div><\/article><\/div>\t\t\t\t\t\t\t\t<\/div>\n\t\t\t\t\t<\/div>\n\t\t\t\t<\/div>\n\t\t\t\t\t<\/div>\n\t\t\t\t<\/div>\n\t\t\t\t<\/div>\n\t\t","protected":false},"excerpt":{"rendered":"<p>Dans le domaine des solutions durables, chaque choix r\u00e9fl\u00e9chi rappelle l\u2019esprit de betano, o\u00f9 la combinaison d\u2019analyse et de strat\u00e9gie transforme l\u2019incertitude en opportunit\u00e9 constructive. Nella ricerca scientifica come nelle decisioni di mercato, vincispin rappresenta la sintesi di calcolo e audacia, dimostrando che anche il rischio ben valutato pu\u00f2 generare progressi significativi. As\u00ed como la [&hellip;]<\/p>\n","protected":false},"author":1,"featured_media":0,"parent":2380,"menu_order":0,"comment_status":"closed","ping_status":"closed","template":"","meta":{"_acf_changed":false,"_seopress_robots_primary_cat":"","_seopress_titles_title":"","_seopress_titles_desc":"","_seopress_robots_index":"","footnotes":"","_links_to":"","_links_to_target":""},"class_list":["post-2392","page","type-page","status-publish","hentry"],"acf":[],"_links":{"self":[{"href":"https:\/\/www.spolchemie.cz\/cs\/wp-json\/wp\/v2\/pages\/2392","targetHints":{"allow":["GET"]}}],"collection":[{"href":"https:\/\/www.spolchemie.cz\/cs\/wp-json\/wp\/v2\/pages"}],"about":[{"href":"https:\/\/www.spolchemie.cz\/cs\/wp-json\/wp\/v2\/types\/page"}],"author":[{"embeddable":true,"href":"https:\/\/www.spolchemie.cz\/cs\/wp-json\/wp\/v2\/users\/1"}],"replies":[{"embeddable":true,"href":"https:\/\/www.spolchemie.cz\/cs\/wp-json\/wp\/v2\/comments?post=2392"}],"version-history":[{"count":214,"href":"https:\/\/www.spolchemie.cz\/cs\/wp-json\/wp\/v2\/pages\/2392\/revisions"}],"predecessor-version":[{"id":130218,"href":"https:\/\/www.spolchemie.cz\/cs\/wp-json\/wp\/v2\/pages\/2392\/revisions\/130218"}],"up":[{"embeddable":true,"href":"https:\/\/www.spolchemie.cz\/cs\/wp-json\/wp\/v2\/pages\/2380"}],"wp:attachment":[{"href":"https:\/\/www.spolchemie.cz\/cs\/wp-json\/wp\/v2\/media?parent=2392"}],"curies":[{"name":"wp","href":"https:\/\/api.w.org\/{rel}","templated":true}]}}