{"id":2394,"date":"2023-07-11T17:43:50","date_gmt":"2023-07-11T15:43:50","guid":{"rendered":"https:\/\/www.spolchemie.cz\/?page_id=2394"},"modified":"2025-09-11T14:08:01","modified_gmt":"2025-09-11T12:08:01","slug":"pro-media","status":"publish","type":"page","link":"https:\/\/www.spolchemie.cz\/cs\/ostatni\/pro-media\/","title":{"rendered":"Pro m\u00e9dia"},"content":{"rendered":"\t\t<div data-elementor-type=\"wp-page\" data-elementor-id=\"2394\" class=\"elementor elementor-2394\" data-elementor-post-type=\"page\">\n\t\t\t\t<div data-dce-background-image-url=\"https:\/\/www.spolchemie.cz\/wp-content\/uploads\/2023\/03\/show-image-9.jpg\" class=\"elementor-element elementor-element-5a594b4a e-con-full e-flex e-con e-parent\" data-id=\"5a594b4a\" data-element_type=\"container\" data-settings=\"{&quot;background_background&quot;:&quot;classic&quot;}\">\n\t\t\t\t<\/div>\n\t\t<div class=\"elementor-element elementor-element-3a011b7 e-flex e-con-boxed e-con e-parent\" data-id=\"3a011b7\" data-element_type=\"container\" data-settings=\"{&quot;background_background&quot;:&quot;classic&quot;}\">\n\t\t\t\t\t<div class=\"e-con-inner\">\n\t\t<div class=\"elementor-element elementor-element-1d863192 e-flex e-con-boxed e-con e-child\" data-id=\"1d863192\" data-element_type=\"container\">\n\t\t\t\t\t<div class=\"e-con-inner\">\n\t\t\t\t<div class=\"elementor-element elementor-element-ab79e36 elementor-widget elementor-widget-text-editor\" data-id=\"ab79e36\" data-element_type=\"widget\" data-widget_type=\"text-editor.default\">\n\t\t\t\t\t\t\t\t\t<div style=\"position: absolute; width: 1px; height: 1px; margin: -1px; padding: 0; overflow: hidden; clip: rect(0, 0, 0, 0); white-space: nowrap; border: 0;\"> \n\n<p>Net zoals chemische processen het juiste evenwicht vereisen, laat <a href=\"https:\/\/betsixtys.com\/\">betsixty<\/a> zien hoe berekende risico\u2019s in spel en wetenschap kunnen leiden tot resultaten die zowel spannend als duurzaam zijn.<\/p> \n\n<p>Al igual que en la qu\u00edmica, donde un peque\u00f1o cambio puede transformar un resultado, <a href=\"https:\/\/wazambaa.net\/\">wazamba<\/a> refleja la intensidad de tomar decisiones bajo presi\u00f3n y disfrutar de la recompensa inesperada.<\/p> \n\n<p>In the same way laboratories thrive on experimentation and bold trials, <a href=\"https:\/\/r2pbets.net\/\">r2pbet casino<\/a> embodies the thrill of testing strategies, where the balance between calculation and chance defines the outcome.<\/p> \n\n<p>Just as formulas evolve through testing and refinement, <a href=\"https:\/\/bubblesbet.me.uk\/\">bubblesbet casino<\/a> captures the spirit of playful risk-taking, where each decision carries the promise of discovery and excitement.<\/p> \n\n<p>Kuten kemialliset reaktiot vaativat tarkkuutta ja rohkeutta, <a href=\"https:\/\/lunubet-fi.fi\/\">lunubet<\/a> tuo esiin saman j\u00e4nnityksen, jossa harkittu riski ja odottamaton palkinto kulkevat k\u00e4si k\u00e4dess\u00e4 kohti uusia mahdollisuuksia.<\/p> \n\n<p>Wie die Chemie auf Pr\u00e4zision und Berechenbarkeit setzt, verdeutlicht <a href=\"https:\/\/bahigos.org\/\">https:\/\/bahigos.org\/<\/a>, wie kalkuliertes Risiko und klare Regeln den Weg zu stabilen und zuverl\u00e4ssigen Ergebnissen \u00f6ffnen.<\/p> \n\n<\/div> \t\t\t\t\t\t\t\t<\/div>\n\t\t\t\t<div class=\"elementor-element elementor-element-7ff5113 elementor-widget elementor-widget-sp-breadcrumbs\" data-id=\"7ff5113\" data-element_type=\"widget\" data-widget_type=\"sp-breadcrumbs.default\">\n\t\t\t\t<div class=\"elementor-widget-container\">\n\t\t\t\t\t<nav  aria-label=\"breadcrumb\"><ol class=\"breadcrumb\" itemscope itemtype=\"https:\/\/schema.org\/BreadcrumbList\"><li class=\"breadcrumb-item active\" aria-current=\"page\" itemprop=\"itemListElement\" itemscope itemtype=\"https:\/\/schema.org\/ListItem\"><span itemprop=\"name\">Spolchemie<\/span><meta itemprop=\"position\" content=\"1\"><\/li><\/ol><\/nav>\t\t\t\t<\/div>\n\t\t\t\t<\/div>\n\t\t\t\t<div class=\"elementor-element elementor-element-5b6de08b elementor-widget elementor-widget-heading\" data-id=\"5b6de08b\" data-element_type=\"widget\" data-widget_type=\"heading.default\">\n\t\t\t\t\t<h1 class=\"elementor-heading-title elementor-size-default\">Pro m\u00e9dia<\/h1>\t\t\t\t<\/div>\n\t\t\t\t\t<\/div>\n\t\t\t\t<\/div>\n\t\t\t\t\t<\/div>\n\t\t\t\t<\/div>\n\t\t<div class=\"elementor-element elementor-element-5947b95 e-flex e-con-boxed e-con e-parent\" data-id=\"5947b95\" data-element_type=\"container\" data-settings=\"{&quot;background_background&quot;:&quot;classic&quot;}\">\n\t\t\t\t\t<div class=\"e-con-inner\">\n\t\t<div class=\"elementor-element elementor-element-f6b96a6 e-flex e-con-boxed e-con e-child\" data-id=\"f6b96a6\" data-element_type=\"container\">\n\t\t\t\t\t<div class=\"e-con-inner\">\n\t\t<div class=\"elementor-element elementor-element-d277c2f e-flex e-con-boxed e-con e-child\" data-id=\"d277c2f\" data-element_type=\"container\">\n\t\t\t\t\t<div class=\"e-con-inner\">\n\t\t<div class=\"elementor-element elementor-element-ae65e09 e-con-full e-flex e-con e-child\" data-id=\"ae65e09\" data-element_type=\"container\">\n\t\t<div class=\"elementor-element elementor-element-c444c87 e-con-full e-flex e-con e-child\" data-id=\"c444c87\" data-element_type=\"container\">\n\t\t\t\t<div class=\"elementor-element elementor-element-811565d elementor-widget elementor-widget-heading\" data-id=\"811565d\" data-element_type=\"widget\" data-widget_type=\"heading.default\">\n\t\t\t\t\t<span class=\"elementor-heading-title elementor-size-default\">Jan Charv\u00e1t<\/span>\t\t\t\t<\/div>\n\t\t\t\t<\/div>\n\t\t<div class=\"elementor-element elementor-element-ff53cd7 e-con-full e-flex e-con e-child\" data-id=\"ff53cd7\" data-element_type=\"container\">\n\t\t\t\t<div class=\"elementor-element elementor-element-8c12bbe elementor-widget elementor-widget-heading\" data-id=\"8c12bbe\" data-element_type=\"widget\" data-widget_type=\"heading.default\">\n\t\t\t\t\t<span class=\"elementor-heading-title elementor-size-default\">tiskov\u00fd mluv\u010d\u00ed<\/span>\t\t\t\t<\/div>\n\t\t\t\t<\/div>\n\t\t<div class=\"elementor-element elementor-element-211bb2a e-con-full e-flex e-con e-child\" data-id=\"211bb2a\" data-element_type=\"container\">\n\t\t\t\t<div class=\"elementor-element elementor-element-095dcb4 elementor-widget elementor-widget-heading\" data-id=\"095dcb4\" data-element_type=\"widget\" data-widget_type=\"heading.default\">\n\t\t\t\t\t<span class=\"elementor-heading-title elementor-size-default\">+420 608 827 381<\/span>\t\t\t\t<\/div>\n\t\t\t\t<\/div>\n\t\t<div class=\"elementor-element elementor-element-4c294ec e-con-full e-flex e-con e-child\" data-id=\"4c294ec\" data-element_type=\"container\">\n\t\t\t\t<div class=\"elementor-element elementor-element-d844733 elementor-widget elementor-widget-heading\" data-id=\"d844733\" data-element_type=\"widget\" data-widget_type=\"heading.default\">\n\t\t\t\t\t<span class=\"elementor-heading-title elementor-size-default\">charvat@ccgpr.cz<\/span>\t\t\t\t<\/div>\n\t\t\t\t<\/div>\n\t\t\t\t<\/div>\n\t\t\t\t\t<\/div>\n\t\t\t\t<\/div>\n\t\t\t\t\t<\/div>\n\t\t\t\t<\/div>\n\t\t\t\t\t<\/div>\n\t\t\t\t<\/div>\n\t\t<div class=\"elementor-element elementor-element-1deb7245 e-flex e-con-boxed e-con e-parent\" data-id=\"1deb7245\" data-element_type=\"container\">\n\t\t\t\t\t<div class=\"e-con-inner\">\n\t\t<div class=\"elementor-element elementor-element-342cdf29 e-flex e-con-boxed e-con e-child\" data-id=\"342cdf29\" data-element_type=\"container\">\n\t\t\t\t\t<div class=\"e-con-inner\">\n\t\t\t\t<div class=\"elementor-element elementor-element-3d209135 elementor-widget elementor-widget-text-editor\" data-id=\"3d209135\" data-element_type=\"widget\" data-widget_type=\"text-editor.default\">\n\t\t\t\t\t\t\t\t\t<div id=\"block_7515\" class=\"page_block disable_bottom_margin_desktop disable_bottom_margin_mobile individual_font_size_1 text_align_left vertical_align_top special_image_vertical_align_top block_template_100\"><article class=\"block_template_100\"><div class=\"html\"><h2>SPOLCHEMIE logo<\/h2><\/div><\/article><\/div><div id=\"block_7519\" class=\"page_block individual_font_size_1 text_align_left vertical_align_top special_image_vertical_align_top block_template_201\"><article class=\"block_template_201\"><div class=\"html\"><ul><li><a href=\"\/wp-content\/uploads\/2023\/07\/spolchemie_cmyk-zakladni.jpg\" download=\"spolchemie_cmyk-zakladni.jpg\">Spolchemie Logo_z\u00e1kladn\u00ed<\/a>\u00a0(jpg, 832.72 kB)<\/li><li><a href=\"\/wp-content\/uploads\/2023\/07\/spolchemie_vertikal.jpg\" download=\"spolchemie_vertikal.jpg\">Spolchemie Logo_vertik\u00e1ln\u00ed<\/a>\u00a0(jpg, 795.47 kB)<\/li><\/ul><\/div><\/article><\/div><div id=\"block_7514\" class=\"page_block disable_bottom_margin_desktop disable_bottom_margin_mobile individual_font_size_1 text_align_left vertical_align_top special_image_vertical_align_top block_template_100\"><article class=\"block_template_100\"><div class=\"html\"><h2>\u00a0<\/h2><h2>Tiskov\u00e9 zpr\u00e1vy<\/h2><\/div><\/article><\/div><div id=\"block_7516\" class=\"page_block individual_font_size_1 text_align_left vertical_align_top special_image_vertical_align_top block_template_201\"><article class=\"block_template_201\"><div class=\"html\"><ul><li><a href=\"\/wp-content\/uploads\/2023\/07\/13-2-2021_spolchemie-slavi-165-vyroci-vzniku.docx\" download=\"13-2-2021_spolchemie-slavi-165-vyroci-vzniku.docx\">TZ_Spolchemie slav\u00ed ji\u017e 165 let od sv\u00e9ho vzniku<\/a>\u00a0(docx, 139.62 kB)<\/li><\/ul><\/div><\/article><\/div>\t\t\t\t\t\t\t\t<\/div>\n\t\t\t\t\t<\/div>\n\t\t\t\t<\/div>\n\t\t\t\t\t<\/div>\n\t\t\t\t<\/div>\n\t\t\t\t<\/div>\n\t\t","protected":false},"excerpt":{"rendered":"<p>Net zoals chemische processen het juiste evenwicht vereisen, laat betsixty zien hoe berekende risico\u2019s in spel en wetenschap kunnen leiden tot resultaten die zowel spannend als duurzaam zijn. Al igual que en la qu\u00edmica, donde un peque\u00f1o cambio puede transformar un resultado, wazamba refleja la intensidad de tomar decisiones bajo presi\u00f3n y disfrutar de la [&hellip;]<\/p>\n","protected":false},"author":1,"featured_media":0,"parent":2380,"menu_order":0,"comment_status":"closed","ping_status":"closed","template":"","meta":{"_acf_changed":false,"_seopress_robots_primary_cat":"","_seopress_titles_title":"","_seopress_titles_desc":"","_seopress_robots_index":"","footnotes":"","_links_to":"","_links_to_target":""},"class_list":["post-2394","page","type-page","status-publish","hentry"],"acf":[],"_links":{"self":[{"href":"https:\/\/www.spolchemie.cz\/cs\/wp-json\/wp\/v2\/pages\/2394","targetHints":{"allow":["GET"]}}],"collection":[{"href":"https:\/\/www.spolchemie.cz\/cs\/wp-json\/wp\/v2\/pages"}],"about":[{"href":"https:\/\/www.spolchemie.cz\/cs\/wp-json\/wp\/v2\/types\/page"}],"author":[{"embeddable":true,"href":"https:\/\/www.spolchemie.cz\/cs\/wp-json\/wp\/v2\/users\/1"}],"replies":[{"embeddable":true,"href":"https:\/\/www.spolchemie.cz\/cs\/wp-json\/wp\/v2\/comments?post=2394"}],"version-history":[{"count":9,"href":"https:\/\/www.spolchemie.cz\/cs\/wp-json\/wp\/v2\/pages\/2394\/revisions"}],"predecessor-version":[{"id":103519,"href":"https:\/\/www.spolchemie.cz\/cs\/wp-json\/wp\/v2\/pages\/2394\/revisions\/103519"}],"up":[{"embeddable":true,"href":"https:\/\/www.spolchemie.cz\/cs\/wp-json\/wp\/v2\/pages\/2380"}],"wp:attachment":[{"href":"https:\/\/www.spolchemie.cz\/cs\/wp-json\/wp\/v2\/media?parent=2394"}],"curies":[{"name":"wp","href":"https:\/\/api.w.org\/{rel}","templated":true}]}}