{"id":2797,"date":"2023-07-19T14:10:48","date_gmt":"2023-07-19T12:10:48","guid":{"rendered":"https:\/\/www.spolchemie.cz\/?page_id=2797"},"modified":"2025-11-21T11:38:53","modified_gmt":"2025-11-21T10:38:53","slug":"portfolio","status":"publish","type":"page","link":"https:\/\/www.spolchemie.cz\/cs\/vyrobky\/portfolio\/","title":{"rendered":"Portfolio"},"content":{"rendered":"\t\t<div data-elementor-type=\"wp-page\" data-elementor-id=\"2797\" class=\"elementor elementor-2797\" data-elementor-post-type=\"page\">\n\t\t\t\t<div data-dce-background-image-url=\"https:\/\/www.spolchemie.cz\/wp-content\/uploads\/2023\/03\/show-image-9-1.jpg\" class=\"elementor-element elementor-element-13d556e e-con-full e-flex e-con e-parent\" data-id=\"13d556e\" data-element_type=\"container\" data-settings=\"{&quot;background_background&quot;:&quot;classic&quot;}\">\n\t\t\t\t<\/div>\n\t\t<div class=\"elementor-element elementor-element-954dec9 e-flex e-con-boxed e-con e-parent\" data-id=\"954dec9\" data-element_type=\"container\" data-settings=\"{&quot;background_background&quot;:&quot;classic&quot;}\">\n\t\t\t\t\t<div class=\"e-con-inner\">\n\t\t<div class=\"elementor-element elementor-element-85c913b e-flex e-con-boxed e-con e-child\" data-id=\"85c913b\" data-element_type=\"container\">\n\t\t\t\t\t<div class=\"e-con-inner\">\n\t\t\t\t<div class=\"elementor-element elementor-element-6ac3c0f elementor-widget elementor-widget-sp-breadcrumbs\" data-id=\"6ac3c0f\" data-element_type=\"widget\" data-widget_type=\"sp-breadcrumbs.default\">\n\t\t\t\t<div class=\"elementor-widget-container\">\n\t\t\t\t\t<nav  aria-label=\"breadcrumb\"><ol class=\"breadcrumb\" itemscope itemtype=\"https:\/\/schema.org\/BreadcrumbList\"><li class=\"breadcrumb-item active\" aria-current=\"page\" itemprop=\"itemListElement\" itemscope itemtype=\"https:\/\/schema.org\/ListItem\"><span itemprop=\"name\">Spolchemie<\/span><meta itemprop=\"position\" content=\"1\"><\/li><\/ol><\/nav>\t\t\t\t<\/div>\n\t\t\t\t<\/div>\n\t\t\t\t<div class=\"elementor-element elementor-element-b33f70b elementor-widget elementor-widget-heading\" data-id=\"b33f70b\" data-element_type=\"widget\" data-widget_type=\"heading.default\">\n\t\t\t\t\t<h1 class=\"elementor-heading-title elementor-size-default\">Portfolio<\/h1>\t\t\t\t<\/div>\n\t\t\t\t<div class=\"elementor-element elementor-element-38cc186 elementor-widget elementor-widget-dce-rawphp\" data-id=\"38cc186\" data-element_type=\"widget\" data-widget_type=\"dce-rawphp.default\">\n\t\t\t\t<div class=\"elementor-widget-container\">\n\t\t\t\t\t<!-- Dynamic PHP Raw --><ul class=\"forti-subcat-list\"><li class=\"forti-subcat-list__child\"><a href=\"https:\/\/www.spolchemie.cz\/cs\/kategorie\/epoxidove-pryskyrice\/\">Epoxidov\u00e9 prysky\u0159ice<\/a><\/li><li class=\"forti-subcat-list__child\"><a href=\"https:\/\/www.spolchemie.cz\/cs\/kategorie\/specialni-epoxidove-systemy\/\">Speci\u00e1ln\u00ed epoxidov\u00e9 syst\u00e9my<\/a><\/li><li class=\"forti-subcat-list__child\"><a href=\"https:\/\/www.spolchemie.cz\/cs\/kategorie\/alkydove-pryskyrice\/\">Alkydov\u00e9 prysky\u0159ice<\/a><\/li><li class=\"forti-subcat-list__child\"><a href=\"https:\/\/www.spolchemie.cz\/cs\/kategorie\/hydroxidy\/\">Hydroxidy<\/a><\/li><li class=\"forti-subcat-list__child\"><a href=\"https:\/\/www.spolchemie.cz\/cs\/kategorie\/chlorove-derivaty-ostatni\/\">Chlorov\u00e9 deriv\u00e1ty &amp; ostatn\u00ed<\/a><\/li><\/ul>\t\t\t\t<\/div>\n\t\t\t\t<\/div>\n\t\t\t\t\t<\/div>\n\t\t\t\t<\/div>\n\t\t\t\t\t<\/div>\n\t\t\t\t<\/div>\n\t\t<div data-dce-background-image-url=\"https:\/\/www.spolchemie.cz\/wp-content\/uploads\/2023\/03\/show-image-13.jpg\" class=\"elementor-element elementor-element-5b57cd8 e-flex e-con-boxed e-con e-parent\" data-id=\"5b57cd8\" data-element_type=\"container\" data-settings=\"{&quot;background_background&quot;:&quot;classic&quot;}\">\n\t\t\t\t\t<div class=\"e-con-inner\">\n\t\t<div class=\"elementor-element elementor-element-b50b4ca e-flex e-con-boxed e-con e-child\" data-id=\"b50b4ca\" data-element_type=\"container\">\n\t\t\t\t\t<div class=\"e-con-inner\">\n\t\t\t\t<div class=\"elementor-element elementor-element-0434abd elementor-widget elementor-widget-text-editor\" data-id=\"0434abd\" data-element_type=\"widget\" data-widget_type=\"text-editor.default\">\n\t\t\t\t\t\t\t\t\t<p><strong>Ucelenou nab\u00eddku produkt\u016f naleznete tak\u00e9 v <a href=\"https:\/\/www.spolchemie.cz\/wp-content\/uploads\/2025\/03\/SPOLCHEMIE_Product-Catalogue_en_2025_03_final_web.pdf\"><span style=\"text-decoration: underline;\">produktov\u00e9m katalogu (PDF)<\/span><\/a>.<\/strong><\/p>\t\t\t\t\t\t\t\t<\/div>\n\t\t\t\t<div class=\"elementor-element elementor-element-66833da elementor-widget elementor-widget-text-editor\" data-id=\"66833da\" data-element_type=\"widget\" data-widget_type=\"text-editor.default\">\n\t\t\t\t\t\t\t\t\t<p>Pokud po\u017eadujete podrobn\u00e9 informace o v\u00fdrobc\u00edch, nev\u00e1hejte n\u00e1s <a href=\"mailto:resins@spolchemie.cz\"><strong><span style=\"text-decoration: underline;\">kontaktovat<\/span><\/strong><\/a>.<\/p>\t\t\t\t\t\t\t\t<\/div>\n\t\t\t\t\t<\/div>\n\t\t\t\t<\/div>\n\t\t\t\t\t<\/div>\n\t\t\t\t<\/div>\n\t\t<div data-dce-background-image-url=\"https:\/\/www.spolchemie.cz\/wp-content\/uploads\/2023\/07\/show-image-13.jpg\" class=\"elementor-element elementor-element-2f8d7dd elementor-hidden-desktop elementor-hidden-tablet elementor-hidden-mobile e-flex e-con-boxed e-con e-parent\" data-id=\"2f8d7dd\" data-element_type=\"container\" data-settings=\"{&quot;background_background&quot;:&quot;classic&quot;}\">\n\t\t\t\t\t<div class=\"e-con-inner\">\n\t\t<div class=\"elementor-element elementor-element-7cfd215 e-flex e-con-boxed e-con e-child\" data-id=\"7cfd215\" data-element_type=\"container\">\n\t\t\t\t\t<div class=\"e-con-inner\">\n\t\t\t\t<div class=\"elementor-element elementor-element-d56ac18 elementor-widget elementor-widget-text-editor\" data-id=\"d56ac18\" data-element_type=\"widget\" data-widget_type=\"text-editor.default\">\n\t\t\t\t\t\t\t\t\t<p>Pokud po\u017eadujete podrobn\u00e9 informace o v\u00fdrobc\u00edch, nev\u00e1hejte n\u00e1s <a href=\"\/kontakt\/\"><strong><span style=\"text-decoration: underline;\">kontaktovat<\/span><\/strong><\/a>.<\/p>\t\t\t\t\t\t\t\t<\/div>\n\t\t\t\t\t<\/div>\n\t\t\t\t<\/div>\n\t\t\t\t\t<\/div>\n\t\t\t\t<\/div>\n\t\t\t\t<\/div>\n\t\t","protected":false},"excerpt":{"rendered":"<p>Spolchemie Alkyd Resins Chlorine Derivatives &amp; Others Epoxy Resins Hydroxides Specialty Epoxy Resin Systems Ucelenou nab\u00eddku produkt\u016f naleznete tak\u00e9 v produktov\u00e9m katalogu (PDF). Pokud po\u017eadujete podrobn\u00e9 informace o v\u00fdrobc\u00edch, nev\u00e1hejte n\u00e1s kontaktovat. Pokud po\u017eadujete podrobn\u00e9 informace o v\u00fdrobc\u00edch, nev\u00e1hejte n\u00e1s kontaktovat.<\/p>\n","protected":false},"author":1,"featured_media":0,"parent":311,"menu_order":0,"comment_status":"closed","ping_status":"closed","template":"","meta":{"_acf_changed":false,"_seopress_robots_primary_cat":"","_seopress_titles_title":"","_seopress_titles_desc":"","_seopress_robots_index":"","footnotes":"","_links_to":"","_links_to_target":""},"class_list":["post-2797","page","type-page","status-publish","hentry"],"acf":[],"_links":{"self":[{"href":"https:\/\/www.spolchemie.cz\/cs\/wp-json\/wp\/v2\/pages\/2797","targetHints":{"allow":["GET"]}}],"collection":[{"href":"https:\/\/www.spolchemie.cz\/cs\/wp-json\/wp\/v2\/pages"}],"about":[{"href":"https:\/\/www.spolchemie.cz\/cs\/wp-json\/wp\/v2\/types\/page"}],"author":[{"embeddable":true,"href":"https:\/\/www.spolchemie.cz\/cs\/wp-json\/wp\/v2\/users\/1"}],"replies":[{"embeddable":true,"href":"https:\/\/www.spolchemie.cz\/cs\/wp-json\/wp\/v2\/comments?post=2797"}],"version-history":[{"count":5,"href":"https:\/\/www.spolchemie.cz\/cs\/wp-json\/wp\/v2\/pages\/2797\/revisions"}],"predecessor-version":[{"id":109838,"href":"https:\/\/www.spolchemie.cz\/cs\/wp-json\/wp\/v2\/pages\/2797\/revisions\/109838"}],"up":[{"embeddable":true,"href":"https:\/\/www.spolchemie.cz\/cs\/wp-json\/wp\/v2\/pages\/311"}],"wp:attachment":[{"href":"https:\/\/www.spolchemie.cz\/cs\/wp-json\/wp\/v2\/media?parent=2797"}],"curies":[{"name":"wp","href":"https:\/\/api.w.org\/{rel}","templated":true}]}}