{"id":2799,"date":"2023-07-19T14:11:08","date_gmt":"2023-07-19T12:11:08","guid":{"rendered":"https:\/\/www.spolchemie.cz\/?page_id=2799"},"modified":"2025-11-21T11:43:20","modified_gmt":"2025-11-21T10:43:20","slug":"aplikace","status":"publish","type":"page","link":"https:\/\/www.spolchemie.cz\/cs\/vyrobky\/aplikace\/","title":{"rendered":"Aplikace"},"content":{"rendered":"\t\t<div data-elementor-type=\"wp-page\" data-elementor-id=\"2799\" class=\"elementor elementor-2799\" data-elementor-post-type=\"page\">\n\t\t\t\t<div data-dce-background-image-url=\"https:\/\/www.spolchemie.cz\/wp-content\/uploads\/2023\/03\/show-image-9-1.jpg\" class=\"elementor-element elementor-element-db3e811 e-con-full e-flex e-con e-parent\" data-id=\"db3e811\" data-element_type=\"container\" data-settings=\"{&quot;background_background&quot;:&quot;classic&quot;}\">\n\t\t\t\t<\/div>\n\t\t<div class=\"elementor-element elementor-element-744d2b5 e-flex e-con-boxed e-con e-parent\" data-id=\"744d2b5\" data-element_type=\"container\" data-settings=\"{&quot;background_background&quot;:&quot;classic&quot;}\">\n\t\t\t\t\t<div class=\"e-con-inner\">\n\t\t<div class=\"elementor-element elementor-element-ea5a473 e-flex e-con-boxed e-con e-child\" data-id=\"ea5a473\" data-element_type=\"container\">\n\t\t\t\t\t<div class=\"e-con-inner\">\n\t\t\t\t<div class=\"elementor-element elementor-element-f989eec elementor-widget elementor-widget-sp-breadcrumbs\" data-id=\"f989eec\" data-element_type=\"widget\" data-widget_type=\"sp-breadcrumbs.default\">\n\t\t\t\t<div class=\"elementor-widget-container\">\n\t\t\t\t\t<nav  aria-label=\"breadcrumb\"><ol class=\"breadcrumb\" itemscope itemtype=\"https:\/\/schema.org\/BreadcrumbList\"><li class=\"breadcrumb-item active\" aria-current=\"page\" itemprop=\"itemListElement\" itemscope itemtype=\"https:\/\/schema.org\/ListItem\"><span itemprop=\"name\">Spolchemie<\/span><meta itemprop=\"position\" content=\"1\"><\/li><\/ol><\/nav>\t\t\t\t<\/div>\n\t\t\t\t<\/div>\n\t\t\t\t<div class=\"elementor-element elementor-element-cc266fb elementor-widget elementor-widget-heading\" data-id=\"cc266fb\" data-element_type=\"widget\" data-widget_type=\"heading.default\">\n\t\t\t\t\t<h1 class=\"elementor-heading-title elementor-size-default\">Aplikace<\/h1>\t\t\t\t<\/div>\n\t\t\t\t<div class=\"elementor-element elementor-element-c6f7cf1 elementor-widget elementor-widget-dce-rawphp\" data-id=\"c6f7cf1\" data-element_type=\"widget\" data-widget_type=\"dce-rawphp.default\">\n\t\t\t\t<div class=\"elementor-widget-container\">\n\t\t\t\t\t<!-- Dynamic PHP Raw --><ul class=\"forti-subcat-list\"><li class=\"forti-subcat-list__child\"><a href=\"https:\/\/www.spolchemie.cz\/cs\/aplikace\/chemicky-prumysl\/\">Chemick\u00fd pr\u016fmysl<\/a><\/li><li class=\"forti-subcat-list__child\"><a href=\"https:\/\/www.spolchemie.cz\/cs\/aplikace\/doprava\/\">Doprava<\/a><\/li><li class=\"forti-subcat-list__child\"><a href=\"https:\/\/www.spolchemie.cz\/cs\/aplikace\/elektro-elektronika\/\">Elektro &amp; elektronika<\/a><\/li><li class=\"forti-subcat-list__child\"><a href=\"https:\/\/www.spolchemie.cz\/cs\/aplikace\/farmacie-potravinarstvi-cistici-prostredky\/\">Farmacie, potravin\u00e1\u0159stv\u00ed &amp; \u010dist\u00edc\u00ed prost\u0159edky<\/a><\/li><li class=\"forti-subcat-list__child\"><a href=\"https:\/\/www.spolchemie.cz\/cs\/aplikace\/naterove-hmoty\/\">N\u00e1t\u011brov\u00e9 hmoty<\/a><\/li><li class=\"forti-subcat-list__child\"><a href=\"https:\/\/www.spolchemie.cz\/cs\/aplikace\/papirenstvi-zemedelstvi-synteticka-vlakna\/\">Pap\u00edrenstv\u00ed, zem\u011bd\u011blstv\u00ed &amp; syntetick\u00e1 vl\u00e1kna<\/a><\/li><li class=\"forti-subcat-list__child\"><a href=\"https:\/\/www.spolchemie.cz\/cs\/aplikace\/stavebnictvi-podlahoviny\/\">Stavebnictv\u00ed &amp; podlahoviny<\/a><\/li><li class=\"forti-subcat-list__child\"><a href=\"https:\/\/www.spolchemie.cz\/cs\/aplikace\/vetrne-elektrarny\/\">V\u011btrn\u00e9 elektr\u00e1rny<\/a><\/li><\/ul>\t\t\t\t<\/div>\n\t\t\t\t<\/div>\n\t\t\t\t\t<\/div>\n\t\t\t\t<\/div>\n\t\t\t\t\t<\/div>\n\t\t\t\t<\/div>\n\t\t<div data-dce-background-image-url=\"https:\/\/www.spolchemie.cz\/wp-content\/uploads\/2023\/07\/show-image-13.jpg\" class=\"elementor-element elementor-element-329b7aa e-flex e-con-boxed e-con e-parent\" data-id=\"329b7aa\" data-element_type=\"container\" data-settings=\"{&quot;background_background&quot;:&quot;classic&quot;}\">\n\t\t\t\t\t<div class=\"e-con-inner\">\n\t\t<div class=\"elementor-element elementor-element-283cbd7 e-flex e-con-boxed e-con e-child\" data-id=\"283cbd7\" data-element_type=\"container\">\n\t\t\t\t\t<div class=\"e-con-inner\">\n\t\t\t\t<div class=\"elementor-element elementor-element-9ccc931 elementor-widget elementor-widget-text-editor\" data-id=\"9ccc931\" data-element_type=\"widget\" data-widget_type=\"text-editor.default\">\n\t\t\t\t\t\t\t\t\t<p>Pokud po\u017eadujete podrobn\u00e9 informace o v\u00fdrobc\u00edch, nev\u00e1hejte n\u00e1s <a href=\"\/kontakt\/\"><strong><span style=\"text-decoration: underline;\">kontaktovat<\/span><\/strong><\/a>.<\/p>\t\t\t\t\t\t\t\t<\/div>\n\t\t\t\t\t<\/div>\n\t\t\t\t<\/div>\n\t\t\t\t\t<\/div>\n\t\t\t\t<\/div>\n\t\t\t\t<\/div>\n\t\t","protected":false},"excerpt":{"rendered":"<p>Spolchemie Chemical Industry Coatings Construction &amp; Flooring Electro &amp; Electronics Paper Industry, Agriculture &amp; Synthetic Fibres Pharmaceuticals, Food &amp; Cleaning Products Transport Wind Power Plants Pokud po\u017eadujete podrobn\u00e9 informace o v\u00fdrobc\u00edch, nev\u00e1hejte n\u00e1s kontaktovat.<\/p>\n","protected":false},"author":1,"featured_media":0,"parent":311,"menu_order":0,"comment_status":"closed","ping_status":"closed","template":"","meta":{"_acf_changed":false,"_seopress_robots_primary_cat":"","_seopress_titles_title":"","_seopress_titles_desc":"","_seopress_robots_index":"","footnotes":"","_links_to":"","_links_to_target":""},"class_list":["post-2799","page","type-page","status-publish","hentry"],"acf":[],"_links":{"self":[{"href":"https:\/\/www.spolchemie.cz\/cs\/wp-json\/wp\/v2\/pages\/2799","targetHints":{"allow":["GET"]}}],"collection":[{"href":"https:\/\/www.spolchemie.cz\/cs\/wp-json\/wp\/v2\/pages"}],"about":[{"href":"https:\/\/www.spolchemie.cz\/cs\/wp-json\/wp\/v2\/types\/page"}],"author":[{"embeddable":true,"href":"https:\/\/www.spolchemie.cz\/cs\/wp-json\/wp\/v2\/users\/1"}],"replies":[{"embeddable":true,"href":"https:\/\/www.spolchemie.cz\/cs\/wp-json\/wp\/v2\/comments?post=2799"}],"version-history":[{"count":5,"href":"https:\/\/www.spolchemie.cz\/cs\/wp-json\/wp\/v2\/pages\/2799\/revisions"}],"predecessor-version":[{"id":109841,"href":"https:\/\/www.spolchemie.cz\/cs\/wp-json\/wp\/v2\/pages\/2799\/revisions\/109841"}],"up":[{"embeddable":true,"href":"https:\/\/www.spolchemie.cz\/cs\/wp-json\/wp\/v2\/pages\/311"}],"wp:attachment":[{"href":"https:\/\/www.spolchemie.cz\/cs\/wp-json\/wp\/v2\/media?parent=2799"}],"curies":[{"name":"wp","href":"https:\/\/api.w.org\/{rel}","templated":true}]}}