{"id":311,"date":"2023-03-29T10:27:47","date_gmt":"2023-03-29T08:27:47","guid":{"rendered":"https:\/\/www.spolchemie.cz\/?page_id=311"},"modified":"2025-03-20T08:50:33","modified_gmt":"2025-03-20T07:50:33","slug":"vyrobky","status":"publish","type":"page","link":"https:\/\/www.spolchemie.cz\/cs\/vyrobky\/","title":{"rendered":"V\u00fdrobky"},"content":{"rendered":"\t\t<div data-elementor-type=\"wp-page\" data-elementor-id=\"311\" class=\"elementor elementor-311\" data-elementor-post-type=\"page\">\n\t\t\t\t<div data-dce-background-image-url=\"https:\/\/www.spolchemie.cz\/wp-content\/uploads\/2023\/03\/show-image-9-1.jpg\" class=\"elementor-element elementor-element-50d1eb28 e-con-full e-flex e-con e-parent\" data-id=\"50d1eb28\" data-element_type=\"container\" data-settings=\"{&quot;background_background&quot;:&quot;classic&quot;}\">\n\t\t\t\t<\/div>\n\t\t<div class=\"elementor-element elementor-element-b23ddae e-flex e-con-boxed e-con e-parent\" data-id=\"b23ddae\" data-element_type=\"container\" data-settings=\"{&quot;background_background&quot;:&quot;classic&quot;}\">\n\t\t\t\t\t<div class=\"e-con-inner\">\n\t\t<div class=\"elementor-element elementor-element-5eddedfb e-flex e-con-boxed e-con e-child\" data-id=\"5eddedfb\" data-element_type=\"container\">\n\t\t\t\t\t<div class=\"e-con-inner\">\n\t\t\t\t<div class=\"elementor-element elementor-element-13e2570a elementor-widget elementor-widget-sp-breadcrumbs\" data-id=\"13e2570a\" data-element_type=\"widget\" data-widget_type=\"sp-breadcrumbs.default\">\n\t\t\t\t<div class=\"elementor-widget-container\">\n\t\t\t\t\t<nav  aria-label=\"breadcrumb\"><ol class=\"breadcrumb\" itemscope itemtype=\"https:\/\/schema.org\/BreadcrumbList\"><li class=\"breadcrumb-item active\" aria-current=\"page\" itemprop=\"itemListElement\" itemscope itemtype=\"https:\/\/schema.org\/ListItem\"><span itemprop=\"name\">Spolchemie<\/span><meta itemprop=\"position\" content=\"1\"><\/li><\/ol><\/nav>\t\t\t\t<\/div>\n\t\t\t\t<\/div>\n\t\t\t\t<div class=\"elementor-element elementor-element-5f27ffaf elementor-widget elementor-widget-heading\" data-id=\"5f27ffaf\" data-element_type=\"widget\" data-widget_type=\"heading.default\">\n\t\t\t\t\t<h1 class=\"elementor-heading-title elementor-size-default\">V\u00fdrobky<\/h1>\t\t\t\t<\/div>\n\t\t\t\t<div class=\"elementor-element elementor-element-b89ae04 elementor-widget elementor-widget-text-editor\" data-id=\"b89ae04\" data-element_type=\"widget\" data-widget_type=\"text-editor.default\">\n\t\t\t\t\t\t\t\t\t<p>SPOLCHEMIE je ryze \u010deskou chemickou firmou evropsk\u00e9ho v\u00fdznamu.<\/p><p><strong>Od roku 1856 nep\u0159etr\u017eit\u011b inovujeme, vyr\u00e1b\u00edme a vyv\u00e1\u017e\u00edme vysoce kvalitn\u00ed chemick\u00e9 produkty do cel\u00e9ho sv\u011bta.\u00a0<\/strong><\/p>\t\t\t\t\t\t\t\t<\/div>\n\t\t\t\t\t<\/div>\n\t\t\t\t<\/div>\n\t\t\t\t\t<\/div>\n\t\t\t\t<\/div>\n\t\t<div class=\"elementor-element elementor-element-987f5de e-flex e-con-boxed e-con e-parent\" data-id=\"987f5de\" data-element_type=\"container\" id=\"portfolio\" data-settings=\"{&quot;background_background&quot;:&quot;gradient&quot;}\">\n\t\t\t\t\t<div class=\"e-con-inner\">\n\t\t<div class=\"elementor-element elementor-element-0f408ca e-flex e-con-boxed e-con e-child\" data-id=\"0f408ca\" data-element_type=\"container\">\n\t\t\t\t\t<div class=\"e-con-inner\">\n\t\t\t\t<div class=\"elementor-element elementor-element-1d3f331 elementor-widget elementor-widget-heading\" data-id=\"1d3f331\" data-element_type=\"widget\" data-widget_type=\"heading.default\">\n\t\t\t\t\t<h2 class=\"elementor-heading-title elementor-size-default\">PRODUKTOV\u00c9 PORTFOLIO<\/h2>\t\t\t\t<\/div>\n\t\t\t\t<div class=\"elementor-element elementor-element-4ec5683 elementor-widget elementor-widget-shortcode\" data-id=\"4ec5683\" data-element_type=\"widget\" data-widget_type=\"shortcode.default\">\n\t\t\t\t\t<ul class=\"custom-taxonomy-list\"><li class=\"custom-taxonomy-list__child\"><a href=\"https:\/\/www.spolchemie.cz\/cs\/kategorie\/epoxidove-pryskyrice\/\">Epoxidov\u00e9 prysky\u0159ice<\/a><\/li><li class=\"custom-taxonomy-list__child\"><a href=\"https:\/\/www.spolchemie.cz\/cs\/kategorie\/specialni-epoxidove-systemy\/\">Speci\u00e1ln\u00ed epoxidov\u00e9 syst\u00e9my<\/a><\/li><li class=\"custom-taxonomy-list__child\"><a href=\"https:\/\/www.spolchemie.cz\/cs\/kategorie\/alkydove-pryskyrice\/\">Alkydov\u00e9 prysky\u0159ice<\/a><\/li><li class=\"custom-taxonomy-list__child\"><a href=\"https:\/\/www.spolchemie.cz\/cs\/kategorie\/hydroxidy\/\">Hydroxidy<\/a><\/li><li class=\"custom-taxonomy-list__child\"><a href=\"https:\/\/www.spolchemie.cz\/cs\/kategorie\/chlorove-derivaty-ostatni\/\">Chlorov\u00e9 deriv\u00e1ty &amp; ostatn\u00ed<\/a><\/li><\/ul>\t\t<div class=\"elementor-shortcode\"><\/div>\n\t\t\t\t\t\t<\/div>\n\t\t\t\t\t<\/div>\n\t\t\t\t<\/div>\n\t\t<div class=\"elementor-element elementor-element-f4d3f97 e-flex e-con-boxed e-con e-child\" data-id=\"f4d3f97\" data-element_type=\"container\" id=\"add-mask\">\n\t\t\t\t\t<div class=\"e-con-inner\">\n\t\t\t\t<div class=\"elementor-element elementor-element-c52f8ec elementor-widget elementor-widget-image\" data-id=\"c52f8ec\" data-element_type=\"widget\" data-widget_type=\"image.default\">\n\t\t\t\t\t\t\t\t\t\t\t\t\t\t\t<img fetchpriority=\"high\" decoding=\"async\" width=\"800\" height=\"447\" src=\"https:\/\/www.spolchemie.cz\/wp-content\/uploads\/2023\/03\/show-image-10.jpg\" class=\"attachment-large size-large wp-image-318\" alt=\"\" srcset=\"https:\/\/www.spolchemie.cz\/wp-content\/uploads\/2023\/03\/show-image-10.jpg 999w, https:\/\/www.spolchemie.cz\/wp-content\/uploads\/2023\/03\/show-image-10-300x168.jpg 300w, https:\/\/www.spolchemie.cz\/wp-content\/uploads\/2023\/03\/show-image-10-768x429.jpg 768w\" sizes=\"(max-width: 800px) 100vw, 800px\" \/>\t\t\t\t\t\t\t\t\t\t\t\t\t\t\t<\/div>\n\t\t\t\t\t<\/div>\n\t\t\t\t<\/div>\n\t\t\t\t\t<\/div>\n\t\t\t\t<\/div>\n\t\t<div class=\"elementor-element elementor-element-7933203a e-flex e-con-boxed e-con e-parent\" data-id=\"7933203a\" data-element_type=\"container\" id=\"aplikace\" data-settings=\"{&quot;background_background&quot;:&quot;gradient&quot;}\">\n\t\t\t\t\t<div class=\"e-con-inner\">\n\t\t<div class=\"elementor-element elementor-element-44ab6be9 e-flex e-con-boxed e-con e-child\" data-id=\"44ab6be9\" data-element_type=\"container\">\n\t\t\t\t\t<div class=\"e-con-inner\">\n\t\t\t\t<div class=\"elementor-element elementor-element-16d959b7 elementor-widget elementor-widget-heading\" data-id=\"16d959b7\" data-element_type=\"widget\" data-widget_type=\"heading.default\">\n\t\t\t\t\t<h2 class=\"elementor-heading-title elementor-size-default\">APLIKACE<\/h2>\t\t\t\t<\/div>\n\t\t\t\t<div class=\"elementor-element elementor-element-87095c7 elementor-widget elementor-widget-shortcode\" data-id=\"87095c7\" data-element_type=\"widget\" data-widget_type=\"shortcode.default\">\n\t\t\t\t\t<ul class=\"custom-taxonomy-list\"><li class=\"custom-taxonomy-list__child\"><a href=\"https:\/\/www.spolchemie.cz\/cs\/aplikace\/chemicky-prumysl\/\">Chemick\u00fd pr\u016fmysl<\/a><\/li><li class=\"custom-taxonomy-list__child\"><a href=\"https:\/\/www.spolchemie.cz\/cs\/aplikace\/doprava\/\">Doprava<\/a><\/li><li class=\"custom-taxonomy-list__child\"><a href=\"https:\/\/www.spolchemie.cz\/cs\/aplikace\/elektro-elektronika\/\">Elektro &amp; elektronika<\/a><\/li><li class=\"custom-taxonomy-list__child\"><a href=\"https:\/\/www.spolchemie.cz\/cs\/aplikace\/farmacie-potravinarstvi-cistici-prostredky\/\">Farmacie, potravin\u00e1\u0159stv\u00ed &amp; \u010dist\u00edc\u00ed prost\u0159edky<\/a><\/li><li class=\"custom-taxonomy-list__child\"><a href=\"https:\/\/www.spolchemie.cz\/cs\/aplikace\/naterove-hmoty\/\">N\u00e1t\u011brov\u00e9 hmoty<\/a><\/li><li class=\"custom-taxonomy-list__child\"><a href=\"https:\/\/www.spolchemie.cz\/cs\/aplikace\/papirenstvi-zemedelstvi-synteticka-vlakna\/\">Pap\u00edrenstv\u00ed, zem\u011bd\u011blstv\u00ed &amp; syntetick\u00e1 vl\u00e1kna<\/a><\/li><li class=\"custom-taxonomy-list__child\"><a href=\"https:\/\/www.spolchemie.cz\/cs\/aplikace\/stavebnictvi-podlahoviny\/\">Stavebnictv\u00ed &amp; podlahoviny<\/a><\/li><li class=\"custom-taxonomy-list__child\"><a href=\"https:\/\/www.spolchemie.cz\/cs\/aplikace\/vetrne-elektrarny\/\">V\u011btrn\u00e9 elektr\u00e1rny<\/a><\/li><\/ul>\t\t<div class=\"elementor-shortcode\"><\/div>\n\t\t\t\t\t\t<\/div>\n\t\t\t\t\t<\/div>\n\t\t\t\t<\/div>\n\t\t<div class=\"elementor-element elementor-element-331993b5 e-flex e-con-boxed e-con e-child\" data-id=\"331993b5\" data-element_type=\"container\">\n\t\t\t\t\t<div class=\"e-con-inner\">\n\t\t\t\t<div class=\"elementor-element elementor-element-5f93ba61 elementor-widget elementor-widget-image\" data-id=\"5f93ba61\" data-element_type=\"widget\" id=\"add-mask-left\" data-widget_type=\"image.default\">\n\t\t\t\t\t\t\t\t\t\t\t\t\t\t\t<img decoding=\"async\" width=\"800\" height=\"447\" src=\"https:\/\/www.spolchemie.cz\/wp-content\/uploads\/2023\/03\/show-image-11.jpg\" class=\"attachment-large size-large wp-image-327\" alt=\"\" srcset=\"https:\/\/www.spolchemie.cz\/wp-content\/uploads\/2023\/03\/show-image-11.jpg 999w, https:\/\/www.spolchemie.cz\/wp-content\/uploads\/2023\/03\/show-image-11-300x168.jpg 300w, https:\/\/www.spolchemie.cz\/wp-content\/uploads\/2023\/03\/show-image-11-768x429.jpg 768w\" sizes=\"(max-width: 800px) 100vw, 800px\" \/>\t\t\t\t\t\t\t\t\t\t\t\t\t\t\t<\/div>\n\t\t\t\t\t<\/div>\n\t\t\t\t<\/div>\n\t\t\t\t\t<\/div>\n\t\t\t\t<\/div>\n\t\t<div class=\"elementor-element elementor-element-2ee3ee9 e-flex e-con-boxed e-con e-parent\" data-id=\"2ee3ee9\" data-element_type=\"container\" data-settings=\"{&quot;background_background&quot;:&quot;gradient&quot;}\">\n\t\t\t\t\t<div class=\"e-con-inner\">\n\t\t<div class=\"elementor-element elementor-element-608e95cd e-flex e-con-boxed e-con e-child\" data-id=\"608e95cd\" data-element_type=\"container\">\n\t\t\t\t\t<div class=\"e-con-inner\">\n\t\t\t\t<div class=\"elementor-element elementor-element-455d1006 elementor-widget elementor-widget-heading\" data-id=\"455d1006\" data-element_type=\"widget\" data-widget_type=\"heading.default\">\n\t\t\t\t\t<h2 class=\"elementor-heading-title elementor-size-default\">POU\u017dIT\u00cd NA\u0160ICH PRODUKT\u016e<\/h2>\t\t\t\t<\/div>\n\t\t\t\t<div class=\"elementor-element elementor-element-2fe408fb elementor-widget elementor-widget-text-editor\" data-id=\"2fe408fb\" data-element_type=\"widget\" data-widget_type=\"text-editor.default\">\n\t\t\t\t\t\t\t\t\t<p>V\u00fdrobky SPOLCHEMIE nach\u00e1zej\u00ed sv\u00e9 uplatn\u011bn\u00ed v mnoha oblastech na\u0161eho ka\u017edodenn\u00edho \u017eivota. Chcete-li zjistit, kde na\u0161e produkty m\u016f\u017eete naj\u00edt, p\u0159e\u010dt\u011bte si \u010dl\u00e1nky k jednotliv\u00fdm aplikac\u00edm.<\/p>\t\t\t\t\t\t\t\t<\/div>\n\t\t\t\t<div class=\"elementor-element elementor-element-9e5d318 elementor-widget elementor-widget-button\" data-id=\"9e5d318\" data-element_type=\"widget\" data-widget_type=\"button.default\">\n\t\t\t\t\t\t\t\t\t\t<a class=\"elementor-button elementor-button-link elementor-size-sm\" href=\"\/pouziti-nasich-vyrobku\/\">\n\t\t\t\t\t\t<span class=\"elementor-button-content-wrapper\">\n\t\t\t\t\t\t\t\t\t<span class=\"elementor-button-text\">V\u00edce o aplikac\u00edch zde<\/span>\n\t\t\t\t\t<\/span>\n\t\t\t\t\t<\/a>\n\t\t\t\t\t\t\t\t<\/div>\n\t\t\t\t\t<\/div>\n\t\t\t\t<\/div>\n\t\t<div class=\"elementor-element elementor-element-26e2ee9e e-flex e-con-boxed e-con e-child\" data-id=\"26e2ee9e\" data-element_type=\"container\">\n\t\t\t\t\t<div class=\"e-con-inner\">\n\t\t\t\t<div class=\"elementor-element elementor-element-7bc15cc1 elementor-widget elementor-widget-image\" data-id=\"7bc15cc1\" data-element_type=\"widget\" id=\"add-mask\" data-widget_type=\"image.default\">\n\t\t\t\t\t\t\t\t\t\t\t\t\t\t\t<img decoding=\"async\" width=\"800\" height=\"600\" src=\"https:\/\/www.spolchemie.cz\/wp-content\/uploads\/2023\/03\/show-image-12.jpg\" class=\"attachment-large size-large wp-image-328\" alt=\"\" srcset=\"https:\/\/www.spolchemie.cz\/wp-content\/uploads\/2023\/03\/show-image-12.jpg 930w, https:\/\/www.spolchemie.cz\/wp-content\/uploads\/2023\/03\/show-image-12-300x225.jpg 300w, https:\/\/www.spolchemie.cz\/wp-content\/uploads\/2023\/03\/show-image-12-768x576.jpg 768w\" sizes=\"(max-width: 800px) 100vw, 800px\" \/>\t\t\t\t\t\t\t\t\t\t\t\t\t\t\t<\/div>\n\t\t\t\t\t<\/div>\n\t\t\t\t<\/div>\n\t\t\t\t\t<\/div>\n\t\t\t\t<\/div>\n\t\t<div data-dce-background-image-url=\"https:\/\/www.spolchemie.cz\/wp-content\/uploads\/2023\/03\/show-image-13.jpg\" class=\"elementor-element elementor-element-1b58928 e-flex e-con-boxed e-con e-parent\" data-id=\"1b58928\" data-element_type=\"container\" data-settings=\"{&quot;background_background&quot;:&quot;classic&quot;}\">\n\t\t\t\t\t<div class=\"e-con-inner\">\n\t\t<div class=\"elementor-element elementor-element-ef5fa25 e-flex e-con-boxed e-con e-child\" data-id=\"ef5fa25\" data-element_type=\"container\">\n\t\t\t\t\t<div class=\"e-con-inner\">\n\t\t\t\t<div class=\"elementor-element elementor-element-67eca21 elementor-widget elementor-widget-text-editor\" data-id=\"67eca21\" data-element_type=\"widget\" data-widget_type=\"text-editor.default\">\n\t\t\t\t\t\t\t\t\t<p><strong>Ucelenou nab\u00eddku produkt\u016f naleznete tak\u00e9 v <a href=\"https:\/\/www.spolchemie.cz\/wp-content\/uploads\/2025\/03\/SPOLCHEMIE_Product-Catalogue_en_2025_03_final_web.pdf\"><span style=\"text-decoration: underline;\">produktov\u00e9m katalogu (PDF)<\/span><\/a>.<\/strong><\/p>\t\t\t\t\t\t\t\t<\/div>\n\t\t\t\t<div class=\"elementor-element elementor-element-a26f834 elementor-widget elementor-widget-text-editor\" data-id=\"a26f834\" data-element_type=\"widget\" data-widget_type=\"text-editor.default\">\n\t\t\t\t\t\t\t\t\t<p>Pokud po\u017eadujete podrobn\u00e9 informace o v\u00fdrobc\u00edch, nev\u00e1hejte n\u00e1s <a href=\"\/kontakt\/\"><strong><span style=\"text-decoration: underline;\">kontaktovat<\/span><\/strong><\/a>.<\/p>\t\t\t\t\t\t\t\t<\/div>\n\t\t\t\t\t<\/div>\n\t\t\t\t<\/div>\n\t\t\t\t\t<\/div>\n\t\t\t\t<\/div>\n\t\t\t\t<\/div>\n\t\t","protected":false},"excerpt":{"rendered":"<p>Spolchemie SPOLCHEMIE je ryze \u010deskou chemickou firmou evropsk\u00e9ho v\u00fdznamu. Od roku 1856 nep\u0159etr\u017eit\u011b inovujeme, vyr\u00e1b\u00edme a vyv\u00e1\u017e\u00edme vysoce kvalitn\u00ed chemick\u00e9 produkty do cel\u00e9ho sv\u011bta.\u00a0 PRODUKTOV\u00c9 PORTFOLIO APLIKACE POU\u017dIT\u00cd NA\u0160ICH PRODUKT\u016e V\u00fdrobky SPOLCHEMIE nach\u00e1zej\u00ed sv\u00e9 uplatn\u011bn\u00ed v mnoha oblastech na\u0161eho ka\u017edodenn\u00edho \u017eivota. Chcete-li zjistit, kde na\u0161e produkty m\u016f\u017eete naj\u00edt, p\u0159e\u010dt\u011bte si \u010dl\u00e1nky k jednotliv\u00fdm aplikac\u00edm. V\u00edce [&hellip;]<\/p>\n","protected":false},"author":1,"featured_media":0,"parent":0,"menu_order":0,"comment_status":"closed","ping_status":"closed","template":"","meta":{"_acf_changed":false,"_seopress_robots_primary_cat":"","_seopress_titles_title":"","_seopress_titles_desc":"","_seopress_robots_index":"","footnotes":"","_links_to":"","_links_to_target":""},"class_list":["post-311","page","type-page","status-publish","hentry"],"acf":[],"_links":{"self":[{"href":"https:\/\/www.spolchemie.cz\/cs\/wp-json\/wp\/v2\/pages\/311","targetHints":{"allow":["GET"]}}],"collection":[{"href":"https:\/\/www.spolchemie.cz\/cs\/wp-json\/wp\/v2\/pages"}],"about":[{"href":"https:\/\/www.spolchemie.cz\/cs\/wp-json\/wp\/v2\/types\/page"}],"author":[{"embeddable":true,"href":"https:\/\/www.spolchemie.cz\/cs\/wp-json\/wp\/v2\/users\/1"}],"replies":[{"embeddable":true,"href":"https:\/\/www.spolchemie.cz\/cs\/wp-json\/wp\/v2\/comments?post=311"}],"version-history":[{"count":91,"href":"https:\/\/www.spolchemie.cz\/cs\/wp-json\/wp\/v2\/pages\/311\/revisions"}],"predecessor-version":[{"id":88737,"href":"https:\/\/www.spolchemie.cz\/cs\/wp-json\/wp\/v2\/pages\/311\/revisions\/88737"}],"wp:attachment":[{"href":"https:\/\/www.spolchemie.cz\/cs\/wp-json\/wp\/v2\/media?parent=311"}],"curies":[{"name":"wp","href":"https:\/\/api.w.org\/{rel}","templated":true}]}}