{"id":3222,"date":"2023-09-20T15:52:42","date_gmt":"2023-09-20T13:52:42","guid":{"rendered":"https:\/\/www.spolchemie.cz\/?page_id=3222"},"modified":"2026-02-09T12:36:44","modified_gmt":"2026-02-09T11:36:44","slug":"vedeni-spolecnosti","status":"publish","type":"page","link":"https:\/\/www.spolchemie.cz\/cs\/o-nas\/pro-akcionare\/vedeni-spolecnosti\/","title":{"rendered":"Veden\u00ed spole\u010dnosti"},"content":{"rendered":"\t\t<div data-elementor-type=\"wp-page\" data-elementor-id=\"3222\" class=\"elementor elementor-3222\" data-elementor-post-type=\"page\">\n\t\t\t\t<div data-dce-background-image-url=\"https:\/\/www.spolchemie.cz\/wp-content\/uploads\/2023\/03\/show-image-36-scaled.jpg\" class=\"elementor-element elementor-element-f083a07 e-con-full e-flex e-con e-parent\" data-id=\"f083a07\" data-element_type=\"container\" data-settings=\"{&quot;background_background&quot;:&quot;classic&quot;}\">\n\t\t\t\t<\/div>\n\t\t<div class=\"elementor-element elementor-element-4b531ad3 e-flex e-con-boxed e-con e-parent\" data-id=\"4b531ad3\" data-element_type=\"container\" data-settings=\"{&quot;background_background&quot;:&quot;classic&quot;}\">\n\t\t\t\t\t<div class=\"e-con-inner\">\n\t\t<div class=\"elementor-element elementor-element-19bf5837 e-flex e-con-boxed e-con e-child\" data-id=\"19bf5837\" data-element_type=\"container\">\n\t\t\t\t\t<div class=\"e-con-inner\">\n\t\t\t\t<div class=\"elementor-element elementor-element-5590baf2 elementor-widget elementor-widget-sp-breadcrumbs\" data-id=\"5590baf2\" data-element_type=\"widget\" data-widget_type=\"sp-breadcrumbs.default\">\n\t\t\t\t<div class=\"elementor-widget-container\">\n\t\t\t\t\t<nav  aria-label=\"breadcrumb\"><ol class=\"breadcrumb\" itemscope itemtype=\"https:\/\/schema.org\/BreadcrumbList\"><li class=\"breadcrumb-item active\" aria-current=\"page\" itemprop=\"itemListElement\" itemscope itemtype=\"https:\/\/schema.org\/ListItem\"><span itemprop=\"name\">Spolchemie<\/span><meta itemprop=\"position\" content=\"1\"><\/li><\/ol><\/nav>\t\t\t\t<\/div>\n\t\t\t\t<\/div>\n\t\t\t\t<div class=\"elementor-element elementor-element-31251950 elementor-widget elementor-widget-heading\" data-id=\"31251950\" data-element_type=\"widget\" data-widget_type=\"heading.default\">\n\t\t\t\t\t<h1 class=\"elementor-heading-title elementor-size-default\">Veden\u00ed spole\u010dnosti<\/h1>\t\t\t\t<\/div>\n\t\t\t\t\t<\/div>\n\t\t\t\t<\/div>\n\t\t\t\t\t<\/div>\n\t\t\t\t<\/div>\n\t\t<div class=\"elementor-element elementor-element-e82df04 e-flex e-con-boxed e-con e-parent\" data-id=\"e82df04\" data-element_type=\"container\" data-settings=\"{&quot;background_background&quot;:&quot;gradient&quot;}\">\n\t\t\t\t\t<div class=\"e-con-inner\">\n\t\t<div class=\"elementor-element elementor-element-7f2baaa e-flex e-con-boxed e-con e-child\" data-id=\"7f2baaa\" data-element_type=\"container\">\n\t\t\t\t\t<div class=\"e-con-inner\">\n\t\t\t\t<div class=\"elementor-element elementor-element-234f875f elementor-widget elementor-widget-heading\" data-id=\"234f875f\" data-element_type=\"widget\" data-widget_type=\"heading.default\">\n\t\t\t\t\t<h2 class=\"elementor-heading-title elementor-size-default\">SPR\u00c1VN\u00cd RADA<\/h2>\t\t\t\t<\/div>\n\t\t\t\t\t<\/div>\n\t\t\t\t<\/div>\n\t\t\t\t\t<\/div>\n\t\t\t\t<\/div>\n\t\t<div class=\"elementor-element elementor-element-94584f2 e-flex e-con-boxed e-con e-parent\" data-id=\"94584f2\" data-element_type=\"container\" data-settings=\"{&quot;background_background&quot;:&quot;classic&quot;}\">\n\t\t\t\t\t<div class=\"e-con-inner\">\n\t\t<div class=\"elementor-element elementor-element-7f1ff717 e-flex e-con-boxed e-con e-child\" data-id=\"7f1ff717\" data-element_type=\"container\">\n\t\t\t\t\t<div class=\"e-con-inner\">\n\t\t\t\t<div class=\"dce-fix-background-loop elementor-element elementor-element-1bb72091 elementor-widget elementor-widget-dce-flexible-content\" data-id=\"1bb72091\" data-element_type=\"widget\" data-widget_type=\"dce-flexible-content.default\">\n\t\t\t\t<div class=\"elementor-widget-container\">\n\t\t\t\t\t<div><table class=\"kontakt\">\n  <tr class=\"kontakt__table\">\n    <td class=\"kontakt__jmeno\">Ing. Jan Kadan\u00edk<\/td>\n    <td class=\"kontakt__pozice\">p\u0159edseda spr\u00e1vn\u00ed rady<\/td>\n  <\/tr>\n<\/table><\/div><div><table class=\"kontakt\">\n  <tr class=\"kontakt__table\">\n    <td class=\"kontakt__jmeno\">Ing. Daniel Tamchyna, MBA<\/td>\n    <td class=\"kontakt__pozice\">m\u00edstop\u0159edseda spr\u00e1vn\u00ed rady<\/td>\n  <\/tr>\n<\/table><\/div><div><table class=\"kontakt\">\n  <tr class=\"kontakt__table\">\n    <td class=\"kontakt__jmeno\">Ing. Pavel Jirou\u0161ek<\/td>\n    <td class=\"kontakt__pozice\">m\u00edstop\u0159edseda spr\u00e1vn\u00ed rady<\/td>\n  <\/tr>\n<\/table><\/div><div><table class=\"kontakt\">\n  <tr class=\"kontakt__table\">\n    <td class=\"kontakt__jmeno\">Mgr. Jan K\u0159i\u010dka<\/td>\n    <td class=\"kontakt__pozice\">\u010dlen spr\u00e1vn\u00ed rady<\/td>\n  <\/tr>\n<\/table><\/div><div><table class=\"kontakt\">\n  <tr class=\"kontakt__table\">\n    <td class=\"kontakt__jmeno\">Ing. Michal Adamovsk\u00fd<\/td>\n    <td class=\"kontakt__pozice\">\u010dlen spr\u00e1vn\u00ed rady<\/td>\n  <\/tr>\n<\/table><\/div>\t\t\t\t<\/div>\n\t\t\t\t<\/div>\n\t\t\t\t\t<\/div>\n\t\t\t\t<\/div>\n\t\t\t\t\t<\/div>\n\t\t\t\t<\/div>\n\t\t<div class=\"elementor-element elementor-element-2b9b5831 e-flex e-con-boxed e-con e-parent\" data-id=\"2b9b5831\" data-element_type=\"container\" data-settings=\"{&quot;background_background&quot;:&quot;gradient&quot;}\">\n\t\t\t\t\t<div class=\"e-con-inner\">\n\t\t<div class=\"elementor-element elementor-element-e840655 e-flex e-con-boxed e-con e-child\" data-id=\"e840655\" data-element_type=\"container\">\n\t\t\t\t\t<div class=\"e-con-inner\">\n\t\t\t\t<div class=\"elementor-element elementor-element-7adc28f2 elementor-widget elementor-widget-heading\" data-id=\"7adc28f2\" data-element_type=\"widget\" data-widget_type=\"heading.default\">\n\t\t\t\t\t<h2 class=\"elementor-heading-title elementor-size-default\">VEDEN\u00cd SPOLE\u010cNOSTI<\/h2>\t\t\t\t<\/div>\n\t\t\t\t\t<\/div>\n\t\t\t\t<\/div>\n\t\t\t\t\t<\/div>\n\t\t\t\t<\/div>\n\t\t<div class=\"elementor-element elementor-element-43e572e5 e-flex e-con-boxed e-con e-parent\" data-id=\"43e572e5\" data-element_type=\"container\" data-settings=\"{&quot;background_background&quot;:&quot;classic&quot;}\">\n\t\t\t\t\t<div class=\"e-con-inner\">\n\t\t<div class=\"elementor-element elementor-element-3c48121 e-flex e-con-boxed e-con e-child\" data-id=\"3c48121\" data-element_type=\"container\">\n\t\t\t\t\t<div class=\"e-con-inner\">\n\t\t\t\t<div class=\"dce-fix-background-loop elementor-element elementor-element-509e7801 elementor-widget elementor-widget-dce-flexible-content\" data-id=\"509e7801\" data-element_type=\"widget\" data-widget_type=\"dce-flexible-content.default\">\n\t\t\t\t<div class=\"elementor-widget-container\">\n\t\t\t\t\t<div><table class=\"kontakt\">\n  <tr class=\"kontakt__table\">\n    <td class=\"kontakt__jmeno\">Mgr. Jan K\u0159i\u010dka<\/td>\n    <td class=\"kontakt__pozice\">gener\u00e1ln\u00ed \u0159editel<\/td>\n  <\/tr>\n<\/table><\/div><div><table class=\"kontakt\">\n  <tr class=\"kontakt__table\">\n    <td class=\"kontakt__jmeno\">Ing. Jarom\u00edr Flori\u00e1n<\/td>\n    <td class=\"kontakt__pozice\">finan\u010dn\u00ed \u0159editel<\/td>\n  <\/tr>\n<\/table><\/div><div><table class=\"kontakt\">\n  <tr class=\"kontakt__table\">\n    <td class=\"kontakt__jmeno\">Ing. Jan Chudoba<\/td>\n    <td class=\"kontakt__pozice\">person\u00e1ln\u00ed \u0159editel<\/td>\n  <\/tr>\n<\/table><\/div><div><table class=\"kontakt\">\n  <tr class=\"kontakt__table\">\n    <td class=\"kontakt__jmeno\">Ing. Jan Dlouh\u00fd, CSc.<\/td>\n    <td class=\"kontakt__pozice\">provozn\u00ed \u0159editel<\/td>\n  <\/tr>\n<\/table><\/div><div><table class=\"kontakt\">\n  <tr class=\"kontakt__table\">\n    <td class=\"kontakt__jmeno\">Ing. Pavel \u017d\u00e1k<\/td>\n    <td class=\"kontakt__pozice\">technick\u00fd \u0159editel<\/td>\n  <\/tr>\n<\/table><\/div><div><table class=\"kontakt\">\n  <tr class=\"kontakt__table\">\n    <td class=\"kontakt__jmeno\">Ing. Zden\u011bk Moravec<\/td>\n    <td class=\"kontakt__pozice\">\u0159editel SBU (Epoxidy)<\/td>\n  <\/tr>\n<\/table><\/div><div><table class=\"kontakt\">\n  <tr class=\"kontakt__table\">\n    <td class=\"kontakt__jmeno\">Ing. Luk\u00e1\u0161 Bartek, Ph.D.<\/td>\n    <td class=\"kontakt__pozice\">\u0159editel SBU (Speciality a Alkydy)<\/td>\n  <\/tr>\n<\/table><\/div><div><table class=\"kontakt\">\n  <tr class=\"kontakt__table\">\n    <td class=\"kontakt__jmeno\">Ing. Josef Ham\u00e1\u010dek<\/td>\n    <td class=\"kontakt__pozice\">\u0159editel SBU (Anorganika)<\/td>\n  <\/tr>\n<\/table><\/div><div><table class=\"kontakt\">\n  <tr class=\"kontakt__table\">\n    <td class=\"kontakt__jmeno\">Ing. Andrej Ku\u010dma<\/td>\n    <td class=\"kontakt__pozice\">\u0159editel SBU (Energetika)<\/td>\n  <\/tr>\n<\/table><\/div>\t\t\t\t<\/div>\n\t\t\t\t<\/div>\n\t\t\t\t\t<\/div>\n\t\t\t\t<\/div>\n\t\t\t\t\t<\/div>\n\t\t\t\t<\/div>\n\t\t<div class=\"elementor-element elementor-element-3976981 e-flex e-con-boxed e-con e-parent\" data-id=\"3976981\" data-element_type=\"container\" data-settings=\"{&quot;background_background&quot;:&quot;classic&quot;}\">\n\t\t\t\t\t<div class=\"e-con-inner\">\n\t\t<div class=\"elementor-element elementor-element-d41881b e-flex e-con-boxed e-con e-child\" data-id=\"d41881b\" data-element_type=\"container\">\n\t\t\t\t\t<div class=\"e-con-inner\">\n\t\t\t\t<div class=\"elementor-element elementor-element-c600c40 elementor-widget elementor-widget-text-editor\" data-id=\"c600c40\" data-element_type=\"widget\" data-widget_type=\"text-editor.default\">\n\t\t\t\t\t\t\t\t\t<p>Pokud si p\u0159ejete kontaktovat osoby z veden\u00ed spole\u010dnosti, pi\u0161te pros\u00edm na: <strong><a href=\"mailto:info@spolchemie.cz\">info@spolchemie.cz<\/a><\/strong><\/p>\t\t\t\t\t\t\t\t<\/div>\n\t\t\t\t\t<\/div>\n\t\t\t\t<\/div>\n\t\t\t\t\t<\/div>\n\t\t\t\t<\/div>\n\t\t\t\t<\/div>\n\t\t","protected":false},"excerpt":{"rendered":"<p>Spolchemie SPR\u00c1VN\u00cd RADA Ing. Pavel Jirou\u0161ek p\u0159edseda spr\u00e1vn\u00ed rady Ing. Daniel Tamchyna, MBA m\u00edstop\u0159edseda spr\u00e1vn\u00ed rady Ing. Ji\u0159\u00ed Med\u0159ick\u00fd m\u00edstop\u0159edseda spr\u00e1vn\u00ed rady Ing. Vladim\u00edr Kubi\u0161, CSs. \u010dlen spr\u00e1vn\u00ed rady VEDEN\u00cd SPOLE\u010cNOSTI Ing. Daniel Tamchyna, MBA gener\u00e1ln\u00ed \u0159editel Ing. Jarom\u00edr Flori\u00e1n finan\u010dn\u00ed \u0159editel Ing. Jan Chudoba person\u00e1ln\u00ed \u0159editel Ing. Jan Dlouh\u00fd, CSc. provozn\u00ed \u0159editel Ing. Pavel [&hellip;]<\/p>\n","protected":false},"author":1,"featured_media":0,"parent":2331,"menu_order":0,"comment_status":"closed","ping_status":"closed","template":"","meta":{"_acf_changed":false,"_seopress_robots_primary_cat":"","_seopress_titles_title":"","_seopress_titles_desc":"","_seopress_robots_index":"","footnotes":"","_links_to":"","_links_to_target":""},"class_list":["post-3222","page","type-page","status-publish","hentry"],"acf":[],"_links":{"self":[{"href":"https:\/\/www.spolchemie.cz\/cs\/wp-json\/wp\/v2\/pages\/3222","targetHints":{"allow":["GET"]}}],"collection":[{"href":"https:\/\/www.spolchemie.cz\/cs\/wp-json\/wp\/v2\/pages"}],"about":[{"href":"https:\/\/www.spolchemie.cz\/cs\/wp-json\/wp\/v2\/types\/page"}],"author":[{"embeddable":true,"href":"https:\/\/www.spolchemie.cz\/cs\/wp-json\/wp\/v2\/users\/1"}],"replies":[{"embeddable":true,"href":"https:\/\/www.spolchemie.cz\/cs\/wp-json\/wp\/v2\/comments?post=3222"}],"version-history":[{"count":36,"href":"https:\/\/www.spolchemie.cz\/cs\/wp-json\/wp\/v2\/pages\/3222\/revisions"}],"predecessor-version":[{"id":123842,"href":"https:\/\/www.spolchemie.cz\/cs\/wp-json\/wp\/v2\/pages\/3222\/revisions\/123842"}],"up":[{"embeddable":true,"href":"https:\/\/www.spolchemie.cz\/cs\/wp-json\/wp\/v2\/pages\/2331"}],"wp:attachment":[{"href":"https:\/\/www.spolchemie.cz\/cs\/wp-json\/wp\/v2\/media?parent=3222"}],"curies":[{"name":"wp","href":"https:\/\/api.w.org\/{rel}","templated":true}]}}