{"id":404,"date":"2023-03-30T10:27:07","date_gmt":"2023-03-30T08:27:07","guid":{"rendered":"https:\/\/www.spolchemie.cz\/?page_id=404"},"modified":"2026-02-25T09:49:12","modified_gmt":"2026-02-25T08:49:12","slug":"odpovedna-firma","status":"publish","type":"page","link":"https:\/\/www.spolchemie.cz\/cs\/odpovedna-firma\/","title":{"rendered":"Odpov\u011bdn\u00e1 firma"},"content":{"rendered":"\t\t<div data-elementor-type=\"wp-page\" data-elementor-id=\"404\" class=\"elementor elementor-404\" data-elementor-post-type=\"page\">\n\t\t\t\t<div data-dce-background-image-url=\"https:\/\/www.spolchemie.cz\/wp-content\/uploads\/2023\/03\/show-image-14.jpg\" class=\"elementor-element elementor-element-2a200a5a e-con-full e-flex e-con e-parent\" data-id=\"2a200a5a\" data-element_type=\"container\" data-settings=\"{&quot;background_background&quot;:&quot;classic&quot;}\">\n\t\t\t\t<\/div>\n\t\t<div class=\"elementor-element elementor-element-2e30fae6 e-flex e-con-boxed e-con e-parent\" data-id=\"2e30fae6\" data-element_type=\"container\" data-settings=\"{&quot;background_background&quot;:&quot;classic&quot;}\">\n\t\t\t\t\t<div class=\"e-con-inner\">\n\t\t<div class=\"elementor-element elementor-element-28d551fc e-flex e-con-boxed e-con e-child\" data-id=\"28d551fc\" data-element_type=\"container\">\n\t\t\t\t\t<div class=\"e-con-inner\">\n\t\t\t\t<div class=\"elementor-element elementor-element-77a04e72 elementor-widget elementor-widget-sp-breadcrumbs\" data-id=\"77a04e72\" data-element_type=\"widget\" data-widget_type=\"sp-breadcrumbs.default\">\n\t\t\t\t<div class=\"elementor-widget-container\">\n\t\t\t\t\t<nav  aria-label=\"breadcrumb\"><ol class=\"breadcrumb\" itemscope itemtype=\"https:\/\/schema.org\/BreadcrumbList\"><li class=\"breadcrumb-item active\" aria-current=\"page\" itemprop=\"itemListElement\" itemscope itemtype=\"https:\/\/schema.org\/ListItem\"><span itemprop=\"name\">Spolchemie<\/span><meta itemprop=\"position\" content=\"1\"><\/li><\/ol><\/nav>\t\t\t\t<\/div>\n\t\t\t\t<\/div>\n\t\t\t\t<div class=\"elementor-element elementor-element-680f5616 elementor-widget elementor-widget-heading\" data-id=\"680f5616\" data-element_type=\"widget\" data-widget_type=\"heading.default\">\n\t\t\t\t\t<h1 class=\"elementor-heading-title elementor-size-default\">Odpov\u011bdn\u00e1 firma<\/h1>\t\t\t\t<\/div>\n\t\t\t\t\t<\/div>\n\t\t\t\t<\/div>\n\t\t\t\t\t<\/div>\n\t\t\t\t<\/div>\n\t\t<div class=\"elementor-element elementor-element-18f6ecd3 e-flex e-con-boxed e-con e-parent\" data-id=\"18f6ecd3\" data-element_type=\"container\" data-settings=\"{&quot;background_background&quot;:&quot;classic&quot;}\">\n\t\t\t\t\t<div class=\"e-con-inner\">\n\t\t<div class=\"elementor-element elementor-element-6cb1d1d9 e-flex e-con-boxed e-con e-child\" data-id=\"6cb1d1d9\" data-element_type=\"container\">\n\t\t\t\t\t<div class=\"e-con-inner\">\n\t\t\t\t<div class=\"elementor-element elementor-element-703c5d3b elementor-widget elementor-widget-text-editor\" data-id=\"703c5d3b\" data-element_type=\"widget\" data-widget_type=\"text-editor.default\">\n\t\t\t\t\t\t\t\t\t<p>My ve SPOLCHEMII si uv\u011bdomujeme, \u017ee pro zaji\u0161t\u011bn\u00ed budoucnosti na\u0161\u00ed spole\u010dnosti i lidsk\u00e9 spole\u010dnosti jako celku je d\u016fle\u017eit\u00e9 \u00fa\u010dinn\u011b p\u0159edch\u00e1zet po\u0161kozov\u00e1n\u00ed p\u0159\u00edrody, klimatu i lidsk\u00e9ho zdrav\u00ed, rozv\u00edjet modern\u00ed, \u00fasporn\u00e9 a \u0161etrn\u00e9 technologie a produkty a efektivn\u011b vyu\u017e\u00edvat zdroje. Spole\u010densk\u00e1 odpov\u011bdnost a udr\u017eiteln\u00fd rozvoj nejsou pro n\u00e1s jen pr\u00e1zdn\u00e1 slova, ale fenom\u00e9ny, kter\u00e9 zahrnuj\u00ed skute\u010dn\u00e9 aktivity na\u0161\u00ed spole\u010dnosti sm\u011brem k odpov\u011bdn\u00e9hoodpov\u011bdn\u00e9mu chov\u00e1n\u00ed k \u017eivotn\u00edmu prost\u0159ed\u00ed, okol\u00ed a lidem.<\/p>\n<p>Mnoh\u00e9 kroky k \u0161etrn\u011bj\u0161\u00ed v\u00fdrob\u011b jsme ji\u017e u\u010dinili \u2013 nap\u0159\u00edklad sn\u00ed\u017een\u00ed emis\u00ed od roku 2000 o v\u00edce ne\u017e 90%, vyu\u017e\u00edv\u00e1n\u00ed obnoviteln\u00fdch surovin u produkt\u016f, kde je to mo\u017en\u00e9 (epoxidov\u00e9 prysky\u0159ice, epichlorhydrin, alkydov\u00e9 prysky\u0159ice), hodnocen\u00ed kl\u00ed\u010dov\u00fdch produkt\u016f pomoc\u00ed LCA, spolu\u00fa\u010dast na projektech vyu\u017eit\u00ed n\u00e1mi vyr\u00e1b\u011bn\u00e9ho vod\u00edku, \u00fa\u010dast na iniciativ\u011b Responsible Care nebo hodnocen\u00ed udr\u017eitelnosti firmy Ecovadis.<\/p>\n<p><strong>N\u00e1\u0161 p\u0159\u00edstup k udr\u017eitelnosti byl za\u010d\u00e1tkem roku 2022 zast\u0159e\u0161en nov\u011b formulovan\u00fdm konceptem Udr\u017eiteln\u00fd rozvoj SPOLCHEMIE, kter\u00fd je postaven na t\u0159ech hlavn\u00edch pil\u00ed\u0159\u00edch s d\u016frazem na t\u011b\u017ei\u0161t\u011b v lidsk\u00fdch zdroj\u00edch, na\u0161ich zam\u011bstnanc\u00edch.<\/strong><\/p>\t\t\t\t\t\t\t\t<\/div>\n\t\t\t\t\t<\/div>\n\t\t\t\t<\/div>\n\t\t\t\t\t<\/div>\n\t\t\t\t<\/div>\n\t\t<div class=\"elementor-element elementor-element-75bad20 e-flex e-con-boxed e-con e-parent\" data-id=\"75bad20\" data-element_type=\"container\">\n\t\t\t\t\t<div class=\"e-con-inner\">\n\t\t\t\t<div class=\"elementor-element elementor-element-91e4279 elementor-widget elementor-widget-text-editor\" data-id=\"91e4279\" data-element_type=\"widget\" data-widget_type=\"text-editor.default\">\n\t\t\t\t\t\t\t\t\t<h5>Dokumenty ke sta\u017een\u00ed <a href=\"https:\/\/www.spolchemie.cz\/ostatni\/iso-a-jina-certifikace\/\"><span style=\"text-decoration: underline;\"><strong>zde<\/strong> <\/span><\/a>(ISO certifikace, politika spole\u010dnosti, zpr\u00e1vy o ochran\u011b \u017eivotn\u00edho prost\u0159ed\u00ed a jin\u00e9).<\/h5>\t\t\t\t\t\t\t\t<\/div>\n\t\t\t\t\t<\/div>\n\t\t\t\t<\/div>\n\t\t<div class=\"elementor-element elementor-element-43d3bab4 e-flex e-con-boxed e-con e-parent\" data-id=\"43d3bab4\" data-element_type=\"container\">\n\t\t\t\t\t<div class=\"e-con-inner\">\n\t\t<div class=\"elementor-element elementor-element-42a6ee56 e-flex e-con-boxed e-con e-child\" data-id=\"42a6ee56\" data-element_type=\"container\">\n\t\t\t\t\t<div class=\"e-con-inner\">\n\t\t\t\t<div class=\"elementor-element elementor-element-32668890 elementor-widget elementor-widget-image\" data-id=\"32668890\" data-element_type=\"widget\" data-widget_type=\"image.default\">\n\t\t\t\t\t\t\t\t\t\t\t\t\t\t\t\t<a href=\"\/odpovedna-firma\/nase-hodnoty\/\">\n\t\t\t\t\t\t\t<img fetchpriority=\"high\" decoding=\"async\" width=\"800\" height=\"600\" src=\"https:\/\/www.spolchemie.cz\/wp-content\/uploads\/2023\/03\/show-image-16-1.jpg\" class=\"attachment-large size-large wp-image-410\" alt=\"\" srcset=\"https:\/\/www.spolchemie.cz\/wp-content\/uploads\/2023\/03\/show-image-16-1.jpg 800w, https:\/\/www.spolchemie.cz\/wp-content\/uploads\/2023\/03\/show-image-16-1-300x225.jpg 300w, https:\/\/www.spolchemie.cz\/wp-content\/uploads\/2023\/03\/show-image-16-1-768x576.jpg 768w\" sizes=\"(max-width: 800px) 100vw, 800px\" \/>\t\t\t\t\t\t\t\t<\/a>\n\t\t\t\t\t\t\t\t\t\t\t\t\t\t\t<\/div>\n\t\t\t\t<div class=\"elementor-element elementor-element-7c139dac elementor-widget elementor-widget-heading\" data-id=\"7c139dac\" data-element_type=\"widget\" data-widget_type=\"heading.default\">\n\t\t\t\t\t<h2 class=\"elementor-heading-title elementor-size-default\"><a href=\"\/odpovedna-firma\/nase-hodnoty\/\">Na\u0161e hodnoty<\/a><\/h2>\t\t\t\t<\/div>\n\t\t\t\t\t<\/div>\n\t\t\t\t<\/div>\n\t\t<div class=\"elementor-element elementor-element-7f65dfb8 e-flex e-con-boxed e-con e-child\" data-id=\"7f65dfb8\" data-element_type=\"container\">\n\t\t\t\t\t<div class=\"e-con-inner\">\n\t\t\t\t<div class=\"elementor-element elementor-element-62cf42a8 elementor-widget elementor-widget-image\" data-id=\"62cf42a8\" data-element_type=\"widget\" data-widget_type=\"image.default\">\n\t\t\t\t\t\t\t\t\t\t\t\t\t\t\t\t<a href=\"\/odpovedna-firma\/udrzitelny-rozvoj\/\">\n\t\t\t\t\t\t\t<img decoding=\"async\" width=\"800\" height=\"600\" src=\"https:\/\/www.spolchemie.cz\/wp-content\/uploads\/2023\/03\/show-image-7.jpg\" class=\"attachment-large size-large wp-image-113\" alt=\"\" srcset=\"https:\/\/www.spolchemie.cz\/wp-content\/uploads\/2023\/03\/show-image-7.jpg 800w, https:\/\/www.spolchemie.cz\/wp-content\/uploads\/2023\/03\/show-image-7-300x225.jpg 300w, https:\/\/www.spolchemie.cz\/wp-content\/uploads\/2023\/03\/show-image-7-768x576.jpg 768w\" sizes=\"(max-width: 800px) 100vw, 800px\" \/>\t\t\t\t\t\t\t\t<\/a>\n\t\t\t\t\t\t\t\t\t\t\t\t\t\t\t<\/div>\n\t\t\t\t<div class=\"elementor-element elementor-element-617b090f elementor-widget elementor-widget-heading\" data-id=\"617b090f\" data-element_type=\"widget\" data-widget_type=\"heading.default\">\n\t\t\t\t\t<h2 class=\"elementor-heading-title elementor-size-default\"><a href=\"\/odpovedna-firma\/udrzitelny-rozvoj\/\">Udr\u017eiteln\u00fd rozvoj<\/a><\/h2>\t\t\t\t<\/div>\n\t\t\t\t\t<\/div>\n\t\t\t\t<\/div>\n\t\t<div class=\"elementor-element elementor-element-73b3dc03 e-flex e-con-boxed e-con e-child\" data-id=\"73b3dc03\" data-element_type=\"container\">\n\t\t\t\t\t<div class=\"e-con-inner\">\n\t\t\t\t<div class=\"elementor-element elementor-element-758f1e02 elementor-widget elementor-widget-image\" data-id=\"758f1e02\" data-element_type=\"widget\" data-widget_type=\"image.default\">\n\t\t\t\t\t\t\t\t\t\t\t\t\t\t\t\t<a href=\"\/odpovedna-firma\/udrzitelny-rozvoj\/spolecnost-a-okoli\/\">\n\t\t\t\t\t\t\t<img decoding=\"async\" width=\"769\" height=\"577\" src=\"https:\/\/www.spolchemie.cz\/wp-content\/uploads\/2023\/03\/show-image-17.jpg\" class=\"attachment-large size-large wp-image-411\" alt=\"\" srcset=\"https:\/\/www.spolchemie.cz\/wp-content\/uploads\/2023\/03\/show-image-17.jpg 769w, https:\/\/www.spolchemie.cz\/wp-content\/uploads\/2023\/03\/show-image-17-300x225.jpg 300w\" sizes=\"(max-width: 769px) 100vw, 769px\" \/>\t\t\t\t\t\t\t\t<\/a>\n\t\t\t\t\t\t\t\t\t\t\t\t\t\t\t<\/div>\n\t\t\t\t<div class=\"elementor-element elementor-element-5efc180a elementor-widget elementor-widget-heading\" data-id=\"5efc180a\" data-element_type=\"widget\" data-widget_type=\"heading.default\">\n\t\t\t\t\t<h2 class=\"elementor-heading-title elementor-size-default\"><a href=\"\/odpovedna-firma\/udrzitelny-rozvoj\/spolecnost-a-okoli\/\">Podpora okol\u00ed a regionu<\/a><\/h2>\t\t\t\t<\/div>\n\t\t\t\t\t<\/div>\n\t\t\t\t<\/div>\n\t\t<div class=\"elementor-element elementor-element-43a0c2e e-flex e-con-boxed e-con e-child\" data-id=\"43a0c2e\" data-element_type=\"container\">\n\t\t\t\t\t<div class=\"e-con-inner\">\n\t\t\t\t<div class=\"elementor-element elementor-element-52819fe elementor-widget elementor-widget-image\" data-id=\"52819fe\" data-element_type=\"widget\" data-widget_type=\"image.default\">\n\t\t\t\t\t\t\t\t\t\t\t\t\t\t\t\t<a href=\"\/odpovedna-firma\/vzdelavani\/\">\n\t\t\t\t\t\t\t<img loading=\"lazy\" decoding=\"async\" width=\"769\" height=\"577\" src=\"https:\/\/www.spolchemie.cz\/wp-content\/uploads\/2023\/03\/show-image-18.jpg\" class=\"attachment-large size-large wp-image-412\" alt=\"\" srcset=\"https:\/\/www.spolchemie.cz\/wp-content\/uploads\/2023\/03\/show-image-18.jpg 769w, https:\/\/www.spolchemie.cz\/wp-content\/uploads\/2023\/03\/show-image-18-300x225.jpg 300w\" sizes=\"(max-width: 769px) 100vw, 769px\" \/>\t\t\t\t\t\t\t\t<\/a>\n\t\t\t\t\t\t\t\t\t\t\t\t\t\t\t<\/div>\n\t\t\t\t<div class=\"elementor-element elementor-element-e34229e elementor-widget elementor-widget-heading\" data-id=\"e34229e\" data-element_type=\"widget\" data-widget_type=\"heading.default\">\n\t\t\t\t\t<h2 class=\"elementor-heading-title elementor-size-default\"><a href=\"\/odpovedna-firma\/vzdelavani\/\">Vzd\u011bl\u00e1v\u00e1n\u00ed<\/a><\/h2>\t\t\t\t<\/div>\n\t\t\t\t\t<\/div>\n\t\t\t\t<\/div>\n\t\t<div class=\"elementor-element elementor-element-352e43ec e-flex e-con-boxed e-con e-child\" data-id=\"352e43ec\" data-element_type=\"container\">\n\t\t\t\t\t<div class=\"e-con-inner\">\n\t\t\t\t<div class=\"elementor-element elementor-element-2f0b6577 elementor-widget elementor-widget-image\" data-id=\"2f0b6577\" data-element_type=\"widget\" data-widget_type=\"image.default\">\n\t\t\t\t\t\t\t\t\t\t\t\t\t\t\t\t<a href=\"\/odpovedna-firma\/sponzoring\/\">\n\t\t\t\t\t\t\t<img loading=\"lazy\" decoding=\"async\" width=\"800\" height=\"600\" src=\"https:\/\/www.spolchemie.cz\/wp-content\/uploads\/2023\/03\/show-image-2.png\" class=\"attachment-large size-large wp-image-413\" alt=\"\" srcset=\"https:\/\/www.spolchemie.cz\/wp-content\/uploads\/2023\/03\/show-image-2.png 800w, https:\/\/www.spolchemie.cz\/wp-content\/uploads\/2023\/03\/show-image-2-300x225.png 300w, https:\/\/www.spolchemie.cz\/wp-content\/uploads\/2023\/03\/show-image-2-768x576.png 768w\" sizes=\"(max-width: 800px) 100vw, 800px\" \/>\t\t\t\t\t\t\t\t<\/a>\n\t\t\t\t\t\t\t\t\t\t\t\t\t\t\t<\/div>\n\t\t\t\t<div class=\"elementor-element elementor-element-224324dd elementor-widget elementor-widget-heading\" data-id=\"224324dd\" data-element_type=\"widget\" data-widget_type=\"heading.default\">\n\t\t\t\t\t<h2 class=\"elementor-heading-title elementor-size-default\"><a href=\"\/odpovedna-firma\/sponzoring\/\">Sponzoring<\/a><\/h2>\t\t\t\t<\/div>\n\t\t\t\t\t<\/div>\n\t\t\t\t<\/div>\n\t\t\t\t\t<\/div>\n\t\t\t\t<\/div>\n\t\t<div class=\"elementor-element elementor-element-650e14f3 e-flex e-con-boxed e-con e-parent\" data-id=\"650e14f3\" data-element_type=\"container\" data-settings=\"{&quot;background_background&quot;:&quot;gradient&quot;}\">\n\t\t\t\t\t<div class=\"e-con-inner\">\n\t\t<div class=\"elementor-element elementor-element-5bc75ff9 e-flex e-con-boxed e-con e-child\" data-id=\"5bc75ff9\" data-element_type=\"container\">\n\t\t\t\t\t<div class=\"e-con-inner\">\n\t\t\t\t<div class=\"elementor-element elementor-element-6f2f8cd4 elementor-widget elementor-widget-heading\" data-id=\"6f2f8cd4\" data-element_type=\"widget\" data-widget_type=\"heading.default\">\n\t\t\t\t\t<h2 class=\"elementor-heading-title elementor-size-default\">80 % nov\u00fdch v\u00fdrobn\u00edch technologi\u00ed\n<\/h2>\t\t\t\t<\/div>\n\t\t\t\t<div class=\"elementor-element elementor-element-7e0dfe8d elementor-widget elementor-widget-text-editor\" data-id=\"7e0dfe8d\" data-element_type=\"widget\" data-widget_type=\"text-editor.default\">\n\t\t\t\t\t\t\t\t\t<p>V r\u00e1mci dodr\u017eov\u00e1n\u00ed bezpe\u010dnostn\u00edch i ekologick\u00fdch standard\u016f prob\u00edh\u00e1 neust\u00e1l\u00e1 inovace v\u00fdrobn\u00edch technologi\u00ed. <strong>Suroviny pro v\u00fdrobu jsou zejm\u00e9na \u010dist\u00e1 voda a s\u016fl (NaCL a KCl)<\/strong>.<\/p><p>80 % na\u0161ich v\u00fdrobk\u016f je vyr\u00e1b\u011bno na v\u00fdrobn\u00edch technologi\u00edch, kter\u00e9 byly postaveny po roce 2004.<\/p>\t\t\t\t\t\t\t\t<\/div>\n\t\t\t\t\t<\/div>\n\t\t\t\t<\/div>\n\t\t<div class=\"elementor-element elementor-element-48bcbd28 e-flex e-con-boxed e-con e-child\" data-id=\"48bcbd28\" data-element_type=\"container\" id=\"add-mask\">\n\t\t\t\t\t<div class=\"e-con-inner\">\n\t\t\t\t<div class=\"elementor-element elementor-element-13d4aa49 elementor-widget elementor-widget-image\" data-id=\"13d4aa49\" data-element_type=\"widget\" data-widget_type=\"image.default\">\n\t\t\t\t\t\t\t\t\t\t\t\t\t\t\t<img loading=\"lazy\" decoding=\"async\" width=\"800\" height=\"447\" src=\"https:\/\/www.spolchemie.cz\/wp-content\/uploads\/2023\/03\/show-image-15.jpg\" class=\"attachment-large size-large wp-image-408\" alt=\"\" srcset=\"https:\/\/www.spolchemie.cz\/wp-content\/uploads\/2023\/03\/show-image-15.jpg 999w, https:\/\/www.spolchemie.cz\/wp-content\/uploads\/2023\/03\/show-image-15-300x168.jpg 300w, https:\/\/www.spolchemie.cz\/wp-content\/uploads\/2023\/03\/show-image-15-768x429.jpg 768w\" sizes=\"(max-width: 800px) 100vw, 800px\" \/>\t\t\t\t\t\t\t\t\t\t\t\t\t\t\t<\/div>\n\t\t\t\t\t<\/div>\n\t\t\t\t<\/div>\n\t\t\t\t\t<\/div>\n\t\t\t\t<\/div>\n\t\t\t\t<\/div>\n\t\t","protected":false},"excerpt":{"rendered":"<p>Spolchemie My ve SPOLCHEMII si uv\u011bdomujeme, \u017ee pro zaji\u0161t\u011bn\u00ed budoucnosti na\u0161\u00ed spole\u010dnosti i lidsk\u00e9 spole\u010dnosti jako celku je d\u016fle\u017eit\u00e9 \u00fa\u010dinn\u011b p\u0159edch\u00e1zet po\u0161kozov\u00e1n\u00ed p\u0159\u00edrody, klimatu i lidsk\u00e9ho zdrav\u00ed, rozv\u00edjet modern\u00ed, \u00fasporn\u00e9 a \u0161etrn\u00e9 technologie a produkty a efektivn\u011b vyu\u017e\u00edvat zdroje. Spole\u010densk\u00e1 odpov\u011bdnost a udr\u017eiteln\u00fd rozvoj nejsou pro n\u00e1s jen pr\u00e1zdn\u00e1 slova, ale fenom\u00e9ny, kter\u00e9 zahrnuj\u00ed skute\u010dn\u00e9 [&hellip;]<\/p>\n","protected":false},"author":1,"featured_media":0,"parent":0,"menu_order":0,"comment_status":"closed","ping_status":"closed","template":"","meta":{"_acf_changed":false,"_seopress_robots_primary_cat":"","_seopress_titles_title":"","_seopress_titles_desc":"","_seopress_robots_index":"","footnotes":"","_links_to":"","_links_to_target":""},"class_list":["post-404","page","type-page","status-publish","hentry"],"acf":[],"_links":{"self":[{"href":"https:\/\/www.spolchemie.cz\/cs\/wp-json\/wp\/v2\/pages\/404","targetHints":{"allow":["GET"]}}],"collection":[{"href":"https:\/\/www.spolchemie.cz\/cs\/wp-json\/wp\/v2\/pages"}],"about":[{"href":"https:\/\/www.spolchemie.cz\/cs\/wp-json\/wp\/v2\/types\/page"}],"author":[{"embeddable":true,"href":"https:\/\/www.spolchemie.cz\/cs\/wp-json\/wp\/v2\/users\/1"}],"replies":[{"embeddable":true,"href":"https:\/\/www.spolchemie.cz\/cs\/wp-json\/wp\/v2\/comments?post=404"}],"version-history":[{"count":25,"href":"https:\/\/www.spolchemie.cz\/cs\/wp-json\/wp\/v2\/pages\/404\/revisions"}],"predecessor-version":[{"id":125984,"href":"https:\/\/www.spolchemie.cz\/cs\/wp-json\/wp\/v2\/pages\/404\/revisions\/125984"}],"wp:attachment":[{"href":"https:\/\/www.spolchemie.cz\/cs\/wp-json\/wp\/v2\/media?parent=404"}],"curies":[{"name":"wp","href":"https:\/\/api.w.org\/{rel}","templated":true}]}}