{"id":438,"date":"2023-03-30T11:38:30","date_gmt":"2023-03-30T09:38:30","guid":{"rendered":"https:\/\/www.spolchemie.cz\/?page_id=438"},"modified":"2023-12-18T07:59:03","modified_gmt":"2023-12-18T06:59:03","slug":"kariera","status":"publish","type":"page","link":"https:\/\/www.spolchemie.cz\/cs\/kariera\/","title":{"rendered":"Kari\u00e9ra"},"content":{"rendered":"\t\t<div data-elementor-type=\"wp-page\" data-elementor-id=\"438\" class=\"elementor elementor-438\" data-elementor-post-type=\"page\">\n\t\t\t\t<div class=\"elementor-element elementor-element-10b67419 e-con-full e-flex e-con e-parent\" data-id=\"10b67419\" data-element_type=\"container\" data-settings=\"{&quot;background_background&quot;:&quot;video&quot;,&quot;background_video_link&quot;:&quot;\\\/wp-content\\\/uploads\\\/2023\\\/03\\\/show-movie.mp4&quot;,&quot;background_play_on_mobile&quot;:&quot;yes&quot;}\">\n\t\t<div class=\"elementor-background-video-container\">\n\t\t\t\t\t\t\t<video class=\"elementor-background-video-hosted elementor-html5-video\" autoplay muted playsinline loop><\/video>\n\t\t\t\t\t<\/div>\t\t<\/div>\n\t\t<div class=\"elementor-element elementor-element-22d90bfd e-flex e-con-boxed e-con e-parent\" data-id=\"22d90bfd\" data-element_type=\"container\" data-settings=\"{&quot;background_background&quot;:&quot;classic&quot;}\">\n\t\t\t\t\t<div class=\"e-con-inner\">\n\t\t<div class=\"elementor-element elementor-element-10972f7 e-flex e-con-boxed e-con e-child\" data-id=\"10972f7\" data-element_type=\"container\">\n\t\t\t\t\t<div class=\"e-con-inner\">\n\t\t\t\t<div class=\"elementor-element elementor-element-6360946 elementor-widget elementor-widget-sp-breadcrumbs\" data-id=\"6360946\" data-element_type=\"widget\" data-widget_type=\"sp-breadcrumbs.default\">\n\t\t\t\t<div class=\"elementor-widget-container\">\n\t\t\t\t\t<nav  aria-label=\"breadcrumb\"><ol class=\"breadcrumb\" itemscope itemtype=\"https:\/\/schema.org\/BreadcrumbList\"><li class=\"breadcrumb-item active\" aria-current=\"page\" itemprop=\"itemListElement\" itemscope itemtype=\"https:\/\/schema.org\/ListItem\"><span itemprop=\"name\">Spolchemie<\/span><meta itemprop=\"position\" content=\"1\"><\/li><\/ol><\/nav>\t\t\t\t<\/div>\n\t\t\t\t<\/div>\n\t\t\t\t<div class=\"elementor-element elementor-element-7f65fa63 elementor-widget elementor-widget-heading\" data-id=\"7f65fa63\" data-element_type=\"widget\" data-widget_type=\"heading.default\">\n\t\t\t\t\t<h1 class=\"elementor-heading-title elementor-size-default\">Kari\u00e9ra<\/h1>\t\t\t\t<\/div>\n\t\t\t\t\t<\/div>\n\t\t\t\t<\/div>\n\t\t\t\t\t<\/div>\n\t\t\t\t<\/div>\n\t\t<div class=\"elementor-element elementor-element-7fd19a16 e-flex e-con-boxed e-con e-parent\" data-id=\"7fd19a16\" data-element_type=\"container\" data-settings=\"{&quot;background_background&quot;:&quot;gradient&quot;}\">\n\t\t\t\t\t<div class=\"e-con-inner\">\n\t\t<div class=\"elementor-element elementor-element-14ee1017 e-flex e-con-boxed e-con e-child\" data-id=\"14ee1017\" data-element_type=\"container\">\n\t\t\t\t\t<div class=\"e-con-inner\">\n\t\t\t\t<div class=\"elementor-element elementor-element-166cd46c elementor-widget elementor-widget-heading\" data-id=\"166cd46c\" data-element_type=\"widget\" data-widget_type=\"heading.default\">\n\t\t\t\t\t<h2 class=\"elementor-heading-title elementor-size-default\">Bu\u010fte i vy sou\u010d\u00e1st\u00ed SPOLCHEMIE\n<\/h2>\t\t\t\t<\/div>\n\t\t\t\t<div class=\"elementor-element elementor-element-6f1271eb elementor-widget elementor-widget-text-editor\" data-id=\"6f1271eb\" data-element_type=\"widget\" data-widget_type=\"text-editor.default\">\n\t\t\t\t\t\t\t\t\t<p>P\u0159idejte se k t\u00fdmu odborn\u00edk\u016f a pod\u00edlejte se na \u00fasp\u011b\u0161\u00edch <strong>ryze \u010desk\u00e9 firmy se zahrani\u010dn\u00edm p\u0159esahem<\/strong>. Nab\u00eddneme V\u00e1m <strong>odpov\u011bdnou a zaj\u00edmavou<\/strong> pr\u00e1ci v dynamick\u00e9m prost\u0159ed\u00ed.<\/p>\t\t\t\t\t\t\t\t<\/div>\n\t\t\t\t\t<\/div>\n\t\t\t\t<\/div>\n\t\t<div class=\"elementor-element elementor-element-5f363f1b e-flex e-con-boxed e-con e-child\" data-id=\"5f363f1b\" data-element_type=\"container\">\n\t\t\t\t\t<div class=\"e-con-inner\">\n\t\t\t\t<div class=\"elementor-element elementor-element-47188906 elementor-widget elementor-widget-image\" data-id=\"47188906\" data-element_type=\"widget\" id=\"add-mask-left\" data-widget_type=\"image.default\">\n\t\t\t\t\t\t\t\t\t\t\t\t\t\t\t<img fetchpriority=\"high\" decoding=\"async\" width=\"800\" height=\"600\" src=\"https:\/\/www.spolchemie.cz\/wp-content\/uploads\/2023\/03\/show-image-24-1024x768.jpg\" class=\"attachment-large size-large wp-image-441\" alt=\"\" srcset=\"https:\/\/www.spolchemie.cz\/wp-content\/uploads\/2023\/03\/show-image-24-1024x768.jpg 1024w, https:\/\/www.spolchemie.cz\/wp-content\/uploads\/2023\/03\/show-image-24-300x225.jpg 300w, https:\/\/www.spolchemie.cz\/wp-content\/uploads\/2023\/03\/show-image-24-768x576.jpg 768w, https:\/\/www.spolchemie.cz\/wp-content\/uploads\/2023\/03\/show-image-24-1536x1152.jpg 1536w, https:\/\/www.spolchemie.cz\/wp-content\/uploads\/2023\/03\/show-image-24.jpg 1819w\" sizes=\"(max-width: 800px) 100vw, 800px\" \/>\t\t\t\t\t\t\t\t\t\t\t\t\t\t\t<\/div>\n\t\t\t\t\t<\/div>\n\t\t\t\t<\/div>\n\t\t\t\t\t<\/div>\n\t\t\t\t<\/div>\n\t\t<div class=\"elementor-element elementor-element-1755d2e e-flex e-con-boxed e-con e-parent\" data-id=\"1755d2e\" data-element_type=\"container\" data-settings=\"{&quot;background_background&quot;:&quot;classic&quot;}\">\n\t\t\t\t\t<div class=\"e-con-inner\">\n\t\t<div class=\"elementor-element elementor-element-5d286818 e-flex e-con-boxed e-con e-child\" data-id=\"5d286818\" data-element_type=\"container\">\n\t\t\t\t\t<div class=\"e-con-inner\">\n\t\t\t\t<div class=\"elementor-element elementor-element-47173b7b elementor-widget elementor-widget-heading\" data-id=\"47173b7b\" data-element_type=\"widget\" data-widget_type=\"heading.default\">\n\t\t\t\t\t<h2 class=\"elementor-heading-title elementor-size-default\">Pro\u010d si vybrat SPOLCHEMII?<\/h2>\t\t\t\t<\/div>\n\t\t\t\t<div class=\"elementor-element elementor-element-7382e53e elementor-widget elementor-widget-text-editor\" data-id=\"7382e53e\" data-element_type=\"widget\" data-widget_type=\"text-editor.default\">\n\t\t\t\t\t\t\t\t\t<ul><li>Jsme v \u00dast\u00ed nad Labem ji\u017e t\u00e9m\u011b\u0159 170 let<\/li><li>P\u0159esto\u017ee zam\u011bstn\u00e1v\u00e1me t\u00e9m\u011b\u0159 1000 lid\u00ed, nejsme \u201ekorporace\u201c<\/li><li>Jsme jedn\u00edm z m\u00e1la v\u00fdrobc\u016f epoxidov\u00fdch prysky\u0159ic v Evrop\u011b &#8211; na\u0161e v\u00fdrobky jsou nepostradateln\u00e9<\/li><li>D\u00edky nejmodern\u011bj\u0161\u00edm provoz\u016fm a vlastn\u00edmu v\u00fdvoji m\u00e1me zaji\u0161t\u011bn dlouhodob\u00fd odbyt<\/li><li>Investujeme do nov\u00fdch technologi\u00ed i pracovn\u00edho prost\u0159ed\u00ed<\/li><\/ul>\t\t\t\t\t\t\t\t<\/div>\n\t\t\t\t\t<\/div>\n\t\t\t\t<\/div>\n\t\t\t\t\t<\/div>\n\t\t\t\t<\/div>\n\t\t<div class=\"elementor-element elementor-element-c69e892 e-flex e-con-boxed e-con e-parent\" data-id=\"c69e892\" data-element_type=\"container\">\n\t\t\t\t\t<div class=\"e-con-inner\">\n\t\t<div class=\"elementor-element elementor-element-c53b3bb e-con-full e-flex e-con e-child\" data-id=\"c53b3bb\" data-element_type=\"container\">\n\t\t\t\t<div class=\"elementor-element elementor-element-74fa01a elementor-widget elementor-widget-image\" data-id=\"74fa01a\" data-element_type=\"widget\" data-widget_type=\"image.default\">\n\t\t\t\t\t\t\t\t\t\t\t\t<figure class=\"wp-caption\">\n\t\t\t\t\t\t\t\t\t\t\t<a href=\"https:\/\/www.spolchemie.cz\/kariera\/nabidka-pozic\/\">\n\t\t\t\t\t\t\t<img decoding=\"async\" src=\"https:\/\/www.spolchemie.cz\/wp-content\/uploads\/elementor\/thumbs\/VHA1533-qcyznik7zbyd6d3psuajf0qqr6ft4rz0ohjxdolo0s.jpg\" title=\"_VHA1533\" alt=\"_VHA1533\" loading=\"lazy\" \/>\t\t\t\t\t\t\t\t<\/a>\n\t\t\t\t\t\t\t\t\t\t\t<figcaption class=\"widget-image-caption wp-caption-text\">Nab\u00eddka pozic<\/figcaption>\n\t\t\t\t\t\t\t\t\t\t<\/figure>\n\t\t\t\t\t\t\t\t\t<\/div>\n\t\t\t\t<\/div>\n\t\t<div class=\"elementor-element elementor-element-e1f777c e-con-full e-flex e-con e-child\" data-id=\"e1f777c\" data-element_type=\"container\">\n\t\t\t\t<div class=\"elementor-element elementor-element-0d903e5 elementor-widget elementor-widget-image\" data-id=\"0d903e5\" data-element_type=\"widget\" data-widget_type=\"image.default\">\n\t\t\t\t\t\t\t\t\t\t\t\t<figure class=\"wp-caption\">\n\t\t\t\t\t\t\t\t\t\t\t<a href=\"\/cs\/kariera\/benefity\/\">\n\t\t\t\t\t\t\t<img decoding=\"async\" src=\"https:\/\/www.spolchemie.cz\/wp-content\/uploads\/elementor\/thumbs\/Minigranty_foto-scaled-qaf0bibhcv6hjrdtu0w0w8up3tj47rg63mvm3xi28s.jpg\" title=\"Minigranty_foto\" alt=\"Minigranty_foto\" loading=\"lazy\" \/>\t\t\t\t\t\t\t\t<\/a>\n\t\t\t\t\t\t\t\t\t\t\t<figcaption class=\"widget-image-caption wp-caption-text\">Benefity<\/figcaption>\n\t\t\t\t\t\t\t\t\t\t<\/figure>\n\t\t\t\t\t\t\t\t\t<\/div>\n\t\t\t\t<\/div>\n\t\t<div class=\"elementor-element elementor-element-bdf4233 e-con-full e-flex e-con e-child\" data-id=\"bdf4233\" data-element_type=\"container\">\n\t\t\t\t<div class=\"elementor-element elementor-element-c8524d2 elementor-widget elementor-widget-image\" data-id=\"c8524d2\" data-element_type=\"widget\" data-widget_type=\"image.default\">\n\t\t\t\t\t\t\t\t\t\t\t\t<figure class=\"wp-caption\">\n\t\t\t\t\t\t\t\t\t\t\t<a href=\"https:\/\/www.spolchemie.cz\/kariera\/stredni-skoly\/\">\n\t\t\t\t\t\t\t<img decoding=\"async\" src=\"https:\/\/www.spolchemie.cz\/wp-content\/uploads\/elementor\/thumbs\/stip-2-q9oyf1ysrm6rdo4yj5j2sl6gv287skwml3pvrge7do.jpeg\" title=\"stip-2\" alt=\"stip-2\" loading=\"lazy\" \/>\t\t\t\t\t\t\t\t<\/a>\n\t\t\t\t\t\t\t\t\t\t\t<figcaption class=\"widget-image-caption wp-caption-text\">St\u0159edn\u00ed \u0161koly<\/figcaption>\n\t\t\t\t\t\t\t\t\t\t<\/figure>\n\t\t\t\t\t\t\t\t\t<\/div>\n\t\t\t\t<\/div>\n\t\t<div class=\"elementor-element elementor-element-d72df11 e-con-full e-flex e-con e-child\" data-id=\"d72df11\" data-element_type=\"container\">\n\t\t\t\t<div class=\"elementor-element elementor-element-c369814 elementor-widget elementor-widget-image\" data-id=\"c369814\" data-element_type=\"widget\" data-widget_type=\"image.default\">\n\t\t\t\t\t\t\t\t\t\t\t\t<figure class=\"wp-caption\">\n\t\t\t\t\t\t\t\t\t\t\t<a href=\"https:\/\/www.spolchemie.cz\/kariera\/vysoke-skoly\/\">\n\t\t\t\t\t\t\t<img decoding=\"async\" src=\"https:\/\/www.spolchemie.cz\/wp-content\/uploads\/elementor\/thumbs\/laborky-3-qcxk2jko77wejggi7nl2z4cua97tfex8dbvwtbyajg.jpg\" title=\"laborky\" alt=\"laborky\" loading=\"lazy\" \/>\t\t\t\t\t\t\t\t<\/a>\n\t\t\t\t\t\t\t\t\t\t\t<figcaption class=\"widget-image-caption wp-caption-text\">Vysok\u00e9 \u0161koly<\/figcaption>\n\t\t\t\t\t\t\t\t\t\t<\/figure>\n\t\t\t\t\t\t\t\t\t<\/div>\n\t\t\t\t<\/div>\n\t\t\t\t\t<\/div>\n\t\t\t\t<\/div>\n\t\t\t\t<\/div>\n\t\t","protected":false},"excerpt":{"rendered":"<p>Spolchemie Bu\u010fte i vy sou\u010d\u00e1st\u00ed SPOLCHEMIE P\u0159idejte se k t\u00fdmu odborn\u00edk\u016f a pod\u00edlejte se na \u00fasp\u011b\u0161\u00edch ryze \u010desk\u00e9 firmy se zahrani\u010dn\u00edm p\u0159esahem. Nab\u00eddneme V\u00e1m odpov\u011bdnou a zaj\u00edmavou pr\u00e1ci v dynamick\u00e9m prost\u0159ed\u00ed. Pro\u010d si vybrat SPOLCHEMII? Jsme v \u00dast\u00ed nad Labem ji\u017e t\u00e9m\u011b\u0159 170 let P\u0159esto\u017ee zam\u011bstn\u00e1v\u00e1me t\u00e9m\u011b\u0159 1000 lid\u00ed, nejsme \u201ekorporace\u201c Jsme jedn\u00edm z m\u00e1la [&hellip;]<\/p>\n","protected":false},"author":1,"featured_media":0,"parent":0,"menu_order":0,"comment_status":"closed","ping_status":"closed","template":"","meta":{"_acf_changed":false,"_seopress_robots_primary_cat":"","_seopress_titles_title":"","_seopress_titles_desc":"","_seopress_robots_index":"","footnotes":"","_links_to":"","_links_to_target":""},"class_list":["post-438","page","type-page","status-publish","hentry"],"acf":[],"_links":{"self":[{"href":"https:\/\/www.spolchemie.cz\/cs\/wp-json\/wp\/v2\/pages\/438","targetHints":{"allow":["GET"]}}],"collection":[{"href":"https:\/\/www.spolchemie.cz\/cs\/wp-json\/wp\/v2\/pages"}],"about":[{"href":"https:\/\/www.spolchemie.cz\/cs\/wp-json\/wp\/v2\/types\/page"}],"author":[{"embeddable":true,"href":"https:\/\/www.spolchemie.cz\/cs\/wp-json\/wp\/v2\/users\/1"}],"replies":[{"embeddable":true,"href":"https:\/\/www.spolchemie.cz\/cs\/wp-json\/wp\/v2\/comments?post=438"}],"version-history":[{"count":36,"href":"https:\/\/www.spolchemie.cz\/cs\/wp-json\/wp\/v2\/pages\/438\/revisions"}],"predecessor-version":[{"id":53988,"href":"https:\/\/www.spolchemie.cz\/cs\/wp-json\/wp\/v2\/pages\/438\/revisions\/53988"}],"wp:attachment":[{"href":"https:\/\/www.spolchemie.cz\/cs\/wp-json\/wp\/v2\/media?parent=438"}],"curies":[{"name":"wp","href":"https:\/\/api.w.org\/{rel}","templated":true}]}}