{"id":454,"date":"2023-03-30T11:54:48","date_gmt":"2023-03-30T09:54:48","guid":{"rendered":"https:\/\/www.spolchemie.cz\/?page_id=454"},"modified":"2023-10-25T12:50:42","modified_gmt":"2023-10-25T10:50:42","slug":"nabidka-pozic","status":"publish","type":"page","link":"https:\/\/www.spolchemie.cz\/cs\/kariera\/nabidka-pozic\/","title":{"rendered":"Nab\u00eddka pozic"},"content":{"rendered":"\t\t<div data-elementor-type=\"wp-page\" data-elementor-id=\"454\" class=\"elementor elementor-454\" data-elementor-post-type=\"page\">\n\t\t\t\t<div data-dce-background-image-url=\"https:\/\/www.spolchemie.cz\/wp-content\/uploads\/2023\/09\/ddd.png\" class=\"elementor-element elementor-element-4d2411a5 e-con-full e-flex e-con e-parent\" data-id=\"4d2411a5\" data-element_type=\"container\" data-settings=\"{&quot;background_background&quot;:&quot;classic&quot;}\">\n\t\t\t\t<\/div>\n\t\t<div class=\"elementor-element elementor-element-429a778f e-flex e-con-boxed e-con e-parent\" data-id=\"429a778f\" data-element_type=\"container\" data-settings=\"{&quot;background_background&quot;:&quot;classic&quot;}\">\n\t\t\t\t\t<div class=\"e-con-inner\">\n\t\t<div class=\"elementor-element elementor-element-4466b81a e-flex e-con-boxed e-con e-child\" data-id=\"4466b81a\" data-element_type=\"container\">\n\t\t\t\t\t<div class=\"e-con-inner\">\n\t\t\t\t<div class=\"elementor-element elementor-element-70162cc3 elementor-widget elementor-widget-sp-breadcrumbs\" data-id=\"70162cc3\" data-element_type=\"widget\" data-widget_type=\"sp-breadcrumbs.default\">\n\t\t\t\t<div class=\"elementor-widget-container\">\n\t\t\t\t\t<nav  aria-label=\"breadcrumb\"><ol class=\"breadcrumb\" itemscope itemtype=\"https:\/\/schema.org\/BreadcrumbList\"><li class=\"breadcrumb-item active\" aria-current=\"page\" itemprop=\"itemListElement\" itemscope itemtype=\"https:\/\/schema.org\/ListItem\"><span itemprop=\"name\">Spolchemie<\/span><meta itemprop=\"position\" content=\"1\"><\/li><\/ol><\/nav>\t\t\t\t<\/div>\n\t\t\t\t<\/div>\n\t\t\t\t<div class=\"elementor-element elementor-element-26742f59 elementor-widget elementor-widget-heading\" data-id=\"26742f59\" data-element_type=\"widget\" data-widget_type=\"heading.default\">\n\t\t\t\t\t<h1 class=\"elementor-heading-title elementor-size-default\">Nab\u00eddka pozic<\/h1>\t\t\t\t<\/div>\n\t\t\t\t\t<\/div>\n\t\t\t\t<\/div>\n\t\t\t\t\t<\/div>\n\t\t\t\t<\/div>\n\t\t<div class=\"elementor-element elementor-element-2fe788c8 e-flex e-con-boxed e-con e-parent\" data-id=\"2fe788c8\" data-element_type=\"container\" data-settings=\"{&quot;background_background&quot;:&quot;gradient&quot;}\">\n\t\t\t\t\t<div class=\"e-con-inner\">\n\t\t<div class=\"elementor-element elementor-element-4b17ebd6 e-flex e-con-boxed e-con e-child\" data-id=\"4b17ebd6\" data-element_type=\"container\">\n\t\t\t\t\t<div class=\"e-con-inner\">\n\t\t\t\t<div class=\"elementor-element elementor-element-6b957a20 elementor-widget elementor-widget-heading\" data-id=\"6b957a20\" data-element_type=\"widget\" data-widget_type=\"heading.default\">\n\t\t\t\t\t<h2 class=\"elementor-heading-title elementor-size-default\">Sta\u0148te se sou\u010d\u00e1st\u00ed na\u0161eho t\u00fdmu<\/h2>\t\t\t\t<\/div>\n\t\t\t\t<div class=\"elementor-element elementor-element-115ca1da elementor-widget elementor-widget-text-editor\" data-id=\"115ca1da\" data-element_type=\"widget\" data-widget_type=\"text-editor.default\">\n\t\t\t\t\t\t\t\t\t<p>Odstartujte svoji kari\u00e9ru v z\u00e1zem\u00ed mezin\u00e1rodn\u011b \u00fasp\u011b\u0161n\u00e9, ryze \u010desk\u00e9 firmy. Na\u0161im zam\u011bstnanc\u016fm nab\u00edz\u00edme zaj\u00edmavou, odpov\u011bdnou a stabiln\u00ed pr\u00e1ci.<\/p>\t\t\t\t\t\t\t\t<\/div>\n\t\t\t\t\t<\/div>\n\t\t\t\t<\/div>\n\t\t<div class=\"elementor-element elementor-element-1d566c32 e-flex e-con-boxed e-con e-child\" data-id=\"1d566c32\" data-element_type=\"container\">\n\t\t\t\t\t<div class=\"e-con-inner\">\n\t\t\t\t<div class=\"elementor-element elementor-element-72bd4b3c elementor-widget elementor-widget-image\" data-id=\"72bd4b3c\" data-element_type=\"widget\" id=\"add-mask-left\" data-widget_type=\"image.default\">\n\t\t\t\t\t\t\t\t\t\t\t\t\t\t\t<img fetchpriority=\"high\" decoding=\"async\" width=\"800\" height=\"447\" src=\"https:\/\/www.spolchemie.cz\/wp-content\/uploads\/2023\/03\/show-image-30.jpg\" class=\"attachment-large size-large wp-image-458\" alt=\"\" srcset=\"https:\/\/www.spolchemie.cz\/wp-content\/uploads\/2023\/03\/show-image-30.jpg 999w, https:\/\/www.spolchemie.cz\/wp-content\/uploads\/2023\/03\/show-image-30-300x168.jpg 300w, https:\/\/www.spolchemie.cz\/wp-content\/uploads\/2023\/03\/show-image-30-768x429.jpg 768w\" sizes=\"(max-width: 800px) 100vw, 800px\" \/>\t\t\t\t\t\t\t\t\t\t\t\t\t\t\t<\/div>\n\t\t\t\t\t<\/div>\n\t\t\t\t<\/div>\n\t\t\t\t\t<\/div>\n\t\t\t\t<\/div>\n\t\t<div class=\"elementor-element elementor-element-1915dd2e e-flex e-con-boxed e-con e-parent\" data-id=\"1915dd2e\" data-element_type=\"container\">\n\t\t\t\t\t<div class=\"e-con-inner\">\n\t\t<div class=\"elementor-element elementor-element-38412842 e-flex e-con-boxed e-con e-child\" data-id=\"38412842\" data-element_type=\"container\">\n\t\t\t\t\t<div class=\"e-con-inner\">\n\t\t\t\t<div class=\"elementor-element elementor-element-12803d32 elementor-widget elementor-widget-image\" data-id=\"12803d32\" data-element_type=\"widget\" data-widget_type=\"image.default\">\n\t\t\t\t\t\t\t\t\t\t\t\t\t\t\t\t<a href=\"https:\/\/www.spolchemie.cz\/profese\/delnicke-profese\/\">\n\t\t\t\t\t\t\t<img decoding=\"async\" width=\"800\" height=\"352\" src=\"https:\/\/www.spolchemie.cz\/wp-content\/uploads\/2023\/03\/show-image-34-e1680174803678-1024x450.jpg\" class=\"attachment-large size-large wp-image-481\" alt=\"\" srcset=\"https:\/\/www.spolchemie.cz\/wp-content\/uploads\/2023\/03\/show-image-34-e1680174803678-1024x450.jpg 1024w, https:\/\/www.spolchemie.cz\/wp-content\/uploads\/2023\/03\/show-image-34-e1680174803678-300x132.jpg 300w, https:\/\/www.spolchemie.cz\/wp-content\/uploads\/2023\/03\/show-image-34-e1680174803678-768x337.jpg 768w, https:\/\/www.spolchemie.cz\/wp-content\/uploads\/2023\/03\/show-image-34-e1680174803678.jpg 1134w\" sizes=\"(max-width: 800px) 100vw, 800px\" \/>\t\t\t\t\t\t\t\t<\/a>\n\t\t\t\t\t\t\t\t\t\t\t\t\t\t\t<\/div>\n\t\t\t\t<div class=\"elementor-element elementor-element-2caf1da1 elementor-widget elementor-widget-heading\" data-id=\"2caf1da1\" data-element_type=\"widget\" data-widget_type=\"heading.default\">\n\t\t\t\t\t<h2 class=\"elementor-heading-title elementor-size-default\"><a href=\"https:\/\/www.spolchemie.cz\/profese\/delnicke-profese\/\">D\u011blnick\u00e9 pozice<\/a><\/h2>\t\t\t\t<\/div>\n\t\t\t\t\t<\/div>\n\t\t\t\t<\/div>\n\t\t<div class=\"elementor-element elementor-element-73e6df75 e-flex e-con-boxed e-con e-child\" data-id=\"73e6df75\" data-element_type=\"container\">\n\t\t\t\t\t<div class=\"e-con-inner\">\n\t\t\t\t<div class=\"elementor-element elementor-element-3f7c81ca elementor-widget elementor-widget-image\" data-id=\"3f7c81ca\" data-element_type=\"widget\" data-widget_type=\"image.default\">\n\t\t\t\t\t\t\t\t\t\t\t\t\t\t\t\t<a href=\"https:\/\/www.spolchemie.cz\/profese\/technicke-a-vyzkumne-profese\/\">\n\t\t\t\t\t\t\t<img decoding=\"async\" width=\"800\" height=\"429\" src=\"https:\/\/www.spolchemie.cz\/wp-content\/uploads\/2023\/09\/laborky-3-1024x549.jpg\" class=\"attachment-large size-large wp-image-8385\" alt=\"\" srcset=\"https:\/\/www.spolchemie.cz\/wp-content\/uploads\/2023\/09\/laborky-3-1024x549.jpg 1024w, https:\/\/www.spolchemie.cz\/wp-content\/uploads\/2023\/09\/laborky-3-300x161.jpg 300w, https:\/\/www.spolchemie.cz\/wp-content\/uploads\/2023\/09\/laborky-3-768x412.jpg 768w, https:\/\/www.spolchemie.cz\/wp-content\/uploads\/2023\/09\/laborky-3.jpg 1328w\" sizes=\"(max-width: 800px) 100vw, 800px\" \/>\t\t\t\t\t\t\t\t<\/a>\n\t\t\t\t\t\t\t\t\t\t\t\t\t\t\t<\/div>\n\t\t\t\t<div class=\"elementor-element elementor-element-12129ff3 elementor-widget elementor-widget-heading\" data-id=\"12129ff3\" data-element_type=\"widget\" data-widget_type=\"heading.default\">\n\t\t\t\t\t<h2 class=\"elementor-heading-title elementor-size-default\"><a href=\"https:\/\/www.spolchemie.cz\/profese\/technicke-a-vyzkumne-profese\/\">Technick\u00e9 a v\u00fdzkumn\u00e9 profese<\/a><\/h2>\t\t\t\t<\/div>\n\t\t\t\t\t<\/div>\n\t\t\t\t<\/div>\n\t\t<div class=\"elementor-element elementor-element-d385375 e-flex e-con-boxed e-con e-child\" data-id=\"d385375\" data-element_type=\"container\">\n\t\t\t\t\t<div class=\"e-con-inner\">\n\t\t\t\t<div class=\"elementor-element elementor-element-24b9bd17 elementor-widget elementor-widget-image\" data-id=\"24b9bd17\" data-element_type=\"widget\" data-widget_type=\"image.default\">\n\t\t\t\t\t\t\t\t\t\t\t\t\t\t\t\t<a href=\"https:\/\/www.spolchemie.cz\/profese\/administrativa-a-management\/\">\n\t\t\t\t\t\t\t<img loading=\"lazy\" decoding=\"async\" width=\"800\" height=\"449\" src=\"https:\/\/www.spolchemie.cz\/wp-content\/uploads\/2023\/07\/hodnoty-1-1024x575.jpeg\" class=\"attachment-large size-large wp-image-2498\" alt=\"\" srcset=\"https:\/\/www.spolchemie.cz\/wp-content\/uploads\/2023\/07\/hodnoty-1-1024x575.jpeg 1024w, https:\/\/www.spolchemie.cz\/wp-content\/uploads\/2023\/07\/hodnoty-1-300x168.jpeg 300w, https:\/\/www.spolchemie.cz\/wp-content\/uploads\/2023\/07\/hodnoty-1-768x431.jpeg 768w, https:\/\/www.spolchemie.cz\/wp-content\/uploads\/2023\/07\/hodnoty-1-1536x862.jpeg 1536w, https:\/\/www.spolchemie.cz\/wp-content\/uploads\/2023\/07\/hodnoty-1.jpeg 1600w\" sizes=\"(max-width: 800px) 100vw, 800px\" \/>\t\t\t\t\t\t\t\t<\/a>\n\t\t\t\t\t\t\t\t\t\t\t\t\t\t\t<\/div>\n\t\t\t\t<div class=\"elementor-element elementor-element-76c47bb9 elementor-widget elementor-widget-heading\" data-id=\"76c47bb9\" data-element_type=\"widget\" data-widget_type=\"heading.default\">\n\t\t\t\t\t<h2 class=\"elementor-heading-title elementor-size-default\"><a href=\"https:\/\/www.spolchemie.cz\/profese\/administrativa-a-management\/\">Administrativa a Management<\/a><\/h2>\t\t\t\t<\/div>\n\t\t\t\t\t<\/div>\n\t\t\t\t<\/div>\n\t\t\t\t\t<\/div>\n\t\t\t\t<\/div>\n\t\t\t\t<\/div>\n\t\t","protected":false},"excerpt":{"rendered":"<p>Spolchemie Sta\u0148te se sou\u010d\u00e1st\u00ed na\u0161eho t\u00fdmu Odstartujte svoji kari\u00e9ru v z\u00e1zem\u00ed mezin\u00e1rodn\u011b \u00fasp\u011b\u0161n\u00e9, ryze \u010desk\u00e9 firmy. Na\u0161im zam\u011bstnanc\u016fm nab\u00edz\u00edme zaj\u00edmavou, odpov\u011bdnou a stabiln\u00ed pr\u00e1ci. D\u011blnick\u00e9 pozice Technick\u00e9 a v\u00fdzkumn\u00e9 profese Administrativa a Management<\/p>\n","protected":false},"author":1,"featured_media":0,"parent":438,"menu_order":0,"comment_status":"closed","ping_status":"closed","template":"","meta":{"_acf_changed":false,"_seopress_robots_primary_cat":"","_seopress_titles_title":"","_seopress_titles_desc":"","_seopress_robots_index":"","footnotes":"","_links_to":"","_links_to_target":""},"class_list":["post-454","page","type-page","status-publish","hentry"],"acf":[],"_links":{"self":[{"href":"https:\/\/www.spolchemie.cz\/cs\/wp-json\/wp\/v2\/pages\/454","targetHints":{"allow":["GET"]}}],"collection":[{"href":"https:\/\/www.spolchemie.cz\/cs\/wp-json\/wp\/v2\/pages"}],"about":[{"href":"https:\/\/www.spolchemie.cz\/cs\/wp-json\/wp\/v2\/types\/page"}],"author":[{"embeddable":true,"href":"https:\/\/www.spolchemie.cz\/cs\/wp-json\/wp\/v2\/users\/1"}],"replies":[{"embeddable":true,"href":"https:\/\/www.spolchemie.cz\/cs\/wp-json\/wp\/v2\/comments?post=454"}],"version-history":[{"count":78,"href":"https:\/\/www.spolchemie.cz\/cs\/wp-json\/wp\/v2\/pages\/454\/revisions"}],"predecessor-version":[{"id":11158,"href":"https:\/\/www.spolchemie.cz\/cs\/wp-json\/wp\/v2\/pages\/454\/revisions\/11158"}],"up":[{"embeddable":true,"href":"https:\/\/www.spolchemie.cz\/cs\/wp-json\/wp\/v2\/pages\/438"}],"wp:attachment":[{"href":"https:\/\/www.spolchemie.cz\/cs\/wp-json\/wp\/v2\/media?parent=454"}],"curies":[{"name":"wp","href":"https:\/\/api.w.org\/{rel}","templated":true}]}}