{"id":55901,"date":"2024-02-01T14:48:02","date_gmt":"2024-02-01T13:48:02","guid":{"rendered":"https:\/\/www.spolchemie.cz\/?page_id=55901"},"modified":"2024-02-01T14:55:33","modified_gmt":"2024-02-01T13:55:33","slug":"specialni-epoxidy-pro-kolejova-vozidla","status":"publish","type":"page","link":"https:\/\/www.spolchemie.cz\/cs\/vyrobky\/kde-najdete-nase-vyrobky\/specialni-epoxidy-pro-kolejova-vozidla\/","title":{"rendered":"Speci\u00e1ln\u00ed epoxidy pro kolejov\u00e1 vozidla"},"content":{"rendered":"\t\t<div data-elementor-type=\"wp-page\" data-elementor-id=\"55901\" class=\"elementor elementor-55901\" data-elementor-post-type=\"page\">\n\t\t\t\t<div class=\"elementor-element elementor-element-5c154d8 e-flex e-con-boxed e-con e-parent\" data-id=\"5c154d8\" data-element_type=\"container\">\n\t\t\t\t\t<div class=\"e-con-inner\">\n\t\t\t\t<div class=\"elementor-element elementor-element-6724fa4 elementor-widget elementor-widget-heading\" data-id=\"6724fa4\" data-element_type=\"widget\" data-widget_type=\"heading.default\">\n\t\t\t\t\t<h2 class=\"elementor-heading-title elementor-size-default\">SPOLCHEMIE vyr\u00e1b\u00ed speci\u00e1ln\u00ed epoxidov\u00e9 syst\u00e9my spl\u0148uj\u00edc\u00ed normu EN 45545-2<\/h2>\t\t\t\t<\/div>\n\t\t\t\t\t<\/div>\n\t\t\t\t<\/div>\n\t\t<div class=\"elementor-element elementor-element-ded01ed e-flex e-con-boxed e-con e-parent\" data-id=\"ded01ed\" data-element_type=\"container\">\n\t\t\t\t\t<div class=\"e-con-inner\">\n\t\t<div class=\"elementor-element elementor-element-45c32f8 e-flex e-con-boxed e-con e-child\" data-id=\"45c32f8\" data-element_type=\"container\">\n\t\t\t\t\t<div class=\"e-con-inner\">\n\t\t<div class=\"elementor-element elementor-element-5a5ef28 e-con-full e-flex e-con e-child\" data-id=\"5a5ef28\" data-element_type=\"container\">\n\t\t\t\t<div class=\"elementor-element elementor-element-9b78590 elementor-widget elementor-widget-text-editor\" data-id=\"9b78590\" data-element_type=\"widget\" data-widget_type=\"text-editor.default\">\n\t\t\t\t\t\t\t\t\t<p>\u017delezni\u010dn\u00ed doprava je zn\u00e1ma sv\u00fdmi v\u00fdhodami: je ekologicky \u0161etrn\u00e1, efektivn\u00ed pro p\u0159epravu velk\u00e9ho po\u010dtu osob i t\u011b\u017ek\u00fdch n\u00e1klad\u016f a rychl\u00e1. Studie ukazuj\u00ed, \u017ee m\u00e1 tak\u00e9 ni\u017e\u0161\u00ed emise sklen\u00edkov\u00fdch plyn\u016f ve srovn\u00e1n\u00ed se silni\u010dn\u00ed dopravou, co\u017e nazna\u010duje jej\u00ed velk\u00fd potenci\u00e1l pro budoucnost.<\/p><p>Z\u00e1sadn\u00ed je ale tak\u00e9 jej\u00ed bezpe\u010dnost a mimo jin\u00e9 i bezpe\u010dnost pro p\u0159\u00edpad po\u017e\u00e1r\u016f \u2013 a to je oblast, kde nach\u00e1zej\u00ed sv\u00e9 uplatn\u011bn\u00ed i na\u0161e speci\u00e1ln\u00ed epoxidov\u00e9 syst\u00e9my.<\/p><p>Evropsk\u00e1 norma EN 45545-2, platn\u00e1 od roku 2013, sjednocuje po\u017eadavky na po\u017e\u00e1rn\u00ed ochranu dr\u00e1\u017en\u00edch vozidel. Tato norma je v\u00a0oblasti kolejov\u00fdch vozidel standardem a v\u0161echna vozidla ji mus\u00ed spl\u0148ovat. Ur\u010duje pou\u017eiteln\u00e9 materi\u00e1ly a komponenty a jejich ho\u0159lavost, kter\u00e1 je d\u00e1le rozvedena do specifick\u00fdch po\u017eadavk\u016f: kysl\u00edkov\u00fd index, optickou hustotu kou\u0159e a toxicitu kou\u0159e. D\u00e1le definuje pou\u017eit\u00ed komponent\u016f a jejich za\u0159azen\u00ed podle prostor\u016f pou\u017eit\u00ed na R22 \u2013 vnit\u0159n\u00ed a R23 \u2013 venkovn\u00ed a rozd\u011blen\u00ed do bezpe\u010dnostn\u00edch hladin HL1, HL2 a HL3. Tato norma zaji\u0161\u0165uje bezpe\u010dnost cestuj\u00edc\u00edch, pracovn\u00edk\u016f i n\u00e1kladu v\u00a0\u017eelezni\u010dn\u00ed doprav\u011b v\u00a0p\u0159\u00edpad\u011b po\u017e\u00e1ru.<\/p>\t\t\t\t\t\t\t\t<\/div>\n\t\t\t\t<\/div>\n\t\t<div class=\"elementor-element elementor-element-dbb7f23 e-con-full e-flex e-con e-child\" data-id=\"dbb7f23\" data-element_type=\"container\">\n\t\t\t\t<div class=\"elementor-element elementor-element-921530b elementor-widget elementor-widget-image\" data-id=\"921530b\" data-element_type=\"widget\" data-widget_type=\"image.default\">\n\t\t\t\t\t\t\t\t\t\t\t\t\t\t\t<img fetchpriority=\"high\" decoding=\"async\" width=\"768\" height=\"576\" src=\"https:\/\/www.spolchemie.cz\/wp-content\/uploads\/2023\/07\/shutterstock_636684292_orez-768x576.jpg\" class=\"attachment-medium_large size-medium_large wp-image-55801\" alt=\"\" srcset=\"https:\/\/www.spolchemie.cz\/wp-content\/uploads\/2023\/07\/shutterstock_636684292_orez-768x576.jpg 768w, https:\/\/www.spolchemie.cz\/wp-content\/uploads\/2023\/07\/shutterstock_636684292_orez-300x225.jpg 300w, https:\/\/www.spolchemie.cz\/wp-content\/uploads\/2023\/07\/shutterstock_636684292_orez-1024x768.jpg 1024w, https:\/\/www.spolchemie.cz\/wp-content\/uploads\/2023\/07\/shutterstock_636684292_orez-1536x1152.jpg 1536w, https:\/\/www.spolchemie.cz\/wp-content\/uploads\/2023\/07\/shutterstock_636684292_orez-2048x1536.jpg 2048w\" sizes=\"(max-width: 768px) 100vw, 768px\" \/>\t\t\t\t\t\t\t\t\t\t\t\t\t\t\t<\/div>\n\t\t\t\t<\/div>\n\t\t\t\t\t<\/div>\n\t\t\t\t<\/div>\n\t\t\t\t\t<\/div>\n\t\t\t\t<\/div>\n\t\t<div class=\"elementor-element elementor-element-d39fc3a e-flex e-con-boxed e-con e-parent\" data-id=\"d39fc3a\" data-element_type=\"container\">\n\t\t\t\t\t<div class=\"e-con-inner\">\n\t\t<div class=\"elementor-element elementor-element-d9ba30e e-flex e-con-boxed e-con e-child\" data-id=\"d9ba30e\" data-element_type=\"container\">\n\t\t\t\t\t<div class=\"e-con-inner\">\n\t\t\t\t<div class=\"elementor-element elementor-element-df4eb0f elementor-widget elementor-widget-text-editor\" data-id=\"df4eb0f\" data-element_type=\"widget\" data-widget_type=\"text-editor.default\">\n\t\t\t\t\t\t\t\t\t<p>SPOLCHEMIE vyr\u00e1b\u00ed speci\u00e1ln\u00ed hydrofobn\u00ed epoxidov\u00fd syst\u00e9m CHS-EPODUR 561-1577_C2_D5, kter\u00fd byl testov\u00e1n a spl\u0148uje nejvy\u0161\u0161\u00ed po\u017eadavky na po\u017e\u00e1rn\u00ed ochranu dle normy EN 45545-2. Tento syst\u00e9m je prim\u00e1rn\u011b ur\u010den pro venkovn\u00ed pou\u017eit\u00ed, ale lze ho vyu\u017e\u00edt i ve vnit\u0159n\u00edch aplikac\u00edch. Vyzna\u010duje se v\u00fdbornou odolnost\u00ed proti nas\u00e1kavosti a spl\u0148uje specifikovan\u00e9 parametry pro nejvy\u0161\u0161\u00ed \u00farove\u0148 rizika HL3. Zkou\u0161ky byly provedeny v\u00a0akreditovan\u00e9 laborato\u0159i ve firm\u011b CZ testing institute s.r.o.<\/p><p>V\u00edce informac\u00ed o v\u00fdrobku najdete <span style=\"text-decoration: underline;\"><strong><a href=\"https:\/\/www.spolchemie.cz\/produkty\/chs-epodur-561-1557\/\">zde<\/a><\/strong><\/span>.<\/p><p>\u00a0 <br \/>Pro detailn\u011bj\u0161\u00ed informace o aplikac\u00edch a certifikaci kontaktujte<span style=\"text-decoration: underline;\"><strong><a href=\"maito:viktora@spolchemie.cz\"> Ji\u0159\u00edho Viktoru<\/a><\/strong><\/span>, vedouc\u00edho segmentu Elektro &amp; Elektronika.<\/p>\t\t\t\t\t\t\t\t<\/div>\n\t\t\t\t\t<\/div>\n\t\t\t\t<\/div>\n\t\t\t\t\t<\/div>\n\t\t\t\t<\/div>\n\t\t<div class=\"elementor-element elementor-element-0110844 e-flex e-con-boxed e-con e-parent\" data-id=\"0110844\" data-element_type=\"container\">\n\t\t\t\t\t<div class=\"e-con-inner\">\n\t\t\t\t<div class=\"elementor-element elementor-element-014f1c8 elementor-widget elementor-widget-image\" data-id=\"014f1c8\" data-element_type=\"widget\" data-widget_type=\"image.default\">\n\t\t\t\t\t\t\t\t\t\t\t\t\t\t\t<img decoding=\"async\" width=\"557\" height=\"797\" src=\"https:\/\/www.spolchemie.cz\/wp-content\/uploads\/2024\/02\/report_1st-page.jpg\" class=\"attachment-large size-large wp-image-55846\" alt=\"\" srcset=\"https:\/\/www.spolchemie.cz\/wp-content\/uploads\/2024\/02\/report_1st-page.jpg 557w, https:\/\/www.spolchemie.cz\/wp-content\/uploads\/2024\/02\/report_1st-page-210x300.jpg 210w\" sizes=\"(max-width: 557px) 100vw, 557px\" \/>\t\t\t\t\t\t\t\t\t\t\t\t\t\t\t<\/div>\n\t\t\t\t\t<\/div>\n\t\t\t\t<\/div>\n\t\t\t\t<\/div>\n\t\t","protected":false},"excerpt":{"rendered":"<p>SPOLCHEMIE vyr\u00e1b\u00ed speci\u00e1ln\u00ed epoxidov\u00e9 syst\u00e9my spl\u0148uj\u00edc\u00ed normu EN 45545-2 \u017delezni\u010dn\u00ed doprava je zn\u00e1ma sv\u00fdmi v\u00fdhodami: je ekologicky \u0161etrn\u00e1, efektivn\u00ed pro p\u0159epravu velk\u00e9ho po\u010dtu osob i t\u011b\u017ek\u00fdch n\u00e1klad\u016f a rychl\u00e1. Studie ukazuj\u00ed, \u017ee m\u00e1 tak\u00e9 ni\u017e\u0161\u00ed emise sklen\u00edkov\u00fdch plyn\u016f ve srovn\u00e1n\u00ed se silni\u010dn\u00ed dopravou, co\u017e nazna\u010duje jej\u00ed velk\u00fd potenci\u00e1l pro budoucnost. Z\u00e1sadn\u00ed je ale tak\u00e9 jej\u00ed [&hellip;]<\/p>\n","protected":false},"author":8,"featured_media":0,"parent":55896,"menu_order":0,"comment_status":"closed","ping_status":"closed","template":"","meta":{"_acf_changed":false,"_seopress_robots_primary_cat":"","_seopress_titles_title":"","_seopress_titles_desc":"","_seopress_robots_index":"","footnotes":"","_links_to":"","_links_to_target":""},"class_list":["post-55901","page","type-page","status-publish","hentry"],"acf":[],"_links":{"self":[{"href":"https:\/\/www.spolchemie.cz\/cs\/wp-json\/wp\/v2\/pages\/55901","targetHints":{"allow":["GET"]}}],"collection":[{"href":"https:\/\/www.spolchemie.cz\/cs\/wp-json\/wp\/v2\/pages"}],"about":[{"href":"https:\/\/www.spolchemie.cz\/cs\/wp-json\/wp\/v2\/types\/page"}],"author":[{"embeddable":true,"href":"https:\/\/www.spolchemie.cz\/cs\/wp-json\/wp\/v2\/users\/8"}],"replies":[{"embeddable":true,"href":"https:\/\/www.spolchemie.cz\/cs\/wp-json\/wp\/v2\/comments?post=55901"}],"version-history":[{"count":8,"href":"https:\/\/www.spolchemie.cz\/cs\/wp-json\/wp\/v2\/pages\/55901\/revisions"}],"predecessor-version":[{"id":55909,"href":"https:\/\/www.spolchemie.cz\/cs\/wp-json\/wp\/v2\/pages\/55901\/revisions\/55909"}],"up":[{"embeddable":true,"href":"https:\/\/www.spolchemie.cz\/cs\/wp-json\/wp\/v2\/pages\/55896"}],"wp:attachment":[{"href":"https:\/\/www.spolchemie.cz\/cs\/wp-json\/wp\/v2\/media?parent=55901"}],"curies":[{"name":"wp","href":"https:\/\/api.w.org\/{rel}","templated":true}]}}