{"id":55919,"date":"2024-02-01T15:24:35","date_gmt":"2024-02-01T14:24:35","guid":{"rendered":"https:\/\/www.spolchemie.cz\/?page_id=55919"},"modified":"2024-02-01T15:58:09","modified_gmt":"2024-02-01T14:58:09","slug":"epoxidove-lite-podlahy-pro-funkcni-i-designova-reseni","status":"publish","type":"page","link":"https:\/\/www.spolchemie.cz\/cs\/vyrobky\/kde-najdete-nase-vyrobky\/epoxidove-lite-podlahy-pro-funkcni-i-designova-reseni\/","title":{"rendered":"Epoxidov\u00e9 lit\u00e9 podlahy pro funk\u010dn\u00ed i designov\u00e1 \u0159e\u0161en\u00ed"},"content":{"rendered":"\t\t<div data-elementor-type=\"wp-page\" data-elementor-id=\"55919\" class=\"elementor elementor-55919\" data-elementor-post-type=\"page\">\n\t\t\t\t<div class=\"elementor-element elementor-element-1532a29 e-flex e-con-boxed e-con e-parent\" data-id=\"1532a29\" data-element_type=\"container\">\n\t\t\t\t\t<div class=\"e-con-inner\">\n\t\t<div class=\"elementor-element elementor-element-c8857ce e-con-full e-flex e-con e-child\" data-id=\"c8857ce\" data-element_type=\"container\">\n\t\t\t\t<div class=\"elementor-element elementor-element-981eb92 elementor-widget elementor-widget-text-editor\" data-id=\"981eb92\" data-element_type=\"widget\" data-widget_type=\"text-editor.default\">\n\t\t\t\t\t\t\t\t\t<h3>Co je lit\u00e1 epoxidov\u00e1 podlaha?<\/h3><p>Lit\u00e1 epoxidov\u00e1 podlaha je typem podlahoviny, v n\u00ed\u017e se pou\u017e\u00edv\u00e1 epoxidov\u00fd syst\u00e9m k fin\u00e1ln\u00ed \u00faprav\u011b povrch\u016f betonov\u00fdch podlahov\u00fdch konstrukc\u00ed.<\/p><h3>Kde se epoxidov\u00e9 lit\u00e9 podlahy vyu\u017e\u00edvaj\u00ed?<\/h3><p>Epoxidov\u00e9 podlahy jsou d\u00edky sv\u00e9 odolnosti a vynikaj\u00edc\u00edm vlastnostem ide\u00e1ln\u00ed pro r\u016fzn\u00e9 pr\u016fmyslov\u00e9 a komer\u010dn\u00ed prostory. \u010casto je najdete v prostorech s velk\u00fdm zat\u00ed\u017een\u00edm, jak\u00fdmi jsou v\u00fdrobn\u00ed objekty, sklady, \u00a0podzemn\u00ed gar\u00e1\u017ee a parkovac\u00ed domy. Z\u00e1rove\u0148 nab\u00edzej\u00ed r\u016fzn\u00e9 mo\u017enosti zpracov\u00e1n\u00ed a p\u0159izp\u016fsoben\u00ed vlastnost\u00ed speci\u00e1ln\u00edm po\u017eadavk\u016fm, tak\u017ee se vyu\u017e\u00edvaj\u00ed i v obytn\u00fdch domech, kancel\u00e1\u0159\u00edch, nemocnic\u00edch \u010di elektr\u00e1rn\u00e1ch \u2013 prost\u011b v\u0161ude tam, kde mus\u00ed b\u00fdt podlahy nejen funk\u010dn\u00ed, ale i p\u011bkn\u00e9 anebo vy\u017eaduj\u00ed speci\u00e1ln\u00ed \u00fapravu (antistatickou, protiskluznou atd.). D\u00edky mo\u017enosti designov\u00e9ho ztv\u00e1rn\u011bn\u00ed epoxidov\u00fdch podlah je pak najdete i v prostorech galeri\u00ed, kav\u00e1ren, restaurac\u00ed \u010di showroom\u016f. Lit\u00e9 epoxidov\u00e9 podlahy se daj\u00ed po pe\u010dliv\u00e9 p\u0159\u00edprav\u011b povrch\u016f pou\u017e\u00edt i tam, kde je povrch po\u0161kozen (praskliny, vydrolen\u00ed, mechanick\u00e9 po\u0161kozen\u00ed, m\u00edrn\u00e9 nerovnosti).<\/p>\t\t\t\t\t\t\t\t<\/div>\n\t\t\t\t<\/div>\n\t\t<div class=\"elementor-element elementor-element-c17d443 e-con-full e-flex e-con e-child\" data-id=\"c17d443\" data-element_type=\"container\">\n\t\t\t\t<div class=\"elementor-element elementor-element-5a6d3f5 elementor-widget elementor-widget-image\" data-id=\"5a6d3f5\" data-element_type=\"widget\" data-widget_type=\"image.default\">\n\t\t\t\t\t\t\t\t\t\t\t\t\t\t\t<img fetchpriority=\"high\" decoding=\"async\" width=\"800\" height=\"800\" src=\"https:\/\/www.spolchemie.cz\/wp-content\/uploads\/2023\/07\/1-1-1024x1024.jpeg\" class=\"attachment-large size-large wp-image-3609\" alt=\"\" srcset=\"https:\/\/www.spolchemie.cz\/wp-content\/uploads\/2023\/07\/1-1-1024x1024.jpeg 1024w, https:\/\/www.spolchemie.cz\/wp-content\/uploads\/2023\/07\/1-1-300x300.jpeg 300w, https:\/\/www.spolchemie.cz\/wp-content\/uploads\/2023\/07\/1-1-150x150.jpeg 150w, https:\/\/www.spolchemie.cz\/wp-content\/uploads\/2023\/07\/1-1-768x768.jpeg 768w, https:\/\/www.spolchemie.cz\/wp-content\/uploads\/2023\/07\/1-1-1536x1536.jpeg 1536w, https:\/\/www.spolchemie.cz\/wp-content\/uploads\/2023\/07\/1-1.jpeg 1600w\" sizes=\"(max-width: 800px) 100vw, 800px\" \/>\t\t\t\t\t\t\t\t\t\t\t\t\t\t\t<\/div>\n\t\t\t\t<\/div>\n\t\t\t\t\t<\/div>\n\t\t\t\t<\/div>\n\t\t<div class=\"elementor-element elementor-element-314f34f e-flex e-con-boxed e-con e-parent\" data-id=\"314f34f\" data-element_type=\"container\">\n\t\t\t\t\t<div class=\"e-con-inner\">\n\t\t<div class=\"elementor-element elementor-element-f6acf35 e-flex e-con-boxed e-con e-child\" data-id=\"f6acf35\" data-element_type=\"container\">\n\t\t\t\t\t<div class=\"e-con-inner\">\n\t\t\t\t<div class=\"elementor-element elementor-element-a87122f elementor-widget elementor-widget-text-editor\" data-id=\"a87122f\" data-element_type=\"widget\" data-widget_type=\"text-editor.default\">\n\t\t\t\t\t\t\t\t\t<h3><strong>Jak\u00e9 jsou v\u00fdhody epoxidov\u00fdch podlah?<\/strong><\/h3><p>Lit\u00e9 epoxidov\u00e9 podlahy vytv\u00e1\u0159\u00ed jednolit\u00fd hladk\u00fd povrch a p\u0159in\u00e1\u0161ej\u00ed n\u011bkolik v\u00fdhod:<\/p><p><strong>PEVNOST A TRVANLIVOST<\/strong><\/p><p>Epoxidov\u00e9 prysky\u0159ice jsou velice pevn\u00e9 a snesou vysok\u00e9 zat\u00ed\u017een\u00ed, tak\u017ee jsou ide\u00e1ln\u00edm \u0159e\u0161en\u00edm i pro vysoce nam\u00e1han\u00e9 pr\u016fmyslov\u00e9 podlahy, kter\u00fdm zajist\u00ed odolnost, v\u00fdznamn\u011b prodlu\u017euj\u00ed \u017eivotnost a sni\u017euj\u00ed nutnost oprav a renovac\u00ed.<\/p><p><strong>ODOLNOST<\/strong><\/p><p>Epoxidy jsou odoln\u00e9 proti v\u011bt\u0161in\u011b chemick\u00fdch l\u00e1tek, tak\u017ee jsou vhodn\u00e9 i do prostor\u016f, jak\u00fdmi jsou laborato\u0159e, chemick\u00e9 a farmaceutick\u00e9 v\u00fdroby nebo nemocnice.<\/p><p><strong>JEDNODUCH\u00c1 \u00daDR\u017dBA A OPRAVA<\/strong><\/p><p>D\u00edky bezesp\u00e1rov\u00e9mu proveden\u00ed se epoxidov\u00e9 podlahy jednodu\u0161e udr\u017euj\u00ed a ned\u00e1vaj\u00ed prostor pro r\u016fst pl\u00edsn\u00ed nebo mno\u017een\u00ed mikrob\u016f. Pokud u\u017e je nutn\u00e1 oprava povrchu, lze ji prov\u00e9st jednodu\u0161e a s minim\u00e1ln\u00edmi n\u00e1klady.<\/p><p><strong>PROTISKLUZN\u00dd POVRCH<\/strong><\/p><p>Vedle hladk\u00fdch povrch\u016f nab\u00edz\u00ed epoxidov\u00e9 podlahy \u0161irokou \u0161k\u00e1lu mo\u017enost\u00ed, jak vytvo\u0159it protiskluzn\u00fd povrch. Posypem penetrace k\u0159emi\u010dit\u00fdm p\u00edskem r\u016fzn\u00e9 frakce lze dos\u00e1hnout hrubost povrchu p\u0159esn\u011b dle p\u0159\u00e1n\u00ed z\u00e1kazn\u00edka.<\/p><p><strong>ATRAKTIVN\u00cd VZHLED<\/strong><\/p><p>A\u010d jsou epoxidov\u00e9 podlahy \u010dasto synonymem \u0161ed\u00e9 podlahy v gar\u00e1\u017ei nebo pr\u016fmyslov\u00e9 hale, v dne\u0161n\u00ed dob\u011b jsou vyu\u017e\u00edv\u00e1ny tak\u00e9 design\u00e9ry po cel\u00e9m sv\u011bt\u011b pro vytv\u00e1\u0159en\u00ed origin\u00e1ln\u00edch a atraktivn\u00edch podlah v reprezentativn\u00edch prostorech, jak\u00fdmi jsou galerie, kav\u00e1rny, hotely, showroomy atd.<\/p><h3>Jak se epoxidov\u00e9 podlahy aplikuj\u00ed?<\/h3><p>Z\u00e1kladem odolnosti a dlouh\u00e9 \u017eivotnosti epoxidov\u00e9 podlahy je p\u0159\u00edprava betonov\u00e9ho podkladu. Povrch betonu mus\u00ed b\u00fdt pevn\u00fd, \u010dist\u00fd, such\u00fd a izolovan\u00fd od zemn\u00ed vlhkosti, nov\u00fd beton mus\u00ed b\u00fdt vyzr\u00e1l\u00fd. Pokud je povrch po\u0161kozen\u00fd (nesoudr\u017en\u00e9 \u010d\u00e1sti, vydrolen\u00fd, nerovn\u00fd) nebo zne\u010di\u0161t\u011bn\u00fd (olej, nafta atd.), je nutn\u00e9 podlahu obrousit nebo otryskat (ocelov\u00fdmi kuli\u010dkami, p\u00edskem, p\u0159\u00edp. vysokotlak\u00fdm \u010disti\u010dem).<\/p><p>Na takto p\u0159ipraven\u00fd betonov\u00fd povrch se aplikuje epoxidov\u00fd penetra\u010dn\u00ed n\u00e1t\u011br. Ten slou\u017e\u00ed k ukotven\u00ed prachov\u00fdch \u010d\u00e1stic, vyt\u011bsn\u011bn\u00ed vzduchu z povrchu, sn\u00ed\u017een\u00ed a sjednot\u00ed nas\u00e1kavosti povrchu a vytvo\u0159en\u00ed adhezn\u00edho m\u016fstku pro dokonal\u00e9 nakotven\u00ed n\u00e1sledn\u00e9 vrstvy.<\/p><p>Na napenetrovan\u00fd a vytvrzel\u00fd povrch se aplikuje samonivela\u010dn\u00ed epoxidov\u00e1 sm\u011bs (epoxidov\u00fd syst\u00e9m) pomoc\u00ed zubov\u00e9 st\u011brky, cel\u00fd povrch se n\u00e1sledn\u011b prov\u00e1le\u010dkuje je\u017ekov\u00fdm v\u00e1le\u010dkem, aby se z nalit\u00e9 hmoty l\u00e9pe uvolnil vm\u00edchan\u00fd vzduch. Pokud si to z\u00e1kazn\u00edk p\u0159eje, lze povrch opat\u0159it posypem dekorativn\u00edmi chipsy s n\u00e1sledn\u00fdm p\u0159elakov\u00e1n\u00edm bezbarv\u00fdm epoxidov\u00fdm lakem.<\/p><p>Epoxidov\u00e9 podlahy mohou m\u00edt malou i v\u011bt\u0161\u00ed tlou\u0161\u0165ku (0,3 \u2013 3 mm). Jednotliv\u00e9 m\u00edsic\u00ed pom\u011bry a postup zpracov\u00e1n\u00ed slo\u017eek epoxidov\u00fdch syst\u00e9m\u016f jsou pops\u00e1ny v aplika\u010dn\u00edch listech.<\/p><h3>\u0158e\u0161en\u00ed pro podlahy ze SPOLCHEMIE\u00ae<\/h3><p>Produkty SPOLCHEMIE\u00ae jsou na trhu zn\u00e1m\u00e9 u\u017e n\u011bkolik des\u00edtek let pro svou kvalitu a dlouhou \u017eivotnost. Dokonce se lze setkat s t\u00edm, \u017ee jm\u00e9no produktu SADURIT\u00ae se stalo synonymem pro epoxidov\u00fd n\u00e1t\u011br betonov\u00fdch podlah.<\/p><p>Portfolio SPOLCHEMIE\u00ae zahrnuje produkty pro komplexn\u00ed \u0159e\u0161en\u00ed betonov\u00fdch, ale i d\u0159ev\u011bn\u00fdch podlah. A\u0165 u\u017e jde o vysoce nam\u00e1han\u00e9 pr\u016fmyslov\u00e9 podlahy nebo atraktivn\u00ed barevn\u00e9 podlahy, produkty ze SPOLCHEMIE\u00ae jsou tou spr\u00e1vnou volbou.<\/p><p>Pro vysoce nam\u00e1han\u00e9 podlahy v pr\u016fmyslov\u00fdch a v\u00fdrobn\u00edch prostor\u00e1ch, obchodech, gar\u00e1\u017e\u00edch \u010di parkovac\u00edch domech a skladech byl vyvinut univerz\u00e1ln\u00ed bezrozpou\u0161t\u011bdlov\u00fd epoxidov\u00fd syst\u00e9m EPOSTYL\u00ae 521-01. Jde o probarven\u00fd syst\u00e9m, kter\u00fd je mo\u017en\u00e9 nan\u00e1\u0161et v ten\u010d\u00ed i siln\u011bj\u0161\u00ed vrstv\u011b a m\u00e1 zv\u00fd\u0161enou odolnost v\u016f\u010di UV z\u00e1\u0159en\u00ed. Neskluznost podlahy vytvo\u0159\u00edme jednodu\u0161e p\u0159id\u00e1n\u00edm p\u00edsku. Produkt EPOSTYL\u00ae 521 FLEX je jeho flexibiln\u00ed variantou a byl speci\u00e1ln\u011b vyvinut\u00fd pro zal\u00e9v\u00e1n\u00ed a p\u0159eklenut\u00ed trhlin povrch\u016f v prostorech bez po\u017eadavku na UV stabilitu a na vysokou estetickou hodnotu.<\/p><p>Rozpou\u0161t\u011bdlov\u00fd probarven\u00fd epoxidov\u00fd syst\u00e9m SADURIT\u00ae Z1 se aplikuje v tenk\u00e9 vrstv\u011b a poskytuje vynikaj\u00edc\u00ed chemickou a mechanickou odolnost. D\u00edky sv\u00fdm vlastnostem je vhodn\u00fd pro venkovn\u00ed i vnit\u0159n\u00ed pou\u017eit\u00ed.<\/p><p>Syst\u00e9m EPOSTYL\u00ae 521-180 AS a fin\u00e1ln\u00ed samonivela\u010dn\u00ed probarven\u00fd syst\u00e9m EPOSTYL\u00ae 521-01 AS (bezrozpou\u0161t\u011bdlov\u00fd) je speci\u00e1ln\u011b vyvinut\u00e1 skladba pro antistatick\u00e9 podlahy. Nach\u00e1z\u00ed sv\u00e9 uplatn\u011bn\u00ed v\u0161ude tam, kde je nutn\u00e1 ochrana p\u0159ed statickou elekt\u0159inou a po\u017eadavek na odvod statick\u00e9ho n\u00e1boje z povrchu (v opera\u010dn\u00edch m\u00edstnostech, nemocnic\u00edch, zubn\u00edch ordinac\u00edch, v\u00fdrob\u00e1ch elektronick\u00fdch za\u0159\u00edzen\u00ed, m\u00edstech s nebezpe\u010d\u00edm v\u00fdbuchu).<\/p><p>Vedle produkt\u016f pro pr\u016fmyslov\u00e9 prostory nab\u00edz\u00ed SPOLCHEMIE\u00ae i produkty pro dekorativn\u00ed \u00fa\u010dely. Dekorativn\u00ed epoxidov\u00e9 lit\u00e9 podlahy nejsou jen kr\u00e1sn\u00e9, ale spojuj\u00ed atraktivn\u00ed vzhled s vynikaj\u00edc\u00ed ochrannou funkc\u00ed &#8211; jsou odoln\u00e9 v\u016f\u010di mechanick\u00e9mu po\u0161kozen\u00ed a chemick\u00fdm l\u00e1tk\u00e1m a maj\u00ed dlouhou \u017eivotnost. Najdou sv\u00e9 uplatn\u011bn\u00ed p\u0159edev\u0161\u00edm v prostorech, kde je t\u0159eba funk\u010dn\u00ed a estetick\u00e9 \u0159e\u0161en\u00ed \u2013 ateli\u00e9ry, showroomy, autosal\u00f3ny, kav\u00e1rny, byty, koupelny atd. EPOSTYL\u00ae 521-01 je ide\u00e1ln\u00ed pro barven\u00e9 lit\u00e9 podlahy a nab\u00edz\u00ed k v\u00fdb\u011bru odst\u00ednov\u00e9 varianty dle vzorkovnice RAL, zat\u00edmco EPOSTYL\u00ae GRANIT zajist\u00ed atraktivn\u00ed strukturovan\u00fd granitov\u00fd vzhled (mramor). Samostatnou kapitolou je pak mo\u017enost zal\u00e9v\u00e1n\u00ed men\u0161\u00edch p\u0159edm\u011bt\u016f do epoxidov\u00fdch syst\u00e9m\u016f.<\/p><p>Krom\u011b epoxidov\u00fdch lit\u00fdch podlah nab\u00edz\u00ed SPOLCHEMIE\u00ae tak\u00e9 epoxidov\u00e9 syst\u00e9my pro n\u00e1t\u011bry podlah a jejich opravy, syst\u00e9my pro penetrace nebo syst\u00e9my pro kam\u00ednkov\u00e9 koberce.<\/p><p>Pro v\u00edce informac\u00ed kontaktujte na\u0161eho segment leadera pro stavebnictv\u00ed: Tom\u00e1\u0161 Vej\u0161krab, vejskrab@spolchemie.cz, +420 725 722 366.<\/p><p>\u00a0<\/p><p style=\"text-align: right;\">Mgr. Kamila V\u00edtek Derynkov\u00e1, Product Marketing Manager<\/p><p style=\"text-align: right;\">Tom\u00e1\u0161 Vej\u0161krab, Segment Leader &#8211; Stavebnictv\u00ed<\/p>\t\t\t\t\t\t\t\t<\/div>\n\t\t\t\t\t<\/div>\n\t\t\t\t<\/div>\n\t\t\t\t\t<\/div>\n\t\t\t\t<\/div>\n\t\t<div class=\"elementor-element elementor-element-094e80e e-flex e-con-boxed e-con e-parent\" data-id=\"094e80e\" data-element_type=\"container\">\n\t\t\t\t\t<div class=\"e-con-inner\">\n\t\t\t\t<div class=\"elementor-element elementor-element-a466167 elementor-widget elementor-widget-gallery\" data-id=\"a466167\" data-element_type=\"widget\" data-settings=\"{&quot;lazyload&quot;:&quot;yes&quot;,&quot;gallery_layout&quot;:&quot;grid&quot;,&quot;columns&quot;:4,&quot;columns_tablet&quot;:2,&quot;columns_mobile&quot;:1,&quot;gap&quot;:{&quot;unit&quot;:&quot;px&quot;,&quot;size&quot;:10,&quot;sizes&quot;:[]},&quot;gap_tablet&quot;:{&quot;unit&quot;:&quot;px&quot;,&quot;size&quot;:10,&quot;sizes&quot;:[]},&quot;gap_mobile&quot;:{&quot;unit&quot;:&quot;px&quot;,&quot;size&quot;:10,&quot;sizes&quot;:[]},&quot;link_to&quot;:&quot;file&quot;,&quot;aspect_ratio&quot;:&quot;3:2&quot;,&quot;overlay_background&quot;:&quot;yes&quot;,&quot;content_hover_animation&quot;:&quot;fade-in&quot;}\" data-widget_type=\"gallery.default\">\n\t\t\t\t\t\t\t<div class=\"elementor-gallery__container\">\n\t\t\t\t\t\t\t<a class=\"e-gallery-item elementor-gallery-item elementor-animated-content\" href=\"https:\/\/www.spolchemie.cz\/wp-content\/uploads\/2023\/07\/gal-4.jpeg\" data-elementor-open-lightbox=\"yes\" data-elementor-lightbox-slideshow=\"a466167\" data-elementor-lightbox-title=\"gal-4\" data-e-action-hash=\"#elementor-action%3Aaction%3Dlightbox%26settings%3DeyJpZCI6MzYxNCwidXJsIjoiaHR0cHM6XC9cL3d3dy5zcG9sY2hlbWllLmN6XC93cC1jb250ZW50XC91cGxvYWRzXC8yMDIzXC8wN1wvZ2FsLTQuanBlZyIsInNsaWRlc2hvdyI6ImE0NjYxNjcifQ%3D%3D\">\n\t\t\t\t\t<div class=\"e-gallery-image elementor-gallery-item__image\" data-thumbnail=\"https:\/\/www.spolchemie.cz\/wp-content\/uploads\/2023\/07\/gal-4-300x300.jpeg\" data-width=\"300\" data-height=\"300\" aria-label=\"\" role=\"img\" ><\/div>\n\t\t\t\t\t\t\t\t\t\t\t<div class=\"elementor-gallery-item__overlay\"><\/div>\n\t\t\t\t\t\t\t\t\t\t\t\t\t\t<\/a>\n\t\t\t\t\t\t\t<a class=\"e-gallery-item elementor-gallery-item elementor-animated-content\" href=\"https:\/\/www.spolchemie.cz\/wp-content\/uploads\/2023\/07\/gal-2.jpeg\" data-elementor-open-lightbox=\"yes\" data-elementor-lightbox-slideshow=\"a466167\" data-elementor-lightbox-title=\"gal-2\" data-e-action-hash=\"#elementor-action%3Aaction%3Dlightbox%26settings%3DeyJpZCI6MzYxMiwidXJsIjoiaHR0cHM6XC9cL3d3dy5zcG9sY2hlbWllLmN6XC93cC1jb250ZW50XC91cGxvYWRzXC8yMDIzXC8wN1wvZ2FsLTIuanBlZyIsInNsaWRlc2hvdyI6ImE0NjYxNjcifQ%3D%3D\">\n\t\t\t\t\t<div class=\"e-gallery-image elementor-gallery-item__image\" data-thumbnail=\"https:\/\/www.spolchemie.cz\/wp-content\/uploads\/2023\/07\/gal-2-300x223.jpeg\" data-width=\"300\" data-height=\"223\" aria-label=\"\" role=\"img\" ><\/div>\n\t\t\t\t\t\t\t\t\t\t\t<div class=\"elementor-gallery-item__overlay\"><\/div>\n\t\t\t\t\t\t\t\t\t\t\t\t\t\t<\/a>\n\t\t\t\t\t\t\t<a class=\"e-gallery-item elementor-gallery-item elementor-animated-content\" href=\"https:\/\/www.spolchemie.cz\/wp-content\/uploads\/2023\/07\/gal-1.jpeg\" data-elementor-open-lightbox=\"yes\" data-elementor-lightbox-slideshow=\"a466167\" data-elementor-lightbox-title=\"gal-1\" data-e-action-hash=\"#elementor-action%3Aaction%3Dlightbox%26settings%3DeyJpZCI6MzYxMSwidXJsIjoiaHR0cHM6XC9cL3d3dy5zcG9sY2hlbWllLmN6XC93cC1jb250ZW50XC91cGxvYWRzXC8yMDIzXC8wN1wvZ2FsLTEuanBlZyIsInNsaWRlc2hvdyI6ImE0NjYxNjcifQ%3D%3D\">\n\t\t\t\t\t<div class=\"e-gallery-image elementor-gallery-item__image\" data-thumbnail=\"https:\/\/www.spolchemie.cz\/wp-content\/uploads\/2023\/07\/gal-1-300x224.jpeg\" data-width=\"300\" data-height=\"224\" aria-label=\"\" role=\"img\" ><\/div>\n\t\t\t\t\t\t\t\t\t\t\t<div class=\"elementor-gallery-item__overlay\"><\/div>\n\t\t\t\t\t\t\t\t\t\t\t\t\t\t<\/a>\n\t\t\t\t\t\t\t<a class=\"e-gallery-item elementor-gallery-item elementor-animated-content\" href=\"https:\/\/www.spolchemie.cz\/wp-content\/uploads\/2023\/07\/1-2.jpeg\" data-elementor-open-lightbox=\"yes\" data-elementor-lightbox-slideshow=\"a466167\" data-elementor-lightbox-title=\"1-2\" data-e-action-hash=\"#elementor-action%3Aaction%3Dlightbox%26settings%3DeyJpZCI6MzYxMCwidXJsIjoiaHR0cHM6XC9cL3d3dy5zcG9sY2hlbWllLmN6XC93cC1jb250ZW50XC91cGxvYWRzXC8yMDIzXC8wN1wvMS0yLmpwZWciLCJzbGlkZXNob3ciOiJhNDY2MTY3In0%3D\">\n\t\t\t\t\t<div class=\"e-gallery-image elementor-gallery-item__image\" data-thumbnail=\"https:\/\/www.spolchemie.cz\/wp-content\/uploads\/2023\/07\/1-2-300x300.jpeg\" data-width=\"300\" data-height=\"300\" aria-label=\"\" role=\"img\" ><\/div>\n\t\t\t\t\t\t\t\t\t\t\t<div class=\"elementor-gallery-item__overlay\"><\/div>\n\t\t\t\t\t\t\t\t\t\t\t\t\t\t<\/a>\n\t\t\t\t\t<\/div>\n\t\t\t\t\t<\/div>\n\t\t\t\t\t<\/div>\n\t\t\t\t<\/div>\n\t\t\t\t<\/div>\n\t\t","protected":false},"excerpt":{"rendered":"<p>Co je lit\u00e1 epoxidov\u00e1 podlaha? Lit\u00e1 epoxidov\u00e1 podlaha je typem podlahoviny, v n\u00ed\u017e se pou\u017e\u00edv\u00e1 epoxidov\u00fd syst\u00e9m k fin\u00e1ln\u00ed \u00faprav\u011b povrch\u016f betonov\u00fdch podlahov\u00fdch konstrukc\u00ed. Kde se epoxidov\u00e9 lit\u00e9 podlahy vyu\u017e\u00edvaj\u00ed? Epoxidov\u00e9 podlahy jsou d\u00edky sv\u00e9 odolnosti a vynikaj\u00edc\u00edm vlastnostem ide\u00e1ln\u00ed pro r\u016fzn\u00e9 pr\u016fmyslov\u00e9 a komer\u010dn\u00ed prostory. \u010casto je najdete v prostorech s velk\u00fdm zat\u00ed\u017een\u00edm, jak\u00fdmi [&hellip;]<\/p>\n","protected":false},"author":8,"featured_media":0,"parent":55896,"menu_order":0,"comment_status":"closed","ping_status":"closed","template":"","meta":{"_acf_changed":false,"_seopress_robots_primary_cat":"","_seopress_titles_title":"","_seopress_titles_desc":"","_seopress_robots_index":"","footnotes":"","_links_to":"","_links_to_target":""},"class_list":["post-55919","page","type-page","status-publish","hentry"],"acf":[],"_links":{"self":[{"href":"https:\/\/www.spolchemie.cz\/cs\/wp-json\/wp\/v2\/pages\/55919","targetHints":{"allow":["GET"]}}],"collection":[{"href":"https:\/\/www.spolchemie.cz\/cs\/wp-json\/wp\/v2\/pages"}],"about":[{"href":"https:\/\/www.spolchemie.cz\/cs\/wp-json\/wp\/v2\/types\/page"}],"author":[{"embeddable":true,"href":"https:\/\/www.spolchemie.cz\/cs\/wp-json\/wp\/v2\/users\/8"}],"replies":[{"embeddable":true,"href":"https:\/\/www.spolchemie.cz\/cs\/wp-json\/wp\/v2\/comments?post=55919"}],"version-history":[{"count":3,"href":"https:\/\/www.spolchemie.cz\/cs\/wp-json\/wp\/v2\/pages\/55919\/revisions"}],"predecessor-version":[{"id":55922,"href":"https:\/\/www.spolchemie.cz\/cs\/wp-json\/wp\/v2\/pages\/55919\/revisions\/55922"}],"up":[{"embeddable":true,"href":"https:\/\/www.spolchemie.cz\/cs\/wp-json\/wp\/v2\/pages\/55896"}],"wp:attachment":[{"href":"https:\/\/www.spolchemie.cz\/cs\/wp-json\/wp\/v2\/media?parent=55919"}],"curies":[{"name":"wp","href":"https:\/\/api.w.org\/{rel}","templated":true}]}}