{"id":55923,"date":"2024-02-01T15:38:06","date_gmt":"2024-02-01T14:38:06","guid":{"rendered":"https:\/\/www.spolchemie.cz\/?page_id=55923"},"modified":"2024-02-01T15:57:52","modified_gmt":"2024-02-01T14:57:52","slug":"vyznam-epoxidu-v-energetice-a-elektroprumyslu","status":"publish","type":"page","link":"https:\/\/www.spolchemie.cz\/cs\/vyrobky\/kde-najdete-nase-vyrobky\/vyznam-epoxidu-v-energetice-a-elektroprumyslu\/","title":{"rendered":"V\u00fdznam epoxid\u016f v energetice a elektropr\u016fmyslu"},"content":{"rendered":"\t\t<div data-elementor-type=\"wp-page\" data-elementor-id=\"55923\" class=\"elementor elementor-55923\" data-elementor-post-type=\"page\">\n\t\t\t\t<div class=\"elementor-element elementor-element-0a5083a e-flex e-con-boxed e-con e-parent\" data-id=\"0a5083a\" data-element_type=\"container\">\n\t\t\t\t\t<div class=\"e-con-inner\">\n\t\t<div class=\"elementor-element elementor-element-b526b95 e-con-full e-flex e-con e-child\" data-id=\"b526b95\" data-element_type=\"container\">\n\t\t\t\t<div class=\"elementor-element elementor-element-4e1d641 elementor-widget elementor-widget-text-editor\" data-id=\"4e1d641\" data-element_type=\"widget\" data-widget_type=\"text-editor.default\">\n\t\t\t\t\t\t\t\t\t<h3>\u00b9POU\u017dIT\u00cd EPOXID\u016e V ELEKTROPR\u016eMYSLU<\/h3><p>Jako tradi\u010dn\u00ed materi\u00e1l pro izola\u010dn\u00ed \u00fa\u010dely v elektropr\u016fmyslu a energetice byl po dlouhou dobu pou\u017e\u00edv\u00e1n p\u0159edev\u0161\u00edm porcel\u00e1n. Obecn\u011b jde o materi\u00e1l pom\u011brn\u011b k\u0159ehk\u00fd a s men\u0161\u00ed variabilitou pou\u017eit\u00ed. Po roz\u0161\u00ed\u0159en\u00ed pou\u017e\u00edv\u00e1n\u00ed epoxidov\u00fdch prysky\u0159ic a jin\u00fdch syntetick\u00fdch materi\u00e1l\u016f za\u010d\u00e1tkem druh\u00e9 poloviny 20. stolet\u00ed se za\u010daly prosazovat i v elektropr\u016fmyslu, a to kv\u016fli jednoduch\u00e9mu zpracov\u00e1n\u00ed a variabilit\u011b pou\u017eit\u00ed.<\/p><p>Ji\u017e v\u00edce ne\u017e \u0161edes\u00e1t let vyu\u017e\u00edv\u00e1 sektor energetiky a elektroniky nesporn\u00fdch v\u00fdhod, kter\u00e9 mu epoxidy p\u0159in\u00e1\u0161\u00ed\u00b9. Hmotnost epoxidov\u00fdch izola\u010dn\u00edch d\u00edl\u016f je oproti porcel\u00e1nu ni\u017e\u0161\u00ed o 50-70 %\u00b2 p\u0159i zachov\u00e1n\u00ed mechanick\u00e9 pevnosti. Flexibilita a vynikaj\u00edc\u00ed rozlivov\u00e9 vlastnosti umo\u017e\u0148uj\u00ed epoxid\u016fm pom\u00e1hat s efektivn\u00edm vyu\u017eit\u00edm zdroj\u016f a surovin, proto\u017ee v\u00fdrobky mohou b\u00fdt men\u0161\u00ed a rozm\u011brov\u011b p\u0159esn\u011bj\u0161\u00ed. Z\u00e1rove\u0148 epoxidov\u00e9 prysky\u0159ice spl\u0148uj\u00ed nejn\u00e1ro\u010dn\u011bj\u0161\u00ed po\u017eadavky z\u00e1kazn\u00edk\u016f na vysokou tepelnou a chemickou odolnost, ohnivzdornost, vysokou odolnost proti prask\u00e1n\u00ed p\u0159i n\u00edzk\u00fdch teplot\u00e1ch a mo\u017enost opravitelnosti. P\u0159i v\u00fdrob\u011b je tak\u00e9 v\u00fdhodou, \u017ee epoxidy d\u00edky sv\u00e9 vysok\u00e9 p\u0159ilnavosti umo\u017e\u0148uj\u00ed zal\u00e9vat kovov\u00e9 d\u00edly, a vytvo\u0159it tak celistv\u00fd v\u00fdrobek.<\/p>\t\t\t\t\t\t\t\t<\/div>\n\t\t\t\t<\/div>\n\t\t<div class=\"elementor-element elementor-element-49c07de e-con-full e-flex e-con e-child\" data-id=\"49c07de\" data-element_type=\"container\">\n\t\t\t\t<div class=\"elementor-element elementor-element-7d1e22d elementor-widget elementor-widget-image\" data-id=\"7d1e22d\" data-element_type=\"widget\" data-widget_type=\"image.default\">\n\t\t\t\t\t\t\t\t\t\t\t\t\t\t\t<img fetchpriority=\"high\" decoding=\"async\" width=\"800\" height=\"800\" src=\"https:\/\/www.spolchemie.cz\/wp-content\/uploads\/2023\/07\/1-1-1024x1024.png\" class=\"attachment-large size-large wp-image-3733\" alt=\"\" srcset=\"https:\/\/www.spolchemie.cz\/wp-content\/uploads\/2023\/07\/1-1-1024x1024.png 1024w, https:\/\/www.spolchemie.cz\/wp-content\/uploads\/2023\/07\/1-1-300x300.png 300w, https:\/\/www.spolchemie.cz\/wp-content\/uploads\/2023\/07\/1-1-150x150.png 150w, https:\/\/www.spolchemie.cz\/wp-content\/uploads\/2023\/07\/1-1-768x768.png 768w, https:\/\/www.spolchemie.cz\/wp-content\/uploads\/2023\/07\/1-1.png 1300w\" sizes=\"(max-width: 800px) 100vw, 800px\" \/>\t\t\t\t\t\t\t\t\t\t\t\t\t\t\t<\/div>\n\t\t\t\t<\/div>\n\t\t\t\t\t<\/div>\n\t\t\t\t<\/div>\n\t\t<div class=\"elementor-element elementor-element-1c4d075 e-flex e-con-boxed e-con e-parent\" data-id=\"1c4d075\" data-element_type=\"container\">\n\t\t\t\t\t<div class=\"e-con-inner\">\n\t\t<div class=\"elementor-element elementor-element-cfe64cd e-flex e-con-boxed e-con e-child\" data-id=\"cfe64cd\" data-element_type=\"container\">\n\t\t\t\t\t<div class=\"e-con-inner\">\n\t\t\t\t<div class=\"elementor-element elementor-element-129428c elementor-widget elementor-widget-text-editor\" data-id=\"129428c\" data-element_type=\"widget\" data-widget_type=\"text-editor.default\">\n\t\t\t\t\t\t\t\t\t<p>D\u00edky vynikaj\u00edc\u00edm elektroizola\u010dn\u00edm vlastnostem a dal\u0161\u00edm v\u00fdhod\u00e1m se epoxidov\u00e9 prysky\u0159ice uplat\u0148uj\u00ed v \u0161irok\u00e9 \u0161k\u00e1le elektrick\u00fdch a elektronick\u00fdch sou\u010d\u00e1stek a v\u00fdrobk\u016f, zejm\u00e9na pak v n\u00e1ro\u010dn\u00fdch vysokonap\u011b\u0165ov\u00fdch, vnit\u0159n\u00edch i venkovn\u00edch aplikac\u00edch, kde jsou vy\u017eadov\u00e1ny vynikaj\u00edc\u00ed mechanick\u00e9 vlastnosti a odolnost proti pov\u011btrnostn\u00edm vliv\u016fm.<\/p><ul><li>Izol\u00e1tory, vysokonap\u011b\u0165ov\u00e9 konektory, odpojovac\u00ed sp\u00edna\u010de, pr\u016fchodky<\/li><li>P\u0159\u00edstrojov\u00e9 transform\u00e1tory<\/li><li>VN such\u00e9 distribu\u010dn\u00ed transform\u00e1tory<\/li><li>Komponenty do rozvad\u011b\u010d\u016f<\/li><li>Zapouzd\u0159en\u00e9 vodi\u010de<\/li><li>Elektromotory a elektrick\u00e9 pohony<\/li><li>Gener\u00e1tory<\/li><\/ul><p>Doma se s epoxidovou prysky\u0159ic\u00ed m\u016f\u017eete setkat p\u0159edev\u0161\u00edm v elektronice. Epoxidov\u00e9 syst\u00e9my se d\u00edky sv\u00e9 p\u0159ilnavosti k podkladu i jednotliv\u00fdm \u010d\u00e1stem pou\u017e\u00edv\u00e1 k zal\u00e9v\u00e1n\u00ed a zakap\u00e1v\u00e1n\u00ed nap\u0159\u00edklad v plo\u0161n\u00fdch spoj\u00edch, sn\u00edma\u010d\u00edch, senzorech, sb\u011brn\u00fdch krou\u017ec\u00edch a \u0159\u00eddic\u00edch jednotk\u00e1ch.<\/p><h3>EPOXIDY POM\u00c1HAJ\u00cd BUDOUC\u00cdM ZM\u011aN\u00c1M<\/h3><p>Pl\u00e1n p\u0159echodu od fosiln\u00edch paliv k obnoviteln\u00fdm zdroj\u016fm energie, napl\u00e1novan\u00fd v r\u00e1mci Zelen\u00e9 dohody pro Evropu (Green Deal), znamen\u00e1 obrovsk\u00e9 zm\u011bny v evropsk\u00fdch energetick\u00fdch syst\u00e9mech a vy\u017eaduje modernizaci distribu\u010dn\u00ed a rozvodn\u00e9 s\u00edt\u011b. Epoxidov\u00e9 prysky\u0159ice budou nezbytn\u00fdm materi\u00e1l v mnoha aplikac\u00edch, kde jsou vy\u017eadov\u00e1ny vynikaj\u00edc\u00ed izola\u010dn\u00ed vlastnosti, mnohostrann\u00e9 vyu\u017eit\u00ed a odolnost, nap\u0159\u00edklad v p\u0159\u00edstrojov\u00fdch transform\u00e1torech, kter\u00e9 jsou sou\u010d\u00e1st\u00ed vysokonap\u011b\u0165ov\u00fdch rozvad\u011b\u010d\u016f.<\/p><p>Environment\u00e1ln\u00ed sm\u011br EU tak\u00e9 znamen\u00e1 odklon od tradi\u010dn\u00edch aut a jin\u00fdch dopravn\u00edch prost\u0159edk\u016f a podporu v\u00edce udr\u017eiteln\u00e9 mobility. Epoxidov\u00e9 prysky\u0159ice pom\u00e1haj\u00ed t\u00e9to transformaci v mnoha sm\u011brech. Vyr\u00e1b\u00ed se z nich lehk\u00e9, kvalitn\u00ed a odoln\u00e9 kompozitn\u00ed sou\u010d\u00e1sti dopravn\u00edch prost\u0159edk\u016f, kter\u00e9 d\u00edky sv\u00e9 ni\u017e\u0161\u00ed hmotnosti spot\u0159ebuj\u00ed m\u00e9n\u011b paliva, a tedy vyprodukuj\u00ed m\u00e9n\u011b emis\u00ed. Krom\u011b kompozitn\u00edch d\u00edl\u016f hraj\u00ed epoxidov\u00e9 prysky\u0159ice kl\u00ed\u010dovou roli v elektroinstalaci a elektrick\u00fdch pohonn\u00fdch jednotk\u00e1ch dopravn\u00edch prost\u0159edk\u016f, d\u00e1le se pou\u017e\u00edvaj\u00ed jako zal\u00e9vac\u00ed materi\u00e1l p\u0159i v\u00fdrob\u011b elektrick\u00fdch sou\u010d\u00e1stek a jako tepeln\u011b a protipo\u017e\u00e1rn\u011b odoln\u00fd materi\u00e1l p\u0159i v\u00fdrob\u011b bateri\u00ed.<\/p><p>Budouc\u00ed n\u00e1r\u016fst vyu\u017eit\u00ed epoxid\u016f se odhaduje tak\u00e9 v oblasti informa\u010dn\u00edch technologi\u00ed a elektroniky. Bez epoxid\u016f by neexistovaly z\u00e1kladn\u00ed p\u0159edm\u011bty ka\u017edodenn\u00ed pot\u0159eby, jak\u00fdmi jsou chytr\u00e9 telefony, ani modern\u00ed l\u00e9ka\u0159sk\u00e9 vybaven\u00ed, jako nap\u0159\u00edklad magnetick\u00e1 rezonance.\u00b3 Epoxidov\u00e1 prysky\u0159ice jsou tak\u00e9 sou\u010d\u00e1st\u00ed vnit\u0159n\u00edch elektrick\u00fdch obvod\u016f, tranzistor\u016f, ti\u0161t\u011bn\u00fdch spoj\u016f, LED sv\u011bteln\u00e9 techniky a sol\u00e1rn\u00edch panel\u016f.<\/p><p>Pou\u017eit\u00ed epoxidov\u00fdch prysky\u0159ic p\u0159in\u00e1\u0161\u00ed v\u00fdhody nejen koncov\u00fdm u\u017eivatel\u016fm, ale i mnoha pr\u016fmyslov\u00fdm odv\u011btv\u00edm a je jedn\u00edm z materi\u00e1l\u016f na\u0161\u00ed budoucnosti.<\/p><h3>SPOLCHEMIE EPOXIDOV\u00c9 SYST\u00c9MY PRO ENERGETICK\u00dd PR\u016eMYSL A ELEKTRONIKU<\/h3><p>Na\u0161e produktov\u00e1 \u0159ada CHS-EPODUR\u00ae zahrnuje epoxidov\u00e9 syst\u00e9my pro izola\u010dn\u00ed d\u00edly vysok\u00e9ho a velmi vysok\u00e9ho nap\u011bt\u00ed (izol\u00e1tory, pr\u016fchodky) a pro p\u0159\u00edstrojov\u00e9 transform\u00e1tory, kde je z\u00e1sadn\u00ed vynikaj\u00edc\u00ed p\u0159ilnavost ke kovov\u00fdm d\u00edl\u016fm. Na\u0161e epoxidov\u00e9 syst\u00e9my jsou ur\u010deny pro pro vakuov\u00e9 lit\u00ed a APG (Automatic Pressure Gelation), stejn\u011b jako pro v\u00fdrobu kompozit\u016f prost\u0159ednictv\u00edm nav\u00edjen\u00ed a pultruze. D\u00edky vynikaj\u00edc\u00edch mechanick\u00fdm a elektrick\u00fdm vlastnostem se takto vyroben\u00e9 epoxidov\u00e9 kompozitn\u00ed trubky a ty\u010de pou\u017e\u00edvaj\u00ed jako vysokonap\u011b\u0165ov\u00e9 izol\u00e1tory, transform\u00e1tory a pr\u016fchodky.<\/p><p>Produktov\u00e1 \u0159ada SADURIT\u00ae zahrnuje p\u0159edpln\u011bn\u00e9 epoxidov\u00e9 syst\u00e9my pro venkovn\u00ed a vnit\u0159n\u00ed pou\u017eit\u00ed a epoxidov\u00e9 syst\u00e9my pro lit\u00ed, odl\u00e9v\u00e1n\u00ed a zakap\u00e1v\u00e1n\u00ed.<\/p><p>Produktov\u00e1 \u0159ada VEROPAL\u00ae a VEROBOND\u00ae nab\u00edz\u00ed adheziva pro aplikace v energetice, elektrotechnice a elektronice.<\/p><p>N\u00e1\u0161 obchodn\u00ed a technick\u00fd t\u00fdm je p\u0159ipraven V\u00e1m nab\u00eddnout spr\u00e1vn\u00e9 \u0159e\u0161en\u00ed p\u0159\u00edmo pro Va\u0161i v\u00fdrobn\u00ed technologii \u010di aplikaci, ale tak\u00e9 p\u0159izp\u016fsobit na\u0161e epoxidov\u00e9 syst\u00e9my Va\u0161im pot\u0159eb\u00e1m. Pro v\u00edce informac\u00ed kontaktujte na\u0161eho segment leadera pro elektro: Ji\u0159\u00ed Viktora, viktora@spolchemie.cz, +420 736 488 97.<\/p><p style=\"text-align: right;\">Mgr. Kamila V\u00edtek Derynkov\u00e1, Product Marketing Manager<\/p><p style=\"text-align: right;\">Ji\u0159\u00ed Viktora, Segment Leader Elektro &amp; Elektronika<\/p>\t\t\t\t\t\t\t\t<\/div>\n\t\t\t\t\t<\/div>\n\t\t\t\t<\/div>\n\t\t\t\t\t<\/div>\n\t\t\t\t<\/div>\n\t\t<div class=\"elementor-element elementor-element-f43b9d7 e-flex e-con-boxed e-con e-parent\" data-id=\"f43b9d7\" data-element_type=\"container\">\n\t\t\t\t\t<div class=\"e-con-inner\">\n\t\t\t\t<div class=\"elementor-element elementor-element-b07b08d elementor-widget elementor-widget-text-editor\" data-id=\"b07b08d\" data-element_type=\"widget\" data-widget_type=\"text-editor.default\">\n\t\t\t\t\t\t\t\t\t<p>\u00b9 Epoxy Europe: Epoxy has the power: electrical components &amp; insulators, 2022, <a href=\"https:\/\/epoxy-europe.eu\/application\/paints-coatings\/\">https:\/\/epoxy-europe.eu<\/a><\/p><p><span style=\"font-weight: var( --e-global-typography-text-font-weight );\">\u00b2\u00a0Powell Industries: Comparison of Porcelain &amp; Cycloaliphatic Epoxy Insulation, 1990<\/span><\/p><p>\u00b3\u00a0Epoxy Europe: Epoxies and electronics, 2022, <a href=\"https:\/\/epoxy-europe.eu\/application\/paints-coatings\/\">https:\/\/epoxy-europe.eu<\/a><\/p>\t\t\t\t\t\t\t\t<\/div>\n\t\t\t\t\t<\/div>\n\t\t\t\t<\/div>\n\t\t<div class=\"elementor-element elementor-element-3c58cee e-flex e-con-boxed e-con e-parent\" data-id=\"3c58cee\" data-element_type=\"container\">\n\t\t\t\t\t<div class=\"e-con-inner\">\n\t\t\t\t<div class=\"elementor-element elementor-element-ff9ac1b elementor-widget elementor-widget-gallery\" data-id=\"ff9ac1b\" data-element_type=\"widget\" data-settings=\"{&quot;lazyload&quot;:&quot;yes&quot;,&quot;gallery_layout&quot;:&quot;grid&quot;,&quot;columns&quot;:4,&quot;columns_tablet&quot;:2,&quot;columns_mobile&quot;:1,&quot;gap&quot;:{&quot;unit&quot;:&quot;px&quot;,&quot;size&quot;:10,&quot;sizes&quot;:[]},&quot;gap_tablet&quot;:{&quot;unit&quot;:&quot;px&quot;,&quot;size&quot;:10,&quot;sizes&quot;:[]},&quot;gap_mobile&quot;:{&quot;unit&quot;:&quot;px&quot;,&quot;size&quot;:10,&quot;sizes&quot;:[]},&quot;link_to&quot;:&quot;file&quot;,&quot;aspect_ratio&quot;:&quot;3:2&quot;,&quot;overlay_background&quot;:&quot;yes&quot;,&quot;content_hover_animation&quot;:&quot;fade-in&quot;}\" data-widget_type=\"gallery.default\">\n\t\t\t\t\t\t\t<div class=\"elementor-gallery__container\">\n\t\t\t\t\t\t\t<a class=\"e-gallery-item elementor-gallery-item elementor-animated-content\" href=\"https:\/\/www.spolchemie.cz\/wp-content\/uploads\/2023\/07\/6.jpeg\" data-elementor-open-lightbox=\"yes\" data-elementor-lightbox-slideshow=\"ff9ac1b\" data-elementor-lightbox-title=\"6\" data-e-action-hash=\"#elementor-action%3Aaction%3Dlightbox%26settings%3DeyJpZCI6MzczMiwidXJsIjoiaHR0cHM6XC9cL3d3dy5zcG9sY2hlbWllLmN6XC93cC1jb250ZW50XC91cGxvYWRzXC8yMDIzXC8wN1wvNi5qcGVnIiwic2xpZGVzaG93IjoiZmY5YWMxYiJ9\">\n\t\t\t\t\t<div class=\"e-gallery-image elementor-gallery-item__image\" data-thumbnail=\"https:\/\/www.spolchemie.cz\/wp-content\/uploads\/2023\/07\/6-300x300.jpeg\" data-width=\"300\" data-height=\"300\" aria-label=\"\" role=\"img\" ><\/div>\n\t\t\t\t\t\t\t\t\t\t\t<div class=\"elementor-gallery-item__overlay\"><\/div>\n\t\t\t\t\t\t\t\t\t\t\t\t\t\t<\/a>\n\t\t\t\t\t\t\t<a class=\"e-gallery-item elementor-gallery-item elementor-animated-content\" href=\"https:\/\/www.spolchemie.cz\/wp-content\/uploads\/2023\/07\/5.jpeg\" data-elementor-open-lightbox=\"yes\" data-elementor-lightbox-slideshow=\"ff9ac1b\" data-elementor-lightbox-title=\"5\" data-e-action-hash=\"#elementor-action%3Aaction%3Dlightbox%26settings%3DeyJpZCI6MzczMSwidXJsIjoiaHR0cHM6XC9cL3d3dy5zcG9sY2hlbWllLmN6XC93cC1jb250ZW50XC91cGxvYWRzXC8yMDIzXC8wN1wvNS5qcGVnIiwic2xpZGVzaG93IjoiZmY5YWMxYiJ9\">\n\t\t\t\t\t<div class=\"e-gallery-image elementor-gallery-item__image\" data-thumbnail=\"https:\/\/www.spolchemie.cz\/wp-content\/uploads\/2023\/07\/5.jpeg\" data-width=\"300\" data-height=\"228\" aria-label=\"\" role=\"img\" ><\/div>\n\t\t\t\t\t\t\t\t\t\t\t<div class=\"elementor-gallery-item__overlay\"><\/div>\n\t\t\t\t\t\t\t\t\t\t\t\t\t\t<\/a>\n\t\t\t\t\t\t\t<a class=\"e-gallery-item elementor-gallery-item elementor-animated-content\" href=\"https:\/\/www.spolchemie.cz\/wp-content\/uploads\/2023\/07\/4-1.png\" data-elementor-open-lightbox=\"yes\" data-elementor-lightbox-slideshow=\"ff9ac1b\" data-elementor-lightbox-title=\"4\" data-e-action-hash=\"#elementor-action%3Aaction%3Dlightbox%26settings%3DeyJpZCI6MzczMCwidXJsIjoiaHR0cHM6XC9cL3d3dy5zcG9sY2hlbWllLmN6XC93cC1jb250ZW50XC91cGxvYWRzXC8yMDIzXC8wN1wvNC0xLnBuZyIsInNsaWRlc2hvdyI6ImZmOWFjMWIifQ%3D%3D\">\n\t\t\t\t\t<div class=\"e-gallery-image elementor-gallery-item__image\" data-thumbnail=\"https:\/\/www.spolchemie.cz\/wp-content\/uploads\/2023\/07\/4-1-300x200.png\" data-width=\"300\" data-height=\"200\" aria-label=\"\" role=\"img\" ><\/div>\n\t\t\t\t\t\t\t\t\t\t\t<div class=\"elementor-gallery-item__overlay\"><\/div>\n\t\t\t\t\t\t\t\t\t\t\t\t\t\t<\/a>\n\t\t\t\t\t\t\t<a class=\"e-gallery-item elementor-gallery-item elementor-animated-content\" href=\"https:\/\/www.spolchemie.cz\/wp-content\/uploads\/2023\/07\/3.jpeg\" data-elementor-open-lightbox=\"yes\" data-elementor-lightbox-slideshow=\"ff9ac1b\" data-elementor-lightbox-title=\"3\" data-e-action-hash=\"#elementor-action%3Aaction%3Dlightbox%26settings%3DeyJpZCI6MzcyOSwidXJsIjoiaHR0cHM6XC9cL3d3dy5zcG9sY2hlbWllLmN6XC93cC1jb250ZW50XC91cGxvYWRzXC8yMDIzXC8wN1wvMy5qcGVnIiwic2xpZGVzaG93IjoiZmY5YWMxYiJ9\">\n\t\t\t\t\t<div class=\"e-gallery-image elementor-gallery-item__image\" data-thumbnail=\"https:\/\/www.spolchemie.cz\/wp-content\/uploads\/2023\/07\/3-300x220.jpeg\" data-width=\"300\" data-height=\"220\" aria-label=\"\" role=\"img\" ><\/div>\n\t\t\t\t\t\t\t\t\t\t\t<div class=\"elementor-gallery-item__overlay\"><\/div>\n\t\t\t\t\t\t\t\t\t\t\t\t\t\t<\/a>\n\t\t\t\t\t<\/div>\n\t\t\t\t\t<\/div>\n\t\t\t\t\t<\/div>\n\t\t\t\t<\/div>\n\t\t\t\t<\/div>\n\t\t","protected":false},"excerpt":{"rendered":"<p>\u00b9POU\u017dIT\u00cd EPOXID\u016e V ELEKTROPR\u016eMYSLU Jako tradi\u010dn\u00ed materi\u00e1l pro izola\u010dn\u00ed \u00fa\u010dely v elektropr\u016fmyslu a energetice byl po dlouhou dobu pou\u017e\u00edv\u00e1n p\u0159edev\u0161\u00edm porcel\u00e1n. Obecn\u011b jde o materi\u00e1l pom\u011brn\u011b k\u0159ehk\u00fd a s men\u0161\u00ed variabilitou pou\u017eit\u00ed. Po roz\u0161\u00ed\u0159en\u00ed pou\u017e\u00edv\u00e1n\u00ed epoxidov\u00fdch prysky\u0159ic a jin\u00fdch syntetick\u00fdch materi\u00e1l\u016f za\u010d\u00e1tkem druh\u00e9 poloviny 20. stolet\u00ed se za\u010daly prosazovat i v elektropr\u016fmyslu, a to kv\u016fli [&hellip;]<\/p>\n","protected":false},"author":8,"featured_media":0,"parent":55896,"menu_order":0,"comment_status":"closed","ping_status":"closed","template":"","meta":{"_acf_changed":false,"_seopress_robots_primary_cat":"","_seopress_titles_title":"","_seopress_titles_desc":"","_seopress_robots_index":"","footnotes":"","_links_to":"","_links_to_target":""},"class_list":["post-55923","page","type-page","status-publish","hentry"],"acf":[],"_links":{"self":[{"href":"https:\/\/www.spolchemie.cz\/cs\/wp-json\/wp\/v2\/pages\/55923","targetHints":{"allow":["GET"]}}],"collection":[{"href":"https:\/\/www.spolchemie.cz\/cs\/wp-json\/wp\/v2\/pages"}],"about":[{"href":"https:\/\/www.spolchemie.cz\/cs\/wp-json\/wp\/v2\/types\/page"}],"author":[{"embeddable":true,"href":"https:\/\/www.spolchemie.cz\/cs\/wp-json\/wp\/v2\/users\/8"}],"replies":[{"embeddable":true,"href":"https:\/\/www.spolchemie.cz\/cs\/wp-json\/wp\/v2\/comments?post=55923"}],"version-history":[{"count":3,"href":"https:\/\/www.spolchemie.cz\/cs\/wp-json\/wp\/v2\/pages\/55923\/revisions"}],"predecessor-version":[{"id":55926,"href":"https:\/\/www.spolchemie.cz\/cs\/wp-json\/wp\/v2\/pages\/55923\/revisions\/55926"}],"up":[{"embeddable":true,"href":"https:\/\/www.spolchemie.cz\/cs\/wp-json\/wp\/v2\/pages\/55896"}],"wp:attachment":[{"href":"https:\/\/www.spolchemie.cz\/cs\/wp-json\/wp\/v2\/media?parent=55923"}],"curies":[{"name":"wp","href":"https:\/\/api.w.org\/{rel}","templated":true}]}}