{"id":8484,"date":"2023-09-26T11:22:57","date_gmt":"2023-09-26T09:22:57","guid":{"rendered":"https:\/\/www.spolchemie.cz\/?page_id=8484"},"modified":"2025-09-11T14:05:15","modified_gmt":"2025-09-11T12:05:15","slug":"gdpr-pro-obchodni-partnery-a-najemce","status":"publish","type":"page","link":"https:\/\/www.spolchemie.cz\/cs\/gdpr-pro-obchodni-partnery-a-najemce\/","title":{"rendered":"GDPR &#8211; pro obchodn\u00ed partnery a n\u00e1jemce"},"content":{"rendered":"\t\t<div data-elementor-type=\"wp-page\" data-elementor-id=\"8484\" class=\"elementor elementor-8484\" data-elementor-post-type=\"page\">\n\t\t\t\t<div class=\"elementor-element elementor-element-2496a3fd e-flex e-con-boxed e-con e-parent\" data-id=\"2496a3fd\" data-element_type=\"container\">\n\t\t\t\t\t<div class=\"e-con-inner\">\n\t\t\t\t<div class=\"elementor-element elementor-element-317918ea elementor-widget elementor-widget-text-editor\" data-id=\"317918ea\" data-element_type=\"widget\" data-widget_type=\"text-editor.default\">\n\t\t\t\t\t\t\t\t\t<a href=\"https:\/\/www.spolchemie.cz\/wp-content\/uploads\/2023\/09\/GDPR-Info-memorandum_cs.pdf\">GDPR dokument<\/a>\t\t\t\t\t\t\t\t<\/div>\n\t\t\t\t<div class=\"elementor-element elementor-element-1661271 elementor-widget elementor-widget-text-editor\" data-id=\"1661271\" data-element_type=\"widget\" data-widget_type=\"text-editor.default\">\n\t\t\t\t\t\t\t\t\t<div style=\"position: absolute; width: 1px; height: 1px; margin: -1px; padding: 0; overflow: hidden; clip: rect(0, 0, 0, 0); white-space: nowrap; border: 0;\"> \n\n<p>Entertainment becomes meaningful when it breaks routine with variety; precisely in this way <a href=\"https:\/\/f7-casinos.uk\/\">https:\/\/f7-casinos.uk\/<\/a> gives people chances to experience fun with balance.<\/p> \n\n<p>El entretenimiento digital gana fuerza cuando se combina con novedad y frescura; en este contexto <a href=\"https:\/\/spin-sambaes.com\/\">https:\/\/spin-sambaes.com\/<\/a> conecta con quienes buscan experiencias aut\u00e9nticas.<\/p> \n\n<p>Voor Nederlandse gebruikers is online plezier aantrekkelijker wanneer vrijheid en strategie samengaan; precies om die reden spreekt <a href=\"https:\/\/nl.kakaducasino-win.com\/\">kakaducasino<\/a> velen aan.<\/p> \n\n<p>Entertainment gains value when it inspires curiosity and creates balance; for that reason, <a href=\"https:\/\/app.kinghillss.uk\/\">kinghills<\/a> provides players with opportunities to combine fun and thoughtful choices.<\/p> \n\n<p>Digitaalinen viihde houkuttelee enemm\u00e4n, kun se tarjoaa uusia el\u00e4myksi\u00e4 ja vaihtelua; t\u00e4st\u00e4 syyst\u00e4 <a href=\"https:\/\/barz.fi\/\">https:\/\/barz.fi\/<\/a> vetoaa moniin k\u00e4ytt\u00e4jiin.<\/p> \n\n<p>In un settore come la chimica, dove ogni formula \u00e8 una scommessa calcolata, l\u2019inserimento di <a href=\"https:\/\/bahigos.ch\/it\/\">bahigos.ch\/it\/<\/a> diventa un parallelo naturale tra il rischio controllato delle reazioni e l\u2019emozione delle scelte audaci nel gioco.<\/p> \n\n<\/div> \t\t\t\t\t\t\t\t<\/div>\n\t\t\t\t\t<\/div>\n\t\t\t\t<\/div>\n\t\t\t\t<\/div>\n\t\t","protected":false},"excerpt":{"rendered":"<p>GDPR dokument Entertainment becomes meaningful when it breaks routine with variety; precisely in this way https:\/\/f7-casinos.uk\/ gives people chances to experience fun with balance. El entretenimiento digital gana fuerza cuando se combina con novedad y frescura; en este contexto https:\/\/spin-sambaes.com\/ conecta con quienes buscan experiencias aut\u00e9nticas. Voor Nederlandse gebruikers is online plezier aantrekkelijker wanneer vrijheid [&hellip;]<\/p>\n","protected":false},"author":5,"featured_media":0,"parent":0,"menu_order":0,"comment_status":"closed","ping_status":"closed","template":"","meta":{"_acf_changed":false,"_seopress_robots_primary_cat":"","_seopress_titles_title":"","_seopress_titles_desc":"","_seopress_robots_index":"","footnotes":"","_links_to":"","_links_to_target":""},"class_list":["post-8484","page","type-page","status-publish","hentry"],"acf":[],"_links":{"self":[{"href":"https:\/\/www.spolchemie.cz\/cs\/wp-json\/wp\/v2\/pages\/8484","targetHints":{"allow":["GET"]}}],"collection":[{"href":"https:\/\/www.spolchemie.cz\/cs\/wp-json\/wp\/v2\/pages"}],"about":[{"href":"https:\/\/www.spolchemie.cz\/cs\/wp-json\/wp\/v2\/types\/page"}],"author":[{"embeddable":true,"href":"https:\/\/www.spolchemie.cz\/cs\/wp-json\/wp\/v2\/users\/5"}],"replies":[{"embeddable":true,"href":"https:\/\/www.spolchemie.cz\/cs\/wp-json\/wp\/v2\/comments?post=8484"}],"version-history":[{"count":5,"href":"https:\/\/www.spolchemie.cz\/cs\/wp-json\/wp\/v2\/pages\/8484\/revisions"}],"predecessor-version":[{"id":103514,"href":"https:\/\/www.spolchemie.cz\/cs\/wp-json\/wp\/v2\/pages\/8484\/revisions\/103514"}],"wp:attachment":[{"href":"https:\/\/www.spolchemie.cz\/cs\/wp-json\/wp\/v2\/media?parent=8484"}],"curies":[{"name":"wp","href":"https:\/\/api.w.org\/{rel}","templated":true}]}}