{"id":92691,"date":"2025-04-17T14:15:55","date_gmt":"2025-04-17T12:15:55","guid":{"rendered":"https:\/\/www.spolchemie.cz\/?page_id=92691"},"modified":"2025-04-17T14:38:11","modified_gmt":"2025-04-17T12:38:11","slug":"technicke-pozadavky-na-dokumentaci-elektro-a-mar","status":"publish","type":"page","link":"https:\/\/www.spolchemie.cz\/cs\/pro-obchodni-partnery-a-najemce\/pro-smluvni-partnery-a-najemce\/technicke-pozadavky-na-dokumentaci-elektro-a-mar\/","title":{"rendered":"Technick\u00e9 po\u017eadavky na dokumentaci Elektro a MaR"},"content":{"rendered":"\t\t<div data-elementor-type=\"wp-page\" data-elementor-id=\"92691\" class=\"elementor elementor-92691\" data-elementor-post-type=\"page\">\n\t\t\t\t<div class=\"elementor-element elementor-element-d27528d e-flex e-con-boxed e-con e-parent\" data-id=\"d27528d\" data-element_type=\"container\">\n\t\t\t\t\t<div class=\"e-con-inner\">\n\t\t\t\t<div class=\"elementor-element elementor-element-6d381c9 elementor-widget elementor-widget-text-editor\" data-id=\"6d381c9\" data-element_type=\"widget\" data-widget_type=\"text-editor.default\">\n\t\t\t\t\t\t\t\t\t<p><strong>Soubory ke sta\u017een\u00ed:<\/strong><\/p><ul><li><a href=\"https:\/\/www.spolchemie.cz\/wp-content\/uploads\/2025\/04\/710-F5-Metodicky-pokyn-projekcnich-a-materialovych-dodavek-casti-elektro-MaR-a-ridicich-systemu_250204.pdf\">710-F5 Metodick\u00fd pokyn projek\u010dn\u00edch a materi\u00e1lov\u00fdch dod\u00e1vek \u010d\u00e1st\u00ed elektro, MaR a \u0159\u00eddic\u00edch syst\u00e9m\u016f<\/a><\/li><li><a href=\"https:\/\/www.spolchemie.cz\/wp-content\/uploads\/2025\/04\/Manual-pro-ePLAN-sablonu-SPOLCHEMIE_v1b_250311.pdf\">Manu\u00e1l pro ePLAN \u0161ablonu SPOLCHEMIE_v1b<\/a><\/li><li><a href=\"https:\/\/www.spolchemie.cz\/wp-content\/uploads\/2025\/04\/Pozadavky-na-trideni-dokumentace-ELE-a-MAR_v1_250128.pdf\">Po\u017eadavky na t\u0159\u00edd\u011bn\u00ed dokumentace ELE a MAR<\/a><\/li><li><a href=\"https:\/\/www.spolchemie.cz\/wp-content\/uploads\/2025\/04\/Technicke-pozadavky-na-vyrobu-rozvadece-SPOLCHEMIE_250120.pdf\">Technick\u00e9 po\u017eadavky na v\u00fdrobu rozvad\u011b\u010de SPOLCHEMIE<\/a><\/li><li><a href=\"https:\/\/www.spolchemie.cz\/wp-content\/uploads\/2025\/04\/Vzorova-titulka-excel_250127.xlsx\">Vzorov\u00e1 titulka (excel)<\/a><\/li><li><a href=\"https:\/\/www.spolchemie.cz\/wp-content\/uploads\/2025\/04\/Vzorove-vyplneni-titulni-strany_250127.pdf\">Vzorov\u00e9 vypln\u011bn\u00ed tituln\u00ed strany<\/a><\/li><li><a href=\"https:\/\/www.spolchemie.cz\/wp-content\/uploads\/2025\/04\/Vzorovy-dokument-word-SPOLCHEMIE_250127.docx\">Vzorov\u00fd dokument &#8211; SPOLCHEMIE<\/a> (word)<\/li><li><a href=\"https:\/\/www.spolchemie.cz\/wp-content\/uploads\/2025\/04\/Vzorovy-dokument-word-ZEBRA_250127.docx\">Vzorov\u00fd dokument &#8211; ZEBRA<\/a> (word)<\/li><li><a href=\"https:\/\/www.spolchemie.cz\/wp-content\/uploads\/2025\/04\/Vzorovy-dokument-word-ME_250127.docx\">Vzorov\u00fd dokument &#8211; ME<\/a> (word)<\/li><li><a href=\"https:\/\/www.spolchemie.cz\/wp-content\/uploads\/2025\/04\/Vzorovy-dokument-word-EPISPOL_250127.docx\">Vzorov\u00fd dokument &#8211; EPISPOL<\/a> (word)<\/li><li><a href=\"https:\/\/www.spolchemie.cz\/wp-content\/uploads\/2025\/04\/Vzorovy-dokument-word-EPIC_250127.docx\">Vzorov\u00fd dokument &#8211; EPIC<\/a> (word)<\/li><\/ul>\t\t\t\t\t\t\t\t<\/div>\n\t\t\t\t\t<\/div>\n\t\t\t\t<\/div>\n\t\t\t\t<\/div>\n\t\t","protected":false},"excerpt":{"rendered":"<p>Soubory ke sta\u017een\u00ed: 710-F5 Metodick\u00fd pokyn projek\u010dn\u00edch a materi\u00e1lov\u00fdch dod\u00e1vek \u010d\u00e1st\u00ed elektro, MaR a \u0159\u00eddic\u00edch syst\u00e9m\u016f Manu\u00e1l pro ePLAN \u0161ablonu SPOLCHEMIE_v1b Po\u017eadavky na t\u0159\u00edd\u011bn\u00ed dokumentace ELE a MAR Technick\u00e9 po\u017eadavky na v\u00fdrobu rozvad\u011b\u010de SPOLCHEMIE Vzorov\u00e1 titulka (excel) Vzorov\u00e9 vypln\u011bn\u00ed tituln\u00ed strany Vzorov\u00fd dokument &#8211; SPOLCHEMIE (word) Vzorov\u00fd dokument &#8211; ZEBRA (word) Vzorov\u00fd dokument &#8211; ME [&hellip;]<\/p>\n","protected":false},"author":5,"featured_media":0,"parent":2366,"menu_order":0,"comment_status":"closed","ping_status":"closed","template":"","meta":{"_acf_changed":false,"_seopress_robots_primary_cat":"","_seopress_titles_title":"","_seopress_titles_desc":"","_seopress_robots_index":"","footnotes":"","_links_to":"","_links_to_target":""},"class_list":["post-92691","page","type-page","status-publish","hentry"],"acf":[],"_links":{"self":[{"href":"https:\/\/www.spolchemie.cz\/cs\/wp-json\/wp\/v2\/pages\/92691","targetHints":{"allow":["GET"]}}],"collection":[{"href":"https:\/\/www.spolchemie.cz\/cs\/wp-json\/wp\/v2\/pages"}],"about":[{"href":"https:\/\/www.spolchemie.cz\/cs\/wp-json\/wp\/v2\/types\/page"}],"author":[{"embeddable":true,"href":"https:\/\/www.spolchemie.cz\/cs\/wp-json\/wp\/v2\/users\/5"}],"replies":[{"embeddable":true,"href":"https:\/\/www.spolchemie.cz\/cs\/wp-json\/wp\/v2\/comments?post=92691"}],"version-history":[{"count":5,"href":"https:\/\/www.spolchemie.cz\/cs\/wp-json\/wp\/v2\/pages\/92691\/revisions"}],"predecessor-version":[{"id":92697,"href":"https:\/\/www.spolchemie.cz\/cs\/wp-json\/wp\/v2\/pages\/92691\/revisions\/92697"}],"up":[{"embeddable":true,"href":"https:\/\/www.spolchemie.cz\/cs\/wp-json\/wp\/v2\/pages\/2366"}],"wp:attachment":[{"href":"https:\/\/www.spolchemie.cz\/cs\/wp-json\/wp\/v2\/media?parent=92691"}],"curies":[{"name":"wp","href":"https:\/\/api.w.org\/{rel}","templated":true}]}}