{"id":4583,"date":"2023-07-11T17:43:23","date_gmt":"2023-07-11T15:43:23","guid":{"rendered":"https:\/\/www.spolchemie.cz\/ethischer-kodex\/"},"modified":"2025-03-25T13:14:58","modified_gmt":"2025-03-25T12:14:58","slug":"ethikkodex","status":"publish","type":"page","link":"https:\/\/www.spolchemie.cz\/de\/andere\/ethikkodex\/","title":{"rendered":"Ethikkodex"},"content":{"rendered":"\t\t<div data-elementor-type=\"wp-page\" data-elementor-id=\"4583\" class=\"elementor elementor-4583 elementor-2390\" data-elementor-post-type=\"page\">\n\t\t\t\t<div data-dce-background-image-url=\"https:\/\/www.spolchemie.cz\/wp-content\/uploads\/2023\/03\/show-image-9.jpg\" class=\"elementor-element elementor-element-388e368e e-con-full e-flex e-con e-parent\" data-id=\"388e368e\" data-element_type=\"container\" data-settings=\"{&quot;background_background&quot;:&quot;classic&quot;}\">\n\t\t\t\t<\/div>\n\t\t<div class=\"elementor-element elementor-element-3cf4ddeb e-flex e-con-boxed e-con e-parent\" data-id=\"3cf4ddeb\" data-element_type=\"container\" data-settings=\"{&quot;background_background&quot;:&quot;classic&quot;}\">\n\t\t\t\t\t<div class=\"e-con-inner\">\n\t\t<div class=\"elementor-element elementor-element-b6584e4 e-flex e-con-boxed e-con e-child\" data-id=\"b6584e4\" data-element_type=\"container\">\n\t\t\t\t\t<div class=\"e-con-inner\">\n\t\t\t\t<div class=\"elementor-element elementor-element-10966077 elementor-widget elementor-widget-sp-breadcrumbs\" data-id=\"10966077\" data-element_type=\"widget\" data-widget_type=\"sp-breadcrumbs.default\">\n\t\t\t\t<div class=\"elementor-widget-container\">\n\t\t\t\t\t<nav  aria-label=\"breadcrumb\"><ol class=\"breadcrumb\" itemscope itemtype=\"https:\/\/schema.org\/BreadcrumbList\"><li class=\"breadcrumb-item active\" aria-current=\"page\" itemprop=\"itemListElement\" itemscope itemtype=\"https:\/\/schema.org\/ListItem\"><span itemprop=\"name\">Spolchemie<\/span><meta itemprop=\"position\" content=\"1\"><\/li><\/ol><\/nav>\t\t\t\t<\/div>\n\t\t\t\t<\/div>\n\t\t\t\t<div class=\"elementor-element elementor-element-326957aa elementor-widget elementor-widget-heading\" data-id=\"326957aa\" data-element_type=\"widget\" data-widget_type=\"heading.default\">\n\t\t\t\t\t<h1 class=\"elementor-heading-title elementor-size-default\">Ethikkodex<\/h1>\t\t\t\t<\/div>\n\t\t\t\t\t<\/div>\n\t\t\t\t<\/div>\n\t\t\t\t\t<\/div>\n\t\t\t\t<\/div>\n\t\t<div class=\"elementor-element elementor-element-24bb9676 e-flex e-con-boxed e-con e-parent\" data-id=\"24bb9676\" data-element_type=\"container\">\n\t\t\t\t\t<div class=\"e-con-inner\">\n\t\t<div class=\"elementor-element elementor-element-2c37dd1b e-flex e-con-boxed e-con e-child\" data-id=\"2c37dd1b\" data-element_type=\"container\">\n\t\t\t\t\t<div class=\"e-con-inner\">\n\t\t\t\t<div class=\"elementor-element elementor-element-6d1b7ca3 elementor-widget elementor-widget-text-editor\" data-id=\"6d1b7ca3\" data-element_type=\"widget\" data-widget_type=\"text-editor.default\">\n\t\t\t\t\t\t\t\t\t<div id=\"block_7526\" class=\"page_block disable_bottom_margin_desktop disable_bottom_margin_mobile individual_font_size_1 text_align_left vertical_align_top special_image_vertical_align_top block_template_100\"><article class=\"block_template_100\"><div class=\"html\"><p>Wir haben einen <strong>Ethikkodex<\/strong> verabschiedet und wenden ihn in unserer t\u00e4glichen Arbeit an, der den <strong>grundlegenden Rahmen f\u00fcr das Verhalten unserer Mitarbeiter und F\u00fchrungskr\u00e4fte bildet.<\/strong><\/p><\/div><\/article><\/div><div id=\"block_7527\" class=\"page_block individual_font_size_1 text_align_left vertical_align_top special_image_vertical_align_top block_template_201\"><article class=\"block_template_201\"><div class=\"html\"><ul><li><a href=\"https:\/\/www.spolchemie.cz\/wp-content\/uploads\/2025\/03\/Code-of-Conduct_web_2024_public.pdf\">Ethikkodex<\/a>\u00a0 (in Englisch)<\/li><\/ul><\/div><\/article><\/div>\t\t\t\t\t\t\t\t<\/div>\n\t\t\t\t\t<\/div>\n\t\t\t\t<\/div>\n\t\t\t\t\t<\/div>\n\t\t\t\t<\/div>\n\t\t\t\t<\/div>\n\t\t","protected":false},"excerpt":{"rendered":"<p>Spolchemie Wir haben einen Ethikkodex verabschiedet und wenden ihn in unserer t\u00e4glichen Arbeit an, der den grundlegenden Rahmen f\u00fcr das Verhalten unserer Mitarbeiter und F\u00fchrungskr\u00e4fte bildet. Ethikkodex\u00a0 (in Englisch)<\/p>\n","protected":false},"author":1,"featured_media":0,"parent":4608,"menu_order":0,"comment_status":"closed","ping_status":"closed","template":"","meta":{"_acf_changed":false,"_seopress_robots_primary_cat":"","_seopress_titles_title":"","_seopress_titles_desc":"","_seopress_robots_index":"","footnotes":"","_links_to":"","_links_to_target":""},"class_list":["post-4583","page","type-page","status-publish","hentry"],"acf":[],"_links":{"self":[{"href":"https:\/\/www.spolchemie.cz\/de\/wp-json\/wp\/v2\/pages\/4583","targetHints":{"allow":["GET"]}}],"collection":[{"href":"https:\/\/www.spolchemie.cz\/de\/wp-json\/wp\/v2\/pages"}],"about":[{"href":"https:\/\/www.spolchemie.cz\/de\/wp-json\/wp\/v2\/types\/page"}],"author":[{"embeddable":true,"href":"https:\/\/www.spolchemie.cz\/de\/wp-json\/wp\/v2\/users\/1"}],"replies":[{"embeddable":true,"href":"https:\/\/www.spolchemie.cz\/de\/wp-json\/wp\/v2\/comments?post=4583"}],"version-history":[{"count":8,"href":"https:\/\/www.spolchemie.cz\/de\/wp-json\/wp\/v2\/pages\/4583\/revisions"}],"predecessor-version":[{"id":90106,"href":"https:\/\/www.spolchemie.cz\/de\/wp-json\/wp\/v2\/pages\/4583\/revisions\/90106"}],"up":[{"embeddable":true,"href":"https:\/\/www.spolchemie.cz\/de\/wp-json\/wp\/v2\/pages\/4608"}],"wp:attachment":[{"href":"https:\/\/www.spolchemie.cz\/de\/wp-json\/wp\/v2\/media?parent=4583"}],"curies":[{"name":"wp","href":"https:\/\/api.w.org\/{rel}","templated":true}]}}