{"id":4586,"date":"2023-07-20T14:11:03","date_gmt":"2023-07-20T12:11:03","guid":{"rendered":"https:\/\/www.spolchemie.cz\/kundenbetreuung\/"},"modified":"2025-01-29T13:57:16","modified_gmt":"2025-01-29T12:57:16","slug":"kundenbetreuung","status":"publish","type":"page","link":"https:\/\/www.spolchemie.cz\/de\/kontakt\/kundenbetreuung\/","title":{"rendered":"Kundendienst"},"content":{"rendered":"\t\t<div data-elementor-type=\"wp-page\" data-elementor-id=\"4586\" class=\"elementor elementor-4586 elementor-3100\" data-elementor-post-type=\"page\">\n\t\t\t\t<div data-dce-background-image-url=\"https:\/\/www.spolchemie.cz\/wp-content\/uploads\/2023\/03\/show-image-36-scaled.jpg\" class=\"elementor-element elementor-element-2f75bd23 e-con-full e-flex e-con e-parent\" data-id=\"2f75bd23\" data-element_type=\"container\" data-settings=\"{&quot;background_background&quot;:&quot;classic&quot;}\">\n\t\t\t\t<\/div>\n\t\t<div class=\"elementor-element elementor-element-68fcfe17 e-flex e-con-boxed e-con e-parent\" data-id=\"68fcfe17\" data-element_type=\"container\" data-settings=\"{&quot;background_background&quot;:&quot;classic&quot;}\">\n\t\t\t\t\t<div class=\"e-con-inner\">\n\t\t<div class=\"elementor-element elementor-element-57faa35a e-flex e-con-boxed e-con e-child\" data-id=\"57faa35a\" data-element_type=\"container\">\n\t\t\t\t\t<div class=\"e-con-inner\">\n\t\t\t\t<div class=\"elementor-element elementor-element-118fb269 elementor-widget elementor-widget-sp-breadcrumbs\" data-id=\"118fb269\" data-element_type=\"widget\" data-widget_type=\"sp-breadcrumbs.default\">\n\t\t\t\t<div class=\"elementor-widget-container\">\n\t\t\t\t\t<nav  aria-label=\"breadcrumb\"><ol class=\"breadcrumb\" itemscope itemtype=\"https:\/\/schema.org\/BreadcrumbList\"><li class=\"breadcrumb-item active\" aria-current=\"page\" itemprop=\"itemListElement\" itemscope itemtype=\"https:\/\/schema.org\/ListItem\"><span itemprop=\"name\">Spolchemie<\/span><meta itemprop=\"position\" content=\"1\"><\/li><\/ol><\/nav>\t\t\t\t<\/div>\n\t\t\t\t<\/div>\n\t\t\t\t<div class=\"elementor-element elementor-element-7d1deb0b elementor-widget elementor-widget-heading\" data-id=\"7d1deb0b\" data-element_type=\"widget\" data-widget_type=\"heading.default\">\n\t\t\t\t\t<h1 class=\"elementor-heading-title elementor-size-default\">Kundendienst<\/h1>\t\t\t\t<\/div>\n\t\t\t\t\t<\/div>\n\t\t\t\t<\/div>\n\t\t\t\t\t<\/div>\n\t\t\t\t<\/div>\n\t\t<div class=\"elementor-element elementor-element-27c543ab e-flex e-con-boxed e-con e-parent\" data-id=\"27c543ab\" data-element_type=\"container\" data-settings=\"{&quot;background_background&quot;:&quot;classic&quot;}\">\n\t\t\t\t\t<div class=\"e-con-inner\">\n\t\t<div class=\"elementor-element elementor-element-cb1a29 e-flex e-con-boxed e-con e-child\" data-id=\"cb1a29\" data-element_type=\"container\">\n\t\t\t\t\t<div class=\"e-con-inner\">\n\t\t\t\t<div class=\"dce-fix-background-loop elementor-element elementor-element-5a1c3643 elementor-widget elementor-widget-dce-flexible-content\" data-id=\"5a1c3643\" data-element_type=\"widget\" data-widget_type=\"dce-flexible-content.default\">\n\t\t\t\t<div class=\"elementor-widget-container\">\n\t\t\t\t\t<div><table class=\"kontakt\">\n  <tr class=\"kontakt__table\">\n    <td class=\"kontakt__jmeno\">Lenka Jedli\u010dkov\u00e1<\/td>\n    <td class=\"kontakt__pozice\">Leiter des Kundendienstes<\/td>\n    <td class=\"kontakt__email\"><a href=\"mailto:jedlickova@spolchemie.cz\">jedlickova@spolchemie.cz<\/a><\/td>\n    <td class=\"kontakt__telefon\"><a href=\"tel:+420 731 452 078\">+420 731 452 078<\/a><\/td>\n  <\/tr>\n<\/table><\/div>\t\t\t\t<\/div>\n\t\t\t\t<\/div>\n\t\t\t\t\t<\/div>\n\t\t\t\t<\/div>\n\t\t\t\t\t<\/div>\n\t\t\t\t<\/div>\n\t\t<div class=\"elementor-element elementor-element-6d200e07 e-flex e-con-boxed e-con e-parent\" data-id=\"6d200e07\" data-element_type=\"container\" data-settings=\"{&quot;background_background&quot;:&quot;gradient&quot;}\">\n\t\t\t\t\t<div class=\"e-con-inner\">\n\t\t<div class=\"elementor-element elementor-element-7672732e e-flex e-con-boxed e-con e-child\" data-id=\"7672732e\" data-element_type=\"container\">\n\t\t\t\t\t<div class=\"e-con-inner\">\n\t\t\t\t<div class=\"elementor-element elementor-element-8d3fafb elementor-widget elementor-widget-heading\" data-id=\"8d3fafb\" data-element_type=\"widget\" data-widget_type=\"heading.default\">\n\t\t\t\t\t<h2 class=\"elementor-heading-title elementor-size-default\">F\u00fcr SBU: Epoxidharze, Speziall\u00f6sungen und Alkydharze<\/h2>\t\t\t\t<\/div>\n\t\t\t\t\t<\/div>\n\t\t\t\t<\/div>\n\t\t\t\t\t<\/div>\n\t\t\t\t<\/div>\n\t\t<div class=\"elementor-element elementor-element-6742ea1e e-flex e-con-boxed e-con e-parent\" data-id=\"6742ea1e\" data-element_type=\"container\" data-settings=\"{&quot;background_background&quot;:&quot;classic&quot;}\">\n\t\t\t\t\t<div class=\"e-con-inner\">\n\t\t<div class=\"elementor-element elementor-element-2dc1ee2f e-flex e-con-boxed e-con e-child\" data-id=\"2dc1ee2f\" data-element_type=\"container\">\n\t\t\t\t\t<div class=\"e-con-inner\">\n\t\t\t\t<div class=\"dce-fix-background-loop elementor-element elementor-element-1baf2003 elementor-widget elementor-widget-dce-flexible-content\" data-id=\"1baf2003\" data-element_type=\"widget\" data-widget_type=\"dce-flexible-content.default\">\n\t\t\t\t<div class=\"elementor-widget-container\">\n\t\t\t\t\t<div><table class=\"kontakt\">\n  <tr class=\"kontakt__table\">\n    <td class=\"kontakt__jmeno\">Jitka Balatov\u00e1<\/td>\n    <td class=\"kontakt__pozice\">Kundendienst<\/td>\n    <td class=\"kontakt__email\"><a href=\"mailto:balatova@spolchemie.cz\">balatova@spolchemie.cz<\/a><\/td>\n    <td class=\"kontakt__telefon\"><a href=\"tel:+420 477 162 038\">+420 477 162 038<\/a><\/td>\n  <\/tr>\n<\/table><\/div><div><table class=\"kontakt\">\n  <tr class=\"kontakt__table\">\n    <td class=\"kontakt__jmeno\">Ad\u00e9la \u0160troblov\u00e1<\/td>\n    <td class=\"kontakt__pozice\">Kundendienst<\/td>\n    <td class=\"kontakt__email\"><a href=\"mailto:stroblova@spolchemie.cz\">stroblova@spolchemie.cz<\/a><\/td>\n    <td class=\"kontakt__telefon\"><a href=\"tel:+420 477 163 043\">+420 477 163 043<\/a><\/td>\n  <\/tr>\n<\/table><\/div><div><table class=\"kontakt\">\n  <tr class=\"kontakt__table\">\n    <td class=\"kontakt__jmeno\">Eli\u0161ka Jind\u0159ichov\u00e1<\/td>\n    <td class=\"kontakt__pozice\">Kundendienst<\/td>\n    <td class=\"kontakt__email\"><a href=\"mailto:jindrichova@spolchemie.cz\">jindrichova@spolchemie.cz<\/a><\/td>\n    <td class=\"kontakt__telefon\"><a href=\"tel:+420 477 163 053\">+420 477 163 053<\/a><\/td>\n  <\/tr>\n<\/table><\/div><div><table class=\"kontakt\">\n  <tr class=\"kontakt__table\">\n    <td class=\"kontakt__jmeno\">\u0160t\u011bp\u00e1nka Vole\u0161ov\u00e1<\/td>\n    <td class=\"kontakt__pozice\">Kundendienst<\/td>\n    <td class=\"kontakt__email\"><a href=\"mailto:volesova@spolchemie.cz\">volesova@spolchemie.cz<\/a><\/td>\n    <td class=\"kontakt__telefon\"><a href=\"tel:+420 477 163 161\">+420 477 163 161<\/a><\/td>\n  <\/tr>\n<\/table><\/div>\t\t\t\t<\/div>\n\t\t\t\t<\/div>\n\t\t\t\t\t<\/div>\n\t\t\t\t<\/div>\n\t\t\t\t\t<\/div>\n\t\t\t\t<\/div>\n\t\t<div class=\"elementor-element elementor-element-6bcab363 e-flex e-con-boxed e-con e-parent\" data-id=\"6bcab363\" data-element_type=\"container\" data-settings=\"{&quot;background_background&quot;:&quot;gradient&quot;}\">\n\t\t\t\t\t<div class=\"e-con-inner\">\n\t\t<div class=\"elementor-element elementor-element-29b72408 e-flex e-con-boxed e-con e-child\" data-id=\"29b72408\" data-element_type=\"container\">\n\t\t\t\t\t<div class=\"e-con-inner\">\n\t\t\t\t<div class=\"elementor-element elementor-element-7e5e1774 elementor-widget elementor-widget-heading\" data-id=\"7e5e1774\" data-element_type=\"widget\" data-widget_type=\"heading.default\">\n\t\t\t\t\t<h2 class=\"elementor-heading-title elementor-size-default\">F\u00fcr SBU Anorganik<\/h2>\t\t\t\t<\/div>\n\t\t\t\t\t<\/div>\n\t\t\t\t<\/div>\n\t\t\t\t\t<\/div>\n\t\t\t\t<\/div>\n\t\t<div class=\"elementor-element elementor-element-107130e8 e-flex e-con-boxed e-con e-parent\" data-id=\"107130e8\" data-element_type=\"container\" data-settings=\"{&quot;background_background&quot;:&quot;classic&quot;}\">\n\t\t\t\t\t<div class=\"e-con-inner\">\n\t\t<div class=\"elementor-element elementor-element-1b59e3d e-flex e-con-boxed e-con e-child\" data-id=\"1b59e3d\" data-element_type=\"container\">\n\t\t\t\t\t<div class=\"e-con-inner\">\n\t\t\t\t<div class=\"dce-fix-background-loop elementor-element elementor-element-6e957c62 elementor-widget elementor-widget-dce-flexible-content\" data-id=\"6e957c62\" data-element_type=\"widget\" data-widget_type=\"dce-flexible-content.default\">\n\t\t\t\t<div class=\"elementor-widget-container\">\n\t\t\t\t\t<div><table class=\"kontakt\">\n  <tr class=\"kontakt__table\">\n    <td class=\"kontakt__jmeno\">Jana \u017dampachov\u00e1<\/td>\n    <td class=\"kontakt__pozice\">Kundendienst<\/td>\n    <td class=\"kontakt__email\"><a href=\"mailto:zampachova@spolchemie.cz\">zampachova@spolchemie.cz<\/a><\/td>\n    <td class=\"kontakt__telefon\"><a href=\"tel:+420 477 163 611\">+420 477 163 611<\/a><\/td>\n  <\/tr>\n<\/table><\/div><div><table class=\"kontakt\">\n  <tr class=\"kontakt__table\">\n    <td class=\"kontakt__jmeno\">Caroline Ott<\/td>\n    <td class=\"kontakt__pozice\">Kundendienst<\/td>\n    <td class=\"kontakt__email\"><a href=\"mailto:ottova@spolchemie.cz\">ottova@spolchemie.cz<\/a><\/td>\n    <td class=\"kontakt__telefon\"><a href=\"tel:+420 477 163 795\">+420 477 163 795<\/a><\/td>\n  <\/tr>\n<\/table><\/div><div><table class=\"kontakt\">\n  <tr class=\"kontakt__table\">\n    <td class=\"kontakt__jmeno\">V\u00e1clava Hajn\u00e1<\/td>\n    <td class=\"kontakt__pozice\">Kundendienst<\/td>\n    <td class=\"kontakt__email\"><a href=\"mailto:hajna@spolchemie.cz\">hajna@spolchemie.cz<\/a><\/td>\n    <td class=\"kontakt__telefon\"><a href=\"tel:+420 477 163 788\">+420 477 163 788<\/a><\/td>\n  <\/tr>\n<\/table><\/div><div><table class=\"kontakt\">\n  <tr class=\"kontakt__table\">\n    <td class=\"kontakt__jmeno\">Krist\u00fdna Kone\u010dn\u00e1<\/td>\n    <td class=\"kontakt__pozice\">Kundendienst<\/td>\n    <td class=\"kontakt__email\"><a href=\"mailto:konecna@spolchemie.cz\">konecna@spolchemie.cz<\/a><\/td>\n    <td class=\"kontakt__telefon\"><a href=\"tel:+420 477 163 942\">+420 477 163 942<\/a><\/td>\n  <\/tr>\n<\/table><\/div>\t\t\t\t<\/div>\n\t\t\t\t<\/div>\n\t\t\t\t\t<\/div>\n\t\t\t\t<\/div>\n\t\t\t\t\t<\/div>\n\t\t\t\t<\/div>\n\t\t\t\t<\/div>\n\t\t","protected":false},"excerpt":{"rendered":"<p>Spolchemie Lenka Jedli\u010dkov\u00e1 Leiter des Kundendienstes jedlickova@spolchemie.cz +420 731 452 078 F\u00fcr SBU: Epoxidharze, Speziall\u00f6sungen und Alkydharze Jitka Balatov\u00e1 Kundendienst balatova@spolchemie.cz +420 477 162 038 Ad\u00e9la \u0160troblov\u00e1 Kundendienst stroblova@spolchemie.cz +420 477 163 043 Eli\u0161ka Jind\u0159ichov\u00e1 Kundendienst jindrichova@spolchemie.cz +420 477 163 053 \u0160t\u011bp\u00e1nka Vole\u0161ov\u00e1 Kundendienst volesova@spolchemie.cz +420 477 163 161 F\u00fcr SBU Anorganik Jana \u017dampachov\u00e1 Kundendienst [&hellip;]<\/p>\n","protected":false},"author":1,"featured_media":0,"parent":5121,"menu_order":0,"comment_status":"closed","ping_status":"closed","template":"","meta":{"_acf_changed":false,"_seopress_robots_primary_cat":"","_seopress_titles_title":"","_seopress_titles_desc":"","_seopress_robots_index":"","footnotes":"","_links_to":"","_links_to_target":""},"class_list":["post-4586","page","type-page","status-publish","hentry"],"acf":[],"_links":{"self":[{"href":"https:\/\/www.spolchemie.cz\/de\/wp-json\/wp\/v2\/pages\/4586","targetHints":{"allow":["GET"]}}],"collection":[{"href":"https:\/\/www.spolchemie.cz\/de\/wp-json\/wp\/v2\/pages"}],"about":[{"href":"https:\/\/www.spolchemie.cz\/de\/wp-json\/wp\/v2\/types\/page"}],"author":[{"embeddable":true,"href":"https:\/\/www.spolchemie.cz\/de\/wp-json\/wp\/v2\/users\/1"}],"replies":[{"embeddable":true,"href":"https:\/\/www.spolchemie.cz\/de\/wp-json\/wp\/v2\/comments?post=4586"}],"version-history":[{"count":18,"href":"https:\/\/www.spolchemie.cz\/de\/wp-json\/wp\/v2\/pages\/4586\/revisions"}],"predecessor-version":[{"id":87044,"href":"https:\/\/www.spolchemie.cz\/de\/wp-json\/wp\/v2\/pages\/4586\/revisions\/87044"}],"up":[{"embeddable":true,"href":"https:\/\/www.spolchemie.cz\/de\/wp-json\/wp\/v2\/pages\/5121"}],"wp:attachment":[{"href":"https:\/\/www.spolchemie.cz\/de\/wp-json\/wp\/v2\/media?parent=4586"}],"curies":[{"name":"wp","href":"https:\/\/api.w.org\/{rel}","templated":true}]}}