{"id":4597,"date":"2023-07-11T17:43:50","date_gmt":"2023-07-11T15:43:50","guid":{"rendered":"https:\/\/www.spolchemie.cz\/fuer-medien\/"},"modified":"2023-08-06T19:47:36","modified_gmt":"2023-08-06T17:47:36","slug":"fuer-medien","status":"publish","type":"page","link":"https:\/\/www.spolchemie.cz\/de\/andere\/fuer-medien\/","title":{"rendered":"F\u00fcr Medien"},"content":{"rendered":"\t\t<div data-elementor-type=\"wp-page\" data-elementor-id=\"4597\" class=\"elementor elementor-4597 elementor-2394\" data-elementor-post-type=\"page\">\n\t\t\t\t<div data-dce-background-image-url=\"https:\/\/www.spolchemie.cz\/wp-content\/uploads\/2023\/03\/show-image-9.jpg\" class=\"elementor-element elementor-element-5a594b4a e-con-full e-flex e-con e-parent\" data-id=\"5a594b4a\" data-element_type=\"container\" data-settings=\"{&quot;background_background&quot;:&quot;classic&quot;}\">\n\t\t\t\t<\/div>\n\t\t<div class=\"elementor-element elementor-element-3a011b7 e-flex e-con-boxed e-con e-parent\" data-id=\"3a011b7\" data-element_type=\"container\" data-settings=\"{&quot;background_background&quot;:&quot;classic&quot;}\">\n\t\t\t\t\t<div class=\"e-con-inner\">\n\t\t<div class=\"elementor-element elementor-element-1d863192 e-flex e-con-boxed e-con e-parent\" data-id=\"1d863192\" data-element_type=\"container\">\n\t\t\t\t\t<div class=\"e-con-inner\">\n\t\t\t\t<div class=\"elementor-element elementor-element-7ff5113 elementor-widget elementor-widget-sp-breadcrumbs\" data-id=\"7ff5113\" data-element_type=\"widget\" data-widget_type=\"sp-breadcrumbs.default\">\n\t\t\t\t<div class=\"elementor-widget-container\">\n\t\t\t\t\t<nav  aria-label=\"breadcrumb\"><ol class=\"breadcrumb\" itemscope itemtype=\"https:\/\/schema.org\/BreadcrumbList\"><li class=\"breadcrumb-item active\" aria-current=\"page\" itemprop=\"itemListElement\" itemscope itemtype=\"https:\/\/schema.org\/ListItem\"><span itemprop=\"name\">Spolchemie<\/span><meta itemprop=\"position\" content=\"1\"><\/li><\/ol><\/nav>\t\t\t\t<\/div>\n\t\t\t\t<\/div>\n\t\t\t\t<div class=\"elementor-element elementor-element-5b6de08b elementor-widget elementor-widget-heading\" data-id=\"5b6de08b\" data-element_type=\"widget\" data-widget_type=\"heading.default\">\n\t\t\t\t\t<h1 class=\"elementor-heading-title elementor-size-default\">F\u00fcr Medien<\/h1>\t\t\t\t<\/div>\n\t\t\t\t\t<\/div>\n\t\t\t\t<\/div>\n\t\t\t\t\t<\/div>\n\t\t\t\t<\/div>\n\t\t<div class=\"elementor-element elementor-element-5947b95 e-flex e-con-boxed e-con e-parent\" data-id=\"5947b95\" data-element_type=\"container\" data-settings=\"{&quot;background_background&quot;:&quot;classic&quot;}\">\n\t\t\t\t\t<div class=\"e-con-inner\">\n\t\t<div class=\"elementor-element elementor-element-f6b96a6 e-flex e-con-boxed e-con e-parent\" data-id=\"f6b96a6\" data-element_type=\"container\">\n\t\t\t\t\t<div class=\"e-con-inner\">\n\t\t<div class=\"elementor-element elementor-element-d277c2f e-flex e-con-boxed e-con e-parent\" data-id=\"d277c2f\" data-element_type=\"container\">\n\t\t\t\t\t<div class=\"e-con-inner\">\n\t\t<div class=\"elementor-element elementor-element-ae65e09 e-con-full e-flex e-con e-parent\" data-id=\"ae65e09\" data-element_type=\"container\">\n\t\t<div class=\"elementor-element elementor-element-c444c87 e-con-full e-flex e-con e-parent\" data-id=\"c444c87\" data-element_type=\"container\">\n\t\t\t\t<div class=\"elementor-element elementor-element-811565d elementor-widget elementor-widget-heading\" data-id=\"811565d\" data-element_type=\"widget\" data-widget_type=\"heading.default\">\n\t\t\t\t\t<span class=\"elementor-heading-title elementor-size-default\">Jan Charv\u00e1t<\/span>\t\t\t\t<\/div>\n\t\t\t\t<\/div>\n\t\t<div class=\"elementor-element elementor-element-ff53cd7 e-con-full e-flex e-con e-parent\" data-id=\"ff53cd7\" data-element_type=\"container\">\n\t\t\t\t<div class=\"elementor-element elementor-element-8c12bbe elementor-widget elementor-widget-heading\" data-id=\"8c12bbe\" data-element_type=\"widget\" data-widget_type=\"heading.default\">\n\t\t\t\t\t<span class=\"elementor-heading-title elementor-size-default\">Pressesprecher<\/span>\t\t\t\t<\/div>\n\t\t\t\t<\/div>\n\t\t<div class=\"elementor-element elementor-element-211bb2a e-con-full e-flex e-con e-parent\" data-id=\"211bb2a\" data-element_type=\"container\">\n\t\t\t\t<div class=\"elementor-element elementor-element-095dcb4 elementor-widget elementor-widget-heading\" data-id=\"095dcb4\" data-element_type=\"widget\" data-widget_type=\"heading.default\">\n\t\t\t\t\t<span class=\"elementor-heading-title elementor-size-default\">+420 608 827 381<\/span>\t\t\t\t<\/div>\n\t\t\t\t<\/div>\n\t\t<div class=\"elementor-element elementor-element-4c294ec e-con-full e-flex e-con e-parent\" data-id=\"4c294ec\" data-element_type=\"container\">\n\t\t\t\t<div class=\"elementor-element elementor-element-d844733 elementor-widget elementor-widget-heading\" data-id=\"d844733\" data-element_type=\"widget\" data-widget_type=\"heading.default\">\n\t\t\t\t\t<span class=\"elementor-heading-title elementor-size-default\">charvat@ccgpr.cz<\/span>\t\t\t\t<\/div>\n\t\t\t\t<\/div>\n\t\t\t\t<\/div>\n\t\t\t\t\t<\/div>\n\t\t\t\t<\/div>\n\t\t\t\t\t<\/div>\n\t\t\t\t<\/div>\n\t\t\t\t\t<\/div>\n\t\t\t\t<\/div>\n\t\t<div class=\"elementor-element elementor-element-1deb7245 e-flex e-con-boxed e-con e-parent\" data-id=\"1deb7245\" data-element_type=\"container\">\n\t\t\t\t\t<div class=\"e-con-inner\">\n\t\t<div class=\"elementor-element elementor-element-342cdf29 e-flex e-con-boxed e-con e-parent\" data-id=\"342cdf29\" data-element_type=\"container\">\n\t\t\t\t\t<div class=\"e-con-inner\">\n\t\t\t\t<div class=\"elementor-element elementor-element-3d209135 elementor-widget elementor-widget-text-editor\" data-id=\"3d209135\" data-element_type=\"widget\" data-widget_type=\"text-editor.default\">\n\t\t\t\t\t\t\t\t\t<div id=\"block_7515\" class=\"page_block disable_bottom_margin_desktop disable_bottom_margin_mobile individual_font_size_1 text_align_left vertical_align_top special_image_vertical_align_top block_template_100\">\n<article class=\"block_template_100\">\n<div class=\"html\">\n<h2>SPOLCHEMIE-Logo<\/h2>\n<\/div>\n<\/article>\n<\/div>\n<div id=\"block_7519\" class=\"page_block individual_font_size_1 text_align_left vertical_align_top special_image_vertical_align_top block_template_201\">\n<article class=\"block_template_201\">\n<div class=\"html\">\n<ul>\n<li><a href=\"\/wp-content\/uploads\/2023\/07\/spolchemie_cmyk-zakladni.jpg\" download=\"spolchemie_cmyk-zakladni.jpg\">Spolchemie Logoo_grundlegend<\/a> (jpg, 832.72 kB)<\/li>\n<li><a href=\"\/wp-content\/uploads\/2023\/07\/spolchemie_vertikal.jpg\" download=\"spolchemie_vertikal.jpg\">Spolchemie Logoo_vertikal<\/a> (jpg, 795.47 kB)<\/li>\n<\/ul>\n<\/div>\n<\/article>\n<\/div>\n<div id=\"block_7514\" class=\"page_block disable_bottom_margin_desktop disable_bottom_margin_mobile individual_font_size_1 text_align_left vertical_align_top special_image_vertical_align_top block_template_100\">\n<article class=\"block_template_100\">\n<div class=\"html\">\n<h2> <\/h2>\n<h2>Pressever\u00f6ffentlichungen<\/h2>\n<\/div>\n<\/article>\n<\/div>\n<div id=\"block_7516\" class=\"page_block individual_font_size_1 text_align_left vertical_align_top special_image_vertical_align_top block_template_201\">\n<article class=\"block_template_201\">\n<div class=\"html\">\n<ul>\n<li><a href=\"\/wp-content\/uploads\/2023\/07\/13-2-2021_spolchemie-slavi-165-vyroci-vzniku.docx\" download=\"13-2-2021_spolchemie-slavi-165-vyroci-vzniku.docx\">TZ_Spolchemie feiert 165-j\u00e4hriges<\/a> Bestehen (docx, 139.62 kB)<\/li>\n<\/ul>\n<\/div>\n<\/article>\n<\/div>\n\t\t\t\t\t\t\t\t<\/div>\n\t\t\t\t\t<\/div>\n\t\t\t\t<\/div>\n\t\t\t\t\t<\/div>\n\t\t\t\t<\/div>\n\t\t\t\t<\/div>\n\t\t","protected":false},"excerpt":{"rendered":"<p>\u00davodn\u00ed Jan Charv\u00e1t Pressesprecher +420 608 827 381 charvat@ccgpr.cz SPOLCHEMIE-Logo Spolchemie Logoo_grundlegend (jpg, 832.72 kB) Spolchemie Logoo_vertikal (jpg, 795.47 kB) Pressever\u00f6ffentlichungen TZ_Spolchemie feiert 165-j\u00e4hriges Bestehen (docx, 139.62 kB)<\/p>\n","protected":false},"author":1,"featured_media":0,"parent":4608,"menu_order":0,"comment_status":"closed","ping_status":"closed","template":"","meta":{"_acf_changed":false,"_seopress_robots_primary_cat":"","_seopress_titles_title":"","_seopress_titles_desc":"","_seopress_robots_index":"","footnotes":"","_links_to":"","_links_to_target":""},"class_list":["post-4597","page","type-page","status-publish","hentry"],"acf":[],"_links":{"self":[{"href":"https:\/\/www.spolchemie.cz\/de\/wp-json\/wp\/v2\/pages\/4597","targetHints":{"allow":["GET"]}}],"collection":[{"href":"https:\/\/www.spolchemie.cz\/de\/wp-json\/wp\/v2\/pages"}],"about":[{"href":"https:\/\/www.spolchemie.cz\/de\/wp-json\/wp\/v2\/types\/page"}],"author":[{"embeddable":true,"href":"https:\/\/www.spolchemie.cz\/de\/wp-json\/wp\/v2\/users\/1"}],"replies":[{"embeddable":true,"href":"https:\/\/www.spolchemie.cz\/de\/wp-json\/wp\/v2\/comments?post=4597"}],"version-history":[{"count":1,"href":"https:\/\/www.spolchemie.cz\/de\/wp-json\/wp\/v2\/pages\/4597\/revisions"}],"predecessor-version":[{"id":4606,"href":"https:\/\/www.spolchemie.cz\/de\/wp-json\/wp\/v2\/pages\/4597\/revisions\/4606"}],"up":[{"embeddable":true,"href":"https:\/\/www.spolchemie.cz\/de\/wp-json\/wp\/v2\/pages\/4608"}],"wp:attachment":[{"href":"https:\/\/www.spolchemie.cz\/de\/wp-json\/wp\/v2\/media?parent=4597"}],"curies":[{"name":"wp","href":"https:\/\/api.w.org\/{rel}","templated":true}]}}