{"id":4633,"date":"2023-07-11T17:40:00","date_gmt":"2023-07-11T15:40:00","guid":{"rendered":"https:\/\/www.spolchemie.cz\/anforderungen-fuer-lastwagenfahrer\/"},"modified":"2023-08-06T19:47:35","modified_gmt":"2023-08-06T17:47:35","slug":"anforderungen-fuer-lastwagenfahrer","status":"publish","type":"page","link":"https:\/\/www.spolchemie.cz\/de\/fuer-geschaeftspartner-und-mieter\/anforderungen-fuer-lastwagenfahrer\/","title":{"rendered":"Anforderungen f\u00fcr Lastwagenfahrer"},"content":{"rendered":"\t\t<div data-elementor-type=\"wp-page\" data-elementor-id=\"4633\" class=\"elementor elementor-4633 elementor-2378\" data-elementor-post-type=\"page\">\n\t\t\t\t<div data-dce-background-image-url=\"https:\/\/www.spolchemie.cz\/wp-content\/uploads\/2023\/03\/show-image-9.jpg\" class=\"elementor-element elementor-element-4f2b87c6 e-con-full e-flex e-con e-parent\" data-id=\"4f2b87c6\" data-element_type=\"container\" data-settings=\"{&quot;background_background&quot;:&quot;classic&quot;}\">\n\t\t\t\t<\/div>\n\t\t<div class=\"elementor-element elementor-element-45c3e290 e-flex e-con-boxed e-con e-parent\" data-id=\"45c3e290\" data-element_type=\"container\" data-settings=\"{&quot;background_background&quot;:&quot;classic&quot;}\">\n\t\t\t\t\t<div class=\"e-con-inner\">\n\t\t<div class=\"elementor-element elementor-element-4370461e e-flex e-con-boxed e-con e-parent\" data-id=\"4370461e\" data-element_type=\"container\">\n\t\t\t\t\t<div class=\"e-con-inner\">\n\t\t\t\t<div class=\"elementor-element elementor-element-4a589b9a elementor-widget elementor-widget-sp-breadcrumbs\" data-id=\"4a589b9a\" data-element_type=\"widget\" data-widget_type=\"sp-breadcrumbs.default\">\n\t\t\t\t<div class=\"elementor-widget-container\">\n\t\t\t\t\t<nav  aria-label=\"breadcrumb\"><ol class=\"breadcrumb\" itemscope itemtype=\"https:\/\/schema.org\/BreadcrumbList\"><li class=\"breadcrumb-item active\" aria-current=\"page\" itemprop=\"itemListElement\" itemscope itemtype=\"https:\/\/schema.org\/ListItem\"><span itemprop=\"name\">Spolchemie<\/span><meta itemprop=\"position\" content=\"1\"><\/li><\/ol><\/nav>\t\t\t\t<\/div>\n\t\t\t\t<\/div>\n\t\t\t\t<div class=\"elementor-element elementor-element-3a7181b0 elementor-widget elementor-widget-heading\" data-id=\"3a7181b0\" data-element_type=\"widget\" data-widget_type=\"heading.default\">\n\t\t\t\t\t<h1 class=\"elementor-heading-title elementor-size-default\">Anforderungen f\u00fcr Lastwagenfahrer<\/h1>\t\t\t\t<\/div>\n\t\t\t\t\t<\/div>\n\t\t\t\t<\/div>\n\t\t\t\t\t<\/div>\n\t\t\t\t<\/div>\n\t\t<div class=\"elementor-element elementor-element-7a7c3101 e-flex e-con-boxed e-con e-parent\" data-id=\"7a7c3101\" data-element_type=\"container\">\n\t\t\t\t\t<div class=\"e-con-inner\">\n\t\t<div class=\"elementor-element elementor-element-52a91c81 e-flex e-con-boxed e-con e-parent\" data-id=\"52a91c81\" data-element_type=\"container\">\n\t\t\t\t\t<div class=\"e-con-inner\">\n\t\t\t\t<div class=\"elementor-element elementor-element-469af364 elementor-widget elementor-widget-text-editor\" data-id=\"469af364\" data-element_type=\"widget\" data-widget_type=\"text-editor.default\">\n\t\t\t\t\t\t\t\t\t<div id=\"block_7333\" class=\"page_block individual_font_size_1 text_align_left vertical_align_top special_image_vertical_align_top block_template_100\">\n<article class=\"block_template_100\">\n<div class=\"html\">\n<p>Die Bewegung und die Aktivit\u00e4ten auf dem Gel\u00e4nde von SPOLCHEMIE (Gesellschaft f\u00fcr chemische und metallurgische Produktion, Aktiengesellschaft) werden durch Regeln geregelt, die die legitimen Interessen des Unternehmens sicherstellen.  <\/p>\n<p>Die <strong>Anforderungen f\u00fcr Lkw-Fahrer k\u00f6nnen unten heruntergeladen werden<\/strong>.<\/p>\n<\/p>\n<\/div>\n<\/article>\n<\/div>\n<div id=\"block_7334\" class=\"page_block individual_font_size_1 text_align_left vertical_align_top special_image_vertical_align_top block_template_201\">\n<article class=\"block_template_201\">\n<div class=\"html\">\n<ul>\n<li><a href=\"\/wp-content\/uploads\/2023\/07\/informace-ridicum_letak_9f_cz.pdf\" download=\"informace-ridicum_letak_9f_cz.pdf\">CZ<\/a> (pdf, 885.96 kB)<\/li>\n<\/ul>\n<ul>\n<li><a href=\"\/wp-content\/uploads\/2023\/07\/informace-ridicum_letak_9f_eng.pdf\" download=\"informace-ridicum_letak_9f_eng.pdf\">ENG<\/a> (pdf, 835.95 kB)<\/li>\n<\/ul>\n<ul>\n<li><a href=\"\/wp-content\/uploads\/2023\/07\/informace-ridicum_letak_9f_de.pdf\" download=\"informace-ridicum_letak_9f_de.pdf\">DE<\/a> (pdf, 863.1 kB)<\/li>\n<\/ul>\n<ul>\n<li><a href=\"\/wp-content\/uploads\/2023\/07\/informace-ridicum_letak_9f_pl.pdf\" download=\"informace-ridicum_letak_9f_pl.pdf\">DE<\/a> (pdf, 890.56 kB)<\/li>\n<\/ul>\n<ul>\n<li><a href=\"\/wp-content\/uploads\/2023\/07\/informace-ridicum_letak_9f_ru.pdf\" download=\"informace-ridicum_letak_9f_ru.pdf\">RU<\/a> (pdf, 852.35 kB)<\/li>\n<\/ul>\n<\/div>\n<\/article>\n<\/div>\n\t\t\t\t\t\t\t\t<\/div>\n\t\t\t\t\t<\/div>\n\t\t\t\t<\/div>\n\t\t\t\t\t<\/div>\n\t\t\t\t<\/div>\n\t\t\t\t<\/div>\n\t\t","protected":false},"excerpt":{"rendered":"<p>\u00davodn\u00ed Die Bewegung und die Aktivit\u00e4ten auf dem Gel\u00e4nde von SPOLCHEMIE (Gesellschaft f\u00fcr chemische und metallurgische Produktion, Aktiengesellschaft) werden durch Regeln geregelt, die die legitimen Interessen des Unternehmens sicherstellen. Die Anforderungen f\u00fcr Lkw-Fahrer k\u00f6nnen unten heruntergeladen werden. CZ (pdf, 885.96 kB) ENG (pdf, 835.95 kB) DE (pdf, 863.1 kB) DE (pdf, 890.56 kB) RU (pdf, [&hellip;]<\/p>\n","protected":false},"author":1,"featured_media":0,"parent":4647,"menu_order":0,"comment_status":"closed","ping_status":"closed","template":"","meta":{"_acf_changed":false,"_seopress_robots_primary_cat":"","_seopress_titles_title":"","_seopress_titles_desc":"","_seopress_robots_index":"","footnotes":"","_links_to":"","_links_to_target":""},"class_list":["post-4633","page","type-page","status-publish","hentry"],"acf":[],"_links":{"self":[{"href":"https:\/\/www.spolchemie.cz\/de\/wp-json\/wp\/v2\/pages\/4633","targetHints":{"allow":["GET"]}}],"collection":[{"href":"https:\/\/www.spolchemie.cz\/de\/wp-json\/wp\/v2\/pages"}],"about":[{"href":"https:\/\/www.spolchemie.cz\/de\/wp-json\/wp\/v2\/types\/page"}],"author":[{"embeddable":true,"href":"https:\/\/www.spolchemie.cz\/de\/wp-json\/wp\/v2\/users\/1"}],"replies":[{"embeddable":true,"href":"https:\/\/www.spolchemie.cz\/de\/wp-json\/wp\/v2\/comments?post=4633"}],"version-history":[{"count":1,"href":"https:\/\/www.spolchemie.cz\/de\/wp-json\/wp\/v2\/pages\/4633\/revisions"}],"predecessor-version":[{"id":4637,"href":"https:\/\/www.spolchemie.cz\/de\/wp-json\/wp\/v2\/pages\/4633\/revisions\/4637"}],"up":[{"embeddable":true,"href":"https:\/\/www.spolchemie.cz\/de\/wp-json\/wp\/v2\/pages\/4647"}],"wp:attachment":[{"href":"https:\/\/www.spolchemie.cz\/de\/wp-json\/wp\/v2\/media?parent=4633"}],"curies":[{"name":"wp","href":"https:\/\/api.w.org\/{rel}","templated":true}]}}