{"id":4663,"date":"2023-07-11T16:48:40","date_gmt":"2023-07-11T14:48:40","guid":{"rendered":"https:\/\/www.spolchemie.cz\/termine-und-provisionen\/"},"modified":"2023-08-06T19:47:41","modified_gmt":"2023-08-06T17:47:41","slug":"termine-und-provisionen","status":"publish","type":"page","link":"https:\/\/www.spolchemie.cz\/de\/verantwortliches-unternehmen\/patenschaft\/termine-und-provisionen\/","title":{"rendered":"Termine und Provisionen"},"content":{"rendered":"\t\t<div data-elementor-type=\"wp-page\" data-elementor-id=\"4663\" class=\"elementor elementor-4663 elementor-2355\" data-elementor-post-type=\"page\">\n\t\t\t\t<div data-dce-background-image-url=\"https:\/\/www.spolchemie.cz\/wp-content\/uploads\/2023\/08\/Minigranty_foto-scaled.jpg\" class=\"elementor-element elementor-element-7f6bde17 e-con-full e-flex e-con e-parent\" data-id=\"7f6bde17\" data-element_type=\"container\" data-settings=\"{&quot;background_background&quot;:&quot;classic&quot;}\">\n\t\t\t\t<\/div>\n\t\t<div class=\"elementor-element elementor-element-2c58ac0b e-flex e-con-boxed e-con e-parent\" data-id=\"2c58ac0b\" data-element_type=\"container\" data-settings=\"{&quot;background_background&quot;:&quot;classic&quot;}\">\n\t\t\t\t\t<div class=\"e-con-inner\">\n\t\t<div class=\"elementor-element elementor-element-12c8aa8 e-flex e-con-boxed e-con e-parent\" data-id=\"12c8aa8\" data-element_type=\"container\">\n\t\t\t\t\t<div class=\"e-con-inner\">\n\t\t\t\t<div class=\"elementor-element elementor-element-155d895e elementor-widget elementor-widget-sp-breadcrumbs\" data-id=\"155d895e\" data-element_type=\"widget\" data-widget_type=\"sp-breadcrumbs.default\">\n\t\t\t\t<div class=\"elementor-widget-container\">\n\t\t\t\t\t<nav  aria-label=\"breadcrumb\"><ol class=\"breadcrumb\" itemscope itemtype=\"https:\/\/schema.org\/BreadcrumbList\"><li class=\"breadcrumb-item active\" aria-current=\"page\" itemprop=\"itemListElement\" itemscope itemtype=\"https:\/\/schema.org\/ListItem\"><span itemprop=\"name\">Spolchemie<\/span><meta itemprop=\"position\" content=\"1\"><\/li><\/ol><\/nav>\t\t\t\t<\/div>\n\t\t\t\t<\/div>\n\t\t\t\t<div class=\"elementor-element elementor-element-2f34ffca elementor-widget elementor-widget-heading\" data-id=\"2f34ffca\" data-element_type=\"widget\" data-widget_type=\"heading.default\">\n\t\t\t\t\t<h1 class=\"elementor-heading-title elementor-size-default\">Termine und Provisionen<\/h1>\t\t\t\t<\/div>\n\t\t\t\t\t<\/div>\n\t\t\t\t<\/div>\n\t\t\t\t\t<\/div>\n\t\t\t\t<\/div>\n\t\t<div class=\"elementor-element elementor-element-6584a8cc e-flex e-con-boxed e-con e-parent\" data-id=\"6584a8cc\" data-element_type=\"container\" data-settings=\"{&quot;background_background&quot;:&quot;classic&quot;}\">\n\t\t\t\t\t<div class=\"e-con-inner\">\n\t\t<div class=\"elementor-element elementor-element-702c347f e-flex e-con-boxed e-con e-parent\" data-id=\"702c347f\" data-element_type=\"container\">\n\t\t\t\t\t<div class=\"e-con-inner\">\n\t\t\t\t<div class=\"elementor-element elementor-element-3f1bda21 elementor-widget__width-inherit elementor-widget elementor-widget-text-editor\" data-id=\"3f1bda21\" data-element_type=\"widget\" data-widget_type=\"text-editor.default\">\n\t\t\t\t\t\t\t\t\t<h2>Kommissionen und Fristen<\/h2>\n<p>Ing. Jan Chudoba, Personalleiter<br \/>Ing. Tom\u00e1\u0161 Loubal, Leiter Forschung und Entwicklung f\u00fcr Harze und Gesch\u00e4ftsentwicklung<br \/>Bc. Lenka Posp\u00ed\u0161ilov\u00e1, Marketingleiterin<\/p>\n<p>Datum der n\u00e4chsten Kommissionssitzung: <strong>28. August<\/strong> <strong>2023<\/strong><\/p>\n<p><strong>Die Bewerbungen f\u00fcr diese Runde sollten sp\u00e4testens am 15. Januar eingereicht werden. August 2023.<\/strong><\/p>\n\t\t\t\t\t\t\t\t<\/div>\n\t\t\t\t\t<\/div>\n\t\t\t\t<\/div>\n\t\t\t\t\t<\/div>\n\t\t\t\t<\/div>\n\t\t\t\t<\/div>\n\t\t","protected":false},"excerpt":{"rendered":"<p>\u00davodn\u00ed Kommissionen und Fristen Ing. Jan Chudoba, PersonalleiterIng. Tom\u00e1\u0161 Loubal, Leiter Forschung und Entwicklung f\u00fcr Harze und Gesch\u00e4ftsentwicklungBc. Lenka Posp\u00ed\u0161ilov\u00e1, Marketingleiterin Datum der n\u00e4chsten Kommissionssitzung: 28. August 2023 Die Bewerbungen f\u00fcr diese Runde sollten sp\u00e4testens am 15. Januar eingereicht werden. August 2023.<\/p>\n","protected":false},"author":1,"featured_media":0,"parent":5138,"menu_order":0,"comment_status":"closed","ping_status":"closed","template":"","meta":{"_acf_changed":false,"_seopress_robots_primary_cat":"","_seopress_titles_title":"","_seopress_titles_desc":"","_seopress_robots_index":"","footnotes":"","_links_to":"","_links_to_target":""},"class_list":["post-4663","page","type-page","status-publish","hentry"],"acf":[],"_links":{"self":[{"href":"https:\/\/www.spolchemie.cz\/de\/wp-json\/wp\/v2\/pages\/4663","targetHints":{"allow":["GET"]}}],"collection":[{"href":"https:\/\/www.spolchemie.cz\/de\/wp-json\/wp\/v2\/pages"}],"about":[{"href":"https:\/\/www.spolchemie.cz\/de\/wp-json\/wp\/v2\/types\/page"}],"author":[{"embeddable":true,"href":"https:\/\/www.spolchemie.cz\/de\/wp-json\/wp\/v2\/users\/1"}],"replies":[{"embeddable":true,"href":"https:\/\/www.spolchemie.cz\/de\/wp-json\/wp\/v2\/comments?post=4663"}],"version-history":[{"count":1,"href":"https:\/\/www.spolchemie.cz\/de\/wp-json\/wp\/v2\/pages\/4663\/revisions"}],"predecessor-version":[{"id":4667,"href":"https:\/\/www.spolchemie.cz\/de\/wp-json\/wp\/v2\/pages\/4663\/revisions\/4667"}],"up":[{"embeddable":true,"href":"https:\/\/www.spolchemie.cz\/de\/wp-json\/wp\/v2\/pages\/5138"}],"wp:attachment":[{"href":"https:\/\/www.spolchemie.cz\/de\/wp-json\/wp\/v2\/media?parent=4663"}],"curies":[{"name":"wp","href":"https:\/\/api.w.org\/{rel}","templated":true}]}}