{"id":4677,"date":"2023-07-11T16:48:21","date_gmt":"2023-07-11T14:48:21","guid":{"rendered":"https:\/\/www.spolchemie.cz\/regeln-der-veranstaltung\/"},"modified":"2023-08-06T19:47:41","modified_gmt":"2023-08-06T17:47:41","slug":"regeln-der-veranstaltung","status":"publish","type":"page","link":"https:\/\/www.spolchemie.cz\/de\/verantwortliches-unternehmen\/patenschaft\/regeln-der-veranstaltung\/","title":{"rendered":"Regeln der Veranstaltung"},"content":{"rendered":"\t\t<div data-elementor-type=\"wp-page\" data-elementor-id=\"4677\" class=\"elementor elementor-4677 elementor-2353\" data-elementor-post-type=\"page\">\n\t\t\t\t<div data-dce-background-image-url=\"https:\/\/www.spolchemie.cz\/wp-content\/uploads\/2023\/08\/Minigranty_foto-scaled.jpg\" class=\"elementor-element elementor-element-70d9e328 e-con-full e-flex e-con e-parent\" data-id=\"70d9e328\" data-element_type=\"container\" data-settings=\"{&quot;background_background&quot;:&quot;classic&quot;}\">\n\t\t\t\t<\/div>\n\t\t<div class=\"elementor-element elementor-element-6e7f2b0e e-flex e-con-boxed e-con e-parent\" data-id=\"6e7f2b0e\" data-element_type=\"container\" data-settings=\"{&quot;background_background&quot;:&quot;classic&quot;}\">\n\t\t\t\t\t<div class=\"e-con-inner\">\n\t\t<div class=\"elementor-element elementor-element-46adc3be e-flex e-con-boxed e-con e-parent\" data-id=\"46adc3be\" data-element_type=\"container\">\n\t\t\t\t\t<div class=\"e-con-inner\">\n\t\t\t\t<div class=\"elementor-element elementor-element-5b7f9206 elementor-widget elementor-widget-sp-breadcrumbs\" data-id=\"5b7f9206\" data-element_type=\"widget\" data-widget_type=\"sp-breadcrumbs.default\">\n\t\t\t\t<div class=\"elementor-widget-container\">\n\t\t\t\t\t<nav  aria-label=\"breadcrumb\"><ol class=\"breadcrumb\" itemscope itemtype=\"https:\/\/schema.org\/BreadcrumbList\"><li class=\"breadcrumb-item active\" aria-current=\"page\" itemprop=\"itemListElement\" itemscope itemtype=\"https:\/\/schema.org\/ListItem\"><span itemprop=\"name\">Spolchemie<\/span><meta itemprop=\"position\" content=\"1\"><\/li><\/ol><\/nav>\t\t\t\t<\/div>\n\t\t\t\t<\/div>\n\t\t\t\t<div class=\"elementor-element elementor-element-2c080bbc elementor-widget elementor-widget-heading\" data-id=\"2c080bbc\" data-element_type=\"widget\" data-widget_type=\"heading.default\">\n\t\t\t\t\t<h1 class=\"elementor-heading-title elementor-size-default\">Regeln der Veranstaltung<\/h1>\t\t\t\t<\/div>\n\t\t\t\t\t<\/div>\n\t\t\t\t<\/div>\n\t\t\t\t\t<\/div>\n\t\t\t\t<\/div>\n\t\t<div class=\"elementor-element elementor-element-729a631 e-flex e-con-boxed e-con e-parent\" data-id=\"729a631\" data-element_type=\"container\" data-settings=\"{&quot;background_background&quot;:&quot;classic&quot;}\">\n\t\t\t\t\t<div class=\"e-con-inner\">\n\t\t<div class=\"elementor-element elementor-element-58975cd3 e-flex e-con-boxed e-con e-parent\" data-id=\"58975cd3\" data-element_type=\"container\">\n\t\t\t\t\t<div class=\"e-con-inner\">\n\t\t\t\t<div class=\"elementor-element elementor-element-6bec39f5 elementor-widget elementor-widget-text-editor\" data-id=\"6bec39f5\" data-element_type=\"widget\" data-widget_type=\"text-editor.default\">\n\t\t\t\t\t\t\t\t\t<h2>Kurz aus der Gesch\u00e4ftsordnung<\/h2>\n<p><strong>Wer kann teilnehmen?<\/strong><br \/>Ein Projektteilnehmer kann eine nat\u00fcrliche oder eine juristische Person mit voller Rechtsf\u00e4higkeit sein.<\/p>\n<p><strong>Die Einl\u00f6sung des Minigrants<\/strong><br \/>Der Betrag wird nach der Veranstaltung zur\u00fcckerstattet, wenn der Nachweis erbracht wird, dass die Veranstaltung stattgefunden hat (Benachrichtigung und Fotodokumentation). Eine R\u00fcckbuchung oder ein Nachweis \u00fcber die Aussch\u00f6pfung des Mini-Zuschusses ist nicht erforderlich.<\/p>\n<p><strong>F\u00fcr welche Veranstaltungen kann man sich bewerben?<\/strong><br \/>Der Antragsteller kann sich f\u00fcr Ma\u00dfnahmen zur Unterst\u00fctzung von Gemeinschaften in den folgenden Bereichen bewerben:<\/p>\n<ul>\n<li><strong>Gesunder K\u00f6rper &#8211; <\/strong> Veranstaltungen zur F\u00f6rderung der gesunden k\u00f6rperlichen Entwicklung von Erwachsenen oder Kindern, Amateursport, Kindersportvereine, touristische Veranstaltungen, Sportaktivit\u00e4ten f\u00fcr Senioren usw.<\/li>\n<li><strong>Bright Minds &#8211; <\/strong>Veranstaltungen zur F\u00f6rderung der geistigen Gesundheit und Bildung der Bewohner, Bildungsveranstaltungen, Bau von Naturlehrpfaden, Kinderclubs, Vortr\u00e4ge f\u00fcr Senioren, kulturelle Veranstaltungen und Auff\u00fchrungen, Unterst\u00fctzung von Interessengruppen f\u00fcr Kinder oder Senioren usw.<\/li>\n<li><strong>Clean Nature &#8211; <\/strong>Veranstaltungen, die zum Umweltschutz beitragen, Bildungsaktivit\u00e4ten zu diesem Thema, usw.<\/li>\n<\/ul>\n<p>Ein Antragsteller kann sich in jeder Wettbewerbsrunde nur f\u00fcr ein Projekt bewerben.<\/p>\n<p>Veranstaltungen m\u00fcssen immer f\u00fcr die \u00d6ffentlichkeit, nicht f\u00fcr Einzelpersonen, bestimmt und zug\u00e4nglich sein.<\/p>\n<p><strong>Wie Sie teilnehmen k\u00f6nnen<\/strong><br \/>Lesen Sie die Regeln f\u00fcr unser Projekt. Rufen Sie das Formular &#8222;Bewerbung&#8220; auf und geben Sie die Bewerbung in unser System ein. Erf\u00fcllt die Anmeldung alle Anforderungen, wird sie innerhalb von 7 Tagen nach der Eingabe ver\u00f6ffentlicht. Andernfalls werden wir uns mit Ihnen in Verbindung setzen und behalten uns das Recht vor, nicht konforme Veranstaltungen nicht in das Projekt aufzunehmen.<br \/>Die Eingabe von Ma\u00dfnahmen ist immer 12 Tage vor der Kommissionssitzung abgeschlossen. Sp\u00e4testens 15 Arbeitstage nach der Abstimmung im Ausschuss werden wir das Ergebnis auf unserer Website ver\u00f6ffentlichen.<\/p>\n<p><strong>Zus\u00e4tzliche Punkte<\/strong><br \/>SPOLCHEMIE ist berechtigt, die Projektregeln jederzeit zu \u00e4ndern.  <br \/>Im Falle von Streitigkeiten oder Unklarheiten hat der Personaldirektor von SPOLCHEMIE das letzte Wort bei deren L\u00f6sung.<\/p>\n<p><strong>Vollst\u00e4ndige Regeln<\/strong> <a href=\"https:\/\/www.spolchemie.cz\/ostatni\/\">(hier herunterladen)<\/a><\/p>\n\t\t\t\t\t\t\t\t<\/div>\n\t\t\t\t\t<\/div>\n\t\t\t\t<\/div>\n\t\t\t\t\t<\/div>\n\t\t\t\t<\/div>\n\t\t\t\t<\/div>\n\t\t","protected":false},"excerpt":{"rendered":"<p>\u00davodn\u00ed Kurz aus der Gesch\u00e4ftsordnung Wer kann teilnehmen?Ein Projektteilnehmer kann eine nat\u00fcrliche oder eine juristische Person mit voller Rechtsf\u00e4higkeit sein. Die Einl\u00f6sung des MinigrantsDer Betrag wird nach der Veranstaltung zur\u00fcckerstattet, wenn der Nachweis erbracht wird, dass die Veranstaltung stattgefunden hat (Benachrichtigung und Fotodokumentation). Eine R\u00fcckbuchung oder ein Nachweis \u00fcber die Aussch\u00f6pfung des Mini-Zuschusses ist nicht [&hellip;]<\/p>\n","protected":false},"author":1,"featured_media":0,"parent":5138,"menu_order":0,"comment_status":"closed","ping_status":"closed","template":"","meta":{"_acf_changed":false,"_seopress_robots_primary_cat":"","_seopress_titles_title":"","_seopress_titles_desc":"","_seopress_robots_index":"","footnotes":"","_links_to":"","_links_to_target":""},"class_list":["post-4677","page","type-page","status-publish","hentry"],"acf":[],"_links":{"self":[{"href":"https:\/\/www.spolchemie.cz\/de\/wp-json\/wp\/v2\/pages\/4677","targetHints":{"allow":["GET"]}}],"collection":[{"href":"https:\/\/www.spolchemie.cz\/de\/wp-json\/wp\/v2\/pages"}],"about":[{"href":"https:\/\/www.spolchemie.cz\/de\/wp-json\/wp\/v2\/types\/page"}],"author":[{"embeddable":true,"href":"https:\/\/www.spolchemie.cz\/de\/wp-json\/wp\/v2\/users\/1"}],"replies":[{"embeddable":true,"href":"https:\/\/www.spolchemie.cz\/de\/wp-json\/wp\/v2\/comments?post=4677"}],"version-history":[{"count":1,"href":"https:\/\/www.spolchemie.cz\/de\/wp-json\/wp\/v2\/pages\/4677\/revisions"}],"predecessor-version":[{"id":4680,"href":"https:\/\/www.spolchemie.cz\/de\/wp-json\/wp\/v2\/pages\/4677\/revisions\/4680"}],"up":[{"embeddable":true,"href":"https:\/\/www.spolchemie.cz\/de\/wp-json\/wp\/v2\/pages\/5138"}],"wp:attachment":[{"href":"https:\/\/www.spolchemie.cz\/de\/wp-json\/wp\/v2\/media?parent=4677"}],"curies":[{"name":"wp","href":"https:\/\/api.w.org\/{rel}","templated":true}]}}