{"id":4678,"date":"2023-07-11T17:02:50","date_gmt":"2023-07-11T15:02:50","guid":{"rendered":"https:\/\/www.spolchemie.cz\/fuer-geschaeftspartner-und-mieter\/fuer-auftragnehmer-und-mieter\/"},"modified":"2023-08-06T19:47:41","modified_gmt":"2023-08-06T17:47:41","slug":"fuer-auftragnehmer-und-mieter","status":"publish","type":"page","link":"https:\/\/www.spolchemie.cz\/de\/fuer-geschaeftspartner-und-mieter\/fuer-auftragnehmer-und-mieter\/","title":{"rendered":"F\u00fcr Auftragnehmer und Mieter"},"content":{"rendered":"\t\t<div data-elementor-type=\"wp-page\" data-elementor-id=\"4678\" class=\"elementor elementor-4678 elementor-2366\" data-elementor-post-type=\"page\">\n\t\t\t\t<div data-dce-background-image-url=\"https:\/\/www.spolchemie.cz\/wp-content\/uploads\/2023\/03\/show-image-9.jpg\" class=\"elementor-element elementor-element-739b4b48 e-con-full e-flex e-con e-parent\" data-id=\"739b4b48\" data-element_type=\"container\" data-settings=\"{&quot;background_background&quot;:&quot;classic&quot;}\">\n\t\t\t\t<\/div>\n\t\t<div class=\"elementor-element elementor-element-34c677e1 e-flex e-con-boxed e-con e-parent\" data-id=\"34c677e1\" data-element_type=\"container\" data-settings=\"{&quot;background_background&quot;:&quot;classic&quot;}\">\n\t\t\t\t\t<div class=\"e-con-inner\">\n\t\t<div class=\"elementor-element elementor-element-7f6fb5f9 e-flex e-con-boxed e-con e-parent\" data-id=\"7f6fb5f9\" data-element_type=\"container\">\n\t\t\t\t\t<div class=\"e-con-inner\">\n\t\t\t\t<div class=\"elementor-element elementor-element-50c03f2b elementor-widget elementor-widget-sp-breadcrumbs\" data-id=\"50c03f2b\" data-element_type=\"widget\" data-widget_type=\"sp-breadcrumbs.default\">\n\t\t\t\t<div class=\"elementor-widget-container\">\n\t\t\t\t\t<nav  aria-label=\"breadcrumb\"><ol class=\"breadcrumb\" itemscope itemtype=\"https:\/\/schema.org\/BreadcrumbList\"><li class=\"breadcrumb-item active\" aria-current=\"page\" itemprop=\"itemListElement\" itemscope itemtype=\"https:\/\/schema.org\/ListItem\"><span itemprop=\"name\">Spolchemie<\/span><meta itemprop=\"position\" content=\"1\"><\/li><\/ol><\/nav>\t\t\t\t<\/div>\n\t\t\t\t<\/div>\n\t\t\t\t<div class=\"elementor-element elementor-element-7f527d05 elementor-widget elementor-widget-heading\" data-id=\"7f527d05\" data-element_type=\"widget\" data-widget_type=\"heading.default\">\n\t\t\t\t\t<h1 class=\"elementor-heading-title elementor-size-default\">F\u00fcr Auftragnehmer und Mieter<\/h1>\t\t\t\t<\/div>\n\t\t\t\t\t<\/div>\n\t\t\t\t<\/div>\n\t\t\t\t\t<\/div>\n\t\t\t\t<\/div>\n\t\t<div class=\"elementor-element elementor-element-63e8b654 e-flex e-con-boxed e-con e-parent\" data-id=\"63e8b654\" data-element_type=\"container\">\n\t\t\t\t\t<div class=\"e-con-inner\">\n\t\t<div class=\"elementor-element elementor-element-59afdde4 e-flex e-con-boxed e-con e-parent\" data-id=\"59afdde4\" data-element_type=\"container\">\n\t\t\t\t\t<div class=\"e-con-inner\">\n\t\t\t\t<div class=\"elementor-element elementor-element-38979863 elementor-widget elementor-widget-text-editor\" data-id=\"38979863\" data-element_type=\"widget\" data-widget_type=\"text-editor.default\">\n\t\t\t\t\t\t\t\t\t<div id=\"block_7248\" class=\"page_block individual_font_size_1 text_align_left vertical_align_top special_image_vertical_align_top block_template_100\">\n<article class=\"block_template_100\">\n<div class=\"html\">\n<h2>Informationen und Dokumente f\u00fcr externe Auftragnehmer und Mieter finden Sie <a href=\"https:\/\/zakaznik.spolchemie.cz\/menu\/prihlaseni.aspx\">hier.<\/a><\/h2>\n<p>Die Bewegung und die Aktivit\u00e4ten auf dem Gel\u00e4nde der SPOLCHEMIE &#8211; Assoziation f\u00fcr chemische und metallurgische Produktion, Aktiengesellschaft werden durch Regeln geregelt, um die legitimen Interessen des Unternehmens zu gew\u00e4hrleisten, sowie um die Energiequelle auf dem Gel\u00e4nde der Assoziation anzuschlie\u00dfen und zu nutzen, ist es notwendig, eine vorherige schriftliche Genehmigung einzuholen.<\/p>\n<p><strong>Alle weiteren wichtigen Dokumente<\/strong> stehen unten zum Download bereit.<\/p>\n<\/div>\n<\/article>\n<hr class=\"cleaner\"><\/div>\n<div id=\"block_7374\" class=\"page_block individual_font_size_1 text_align_left vertical_align_top special_image_vertical_align_top block_template_201\">\n<article class=\"block_template_201\">\n<div class=\"html\">\n<ul>\n<li><a href=\"\/wp-content\/uploads\/2023\/07\/vs-eobecne-podmi-nky-spolupra-ce-v-area-lu-spol.pdf\" download=\"vs-eobecne-podmi-nky-spolupra-ce-v-area-lu-spol.pdf\">Allgemeine Gesch\u00e4ftsbedingungen und allgemeine Verhaltensgrunds\u00e4tze f\u00fcr externe juristische und nat\u00fcrliche Personen auf dem Gel\u00e4nde der SPOLCHEMIE<\/a> (pdf, 620.94 kB)<\/li>\n<\/ul>\n<ul>\n<li><a href=\"\/wp-content\/uploads\/2023\/07\/cenik-energii-od-1-1-2023.pdf\" download=\"cenik-energii-od-1-1-2023.pdf\">Energiepreisliste f\u00fcr externe Unternehmen_2023<\/a> (pdf, 378.96 kB)<\/li>\n<\/ul>\n<ul>\n<li><a href=\"\/wp-content\/uploads\/2023\/07\/otp_dodavky_energii_od_1-1-2023.pdf\" download=\"otp_dodavky_energii_od_1-1-2023.pdf\">Kaufm\u00e4nnische und technische Bedingungen f\u00fcr die Bereitstellung von Energie<\/a> (pdf, 383.35 kB)<\/li>\n<\/ul>\n<ul>\n<li><a href=\"\/wp-content\/uploads\/2023\/07\/oznameni_o_vyuctovani_za_2022_a_zmene_otp_28122.pdf\" download=\"oznameni_o_vyuctovani_za_2022_a_zmene_otp_28122.pdf\">Bekanntgabe der Abrechnung f\u00fcr 2022 und \u00c4nderung der OTP (28.12.2022)<\/a> (pdf, 472.47 kB)<\/li>\n<\/ul>\n<\/div>\n<\/article>\n<\/div>\n\t\t\t\t\t\t\t\t<\/div>\n\t\t\t\t\t<\/div>\n\t\t\t\t<\/div>\n\t\t\t\t\t<\/div>\n\t\t\t\t<\/div>\n\t\t\t\t<\/div>\n\t\t","protected":false},"excerpt":{"rendered":"<p>\u00davodn\u00ed Informationen und Dokumente f\u00fcr externe Auftragnehmer und Mieter finden Sie hier. Die Bewegung und die Aktivit\u00e4ten auf dem Gel\u00e4nde der SPOLCHEMIE &#8211; Assoziation f\u00fcr chemische und metallurgische Produktion, Aktiengesellschaft werden durch Regeln geregelt, um die legitimen Interessen des Unternehmens zu gew\u00e4hrleisten, sowie um die Energiequelle auf dem Gel\u00e4nde der Assoziation anzuschlie\u00dfen und zu nutzen, [&hellip;]<\/p>\n","protected":false},"author":1,"featured_media":0,"parent":4647,"menu_order":0,"comment_status":"closed","ping_status":"closed","template":"","meta":{"_acf_changed":false,"_seopress_robots_primary_cat":"","_seopress_titles_title":"","_seopress_titles_desc":"","_seopress_robots_index":"","footnotes":"","_links_to":"","_links_to_target":""},"class_list":["post-4678","page","type-page","status-publish","hentry"],"acf":[],"_links":{"self":[{"href":"https:\/\/www.spolchemie.cz\/de\/wp-json\/wp\/v2\/pages\/4678","targetHints":{"allow":["GET"]}}],"collection":[{"href":"https:\/\/www.spolchemie.cz\/de\/wp-json\/wp\/v2\/pages"}],"about":[{"href":"https:\/\/www.spolchemie.cz\/de\/wp-json\/wp\/v2\/types\/page"}],"author":[{"embeddable":true,"href":"https:\/\/www.spolchemie.cz\/de\/wp-json\/wp\/v2\/users\/1"}],"replies":[{"embeddable":true,"href":"https:\/\/www.spolchemie.cz\/de\/wp-json\/wp\/v2\/comments?post=4678"}],"version-history":[{"count":1,"href":"https:\/\/www.spolchemie.cz\/de\/wp-json\/wp\/v2\/pages\/4678\/revisions"}],"predecessor-version":[{"id":4681,"href":"https:\/\/www.spolchemie.cz\/de\/wp-json\/wp\/v2\/pages\/4678\/revisions\/4681"}],"up":[{"embeddable":true,"href":"https:\/\/www.spolchemie.cz\/de\/wp-json\/wp\/v2\/pages\/4647"}],"wp:attachment":[{"href":"https:\/\/www.spolchemie.cz\/de\/wp-json\/wp\/v2\/media?parent=4678"}],"curies":[{"name":"wp","href":"https:\/\/api.w.org\/{rel}","templated":true}]}}