{"id":5074,"date":"2023-07-11T16:45:22","date_gmt":"2023-07-11T14:45:22","guid":{"rendered":"https:\/\/www.spolchemie.cz\/gesundheit-und-sicherheit\/"},"modified":"2023-08-06T19:50:12","modified_gmt":"2023-08-06T17:50:12","slug":"gesundheit-und-sicherheit","status":"publish","type":"page","link":"https:\/\/www.spolchemie.cz\/de\/verantwortliches-unternehmen\/nachhaltige-entwicklung\/gesundheit-und-sicherheit\/","title":{"rendered":"Gesundheit und Sicherheit"},"content":{"rendered":"\t\t<div data-elementor-type=\"wp-page\" data-elementor-id=\"5074\" class=\"elementor elementor-5074 elementor-2341\" data-elementor-post-type=\"page\">\n\t\t\t\t<div data-dce-background-image-url=\"https:\/\/www.spolchemie.cz\/wp-content\/uploads\/2023\/07\/spolecnost-1.jpeg\" class=\"elementor-element elementor-element-42a54cd2 e-con-full e-flex e-con e-parent\" data-id=\"42a54cd2\" data-element_type=\"container\" data-settings=\"{&quot;background_background&quot;:&quot;classic&quot;}\">\n\t\t\t\t<\/div>\n\t\t<div class=\"elementor-element elementor-element-1da177d7 e-flex e-con-boxed e-con e-parent\" data-id=\"1da177d7\" data-element_type=\"container\" data-settings=\"{&quot;background_background&quot;:&quot;classic&quot;}\">\n\t\t\t\t\t<div class=\"e-con-inner\">\n\t\t<div class=\"elementor-element elementor-element-56266a82 e-flex e-con-boxed e-con e-parent\" data-id=\"56266a82\" data-element_type=\"container\">\n\t\t\t\t\t<div class=\"e-con-inner\">\n\t\t\t\t<div class=\"elementor-element elementor-element-58c6fe09 elementor-widget elementor-widget-sp-breadcrumbs\" data-id=\"58c6fe09\" data-element_type=\"widget\" data-widget_type=\"sp-breadcrumbs.default\">\n\t\t\t\t<div class=\"elementor-widget-container\">\n\t\t\t\t\t<nav  aria-label=\"breadcrumb\"><ol class=\"breadcrumb\" itemscope itemtype=\"https:\/\/schema.org\/BreadcrumbList\"><li class=\"breadcrumb-item active\" aria-current=\"page\" itemprop=\"itemListElement\" itemscope itemtype=\"https:\/\/schema.org\/ListItem\"><span itemprop=\"name\">Spolchemie<\/span><meta itemprop=\"position\" content=\"1\"><\/li><\/ol><\/nav>\t\t\t\t<\/div>\n\t\t\t\t<\/div>\n\t\t\t\t<div class=\"elementor-element elementor-element-29910bf5 elementor-widget elementor-widget-heading\" data-id=\"29910bf5\" data-element_type=\"widget\" data-widget_type=\"heading.default\">\n\t\t\t\t\t<h1 class=\"elementor-heading-title elementor-size-default\">Gesundheit und Sicherheit<\/h1>\t\t\t\t<\/div>\n\t\t\t\t\t<\/div>\n\t\t\t\t<\/div>\n\t\t\t\t\t<\/div>\n\t\t\t\t<\/div>\n\t\t<div class=\"elementor-element elementor-element-120f870b e-flex e-con-boxed e-con e-parent\" data-id=\"120f870b\" data-element_type=\"container\" data-settings=\"{&quot;background_background&quot;:&quot;classic&quot;}\">\n\t\t\t\t\t<div class=\"e-con-inner\">\n\t\t<div class=\"elementor-element elementor-element-54630bf1 e-flex e-con-boxed e-con e-parent\" data-id=\"54630bf1\" data-element_type=\"container\">\n\t\t\t\t\t<div class=\"e-con-inner\">\n\t\t\t\t<div class=\"elementor-element elementor-element-6111f891 elementor-widget elementor-widget-text-editor\" data-id=\"6111f891\" data-element_type=\"widget\" data-widget_type=\"text-editor.default\">\n\t\t\t\t\t\t\t\t\t<p><strong>Gesundheit und Sicherheit sind eine unserer Priorit\u00e4ten. Unser Ziel ist es, alle Risiken f\u00fcr unsere Mitarbeiter und die Menschen in unserem Umfeld zu erkennen, zu beseitigen oder zumindest zu minimieren.  <\/strong><\/p>\n<p>Wir \u00fcberwachen und verbessern unsere Aktivit\u00e4ten st\u00e4ndig, sind uns aber auch dar\u00fcber im Klaren, dass Gesundheit und Sicherheit vom Verhalten jedes Einzelnen abh\u00e4ngen. Deshalb hat unser Unternehmen im Jahr 2021 das Programm &#8222;&#8230;because health matters&#8220; ins Leben gerufen, um die Sicherheitskultur im Unternehmen zu st\u00e4rken und das Verhalten und die Einstellung zu Gesundheit und Sicherheit zu verbessern, sowohl bei uns selbst als auch bei unseren Kollegen. Unser Ziel ist es, ein sichereres Arbeitsumfeld zu schaffen und die Zahl der Arbeitsunf\u00e4lle in Zukunft zu verringern.<\/p>\n<p>Wir informieren, schulen und motivieren unsere Mitarbeiter zu verantwortungsvollem Verhalten, damit wir gemeinsam weiterhin Probleme vermeiden, Pr\u00e4ventivma\u00dfnahmen ergreifen und Risiken ausschalten k\u00f6nnen.  <\/p>\n<p>Unsere Grundwerte, Ziele und Praktiken definieren <strong><br \/>\n  <a href=\"https:\/\/www.spolchemie.cz\/zodpovedna-firma-1\/\">Gesundheits- und Sicherheitspolitik<\/a><br \/>\n<\/strong>. Die grundlegenden Instrumente sind regelm\u00e4\u00dfige Risikoanalysen, deren Abgleich mit den Bed\u00fcrfnissen des Unternehmens und den gesetzlichen Anforderungen, gefolgt von der Festlegung und Umsetzung technischer, organisatorischer oder investiver Ma\u00dfnahmen zur Verbesserung.<\/p>\n\t\t\t\t\t\t\t\t<\/div>\n\t\t\t\t\t<\/div>\n\t\t\t\t<\/div>\n\t\t\t\t\t<\/div>\n\t\t\t\t<\/div>\n\t\t<div class=\"elementor-element elementor-element-5611ac8b e-flex e-con-boxed e-con e-parent\" data-id=\"5611ac8b\" data-element_type=\"container\" data-settings=\"{&quot;background_background&quot;:&quot;gradient&quot;}\">\n\t\t\t\t\t<div class=\"e-con-inner\">\n\t\t<div class=\"elementor-element elementor-element-675abd60 e-flex e-con-boxed e-con e-parent\" data-id=\"675abd60\" data-element_type=\"container\">\n\t\t\t\t\t<div class=\"e-con-inner\">\n\t\t\t\t<div class=\"elementor-element elementor-element-1ee87644 elementor-widget elementor-widget-text-editor\" data-id=\"1ee87644\" data-element_type=\"widget\" data-widget_type=\"text-editor.default\">\n\t\t\t\t\t\t\t\t\t<p>Wir \u00fcberwachen und verbessern <strong>unsere Aktivit\u00e4ten<\/strong> st\u00e4ndig.  <br \/>Wir informieren, schulen und motivieren <strong>unsere Mitarbeiter<\/strong>, sich verantwortungsvoll und sicher zu verhalten.<\/p>\n\t\t\t\t\t\t\t\t<\/div>\n\t\t\t\t\t<\/div>\n\t\t\t\t<\/div>\n\t\t<div class=\"elementor-element elementor-element-7de2393e e-flex e-con-boxed e-con e-parent\" data-id=\"7de2393e\" data-element_type=\"container\" id=\"add-mask\">\n\t\t\t\t\t<div class=\"e-con-inner\">\n\t\t\t\t<div class=\"elementor-element elementor-element-116f22f5 elementor-widget elementor-widget-image\" data-id=\"116f22f5\" data-element_type=\"widget\" data-widget_type=\"image.default\">\n\t\t\t\t\t\t\t\t\t\t\t\t\t\t\t<img fetchpriority=\"high\" decoding=\"async\" width=\"800\" height=\"532\" src=\"https:\/\/www.spolchemie.cz\/wp-content\/uploads\/2023\/07\/bezpecnost-2.jpeg\" class=\"attachment-large size-large wp-image-4301\" alt=\"\" srcset=\"https:\/\/www.spolchemie.cz\/wp-content\/uploads\/2023\/07\/bezpecnost-2.jpeg 1000w, https:\/\/www.spolchemie.cz\/wp-content\/uploads\/2023\/07\/bezpecnost-2-300x200.jpeg 300w, https:\/\/www.spolchemie.cz\/wp-content\/uploads\/2023\/07\/bezpecnost-2-768x511.jpeg 768w\" sizes=\"(max-width: 800px) 100vw, 800px\" \/>\t\t\t\t\t\t\t\t\t\t\t\t\t\t\t<\/div>\n\t\t\t\t\t<\/div>\n\t\t\t\t<\/div>\n\t\t\t\t\t<\/div>\n\t\t\t\t<\/div>\n\t\t<div class=\"elementor-element elementor-element-6d273ad3 e-flex e-con-boxed e-con e-parent\" data-id=\"6d273ad3\" data-element_type=\"container\" data-settings=\"{&quot;background_background&quot;:&quot;gradient&quot;}\">\n\t\t\t\t\t<div class=\"e-con-inner\">\n\t\t<div class=\"elementor-element elementor-element-54adab9f e-flex e-con-boxed e-con e-parent\" data-id=\"54adab9f\" data-element_type=\"container\">\n\t\t\t\t\t<div class=\"e-con-inner\">\n\t\t\t\t<div class=\"elementor-element elementor-element-36c3a593 elementor-widget elementor-widget-heading\" data-id=\"36c3a593\" data-element_type=\"widget\" data-widget_type=\"heading.default\">\n\t\t\t\t\t<h2 class=\"elementor-heading-title elementor-size-default\">UMWELTSCHUTZ - UNFALLVERH\u00dcTUNG<\/h2>\t\t\t\t<\/div>\n\t\t\t\t<div class=\"elementor-element elementor-element-652a5620 elementor-widget elementor-widget-text-editor\" data-id=\"652a5620\" data-element_type=\"widget\" data-widget_type=\"text-editor.default\">\n\t\t\t\t\t\t\t\t\t<p>Wir sorgen daf\u00fcr, dass unsere Umgebung durch unsere Aktivit\u00e4ten nicht gef\u00e4hrdet wird. Wir verhindern schwere Unf\u00e4lle gem\u00e4\u00df den Anforderungen des Gesetzes Nr. 224\/2015 Slg. \u00fcber die Verh\u00fctung schwerer Unf\u00e4lle und ergreifen eine Reihe von Sicherheitsma\u00dfnahmen, die \u00fcber den gesetzlichen Rahmen hinausgehen.  <\/p>\n\t\t\t\t\t\t\t\t<\/div>\n\t\t\t\t\t<\/div>\n\t\t\t\t<\/div>\n\t\t<div class=\"elementor-element elementor-element-4815c782 e-flex e-con-boxed e-con e-parent\" data-id=\"4815c782\" data-element_type=\"container\">\n\t\t\t\t\t<div class=\"e-con-inner\">\n\t\t\t\t<div class=\"elementor-element elementor-element-71fb0325 elementor-widget elementor-widget-image\" data-id=\"71fb0325\" data-element_type=\"widget\" id=\"add-mask-left\" data-widget_type=\"image.default\">\n\t\t\t\t\t\t\t\t\t\t\t\t\t\t\t<img decoding=\"async\" width=\"800\" height=\"528\" src=\"https:\/\/www.spolchemie.cz\/wp-content\/uploads\/2023\/07\/bezpecnost-3-1024x676.jpeg\" class=\"attachment-large size-large wp-image-4303\" alt=\"\" srcset=\"https:\/\/www.spolchemie.cz\/wp-content\/uploads\/2023\/07\/bezpecnost-3-1024x676.jpeg 1024w, https:\/\/www.spolchemie.cz\/wp-content\/uploads\/2023\/07\/bezpecnost-3-300x198.jpeg 300w, https:\/\/www.spolchemie.cz\/wp-content\/uploads\/2023\/07\/bezpecnost-3-768x507.jpeg 768w, https:\/\/www.spolchemie.cz\/wp-content\/uploads\/2023\/07\/bezpecnost-3-1536x1014.jpeg 1536w, https:\/\/www.spolchemie.cz\/wp-content\/uploads\/2023\/07\/bezpecnost-3.jpeg 2048w\" sizes=\"(max-width: 800px) 100vw, 800px\" \/>\t\t\t\t\t\t\t\t\t\t\t\t\t\t\t<\/div>\n\t\t\t\t\t<\/div>\n\t\t\t\t<\/div>\n\t\t\t\t\t<\/div>\n\t\t\t\t<\/div>\n\t\t<div class=\"elementor-element elementor-element-acea6c1 e-flex e-con-boxed e-con e-parent\" data-id=\"acea6c1\" data-element_type=\"container\" data-settings=\"{&quot;background_background&quot;:&quot;classic&quot;}\">\n\t\t\t\t\t<div class=\"e-con-inner\">\n\t\t<div class=\"elementor-element elementor-element-74013b13 e-flex e-con-boxed e-con e-parent\" data-id=\"74013b13\" data-element_type=\"container\">\n\t\t\t\t\t<div class=\"e-con-inner\">\n\t\t\t\t<div class=\"elementor-element elementor-element-346b9903 elementor-widget__width-initial elementor-widget elementor-widget-text-editor\" data-id=\"346b9903\" data-element_type=\"widget\" data-widget_type=\"text-editor.default\">\n\t\t\t\t\t\t\t\t\t<p>Wir ermitteln und dokumentieren regelm\u00e4\u00dfig potenzielle Risiken und Gefahren. Diese werden weiter analysiert und bewertet, und die Ergebnisse werden in den Sicherheitsbericht, den internen Notfallplan und andere Sicherheitsunterlagen aufgenommen. Die getroffenen Sicherheitsma\u00dfnahmen werden sowohl von den staatlichen Verwaltungsbeh\u00f6rden als auch intern regelm\u00e4\u00dfig \u00fcberpr\u00fcft und auditiert, unter anderem im <strong>Rahmen von Notfall- und Brandschutz\u00fcbungen<\/strong>. Gleichzeitig bem\u00fchen wir uns um eine rechtzeitige Information und den Schutz unserer Mitarbeiter und der Einwohner der Stadt.  <\/p>\n\t\t\t\t\t\t\t\t<\/div>\n\t\t\t\t\t<\/div>\n\t\t\t\t<\/div>\n\t\t\t\t\t<\/div>\n\t\t\t\t<\/div>\n\t\t\t\t<\/div>\n\t\t","protected":false},"excerpt":{"rendered":"<p>\u00davodn\u00ed Gesundheit und Sicherheit sind eine unserer Priorit\u00e4ten. Unser Ziel ist es, alle Risiken f\u00fcr unsere Mitarbeiter und die Menschen in unserem Umfeld zu erkennen, zu beseitigen oder zumindest zu minimieren. Wir \u00fcberwachen und verbessern unsere Aktivit\u00e4ten st\u00e4ndig, sind uns aber auch dar\u00fcber im Klaren, dass Gesundheit und Sicherheit vom Verhalten jedes Einzelnen abh\u00e4ngen. Deshalb [&hellip;]<\/p>\n","protected":false},"author":1,"featured_media":0,"parent":5119,"menu_order":0,"comment_status":"closed","ping_status":"closed","template":"","meta":{"_acf_changed":false,"_seopress_robots_primary_cat":"","_seopress_titles_title":"","_seopress_titles_desc":"","_seopress_robots_index":"","footnotes":"","_links_to":"","_links_to_target":""},"class_list":["post-5074","page","type-page","status-publish","hentry"],"acf":[],"_links":{"self":[{"href":"https:\/\/www.spolchemie.cz\/de\/wp-json\/wp\/v2\/pages\/5074","targetHints":{"allow":["GET"]}}],"collection":[{"href":"https:\/\/www.spolchemie.cz\/de\/wp-json\/wp\/v2\/pages"}],"about":[{"href":"https:\/\/www.spolchemie.cz\/de\/wp-json\/wp\/v2\/types\/page"}],"author":[{"embeddable":true,"href":"https:\/\/www.spolchemie.cz\/de\/wp-json\/wp\/v2\/users\/1"}],"replies":[{"embeddable":true,"href":"https:\/\/www.spolchemie.cz\/de\/wp-json\/wp\/v2\/comments?post=5074"}],"version-history":[{"count":2,"href":"https:\/\/www.spolchemie.cz\/de\/wp-json\/wp\/v2\/pages\/5074\/revisions"}],"predecessor-version":[{"id":5079,"href":"https:\/\/www.spolchemie.cz\/de\/wp-json\/wp\/v2\/pages\/5074\/revisions\/5079"}],"up":[{"embeddable":true,"href":"https:\/\/www.spolchemie.cz\/de\/wp-json\/wp\/v2\/pages\/5119"}],"wp:attachment":[{"href":"https:\/\/www.spolchemie.cz\/de\/wp-json\/wp\/v2\/media?parent=5074"}],"curies":[{"name":"wp","href":"https:\/\/api.w.org\/{rel}","templated":true}]}}