{"id":5090,"date":"2023-07-10T19:59:43","date_gmt":"2023-07-10T17:59:43","guid":{"rendered":"https:\/\/www.spolchemie.cz\/geschichte\/"},"modified":"2023-08-06T19:50:48","modified_gmt":"2023-08-06T17:50:48","slug":"geschichte","status":"publish","type":"page","link":"https:\/\/www.spolchemie.cz\/de\/ueber-uns\/geschichte\/","title":{"rendered":"Geschichte"},"content":{"rendered":"\t\t<div data-elementor-type=\"wp-page\" data-elementor-id=\"5090\" class=\"elementor elementor-5090 elementor-2325\" data-elementor-post-type=\"page\">\n\t\t\t\t<div data-dce-background-image-url=\"https:\/\/www.spolchemie.cz\/wp-content\/uploads\/2023\/03\/show-image-9.jpg\" class=\"elementor-element elementor-element-1681ab35 e-con-full e-flex e-con e-parent\" data-id=\"1681ab35\" data-element_type=\"container\" data-settings=\"{&quot;background_background&quot;:&quot;classic&quot;}\">\n\t\t\t\t<\/div>\n\t\t<div class=\"elementor-element elementor-element-70e78381 e-flex e-con-boxed e-con e-parent\" data-id=\"70e78381\" data-element_type=\"container\" data-settings=\"{&quot;background_background&quot;:&quot;classic&quot;}\">\n\t\t\t\t\t<div class=\"e-con-inner\">\n\t\t<div class=\"elementor-element elementor-element-b9d93c5 e-flex e-con-boxed e-con e-parent\" data-id=\"b9d93c5\" data-element_type=\"container\">\n\t\t\t\t\t<div class=\"e-con-inner\">\n\t\t\t\t<div class=\"elementor-element elementor-element-2c9e2544 elementor-widget elementor-widget-sp-breadcrumbs\" data-id=\"2c9e2544\" data-element_type=\"widget\" data-widget_type=\"sp-breadcrumbs.default\">\n\t\t\t\t<div class=\"elementor-widget-container\">\n\t\t\t\t\t<nav  aria-label=\"breadcrumb\"><ol class=\"breadcrumb\" itemscope itemtype=\"https:\/\/schema.org\/BreadcrumbList\"><li class=\"breadcrumb-item active\" aria-current=\"page\" itemprop=\"itemListElement\" itemscope itemtype=\"https:\/\/schema.org\/ListItem\"><span itemprop=\"name\">Spolchemie<\/span><meta itemprop=\"position\" content=\"1\"><\/li><\/ol><\/nav>\t\t\t\t<\/div>\n\t\t\t\t<\/div>\n\t\t\t\t<div class=\"elementor-element elementor-element-75ea2bc6 elementor-widget elementor-widget-heading\" data-id=\"75ea2bc6\" data-element_type=\"widget\" data-widget_type=\"heading.default\">\n\t\t\t\t\t<h1 class=\"elementor-heading-title elementor-size-default\">Geschichte<\/h1>\t\t\t\t<\/div>\n\t\t\t\t\t<\/div>\n\t\t\t\t<\/div>\n\t\t\t\t\t<\/div>\n\t\t\t\t<\/div>\n\t\t<div class=\"elementor-element elementor-element-5f06271 e-flex e-con-boxed e-con e-parent\" data-id=\"5f06271\" data-element_type=\"container\" data-settings=\"{&quot;background_background&quot;:&quot;classic&quot;}\">\n\t\t\t\t\t<div class=\"e-con-inner\">\n\t\t<div class=\"elementor-element elementor-element-9079186 e-flex e-con-boxed e-con e-parent\" data-id=\"9079186\" data-element_type=\"container\">\n\t\t\t\t\t<div class=\"e-con-inner\">\n\t\t\t\t<div class=\"elementor-element elementor-element-30956de elementor-widget elementor-widget-image\" data-id=\"30956de\" data-element_type=\"widget\" data-widget_type=\"image.default\">\n\t\t\t\t\t\t\t\t\t\t\t\t\t\t\t<img fetchpriority=\"high\" decoding=\"async\" width=\"445\" height=\"583\" src=\"https:\/\/www.spolchemie.cz\/wp-content\/uploads\/2023\/07\/historie-1.svg\" class=\"attachment-large size-large wp-image-4233\" alt=\"\" \/>\t\t\t\t\t\t\t\t\t\t\t\t\t\t\t<\/div>\n\t\t\t\t\t<\/div>\n\t\t\t\t<\/div>\n\t\t<div class=\"elementor-element elementor-element-6df3b9e e-flex e-con-boxed e-con e-parent\" data-id=\"6df3b9e\" data-element_type=\"container\">\n\t\t\t\t\t<div class=\"e-con-inner\">\n\t\t\t\t<div class=\"elementor-element elementor-element-f417f12 elementor-widget elementor-widget-text-editor\" data-id=\"f417f12\" data-element_type=\"widget\" data-widget_type=\"text-editor.default\">\n\t\t\t\t\t\t\t\t\t<p>Im Jahr 1856 wurde auf einer gr\u00fcnen Wiese in der N\u00e4he von \u00dast\u00ed nad Labem, im damaligen \u00d6sterreich-Ungarn, eine moderne und gro\u00dfe chemische Fabrik errichtet. Unser Unternehmen ist bis heute ununterbrochen am selben Standort t\u00e4tig, und der Name des Unternehmens verweist noch immer auf seine reiche Geschichte.<\/p>\n<p>Der Verband war die Geburtsstunde der tschechischen Chemieindustrie und spielte eine Schl\u00fcsselrolle bei deren Entwicklung. Sie war auch f\u00fcr die Entwicklung der Stadt \u00dast\u00ed nad Labem selbst von gro\u00dfer Bedeutung.<\/p>\n<p>Zweite H\u00e4lfte des 19. Jahrhunderts. Jahrhundert war von einem gro\u00dfen Aufschwung der Glas- und Textilindustrie gepr\u00e4gt, f\u00fcr die die Gesellschaft den grundlegenden Rohstoff &#8211; Soda &#8211; herstellte. Der Erfolg der Gesellschaft beruht seit jeher auf ihrer F\u00e4higkeit, innovativ zu sein und flexibel auf die Bed\u00fcrfnisse des Marktes zu reagieren. Die Bem\u00fchungen, die f\u00fchrende Position bei der Herstellung und dem Verkauf von Soda zu halten, gipfelten in diesem Zeitraum in der Unterzeichnung einer Kooperation mit Solvay. Durch den Zusammenschluss der beiden Unternehmen entstand ein internationales Monopol, das den Markt f\u00fcr diesen Rohstoff lange Zeit beherrschte, und das Unternehmen st\u00e4rkte seine Position erheblich und war auf den internationalen M\u00e4rkten erfolgreich. Zur Zeit des Ersten Weltkriegs galt das Unternehmen als das st\u00e4rkste Chemieunternehmen in \u00d6sterreich-Ungarn.<\/p>\n<p>Nach der Gr\u00fcndung der unabh\u00e4ngigen Tschechoslowakei im Jahre 1918 wurde der Name der Firma von der Bezeichnung &#8222;Austrian&#8220; entfernt, und seit 1920 hei\u00dft unsere Firma Spolek pro chemickou a hutn\u00ed v\u00fdrobu.<\/p>\n<p>Der Zeitraum bis zum 40. 20 Jahre. Das Jahrhundert war durch eine weitere St\u00e4rkung der Position des Unternehmens gekennzeichnet. Das Unternehmen war ein kapitalstarkes Unternehmen &#8211; zeitweise war es sogar f\u00fchrend in der gesamten tschechoslowakischen Chemieindustrie und besa\u00df Anteile an vielen tschechischen und ausl\u00e4ndischen Unternehmen. Er hat die Struktur der tschechoslowakischen Chemieindustrie mitgestaltet, und dank seiner Bem\u00fchungen um die Verlagerung der Chemieproduktion ins Landesinnere wurden mehrere bedeutende Chemieunternehmen gegr\u00fcndet (Chlorchemie &#8211; Spolana Neratovice, organische Farbstoffe &#8211; Synthesia Pardubice). Zu dieser Zeit arbeitete das Unternehmen nicht nur mit Solvay, sondern auch mit Ciba, Bayer, BASF, Carbo Union usw. zusammen. Der Erfolg des Unternehmens beruht vor allem auf seiner F\u00e4higkeit, auf technologische Entwicklungen und sich \u00e4ndernde Kundenbed\u00fcrfnisse zu reagieren, sein au\u00dfergew\u00f6hnliches Know-how zu st\u00e4rken und in verwandte Branchen vorzudringen.<\/p>\n\t\t\t\t\t\t\t\t<\/div>\n\t\t\t\t\t<\/div>\n\t\t\t\t<\/div>\n\t\t\t\t\t<\/div>\n\t\t\t\t<\/div>\n\t\t<div class=\"elementor-element elementor-element-b7d416c e-flex e-con-boxed e-con e-parent\" data-id=\"b7d416c\" data-element_type=\"container\" data-settings=\"{&quot;background_background&quot;:&quot;gradient&quot;}\">\n\t\t\t\t\t<div class=\"e-con-inner\">\n\t\t<div class=\"elementor-element elementor-element-4f78658 e-flex e-con-boxed e-con e-parent\" data-id=\"4f78658\" data-element_type=\"container\">\n\t\t\t\t\t<div class=\"e-con-inner\">\n\t\t\t\t<div class=\"elementor-element elementor-element-3fddf47 elementor-widget elementor-widget-heading\" data-id=\"3fddf47\" data-element_type=\"widget\" data-widget_type=\"heading.default\">\n\t\t\t\t\t<h2 class=\"elementor-heading-title elementor-size-default\">Der erste Wolkenkratzer<\/h2>\t\t\t\t<\/div>\n\t\t\t\t<div class=\"elementor-element elementor-element-e5394a3 elementor-widget elementor-widget-text-editor\" data-id=\"e5394a3\" data-element_type=\"widget\" data-widget_type=\"text-editor.default\">\n\t\t\t\t\t\t\t\t\t<p>Das Verwaltungsgeb\u00e4ude der SPOLCHEMIE ist eines der bemerkenswertesten Geb\u00e4ude der Zwischenkriegszeit. Zum Zeitpunkt seiner Errichtung war es <a href=\"https:\/\/www.asb-portal.cz\/architektura\/historicke-stavby\/prvni-mrakodrap-vceskoslovensku\" target=\"_blank\" rel=\"nofollow noopener\"><br \/>\n  <span style=\"text-decoration: underline;\"><br \/>\n    <strong>das h\u00f6chste Geb\u00e4ude auf dem Gebiet der ehemaligen Tschechoslowakei<\/strong><br \/>\n  <\/span><br \/>\n<\/a>.<\/p>\n\t\t\t\t\t\t\t\t<\/div>\n\t\t\t\t\t<\/div>\n\t\t\t\t<\/div>\n\t\t<div class=\"elementor-element elementor-element-db0f7ae e-flex e-con-boxed e-con e-parent\" data-id=\"db0f7ae\" data-element_type=\"container\" id=\"add-mask-left\">\n\t\t\t\t\t<div class=\"e-con-inner\">\n\t\t\t\t<div class=\"elementor-element elementor-element-595d78c elementor-widget elementor-widget-image\" data-id=\"595d78c\" data-element_type=\"widget\" data-widget_type=\"image.default\">\n\t\t\t\t\t\t\t\t\t\t\t\t\t\t\t<img decoding=\"async\" width=\"622\" height=\"348\" src=\"https:\/\/www.spolchemie.cz\/wp-content\/uploads\/2023\/07\/historie-mrakodrap.jpeg\" class=\"attachment-large size-large wp-image-4235\" alt=\"\" srcset=\"https:\/\/www.spolchemie.cz\/wp-content\/uploads\/2023\/07\/historie-mrakodrap.jpeg 622w, https:\/\/www.spolchemie.cz\/wp-content\/uploads\/2023\/07\/historie-mrakodrap-300x168.jpeg 300w\" sizes=\"(max-width: 622px) 100vw, 622px\" \/>\t\t\t\t\t\t\t\t\t\t\t\t\t\t\t<\/div>\n\t\t\t\t\t<\/div>\n\t\t\t\t<\/div>\n\t\t\t\t\t<\/div>\n\t\t\t\t<\/div>\n\t\t<div class=\"elementor-element elementor-element-6e1725d e-flex e-con-boxed e-con e-parent\" data-id=\"6e1725d\" data-element_type=\"container\" data-settings=\"{&quot;background_background&quot;:&quot;classic&quot;}\">\n\t\t\t\t\t<div class=\"e-con-inner\">\n\t\t<div class=\"elementor-element elementor-element-e5491bf e-flex e-con-boxed e-con e-parent\" data-id=\"e5491bf\" data-element_type=\"container\">\n\t\t\t\t\t<div class=\"e-con-inner\">\n\t\t\t\t<div class=\"elementor-element elementor-element-b67a967 elementor-widget elementor-widget-image\" data-id=\"b67a967\" data-element_type=\"widget\" data-widget_type=\"image.default\">\n\t\t\t\t\t\t\t\t\t\t\t\t\t\t\t<img decoding=\"async\" width=\"445\" height=\"310\" src=\"https:\/\/www.spolchemie.cz\/wp-content\/uploads\/2023\/07\/historie-2.svg\" class=\"attachment-large size-large wp-image-4237\" alt=\"\" \/>\t\t\t\t\t\t\t\t\t\t\t\t\t\t\t<\/div>\n\t\t\t\t\t<\/div>\n\t\t\t\t<\/div>\n\t\t<div class=\"elementor-element elementor-element-6d0da67 e-flex e-con-boxed e-con e-parent\" data-id=\"6d0da67\" data-element_type=\"container\">\n\t\t\t\t\t<div class=\"e-con-inner\">\n\t\t\t\t<div class=\"elementor-element elementor-element-7736ef5 elementor-widget elementor-widget-text-editor\" data-id=\"7736ef5\" data-element_type=\"widget\" data-widget_type=\"text-editor.default\">\n\t\t\t\t\t\t\t\t\t<p>W\u00e4hrend des Zweiten Weltkriegs stand die Produktion unter der Verwaltung der I. G. Farbenindustrie, und gegen Ende des Krieges wurde ein gro\u00dfer Teil des Werks durch alliierte Bombenangriffe besch\u00e4digt.  <\/p>\n<p>Nach 1945 wurde der gesamte starke und m\u00e4chtige Konzern verstaatlicht und in einzelne Werke im ganzen Land aufgeteilt. Dieser Schritt hat die starke und privilegierte Marktposition der Gesellschaft unwiderruflich besch\u00e4digt. Nach 1989 wurde die Aktiengesellschaft wiederbelebt und privatisiert. Seitdem ist die moderne, dynamische Geschichte unseres Unternehmens geschrieben worden.  <\/p>\n<p>Seit Beginn des Bestehens des Unternehmens liegt der Hauptproduktionsbereich in der anorganischen Chemie. Sp\u00e4ter kam die Produktion von organischen Farbstoffen und Kunstharzen hinzu. Die Herstellung von Hydroxiden, Chlorchemie und Kunstharzen bildet auch heute noch die Grundlage unseres Portfolios.<\/p>\n\t\t\t\t\t\t\t\t<\/div>\n\t\t\t\t\t<\/div>\n\t\t\t\t<\/div>\n\t\t\t\t\t<\/div>\n\t\t\t\t<\/div>\n\t\t\t\t<\/div>\n\t\t","protected":false},"excerpt":{"rendered":"<p>\u00davodn\u00ed Im Jahr 1856 wurde auf einer gr\u00fcnen Wiese in der N\u00e4he von \u00dast\u00ed nad Labem, im damaligen \u00d6sterreich-Ungarn, eine moderne und gro\u00dfe chemische Fabrik errichtet. Unser Unternehmen ist bis heute ununterbrochen am selben Standort t\u00e4tig, und der Name des Unternehmens verweist noch immer auf seine reiche Geschichte. Der Verband war die Geburtsstunde der tschechischen [&hellip;]<\/p>\n","protected":false},"author":1,"featured_media":0,"parent":5162,"menu_order":0,"comment_status":"closed","ping_status":"closed","template":"","meta":{"_acf_changed":false,"_seopress_robots_primary_cat":"","_seopress_titles_title":"","_seopress_titles_desc":"","_seopress_robots_index":"","footnotes":"","_links_to":"","_links_to_target":""},"class_list":["post-5090","page","type-page","status-publish","hentry"],"acf":[],"_links":{"self":[{"href":"https:\/\/www.spolchemie.cz\/de\/wp-json\/wp\/v2\/pages\/5090","targetHints":{"allow":["GET"]}}],"collection":[{"href":"https:\/\/www.spolchemie.cz\/de\/wp-json\/wp\/v2\/pages"}],"about":[{"href":"https:\/\/www.spolchemie.cz\/de\/wp-json\/wp\/v2\/types\/page"}],"author":[{"embeddable":true,"href":"https:\/\/www.spolchemie.cz\/de\/wp-json\/wp\/v2\/users\/1"}],"replies":[{"embeddable":true,"href":"https:\/\/www.spolchemie.cz\/de\/wp-json\/wp\/v2\/comments?post=5090"}],"version-history":[{"count":2,"href":"https:\/\/www.spolchemie.cz\/de\/wp-json\/wp\/v2\/pages\/5090\/revisions"}],"predecessor-version":[{"id":5109,"href":"https:\/\/www.spolchemie.cz\/de\/wp-json\/wp\/v2\/pages\/5090\/revisions\/5109"}],"up":[{"embeddable":true,"href":"https:\/\/www.spolchemie.cz\/de\/wp-json\/wp\/v2\/pages\/5162"}],"wp:attachment":[{"href":"https:\/\/www.spolchemie.cz\/de\/wp-json\/wp\/v2\/media?parent=5090"}],"curies":[{"name":"wp","href":"https:\/\/api.w.org\/{rel}","templated":true}]}}