{"id":5092,"date":"2023-03-30T11:38:30","date_gmt":"2023-03-30T09:38:30","guid":{"rendered":"https:\/\/www.spolchemie.cz\/karriere\/"},"modified":"2023-08-06T19:50:49","modified_gmt":"2023-08-06T17:50:49","slug":"karriere","status":"publish","type":"page","link":"https:\/\/www.spolchemie.cz\/de\/karriere\/","title":{"rendered":"Karriere"},"content":{"rendered":"\t\t<div data-elementor-type=\"wp-page\" data-elementor-id=\"5092\" class=\"elementor elementor-5092 elementor-438\" data-elementor-post-type=\"page\">\n\t\t\t\t<div class=\"elementor-element elementor-element-10b67419 e-con-full e-flex e-con e-parent\" data-id=\"10b67419\" data-element_type=\"container\" data-settings=\"{&quot;background_background&quot;:&quot;video&quot;,&quot;background_video_link&quot;:&quot;\\\/wp-content\\\/uploads\\\/2023\\\/03\\\/show-movie.mp4&quot;,&quot;background_play_on_mobile&quot;:&quot;yes&quot;}\">\n\t\t<div class=\"elementor-background-video-container\">\n\t\t\t\t\t\t\t<video class=\"elementor-background-video-hosted elementor-html5-video\" autoplay muted playsinline loop><\/video>\n\t\t\t\t\t<\/div>\t\t<\/div>\n\t\t<div class=\"elementor-element elementor-element-22d90bfd e-flex e-con-boxed e-con e-parent\" data-id=\"22d90bfd\" data-element_type=\"container\" data-settings=\"{&quot;background_background&quot;:&quot;classic&quot;}\">\n\t\t\t\t\t<div class=\"e-con-inner\">\n\t\t<div class=\"elementor-element elementor-element-10972f7 e-flex e-con-boxed e-con e-parent\" data-id=\"10972f7\" data-element_type=\"container\">\n\t\t\t\t\t<div class=\"e-con-inner\">\n\t\t\t\t<div class=\"elementor-element elementor-element-6360946 elementor-widget elementor-widget-sp-breadcrumbs\" data-id=\"6360946\" data-element_type=\"widget\" data-widget_type=\"sp-breadcrumbs.default\">\n\t\t\t\t<div class=\"elementor-widget-container\">\n\t\t\t\t\t<nav  aria-label=\"breadcrumb\"><ol class=\"breadcrumb\" itemscope itemtype=\"https:\/\/schema.org\/BreadcrumbList\"><li class=\"breadcrumb-item active\" aria-current=\"page\" itemprop=\"itemListElement\" itemscope itemtype=\"https:\/\/schema.org\/ListItem\"><span itemprop=\"name\">Spolchemie<\/span><meta itemprop=\"position\" content=\"1\"><\/li><\/ol><\/nav>\t\t\t\t<\/div>\n\t\t\t\t<\/div>\n\t\t\t\t<div class=\"elementor-element elementor-element-7f65fa63 elementor-widget elementor-widget-heading\" data-id=\"7f65fa63\" data-element_type=\"widget\" data-widget_type=\"heading.default\">\n\t\t\t\t\t<h1 class=\"elementor-heading-title elementor-size-default\">Karriere<\/h1>\t\t\t\t<\/div>\n\t\t\t\t\t<\/div>\n\t\t\t\t<\/div>\n\t\t\t\t\t<\/div>\n\t\t\t\t<\/div>\n\t\t<div class=\"elementor-element elementor-element-7fd19a16 e-flex e-con-boxed e-con e-parent\" data-id=\"7fd19a16\" data-element_type=\"container\" data-settings=\"{&quot;background_background&quot;:&quot;gradient&quot;}\">\n\t\t\t\t\t<div class=\"e-con-inner\">\n\t\t<div class=\"elementor-element elementor-element-14ee1017 e-flex e-con-boxed e-con e-parent\" data-id=\"14ee1017\" data-element_type=\"container\">\n\t\t\t\t\t<div class=\"e-con-inner\">\n\t\t\t\t<div class=\"elementor-element elementor-element-166cd46c elementor-widget elementor-widget-heading\" data-id=\"166cd46c\" data-element_type=\"widget\" data-widget_type=\"heading.default\">\n\t\t\t\t\t<h2 class=\"elementor-heading-title elementor-size-default\">Seien Sie ein Teil von SPOLCHEMIE\n<\/h2>\t\t\t\t<\/div>\n\t\t\t\t<div class=\"elementor-element elementor-element-6f1271eb elementor-widget elementor-widget-text-editor\" data-id=\"6f1271eb\" data-element_type=\"widget\" data-widget_type=\"text-editor.default\">\n\t\t\t\t\t\t\t\t\t<p>Werden Sie Teil eines Expertenteams und beteiligen Sie sich am Erfolg eines <strong>rein tschechischen Unternehmens mit Auslandsbezug<\/strong>. Wir bieten Ihnen eine <strong>verantwortungsvolle und interessante<\/strong> T\u00e4tigkeit in einem dynamischen Umfeld.<\/p>\n\t\t\t\t\t\t\t\t<\/div>\n\t\t\t\t\t<\/div>\n\t\t\t\t<\/div>\n\t\t<div class=\"elementor-element elementor-element-5f363f1b e-flex e-con-boxed e-con e-parent\" data-id=\"5f363f1b\" data-element_type=\"container\">\n\t\t\t\t\t<div class=\"e-con-inner\">\n\t\t\t\t<div class=\"elementor-element elementor-element-47188906 elementor-widget elementor-widget-image\" data-id=\"47188906\" data-element_type=\"widget\" id=\"add-mask-left\" data-widget_type=\"image.default\">\n\t\t\t\t\t\t\t\t\t\t\t\t\t\t\t<img fetchpriority=\"high\" decoding=\"async\" width=\"800\" height=\"600\" src=\"https:\/\/www.spolchemie.cz\/wp-content\/uploads\/2023\/03\/show-image-24-1024x768.jpg\" class=\"attachment-large size-large wp-image-4071\" alt=\"\" srcset=\"https:\/\/www.spolchemie.cz\/wp-content\/uploads\/2023\/03\/show-image-24-1024x768.jpg 1024w, https:\/\/www.spolchemie.cz\/wp-content\/uploads\/2023\/03\/show-image-24-300x225.jpg 300w, https:\/\/www.spolchemie.cz\/wp-content\/uploads\/2023\/03\/show-image-24-768x576.jpg 768w, https:\/\/www.spolchemie.cz\/wp-content\/uploads\/2023\/03\/show-image-24-1536x1152.jpg 1536w, https:\/\/www.spolchemie.cz\/wp-content\/uploads\/2023\/03\/show-image-24.jpg 1819w\" sizes=\"(max-width: 800px) 100vw, 800px\" \/>\t\t\t\t\t\t\t\t\t\t\t\t\t\t\t<\/div>\n\t\t\t\t\t<\/div>\n\t\t\t\t<\/div>\n\t\t\t\t\t<\/div>\n\t\t\t\t<\/div>\n\t\t<div class=\"elementor-element elementor-element-3507d33 e-flex e-con-boxed e-con e-parent\" data-id=\"3507d33\" data-element_type=\"container\">\n\t\t\t\t\t<div class=\"e-con-inner\">\n\t\t<div class=\"elementor-element elementor-element-18c81309 e-flex e-con-boxed e-con e-parent\" data-id=\"18c81309\" data-element_type=\"container\">\n\t\t\t\t\t<div class=\"e-con-inner\">\n\t\t\t\t<div class=\"elementor-element elementor-element-1f413455 elementor-widget elementor-widget-image\" data-id=\"1f413455\" data-element_type=\"widget\" data-widget_type=\"image.default\">\n\t\t\t\t\t\t\t\t\t\t\t\t\t\t\t\t<a href=\"https:\/\/www.spolchemie.cz\/de\/angebot-von-positionen\/\">\n\t\t\t\t\t\t\t<img decoding=\"async\" width=\"800\" height=\"600\" src=\"https:\/\/www.spolchemie.cz\/wp-content\/uploads\/2023\/03\/show-image-25.jpg\" class=\"attachment-large size-large wp-image-4079\" alt=\"\" srcset=\"https:\/\/www.spolchemie.cz\/wp-content\/uploads\/2023\/03\/show-image-25.jpg 800w, https:\/\/www.spolchemie.cz\/wp-content\/uploads\/2023\/03\/show-image-25-300x225.jpg 300w, https:\/\/www.spolchemie.cz\/wp-content\/uploads\/2023\/03\/show-image-25-768x576.jpg 768w\" sizes=\"(max-width: 800px) 100vw, 800px\" \/>\t\t\t\t\t\t\t\t<\/a>\n\t\t\t\t\t\t\t\t\t\t\t\t\t\t\t<\/div>\n\t\t\t\t<div class=\"elementor-element elementor-element-60f62ad elementor-widget elementor-widget-heading\" data-id=\"60f62ad\" data-element_type=\"widget\" data-widget_type=\"heading.default\">\n\t\t\t\t\t<h2 class=\"elementor-heading-title elementor-size-default\"><a href=\"https:\/\/www.spolchemie.cz\/de\/angebot-von-positionen\/\">Angebot von Positionen<\/a><\/h2>\t\t\t\t<\/div>\n\t\t\t\t\t<\/div>\n\t\t\t\t<\/div>\n\t\t<div class=\"elementor-element elementor-element-62ce67ba e-flex e-con-boxed e-con e-parent\" data-id=\"62ce67ba\" data-element_type=\"container\">\n\t\t\t\t\t<div class=\"e-con-inner\">\n\t\t\t\t<div class=\"elementor-element elementor-element-7adc1248 elementor-widget elementor-widget-image\" data-id=\"7adc1248\" data-element_type=\"widget\" data-widget_type=\"image.default\">\n\t\t\t\t\t\t\t\t\t\t\t\t\t\t\t\t<a href=\"https:\/\/www.spolchemie.cz\/kariera\/benefity\/\">\n\t\t\t\t\t\t\t<img decoding=\"async\" width=\"748\" height=\"561\" src=\"https:\/\/www.spolchemie.cz\/wp-content\/uploads\/2023\/03\/show-image-26.jpg\" class=\"attachment-large size-large wp-image-4077\" alt=\"\" srcset=\"https:\/\/www.spolchemie.cz\/wp-content\/uploads\/2023\/03\/show-image-26.jpg 748w, https:\/\/www.spolchemie.cz\/wp-content\/uploads\/2023\/03\/show-image-26-300x225.jpg 300w\" sizes=\"(max-width: 748px) 100vw, 748px\" \/>\t\t\t\t\t\t\t\t<\/a>\n\t\t\t\t\t\t\t\t\t\t\t\t\t\t\t<\/div>\n\t\t\t\t<div class=\"elementor-element elementor-element-184e5deb elementor-widget elementor-widget-heading\" data-id=\"184e5deb\" data-element_type=\"widget\" data-widget_type=\"heading.default\">\n\t\t\t\t\t<h2 class=\"elementor-heading-title elementor-size-default\"><a href=\"https:\/\/www.spolchemie.cz\/kariera\/benefity\/\">Vorteile<\/a><\/h2>\t\t\t\t<\/div>\n\t\t\t\t\t<\/div>\n\t\t\t\t<\/div>\n\t\t<div class=\"elementor-element elementor-element-7436b0e e-flex e-con-boxed e-con e-parent\" data-id=\"7436b0e\" data-element_type=\"container\">\n\t\t\t\t\t<div class=\"e-con-inner\">\n\t\t\t\t<div class=\"elementor-element elementor-element-4f945de1 elementor-widget elementor-widget-image\" data-id=\"4f945de1\" data-element_type=\"widget\" data-widget_type=\"image.default\">\n\t\t\t\t\t\t\t\t\t\t\t\t\t\t\t\t<a href=\"https:\/\/www.spolchemie.cz\/kariera\/trainee-program\/\">\n\t\t\t\t\t\t\t<img loading=\"lazy\" decoding=\"async\" width=\"800\" height=\"600\" src=\"https:\/\/www.spolchemie.cz\/wp-content\/uploads\/2023\/03\/show-image-27.jpg\" class=\"attachment-large size-large wp-image-4075\" alt=\"\" srcset=\"https:\/\/www.spolchemie.cz\/wp-content\/uploads\/2023\/03\/show-image-27.jpg 800w, https:\/\/www.spolchemie.cz\/wp-content\/uploads\/2023\/03\/show-image-27-300x225.jpg 300w, https:\/\/www.spolchemie.cz\/wp-content\/uploads\/2023\/03\/show-image-27-768x576.jpg 768w\" sizes=\"(max-width: 800px) 100vw, 800px\" \/>\t\t\t\t\t\t\t\t<\/a>\n\t\t\t\t\t\t\t\t\t\t\t\t\t\t\t<\/div>\n\t\t\t\t<div class=\"elementor-element elementor-element-18ebb9b elementor-widget elementor-widget-heading\" data-id=\"18ebb9b\" data-element_type=\"widget\" data-widget_type=\"heading.default\">\n\t\t\t\t\t<h2 class=\"elementor-heading-title elementor-size-default\"><a href=\"https:\/\/www.spolchemie.cz\/kariera\/trainee-program\/\">Trainee-Programm<\/a><\/h2>\t\t\t\t<\/div>\n\t\t\t\t\t<\/div>\n\t\t\t\t<\/div>\n\t\t<div class=\"elementor-element elementor-element-8838c82 e-flex e-con-boxed e-con e-parent\" data-id=\"8838c82\" data-element_type=\"container\">\n\t\t\t\t\t<div class=\"e-con-inner\">\n\t\t\t\t<div class=\"elementor-element elementor-element-40f4d9b9 elementor-widget elementor-widget-image\" data-id=\"40f4d9b9\" data-element_type=\"widget\" data-widget_type=\"image.default\">\n\t\t\t\t\t\t\t\t\t\t\t\t\t\t\t\t<a href=\"https:\/\/www.spolchemie.cz\/de\/karriere\/stipendienprogramm\/\">\n\t\t\t\t\t\t\t<img loading=\"lazy\" decoding=\"async\" width=\"800\" height=\"600\" src=\"https:\/\/www.spolchemie.cz\/wp-content\/uploads\/2023\/03\/show-image-28.jpg\" class=\"attachment-large size-large wp-image-4073\" alt=\"\" srcset=\"https:\/\/www.spolchemie.cz\/wp-content\/uploads\/2023\/03\/show-image-28.jpg 800w, https:\/\/www.spolchemie.cz\/wp-content\/uploads\/2023\/03\/show-image-28-300x225.jpg 300w, https:\/\/www.spolchemie.cz\/wp-content\/uploads\/2023\/03\/show-image-28-768x576.jpg 768w\" sizes=\"(max-width: 800px) 100vw, 800px\" \/>\t\t\t\t\t\t\t\t<\/a>\n\t\t\t\t\t\t\t\t\t\t\t\t\t\t\t<\/div>\n\t\t\t\t<div class=\"elementor-element elementor-element-685035cd elementor-widget elementor-widget-heading\" data-id=\"685035cd\" data-element_type=\"widget\" data-widget_type=\"heading.default\">\n\t\t\t\t\t<h2 class=\"elementor-heading-title elementor-size-default\"><a href=\"https:\/\/www.spolchemie.cz\/de\/karriere\/stipendienprogramm\/\">Stipendium<\/a><\/h2>\t\t\t\t<\/div>\n\t\t\t\t\t<\/div>\n\t\t\t\t<\/div>\n\t\t\t\t\t<\/div>\n\t\t\t\t<\/div>\n\t\t<div class=\"elementor-element elementor-element-1755d2e e-flex e-con-boxed e-con e-parent\" data-id=\"1755d2e\" data-element_type=\"container\" data-settings=\"{&quot;background_background&quot;:&quot;classic&quot;}\">\n\t\t\t\t\t<div class=\"e-con-inner\">\n\t\t<div class=\"elementor-element elementor-element-5d286818 e-flex e-con-boxed e-con e-parent\" data-id=\"5d286818\" data-element_type=\"container\">\n\t\t\t\t\t<div class=\"e-con-inner\">\n\t\t\t\t<div class=\"elementor-element elementor-element-47173b7b elementor-widget elementor-widget-heading\" data-id=\"47173b7b\" data-element_type=\"widget\" data-widget_type=\"heading.default\">\n\t\t\t\t\t<h2 class=\"elementor-heading-title elementor-size-default\">Warum SPOLCHEMIA w\u00e4hlen?<\/h2>\t\t\t\t<\/div>\n\t\t\t\t<div class=\"elementor-element elementor-element-7382e53e elementor-widget elementor-widget-text-editor\" data-id=\"7382e53e\" data-element_type=\"widget\" data-widget_type=\"text-editor.default\">\n\t\t\t\t\t\t\t\t\t<ul>\n<li>Wir sind seit fast 170 Jahren in \u00dast\u00ed nad Labem t\u00e4tig<\/li>\n<li>Obwohl wir fast 1.000 Mitarbeiter besch\u00e4ftigen, sind wir kein &#8222;Unternehmen&#8220;.<\/li>\n<li>Wir sind einer der wenigen Hersteller von Epoxidharzen in Europa &#8211; unsere Produkte sind unverzichtbar<\/li>\n<li>Dank modernster Anlagen und eigener Entwicklung haben wir uns einen langfristigen Absatz gesichert<\/li>\n<li>Wir investieren in neue Technologien und Arbeitsumgebungen<\/li>\n<\/ul>\n\t\t\t\t\t\t\t\t<\/div>\n\t\t\t\t\t<\/div>\n\t\t\t\t<\/div>\n\t\t\t\t\t<\/div>\n\t\t\t\t<\/div>\n\t\t<div class=\"elementor-element elementor-element-f70fe70 e-flex e-con-boxed e-con e-parent\" data-id=\"f70fe70\" data-element_type=\"container\" data-settings=\"{&quot;background_background&quot;:&quot;classic&quot;}\">\n\t\t\t\t\t<div class=\"e-con-inner\">\n\t\t<div class=\"elementor-element elementor-element-08ba802 e-flex e-con-boxed e-con e-parent\" data-id=\"08ba802\" data-element_type=\"container\">\n\t\t\t\t\t<div class=\"e-con-inner\">\n\t\t\t\t<div class=\"elementor-element elementor-element-18bc0c9 elementor-widget elementor-widget-image\" data-id=\"18bc0c9\" data-element_type=\"widget\" data-widget_type=\"image.default\">\n\t\t\t\t\t\t\t\t\t\t\t\t\t\t\t<img loading=\"lazy\" decoding=\"async\" width=\"800\" height=\"364\" src=\"https:\/\/www.spolchemie.cz\/wp-content\/uploads\/2023\/03\/show-image-5.png\" class=\"attachment-large size-large wp-image-4081\" alt=\"\" srcset=\"https:\/\/www.spolchemie.cz\/wp-content\/uploads\/2023\/03\/show-image-5.png 960w, https:\/\/www.spolchemie.cz\/wp-content\/uploads\/2023\/03\/show-image-5-300x137.png 300w, https:\/\/www.spolchemie.cz\/wp-content\/uploads\/2023\/03\/show-image-5-768x350.png 768w\" sizes=\"(max-width: 800px) 100vw, 800px\" \/>\t\t\t\t\t\t\t\t\t\t\t\t\t\t\t<\/div>\n\t\t\t\t\t<\/div>\n\t\t\t\t<\/div>\n\t\t\t\t\t<\/div>\n\t\t\t\t<\/div>\n\t\t\t\t<\/div>\n\t\t","protected":false},"excerpt":{"rendered":"<p>\u00davodn\u00ed Seien Sie ein Teil von SPOLCHEMIE Werden Sie Teil eines Expertenteams und beteiligen Sie sich am Erfolg eines rein tschechischen Unternehmens mit Auslandsbezug. Wir bieten Ihnen eine verantwortungsvolle und interessante T\u00e4tigkeit in einem dynamischen Umfeld. Angebot von Positionen Vorteile Trainee-Programm Stipendium Warum SPOLCHEMIA w\u00e4hlen? Wir sind seit fast 170 Jahren in \u00dast\u00ed nad Labem [&hellip;]<\/p>\n","protected":false},"author":1,"featured_media":0,"parent":0,"menu_order":0,"comment_status":"closed","ping_status":"closed","template":"","meta":{"_acf_changed":false,"_seopress_robots_primary_cat":"","_seopress_titles_title":"","_seopress_titles_desc":"","_seopress_robots_index":"","footnotes":"","_links_to":"","_links_to_target":""},"class_list":["post-5092","page","type-page","status-publish","hentry"],"acf":[],"_links":{"self":[{"href":"https:\/\/www.spolchemie.cz\/de\/wp-json\/wp\/v2\/pages\/5092","targetHints":{"allow":["GET"]}}],"collection":[{"href":"https:\/\/www.spolchemie.cz\/de\/wp-json\/wp\/v2\/pages"}],"about":[{"href":"https:\/\/www.spolchemie.cz\/de\/wp-json\/wp\/v2\/types\/page"}],"author":[{"embeddable":true,"href":"https:\/\/www.spolchemie.cz\/de\/wp-json\/wp\/v2\/users\/1"}],"replies":[{"embeddable":true,"href":"https:\/\/www.spolchemie.cz\/de\/wp-json\/wp\/v2\/comments?post=5092"}],"version-history":[{"count":2,"href":"https:\/\/www.spolchemie.cz\/de\/wp-json\/wp\/v2\/pages\/5092\/revisions"}],"predecessor-version":[{"id":5107,"href":"https:\/\/www.spolchemie.cz\/de\/wp-json\/wp\/v2\/pages\/5092\/revisions\/5107"}],"wp:attachment":[{"href":"https:\/\/www.spolchemie.cz\/de\/wp-json\/wp\/v2\/media?parent=5092"}],"curies":[{"name":"wp","href":"https:\/\/api.w.org\/{rel}","templated":true}]}}