{"id":5093,"date":"2023-07-11T16:48:58","date_gmt":"2023-07-11T14:48:58","guid":{"rendered":"https:\/\/www.spolchemie.cz\/ueberblick-ueber-die-anwendungen\/"},"modified":"2023-08-06T19:50:48","modified_gmt":"2023-08-06T17:50:48","slug":"ueberblick-ueber-die-anwendungen","status":"publish","type":"page","link":"https:\/\/www.spolchemie.cz\/de\/verantwortliches-unternehmen\/patenschaft\/ueberblick-ueber-die-anwendungen\/","title":{"rendered":"\u00dcberblick \u00fcber die Anwendungen"},"content":{"rendered":"\t\t<div data-elementor-type=\"wp-page\" data-elementor-id=\"5093\" class=\"elementor elementor-5093 elementor-2357\" data-elementor-post-type=\"page\">\n\t\t\t\t<div data-dce-background-image-url=\"https:\/\/www.spolchemie.cz\/wp-content\/uploads\/2023\/08\/Minigranty_foto-scaled.jpg\" class=\"elementor-element elementor-element-4940ff8 e-con-full e-flex e-con e-parent\" data-id=\"4940ff8\" data-element_type=\"container\" data-settings=\"{&quot;background_background&quot;:&quot;classic&quot;}\">\n\t\t\t\t<\/div>\n\t\t<div class=\"elementor-element elementor-element-6912a54a e-flex e-con-boxed e-con e-parent\" data-id=\"6912a54a\" data-element_type=\"container\" data-settings=\"{&quot;background_background&quot;:&quot;classic&quot;}\">\n\t\t\t\t\t<div class=\"e-con-inner\">\n\t\t<div class=\"elementor-element elementor-element-1cbdd94e e-flex e-con-boxed e-con e-parent\" data-id=\"1cbdd94e\" data-element_type=\"container\">\n\t\t\t\t\t<div class=\"e-con-inner\">\n\t\t\t\t<div class=\"elementor-element elementor-element-13234ab elementor-widget elementor-widget-sp-breadcrumbs\" data-id=\"13234ab\" data-element_type=\"widget\" data-widget_type=\"sp-breadcrumbs.default\">\n\t\t\t\t<div class=\"elementor-widget-container\">\n\t\t\t\t\t<nav  aria-label=\"breadcrumb\"><ol class=\"breadcrumb\" itemscope itemtype=\"https:\/\/schema.org\/BreadcrumbList\"><li class=\"breadcrumb-item active\" aria-current=\"page\" itemprop=\"itemListElement\" itemscope itemtype=\"https:\/\/schema.org\/ListItem\"><span itemprop=\"name\">Spolchemie<\/span><meta itemprop=\"position\" content=\"1\"><\/li><\/ol><\/nav>\t\t\t\t<\/div>\n\t\t\t\t<\/div>\n\t\t\t\t<div class=\"elementor-element elementor-element-354ffc97 elementor-widget elementor-widget-heading\" data-id=\"354ffc97\" data-element_type=\"widget\" data-widget_type=\"heading.default\">\n\t\t\t\t\t<h1 class=\"elementor-heading-title elementor-size-default\">\u00dcberblick \u00fcber die Anwendungen<\/h1>\t\t\t\t<\/div>\n\t\t\t\t\t<\/div>\n\t\t\t\t<\/div>\n\t\t\t\t\t<\/div>\n\t\t\t\t<\/div>\n\t\t<div class=\"elementor-element elementor-element-570512ca e-flex e-con-boxed e-con e-parent\" data-id=\"570512ca\" data-element_type=\"container\" data-settings=\"{&quot;background_background&quot;:&quot;classic&quot;}\">\n\t\t\t\t\t<div class=\"e-con-inner\">\n\t\t<div class=\"elementor-element elementor-element-238d4e3e e-flex e-con-boxed e-con e-parent\" data-id=\"238d4e3e\" data-element_type=\"container\">\n\t\t\t\t\t<div class=\"e-con-inner\">\n\t\t\t\t<div class=\"elementor-element elementor-element-763a0f47 elementor-widget elementor-widget-text-editor\" data-id=\"763a0f47\" data-element_type=\"widget\" data-widget_type=\"text-editor.default\">\n\t\t\t\t\t\t\t\t\t<h3>F\u00fcr weitere Informationen wenden Sie sich bitte an: Petra Herdov\u00e1, Tel.: 477 162 064, <a href=\"mailto:kropackova@cssas,cz\">herdova@cssas.cz<\/a><\/h3>\n\t\t\t\t\t\t\t\t<\/div>\n\t\t\t\t\t<\/div>\n\t\t\t\t<\/div>\n\t\t\t\t\t<\/div>\n\t\t\t\t<\/div>\n\t\t<div class=\"elementor-element elementor-element-989dca9 e-flex e-con-boxed e-con e-parent\" data-id=\"989dca9\" data-element_type=\"container\" data-settings=\"{&quot;background_background&quot;:&quot;classic&quot;}\">\n\t\t\t\t\t<div class=\"e-con-inner\">\n\t\t<div class=\"elementor-element elementor-element-1aa4d80b e-flex e-con-boxed e-con e-parent\" data-id=\"1aa4d80b\" data-element_type=\"container\">\n\t\t\t\t\t<div class=\"e-con-inner\">\n\t\t\t\t<div class=\"elementor-element elementor-element-6210c64f elementor-widget elementor-widget-text-editor\" data-id=\"6210c64f\" data-element_type=\"widget\" data-widget_type=\"text-editor.default\">\n\t\t\t\t\t\t\t\t\t<table border=\"1\">\n<tbody>\n<tr>\n<td>\n<h2><strong>2. Runde 2023<\/strong><\/h2>\n<\/td>\n<td> <\/td>\n<td> <\/td>\n<\/tr>\n<tr>\n<td>\n  <strong>Empf\u00e4nger des Mini-Zuschusses<\/strong>\n<\/td>\n<td>\n  <strong>Name der Ma\u00dfnahme<\/strong>\n<\/td>\n<td>\n  <strong>Bewilligter Betrag<\/strong>\n<\/td>\n<\/tr>\n<tr>\n<td width=\"433\">Stiftung Crossroads<\/td>\n<td width=\"493\">Projekt &#8222;Mutti, ich atme&#8220;<\/td>\n<td width=\"76\">5 000 CZK<\/td>\n<\/tr>\n<tr>\n<td width=\"433\">Kinderklub K\u0159em\u00edlek<\/td>\n<td width=\"493\">Kindersommerlager Heraltice u T\u0159eb\u00ed\u010de 2023 &#8211; Fluch der Karibik<\/td>\n<td width=\"76\">5 000 CZK<\/td>\n<\/tr>\n<tr>\n<td width=\"433\">Haus der Kultur Teplice (Tanztheater Teplice)<\/td>\n<td width=\"493\">Die Geheimnisse der Pyramiden<\/td>\n<td width=\"76\">5 000 CZK<\/td>\n<\/tr>\n<tr>\n<td width=\"433\">Gesellschaft f\u00fcr die Unterst\u00fctzung von Menschen mit geistigen Behinderungen in der Tschechischen Republik, o.s.<\/td>\n<td width=\"493\">Prima Rennen f\u00fcr Schulauff\u00fchrungen<\/td>\n<td width=\"76\">5 000 CZK<\/td>\n<\/tr>\n<tr>\n<td width=\"433\">Fonds f\u00fcr gef\u00e4hrdete Kinder<\/td>\n<td width=\"493\">Ferien f\u00fcr Kinder aus Klokanek Teplice<\/td>\n<td width=\"76\">5 000 CZK<\/td>\n<\/tr>\n<tr>\n<td width=\"433\">Michaela Val\u00e1\u0161kov\u00e1<\/td>\n<td width=\"493\">Anstrich des Gemeinschaftsbereichs der Unterf\u00fchrung<\/td>\n<td width=\"76\">5 000 CZK<\/td>\n<\/tr>\n<tr>\n<td width=\"433\">Volleyball \u00dast\u00ed nad Labem z. s.<\/td>\n<td width=\"493\">Sturmb\u00e4r 2023 oder Sport mit uns treiben<\/td>\n<td width=\"76\">5 000 CZK<\/td>\n<\/tr>\n<tr>\n<td width=\"433\">Verband der Sportvereine Lovosice z.s.<\/td>\n<td width=\"493\">Sport KEMP 2023<\/td>\n<td width=\"76\">5 000 CZK<\/td>\n<\/tr>\n<tr>\n<td width=\"433\">SH \u010cMS &#8211; Freiwillige Feuerwehr Ko\u0161t&#8217;any und St\u0159eln\u00e1<\/td>\n<td width=\"493\">Kauf von Sporttrikots<\/td>\n<td width=\"76\">5 000 CZK<\/td>\n<\/tr>\n<tr>\n<td width=\"433\">Fu\u00dfballverein \u010cesk\u00fd Lev Ne\u0161t\u011bmice, z.s. <\/td>\n<td width=\"493\">Tschechischer L\u00f6wenpokal 2023<\/td>\n<td width=\"76\">4 000 CZK<\/td>\n<\/tr>\n<tr>\n<td width=\"433\">FK Slovan Chaba\u0159ovice, z.s.<\/td>\n<td width=\"493\">Feier des Fu\u00dfballs in Chaba\u0159ovice<\/td>\n<td width=\"76\">4 000 CZK<\/td>\n<\/tr>\n<tr>\n<td width=\"433\">Zentrum f\u00fcr Pflegefamilienbetreuung, o.p.s.<\/td>\n<td width=\"493\">6. j\u00e4hrlicher Wohlt\u00e4tigkeitslauf f\u00fcr Pflegefamilien<\/td>\n<td width=\"76\">4 000 CZK<\/td>\n<\/tr>\n<tr>\n<td width=\"433\">Z\u00ed\u017eala na Terase z.s.<\/td>\n<td width=\"493\">F\u00fcr diejenigen, die nicht faul sind, sind sie gr\u00fcn<\/td>\n<td width=\"76\">3 000 CZK<\/td>\n<\/tr>\n<tr>\n<td width=\"433\">Schachklub Teplice, Verein<\/td>\n<td width=\"493\">Internationales Schachturnier TEPLICE OPEN.<\/td>\n<td width=\"76\">3 000 CZK<\/td>\n<\/tr>\n<tr>\n<td width=\"433\">Stadtbezirk Dol\u00e1nky nad Oh\u0159\u00ed<\/td>\n<td width=\"493\">Kindertag oder Kennenlernen des IZS.<\/td>\n<td width=\"76\">3 000 CZK<\/td>\n<\/tr>\n<tr>\n<td width=\"433\">SONS \u010cR, z.s. <\/td>\n<td width=\"493\">Stadtrundfahrt in Zubrnice<\/td>\n<td width=\"76\">3 000 CZK<\/td>\n<\/tr>\n<tr>\n<td width=\"433\">Romano jasnica, spolek, ID 68974922<\/td>\n<td width=\"493\">Tag der Kinder ohne Grenzen<\/td>\n<td width=\"76\">0 K\u010d<\/td>\n<\/tr>\n<tr>\n<td width=\"433\">Starker Familienverband<\/td>\n<td width=\"493\">Familientag<\/td>\n<td width=\"76\">0 K\u010d<\/td>\n<\/tr>\n<tr>\n<td width=\"433\">DIE BLUR\u00c1\u010cEK-STIFTUNG<\/td>\n<td width=\"493\">11. Sommerlager f\u00fcr Kinder Sommerlager mit Arabella von Rotk\u00e4ppchen bis Fantomas<\/td>\n<td width=\"76\">0 K\u010d<\/td>\n<\/tr>\n<tr>\n<td width=\"433\">Svazarm Terez\u00edn z.s.<\/td>\n<td width=\"493\">Verteidigungslager f\u00fcr Kinder und Jugendliche<\/td>\n<td width=\"76\">0 CZK<\/td>\n<\/tr>\n<tr>\n<td width=\"433\">HOPE<\/td>\n<td width=\"493\">Sommerlager mal anders<\/td>\n<td width=\"76\">0 K\u010d<\/td>\n<\/tr>\n<tr>\n<td>Vesel\u00e1 Brn\u00e1, eingetragener Verein \u00dast\u00ed nad Labem<\/td>\n<td>XI.j\u00e4hrlicher Indianertag von Karl May<\/td>\n<td>0 CZK<\/td>\n<\/tr>\n<tr>\n<td>Badminton \u00dast\u00ed nad Labem z.s. <\/td>\n<td>Sommerlager f\u00fcr Kinder und Jugendliche Rumburk 2023<\/td>\n<td>0 CZK<\/td>\n<\/tr>\n<tr>\n<td>Mgr. Michal Neustupa<\/td>\n<td>Milada Tour<\/td>\n<td>0 K\u010d<\/td>\n<\/tr>\n<tr>\n<td>SH \u010cMS &#8211; Freiwillige Feuerwehr des Dorfes Mal\u00e9 B\u0159ezno<\/td>\n<td>Feier zum 140. Jahrestag der Gr\u00fcndung der Freiwilligen Feuerwehr des Dorfes Mal\u00e9 B\u0159ezno<\/td>\n<td>0 CZK<\/td>\n<\/tr>\n<tr>\n<td>Bc. Veronika Wosyka<\/td>\n<td>6. Jahr des Wohlt\u00e4tigkeitsfestivals f\u00fcr Kinder mit Feuer und Bewegung Incendio<\/td>\n<td>0 K\u010d<\/td>\n<\/tr>\n<tr>\n<td>Marek Bro\u017e  <\/td>\n<td>Fu\u00dfball 10. Internationales Turnier f\u00fcr j\u00fcngere Sch\u00fcler<\/td>\n<td>0 K\u010d<\/td>\n<\/tr>\n<tr>\n<td>Florbal \u00dast\u00ed, z.s.<\/td>\n<td>Sommerlager f\u00fcr Kinder und Jugendliche<\/td>\n<td>0 CZK<\/td>\n<\/tr>\n<tr>\n<td>Jind\u0159ich \u0160teffl<\/td>\n<td>Buch der Bergfestung Hradec u Lev\u00edn<\/td>\n<td>0 K\u010d<\/td>\n<\/tr>\n<tr>\n<td>Jaroslav P\u00e9m<\/td>\n<td>Festival F\u00dcR H\u00c4NDE<\/td>\n<td>0 CZK<\/td>\n<\/tr>\n<tr>\n<td>Majoretten Marionetten DDM UL<\/td>\n<td>Sportlager in Sloup v \u010cech\u00e1ch<\/td>\n<td>0 CZK<\/td>\n<\/tr>\n<tr>\n<td>Children&#8217;s Club Lion, z. s.  <\/td>\n<td>Bewegung f\u00fcr Kinder im Vorschulalter<\/td>\n<td>0 K\u010d<\/td>\n<\/tr>\n<tr>\n<td>Fonds f\u00fcr gef\u00e4hrdete Kinder Prag &#8211; Arbeitsplatz Klok\u00e1nek \u00dast\u00ed nad Labem<\/td>\n<td>Ferienausflug in den Zoo von Olomouc<\/td>\n<td>0 CZK<\/td>\n<\/tr>\n<tr>\n<td>STANKO, spol. s r.o.<\/td>\n<td>VALT\u00cd\u0158 FESTLICHKEITEN<\/td>\n<td>0 K\u010d<\/td>\n<\/tr>\n<\/tbody>\n<\/table>\n\t\t\t\t\t\t\t\t<\/div>\n\t\t\t\t\t<\/div>\n\t\t\t\t<\/div>\n\t\t\t\t\t<\/div>\n\t\t\t\t<\/div>\n\t\t<div class=\"elementor-element elementor-element-2a2263b e-flex e-con-boxed e-con e-parent\" data-id=\"2a2263b\" data-element_type=\"container\" data-settings=\"{&quot;background_background&quot;:&quot;classic&quot;}\">\n\t\t\t\t\t<div class=\"e-con-inner\">\n\t\t<div class=\"elementor-element elementor-element-ec0f3bb e-flex e-con-boxed e-con e-parent\" data-id=\"ec0f3bb\" data-element_type=\"container\">\n\t\t\t\t\t<div class=\"e-con-inner\">\n\t\t\t\t<div class=\"elementor-element elementor-element-7d36f77 elementor-widget elementor-widget-text-editor\" data-id=\"7d36f77\" data-element_type=\"widget\" data-widget_type=\"text-editor.default\">\n\t\t\t\t\t\t\t\t\t<table border=\"1\">\n<tbody>\n<tr>\n<td>\n<h2><strong>Runde 1 2023<\/strong><\/h2>\n<\/td>\n<td> <\/td>\n<td> <\/td>\n<td> <\/td>\n<td> <\/td>\n<\/tr>\n<tr>\n<td>\n  <strong>Empf\u00e4nger eines Mini-Zuschusses<\/strong>\n<\/td>\n<td>\n  <strong>Name der Aktion<\/strong>\n<\/td>\n<td>\n  <strong>Datum der Veranstaltung<\/strong>\n<\/td>\n<td>\n  <strong>Beantragter Betrag<\/strong>\n<\/td>\n<td>\n  <strong>Bewilligter Betrag<\/strong>\n<\/td>\n<\/tr>\n<tr>\n<td>Lukas Mooz<\/td>\n<td>Vertretung von Spolchemie in der Kategorie TFA<\/td>\n<td>April bis Dezember 2023<\/td>\n<td>10 000 CZK<\/td>\n<td>7 000 CZK <\/td>\n<\/tr>\n<tr>\n<td>Orientierungslauf-Club \u00dast\u00ed nad Labem, z.s.<\/td>\n<td>Schulmeisterschaft im Orientierungslauf &#8211; regionale Runde<\/td>\n<td>10. Mai 2023<\/td>\n<td>10 000 CZK<\/td>\n<td>7 000 CZK<\/td>\n<\/tr>\n<tr>\n<td>Petr Zajpt<\/td>\n<td>Expedition B\u00edlina <\/td>\n<td>27. Mai 2023<\/td>\n<td>10 000 CZK<\/td>\n<td>7 000 CZK<\/td>\n<\/tr>\n<tr>\n<td>DD\u0160 Kostomlaty pod Mile\u0161ovkou<\/td>\n<td>Hippotherapie f\u00fcr Kinder mit psychischen Problemen und Verhaltensst\u00f6rungen<\/td>\n<td>April bis Juni 2023<\/td>\n<td>10 000 CZK<\/td>\n<td>5 000 CZK<\/td>\n<\/tr>\n<tr>\n<td>Hospiz von St. \u0160t\u011bp\u00e1na, z.s.<\/td>\n<td>Wie man schwierige Lebenssituationen meistert und anspruchsvolle Themen f\u00fcr Grundsch\u00fcler vermittelt<\/td>\n<td>April bis Dezember 2023<\/td>\n<td>10 000 CZK<\/td>\n<td>5 000 CZK<\/td>\n<\/tr>\n<tr>\n<td>Kindergarten Vchynice, mitwirkende Organisation<\/td>\n<td>Sportger\u00e4te und Ausr\u00fcstung f\u00fcr die Turnhalle und den Schulgarten<\/td>\n<td>Schuljahr 2022\/23<\/td>\n<td>10 000 CZK<\/td>\n<td>5 000 CZK<\/td>\n<\/tr>\n<tr>\n<td>TyfloCentrum \u00dast\u00ed nad Labem, o.p.s.<\/td>\n<td>Tonaufnahmen f\u00fcr Blinde aus der Region \u00dast\u00ed nad Labem<\/td>\n<td>ganzj\u00e4hrig<\/td>\n<td>10 000 CZK<\/td>\n<td>5 000 CZK<\/td>\n<\/tr>\n<tr>\n<td>Grundschule B\u00edl\u00e1 cesta Teplice<\/td>\n<td>Werden Sie ein Wissenschaftler<\/td>\n<td>30. Mai 2023<\/td>\n<td>10 000 CZK<\/td>\n<td>5 000 CZK<\/td>\n<\/tr>\n<tr>\n<td>Green Horse, z.s.<\/td>\n<td>Einrichtung eines Hains auf der Weidefl\u00e4che<\/td>\n<td>April 2023 bis November 2023<\/td>\n<td>10 000 CZK<\/td>\n<td>5 000 CZK<\/td>\n<\/tr>\n<tr>\n<td>Verband der Sportvereine Lovosice, z.s.<\/td>\n<td>Hallenturniere f\u00fcr Kinder im Alter von 6 bis 15 Jahren<\/td>\n<td>Januar bis M\u00e4rz 2023<\/td>\n<td>10 000 CZK<\/td>\n<td>5 000 CZK<\/td>\n<\/tr>\n<tr>\n<td>Michaela Val\u00e1\u0161kov\u00e1<\/td>\n<td>Unbekannte Helden von \u00dast\u00ed nad Labem &#8211; Ruth H\u00e1lov\u00e1<\/td>\n<td>1. M\u00e4rz 2023<\/td>\n<td>10 000 CZK<\/td>\n<td>5 000 CZK<\/td>\n<\/tr>\n<tr>\n<td>Freiwillige Feuerwehr Moj\u017e\u00ed\u0159<\/td>\n<td>Unterhaltung der Feuerwehrleute<\/td>\n<td>17. M\u00e4rz 2023<\/td>\n<td>5 000 CZK<\/td>\n<td>5 000 CZK<\/td>\n<\/tr>\n<tr>\n<td>Zden\u011bk Pavl\u00ed\u010dek<\/td>\n<td>6. Wohlt\u00e4tigkeitsball \u00daST\u00cd M\u00c1 SRDCE<\/td>\n<td>22. April 2023<\/td>\n<td>10 000 CZK<\/td>\n<td>5 000 CZK<\/td>\n<\/tr>\n<tr>\n<td>Z\u00ed\u017eala na Terase, z.s.<\/td>\n<td>Gesundheitstag mit dem Regenwurm<\/td>\n<td>15. April 2023<\/td>\n<td>9 000 CZK<\/td>\n<td>4 000 CZK<\/td>\n<\/tr>\n<tr>\n<td>Tschechischer Touristenklub Kr\u00e1sn\u00e1 L\u00edpa<\/td>\n<td>Feiern f\u00fcr 135. Jahrestag der Gr\u00fcndung der K\u010cT<\/td>\n<td>13. Mai 2023<\/td>\n<td>10 000 CZK<\/td>\n<td>3 000 CZK<\/td>\n<\/tr>\n<tr>\n<td>Psychiatrisches Krankenhaus Horn\u00ed Be\u0159kovice<\/td>\n<td>Be\u0159kovice Fr\u00fchjahr 2023<\/td>\n<td>April 2023<\/td>\n<td>10 000 CZK<\/td>\n<td>3 000 CZK<\/td>\n<\/tr>\n<tr>\n<td>Naplno, z.s.<\/td>\n<td>Saubere und bl\u00fchende D\u00f6rfer<\/td>\n<td>April 2023<\/td>\n<td>10 000 CZK<\/td>\n<td>3 000 CZK<\/td>\n<\/tr>\n<tr>\n<td>Olga Jarolimkova<\/td>\n<td>Theater f\u00fcr alle<\/td>\n<td>28. Mai 2023<\/td>\n<td>10 000 CZK<\/td>\n<td>3 000 CZK<\/td>\n<\/tr>\n<tr>\n<td>Altersheim Byst\u0159any<\/td>\n<td>Wir kennen uns vom Foto<\/td>\n<td>Ganzj\u00e4hrig<\/td>\n<td>10 000 CZK<\/td>\n<td>3 000 CZK<\/td>\n<\/tr>\n<tr>\n<td>Studentenvereinigung der UJEP<\/td>\n<td>XIV. Vertretungsball der UJEP<\/td>\n<td>4. M\u00e4rz 2023<\/td>\n<td>10 000 CZK<\/td>\n<td>0 CZK<\/td>\n<\/tr>\n<tr>\n<td>Disc Golf Club Albium, z.s.<\/td>\n<td>\u00dast\u00ed nad Labem Disc Golf Liga 2023<\/td>\n<td>11. bis 21. M\u00e4rz. Oktober 2023<\/td>\n<td>10 000 CZK<\/td>\n<td>0 CZK<\/td>\n<\/tr>\n<\/tbody>\n<\/table>\n\t\t\t\t\t\t\t\t<\/div>\n\t\t\t\t\t<\/div>\n\t\t\t\t<\/div>\n\t\t\t\t\t<\/div>\n\t\t\t\t<\/div>\n\t\t\t\t<\/div>\n\t\t","protected":false},"excerpt":{"rendered":"<p>\u00davodn\u00ed F\u00fcr weitere Informationen wenden Sie sich bitte an: Petra Herdov\u00e1, Tel.: 477 162 064, herdova@cssas.cz 2. Runde 2023 Empf\u00e4nger des Mini-Zuschusses Name der Ma\u00dfnahme Bewilligter Betrag Stiftung Crossroads Projekt &#8222;Mutti, ich atme&#8220; 5 000 CZK Kinderklub K\u0159em\u00edlek Kindersommerlager Heraltice u T\u0159eb\u00ed\u010de 2023 &#8211; Fluch der Karibik 5 000 CZK Haus der Kultur Teplice (Tanztheater [&hellip;]<\/p>\n","protected":false},"author":1,"featured_media":0,"parent":5138,"menu_order":0,"comment_status":"closed","ping_status":"closed","template":"","meta":{"_acf_changed":false,"_seopress_robots_primary_cat":"","_seopress_titles_title":"","_seopress_titles_desc":"","_seopress_robots_index":"","footnotes":"","_links_to":"","_links_to_target":""},"class_list":["post-5093","page","type-page","status-publish","hentry"],"acf":[],"_links":{"self":[{"href":"https:\/\/www.spolchemie.cz\/de\/wp-json\/wp\/v2\/pages\/5093","targetHints":{"allow":["GET"]}}],"collection":[{"href":"https:\/\/www.spolchemie.cz\/de\/wp-json\/wp\/v2\/pages"}],"about":[{"href":"https:\/\/www.spolchemie.cz\/de\/wp-json\/wp\/v2\/types\/page"}],"author":[{"embeddable":true,"href":"https:\/\/www.spolchemie.cz\/de\/wp-json\/wp\/v2\/users\/1"}],"replies":[{"embeddable":true,"href":"https:\/\/www.spolchemie.cz\/de\/wp-json\/wp\/v2\/comments?post=5093"}],"version-history":[{"count":1,"href":"https:\/\/www.spolchemie.cz\/de\/wp-json\/wp\/v2\/pages\/5093\/revisions"}],"predecessor-version":[{"id":5096,"href":"https:\/\/www.spolchemie.cz\/de\/wp-json\/wp\/v2\/pages\/5093\/revisions\/5096"}],"up":[{"embeddable":true,"href":"https:\/\/www.spolchemie.cz\/de\/wp-json\/wp\/v2\/pages\/5138"}],"wp:attachment":[{"href":"https:\/\/www.spolchemie.cz\/de\/wp-json\/wp\/v2\/media?parent=5093"}],"curies":[{"name":"wp","href":"https:\/\/api.w.org\/{rel}","templated":true}]}}