{"id":5100,"date":"2023-07-10T20:02:21","date_gmt":"2023-07-10T18:02:21","guid":{"rendered":"https:\/\/www.spolchemie.cz\/mitgliedschaft-in-verbaenden\/"},"modified":"2023-08-06T19:50:48","modified_gmt":"2023-08-06T17:50:48","slug":"mitgliedschaft-in-verbaenden","status":"publish","type":"page","link":"https:\/\/www.spolchemie.cz\/de\/ueber-uns\/mitgliedschaft-in-verbaenden\/","title":{"rendered":"Mitgliedschaft in Verb\u00e4nden"},"content":{"rendered":"\t\t<div data-elementor-type=\"wp-page\" data-elementor-id=\"5100\" class=\"elementor elementor-5100 elementor-2329\" data-elementor-post-type=\"page\">\n\t\t\t\t<div data-dce-background-image-url=\"https:\/\/www.spolchemie.cz\/wp-content\/uploads\/2023\/07\/clenstvi-1.jpeg\" class=\"elementor-element elementor-element-15b69c1f e-con-full e-flex e-con e-parent\" data-id=\"15b69c1f\" data-element_type=\"container\" data-settings=\"{&quot;background_background&quot;:&quot;classic&quot;}\">\n\t\t\t\t<\/div>\n\t\t<div class=\"elementor-element elementor-element-6d7bb6f e-flex e-con-boxed e-con e-parent\" data-id=\"6d7bb6f\" data-element_type=\"container\" data-settings=\"{&quot;background_background&quot;:&quot;classic&quot;}\">\n\t\t\t\t\t<div class=\"e-con-inner\">\n\t\t<div class=\"elementor-element elementor-element-752ddf29 e-flex e-con-boxed e-con e-parent\" data-id=\"752ddf29\" data-element_type=\"container\">\n\t\t\t\t\t<div class=\"e-con-inner\">\n\t\t\t\t<div class=\"elementor-element elementor-element-62e6049b elementor-widget elementor-widget-sp-breadcrumbs\" data-id=\"62e6049b\" data-element_type=\"widget\" data-widget_type=\"sp-breadcrumbs.default\">\n\t\t\t\t<div class=\"elementor-widget-container\">\n\t\t\t\t\t<nav  aria-label=\"breadcrumb\"><ol class=\"breadcrumb\" itemscope itemtype=\"https:\/\/schema.org\/BreadcrumbList\"><li class=\"breadcrumb-item active\" aria-current=\"page\" itemprop=\"itemListElement\" itemscope itemtype=\"https:\/\/schema.org\/ListItem\"><span itemprop=\"name\">Spolchemie<\/span><meta itemprop=\"position\" content=\"1\"><\/li><\/ol><\/nav>\t\t\t\t<\/div>\n\t\t\t\t<\/div>\n\t\t\t\t<div class=\"elementor-element elementor-element-51d2fcd6 elementor-widget elementor-widget-heading\" data-id=\"51d2fcd6\" data-element_type=\"widget\" data-widget_type=\"heading.default\">\n\t\t\t\t\t<h1 class=\"elementor-heading-title elementor-size-default\">Mitgliedschaft in Verb\u00e4nden<\/h1>\t\t\t\t<\/div>\n\t\t\t\t\t<\/div>\n\t\t\t\t<\/div>\n\t\t\t\t\t<\/div>\n\t\t\t\t<\/div>\n\t\t<div class=\"elementor-element elementor-element-310db65c e-flex e-con-boxed e-con e-parent\" data-id=\"310db65c\" data-element_type=\"container\" data-settings=\"{&quot;background_background&quot;:&quot;gradient&quot;}\">\n\t\t\t\t\t<div class=\"e-con-inner\">\n\t\t<div class=\"elementor-element elementor-element-e70640f e-flex e-con-boxed e-con e-parent\" data-id=\"e70640f\" data-element_type=\"container\">\n\t\t\t\t\t<div class=\"e-con-inner\">\n\t\t\t\t<div class=\"elementor-element elementor-element-31f6ed74 elementor-widget elementor-widget-heading\" data-id=\"31f6ed74\" data-element_type=\"widget\" data-widget_type=\"heading.default\">\n\t\t\t\t\t<h2 class=\"elementor-heading-title elementor-size-default\">Aktive Zusammenarbeit<\/h2>\t\t\t\t<\/div>\n\t\t\t\t<div class=\"elementor-element elementor-element-35dd12ff elementor-widget elementor-widget-text-editor\" data-id=\"35dd12ff\" data-element_type=\"widget\" data-widget_type=\"text-editor.default\">\n\t\t\t\t\t\t\t\t\t<p>SPOLCHEMIE ist Mitglied in einer Reihe von Interessen- und Branchenverb\u00e4nden, in denen wir aktiv mit Partnern aus den Bereichen chemische Industrie, wirtschaftliche Entwicklung, Nachhaltigkeit und alternative Ressourcen zusammenarbeiten.  <\/p>\n\t\t\t\t\t\t\t\t<\/div>\n\t\t\t\t\t<\/div>\n\t\t\t\t<\/div>\n\t\t<div class=\"elementor-element elementor-element-38d3e2c2 e-flex e-con-boxed e-con e-parent\" data-id=\"38d3e2c2\" data-element_type=\"container\">\n\t\t\t\t\t<div class=\"e-con-inner\">\n\t\t\t\t<div class=\"elementor-element elementor-element-529a647a elementor-widget elementor-widget-image\" data-id=\"529a647a\" data-element_type=\"widget\" id=\"add-mask-left\" data-widget_type=\"image.default\">\n\t\t\t\t\t\t\t\t\t\t\t\t\t\t\t<img fetchpriority=\"high\" decoding=\"async\" width=\"800\" height=\"448\" src=\"https:\/\/www.spolchemie.cz\/wp-content\/uploads\/2023\/07\/clenstvi-2-1024x574.jpeg\" class=\"attachment-large size-large wp-image-4249\" alt=\"\" srcset=\"https:\/\/www.spolchemie.cz\/wp-content\/uploads\/2023\/07\/clenstvi-2-1024x574.jpeg 1024w, https:\/\/www.spolchemie.cz\/wp-content\/uploads\/2023\/07\/clenstvi-2-300x168.jpeg 300w, https:\/\/www.spolchemie.cz\/wp-content\/uploads\/2023\/07\/clenstvi-2-768x431.jpeg 768w, https:\/\/www.spolchemie.cz\/wp-content\/uploads\/2023\/07\/clenstvi-2.jpeg 1200w\" sizes=\"(max-width: 800px) 100vw, 800px\" \/>\t\t\t\t\t\t\t\t\t\t\t\t\t\t\t<\/div>\n\t\t\t\t\t<\/div>\n\t\t\t\t<\/div>\n\t\t\t\t\t<\/div>\n\t\t\t\t<\/div>\n\t\t<div class=\"elementor-element elementor-element-4b06e336 e-flex e-con-boxed e-con e-parent\" data-id=\"4b06e336\" data-element_type=\"container\">\n\t\t\t\t\t<div class=\"e-con-inner\">\n\t\t<div class=\"elementor-element elementor-element-29401481 e-flex e-con-boxed e-con e-parent\" data-id=\"29401481\" data-element_type=\"container\">\n\t\t\t\t\t<div class=\"e-con-inner\">\n\t\t<div class=\"elementor-element elementor-element-483aa5f e-con-full e-flex e-con e-parent\" data-id=\"483aa5f\" data-element_type=\"container\">\n\t\t\t\t<div class=\"elementor-element elementor-element-f788082 elementor-widget elementor-widget-image\" data-id=\"f788082\" data-element_type=\"widget\" data-widget_type=\"image.default\">\n\t\t\t\t\t\t\t\t\t\t\t\t\t\t\t\t<a href=\"https:\/\/cefic.org\/\" target=\"_blank\" rel=\"nofollow\">\n\t\t\t\t\t\t\t<img decoding=\"async\" width=\"800\" height=\"346\" src=\"https:\/\/www.spolchemie.cz\/wp-content\/uploads\/2023\/07\/celnstvi-cefic-1024x443.png\" class=\"attachment-large size-large wp-image-4251\" alt=\"\" srcset=\"https:\/\/www.spolchemie.cz\/wp-content\/uploads\/2023\/07\/celnstvi-cefic-1024x443.png 1024w, https:\/\/www.spolchemie.cz\/wp-content\/uploads\/2023\/07\/celnstvi-cefic-300x130.png 300w, https:\/\/www.spolchemie.cz\/wp-content\/uploads\/2023\/07\/celnstvi-cefic-768x332.png 768w, https:\/\/www.spolchemie.cz\/wp-content\/uploads\/2023\/07\/celnstvi-cefic.png 1388w\" sizes=\"(max-width: 800px) 100vw, 800px\" \/>\t\t\t\t\t\t\t\t<\/a>\n\t\t\t\t\t\t\t\t\t\t\t\t\t\t\t<\/div>\n\t\t\t\t<\/div>\n\t\t<div class=\"elementor-element elementor-element-7e4c90f e-con-full e-flex e-con e-parent\" data-id=\"7e4c90f\" data-element_type=\"container\">\n\t\t\t\t<div class=\"elementor-element elementor-element-5dc1368 elementor-widget__width-initial elementor-widget elementor-widget-text-editor\" data-id=\"5dc1368\" data-element_type=\"widget\" data-widget_type=\"text-editor.default\">\n\t\t\t\t\t\t\t\t\t<p><a href=\"https:\/\/cefic.org\/\" target=\"_blank\" rel=\"noopener\"><br \/>\n  <strong>CEFIC<\/strong><br \/>\n<\/a> &#8211; Der Europ\u00e4ische Rat der chemischen Industrie<\/p>\n\t\t\t\t\t\t\t\t<\/div>\n\t\t\t\t<\/div>\n\t\t\t\t\t<\/div>\n\t\t\t\t<\/div>\n\t\t<div class=\"elementor-element elementor-element-62fe96fc e-flex e-con-boxed e-con e-parent\" data-id=\"62fe96fc\" data-element_type=\"container\">\n\t\t\t\t\t<div class=\"e-con-inner\">\n\t\t<div class=\"elementor-element elementor-element-8b9c325 e-flex e-con-boxed e-con e-parent\" data-id=\"8b9c325\" data-element_type=\"container\">\n\t\t\t\t\t<div class=\"e-con-inner\">\n\t\t<div class=\"elementor-element elementor-element-a74a764 e-con-full e-flex e-con e-parent\" data-id=\"a74a764\" data-element_type=\"container\">\n\t\t\t\t<div class=\"elementor-element elementor-element-7a4588a elementor-widget elementor-widget-image\" data-id=\"7a4588a\" data-element_type=\"widget\" data-widget_type=\"image.default\">\n\t\t\t\t\t\t\t\t\t\t\t\t\t\t\t\t<a href=\"https:\/\/epoxy-europe.eu\/\" target=\"_blank\" rel=\"nofollow\">\n\t\t\t\t\t\t\t<img decoding=\"async\" width=\"800\" height=\"266\" src=\"https:\/\/www.spolchemie.cz\/wp-content\/uploads\/2023\/07\/clenstvi-epoxy.jpeg\" class=\"attachment-large size-large wp-image-4255\" alt=\"\" srcset=\"https:\/\/www.spolchemie.cz\/wp-content\/uploads\/2023\/07\/clenstvi-epoxy.jpeg 800w, https:\/\/www.spolchemie.cz\/wp-content\/uploads\/2023\/07\/clenstvi-epoxy-300x100.jpeg 300w, https:\/\/www.spolchemie.cz\/wp-content\/uploads\/2023\/07\/clenstvi-epoxy-768x255.jpeg 768w\" sizes=\"(max-width: 800px) 100vw, 800px\" \/>\t\t\t\t\t\t\t\t<\/a>\n\t\t\t\t\t\t\t\t\t\t\t\t\t\t\t<\/div>\n\t\t\t\t<\/div>\n\t\t<div class=\"elementor-element elementor-element-5a4cab0 e-con-full e-flex e-con e-parent\" data-id=\"5a4cab0\" data-element_type=\"container\">\n\t\t\t\t<div class=\"elementor-element elementor-element-bda76b3 elementor-widget__width-initial elementor-widget elementor-widget-text-editor\" data-id=\"bda76b3\" data-element_type=\"widget\" data-widget_type=\"text-editor.default\">\n\t\t\t\t\t\t\t\t\t<p><a href=\"https:\/\/epoxy-europe.eu\/\" target=\"_blank\" rel=\"nofollow noopener\"><br \/>\n  <strong>Epoxy Europa<\/strong><br \/>\n<\/a> &#8211; eine separate sektorale Untergruppe des Cefic. Seit Anfang der 1980er Jahre vertritt er die Interessen von mehr als 95 % der europ\u00e4ischen Epoxidharzhersteller. Jahre.  <\/p>\n\t\t\t\t\t\t\t\t<\/div>\n\t\t\t\t<\/div>\n\t\t\t\t\t<\/div>\n\t\t\t\t<\/div>\n\t\t\t\t\t<\/div>\n\t\t\t\t<\/div>\n\t\t\t\t\t<\/div>\n\t\t\t\t<\/div>\n\t\t<div class=\"elementor-element elementor-element-655c2ea e-flex e-con-boxed e-con e-parent\" data-id=\"655c2ea\" data-element_type=\"container\">\n\t\t\t\t\t<div class=\"e-con-inner\">\n\t\t<div class=\"elementor-element elementor-element-278a45e e-flex e-con-boxed e-con e-parent\" data-id=\"278a45e\" data-element_type=\"container\">\n\t\t\t\t\t<div class=\"e-con-inner\">\n\t\t<div class=\"elementor-element elementor-element-ba4367f e-con-full e-flex e-con e-parent\" data-id=\"ba4367f\" data-element_type=\"container\">\n\t\t\t\t<div class=\"elementor-element elementor-element-56690d9 elementor-widget elementor-widget-image\" data-id=\"56690d9\" data-element_type=\"widget\" data-widget_type=\"image.default\">\n\t\t\t\t\t\t\t\t\t\t\t\t\t\t\t\t<a href=\"https:\/\/www.eurochlor.org\/\" target=\"_blank\" rel=\"nofollow\">\n\t\t\t\t\t\t\t<img loading=\"lazy\" decoding=\"async\" width=\"525\" height=\"225\" src=\"https:\/\/www.spolchemie.cz\/wp-content\/uploads\/2023\/07\/clenstvi-eurochlor.jpeg\" class=\"attachment-large size-large wp-image-4257\" alt=\"\" srcset=\"https:\/\/www.spolchemie.cz\/wp-content\/uploads\/2023\/07\/clenstvi-eurochlor.jpeg 525w, https:\/\/www.spolchemie.cz\/wp-content\/uploads\/2023\/07\/clenstvi-eurochlor-300x129.jpeg 300w\" sizes=\"(max-width: 525px) 100vw, 525px\" \/>\t\t\t\t\t\t\t\t<\/a>\n\t\t\t\t\t\t\t\t\t\t\t\t\t\t\t<\/div>\n\t\t\t\t<\/div>\n\t\t<div class=\"elementor-element elementor-element-90d4e8f e-con-full e-flex e-con e-parent\" data-id=\"90d4e8f\" data-element_type=\"container\">\n\t\t\t\t<div class=\"elementor-element elementor-element-208d8bc elementor-widget__width-initial elementor-widget elementor-widget-text-editor\" data-id=\"208d8bc\" data-element_type=\"widget\" data-widget_type=\"text-editor.default\">\n\t\t\t\t\t\t\t\t\t<p><a href=\"https:\/\/www.eurochlor.org\/\" target=\"_blank\" rel=\"nofollow noopener\"><br \/>\n  <strong>Euro-Chlor<\/strong><br \/>\n<\/a> &#8211; eine separate sektorale Untergruppe des Cefic. Sie vertritt die Interessen der Chloralkaliproduzenten in Europa und f\u00f6rdert bew\u00e4hrte Verfahren in den Bereichen Sicherheit, Gesundheit und Umweltschutz.<\/p>\n\t\t\t\t\t\t\t\t<\/div>\n\t\t\t\t<\/div>\n\t\t\t\t\t<\/div>\n\t\t\t\t<\/div>\n\t\t<div class=\"elementor-element elementor-element-03f9b76 e-flex e-con-boxed e-con e-parent\" data-id=\"03f9b76\" data-element_type=\"container\">\n\t\t\t\t\t<div class=\"e-con-inner\">\n\t\t<div class=\"elementor-element elementor-element-33fc9e2 e-flex e-con-boxed e-con e-parent\" data-id=\"33fc9e2\" data-element_type=\"container\">\n\t\t\t\t\t<div class=\"e-con-inner\">\n\t\t<div class=\"elementor-element elementor-element-d3ad0fc e-con-full e-flex e-con e-parent\" data-id=\"d3ad0fc\" data-element_type=\"container\">\n\t\t\t\t<div class=\"elementor-element elementor-element-7582b32 elementor-widget elementor-widget-image\" data-id=\"7582b32\" data-element_type=\"widget\" data-widget_type=\"image.default\">\n\t\t\t\t\t\t\t\t\t\t\t\t\t\t\t\t<a href=\"https:\/\/www.schp.cz\/\" target=\"_blank\" rel=\"nofollow\">\n\t\t\t\t\t\t\t<img loading=\"lazy\" decoding=\"async\" width=\"250\" height=\"88\" src=\"https:\/\/www.spolchemie.cz\/wp-content\/uploads\/2023\/07\/celnstvi-schp.png\" class=\"attachment-large size-large wp-image-4253\" alt=\"\" \/>\t\t\t\t\t\t\t\t<\/a>\n\t\t\t\t\t\t\t\t\t\t\t\t\t\t\t<\/div>\n\t\t\t\t<\/div>\n\t\t<div class=\"elementor-element elementor-element-84d86c4 e-con-full e-flex e-con e-parent\" data-id=\"84d86c4\" data-element_type=\"container\">\n\t\t\t\t<div class=\"elementor-element elementor-element-38a2039 elementor-widget__width-initial elementor-widget elementor-widget-text-editor\" data-id=\"38a2039\" data-element_type=\"widget\" data-widget_type=\"text-editor.default\">\n\t\t\t\t\t\t\t\t\t<p><a href=\"https:\/\/www.schp.cz\/\" target=\"_blank\" rel=\"nofollow noopener\"><br \/>\n  <strong>SCHP<\/strong><br \/>\n<\/a> &#8211; Verband der chemischen Industrie der Tschechischen Republik<\/p>\n\t\t\t\t\t\t\t\t<\/div>\n\t\t\t\t<\/div>\n\t\t\t\t\t<\/div>\n\t\t\t\t<\/div>\n\t\t\t\t\t<\/div>\n\t\t\t\t<\/div>\n\t\t\t\t\t<\/div>\n\t\t\t\t<\/div>\n\t\t<div class=\"elementor-element elementor-element-80834d0 e-flex e-con-boxed e-con e-parent\" data-id=\"80834d0\" data-element_type=\"container\">\n\t\t\t\t\t<div class=\"e-con-inner\">\n\t\t<div class=\"elementor-element elementor-element-2dfcd52 e-flex e-con-boxed e-con e-parent\" data-id=\"2dfcd52\" data-element_type=\"container\">\n\t\t\t\t\t<div class=\"e-con-inner\">\n\t\t<div class=\"elementor-element elementor-element-07b1fb5 e-con-full e-flex e-con e-parent\" data-id=\"07b1fb5\" data-element_type=\"container\">\n\t\t\t\t<div class=\"elementor-element elementor-element-0489e31 elementor-widget elementor-widget-image\" data-id=\"0489e31\" data-element_type=\"widget\" data-widget_type=\"image.default\">\n\t\t\t\t\t\t\t\t\t\t\t\t\t\t\t\t<a href=\"https:\/\/www.komora.cz\/\" target=\"_blank\" rel=\"nofollow\">\n\t\t\t\t\t\t\t<img loading=\"lazy\" decoding=\"async\" width=\"441\" height=\"175\" src=\"https:\/\/www.spolchemie.cz\/wp-content\/uploads\/2023\/07\/clenstvi-hospodarskakomora.jpeg\" class=\"attachment-large size-large wp-image-4259\" alt=\"\" srcset=\"https:\/\/www.spolchemie.cz\/wp-content\/uploads\/2023\/07\/clenstvi-hospodarskakomora.jpeg 441w, https:\/\/www.spolchemie.cz\/wp-content\/uploads\/2023\/07\/clenstvi-hospodarskakomora-300x119.jpeg 300w\" sizes=\"(max-width: 441px) 100vw, 441px\" \/>\t\t\t\t\t\t\t\t<\/a>\n\t\t\t\t\t\t\t\t\t\t\t\t\t\t\t<\/div>\n\t\t\t\t<\/div>\n\t\t<div class=\"elementor-element elementor-element-1c98843 e-con-full e-flex e-con e-parent\" data-id=\"1c98843\" data-element_type=\"container\">\n\t\t\t\t<div class=\"elementor-element elementor-element-a1ae057 elementor-widget__width-initial elementor-widget elementor-widget-text-editor\" data-id=\"a1ae057\" data-element_type=\"widget\" data-widget_type=\"text-editor.default\">\n\t\t\t\t\t\t\t\t\t<p><strong><a href=\"https:\/\/www.komora.cz\/\" target=\"_blank\" rel=\"nofollow noopener\">Handelskammer der Tschechischen Republik<\/a><\/strong><\/p>\n\t\t\t\t\t\t\t\t<\/div>\n\t\t\t\t<\/div>\n\t\t\t\t\t<\/div>\n\t\t\t\t<\/div>\n\t\t<div class=\"elementor-element elementor-element-2f1d932 e-flex e-con-boxed e-con e-parent\" data-id=\"2f1d932\" data-element_type=\"container\">\n\t\t\t\t\t<div class=\"e-con-inner\">\n\t\t<div class=\"elementor-element elementor-element-deac40a e-flex e-con-boxed e-con e-parent\" data-id=\"deac40a\" data-element_type=\"container\">\n\t\t\t\t\t<div class=\"e-con-inner\">\n\t\t<div class=\"elementor-element elementor-element-93f0e4c e-con-full e-flex e-con e-parent\" data-id=\"93f0e4c\" data-element_type=\"container\">\n\t\t\t\t<div class=\"elementor-element elementor-element-b35c3bf elementor-widget elementor-widget-image\" data-id=\"b35c3bf\" data-element_type=\"widget\" data-widget_type=\"image.default\">\n\t\t\t\t\t\t\t\t\t\t\t\t\t\t\t\t<a href=\"http:\/\/www.ohk-ul.cz\/\" target=\"_blank\" rel=\"nofollow\">\n\t\t\t\t\t\t\t<img loading=\"lazy\" decoding=\"async\" width=\"243\" height=\"216\" src=\"https:\/\/www.spolchemie.cz\/wp-content\/uploads\/2023\/07\/clenstvi-okresnihospodarska.jpeg\" class=\"attachment-large size-large wp-image-4261\" alt=\"\" \/>\t\t\t\t\t\t\t\t<\/a>\n\t\t\t\t\t\t\t\t\t\t\t\t\t\t\t<\/div>\n\t\t\t\t<\/div>\n\t\t<div class=\"elementor-element elementor-element-26d72e0 e-con-full e-flex e-con e-parent\" data-id=\"26d72e0\" data-element_type=\"container\">\n\t\t\t\t<div class=\"elementor-element elementor-element-58cc6d9 elementor-widget__width-initial elementor-widget elementor-widget-text-editor\" data-id=\"58cc6d9\" data-element_type=\"widget\" data-widget_type=\"text-editor.default\">\n\t\t\t\t\t\t\t\t\t<p><strong><br \/>\n  <a href=\"http:\/\/www.ohk-ul.cz\/\" target=\"_blank\" rel=\"nofollow noopener\">Bezirks-Handelskammer<\/a><br \/>\n<\/strong> (\u00dast\u00ed nad Labem)<\/p>\n\t\t\t\t\t\t\t\t<\/div>\n\t\t\t\t<\/div>\n\t\t\t\t\t<\/div>\n\t\t\t\t<\/div>\n\t\t\t\t\t<\/div>\n\t\t\t\t<\/div>\n\t\t\t\t\t<\/div>\n\t\t\t\t<\/div>\n\t\t<div class=\"elementor-element elementor-element-056785e e-flex e-con-boxed e-con e-parent\" data-id=\"056785e\" data-element_type=\"container\">\n\t\t\t\t\t<div class=\"e-con-inner\">\n\t\t<div class=\"elementor-element elementor-element-331dc33 e-flex e-con-boxed e-con e-parent\" data-id=\"331dc33\" data-element_type=\"container\">\n\t\t\t\t\t<div class=\"e-con-inner\">\n\t\t<div class=\"elementor-element elementor-element-1025dc4 e-con-full e-flex e-con e-parent\" data-id=\"1025dc4\" data-element_type=\"container\">\n\t\t\t\t<div class=\"elementor-element elementor-element-aa9d1f1 elementor-widget elementor-widget-image\" data-id=\"aa9d1f1\" data-element_type=\"widget\" data-widget_type=\"image.default\">\n\t\t\t\t\t\t\t\t\t\t\t\t\t\t\t\t<a href=\"https:\/\/www.hytep.cz\/\" target=\"_blank\" rel=\"nofollow\">\n\t\t\t\t\t\t\t<img loading=\"lazy\" decoding=\"async\" width=\"420\" height=\"420\" src=\"https:\/\/www.spolchemie.cz\/wp-content\/uploads\/2023\/07\/celnstvi-hytep.png\" class=\"attachment-large size-large wp-image-4263\" alt=\"\" srcset=\"https:\/\/www.spolchemie.cz\/wp-content\/uploads\/2023\/07\/celnstvi-hytep.png 420w, https:\/\/www.spolchemie.cz\/wp-content\/uploads\/2023\/07\/celnstvi-hytep-300x300.png 300w, https:\/\/www.spolchemie.cz\/wp-content\/uploads\/2023\/07\/celnstvi-hytep-150x150.png 150w\" sizes=\"(max-width: 420px) 100vw, 420px\" \/>\t\t\t\t\t\t\t\t<\/a>\n\t\t\t\t\t\t\t\t\t\t\t\t\t\t\t<\/div>\n\t\t\t\t<\/div>\n\t\t<div class=\"elementor-element elementor-element-57d427d e-con-full e-flex e-con e-parent\" data-id=\"57d427d\" data-element_type=\"container\">\n\t\t\t\t<div class=\"elementor-element elementor-element-a3caf4b elementor-widget__width-initial elementor-widget elementor-widget-text-editor\" data-id=\"a3caf4b\" data-element_type=\"widget\" data-widget_type=\"text-editor.default\">\n\t\t\t\t\t\t\t\t\t<p><strong><br \/>\n  <a href=\"https:\/\/www.hytep.cz\/\" target=\"_blank\" rel=\"nofollow noopener\">Tschechische Plattform f\u00fcr Wasserstofftechnologie (HYTEP)<\/a><br \/>\n<\/strong> &#8211; eine Plattform f\u00fcr die Zusammenarbeit und Koordinierung der Aktivit\u00e4ten von Einrichtungen auf dem Gebiet der Wasserstofftechnologien und der Wasserstoffwirtschaft.  <\/p>\n\t\t\t\t\t\t\t\t<\/div>\n\t\t\t\t<\/div>\n\t\t\t\t\t<\/div>\n\t\t\t\t<\/div>\n\t\t<div class=\"elementor-element elementor-element-8bf0acf e-flex e-con-boxed e-con e-parent\" data-id=\"8bf0acf\" data-element_type=\"container\">\n\t\t\t\t\t<div class=\"e-con-inner\">\n\t\t<div class=\"elementor-element elementor-element-c45b71d e-flex e-con-boxed e-con e-parent\" data-id=\"c45b71d\" data-element_type=\"container\">\n\t\t\t\t\t<div class=\"e-con-inner\">\n\t\t\t\t\t<\/div>\n\t\t\t\t<\/div>\n\t\t\t\t\t<\/div>\n\t\t\t\t<\/div>\n\t\t\t\t\t<\/div>\n\t\t\t\t<\/div>\n\t\t\t\t<\/div>\n\t\t","protected":false},"excerpt":{"rendered":"<p>\u00davodn\u00ed Aktive Zusammenarbeit SPOLCHEMIE ist Mitglied in einer Reihe von Interessen- und Branchenverb\u00e4nden, in denen wir aktiv mit Partnern aus den Bereichen chemische Industrie, wirtschaftliche Entwicklung, Nachhaltigkeit und alternative Ressourcen zusammenarbeiten. CEFIC &#8211; Der Europ\u00e4ische Rat der chemischen Industrie Epoxy Europa &#8211; eine separate sektorale Untergruppe des Cefic. Seit Anfang der 1980er Jahre vertritt er [&hellip;]<\/p>\n","protected":false},"author":1,"featured_media":0,"parent":5162,"menu_order":0,"comment_status":"closed","ping_status":"closed","template":"","meta":{"_acf_changed":false,"_seopress_robots_primary_cat":"","_seopress_titles_title":"","_seopress_titles_desc":"","_seopress_robots_index":"","footnotes":"","_links_to":"","_links_to_target":""},"class_list":["post-5100","page","type-page","status-publish","hentry"],"acf":[],"_links":{"self":[{"href":"https:\/\/www.spolchemie.cz\/de\/wp-json\/wp\/v2\/pages\/5100","targetHints":{"allow":["GET"]}}],"collection":[{"href":"https:\/\/www.spolchemie.cz\/de\/wp-json\/wp\/v2\/pages"}],"about":[{"href":"https:\/\/www.spolchemie.cz\/de\/wp-json\/wp\/v2\/types\/page"}],"author":[{"embeddable":true,"href":"https:\/\/www.spolchemie.cz\/de\/wp-json\/wp\/v2\/users\/1"}],"replies":[{"embeddable":true,"href":"https:\/\/www.spolchemie.cz\/de\/wp-json\/wp\/v2\/comments?post=5100"}],"version-history":[{"count":2,"href":"https:\/\/www.spolchemie.cz\/de\/wp-json\/wp\/v2\/pages\/5100\/revisions"}],"predecessor-version":[{"id":5118,"href":"https:\/\/www.spolchemie.cz\/de\/wp-json\/wp\/v2\/pages\/5100\/revisions\/5118"}],"up":[{"embeddable":true,"href":"https:\/\/www.spolchemie.cz\/de\/wp-json\/wp\/v2\/pages\/5162"}],"wp:attachment":[{"href":"https:\/\/www.spolchemie.cz\/de\/wp-json\/wp\/v2\/media?parent=5100"}],"curies":[{"name":"wp","href":"https:\/\/api.w.org\/{rel}","templated":true}]}}