{"id":5116,"date":"2023-07-10T17:48:29","date_gmt":"2023-07-10T15:48:29","guid":{"rendered":"https:\/\/www.spolchemie.cz\/wie-man-sich-bewirbt\/"},"modified":"2023-08-06T19:50:48","modified_gmt":"2023-08-06T17:50:48","slug":"wie-man-sich-bewirbt","status":"publish","type":"page","link":"https:\/\/www.spolchemie.cz\/de\/verantwortliches-unternehmen\/patenschaft\/wie-man-sich-bewirbt\/","title":{"rendered":"Wie man sich bewirbt"},"content":{"rendered":"\t\t<div data-elementor-type=\"wp-page\" data-elementor-id=\"5116\" class=\"elementor elementor-5116 elementor-2311\" data-elementor-post-type=\"page\">\n\t\t\t\t<div data-dce-background-image-url=\"https:\/\/www.spolchemie.cz\/wp-content\/uploads\/2023\/08\/Minigranty_foto-scaled.jpg\" class=\"elementor-element elementor-element-6c678bd8 e-con-full e-flex e-con e-parent\" data-id=\"6c678bd8\" data-element_type=\"container\" data-settings=\"{&quot;background_background&quot;:&quot;classic&quot;}\">\n\t\t\t\t<\/div>\n\t\t<div class=\"elementor-element elementor-element-1183ad76 e-flex e-con-boxed e-con e-parent\" data-id=\"1183ad76\" data-element_type=\"container\" data-settings=\"{&quot;background_background&quot;:&quot;classic&quot;}\">\n\t\t\t\t\t<div class=\"e-con-inner\">\n\t\t<div class=\"elementor-element elementor-element-1f453605 e-flex e-con-boxed e-con e-parent\" data-id=\"1f453605\" data-element_type=\"container\">\n\t\t\t\t\t<div class=\"e-con-inner\">\n\t\t\t\t<div class=\"elementor-element elementor-element-79bb7617 elementor-widget elementor-widget-sp-breadcrumbs\" data-id=\"79bb7617\" data-element_type=\"widget\" data-widget_type=\"sp-breadcrumbs.default\">\n\t\t\t\t<div class=\"elementor-widget-container\">\n\t\t\t\t\t<nav  aria-label=\"breadcrumb\"><ol class=\"breadcrumb\" itemscope itemtype=\"https:\/\/schema.org\/BreadcrumbList\"><li class=\"breadcrumb-item active\" aria-current=\"page\" itemprop=\"itemListElement\" itemscope itemtype=\"https:\/\/schema.org\/ListItem\"><span itemprop=\"name\">Spolchemie<\/span><meta itemprop=\"position\" content=\"1\"><\/li><\/ol><\/nav>\t\t\t\t<\/div>\n\t\t\t\t<\/div>\n\t\t\t\t<div class=\"elementor-element elementor-element-263d38c elementor-widget elementor-widget-heading\" data-id=\"263d38c\" data-element_type=\"widget\" data-widget_type=\"heading.default\">\n\t\t\t\t\t<h1 class=\"elementor-heading-title elementor-size-default\">Wie man sich bewirbt<\/h1>\t\t\t\t<\/div>\n\t\t\t\t\t<\/div>\n\t\t\t\t<\/div>\n\t\t\t\t\t<\/div>\n\t\t\t\t<\/div>\n\t\t<div class=\"elementor-element elementor-element-169deb5 e-flex e-con-boxed e-con e-parent\" data-id=\"169deb5\" data-element_type=\"container\" data-settings=\"{&quot;background_background&quot;:&quot;classic&quot;}\">\n\t\t\t\t\t<div class=\"e-con-inner\">\n\t\t<div class=\"elementor-element elementor-element-1c0e6b02 e-flex e-con-boxed e-con e-parent\" data-id=\"1c0e6b02\" data-element_type=\"container\">\n\t\t\t\t\t<div class=\"e-con-inner\">\n\t\t\t\t<div class=\"elementor-element elementor-element-be18228 elementor-widget elementor-widget-heading\" data-id=\"be18228\" data-element_type=\"widget\" data-widget_type=\"heading.default\">\n\t\t\t\t\t<div class=\"elementor-heading-title elementor-size-default\">Beantragung der finanziellen Unterst\u00fctzung<\/div>\t\t\t\t<\/div>\n\t\t\t\t<div class=\"elementor-element elementor-element-537e48c elementor-widget elementor-widget-text-editor\" data-id=\"537e48c\" data-element_type=\"widget\" data-widget_type=\"text-editor.default\">\n\t\t\t\t\t\t\t\t\t<p>Um Ihre Veranstaltung in das Projekt aufzunehmen, f\u00fcllen Sie bitte das Anmeldeformular auf dieser Seite aus. Mit der Einreichung Ihrer Bewerbung best\u00e4tigen Sie auch Ihr Einverst\u00e4ndnis mit den Projektregeln und Ihre Zustimmung zur <a href=\"https:\/\/www.spolchemie.cz\/de\/andere\/schutz-personenbezogener-daten\/\"><br \/>\n  <span style=\"text-decoration: underline;\">der Verarbeitung der personenbezogenen Daten<\/span><br \/>\n<\/a>.<\/p>\n<p><strong>Bedingungen f\u00fcr die Aufnahme der Aktion:<\/strong><\/p>\n<ul>\n<li>die Veranstaltung muss in der <strong>Region<\/strong> \u00dast\u00ed <strong>nad Labem<\/strong> stattfinden<\/li>\n<li>Die Veranstaltung muss f\u00fcr die Allgemeinheit zug\u00e4nglich sein (die \u00d6ffentlichkeit oder organisierte Gruppen, nicht aber Einzelpersonen, die nicht in einer Interessengruppe organisiert sind)<\/li>\n<li>der Antrag auf Gew\u00e4hrung einer Mini-Finanzhilfe muss mindestens <strong>12 Tage vor<\/strong> der <strong> <span style=\"text-decoration: underline;\"><a href=\"https:\/\/www.spolchemie.cz\/de\/termine-und-provisionen\/\">n\u00e4chsten Sitzung der Kommission<\/a><\/span><\/strong> eingereicht werden<\/li>\n<li>die Ma\u00dfnahme muss <strong>nach dem Datum der Sitzung der Fachkommission in dieser Runde<\/strong> stattfinden<\/li>\n<li>ein Antragsteller kann <strong>in jeder Runde<\/strong> nur f\u00fcr <strong>ein Projekt<\/strong> einen Finanzbeitrag beantragen<\/li>\n<\/ul>\n<p>Vollst\u00e4ndige Regeln (Download <span style=\"text-decoration: underline;\"><br \/>\n  <a href=\"https:\/\/www.spolchemie.cz\/de\/andere-informationen\/\">hier<\/a><br \/>\n<\/span>)<\/p>\n\t\t\t\t\t\t\t\t<\/div>\n\t\t\t\t\t<\/div>\n\t\t\t\t<\/div>\n\t\t\t\t\t<\/div>\n\t\t\t\t<\/div>\n\t\t<div data-dce-background-color=\"#FFFFFF\" class=\"elementor-element elementor-element-597bc4aa e-flex e-con-boxed e-con e-parent\" data-id=\"597bc4aa\" data-element_type=\"container\" data-settings=\"{&quot;background_background&quot;:&quot;gradient&quot;}\">\n\t\t\t\t\t<div class=\"e-con-inner\">\n\t\t<div class=\"elementor-element elementor-element-76eba615 e-flex e-con-boxed e-con e-parent\" data-id=\"76eba615\" data-element_type=\"container\">\n\t\t\t\t\t<div class=\"e-con-inner\">\n\t\t\t\t<div class=\"elementor-element elementor-element-f93757d elementor-widget elementor-widget-heading\" data-id=\"f93757d\" data-element_type=\"widget\" data-widget_type=\"heading.default\">\n\t\t\t\t\t<div class=\"elementor-heading-title elementor-size-default\">Um einen Antrag auf ein Minigrant zu stellen, f\u00fcllen Sie bitte dieses Formular aus und schicken es ab.<\/div>\t\t\t\t<\/div>\n\t\t\t\t<div class=\"elementor-element elementor-element-d1e67c8 elementor-widget elementor-widget-text-editor\" data-id=\"d1e67c8\" data-element_type=\"widget\" data-widget_type=\"text-editor.default\">\n\t\t\t\t\t\t\t\t\t<p>Mit dem Absenden des Formulars erkl\u00e4ren Sie sich mit den <a href=\"https:\/\/www.spolchemie.cz\/gdpr_cs\/\">Bedingungen der Datenschutzrichtlinie<\/a> einverstanden und geben uns Ihr Einverst\u00e4ndnis zur Verarbeitung Ihrer personenbezogenen Daten.<\/p>\n\t\t\t\t\t\t\t\t<\/div>\n\t\t\t\t<div class=\"elementor-element elementor-element-6c9d6c76 elementor-button-align-end elementor-widget elementor-widget-form\" data-id=\"6c9d6c76\" data-element_type=\"widget\" data-settings=\"{&quot;step_next_label&quot;:&quot;Mehr lesen&quot;,&quot;step_previous_label&quot;:&quot;Vorherige von&quot;,&quot;button_width&quot;:&quot;100&quot;,&quot;step_type&quot;:&quot;number_text&quot;,&quot;step_icon_shape&quot;:&quot;circle&quot;}\" data-widget_type=\"form.default\">\n\t\t\t\t<div class=\"elementor-widget-container\">\n\t\t\t\t\t\t\t<form class=\"elementor-form\" method=\"post\" name=\"Formular Position\">\n\t\t\t<input type=\"hidden\" name=\"post_id\" value=\"5116\"\/>\n\t\t\t<input type=\"hidden\" name=\"form_id\" value=\"6c9d6c76\"\/>\n\t\t\t<input type=\"hidden\" name=\"referer_title\" value=\"\" \/>\n\n\t\t\t\n\t\t\t<div class=\"elementor-form-fields-wrapper elementor-labels-above\">\n\t\t\t\t\t\t\t\t<div class=\"elementor-field-type-text elementor-field-group elementor-column elementor-field-group-jmeno elementor-col-100 elementor-field-required elementor-mark-required\">\n\t\t\t\t\t\t\t\t\t\t\t\t<label for=\"form-field-jmeno\" class=\"elementor-field-label\">\n\t\t\t\t\t\t\t\tEmpf\u00e4nger des Mini-Zuschusses\t\t\t\t\t\t\t<\/label>\n\t\t\t\t\t\t\t\t\t\t\t\t\t\t<input size=\"1\" type=\"text\" name=\"form_fields[jmeno]\" id=\"form-field-jmeno\" class=\"elementor-field elementor-size-sm  elementor-field-textual\" placeholder=\"Vor- und Nachname, Geburtsdatum und Wohnsitz bei nat\u00fcrlichen Personen, Bezeichnung der Organisation, Registernummer und Sitz bei juristischen Personen  \" required=\"required\" aria-required=\"true\">\n\t\t\t\t\t\t\t\t\t\t\t<\/div>\n\t\t\t\t\t\t\t\t<div class=\"elementor-field-type-text elementor-field-group elementor-column elementor-field-group-field_8408e66 elementor-col-100 elementor-field-required elementor-mark-required\">\n\t\t\t\t\t\t\t\t\t\t\t\t<label for=\"form-field-field_8408e66\" class=\"elementor-field-label\">\n\t\t\t\t\t\t\t\tName der Veranstaltung\t\t\t\t\t\t\t<\/label>\n\t\t\t\t\t\t\t\t\t\t\t\t\t\t<input size=\"1\" type=\"text\" name=\"form_fields[field_8408e66]\" id=\"form-field-field_8408e66\" class=\"elementor-field elementor-size-sm  elementor-field-textual\" placeholder=\"  Name der Veranstaltung, f\u00fcr die Sie einen Beitrag beantragen\" required=\"required\" aria-required=\"true\">\n\t\t\t\t\t\t\t\t\t\t\t<\/div>\n\t\t\t\t\t\t\t\t<div class=\"elementor-field-type-text elementor-field-group elementor-column elementor-field-group-field_aa1aa1d elementor-col-100 elementor-field-required elementor-mark-required\">\n\t\t\t\t\t\t\t\t\t\t\t\t<label for=\"form-field-field_aa1aa1d\" class=\"elementor-field-label\">\n\t\t\t\t\t\t\t\tDatum der Veranstaltung\t\t\t\t\t\t\t<\/label>\n\t\t\t\t\t\t\t\t\t\t\t\t\t\t<input size=\"1\" type=\"text\" name=\"form_fields[field_aa1aa1d]\" id=\"form-field-field_aa1aa1d\" class=\"elementor-field elementor-size-sm  elementor-field-textual\" placeholder=\"  Datum der Veranstaltung, f\u00fcr die Sie einen Beitrag beantragen\" required=\"required\" aria-required=\"true\">\n\t\t\t\t\t\t\t\t\t\t\t<\/div>\n\t\t\t\t\t\t\t\t<div class=\"elementor-field-type-select elementor-field-group elementor-column elementor-field-group-field_ef720f7 elementor-col-100 elementor-field-required elementor-mark-required\">\n\t\t\t\t\t\t\t\t\t\t\t\t<label for=\"form-field-field_ef720f7\" class=\"elementor-field-label\">\n\t\t\t\t\t\t\t\tKategorie\t\t\t\t\t\t\t<\/label>\n\t\t\t\t\t\t\t\t<div class=\"elementor-field elementor-select-wrapper remove-before \">\n\t\t\t<div class=\"select-caret-down-wrapper\">\n\t\t\t\t<svg aria-hidden=\"true\" class=\"e-font-icon-svg e-eicon-caret-down\" viewBox=\"0 0 571.4 571.4\" xmlns=\"http:\/\/www.w3.org\/2000\/svg\"><path d=\"M571 393Q571 407 561 418L311 668Q300 679 286 679T261 668L11 418Q0 407 0 393T11 368 36 357H536Q550 357 561 368T571 393Z\"><\/path><\/svg>\t\t\t<\/div>\n\t\t\t<select name=\"form_fields[field_ef720f7]\" id=\"form-field-field_ef720f7\" class=\"elementor-field-textual elementor-size-sm\" required=\"required\" aria-required=\"true\">\n\t\t\t\t\t\t\t\t\t<option value=\"Gesunder K\u00f6rper\">Gesunder K\u00f6rper<\/option>\n\t\t\t\t\t\t\t\t\t<option value=\"Gesunder Menschenverstand\">Gesunder Menschenverstand<\/option>\n\t\t\t\t\t\t\t\t\t<option value=\"Gesunde Natur\">Gesunde Natur<\/option>\n\t\t\t\t\t\t\t<\/select>\n\t\t<\/div>\n\t\t\t\t\t\t<\/div>\n\t\t\t\t\t\t\t\t<div class=\"elementor-field-type-textarea elementor-field-group elementor-column elementor-field-group-field_0beaac6 elementor-col-100 elementor-field-required elementor-mark-required\">\n\t\t\t\t\t\t\t\t\t\t\t\t<label for=\"form-field-field_0beaac6\" class=\"elementor-field-label\">\n\t\t\t\t\t\t\t\tBeschreibung der Veranstaltung\t\t\t\t\t\t\t<\/label>\n\t\t\t\t\t\t<textarea class=\"elementor-field-textual elementor-field  elementor-size-sm\" name=\"form_fields[field_0beaac6]\" id=\"form-field-field_0beaac6\" rows=\"4\" placeholder=\"Beschreiben Sie kurz, worum es bei der Veranstaltung geht, und geben Sie grundlegende Informationen \u00fcber die Veranstaltung an: Datum, Uhrzeit und Ort; Veranstaltungsprogramm; wie wird die Veranstaltung angek\u00fcndigt; wer wird teilnehmen; wie viele Personen inkl. der Organisatoren und Zuschauer, die Sie planen.\" required=\"required\" aria-required=\"true\"><\/textarea>\t\t\t\t<\/div>\n\t\t\t\t\t\t\t\t<div class=\"elementor-field-type-textarea elementor-field-group elementor-column elementor-field-group-field_eace681 elementor-col-100 elementor-field-required elementor-mark-required\">\n\t\t\t\t\t\t\t\t\t\t\t\t<label for=\"form-field-field_eace681\" class=\"elementor-field-label\">\n\t\t\t\t\t\t\t\tNutzen der Veranstaltung\t\t\t\t\t\t\t<\/label>\n\t\t\t\t\t\t<textarea class=\"elementor-field-textual elementor-field  elementor-size-sm\" name=\"form_fields[field_eace681]\" id=\"form-field-field_eace681\" rows=\"4\" placeholder=\"Beschreiben Sie, wie die Veranstaltung der Bev\u00f6lkerung von \u00dast\u00ed nad Labem zugute kommen wird\" required=\"required\" aria-required=\"true\"><\/textarea>\t\t\t\t<\/div>\n\t\t\t\t\t\t\t\t<div class=\"elementor-field-type-textarea elementor-field-group elementor-column elementor-field-group-field_96fa58e elementor-col-100 elementor-field-required elementor-mark-required\">\n\t\t\t\t\t\t\t\t\t\t\t\t<label for=\"form-field-field_96fa58e\" class=\"elementor-field-label\">\n\t\t\t\t\t\t\t\tWof\u00fcr wird der Beitrag verwendet?\t\t\t\t\t\t\t<\/label>\n\t\t\t\t\t\t<textarea class=\"elementor-field-textual elementor-field  elementor-size-sm\" name=\"form_fields[field_96fa58e]\" id=\"form-field-field_96fa58e\" rows=\"4\" placeholder=\"Beschreiben Sie, wof\u00fcr der Minigrant verwendet werden soll.\" required=\"required\" aria-required=\"true\"><\/textarea>\t\t\t\t<\/div>\n\t\t\t\t\t\t\t\t<div class=\"elementor-field-type-select elementor-field-group elementor-column elementor-field-group-field_bd27638 elementor-col-100 elementor-field-required elementor-mark-required\">\n\t\t\t\t\t\t\t\t\t\t\t\t<label for=\"form-field-field_bd27638\" class=\"elementor-field-label\">\n\t\t\t\t\t\t\t\tBetrag (max. 10 000 CZK)\t\t\t\t\t\t\t<\/label>\n\t\t\t\t\t\t\t\t<div class=\"elementor-field elementor-select-wrapper remove-before \">\n\t\t\t<div class=\"select-caret-down-wrapper\">\n\t\t\t\t<svg aria-hidden=\"true\" class=\"e-font-icon-svg e-eicon-caret-down\" viewBox=\"0 0 571.4 571.4\" xmlns=\"http:\/\/www.w3.org\/2000\/svg\"><path d=\"M571 393Q571 407 561 418L311 668Q300 679 286 679T261 668L11 418Q0 407 0 393T11 368 36 357H536Q550 357 561 368T571 393Z\"><\/path><\/svg>\t\t\t<\/div>\n\t\t\t<select name=\"form_fields[field_bd27638]\" id=\"form-field-field_bd27638\" class=\"elementor-field-textual elementor-size-sm\" required=\"required\" aria-required=\"true\">\n\t\t\t\t\t\t\t\t\t<option value=\"1 000 CZK\">1 000 CZK<\/option>\n\t\t\t\t\t\t\t\t\t<option value=\"2 000 CZK\">2 000 CZK<\/option>\n\t\t\t\t\t\t\t\t\t<option value=\"3 000 CZK\">3 000 CZK<\/option>\n\t\t\t\t\t\t\t\t\t<option value=\"4 000 CZK\">4 000 CZK<\/option>\n\t\t\t\t\t\t\t\t\t<option value=\"5 000 CZK\">5 000 CZK<\/option>\n\t\t\t\t\t\t\t\t\t<option value=\"6 000 CZK\">6 000 CZK<\/option>\n\t\t\t\t\t\t\t\t\t<option value=\"7 000 CZK\">7 000 CZK<\/option>\n\t\t\t\t\t\t\t\t\t<option value=\"8 000 CZK\">8 000 CZK<\/option>\n\t\t\t\t\t\t\t\t\t<option value=\"9 000 CZK\">9 000 CZK<\/option>\n\t\t\t\t\t\t\t\t\t<option value=\"10 000 CZK\">10 000 CZK<\/option>\n\t\t\t\t\t\t\t<\/select>\n\t\t<\/div>\n\t\t\t\t\t\t<\/div>\n\t\t\t\t\t\t\t\t<div class=\"elementor-field-type-text elementor-field-group elementor-column elementor-field-group-field_73cf530 elementor-col-100\">\n\t\t\t\t\t\t\t\t\t\t\t\t<label for=\"form-field-field_73cf530\" class=\"elementor-field-label\">\n\t\t\t\t\t\t\t\tWebsite der Veranstaltung\t\t\t\t\t\t\t<\/label>\n\t\t\t\t\t\t\t\t\t\t\t\t\t\t<input size=\"1\" type=\"text\" name=\"form_fields[field_73cf530]\" id=\"form-field-field_73cf530\" class=\"elementor-field elementor-size-sm  elementor-field-textual\" placeholder=\"Internetadresse der Website der Veranstaltung, falls vorhanden\">\n\t\t\t\t\t\t\t\t\t\t\t<\/div>\n\t\t\t\t\t\t\t\t<div class=\"elementor-field-type-text elementor-field-group elementor-column elementor-field-group-field_9e4f4c9 elementor-col-100 elementor-field-required elementor-mark-required\">\n\t\t\t\t\t\t\t\t\t\t\t\t<label for=\"form-field-field_9e4f4c9\" class=\"elementor-field-label\">\n\t\t\t\t\t\t\t\tAntragsteller  \t\t\t\t\t\t\t<\/label>\n\t\t\t\t\t\t\t\t\t\t\t\t\t\t<input size=\"1\" type=\"text\" name=\"form_fields[field_9e4f4c9]\" id=\"form-field-field_9e4f4c9\" class=\"elementor-field elementor-size-sm  elementor-field-textual\" placeholder=\"Vor- und Nachname oder Name des Antragstellers  \" required=\"required\" aria-required=\"true\">\n\t\t\t\t\t\t\t\t\t\t\t<\/div>\n\t\t\t\t\t\t\t\t<div class=\"elementor-field-type-select elementor-field-group elementor-column elementor-field-group-field_c5351c5 elementor-col-100 elementor-field-required elementor-mark-required\">\n\t\t\t\t\t\t\t\t\t\t\t\t<label for=\"form-field-field_c5351c5\" class=\"elementor-field-label\">\n\t\t\t\t\t\t\t\tBesch\u00e4ftigt in Spolchemia\t\t\t\t\t\t\t<\/label>\n\t\t\t\t\t\t\t\t<div class=\"elementor-field elementor-select-wrapper remove-before \">\n\t\t\t<div class=\"select-caret-down-wrapper\">\n\t\t\t\t<svg aria-hidden=\"true\" class=\"e-font-icon-svg e-eicon-caret-down\" viewBox=\"0 0 571.4 571.4\" xmlns=\"http:\/\/www.w3.org\/2000\/svg\"><path d=\"M571 393Q571 407 561 418L311 668Q300 679 286 679T261 668L11 418Q0 407 0 393T11 368 36 357H536Q550 357 561 368T571 393Z\"><\/path><\/svg>\t\t\t<\/div>\n\t\t\t<select name=\"form_fields[field_c5351c5]\" id=\"form-field-field_c5351c5\" class=\"elementor-field-textual elementor-size-sm\" required=\"required\" aria-required=\"true\">\n\t\t\t\t\t\t\t\t\t<option value=\"Ja\">Ja<\/option>\n\t\t\t\t\t\t\t\t\t<option value=\"Nein\">Nein<\/option>\n\t\t\t\t\t\t\t<\/select>\n\t\t<\/div>\n\t\t\t\t\t\t<\/div>\n\t\t\t\t\t\t\t\t<div class=\"elementor-field-type-email elementor-field-group elementor-column elementor-field-group-email elementor-col-100 elementor-field-required elementor-mark-required\">\n\t\t\t\t\t\t\t\t\t\t\t\t<label for=\"form-field-email\" class=\"elementor-field-label\">\n\t\t\t\t\t\t\t\tE-Mail\t\t\t\t\t\t\t<\/label>\n\t\t\t\t\t\t\t\t\t\t\t\t\t\t<input size=\"1\" type=\"email\" name=\"form_fields[email]\" id=\"form-field-email\" class=\"elementor-field elementor-size-sm  elementor-field-textual\" required=\"required\" aria-required=\"true\">\n\t\t\t\t\t\t\t\t\t\t\t<\/div>\n\t\t\t\t\t\t\t\t<div class=\"elementor-field-type-tel elementor-field-group elementor-column elementor-field-group-telefon elementor-col-100 elementor-field-required elementor-mark-required\">\n\t\t\t\t\t\t\t\t\t\t\t\t<label for=\"form-field-telefon\" class=\"elementor-field-label\">\n\t\t\t\t\t\t\t\tTelefon\t\t\t\t\t\t\t<\/label>\n\t\t\t\t\t\t\t\t<input size=\"1\" type=\"tel\" name=\"form_fields[telefon]\" id=\"form-field-telefon\" class=\"elementor-field elementor-size-sm  elementor-field-textual\" required=\"required\" aria-required=\"true\" pattern=\"[0-9()#&amp;+*-=.]+\" title=\"Nur Nummern oder Telefon-Zeichen (#, -, *, etc) werden akzeptiert.\">\n\n\t\t\t\t\t\t<\/div>\n\t\t\t\t\t\t\t\t<div class=\"elementor-field-type-textarea elementor-field-group elementor-column elementor-field-group-field_de80030 elementor-col-100 elementor-field-required elementor-mark-required\">\n\t\t\t\t\t\t\t\t\t\t\t\t<label for=\"form-field-field_de80030\" class=\"elementor-field-label\">\n\t\t\t\t\t\t\t\tAdresse\t\t\t\t\t\t\t<\/label>\n\t\t\t\t\t\t<textarea class=\"elementor-field-textual elementor-field  elementor-size-sm\" name=\"form_fields[field_de80030]\" id=\"form-field-field_de80030\" rows=\"4\" placeholder=\"Kontaktadresse des Antragstellers\" required=\"required\" aria-required=\"true\"><\/textarea>\t\t\t\t<\/div>\n\t\t\t\t\t\t\t\t<div class=\"elementor-field-type-upload elementor-field-group elementor-column elementor-field-group-dokument elementor-col-100\">\n\t\t\t\t\t\t\t\t\t\t\t\t<label for=\"form-field-dokument\" class=\"elementor-field-label\">\n\t\t\t\t\t\t\t\tDatei im PDF- oder ZIP-Format\t\t\t\t\t\t\t<\/label>\n\t\t\t\t\t\t\t\t<input type=\"file\" name=\"form_fields[dokument]\" id=\"form-field-dokument\" class=\"elementor-field elementor-size-sm  elementor-upload-field\">\n\n\t\t\t\t\t\t<\/div>\n\t\t\t\t\t\t\t\t<div class=\"elementor-field-type-acceptance elementor-field-group elementor-column elementor-field-group-GDPR elementor-col-100 elementor-field-required elementor-mark-required\">\n\t\t\t\t\t\t\t<div class=\"elementor-field-subgroup\">\n\t\t\t<span class=\"elementor-field-option\">\n\t\t\t\t<input type=\"checkbox\" name=\"form_fields[GDPR]\" id=\"form-field-GDPR\" class=\"elementor-field elementor-size-sm  elementor-acceptance-field\" required=\"required\" aria-required=\"true\">\n\t\t\t\t<label for=\"form-field-GDPR\">Indem ich dieses K\u00e4stchen ankreuze, stimme ich der Verarbeitung der personenbezogenen Daten, die ich in diesem Formular ausgef\u00fcllt habe, gem\u00e4\u00df der Verordnung (EU) 2016\/679 des Europ\u00e4ischen Parlaments und des Rates vom 27. April 2016 zum Schutz nat\u00fcrlicher Personen bei der Verarbeitung personenbezogener Daten.<\/label>\t\t\t<\/span>\n\t\t<\/div>\n\t\t\t\t\t\t<\/div>\n\t\t\t\t\t\t\t\t<div class=\"elementor-field-type-hidden elementor-field-group elementor-column elementor-field-group-profese elementor-col-100\">\n\t\t\t\t\t\t\t\t\t\t\t\t\t<input size=\"1\" type=\"hidden\" name=\"form_fields[profese]\" id=\"form-field-profese\" class=\"elementor-field elementor-size-sm  elementor-field-textual\">\n\t\t\t\t\t\t\t\t\t\t\t<\/div>\n\t\t\t\t\t\t\t\t<div class=\"elementor-field-type-hidden elementor-field-group elementor-column elementor-field-group-pozice elementor-col-100\">\n\t\t\t\t\t\t\t\t\t\t\t\t\t<input size=\"1\" type=\"hidden\" name=\"form_fields[pozice]\" id=\"form-field-pozice\" class=\"elementor-field elementor-size-sm  elementor-field-textual\">\n\t\t\t\t\t\t\t\t\t\t\t<\/div>\n\t\t\t\t\t\t\t\t<div class=\"elementor-field-group elementor-column elementor-field-type-submit elementor-col-100 e-form__buttons\">\n\t\t\t\t\t<button class=\"elementor-button elementor-size-md\" type=\"submit\">\n\t\t\t\t\t\t<span class=\"elementor-button-content-wrapper\">\n\t\t\t\t\t\t\t\t\t\t\t\t\t\t\t\t\t\t\t\t\t\t<span class=\"elementor-button-text\">SUBMIT<\/span>\n\t\t\t\t\t\t\t\t\t\t\t\t\t<\/span>\n\t\t\t\t\t<\/button>\n\t\t\t\t<\/div>\n\t\t\t<\/div>\n\t\t<\/form>\n\t\t\t\t\t\t<\/div>\n\t\t\t\t<\/div>\n\t\t\t\t\t<\/div>\n\t\t\t\t<\/div>\n\t\t\t\t\t<\/div>\n\t\t\t\t<\/div>\n\t\t\t\t<\/div>\n\t\t","protected":false},"excerpt":{"rendered":"<p>\u00davodn\u00ed Beantragung der finanziellen Unterst\u00fctzung Um Ihre Veranstaltung in das Projekt aufzunehmen, f\u00fcllen Sie bitte das Anmeldeformular auf dieser Seite aus. Mit der Einreichung Ihrer Bewerbung best\u00e4tigen Sie auch Ihr Einverst\u00e4ndnis mit den Projektregeln und Ihre Zustimmung zur der Verarbeitung der personenbezogenen Daten . Bedingungen f\u00fcr die Aufnahme der Aktion: die Veranstaltung muss in der [&hellip;]<\/p>\n","protected":false},"author":1,"featured_media":0,"parent":5138,"menu_order":0,"comment_status":"closed","ping_status":"closed","template":"","meta":{"_acf_changed":false,"_seopress_robots_primary_cat":"","_seopress_titles_title":"","_seopress_titles_desc":"","_seopress_robots_index":"","footnotes":"","_links_to":"","_links_to_target":""},"class_list":["post-5116","page","type-page","status-publish","hentry"],"acf":[],"_links":{"self":[{"href":"https:\/\/www.spolchemie.cz\/de\/wp-json\/wp\/v2\/pages\/5116","targetHints":{"allow":["GET"]}}],"collection":[{"href":"https:\/\/www.spolchemie.cz\/de\/wp-json\/wp\/v2\/pages"}],"about":[{"href":"https:\/\/www.spolchemie.cz\/de\/wp-json\/wp\/v2\/types\/page"}],"author":[{"embeddable":true,"href":"https:\/\/www.spolchemie.cz\/de\/wp-json\/wp\/v2\/users\/1"}],"replies":[{"embeddable":true,"href":"https:\/\/www.spolchemie.cz\/de\/wp-json\/wp\/v2\/comments?post=5116"}],"version-history":[{"count":1,"href":"https:\/\/www.spolchemie.cz\/de\/wp-json\/wp\/v2\/pages\/5116\/revisions"}],"predecessor-version":[{"id":5124,"href":"https:\/\/www.spolchemie.cz\/de\/wp-json\/wp\/v2\/pages\/5116\/revisions\/5124"}],"up":[{"embeddable":true,"href":"https:\/\/www.spolchemie.cz\/de\/wp-json\/wp\/v2\/pages\/5138"}],"wp:attachment":[{"href":"https:\/\/www.spolchemie.cz\/de\/wp-json\/wp\/v2\/media?parent=5116"}],"curies":[{"name":"wp","href":"https:\/\/api.w.org\/{rel}","templated":true}]}}