{"id":5127,"date":"2023-07-10T20:00:49","date_gmt":"2023-07-10T18:00:49","guid":{"rendered":"https:\/\/www.spolchemie.cz\/forschung-und-innovation\/"},"modified":"2025-12-16T17:35:30","modified_gmt":"2025-12-16T16:35:30","slug":"forschung-und-innovation","status":"publish","type":"page","link":"https:\/\/www.spolchemie.cz\/de\/ueber-uns\/forschung-und-innovation\/","title":{"rendered":"Forschung und Innovation"},"content":{"rendered":"\t\t<div data-elementor-type=\"wp-page\" data-elementor-id=\"5127\" class=\"elementor elementor-5127 elementor-2327\" data-elementor-post-type=\"page\">\n\t\t\t\t<div data-dce-background-image-url=\"https:\/\/www.spolchemie.cz\/wp-content\/uploads\/2023\/03\/show-image-9.jpg\" class=\"elementor-element elementor-element-4ee691ee e-con-full e-flex e-con e-parent\" data-id=\"4ee691ee\" data-element_type=\"container\" data-settings=\"{&quot;background_background&quot;:&quot;classic&quot;}\">\n\t\t\t\t<\/div>\n\t\t<div class=\"elementor-element elementor-element-343e52f9 e-flex e-con-boxed e-con e-parent\" data-id=\"343e52f9\" data-element_type=\"container\" data-settings=\"{&quot;background_background&quot;:&quot;classic&quot;}\">\n\t\t\t\t\t<div class=\"e-con-inner\">\n\t\t<div class=\"elementor-element elementor-element-73100f4e e-flex e-con-boxed e-con e-child\" data-id=\"73100f4e\" data-element_type=\"container\">\n\t\t\t\t\t<div class=\"e-con-inner\">\n\t\t\t\t<div class=\"elementor-element elementor-element-4179e50a elementor-widget elementor-widget-sp-breadcrumbs\" data-id=\"4179e50a\" data-element_type=\"widget\" data-widget_type=\"sp-breadcrumbs.default\">\n\t\t\t\t<div class=\"elementor-widget-container\">\n\t\t\t\t\t<nav  aria-label=\"breadcrumb\"><ol class=\"breadcrumb\" itemscope itemtype=\"https:\/\/schema.org\/BreadcrumbList\"><li class=\"breadcrumb-item active\" aria-current=\"page\" itemprop=\"itemListElement\" itemscope itemtype=\"https:\/\/schema.org\/ListItem\"><span itemprop=\"name\">Spolchemie<\/span><meta itemprop=\"position\" content=\"1\"><\/li><\/ol><\/nav>\t\t\t\t<\/div>\n\t\t\t\t<\/div>\n\t\t\t\t<div class=\"elementor-element elementor-element-16d6be4a elementor-widget elementor-widget-heading\" data-id=\"16d6be4a\" data-element_type=\"widget\" data-widget_type=\"heading.default\">\n\t\t\t\t\t<h1 class=\"elementor-heading-title elementor-size-default\">Forschung und Innovation<\/h1>\t\t\t\t<\/div>\n\t\t\t\t\t<\/div>\n\t\t\t\t<\/div>\n\t\t\t\t\t<\/div>\n\t\t\t\t<\/div>\n\t\t<div class=\"elementor-element elementor-element-1bf9a8aa e-flex e-con-boxed e-con e-parent\" data-id=\"1bf9a8aa\" data-element_type=\"container\" data-settings=\"{&quot;background_background&quot;:&quot;gradient&quot;}\">\n\t\t\t\t\t<div class=\"e-con-inner\">\n\t\t<div class=\"elementor-element elementor-element-52a1e05b e-flex e-con-boxed e-con e-child\" data-id=\"52a1e05b\" data-element_type=\"container\">\n\t\t\t\t\t<div class=\"e-con-inner\">\n\t\t\t\t<div class=\"elementor-element elementor-element-39f173be elementor-widget elementor-widget-heading\" data-id=\"39f173be\" data-element_type=\"widget\" data-widget_type=\"heading.default\">\n\t\t\t\t\t<h2 class=\"elementor-heading-title elementor-size-default\">Bereiche der Forschung und Entwicklung<\/h2>\t\t\t\t<\/div>\n\t\t\t\t<div class=\"elementor-element elementor-element-3ab9e762 elementor-widget elementor-widget-text-editor\" data-id=\"3ab9e762\" data-element_type=\"widget\" data-widget_type=\"text-editor.default\">\n\t\t\t\t\t\t\t\t\t<p>Innovation ist f\u00fcr uns eine Selbstverst\u00e4ndlichkeit, wir entwickeln neue L\u00f6sungen f\u00fcr unsere Kunden und optimieren unsere technologischen Prozesse.<\/p>\n\t\t\t\t\t\t\t\t<\/div>\n\t\t\t\t\t<\/div>\n\t\t\t\t<\/div>\n\t\t<div class=\"elementor-element elementor-element-5f16d71 e-flex e-con-boxed e-con e-child\" data-id=\"5f16d71\" data-element_type=\"container\" id=\"add-mask\">\n\t\t\t\t\t<div class=\"e-con-inner\">\n\t\t\t\t<div class=\"elementor-element elementor-element-56056699 elementor-widget elementor-widget-image\" data-id=\"56056699\" data-element_type=\"widget\" data-widget_type=\"image.default\">\n\t\t\t\t\t\t\t\t\t\t\t\t\t\t\t<img fetchpriority=\"high\" decoding=\"async\" width=\"800\" height=\"447\" src=\"https:\/\/www.spolchemie.cz\/wp-content\/uploads\/2023\/07\/vyzkum-1.jpeg\" class=\"attachment-large size-large wp-image-4239\" alt=\"\" srcset=\"https:\/\/www.spolchemie.cz\/wp-content\/uploads\/2023\/07\/vyzkum-1.jpeg 999w, https:\/\/www.spolchemie.cz\/wp-content\/uploads\/2023\/07\/vyzkum-1-300x168.jpeg 300w, https:\/\/www.spolchemie.cz\/wp-content\/uploads\/2023\/07\/vyzkum-1-768x429.jpeg 768w\" sizes=\"(max-width: 800px) 100vw, 800px\" \/>\t\t\t\t\t\t\t\t\t\t\t\t\t\t\t<\/div>\n\t\t\t\t\t<\/div>\n\t\t\t\t<\/div>\n\t\t\t\t\t<\/div>\n\t\t\t\t<\/div>\n\t\t<div class=\"elementor-element elementor-element-b3cb3da e-flex e-con-boxed e-con e-parent\" data-id=\"b3cb3da\" data-element_type=\"container\" data-settings=\"{&quot;background_background&quot;:&quot;classic&quot;}\">\n\t\t\t\t\t<div class=\"e-con-inner\">\n\t\t<div class=\"elementor-element elementor-element-e112b66 e-flex e-con-boxed e-con e-child\" data-id=\"e112b66\" data-element_type=\"container\">\n\t\t\t\t\t<div class=\"e-con-inner\">\n\t\t\t\t<div class=\"elementor-element elementor-element-ea85d66 elementor-widget__width-initial elementor-widget elementor-widget-text-editor\" data-id=\"ea85d66\" data-element_type=\"widget\" data-widget_type=\"text-editor.default\">\n\t\t\t\t\t\t\t\t\t<h2>Die Forschung findet in drei FuE-Zentren statt<\/h2>\n<ul>\n<li><strong>Forschung auf dem Gebiet der Anorganik <\/strong>(\u00dast\u00ed nad Labem) &#8211; weitere Informationen: <a href=\"mailto:inorganics@spolchemie.cz\">inorganics@spolchemie.cz<\/a><\/li>\n<li><strong>Forschung und technischer Dienst auf dem Gebiet der Kunstharze<\/strong> (\u00dast\u00ed nad Labem) &#8211; weitere Informationen: <a href=\"mailto:resins@spolchemie.cz\">resins@spolchemie.cz<\/a><\/li>\n<li><strong>Forschung und akkreditierte Laboratorien<\/strong> <strong><br \/>\n  <a href=\"http:\/\/www.synpo.cz\/\">SYNPO Pardubice<\/a><br \/>\n<\/strong><\/li>\n<\/ul>\n\t\t\t\t\t\t\t\t<\/div>\n\t\t\t\t\t<\/div>\n\t\t\t\t<\/div>\n\t\t\t\t\t<\/div>\n\t\t\t\t<\/div>\n\t\t<div class=\"elementor-element elementor-element-50106ab4 e-flex e-con-boxed e-con e-parent\" data-id=\"50106ab4\" data-element_type=\"container\" data-settings=\"{&quot;background_background&quot;:&quot;gradient&quot;}\">\n\t\t\t\t\t<div class=\"e-con-inner\">\n\t\t<div class=\"elementor-element elementor-element-235cb553 e-flex e-con-boxed e-con e-child\" data-id=\"235cb553\" data-element_type=\"container\">\n\t\t\t\t\t<div class=\"e-con-inner\">\n\t\t\t\t<div class=\"elementor-element elementor-element-17c4f0d1 elementor-widget elementor-widget-heading\" data-id=\"17c4f0d1\" data-element_type=\"widget\" data-widget_type=\"heading.default\">\n\t\t\t\t\t<h2 class=\"elementor-heading-title elementor-size-default\">150 Experten in Forschung und Entwicklung<\/h2>\t\t\t\t<\/div>\n\t\t\t\t<div class=\"elementor-element elementor-element-73f16f20 elementor-widget elementor-widget-text-editor\" data-id=\"73f16f20\" data-element_type=\"widget\" data-widget_type=\"text-editor.default\">\n\t\t\t\t\t\t\t\t\t<p>Unsere Experten aus drei Forschungsteams arbeiten gemeinsam an der Entwicklung <strong>innovativer L\u00f6sungen <\/strong>, die den neuesten Markttrends und Kundenanforderungen entsprechen. Wir verfolgen Umwelttrends und gesetzliche Anforderungen. Wir besch\u00e4ftigen uns mit angewandter und experimenteller Entwicklung.<\/p>\n\t\t\t\t\t\t\t\t<\/div>\n\t\t\t\t\t<\/div>\n\t\t\t\t<\/div>\n\t\t<div class=\"elementor-element elementor-element-103f5720 e-flex e-con-boxed e-con e-child\" data-id=\"103f5720\" data-element_type=\"container\">\n\t\t\t\t\t<div class=\"e-con-inner\">\n\t\t\t\t<div class=\"elementor-element elementor-element-2a82f4cd elementor-widget elementor-widget-image\" data-id=\"2a82f4cd\" data-element_type=\"widget\" id=\"add-mask-left\" data-widget_type=\"image.default\">\n\t\t\t\t\t\t\t\t\t\t\t\t\t\t\t<img decoding=\"async\" width=\"800\" height=\"447\" src=\"https:\/\/www.spolchemie.cz\/wp-content\/uploads\/2023\/07\/vyzkum-2.jpeg\" class=\"attachment-large size-large wp-image-4241\" alt=\"\" srcset=\"https:\/\/www.spolchemie.cz\/wp-content\/uploads\/2023\/07\/vyzkum-2.jpeg 999w, https:\/\/www.spolchemie.cz\/wp-content\/uploads\/2023\/07\/vyzkum-2-300x168.jpeg 300w, https:\/\/www.spolchemie.cz\/wp-content\/uploads\/2023\/07\/vyzkum-2-768x429.jpeg 768w\" sizes=\"(max-width: 800px) 100vw, 800px\" \/>\t\t\t\t\t\t\t\t\t\t\t\t\t\t\t<\/div>\n\t\t\t\t\t<\/div>\n\t\t\t\t<\/div>\n\t\t\t\t\t<\/div>\n\t\t\t\t<\/div>\n\t\t<div class=\"elementor-element elementor-element-8e31ed2 e-flex e-con-boxed e-con e-parent\" data-id=\"8e31ed2\" data-element_type=\"container\" data-settings=\"{&quot;background_background&quot;:&quot;classic&quot;}\">\n\t\t\t\t\t<div class=\"e-con-inner\">\n\t\t<div class=\"elementor-element elementor-element-7bbd809 e-flex e-con-boxed e-con e-child\" data-id=\"7bbd809\" data-element_type=\"container\">\n\t\t\t\t\t<div class=\"e-con-inner\">\n\t\t\t\t<div class=\"elementor-element elementor-element-d74c544 elementor-widget__width-initial elementor-widget elementor-widget-text-editor\" data-id=\"d74c544\" data-element_type=\"widget\" data-widget_type=\"text-editor.default\">\n\t\t\t\t\t\t\t\t\t<h2>Mehr als 120 Patente und zahlreiche aktive Anmeldungen<\/h2><p>Die angewandte Forschung konzentriert sich zum Beispiel auf den Ersatz von Bisphenolen, die Entwicklung von Halogenflammschutzmitteln in Epoxidharzen oder die Erh\u00f6hung des Anteils umweltfreundlicher und erneuerbarer Quellen. SPOLCHEMIE verf\u00fcgt \u00fcber mehr als 70 g\u00fcltige Patente und eine Reihe von aktiven Patentanmeldungen.<\/p>\t\t\t\t\t\t\t\t<\/div>\n\t\t\t\t\t<\/div>\n\t\t\t\t<\/div>\n\t\t\t\t\t<\/div>\n\t\t\t\t<\/div>\n\t\t<div class=\"elementor-element elementor-element-e8a8139 e-flex e-con-boxed e-con e-parent\" data-id=\"e8a8139\" data-element_type=\"container\" data-settings=\"{&quot;background_background&quot;:&quot;gradient&quot;}\">\n\t\t\t\t\t<div class=\"e-con-inner\">\n\t\t<div class=\"elementor-element elementor-element-faa97dc e-flex e-con-boxed e-con e-child\" data-id=\"faa97dc\" data-element_type=\"container\">\n\t\t\t\t\t<div class=\"e-con-inner\">\n\t\t\t\t<div class=\"elementor-element elementor-element-f93be7d elementor-widget elementor-widget-heading\" data-id=\"f93be7d\" data-element_type=\"widget\" data-widget_type=\"heading.default\">\n\t\t\t\t\t<h2 class=\"elementor-heading-title elementor-size-default\">SYNPO Forschungszentrum<\/h2>\t\t\t\t<\/div>\n\t\t\t\t<div class=\"elementor-element elementor-element-3d03fc7 elementor-widget elementor-widget-text-editor\" data-id=\"3d03fc7\" data-element_type=\"widget\" data-widget_type=\"text-editor.default\">\n\t\t\t\t\t\t\t\t\t<p>Unser modernes Forschungszentrum <strong><a href=\"https:\/\/www.synpo.cz\/\">SYNPO Pardubice<\/a> <\/strong>befasst sich seit \u00fcber 70 Jahren mit der Forschung und Entwicklung von Kunstharzen. Es hat mehr als 120 Mitarbeiter und ist ein akkreditiertes Labor.  <\/p>\n\t\t\t\t\t\t\t\t<\/div>\n\t\t\t\t\t<\/div>\n\t\t\t\t<\/div>\n\t\t<div class=\"elementor-element elementor-element-4a5b0f1 e-flex e-con-boxed e-con e-child\" data-id=\"4a5b0f1\" data-element_type=\"container\">\n\t\t\t\t\t<div class=\"e-con-inner\">\n\t\t\t\t<div class=\"elementor-element elementor-element-90b2cfc elementor-widget elementor-widget-image\" data-id=\"90b2cfc\" data-element_type=\"widget\" data-widget_type=\"image.default\">\n\t\t\t\t\t\t\t\t\t\t\t\t\t\t\t<img decoding=\"async\" width=\"800\" height=\"800\" src=\"https:\/\/www.spolchemie.cz\/wp-content\/uploads\/2023\/07\/vyzkum-synpo-1024x1024.png\" class=\"attachment-large size-large wp-image-4243\" alt=\"\" srcset=\"https:\/\/www.spolchemie.cz\/wp-content\/uploads\/2023\/07\/vyzkum-synpo-1024x1024.png 1024w, https:\/\/www.spolchemie.cz\/wp-content\/uploads\/2023\/07\/vyzkum-synpo-300x300.png 300w, https:\/\/www.spolchemie.cz\/wp-content\/uploads\/2023\/07\/vyzkum-synpo-150x150.png 150w, https:\/\/www.spolchemie.cz\/wp-content\/uploads\/2023\/07\/vyzkum-synpo-768x768.png 768w, https:\/\/www.spolchemie.cz\/wp-content\/uploads\/2023\/07\/vyzkum-synpo-1536x1536.png 1536w, https:\/\/www.spolchemie.cz\/wp-content\/uploads\/2023\/07\/vyzkum-synpo.png 1600w\" sizes=\"(max-width: 800px) 100vw, 800px\" \/>\t\t\t\t\t\t\t\t\t\t\t\t\t\t\t<\/div>\n\t\t\t\t\t<\/div>\n\t\t\t\t<\/div>\n\t\t\t\t\t<\/div>\n\t\t\t\t<\/div>\n\t\t<div class=\"elementor-element elementor-element-903a87c e-flex e-con-boxed e-con e-parent\" data-id=\"903a87c\" data-element_type=\"container\" data-settings=\"{&quot;background_background&quot;:&quot;classic&quot;}\">\n\t\t\t\t\t<div class=\"e-con-inner\">\n\t\t<div class=\"elementor-element elementor-element-55c1198 e-flex e-con-boxed e-con e-child\" data-id=\"55c1198\" data-element_type=\"container\">\n\t\t\t\t\t<div class=\"e-con-inner\">\n\t\t\t\t<div class=\"elementor-element elementor-element-f20cca6 elementor-widget__width-initial elementor-widget elementor-widget-text-editor\" data-id=\"f20cca6\" data-element_type=\"widget\" data-widget_type=\"text-editor.default\">\n\t\t\t\t\t\t\t\t\t<h2>Unabh\u00e4ngige Zertifizierung und analytische Messungen<\/h2>\n<p>Unsere Tochtergesellschaft SYNPO verf\u00fcgt \u00fcber <a href=\"https:\/\/www.synpo.cz\/sluzby\/\">akkreditierte Laboratorien<\/a>, die unseren Kunden unabh\u00e4ngige Zertifizierungen und analytische Messungen anbieten. Im Rahmen der experimentellen Entwicklung bietet sie auch Einf\u00fchrungs-, Kleintonnage- oder Sonderproduktionen an. Sie f\u00fchrt auch unabh\u00e4ngige Forschungst\u00e4tigkeiten f\u00fcr Dritte durch. Alle Teams arbeiten an mehr als f\u00fcnfzig technischen Entwicklungsprojekten pro Jahr und k\u00f6nnen dabei flexibel auf spezifische Kundenanforderungen reagieren.<\/p>\n\t\t\t\t\t\t\t\t<\/div>\n\t\t\t\t\t<\/div>\n\t\t\t\t<\/div>\n\t\t\t\t\t<\/div>\n\t\t\t\t<\/div>\n\t\t<div data-dce-background-color=\"#FFFFFF\" class=\"elementor-element elementor-element-22fdd3e e-flex e-con-boxed e-con e-parent\" data-id=\"22fdd3e\" data-element_type=\"container\" data-settings=\"{&quot;background_background&quot;:&quot;gradient&quot;}\">\n\t\t\t\t\t<div class=\"e-con-inner\">\n\t\t<div class=\"elementor-element elementor-element-dd3a328 e-flex e-con-boxed e-con e-child\" data-id=\"dd3a328\" data-element_type=\"container\">\n\t\t\t\t\t<div class=\"e-con-inner\">\n\t\t\t\t<div class=\"elementor-element elementor-element-d5557b5 elementor-widget elementor-widget-heading\" data-id=\"d5557b5\" data-element_type=\"widget\" data-widget_type=\"heading.default\">\n\t\t\t\t\t<h2 class=\"elementor-heading-title elementor-size-default\">Haben Sie eine Frage oder sind Sie an einer Zusammenarbeit interessiert?<\/h2>\t\t\t\t<\/div>\n\t\t\t\t<div class=\"elementor-element elementor-element-662c446 elementor-widget elementor-widget-text-editor\" data-id=\"662c446\" data-element_type=\"widget\" data-widget_type=\"text-editor.default\">\n\t\t\t\t\t\t\t\t\t<p>Mit dem Absenden des Formulars erkl\u00e4ren Sie sich mit den <a href=\"https:\/\/www.spolchemie.cz\/gdpr_cs\/\">Bedingungen der Datenschutzrichtlinie<\/a> einverstanden und geben uns Ihr Einverst\u00e4ndnis zur Verarbeitung Ihrer personenbezogenen Daten.<\/p>\n\t\t\t\t\t\t\t\t<\/div>\n\t\t\t\t<div class=\"elementor-element elementor-element-bfbd9a1 elementor-button-align-end elementor-widget elementor-widget-form\" data-id=\"bfbd9a1\" data-element_type=\"widget\" data-settings=\"{&quot;step_next_label&quot;:&quot;Mehr lesen&quot;,&quot;step_previous_label&quot;:&quot;Vorherige von&quot;,&quot;button_width&quot;:&quot;100&quot;,&quot;step_type&quot;:&quot;number_text&quot;,&quot;step_icon_shape&quot;:&quot;circle&quot;}\" data-widget_type=\"form.default\">\n\t\t\t\t<div class=\"elementor-widget-container\">\n\t\t\t\t\t\t\t<form class=\"elementor-form\" method=\"post\" name=\"Formular Position\">\n\t\t\t<input type=\"hidden\" name=\"post_id\" value=\"5127\"\/>\n\t\t\t<input type=\"hidden\" name=\"form_id\" value=\"bfbd9a1\"\/>\n\t\t\t<input type=\"hidden\" name=\"referer_title\" value=\"\" \/>\n\n\t\t\t\n\t\t\t<div class=\"elementor-form-fields-wrapper elementor-labels-above\">\n\t\t\t\t\t\t\t\t<div class=\"elementor-field-type-text elementor-field-group elementor-column elementor-field-group-jmeno elementor-col-100 elementor-field-required elementor-mark-required\">\n\t\t\t\t\t\t\t\t\t\t\t\t<label for=\"form-field-jmeno\" class=\"elementor-field-label\">\n\t\t\t\t\t\t\t\tName des Unternehmens\t\t\t\t\t\t\t<\/label>\n\t\t\t\t\t\t\t\t\t\t\t\t\t\t<input size=\"1\" type=\"text\" name=\"form_fields[jmeno]\" id=\"form-field-jmeno\" class=\"elementor-field elementor-size-sm  elementor-field-textual\" required=\"required\" aria-required=\"true\">\n\t\t\t\t\t\t\t\t\t\t\t<\/div>\n\t\t\t\t\t\t\t\t<div class=\"elementor-field-type-text elementor-field-group elementor-column elementor-field-group-field_9e4f4c9 elementor-col-100 elementor-field-required elementor-mark-required\">\n\t\t\t\t\t\t\t\t\t\t\t\t<label for=\"form-field-field_9e4f4c9\" class=\"elementor-field-label\">\n\t\t\t\t\t\t\t\tKontaktperson\t\t\t\t\t\t\t<\/label>\n\t\t\t\t\t\t\t\t\t\t\t\t\t\t<input size=\"1\" type=\"text\" name=\"form_fields[field_9e4f4c9]\" id=\"form-field-field_9e4f4c9\" class=\"elementor-field elementor-size-sm  elementor-field-textual\" required=\"required\" aria-required=\"true\">\n\t\t\t\t\t\t\t\t\t\t\t<\/div>\n\t\t\t\t\t\t\t\t<div class=\"elementor-field-type-email elementor-field-group elementor-column elementor-field-group-email elementor-col-100 elementor-field-required elementor-mark-required\">\n\t\t\t\t\t\t\t\t\t\t\t\t<label for=\"form-field-email\" class=\"elementor-field-label\">\n\t\t\t\t\t\t\t\tE-Mail\t\t\t\t\t\t\t<\/label>\n\t\t\t\t\t\t\t\t\t\t\t\t\t\t<input size=\"1\" type=\"email\" name=\"form_fields[email]\" id=\"form-field-email\" class=\"elementor-field elementor-size-sm  elementor-field-textual\" required=\"required\" aria-required=\"true\">\n\t\t\t\t\t\t\t\t\t\t\t<\/div>\n\t\t\t\t\t\t\t\t<div class=\"elementor-field-type-tel elementor-field-group elementor-column elementor-field-group-telefon elementor-col-100 elementor-field-required elementor-mark-required\">\n\t\t\t\t\t\t\t\t\t\t\t\t<label for=\"form-field-telefon\" class=\"elementor-field-label\">\n\t\t\t\t\t\t\t\tTelefon\t\t\t\t\t\t\t<\/label>\n\t\t\t\t\t\t\t\t<input size=\"1\" type=\"tel\" name=\"form_fields[telefon]\" id=\"form-field-telefon\" class=\"elementor-field elementor-size-sm  elementor-field-textual\" required=\"required\" aria-required=\"true\" pattern=\"[0-9()#&amp;+*-=.]+\" title=\"Nur Nummern oder Telefon-Zeichen (#, -, *, etc) werden akzeptiert.\">\n\n\t\t\t\t\t\t<\/div>\n\t\t\t\t\t\t\t\t<div class=\"elementor-field-type-select elementor-field-group elementor-column elementor-field-group-field_7097175 elementor-col-100 elementor-field-required elementor-mark-required\">\n\t\t\t\t\t\t\t\t\t\t\t\t<label for=\"form-field-field_7097175\" class=\"elementor-field-label\">\n\t\t\t\t\t\t\t\tBereich von Interesse\t\t\t\t\t\t\t<\/label>\n\t\t\t\t\t\t\t\t<div class=\"elementor-field elementor-select-wrapper remove-before \">\n\t\t\t<div class=\"select-caret-down-wrapper\">\n\t\t\t\t<svg aria-hidden=\"true\" class=\"e-font-icon-svg e-eicon-caret-down\" viewBox=\"0 0 571.4 571.4\" xmlns=\"http:\/\/www.w3.org\/2000\/svg\"><path d=\"M571 393Q571 407 561 418L311 668Q300 679 286 679T261 668L11 418Q0 407 0 393T11 368 36 357H536Q550 357 561 368T571 393Z\"><\/path><\/svg>\t\t\t<\/div>\n\t\t\t<select name=\"form_fields[field_7097175]\" id=\"form-field-field_7097175\" class=\"elementor-field-textual elementor-size-sm\" required=\"required\" aria-required=\"true\">\n\t\t\t\t\t\t\t\t\t<option value=\"Individuelle Produktentwicklung\">Individuelle Produktentwicklung<\/option>\n\t\t\t\t\t\t\t\t\t<option value=\"Informationen \u00fcber bestehende Produkte\">Informationen \u00fcber bestehende Produkte<\/option>\n\t\t\t\t\t\t\t\t\t<option value=\"Interesse an Dienstleistungen\">Interesse an Dienstleistungen<\/option>\n\t\t\t\t\t\t\t\t\t<option value=\"Andere\">Andere<\/option>\n\t\t\t\t\t\t\t<\/select>\n\t\t<\/div>\n\t\t\t\t\t\t<\/div>\n\t\t\t\t\t\t\t\t<div class=\"elementor-field-type-textarea elementor-field-group elementor-column elementor-field-group-field_de80030 elementor-col-100 elementor-field-required elementor-mark-required\">\n\t\t\t\t\t\t\t\t\t\t\t\t<label for=\"form-field-field_de80030\" class=\"elementor-field-label\">\n\t\t\t\t\t\t\t\tBeschreibung der Anforderung\t\t\t\t\t\t\t<\/label>\n\t\t\t\t\t\t<textarea class=\"elementor-field-textual elementor-field  elementor-size-sm\" name=\"form_fields[field_de80030]\" id=\"form-field-field_de80030\" rows=\"4\" required=\"required\" aria-required=\"true\"><\/textarea>\t\t\t\t<\/div>\n\t\t\t\t\t\t\t\t<div class=\"elementor-field-type-acceptance elementor-field-group elementor-column elementor-field-group-GDPR elementor-col-100 elementor-field-required elementor-mark-required\">\n\t\t\t\t\t\t\t<div class=\"elementor-field-subgroup\">\n\t\t\t<span class=\"elementor-field-option\">\n\t\t\t\t<input type=\"checkbox\" name=\"form_fields[GDPR]\" id=\"form-field-GDPR\" class=\"elementor-field elementor-size-sm  elementor-acceptance-field\" required=\"required\" aria-required=\"true\">\n\t\t\t\t<label for=\"form-field-GDPR\">Indem ich dieses K\u00e4stchen ankreuze, stimme ich der Verarbeitung der personenbezogenen Daten, die ich in diesem Formular ausgef\u00fcllt habe, gem\u00e4\u00df der Verordnung (EU) 2016\/679 des Europ\u00e4ischen Parlaments und des Rates vom 27. April 2016 zum Schutz nat\u00fcrlicher Personen bei der Verarbeitung personenbezogener Daten.<\/label>\t\t\t<\/span>\n\t\t<\/div>\n\t\t\t\t\t\t<\/div>\n\t\t\t\t\t\t\t\t<div class=\"elementor-field-type-hidden elementor-field-group elementor-column elementor-field-group-profese elementor-col-100\">\n\t\t\t\t\t\t\t\t\t\t\t\t\t<input size=\"1\" type=\"hidden\" name=\"form_fields[profese]\" id=\"form-field-profese\" class=\"elementor-field elementor-size-sm  elementor-field-textual\">\n\t\t\t\t\t\t\t\t\t\t\t<\/div>\n\t\t\t\t\t\t\t\t<div class=\"elementor-field-type-hidden elementor-field-group elementor-column elementor-field-group-pozice elementor-col-100\">\n\t\t\t\t\t\t\t\t\t\t\t\t\t<input size=\"1\" type=\"hidden\" name=\"form_fields[pozice]\" id=\"form-field-pozice\" class=\"elementor-field elementor-size-sm  elementor-field-textual\">\n\t\t\t\t\t\t\t\t\t\t\t<\/div>\n\t\t\t\t\t\t\t\t<div class=\"elementor-field-type-recaptcha_v3 elementor-field-group elementor-column elementor-field-group-field_4099e24 elementor-col-100 recaptcha_v3-bottomright\">\n\t\t\t\t\t<div class=\"elementor-field\" id=\"form-field-field_4099e24\"><div class=\"elementor-g-recaptcha\" data-sitekey=\"6LeSli0sAAAAAHGKEhHWKW3jwZRsWnCZmxgchp77\" data-type=\"v3\" data-action=\"Form\" data-badge=\"bottomright\" data-size=\"invisible\"><\/div><\/div>\t\t\t\t<\/div>\n\t\t\t\t\t\t\t\t<div class=\"elementor-field-type-text\">\n\t\t\t\t\t<input size=\"1\" type=\"text\" name=\"form_fields[field_959f911]\" id=\"form-field-field_959f911\" class=\"elementor-field elementor-size-sm \" style=\"display:none !important;\">\t\t\t\t<\/div>\n\t\t\t\t\t\t\t\t<div class=\"elementor-field-group elementor-column elementor-field-type-submit elementor-col-100 e-form__buttons\">\n\t\t\t\t\t<button class=\"elementor-button elementor-size-md\" type=\"submit\">\n\t\t\t\t\t\t<span class=\"elementor-button-content-wrapper\">\n\t\t\t\t\t\t\t\t\t\t\t\t\t\t\t\t\t\t\t\t\t\t<span class=\"elementor-button-text\">SUBMIT<\/span>\n\t\t\t\t\t\t\t\t\t\t\t\t\t<\/span>\n\t\t\t\t\t<\/button>\n\t\t\t\t<\/div>\n\t\t\t<\/div>\n\t\t<\/form>\n\t\t\t\t\t\t<\/div>\n\t\t\t\t<\/div>\n\t\t\t\t\t<\/div>\n\t\t\t\t<\/div>\n\t\t\t\t\t<\/div>\n\t\t\t\t<\/div>\n\t\t\t\t<\/div>\n\t\t","protected":false},"excerpt":{"rendered":"<p>Spolchemie Bereiche der Forschung und Entwicklung Innovation ist f\u00fcr uns eine Selbstverst\u00e4ndlichkeit, wir entwickeln neue L\u00f6sungen f\u00fcr unsere Kunden und optimieren unsere technologischen Prozesse. Die Forschung findet in drei FuE-Zentren statt Forschung auf dem Gebiet der Anorganik (\u00dast\u00ed nad Labem) &#8211; weitere Informationen: inorganics@spolchemie.cz Forschung und technischer Dienst auf dem Gebiet der Kunstharze (\u00dast\u00ed nad [&hellip;]<\/p>\n","protected":false},"author":1,"featured_media":0,"parent":5162,"menu_order":0,"comment_status":"closed","ping_status":"closed","template":"","meta":{"_acf_changed":false,"_seopress_robots_primary_cat":"","_seopress_titles_title":"","_seopress_titles_desc":"","_seopress_robots_index":"","footnotes":"","_links_to":"","_links_to_target":""},"class_list":["post-5127","page","type-page","status-publish","hentry"],"acf":[],"_links":{"self":[{"href":"https:\/\/www.spolchemie.cz\/de\/wp-json\/wp\/v2\/pages\/5127","targetHints":{"allow":["GET"]}}],"collection":[{"href":"https:\/\/www.spolchemie.cz\/de\/wp-json\/wp\/v2\/pages"}],"about":[{"href":"https:\/\/www.spolchemie.cz\/de\/wp-json\/wp\/v2\/types\/page"}],"author":[{"embeddable":true,"href":"https:\/\/www.spolchemie.cz\/de\/wp-json\/wp\/v2\/users\/1"}],"replies":[{"embeddable":true,"href":"https:\/\/www.spolchemie.cz\/de\/wp-json\/wp\/v2\/comments?post=5127"}],"version-history":[{"count":7,"href":"https:\/\/www.spolchemie.cz\/de\/wp-json\/wp\/v2\/pages\/5127\/revisions"}],"predecessor-version":[{"id":109910,"href":"https:\/\/www.spolchemie.cz\/de\/wp-json\/wp\/v2\/pages\/5127\/revisions\/109910"}],"up":[{"embeddable":true,"href":"https:\/\/www.spolchemie.cz\/de\/wp-json\/wp\/v2\/pages\/5162"}],"wp:attachment":[{"href":"https:\/\/www.spolchemie.cz\/de\/wp-json\/wp\/v2\/media?parent=5127"}],"curies":[{"name":"wp","href":"https:\/\/api.w.org\/{rel}","templated":true}]}}