{"id":5138,"date":"2023-07-10T17:47:56","date_gmt":"2023-07-10T15:47:56","guid":{"rendered":"https:\/\/www.spolchemie.cz\/patenschaft\/"},"modified":"2023-08-06T19:50:48","modified_gmt":"2023-08-06T17:50:48","slug":"patenschaft","status":"publish","type":"page","link":"https:\/\/www.spolchemie.cz\/de\/verantwortliches-unternehmen\/patenschaft\/","title":{"rendered":"Patenschaft"},"content":{"rendered":"\t\t<div data-elementor-type=\"wp-page\" data-elementor-id=\"5138\" class=\"elementor elementor-5138 elementor-2309\" data-elementor-post-type=\"page\">\n\t\t\t\t<div data-dce-background-image-url=\"https:\/\/www.spolchemie.cz\/wp-content\/uploads\/2023\/07\/sponzor-1.png\" class=\"elementor-element elementor-element-5e0112c7 e-con-full e-flex e-con e-parent\" data-id=\"5e0112c7\" data-element_type=\"container\" data-settings=\"{&quot;background_background&quot;:&quot;classic&quot;}\">\n\t\t\t\t<\/div>\n\t\t<div class=\"elementor-element elementor-element-62a71a4a e-flex e-con-boxed e-con e-parent\" data-id=\"62a71a4a\" data-element_type=\"container\" data-settings=\"{&quot;background_background&quot;:&quot;classic&quot;}\">\n\t\t\t\t\t<div class=\"e-con-inner\">\n\t\t<div class=\"elementor-element elementor-element-3a35b12b e-flex e-con-boxed e-con e-parent\" data-id=\"3a35b12b\" data-element_type=\"container\">\n\t\t\t\t\t<div class=\"e-con-inner\">\n\t\t\t\t<div class=\"elementor-element elementor-element-1df5c8e3 elementor-widget elementor-widget-sp-breadcrumbs\" data-id=\"1df5c8e3\" data-element_type=\"widget\" data-widget_type=\"sp-breadcrumbs.default\">\n\t\t\t\t<div class=\"elementor-widget-container\">\n\t\t\t\t\t<nav  aria-label=\"breadcrumb\"><ol class=\"breadcrumb\" itemscope itemtype=\"https:\/\/schema.org\/BreadcrumbList\"><li class=\"breadcrumb-item active\" aria-current=\"page\" itemprop=\"itemListElement\" itemscope itemtype=\"https:\/\/schema.org\/ListItem\"><span itemprop=\"name\">Spolchemie<\/span><meta itemprop=\"position\" content=\"1\"><\/li><\/ol><\/nav>\t\t\t\t<\/div>\n\t\t\t\t<\/div>\n\t\t\t\t<div class=\"elementor-element elementor-element-38e123a7 elementor-widget elementor-widget-heading\" data-id=\"38e123a7\" data-element_type=\"widget\" data-widget_type=\"heading.default\">\n\t\t\t\t\t<h1 class=\"elementor-heading-title elementor-size-default\">Patenschaft<\/h1>\t\t\t\t<\/div>\n\t\t\t\t\t<\/div>\n\t\t\t\t<\/div>\n\t\t\t\t\t<\/div>\n\t\t\t\t<\/div>\n\t\t<div class=\"elementor-element elementor-element-498eb50d e-flex e-con-boxed e-con e-parent\" data-id=\"498eb50d\" data-element_type=\"container\" data-settings=\"{&quot;background_background&quot;:&quot;classic&quot;}\">\n\t\t\t\t\t<div class=\"e-con-inner\">\n\t\t<div class=\"elementor-element elementor-element-e4634f3 e-flex e-con-boxed e-con e-parent\" data-id=\"e4634f3\" data-element_type=\"container\">\n\t\t\t\t\t<div class=\"e-con-inner\">\n\t\t\t\t<div class=\"elementor-element elementor-element-5b8ba429 elementor-widget elementor-widget-heading\" data-id=\"5b8ba429\" data-element_type=\"widget\" data-widget_type=\"heading.default\">\n\t\t\t\t\t<div class=\"elementor-heading-title elementor-size-default\">MINIGRANTS VON SPOLCHEMIE: Organisieren Sie eine Veranstaltung oder planen Sie ein Projekt, das den Menschen in der Region \u00dast\u00ed nad Labem zugute kommt und sie unterst\u00fctzt?<\/div>\t\t\t\t<\/div>\n\t\t\t\t<div class=\"elementor-element elementor-element-386b5504 elementor-widget elementor-widget-text-editor\" data-id=\"386b5504\" data-element_type=\"widget\" data-widget_type=\"text-editor.default\">\n\t\t\t\t\t\t\t\t\t<div id=\"block_6999\" class=\"page_block individual_font_size_1 text_align_left vertical_align_top special_image_vertical_align_top block_template_100\">\n<article class=\"block_template_100\">\n<div class=\"html\">\n<p>Wenn Ihre T\u00e4tigkeit unter eine der folgenden Kategorien f\u00e4llt:<\/p>\n<ul>\n<li><strong>Gesunder K\u00f6rper<\/strong> (Kinder- und Amateursport, Gesundheitsaufenthalte, Seniorenaktivit\u00e4ten, Wandern usw.)<\/li>\n<li><strong>Bright mind<\/strong> (Bildung, kulturelle Aktivit\u00e4ten)<\/li>\n<li><strong>Saubere Natur<\/strong> (Umweltschutz)<\/li>\n<\/ul>\n<p>Sie k\u00f6nnen einen finanziellen Zuschuss zur Unterst\u00fctzung Ihrer Veranstaltung bei SPOLCHEMIE (Spolek pro chemickou a hutn\u00ed v\u00fdrobu, akciov\u00e1 spole\u010dnost) beantragen, indem Sie das Formular auf unserer Website verwenden. Ein Ausschuss, der sich aus Vertretern von SPOLCHEMIE zusammensetzt, entscheidet \u00fcber die Unterst\u00fctzung Ihrer Veranstaltung.<\/p>\n<p><strong>Die H\u00f6he Ihres Beitrags kann bis zu 10.000 CZK pro Veranstaltung betragen.<\/strong><\/p>\n<\/div>\n<\/article>\n<\/div>\n<div id=\"block_6961\" class=\"page_block individual_font_size_1 text_align_left vertical_align_top special_image_vertical_align_top block_template_901\">\n<article class=\"block_template_901\">\n<div class=\"html\">\n<section class=\"subpages-list\">\n<ul>\n<li><span style=\"text-decoration: underline;\"><a class=\"\" href=\"https:\/\/www.spolchemie.cz\/de\/wie-man-sich-bewirbt\/\">Wie man sich bewirbt<\/a><\/span><\/li>\n<li><span style=\"text-decoration: underline;\"><a class=\"\" href=\"https:\/\/www.spolchemie.cz\/de\/regeln-der-veranstaltung\/\">Regeln der Veranstaltung<\/a><\/span><\/li>\n<li><span style=\"text-decoration: underline;\"><a class=\"\" href=\"https:\/\/www.spolchemie.cz\/de\/termine-und-provisionen\/\">Termine und Provisionen<\/a><\/span><\/li>\n<li><span style=\"text-decoration: underline;\"><a class=\"\" href=\"https:\/\/www.spolchemie.cz\/de\/ueberblick-ueber-die-anwendungen\/\">\u00dcberblick \u00fcber die Anwendungen<\/a><\/span><\/li>\n<\/ul>\n<\/section>\n<\/div>\n<\/article>\n<\/div>\n\t\t\t\t\t\t\t\t<\/div>\n\t\t\t\t\t<\/div>\n\t\t\t\t<\/div>\n\t\t\t\t\t<\/div>\n\t\t\t\t<\/div>\n\t\t\t\t<\/div>\n\t\t","protected":false},"excerpt":{"rendered":"<p>\u00davodn\u00ed MINIGRANTS VON SPOLCHEMIE: Organisieren Sie eine Veranstaltung oder planen Sie ein Projekt, das den Menschen in der Region \u00dast\u00ed nad Labem zugute kommt und sie unterst\u00fctzt? Wenn Ihre T\u00e4tigkeit unter eine der folgenden Kategorien f\u00e4llt: Gesunder K\u00f6rper (Kinder- und Amateursport, Gesundheitsaufenthalte, Seniorenaktivit\u00e4ten, Wandern usw.) Bright mind (Bildung, kulturelle Aktivit\u00e4ten) Saubere Natur (Umweltschutz) Sie k\u00f6nnen [&hellip;]<\/p>\n","protected":false},"author":1,"featured_media":0,"parent":5143,"menu_order":0,"comment_status":"closed","ping_status":"closed","template":"","meta":{"_acf_changed":false,"_seopress_robots_primary_cat":"","_seopress_titles_title":"","_seopress_titles_desc":"","_seopress_robots_index":"","footnotes":"","_links_to":"","_links_to_target":""},"class_list":["post-5138","page","type-page","status-publish","hentry"],"acf":[],"_links":{"self":[{"href":"https:\/\/www.spolchemie.cz\/de\/wp-json\/wp\/v2\/pages\/5138","targetHints":{"allow":["GET"]}}],"collection":[{"href":"https:\/\/www.spolchemie.cz\/de\/wp-json\/wp\/v2\/pages"}],"about":[{"href":"https:\/\/www.spolchemie.cz\/de\/wp-json\/wp\/v2\/types\/page"}],"author":[{"embeddable":true,"href":"https:\/\/www.spolchemie.cz\/de\/wp-json\/wp\/v2\/users\/1"}],"replies":[{"embeddable":true,"href":"https:\/\/www.spolchemie.cz\/de\/wp-json\/wp\/v2\/comments?post=5138"}],"version-history":[{"count":1,"href":"https:\/\/www.spolchemie.cz\/de\/wp-json\/wp\/v2\/pages\/5138\/revisions"}],"predecessor-version":[{"id":5142,"href":"https:\/\/www.spolchemie.cz\/de\/wp-json\/wp\/v2\/pages\/5138\/revisions\/5142"}],"up":[{"embeddable":true,"href":"https:\/\/www.spolchemie.cz\/de\/wp-json\/wp\/v2\/pages\/5143"}],"wp:attachment":[{"href":"https:\/\/www.spolchemie.cz\/de\/wp-json\/wp\/v2\/media?parent=5138"}],"curies":[{"name":"wp","href":"https:\/\/api.w.org\/{rel}","templated":true}]}}