{"id":4638,"date":"2023-07-11T17:41:20","date_gmt":"2023-07-11T15:41:20","guid":{"rendered":"https:\/\/www.spolchemie.cz\/other\/annual-reports\/"},"modified":"2025-09-23T15:27:55","modified_gmt":"2025-09-23T13:27:55","slug":"vyrocni-zpravy","status":"publish","type":"page","link":"https:\/\/www.spolchemie.cz\/en\/other\/vyrocni-zpravy\/","title":{"rendered":"Annual Reports"},"content":{"rendered":"\t\t<div data-elementor-type=\"wp-page\" data-elementor-id=\"4638\" class=\"elementor elementor-4638 elementor-2382\" data-elementor-post-type=\"page\">\n\t\t\t\t<div data-dce-background-image-url=\"https:\/\/www.spolchemie.cz\/wp-content\/uploads\/2023\/03\/show-image-9.jpg\" class=\"elementor-element elementor-element-38c8a309 e-con-full e-flex e-con e-parent\" data-id=\"38c8a309\" data-element_type=\"container\" data-settings=\"{&quot;background_background&quot;:&quot;classic&quot;}\">\n\t\t\t\t<\/div>\n\t\t<div class=\"elementor-element elementor-element-2751f9a7 e-flex e-con-boxed e-con e-parent\" data-id=\"2751f9a7\" data-element_type=\"container\" data-settings=\"{&quot;background_background&quot;:&quot;classic&quot;}\">\n\t\t\t\t\t<div class=\"e-con-inner\">\n\t\t<div class=\"elementor-element elementor-element-2e187764 e-flex e-con-boxed e-con e-child\" data-id=\"2e187764\" data-element_type=\"container\">\n\t\t\t\t\t<div class=\"e-con-inner\">\n\t\t\t\t<div class=\"elementor-element elementor-element-5fdb622c elementor-widget elementor-widget-sp-breadcrumbs\" data-id=\"5fdb622c\" data-element_type=\"widget\" data-widget_type=\"sp-breadcrumbs.default\">\n\t\t\t\t<div class=\"elementor-widget-container\">\n\t\t\t\t\t<nav  aria-label=\"breadcrumb\"><ol class=\"breadcrumb\" itemscope itemtype=\"https:\/\/schema.org\/BreadcrumbList\"><li class=\"breadcrumb-item active\" aria-current=\"page\" itemprop=\"itemListElement\" itemscope itemtype=\"https:\/\/schema.org\/ListItem\"><span itemprop=\"name\">Spolchemie<\/span><meta itemprop=\"position\" content=\"1\"><\/li><\/ol><\/nav>\t\t\t\t<\/div>\n\t\t\t\t<\/div>\n\t\t\t\t<div class=\"elementor-element elementor-element-2309d3f2 elementor-widget elementor-widget-heading\" data-id=\"2309d3f2\" data-element_type=\"widget\" data-widget_type=\"heading.default\">\n\t\t\t\t\t<h1 class=\"elementor-heading-title elementor-size-default\">Annual Reports<\/h1>\t\t\t\t<\/div>\n\t\t\t\t\t<\/div>\n\t\t\t\t<\/div>\n\t\t\t\t\t<\/div>\n\t\t\t\t<\/div>\n\t\t<div class=\"elementor-element elementor-element-5c3f4645 e-flex e-con-boxed e-con e-parent\" data-id=\"5c3f4645\" data-element_type=\"container\">\n\t\t\t\t\t<div class=\"e-con-inner\">\n\t\t<div class=\"elementor-element elementor-element-5541b6b9 e-flex e-con-boxed e-con e-child\" data-id=\"5541b6b9\" data-element_type=\"container\">\n\t\t\t\t\t<div class=\"e-con-inner\">\n\t\t\t\t<div class=\"elementor-element elementor-element-57a7cf02 elementor-widget elementor-widget-text-editor\" data-id=\"57a7cf02\" data-element_type=\"widget\" data-widget_type=\"text-editor.default\">\n\t\t\t\t\t\t\t\t\t<p>The <strong>annual reports<\/strong> of our company (Spolek pro chemickou a hutn\u00ed v\u00fdrobu, akciov\u00e1 spole\u010dnost) are available to you in full text and graphic layout in PDF format. These files can be viewed and printed using <strong>Adobe Acrobat Reader<\/strong>, available for free <a href=\"http:\/\/www.adobe.com\/products\/acrobat\/readstep2.html\">here<\/a>.<\/p>\n\t\t\t\t\t\t\t\t<\/div>\n\t\t\t\t\t<\/div>\n\t\t\t\t<\/div>\n\t\t\t\t\t<\/div>\n\t\t\t\t<\/div>\n\t\t<div class=\"elementor-element elementor-element-3aa2425 e-flex e-con-boxed e-con e-parent\" data-id=\"3aa2425\" data-element_type=\"container\">\n\t\t\t\t\t<div class=\"e-con-inner\">\n\t\t\t\t<div class=\"elementor-element elementor-element-6f8293c elementor-widget elementor-widget-heading\" data-id=\"6f8293c\" data-element_type=\"widget\" data-widget_type=\"heading.default\">\n\t\t\t\t\t<h3 class=\"elementor-heading-title elementor-size-default\">Year 2024<\/h3>\t\t\t\t<\/div>\n\t\t\t\t<div class=\"dce-fix-background-loop elementor-element elementor-element-5baeba1 elementor-widget elementor-widget-dce-flexible-content\" data-id=\"5baeba1\" data-element_type=\"widget\" data-widget_type=\"dce-flexible-content.default\">\n\t\t\t\t<div class=\"elementor-widget-container\">\n\t\t\t\t\t<div><ul>\n    <li>\n        <a href=\"https:\/\/www.spolchemie.cz\/wp-content\/uploads\/2025\/09\/Annual-Report_2024_en.pdf\">Annual Report 2024<\/a> \n    <\/li>\n<\/ul><\/div>\t\t\t\t<\/div>\n\t\t\t\t<\/div>\n\t\t\t\t\t<\/div>\n\t\t\t\t<\/div>\n\t\t<div class=\"elementor-element elementor-element-e685d36 e-flex e-con-boxed e-con e-parent\" data-id=\"e685d36\" data-element_type=\"container\">\n\t\t\t\t\t<div class=\"e-con-inner\">\n\t\t\t\t<div class=\"elementor-element elementor-element-6212f62 elementor-widget elementor-widget-heading\" data-id=\"6212f62\" data-element_type=\"widget\" data-widget_type=\"heading.default\">\n\t\t\t\t\t<h3 class=\"elementor-heading-title elementor-size-default\">Year 2023<\/h3>\t\t\t\t<\/div>\n\t\t\t\t<div class=\"dce-fix-background-loop elementor-element elementor-element-14e9612 elementor-widget elementor-widget-dce-flexible-content\" data-id=\"14e9612\" data-element_type=\"widget\" data-widget_type=\"dce-flexible-content.default\">\n\t\t\t\t<div class=\"elementor-widget-container\">\n\t\t\t\t\t<div><ul>\n    <li>\n        <a href=\"https:\/\/www.spolchemie.cz\/wp-content\/uploads\/2025\/04\/AR-2023-FINAL.pdf\">Annual Report 2023<\/a> \n    <\/li>\n<\/ul><\/div>\t\t\t\t<\/div>\n\t\t\t\t<\/div>\n\t\t\t\t\t<\/div>\n\t\t\t\t<\/div>\n\t\t<div class=\"elementor-element elementor-element-ac12767 e-flex e-con-boxed e-con e-parent\" data-id=\"ac12767\" data-element_type=\"container\">\n\t\t\t\t\t<div class=\"e-con-inner\">\n\t\t\t\t<div class=\"elementor-element elementor-element-638b32e elementor-widget elementor-widget-heading\" data-id=\"638b32e\" data-element_type=\"widget\" data-widget_type=\"heading.default\">\n\t\t\t\t\t<h3 class=\"elementor-heading-title elementor-size-default\">Year 2022<\/h3>\t\t\t\t<\/div>\n\t\t\t\t<div class=\"dce-fix-background-loop elementor-element elementor-element-4dec570 elementor-widget elementor-widget-dce-flexible-content\" data-id=\"4dec570\" data-element_type=\"widget\" data-widget_type=\"dce-flexible-content.default\">\n\t\t\t\t<div class=\"elementor-widget-container\">\n\t\t\t\t\t<div><ul>\n    <li>\n        <a href=\"https:\/\/www.spolchemie.cz\/wp-content\/uploads\/2025\/04\/AR-Spolchemie_en_2022.pdf\">Annual Report 2022<\/a> \n    <\/li>\n<\/ul><\/div>\t\t\t\t<\/div>\n\t\t\t\t<\/div>\n\t\t\t\t\t<\/div>\n\t\t\t\t<\/div>\n\t\t<div class=\"elementor-element elementor-element-25873e0 e-flex e-con-boxed e-con e-parent\" data-id=\"25873e0\" data-element_type=\"container\">\n\t\t\t\t\t<div class=\"e-con-inner\">\n\t\t\t\t<div class=\"elementor-element elementor-element-c9c6f18 elementor-widget elementor-widget-heading\" data-id=\"c9c6f18\" data-element_type=\"widget\" data-widget_type=\"heading.default\">\n\t\t\t\t\t<h3 class=\"elementor-heading-title elementor-size-default\">Year 2021<\/h3>\t\t\t\t<\/div>\n\t\t\t\t<div class=\"dce-fix-background-loop elementor-element elementor-element-56d800e elementor-widget elementor-widget-dce-flexible-content\" data-id=\"56d800e\" data-element_type=\"widget\" data-widget_type=\"dce-flexible-content.default\">\n\t\t\t\t<div class=\"elementor-widget-container\">\n\t\t\t\t\t<div><ul>\n    <li>\n        <a href=\"https:\/\/www.spolchemie.cz\/wp-content\/uploads\/2025\/05\/Spolchemie_Annual-report_en_2021.pdf\">Annual Report 2021<\/a> \n    <\/li>\n<\/ul><\/div>\t\t\t\t<\/div>\n\t\t\t\t<\/div>\n\t\t\t\t\t<\/div>\n\t\t\t\t<\/div>\n\t\t<div class=\"elementor-element elementor-element-728b2b8 e-flex e-con-boxed e-con e-parent\" data-id=\"728b2b8\" data-element_type=\"container\">\n\t\t\t\t\t<div class=\"e-con-inner\">\n\t\t\t\t<div class=\"elementor-element elementor-element-38318bc elementor-widget elementor-widget-heading\" data-id=\"38318bc\" data-element_type=\"widget\" data-widget_type=\"heading.default\">\n\t\t\t\t\t<h3 class=\"elementor-heading-title elementor-size-default\">Year 2020<\/h3>\t\t\t\t<\/div>\n\t\t\t\t<div class=\"dce-fix-background-loop elementor-element elementor-element-357b80f elementor-widget elementor-widget-dce-flexible-content\" data-id=\"357b80f\" data-element_type=\"widget\" data-widget_type=\"dce-flexible-content.default\">\n\t\t\t\t<div class=\"elementor-widget-container\">\n\t\t\t\t\t<div><ul>\n    <li>\n        <a href=\"https:\/\/www.spolchemie.cz\/wp-content\/uploads\/2025\/05\/Annual-Report_2020.pdf\">Annual Report 2020<\/a> \n    <\/li>\n<\/ul><\/div>\t\t\t\t<\/div>\n\t\t\t\t<\/div>\n\t\t\t\t\t<\/div>\n\t\t\t\t<\/div>\n\t\t\t\t<\/div>\n\t\t","protected":false},"excerpt":{"rendered":"<p>Spolchemie The annual reports of our company (Spolek pro chemickou a hutn\u00ed v\u00fdrobu, akciov\u00e1 spole\u010dnost) are available to you in full text and graphic layout in PDF format. These files can be viewed and printed using Adobe Acrobat Reader, available for free here. Year 2024 Annual Report 2024 Year 2023 Annual Report 2023 Year 2022 [&hellip;]<\/p>\n","protected":false},"author":1,"featured_media":0,"parent":4600,"menu_order":0,"comment_status":"closed","ping_status":"closed","template":"","meta":{"_acf_changed":false,"_seopress_robots_primary_cat":"","_seopress_titles_title":"","_seopress_titles_desc":"","_seopress_robots_index":"","footnotes":"","_links_to":"","_links_to_target":""},"class_list":["post-4638","page","type-page","status-publish","hentry"],"acf":[],"_links":{"self":[{"href":"https:\/\/www.spolchemie.cz\/en\/wp-json\/wp\/v2\/pages\/4638","targetHints":{"allow":["GET"]}}],"collection":[{"href":"https:\/\/www.spolchemie.cz\/en\/wp-json\/wp\/v2\/pages"}],"about":[{"href":"https:\/\/www.spolchemie.cz\/en\/wp-json\/wp\/v2\/types\/page"}],"author":[{"embeddable":true,"href":"https:\/\/www.spolchemie.cz\/en\/wp-json\/wp\/v2\/users\/1"}],"replies":[{"embeddable":true,"href":"https:\/\/www.spolchemie.cz\/en\/wp-json\/wp\/v2\/comments?post=4638"}],"version-history":[{"count":30,"href":"https:\/\/www.spolchemie.cz\/en\/wp-json\/wp\/v2\/pages\/4638\/revisions"}],"predecessor-version":[{"id":104082,"href":"https:\/\/www.spolchemie.cz\/en\/wp-json\/wp\/v2\/pages\/4638\/revisions\/104082"}],"up":[{"embeddable":true,"href":"https:\/\/www.spolchemie.cz\/en\/wp-json\/wp\/v2\/pages\/4600"}],"wp:attachment":[{"href":"https:\/\/www.spolchemie.cz\/en\/wp-json\/wp\/v2\/media?parent=4638"}],"curies":[{"name":"wp","href":"https:\/\/api.w.org\/{rel}","templated":true}]}}