{"id":5070,"date":"2023-07-11T16:48:58","date_gmt":"2023-07-11T14:48:58","guid":{"rendered":"https:\/\/www.spolchemie.cz\/overview-of-applications\/"},"modified":"2023-08-06T19:50:12","modified_gmt":"2023-08-06T17:50:12","slug":"overview-of-applications","status":"publish","type":"page","link":"https:\/\/www.spolchemie.cz\/en\/responsible-company\/sponsorship\/overview-of-applications\/","title":{"rendered":"Overview of applications"},"content":{"rendered":"\t\t<div data-elementor-type=\"wp-page\" data-elementor-id=\"5070\" class=\"elementor elementor-5070 elementor-2357\" data-elementor-post-type=\"page\">\n\t\t\t\t<div data-dce-background-image-url=\"https:\/\/www.spolchemie.cz\/wp-content\/uploads\/2023\/08\/Minigranty_foto-scaled.jpg\" class=\"elementor-element elementor-element-4940ff8 e-con-full e-flex e-con e-parent\" data-id=\"4940ff8\" data-element_type=\"container\" data-settings=\"{&quot;background_background&quot;:&quot;classic&quot;}\">\n\t\t\t\t<\/div>\n\t\t<div class=\"elementor-element elementor-element-6912a54a e-flex e-con-boxed e-con e-parent\" data-id=\"6912a54a\" data-element_type=\"container\" data-settings=\"{&quot;background_background&quot;:&quot;classic&quot;}\">\n\t\t\t\t\t<div class=\"e-con-inner\">\n\t\t<div class=\"elementor-element elementor-element-1cbdd94e e-flex e-con-boxed e-con e-parent\" data-id=\"1cbdd94e\" data-element_type=\"container\">\n\t\t\t\t\t<div class=\"e-con-inner\">\n\t\t\t\t<div class=\"elementor-element elementor-element-13234ab elementor-widget elementor-widget-sp-breadcrumbs\" data-id=\"13234ab\" data-element_type=\"widget\" data-widget_type=\"sp-breadcrumbs.default\">\n\t\t\t\t<div class=\"elementor-widget-container\">\n\t\t\t\t\t<nav  aria-label=\"breadcrumb\"><ol class=\"breadcrumb\" itemscope itemtype=\"https:\/\/schema.org\/BreadcrumbList\"><li class=\"breadcrumb-item active\" aria-current=\"page\" itemprop=\"itemListElement\" itemscope itemtype=\"https:\/\/schema.org\/ListItem\"><span itemprop=\"name\">Spolchemie<\/span><meta itemprop=\"position\" content=\"1\"><\/li><\/ol><\/nav>\t\t\t\t<\/div>\n\t\t\t\t<\/div>\n\t\t\t\t<div class=\"elementor-element elementor-element-354ffc97 elementor-widget elementor-widget-heading\" data-id=\"354ffc97\" data-element_type=\"widget\" data-widget_type=\"heading.default\">\n\t\t\t\t\t<h1 class=\"elementor-heading-title elementor-size-default\">Overview of applications<\/h1>\t\t\t\t<\/div>\n\t\t\t\t\t<\/div>\n\t\t\t\t<\/div>\n\t\t\t\t\t<\/div>\n\t\t\t\t<\/div>\n\t\t<div class=\"elementor-element elementor-element-570512ca e-flex e-con-boxed e-con e-parent\" data-id=\"570512ca\" data-element_type=\"container\" data-settings=\"{&quot;background_background&quot;:&quot;classic&quot;}\">\n\t\t\t\t\t<div class=\"e-con-inner\">\n\t\t<div class=\"elementor-element elementor-element-238d4e3e e-flex e-con-boxed e-con e-parent\" data-id=\"238d4e3e\" data-element_type=\"container\">\n\t\t\t\t\t<div class=\"e-con-inner\">\n\t\t\t\t<div class=\"elementor-element elementor-element-763a0f47 elementor-widget elementor-widget-text-editor\" data-id=\"763a0f47\" data-element_type=\"widget\" data-widget_type=\"text-editor.default\">\n\t\t\t\t\t\t\t\t\t<h3>For more information please contact: Petra Herdov\u00e1, tel: 477 162 064, <a href=\"mailto:kropackova@cssas,cz\">herdova@cssas.cz<\/a><\/h3>\n\t\t\t\t\t\t\t\t<\/div>\n\t\t\t\t\t<\/div>\n\t\t\t\t<\/div>\n\t\t\t\t\t<\/div>\n\t\t\t\t<\/div>\n\t\t<div class=\"elementor-element elementor-element-989dca9 e-flex e-con-boxed e-con e-parent\" data-id=\"989dca9\" data-element_type=\"container\" data-settings=\"{&quot;background_background&quot;:&quot;classic&quot;}\">\n\t\t\t\t\t<div class=\"e-con-inner\">\n\t\t<div class=\"elementor-element elementor-element-1aa4d80b e-flex e-con-boxed e-con e-parent\" data-id=\"1aa4d80b\" data-element_type=\"container\">\n\t\t\t\t\t<div class=\"e-con-inner\">\n\t\t\t\t<div class=\"elementor-element elementor-element-6210c64f elementor-widget elementor-widget-text-editor\" data-id=\"6210c64f\" data-element_type=\"widget\" data-widget_type=\"text-editor.default\">\n\t\t\t\t\t\t\t\t\t<table border=\"1\">\n<tbody>\n<tr>\n<td>\n<h2><strong>2nd round 2023<\/strong><\/h2>\n<\/td>\n<td> <\/td>\n<td> <\/td>\n<\/tr>\n<tr>\n<td>\n  <strong>Recipient of the mini-grant<\/strong>\n<\/td>\n<td>\n  <strong>Name of action<\/strong>\n<\/td>\n<td>\n  <strong>Approved amount<\/strong>\n<\/td>\n<\/tr>\n<tr>\n<td width=\"433\">Crossroads Foundation<\/td>\n<td width=\"493\">Project &#8220;Mummy, I am breathing&#8221;<\/td>\n<td width=\"76\">5 000 CZK<\/td>\n<\/tr>\n<tr>\n<td width=\"433\">Children&#8217;s club K\u0159em\u00edlek<\/td>\n<td width=\"493\">Summer children&#8217;s camp Heraltice u T\u0159eb\u00ed\u010de 2023 &#8211; Pirates of the Caribbean<\/td>\n<td width=\"76\">5 000 CZK<\/td>\n<\/tr>\n<tr>\n<td width=\"433\">House of Culture Teplice (Dance Theatre Teplice)<\/td>\n<td width=\"493\">Secrets of the Pyramids<\/td>\n<td width=\"76\">5 000 CZK<\/td>\n<\/tr>\n<tr>\n<td width=\"433\">Society for the Support of People with Intellectual Disabilities in the Czech Republic, o.s.<\/td>\n<td width=\"493\">Prima races for school play<\/td>\n<td width=\"76\">5 000 CZK<\/td>\n<\/tr>\n<tr>\n<td width=\"433\">Children at Risk Fund<\/td>\n<td width=\"493\">Holidays for children from Klokanek Teplice<\/td>\n<td width=\"76\">5 000 CZK<\/td>\n<\/tr>\n<tr>\n<td width=\"433\">Michaela Val\u00e1\u0161kov\u00e1<\/td>\n<td width=\"493\">Painting of the common area of the underpass<\/td>\n<td width=\"76\">5 000 CZK<\/td>\n<\/tr>\n<tr>\n<td width=\"433\">Volleyball \u00dast\u00ed nad Labem z. s.<\/td>\n<td width=\"493\">Storm Bear 2023 or play sports with us<\/td>\n<td width=\"76\">5 000 CZK<\/td>\n<\/tr>\n<tr>\n<td width=\"433\">Association of Sports Clubs Lovosice z.s.<\/td>\n<td width=\"493\">Sports KEMP 2023<\/td>\n<td width=\"76\">5 000 CZK<\/td>\n<\/tr>\n<tr>\n<td width=\"433\">SH \u010cMS &#8211; Volunteer Fire Brigade Ko\u0161t&#8217;any and St\u0159eln\u00e1<\/td>\n<td width=\"493\">Purchase of sports jerseys<\/td>\n<td width=\"76\">5 000 CZK<\/td>\n<\/tr>\n<tr>\n<td width=\"433\">Football club \u010cesk\u00fd Lev Ne\u0161t\u011bmice, z.s. <\/td>\n<td width=\"493\">Czech Lion Cup 2023<\/td>\n<td width=\"76\">4 000 CZK<\/td>\n<\/tr>\n<tr>\n<td width=\"433\">FK Slovan Chaba\u0159ovice, z.s.<\/td>\n<td width=\"493\">Celebration of football in Chaba\u0159ovice<\/td>\n<td width=\"76\">4 000 CZK<\/td>\n<\/tr>\n<tr>\n<td width=\"433\">Centre for Foster Family Care, o.p.s.<\/td>\n<td width=\"493\">6th Annual Charity Run for Foster Families<\/td>\n<td width=\"76\">4 000 CZK<\/td>\n<\/tr>\n<tr>\n<td width=\"433\">Z\u00ed\u017eala na Terase z.s.<\/td>\n<td width=\"493\">For those who are not lazy, they are green<\/td>\n<td width=\"76\">3 000 CZK<\/td>\n<\/tr>\n<tr>\n<td width=\"433\">Chess Club Teplice, association<\/td>\n<td width=\"493\">International chess tournament TEPLICE OPEN.<\/td>\n<td width=\"76\">3 000 CZK<\/td>\n<\/tr>\n<tr>\n<td width=\"433\">Municipality Dol\u00e1nky nad Oh\u0159\u00ed<\/td>\n<td width=\"493\">Children&#8217;s day or get acquainted with IZS.<\/td>\n<td width=\"76\">3 000 CZK<\/td>\n<\/tr>\n<tr>\n<td width=\"433\">SONS \u010cR, z.s. <\/td>\n<td width=\"493\">Sightseeing trip to Zubrnice<\/td>\n<td width=\"76\">3 000 CZK<\/td>\n<\/tr>\n<tr>\n<td width=\"433\">Romano jasnica, spolek, ID 68974922<\/td>\n<td width=\"493\">Children&#8217;s Day without Borders<\/td>\n<td width=\"76\">0 K\u010d<\/td>\n<\/tr>\n<tr>\n<td width=\"433\">Strong Family Association<\/td>\n<td width=\"493\">Family Day<\/td>\n<td width=\"76\">0 K\u010d<\/td>\n<\/tr>\n<tr>\n<td width=\"433\">THE BLUR\u00c1\u010cEK FOUNDATION<\/td>\n<td width=\"493\">11th Summer Camp for Children Summer Camp with Arabella from Little Red Riding Hood to Fantomas<\/td>\n<td width=\"76\">0 K\u010d<\/td>\n<\/tr>\n<tr>\n<td width=\"433\">Svazarm Terez\u00edn z.s.<\/td>\n<td width=\"493\">Defence camp for children and youth<\/td>\n<td width=\"76\">0 CZK<\/td>\n<\/tr>\n<tr>\n<td width=\"433\">HOPE<\/td>\n<td width=\"493\">Summer camp in a different way<\/td>\n<td width=\"76\">0 K\u010d<\/td>\n<\/tr>\n<tr>\n<td>Vesel\u00e1 Brn\u00e1, registered association \u00dast\u00ed nad Labem<\/td>\n<td>XI.annual Indian Day of Karl May<\/td>\n<td>0 CZK<\/td>\n<\/tr>\n<tr>\n<td>Badminton \u00dast\u00ed nad Labem z.s. <\/td>\n<td>Summer camp for children and youth Rumburk 2023<\/td>\n<td>0 CZK<\/td>\n<\/tr>\n<tr>\n<td>Mgr. Michal Neustupa<\/td>\n<td>Milada Tour<\/td>\n<td>0 K\u010d<\/td>\n<\/tr>\n<tr>\n<td>SH \u010cMS &#8211; Volunteer Fire Brigade of the village Mal\u00e9 B\u0159ezno<\/td>\n<td>Celebration of the 140th anniversary of the founding of the volunteer fire brigade of the village of Mal\u00e9 B\u0159ezno<\/td>\n<td>0 CZK<\/td>\n<\/tr>\n<tr>\n<td>Bc. Veronika Vosyka<\/td>\n<td>6th year of the children&#8217;s charity festival of fire and movement Incendio<\/td>\n<td>0 K\u010d<\/td>\n<\/tr>\n<tr>\n<td>Marek Bro\u017e  <\/td>\n<td>Football 10. International tournament for younger pupils<\/td>\n<td>0 K\u010d<\/td>\n<\/tr>\n<tr>\n<td>Florbal \u00dast\u00ed, z.s.<\/td>\n<td>Summer camps for children and youth<\/td>\n<td>0 CZK<\/td>\n<\/tr>\n<tr>\n<td>Jind\u0159ich \u0160teffl<\/td>\n<td>Book of the Hradec u Lev\u00edn hillfort<\/td>\n<td>0 K\u010d<\/td>\n<\/tr>\n<tr>\n<td>Jaroslav P\u00e9m<\/td>\n<td>Festival FOR HANDS<\/td>\n<td>0 CZK<\/td>\n<\/tr>\n<tr>\n<td>Majorettes Marionettes DDM UL<\/td>\n<td>sports camp in Sloup v \u010cech\u00e1ch<\/td>\n<td>0 CZK<\/td>\n<\/tr>\n<tr>\n<td>Children&#8217;s Club Lion, z. s.  <\/td>\n<td>Movement for preschoolers<\/td>\n<td>0 K\u010d<\/td>\n<\/tr>\n<tr>\n<td>Fund for Children at Risk Prague &#8211; workplace Klok\u00e1nek \u00dast\u00ed nad Labem<\/td>\n<td>Holiday trip to the Olomouc Zoo<\/td>\n<td>0 CZK<\/td>\n<\/tr>\n<tr>\n<td>STANKO, spol. s r.o.<\/td>\n<td>VALT\u00cd\u0158 FESTIVITIES<\/td>\n<td>0 K\u010d<\/td>\n<\/tr>\n<\/tbody>\n<\/table>\n\t\t\t\t\t\t\t\t<\/div>\n\t\t\t\t\t<\/div>\n\t\t\t\t<\/div>\n\t\t\t\t\t<\/div>\n\t\t\t\t<\/div>\n\t\t<div class=\"elementor-element elementor-element-2a2263b e-flex e-con-boxed e-con e-parent\" data-id=\"2a2263b\" data-element_type=\"container\" data-settings=\"{&quot;background_background&quot;:&quot;classic&quot;}\">\n\t\t\t\t\t<div class=\"e-con-inner\">\n\t\t<div class=\"elementor-element elementor-element-ec0f3bb e-flex e-con-boxed e-con e-parent\" data-id=\"ec0f3bb\" data-element_type=\"container\">\n\t\t\t\t\t<div class=\"e-con-inner\">\n\t\t\t\t<div class=\"elementor-element elementor-element-7d36f77 elementor-widget elementor-widget-text-editor\" data-id=\"7d36f77\" data-element_type=\"widget\" data-widget_type=\"text-editor.default\">\n\t\t\t\t\t\t\t\t\t<table border=\"1\">\n<tbody>\n<tr>\n<td>\n<h2><strong>1st round 2023<\/strong><\/h2>\n<\/td>\n<td> <\/td>\n<td> <\/td>\n<td> <\/td>\n<td> <\/td>\n<\/tr>\n<tr>\n<td>\n  <strong>Recipient of the mini-grant<\/strong>\n<\/td>\n<td>\n  <strong>Name of action<\/strong>\n<\/td>\n<td>\n  <strong>Date of event<\/strong>\n<\/td>\n<td>\n  <strong>Amount requested<\/strong>\n<\/td>\n<td>\n  <strong>Approved amount<\/strong>\n<\/td>\n<\/tr>\n<tr>\n<td>Lukas Mooz<\/td>\n<td>Representation of Spolchemie in TFA category<\/td>\n<td>April to December 2023<\/td>\n<td>10 000 CZK<\/td>\n<td>7 000 CZK <\/td>\n<\/tr>\n<tr>\n<td>Orienteering Club \u00dast\u00ed nad Labem, z.s.<\/td>\n<td>School orienteering championship &#8211; regional round<\/td>\n<td>10 May 2023<\/td>\n<td>10 000 CZK<\/td>\n<td>7 000 CZK<\/td>\n<\/tr>\n<tr>\n<td>Petr Zajpt<\/td>\n<td>Expedition B\u00edlina <\/td>\n<td>27 May 2023<\/td>\n<td>10 000 CZK<\/td>\n<td>7 000 CZK<\/td>\n<\/tr>\n<tr>\n<td>DD\u0160 Kostomlaty pod Mile\u0161ovkou<\/td>\n<td>Hippotherapy for children with psychological problems and behavioural disorders<\/td>\n<td>April to June 2023<\/td>\n<td>10 000 CZK<\/td>\n<td>5 000 CZK<\/td>\n<\/tr>\n<tr>\n<td>Hospice of St. \u0160t\u011bp\u00e1na, z.s.<\/td>\n<td>How to manage difficult life situations and communicate challenging topics for primary school students<\/td>\n<td>April to December 2023<\/td>\n<td>10 000 CZK<\/td>\n<td>5 000 CZK<\/td>\n<\/tr>\n<tr>\n<td>Kindergarten Vchynice, contributory organization<\/td>\n<td>Sports equipment and equipment for the gym and school garden<\/td>\n<td>school year 2022\/23<\/td>\n<td>10 000 CZK<\/td>\n<td>5 000 CZK<\/td>\n<\/tr>\n<tr>\n<td>TyfloCentrum \u00dast\u00ed nad Labem, o.p.s.<\/td>\n<td>Sound shooting for the blind from the \u00dast\u00ed nad Labem region<\/td>\n<td>year-round<\/td>\n<td>10 000 CZK<\/td>\n<td>5 000 CZK<\/td>\n<\/tr>\n<tr>\n<td>Elementary school B\u00edl\u00e1 cesta Teplice<\/td>\n<td>Become a scientist<\/td>\n<td>30 May 2023<\/td>\n<td>10 000 CZK<\/td>\n<td>5 000 CZK<\/td>\n<\/tr>\n<tr>\n<td>Green Horse, z.s.<\/td>\n<td>Establishment of a grove in the pasture area<\/td>\n<td>April 2023 to November 2023<\/td>\n<td>10 000 CZK<\/td>\n<td>5 000 CZK<\/td>\n<\/tr>\n<tr>\n<td>Association of Sports Clubs Lovosice, z.s.<\/td>\n<td>Indoor tournaments for children from 6 to 15 years old<\/td>\n<td>January to March 2023<\/td>\n<td>10 000 CZK<\/td>\n<td>5 000 CZK<\/td>\n<\/tr>\n<tr>\n<td>Michaela Val\u00e1\u0161kov\u00e1<\/td>\n<td>Unknown Heroes of \u00dast\u00ed nad Labem &#8211; Ruth H\u00e1lov\u00e1<\/td>\n<td>March 1, 2023<\/td>\n<td>10 000 CZK<\/td>\n<td>5 000 CZK<\/td>\n<\/tr>\n<tr>\n<td>Moj\u017e\u00ed\u0159 Volunteer Fire Brigade<\/td>\n<td>Firefighters&#8217; entertainment<\/td>\n<td>17 March 2023<\/td>\n<td>5 000 CZK<\/td>\n<td>5 000 CZK<\/td>\n<\/tr>\n<tr>\n<td>Zden\u011bk Pavl\u00ed\u010dek<\/td>\n<td>6. Charity Ball \u00daST\u00cd M\u00c1 SRDCE<\/td>\n<td>22 April 2023<\/td>\n<td>10 000 CZK<\/td>\n<td>5 000 CZK<\/td>\n<\/tr>\n<tr>\n<td>Z\u00ed\u017eala na Terase, z.s.<\/td>\n<td>Health Day with the Earthworm<\/td>\n<td>15 April 2023<\/td>\n<td>9 000 CZK<\/td>\n<td>4 000 CZK<\/td>\n<\/tr>\n<tr>\n<td>Czech Tourist Club Kr\u00e1sn\u00e1 L\u00edpa<\/td>\n<td>Celebration for 135. Anniversary of the founding of the K\u010cT<\/td>\n<td>13 May 2023<\/td>\n<td>10 000 CZK<\/td>\n<td>3 000 CZK<\/td>\n<\/tr>\n<tr>\n<td>Psychiatric Hospital Horn\u00ed Be\u0159kovice<\/td>\n<td>Be\u0159kovice Spring 2023<\/td>\n<td>April 2023<\/td>\n<td>10 000 CZK<\/td>\n<td>3 000 CZK<\/td>\n<\/tr>\n<tr>\n<td>Naplno, z.s.<\/td>\n<td>Clean and blooming villages<\/td>\n<td>April 2023<\/td>\n<td>10 000 CZK<\/td>\n<td>3 000 CZK<\/td>\n<\/tr>\n<tr>\n<td>Olga Jarolimkova<\/td>\n<td>Theatre for all<\/td>\n<td>28 May 2023<\/td>\n<td>10 000 CZK<\/td>\n<td>3 000 CZK<\/td>\n<\/tr>\n<tr>\n<td>Retirement home Byst\u0159any<\/td>\n<td>We know each other from the photo<\/td>\n<td>Year-round<\/td>\n<td>10 000 CZK<\/td>\n<td>3 000 CZK<\/td>\n<\/tr>\n<tr>\n<td>Student Union of UJEP<\/td>\n<td>XIV. Representation Ball of UJEP<\/td>\n<td>4 March 2023<\/td>\n<td>10 000 CZK<\/td>\n<td>0 CZK<\/td>\n<\/tr>\n<tr>\n<td>Disc golf club Albium, z.s.<\/td>\n<td>\u00dast\u00ed nad Labem Disc Golf League 2023<\/td>\n<td>March 11 to 21. October 2023<\/td>\n<td>10 000 CZK<\/td>\n<td>0 CZK<\/td>\n<\/tr>\n<\/tbody>\n<\/table>\n\t\t\t\t\t\t\t\t<\/div>\n\t\t\t\t\t<\/div>\n\t\t\t\t<\/div>\n\t\t\t\t\t<\/div>\n\t\t\t\t<\/div>\n\t\t\t\t<\/div>\n\t\t","protected":false},"excerpt":{"rendered":"<p>\u00davodn\u00ed For more information please contact: Petra Herdov\u00e1, tel: 477 162 064, herdova@cssas.cz 2nd round 2023 Recipient of the mini-grant Name of action Approved amount Crossroads Foundation Project &#8220;Mummy, I am breathing&#8221; 5 000 CZK Children&#8217;s club K\u0159em\u00edlek Summer children&#8217;s camp Heraltice u T\u0159eb\u00ed\u010de 2023 &#8211; Pirates of the Caribbean 5 000 CZK House of [&hellip;]<\/p>\n","protected":false},"author":1,"featured_media":0,"parent":5130,"menu_order":0,"comment_status":"closed","ping_status":"closed","template":"","meta":{"_acf_changed":false,"_seopress_robots_primary_cat":"","_seopress_titles_title":"","_seopress_titles_desc":"","_seopress_robots_index":"","footnotes":"","_links_to":"","_links_to_target":""},"class_list":["post-5070","page","type-page","status-publish","hentry"],"acf":[],"_links":{"self":[{"href":"https:\/\/www.spolchemie.cz\/en\/wp-json\/wp\/v2\/pages\/5070","targetHints":{"allow":["GET"]}}],"collection":[{"href":"https:\/\/www.spolchemie.cz\/en\/wp-json\/wp\/v2\/pages"}],"about":[{"href":"https:\/\/www.spolchemie.cz\/en\/wp-json\/wp\/v2\/types\/page"}],"author":[{"embeddable":true,"href":"https:\/\/www.spolchemie.cz\/en\/wp-json\/wp\/v2\/users\/1"}],"replies":[{"embeddable":true,"href":"https:\/\/www.spolchemie.cz\/en\/wp-json\/wp\/v2\/comments?post=5070"}],"version-history":[{"count":1,"href":"https:\/\/www.spolchemie.cz\/en\/wp-json\/wp\/v2\/pages\/5070\/revisions"}],"predecessor-version":[{"id":5071,"href":"https:\/\/www.spolchemie.cz\/en\/wp-json\/wp\/v2\/pages\/5070\/revisions\/5071"}],"up":[{"embeddable":true,"href":"https:\/\/www.spolchemie.cz\/en\/wp-json\/wp\/v2\/pages\/5130"}],"wp:attachment":[{"href":"https:\/\/www.spolchemie.cz\/en\/wp-json\/wp\/v2\/media?parent=5070"}],"curies":[{"name":"wp","href":"https:\/\/api.w.org\/{rel}","templated":true}]}}